{"id":1736,"date":"2024-05-10T06:49:14","date_gmt":"2024-05-10T05:49:14","guid":{"rendered":"https:\/\/sxpowercase.com\/?post_type=product&#038;p=1736"},"modified":"2024-06-21T02:58:11","modified_gmt":"2024-06-21T01:58:11","slug":"12-inch-subwoofer-box","status":"publish","type":"product","link":"https:\/\/sxflightcase.com\/pt\/produto\/caixa-de-subwoofer-de-12-polegadas\/","title":{"rendered":"Caixa de subwoofer de 12 polegadas"},"content":{"rendered":"<p><strong>Product parameter(specification)<\/strong><\/p>\n<section class=\"table-wrap\">\n<table class=\"table\" width=\"100%\" cellspacing=\"0\" cellpadding=\"0\">\n<tbody>\n<tr class=\"firstRow\">\n<td width=\"134\">Product name<\/td>\n<td width=\"504\">12 inch subwoofer box<\/td>\n<\/tr>\n<tr>\n<td width=\"134\">Materials<\/td>\n<td width=\"504\">Aluminum Frame + 9mm Plywood<br \/>\n4 x Butterfly catch with loops to fit padlock (padlock not supplied)<br \/>\nFully foam lined with plastazote foam<br \/>\n4x 100mm rubber castors bolted to case via 15mm Birchply wheel board (2 have full lockout brakes) cost option<\/td>\n<\/tr>\n<tr>\n<td width=\"134\">Color<\/td>\n<td width=\"504\">Black, Blue, Red or Custom<\/td>\n<\/tr>\n<tr>\n<td width=\"134\">Usage<\/td>\n<td width=\"504\">Protect Transport Storage<\/td>\n<\/tr>\n<\/tbody>\n<\/table>\n<\/section>\n<p><strong>Packing and shipping<\/strong><\/p>\n<section class=\"table-wrap\">\n<table class=\"table\" width=\"100%\" cellspacing=\"0\" cellpadding=\"0\">\n<tbody>\n<tr class=\"firstRow\">\n<td colspan=\"3\" width=\"100%\">Packaging &amp; Shipping<\/td>\n<\/tr>\n<tr>\n<td rowspan=\"3\" width=\"33%\">Shipping Time<\/td>\n<td width=\"33%\">By sea<\/td>\n<td width=\"33%\">15-60 days<\/td>\n<\/tr>\n<tr>\n<td width=\"33%\">By air<\/td>\n<td width=\"33%\">4-9 days<\/td>\n<\/tr>\n<tr>\n<td width=\"33%\">By express<\/td>\n<td width=\"33%\">4-9 days<\/td>\n<\/tr>\n<tr>\n<td width=\"33%\">Delivery Time<\/td>\n<td colspan=\"2\" width=\"66%\">7-15 working or as your requires<\/td>\n<\/tr>\n<tr>\n<td width=\"33%\">Packaging<\/td>\n<td colspan=\"2\" width=\"66%\">By carton or as your requirement<\/td>\n<\/tr>\n<\/tbody>\n<\/table>\n<\/section>\n<div class=\"flex flex-grow flex-col max-w-full AIPRM__conversation__response\">\n<div class=\"min-h-[20px] text-message flex flex-col items-start whitespace-pre-wrap break-words [.text-message+&amp;]:mt-5 juice:w-full juice:items-end overflow-x-auto gap-2\" dir=\"auto\" data-message-author-role=\"assistant\" data-message-id=\"5a2113a7-cca8-49b6-8ba6-9d12de7df7c7\">\n<div class=\"flex w-full flex-col gap-1 juice:empty:hidden juice:first:pt-[3px]\">\n<div class=\"markdown prose w-full break-words dark:prose-invert light\">\n<h1>Elevate Your Sound with SX&#8217;s 12 Inch Subwoofer Box<\/h1>\n<h2>Unmatched Bass Performance<\/h2>\n<p>Discover a new level of audio excellence with the <strong>12 Inch Subwoofer Box<\/strong> from <a href=\"https:\/\/sxpowercase.com\/\" target=\"_blank\" rel=\"noopener\" title=\"SX\" data-wpil-monitor-id=\"115\">SX<\/a>. Designed to deliver deep, resonant bass, this subwoofer box is perfect for enhancing your music, movies, and games. Experience the full spectrum of sound with a subwoofer that provides clear, powerful low frequencies.<\/p>\n<h2>Superior Design and Durability<\/h2>\n<h3>Perfect Fit for Any System<\/h3>\n<p>The SX <strong>12 Inch Subwoofer Box<\/strong> is engineered to fit seamlessly into any audio setup. Its sleek, compact design ensures it can be easily integrated without compromising on sound quality. Built with high-quality materials, it offers durability and long-lasting performance, making it a reliable choice for both home and car audio systems.<\/p>\n<h2>Factory Direct Sales<\/h2>\n<h3>Premium Quality at Affordable Prices<\/h3>\n<p>At SX, we prioritize delivering top-notch products at competitive prices. By offering factory direct sales, we ensure you receive the best value for your investment. The <strong>12 Inch Subwoofer Box<\/strong> is an affordable way to upgrade your audio system without breaking the bank, providing exceptional sound quality at a price you can afford.<\/p>\n<h2>Customization for Your Needs<\/h2>\n<h3>Tailored to Your Specifications<\/h3>\n<p>We understand that every audio setup has unique requirements. That\u2019s why SX offers customization options for our <strong>12 Inch Subwoofer Box<\/strong>. Whether you need specific dimensions, finishes, or additional features, our team is ready to create a subwoofer box that meets your exact needs. Enjoy a personalized audio solution that enhances your listening experience.<\/p>\n<h2>Elevate Your Audio Experience<\/h2>\n<h3>Clear and Powerful Bass<\/h3>\n<p>Transform your audio system with the SX <strong>12 Inch Subwoofer Box<\/strong>. Designed to produce clear, powerful bass, this subwoofer box enhances the richness and depth of your sound. Whether you\u2019re listening to music, watching a movie, or playing a game, you\u2019ll appreciate the improved audio quality and immersive experience.<\/p>\n<hr \/>\n<p>Upgrade to the SX <strong>Subwoofer Box<\/strong> today and take your sound system to the next level. Contact us to learn more about our factory direct sales and customization options. Experience the difference in sound quality with SX, and enjoy a superior listening experience.<\/p>\n<\/div>\n<\/div>\n<\/div>\n<\/div>\n<p><strong>FAQ<\/strong><\/p>\n<p>Q: Can you do our own packaging?<\/p>\n<p>A: Yes, you just provide the package design and we will produce what you want. We also have the professional designer can help you do the packaging design.<\/p>\n<p>Q: What is your term of payment?<\/p>\n<p>A: 30% down payment before producing and 70% balance payment before shipping.<\/p>\n<p>Q: How do you ship the goods and how long does it take to arrive?<\/p>\n<p>A: Normally ship by sea, we can help do CIF price or ex-work price..<\/p>\n","protected":false},"excerpt":{"rendered":"<h2 class=\"prodetails-name\">Caixa de subwoofer de 12 polegadas<\/h2>\n<p>Oferecemos uma vasta sele\u00e7\u00e3o de caixas para altifalantes como a caixa para subwoofer de 12 polegadas para garantir que pode transportar o equipamento sem problemas para onde quer que viaje. Quer precise de guardar o seu equipamento no por\u00e3o ou esteja \u00e0 procura de meios de transporte f\u00e1ceis, as nossas malas de viagem s\u00e3o a compra perfeita.<\/p>\n<h2><strong>Introdu\u00e7\u00e3o \u00e0 produ\u00e7\u00e3o<\/strong><\/h2>\n<p>A nossa recomenda\u00e7\u00e3o para altifalantes pesados e equipamento de ilumina\u00e7\u00e3o<\/p>\n<p>- Espessura do material 9mm<\/p>\n<p>- Selecionar entre 4 fechos<\/p>\n<p>- Prote\u00e7\u00e3o dos bordos de 35\/35 mm (alum\u00ednio de 1,5 mm)<\/p>\n<p>- Cinta de canto (grande) com manivela, a\u00e7o galvanizado de 1,2 mm<\/p>\n<p>- A inser\u00e7\u00e3o de espuma \u00e9 opcional (selecionar no menu do lado direito)<\/p>\n<p>- Garantia de 1 ano<\/p>\n<p>Fabricado de acordo com as especifica\u00e7\u00f5es do cliente - o direito de retrata\u00e7\u00e3o para este artigo \u00e9 nulo<\/p>","protected":false},"featured_media":1737,"comment_status":"open","ping_status":"closed","template":"","meta":[],"product_brand":[],"product_cat":[41],"product_tag":[],"class_list":{"0":"post-1736","1":"product","2":"type-product","3":"status-publish","4":"has-post-thumbnail","6":"product_cat-equipment-cases","8":"first","9":"instock","10":"shipping-taxable","11":"product-type-simple"},"yoast_head":"<!-- This site is optimized with the Yoast SEO Premium plugin v27.1 (Yoast SEO v27.2) - https:\/\/yoast.com\/product\/yoast-seo-premium-wordpress\/ -->\n<title>12 Inch Subwoofer Box - https:\/\/sxflightcase.com \ud83d\udc97<\/title>\n<meta name=\"description\" content=\"12 Inch Subwoofer Box: Discover factory-direct sales and professional customization for the perfect fit and performance of your subwoofer system.\" \/>\n<meta name=\"robots\" content=\"index, follow, max-snippet:-1, max-image-preview:large, max-video-preview:-1\" \/>\n<link rel=\"canonical\" href=\"https:\/\/sxflightcase.com\/pt\/producto\/caja-de-subwoofer-de-12-pulgadas-2\/\" \/>\n<meta property=\"og:locale\" content=\"pt_PT\" \/>\n<meta property=\"og:type\" content=\"article\" \/>\n<meta property=\"og:title\" content=\"12 Inch Subwoofer Box\" \/>\n<meta property=\"og:description\" content=\"12 Inch Subwoofer Box: Discover factory-direct sales and professional customization for the perfect fit and performance of your subwoofer system.\" \/>\n<meta property=\"og:url\" content=\"https:\/\/sxflightcase.com\/pt\/producto\/caja-de-subwoofer-de-12-pulgadas-2\/\" \/>\n<meta property=\"og:site_name\" content=\"https:\/\/sxflightcase.com\" \/>\n<meta property=\"article:publisher\" content=\"https:\/\/www.facebook.com\/profile.php?id=61560407257971\" \/>\n<meta property=\"article:modified_time\" content=\"2024-06-21T01:58:11+00:00\" \/>\n<meta property=\"og:image\" content=\"https:\/\/sxflightcase.com\/wp-content\/uploads\/2024\/05\/12-inch-subwoofer-box52395430983.webp\" \/>\n\t<meta property=\"og:image:width\" content=\"700\" \/>\n\t<meta property=\"og:image:height\" content=\"700\" \/>\n\t<meta property=\"og:image:type\" content=\"image\/webp\" \/>\n<meta name=\"twitter:card\" content=\"summary_large_image\" \/>\n<meta name=\"twitter:label1\" content=\"Tempo estimado de leitura\" \/>\n\t<meta name=\"twitter:data1\" content=\"4 minutos\" \/>\n<script type=\"application\/ld+json\" class=\"yoast-schema-graph\">{\"@context\":\"https:\/\/schema.org\",\"@graph\":[{\"@type\":\"WebPage\",\"@id\":\"https:\/\/sxflightcase.com\/es\/producto\/caja-de-subwoofer-de-12-pulgadas-2\/\",\"url\":\"https:\/\/sxflightcase.com\/es\/producto\/caja-de-subwoofer-de-12-pulgadas-2\/\",\"name\":\"12 Inch Subwoofer Box - https:\/\/sxflightcase.com \ud83d\udc97\",\"isPartOf\":{\"@id\":\"https:\/\/sxflightcase.com\/th\/#website\"},\"primaryImageOfPage\":{\"@id\":\"https:\/\/sxflightcase.com\/es\/producto\/caja-de-subwoofer-de-12-pulgadas-2\/#primaryimage\"},\"image\":{\"@id\":\"https:\/\/sxflightcase.com\/es\/producto\/caja-de-subwoofer-de-12-pulgadas-2\/#primaryimage\"},\"thumbnailUrl\":\"https:\/\/sxflightcase.com\/wp-content\/uploads\/2024\/05\/12-inch-subwoofer-box52395430983.webp\",\"datePublished\":\"2024-05-10T05:49:14+00:00\",\"dateModified\":\"2024-06-21T01:58:11+00:00\",\"description\":\"12 Inch Subwoofer Box: Discover factory-direct sales and professional customization for the perfect fit and performance of your subwoofer system.\",\"breadcrumb\":{\"@id\":\"https:\/\/sxflightcase.com\/es\/producto\/caja-de-subwoofer-de-12-pulgadas-2\/#breadcrumb\"},\"inLanguage\":\"pt-PT\",\"potentialAction\":[{\"@type\":\"ReadAction\",\"target\":[\"https:\/\/sxflightcase.com\/es\/producto\/caja-de-subwoofer-de-12-pulgadas-2\/\"]}]},{\"@type\":\"ImageObject\",\"inLanguage\":\"pt-PT\",\"@id\":\"https:\/\/sxflightcase.com\/es\/producto\/caja-de-subwoofer-de-12-pulgadas-2\/#primaryimage\",\"url\":\"https:\/\/sxflightcase.com\/wp-content\/uploads\/2024\/05\/12-inch-subwoofer-box52395430983.webp\",\"contentUrl\":\"https:\/\/sxflightcase.com\/wp-content\/uploads\/2024\/05\/12-inch-subwoofer-box52395430983.webp\",\"width\":700,\"height\":700,\"caption\":\"12 Inch Subwoofer Box\"},{\"@type\":\"BreadcrumbList\",\"@id\":\"https:\/\/sxflightcase.com\/es\/producto\/caja-de-subwoofer-de-12-pulgadas-2\/#breadcrumb\",\"itemListElement\":[{\"@type\":\"ListItem\",\"position\":1,\"name\":\"Home\",\"item\":\"https:\/\/sxflightcase.com\/\"},{\"@type\":\"ListItem\",\"position\":2,\"name\":\"\u0e2a\u0e34\u0e19\u0e04\u0e49\u0e32\",\"item\":\"https:\/\/sxflightcase.com\/th\/shop\/\"},{\"@type\":\"ListItem\",\"position\":3,\"name\":\"12 Inch Subwoofer Box\"}]},{\"@type\":\"WebSite\",\"@id\":\"https:\/\/sxflightcase.com\/th\/#website\",\"url\":\"https:\/\/sxflightcase.com\/th\/\",\"name\":\"sxpowercase.com\",\"description\":\"Flight Case Factory\",\"publisher\":{\"@id\":\"https:\/\/sxflightcase.com\/th\/#organization\"},\"potentialAction\":[{\"@type\":\"SearchAction\",\"target\":{\"@type\":\"EntryPoint\",\"urlTemplate\":\"https:\/\/sxflightcase.com\/th\/?s={search_term_string}\"},\"query-input\":{\"@type\":\"PropertyValueSpecification\",\"valueRequired\":true,\"valueName\":\"search_term_string\"}}],\"inLanguage\":\"pt-PT\"},{\"@type\":\"Organization\",\"@id\":\"https:\/\/sxflightcase.com\/th\/#organization\",\"name\":\"sxpowercase.com\",\"url\":\"https:\/\/sxflightcase.com\/th\/\",\"logo\":{\"@type\":\"ImageObject\",\"inLanguage\":\"pt-PT\",\"@id\":\"https:\/\/sxflightcase.com\/th\/#\/schema\/logo\/image\/\",\"url\":\"https:\/\/sxflightcase.com\/wp-content\/uploads\/2024\/04\/1713919036007.jpg\",\"contentUrl\":\"https:\/\/sxflightcase.com\/wp-content\/uploads\/2024\/04\/1713919036007.jpg\",\"width\":382,\"height\":388,\"caption\":\"sxpowercase.com\"},\"image\":{\"@id\":\"https:\/\/sxflightcase.com\/th\/#\/schema\/logo\/image\/\"},\"sameAs\":[\"https:\/\/www.facebook.com\/profile.php?id=61560407257971\"],\"numberOfEmployees\":{\"@type\":\"QuantitativeValue\",\"minValue\":\"11\",\"maxValue\":\"50\"}}]}<\/script>\n<!-- \/ Yoast SEO Premium plugin. -->","yoast_head_json":{"title":"12 Inch Subwoofer Box - https:\/\/sxflightcase.com \ud83d\udc97","description":"Caixa de subwoofer de 12 polegadas: Descubra as vendas diretas da f\u00e1brica e a personaliza\u00e7\u00e3o profissional para o ajuste e desempenho perfeitos do seu sistema de subwoofer.","robots":{"index":"index","follow":"follow","max-snippet":"max-snippet:-1","max-image-preview":"max-image-preview:large","max-video-preview":"max-video-preview:-1"},"canonical":"https:\/\/sxflightcase.com\/pt\/producto\/caja-de-subwoofer-de-12-pulgadas-2\/","og_locale":"pt_PT","og_type":"article","og_title":"12 Inch Subwoofer Box","og_description":"12 Inch Subwoofer Box: Discover factory-direct sales and professional customization for the perfect fit and performance of your subwoofer system.","og_url":"https:\/\/sxflightcase.com\/pt\/producto\/caja-de-subwoofer-de-12-pulgadas-2\/","og_site_name":"https:\/\/sxflightcase.com","article_publisher":"https:\/\/www.facebook.com\/profile.php?id=61560407257971","article_modified_time":"2024-06-21T01:58:11+00:00","og_image":[{"width":700,"height":700,"url":"https:\/\/sxflightcase.com\/wp-content\/uploads\/2024\/05\/12-inch-subwoofer-box52395430983.webp","type":"image\/webp"}],"twitter_card":"summary_large_image","twitter_misc":{"Tempo estimado de leitura":"4 minutos"},"schema":{"@context":"https:\/\/schema.org","@graph":[{"@type":"WebPage","@id":"https:\/\/sxflightcase.com\/es\/producto\/caja-de-subwoofer-de-12-pulgadas-2\/","url":"https:\/\/sxflightcase.com\/es\/producto\/caja-de-subwoofer-de-12-pulgadas-2\/","name":"12 Inch Subwoofer Box - https:\/\/sxflightcase.com \ud83d\udc97","isPartOf":{"@id":"https:\/\/sxflightcase.com\/th\/#website"},"primaryImageOfPage":{"@id":"https:\/\/sxflightcase.com\/es\/producto\/caja-de-subwoofer-de-12-pulgadas-2\/#primaryimage"},"image":{"@id":"https:\/\/sxflightcase.com\/es\/producto\/caja-de-subwoofer-de-12-pulgadas-2\/#primaryimage"},"thumbnailUrl":"https:\/\/sxflightcase.com\/wp-content\/uploads\/2024\/05\/12-inch-subwoofer-box52395430983.webp","datePublished":"2024-05-10T05:49:14+00:00","dateModified":"2024-06-21T01:58:11+00:00","description":"Caixa de subwoofer de 12 polegadas: Descubra as vendas diretas da f\u00e1brica e a personaliza\u00e7\u00e3o profissional para o ajuste e desempenho perfeitos do seu sistema de subwoofer.","breadcrumb":{"@id":"https:\/\/sxflightcase.com\/es\/producto\/caja-de-subwoofer-de-12-pulgadas-2\/#breadcrumb"},"inLanguage":"pt-PT","potentialAction":[{"@type":"ReadAction","target":["https:\/\/sxflightcase.com\/es\/producto\/caja-de-subwoofer-de-12-pulgadas-2\/"]}]},{"@type":"ImageObject","inLanguage":"pt-PT","@id":"https:\/\/sxflightcase.com\/es\/producto\/caja-de-subwoofer-de-12-pulgadas-2\/#primaryimage","url":"https:\/\/sxflightcase.com\/wp-content\/uploads\/2024\/05\/12-inch-subwoofer-box52395430983.webp","contentUrl":"https:\/\/sxflightcase.com\/wp-content\/uploads\/2024\/05\/12-inch-subwoofer-box52395430983.webp","width":700,"height":700,"caption":"12 Inch Subwoofer Box"},{"@type":"BreadcrumbList","@id":"https:\/\/sxflightcase.com\/es\/producto\/caja-de-subwoofer-de-12-pulgadas-2\/#breadcrumb","itemListElement":[{"@type":"ListItem","position":1,"name":"Home","item":"https:\/\/sxflightcase.com\/"},{"@type":"ListItem","position":2,"name":"\u0e2a\u0e34\u0e19\u0e04\u0e49\u0e32","item":"https:\/\/sxflightcase.com\/th\/shop\/"},{"@type":"ListItem","position":3,"name":"12 Inch Subwoofer Box"}]},{"@type":"WebSite","@id":"https:\/\/sxflightcase.com\/th\/#website","url":"https:\/\/sxflightcase.com\/th\/","name":"sxpowercase.com","description":"F\u00e1brica de malas de voo","publisher":{"@id":"https:\/\/sxflightcase.com\/th\/#organization"},"potentialAction":[{"@type":"SearchAction","target":{"@type":"EntryPoint","urlTemplate":"https:\/\/sxflightcase.com\/th\/?s={search_term_string}"},"query-input":{"@type":"PropertyValueSpecification","valueRequired":true,"valueName":"search_term_string"}}],"inLanguage":"pt-PT"},{"@type":"Organization","@id":"https:\/\/sxflightcase.com\/th\/#organization","name":"sxpowercase.com","url":"https:\/\/sxflightcase.com\/th\/","logo":{"@type":"ImageObject","inLanguage":"pt-PT","@id":"https:\/\/sxflightcase.com\/th\/#\/schema\/logo\/image\/","url":"https:\/\/sxflightcase.com\/wp-content\/uploads\/2024\/04\/1713919036007.jpg","contentUrl":"https:\/\/sxflightcase.com\/wp-content\/uploads\/2024\/04\/1713919036007.jpg","width":382,"height":388,"caption":"sxpowercase.com"},"image":{"@id":"https:\/\/sxflightcase.com\/th\/#\/schema\/logo\/image\/"},"sameAs":["https:\/\/www.facebook.com\/profile.php?id=61560407257971"],"numberOfEmployees":{"@type":"QuantitativeValue","minValue":"11","maxValue":"50"}}]}},"_links":{"self":[{"href":"https:\/\/sxflightcase.com\/pt\/wp-json\/wp\/v2\/product\/1736","targetHints":{"allow":["GET"]}}],"collection":[{"href":"https:\/\/sxflightcase.com\/pt\/wp-json\/wp\/v2\/product"}],"about":[{"href":"https:\/\/sxflightcase.com\/pt\/wp-json\/wp\/v2\/types\/product"}],"replies":[{"embeddable":true,"href":"https:\/\/sxflightcase.com\/pt\/wp-json\/wp\/v2\/comments?post=1736"}],"version-history":[{"count":0,"href":"https:\/\/sxflightcase.com\/pt\/wp-json\/wp\/v2\/product\/1736\/revisions"}],"wp:featuredmedia":[{"embeddable":true,"href":"https:\/\/sxflightcase.com\/pt\/wp-json\/wp\/v2\/media\/1737"}],"wp:attachment":[{"href":"https:\/\/sxflightcase.com\/pt\/wp-json\/wp\/v2\/media?parent=1736"}],"wp:term":[{"taxonomy":"product_brand","embeddable":true,"href":"https:\/\/sxflightcase.com\/pt\/wp-json\/wp\/v2\/product_brand?post=1736"},{"taxonomy":"product_cat","embeddable":true,"href":"https:\/\/sxflightcase.com\/pt\/wp-json\/wp\/v2\/product_cat?post=1736"},{"taxonomy":"product_tag","embeddable":true,"href":"https:\/\/sxflightcase.com\/pt\/wp-json\/wp\/v2\/product_tag?post=1736"}],"curies":[{"name":"wp","href":"https:\/\/api.w.org\/{rel}","templated":true}]}}