{"id":1742,"date":"2024-05-10T06:51:49","date_gmt":"2024-05-10T05:51:49","guid":{"rendered":"https:\/\/sxpowercase.com\/?post_type=product&#038;p=1742"},"modified":"2024-06-21T03:01:11","modified_gmt":"2024-06-21T02:01:11","slug":"subwoofer-cabinet","status":"publish","type":"product","link":"https:\/\/sxflightcase.com\/pt\/produto\/caixa-de-subwoofer\/","title":{"rendered":"Gabinete do subwoofer"},"content":{"rendered":"<p><strong>Product parameter(specification)<\/strong><\/p>\n<section class=\"table-wrap\">\n<table class=\"table\" width=\"100%\" cellspacing=\"0\" cellpadding=\"0\">\n<tbody>\n<tr class=\"firstRow\">\n<td width=\"134\">Product name<\/td>\n<td width=\"504\">Subwoofer cabinet<\/td>\n<\/tr>\n<tr>\n<td width=\"134\">Materials<\/td>\n<td width=\"504\">Aluminum Frame + 9mm Plywood<br \/>\n4 x Butterfly catch with loops to fit padlock (padlock not supplied)<br \/>\nFully foam lined with plastazote foam<br \/>\n4x 100mm rubber castors bolted to case via 15mm Birchply wheel board (2 have full lockout brakes) cost option<\/td>\n<\/tr>\n<tr>\n<td width=\"134\">Color<\/td>\n<td width=\"504\">Black, Blue, Red or Custom<\/td>\n<\/tr>\n<tr>\n<td width=\"134\">Usage<\/td>\n<td width=\"504\">Protect Transport Storage<\/td>\n<\/tr>\n<\/tbody>\n<\/table>\n<\/section>\n<p><strong>Packing and shipping<\/strong><\/p>\n<section class=\"table-wrap\">\n<table class=\"table\" width=\"100%\" cellspacing=\"0\" cellpadding=\"0\">\n<tbody>\n<tr class=\"firstRow\">\n<td colspan=\"3\" width=\"100%\">Packaging &amp; Shipping<\/td>\n<\/tr>\n<tr>\n<td rowspan=\"3\" width=\"33%\">Shipping Time<\/td>\n<td width=\"33%\">By sea<\/td>\n<td width=\"33%\">15-60 days<\/td>\n<\/tr>\n<tr>\n<td width=\"33%\">By air<\/td>\n<td width=\"33%\">4-9 days<\/td>\n<\/tr>\n<tr>\n<td width=\"33%\">By express<\/td>\n<td width=\"33%\">4-9 days<\/td>\n<\/tr>\n<tr>\n<td width=\"33%\">Delivery Time<\/td>\n<td colspan=\"2\" width=\"66%\">7-15 working or as your requires<\/td>\n<\/tr>\n<tr>\n<td width=\"33%\">Packaging<\/td>\n<td colspan=\"2\" width=\"66%\">By carton or as your requirement<\/td>\n<\/tr>\n<\/tbody>\n<\/table>\n<\/section>\n<div class=\"flex flex-grow flex-col max-w-full AIPRM__conversation__response\">\n<div class=\"min-h-[20px] text-message flex flex-col items-start whitespace-pre-wrap break-words [.text-message+&amp;]:mt-5 juice:w-full juice:items-end overflow-x-auto gap-2\" dir=\"auto\" data-message-author-role=\"assistant\" data-message-id=\"2c9ac16d-8030-4c71-b282-c98e3c7d7664\">\n<div class=\"flex w-full flex-col gap-1 juice:empty:hidden juice:first:pt-[3px]\">\n<div class=\"markdown prose w-full break-words dark:prose-invert light\">\n<h1>Experience Ultimate Sound with SX&#8217;s Subwoofer Cabinet<\/h1>\n<h2>Premium Sound Quality<\/h2>\n<p>Transform your audio setup with the <strong>Subwoofer Cabinet<\/strong> from <a href=\"https:\/\/sxpowercase.com\/\" target=\"_blank\" rel=\"noopener\" title=\"SX\" data-wpil-monitor-id=\"116\">SX<\/a>. Our subwoofer cabinet is designed to deliver deep, rich bass that elevates your music, movies, and gaming experiences. Enjoy powerful low frequencies that bring every beat and explosion to life with clarity and precision.<\/p>\n<h2>Durable and Stylish Design<\/h2>\n<h3>Built to Last<\/h3>\n<p>The SX <strong>Subwoofer Cabinet<\/strong> is crafted from high-quality materials, ensuring durability and longevity. Its robust construction can withstand the demands of both home and professional use. The sleek and stylish design seamlessly integrates into any decor, making it a perfect addition to your audio setup.<\/p>\n<h2>Factory Direct Sales<\/h2>\n<h3>Affordable Excellence<\/h3>\n<p>At SX, we believe in providing superior products at competitive prices. By offering factory direct sales, we eliminate the middleman, ensuring you get the best value for your money. The <strong>Subwoofer Cabinet<\/strong> combines high performance with affordability, making premium audio accessible to everyone.<\/p>\n<h2>Customization Options<\/h2>\n<h3>Tailored to Your Needs<\/h3>\n<p>We understand that every audio system is unique. That\u2019s why SX offers customization options for our <strong>Subwoofer Cabinet<\/strong>. Whether you need specific dimensions, finishes, or features, our team is ready to create a cabinet that fits your exact requirements. Get a personalized audio solution that enhances your listening experience.<\/p>\n<h2>Enhance Your Audio Experience<\/h2>\n<h3>Immersive Bass<\/h3>\n<p>Upgrade your sound system with the SX <strong>Subwoofer Cabinet<\/strong> and enjoy an immersive audio experience. Our subwoofer cabinet produces deep, powerful bass that adds depth and richness to your sound. Whether you&#8217;re listening to your favorite music, watching a blockbuster movie, or engaging in intense gaming, the enhanced audio quality will captivate you.<\/p>\n<hr \/>\n<p>Don&#8217;t settle for mediocre sound. Elevate your audio setup with the SX <strong>Subwoofer Cabinet<\/strong>. Contact us today to learn more about our factory direct sales and customization options. Experience the ultimate in sound quality with SX and immerse yourself in superior audio.<\/p>\n<\/div>\n<\/div>\n<\/div>\n<\/div>\n<p><strong>FAQ<\/strong><\/p>\n<p>Q: Can you do our own packaging?<\/p>\n<p>A: Yes, you just provide the package design and we will produce what you want. We also have the professional designer can help you do the packaging design.<\/p>\n<p>Q: When can I get the price?<\/p>\n<p>A: Usually we quote within 8 hours after we get your inquiry.<\/p>\n<p>Q: What&#8217;s your MOQ?<\/p>\n<p>A: If we have the products in stock, it will be no MOQ. If we need to produce, we can discuss the MOQ according to customer\u2019s exact situation.<\/p>\n<p>Hot Tags: Low price, in stock, free sample, Power And Signal Cable, 16 Gauge 4 Conductor Wire, Microphone Stand Case, Outdoor Led Display Cabinet, Rack Mount, 19&#8221; Rackmount Mixer Flight Cases\uff0celectrical distro box, China, suppliers, factory, customized, wholesale, <span style=\"color: #993366;\"><a style=\"color: #993366;\" href=\"https:\/\/sxflightcase.com\/product-category\/all-product\/power-distribution-boxes\/\">power boxes<\/a>,\u00a0<a style=\"color: #993366;\" href=\"https:\/\/sxflightcase.com\/product-category\/all-product\/hoist-controllers\/\">power cables<\/a>,\u00a0<a style=\"color: #993366;\" href=\"https:\/\/sxflightcase.com\/product-category\/all-product\/hoist-controllers\/\">hoist controllers<\/a>,\u00a0<a style=\"color: #993366;\" href=\"https:\/\/sxflightcase.com\/product-category\/all-product\/flight-case\/\">flight cases.<\/a><\/span><\/p>\n","protected":false},"excerpt":{"rendered":"<h2 class=\"prodetails-name\">Gabinete do subwoofer<\/h2>\n<p>O arm\u00e1rio do subwoofer com compartimento de arruma\u00e7\u00e3o \u00e9 um produto personalizado <a class=\"wpil_keyword_link\" href=\"https:\/\/sxpowercase.com\/product-category\/all-product\/flight-case\/\" target=\"_blank\" rel=\"noopener\" title=\"Mala de transporte\" data-wpil-keyword-link=\"linked\" data-wpil-monitor-id=\"413\">Mala de transporte<\/a> utilizando ferragens resistentes e Hexaboard preto com acabamento standard.<\/p>\n<h2><strong>Introdu\u00e7\u00e3o \u00e0 produ\u00e7\u00e3o<\/strong><\/h2>\n<p>A nossa recomenda\u00e7\u00e3o para altifalantes pesados e equipamento de ilumina\u00e7\u00e3o<\/p>\n<p>- Espessura do material 9mm<\/p>\n<p>- Selecionar entre 4 fechos<\/p>\n<p>- Prote\u00e7\u00e3o dos bordos de 35\/35 mm (alum\u00ednio de 1,5 mm)<\/p>\n<p>- Cinta de canto (grande) com manivela, a\u00e7o galvanizado de 1,2 mm<\/p>\n<p>- A inser\u00e7\u00e3o de espuma \u00e9 opcional (selecionar no menu do lado direito)<\/p>\n<p>- Garantia de 1 ano<\/p>\n<p>Fabricado de acordo com as especifica\u00e7\u00f5es do cliente - o direito de retrata\u00e7\u00e3o para este artigo \u00e9 nulo<\/p>","protected":false},"featured_media":1743,"comment_status":"open","ping_status":"closed","template":"","meta":[],"product_brand":[],"product_cat":[41],"product_tag":[],"class_list":{"0":"post-1742","1":"product","2":"type-product","3":"status-publish","4":"has-post-thumbnail","6":"product_cat-equipment-cases","8":"first","9":"instock","10":"shipping-taxable","11":"product-type-simple"},"yoast_head":"<!-- This site is optimized with the Yoast SEO Premium plugin v27.1 (Yoast SEO v27.2) - https:\/\/yoast.com\/product\/yoast-seo-premium-wordpress\/ -->\n<title>Subwoofer Cabinet - https:\/\/sxflightcase.com \ud83d\udc97<\/title>\n<meta name=\"description\" content=\"Subwoofer Cabinet: Explore our factory-direct options for professional customization, ensuring optimal performance and precise fit for your audio system\" \/>\n<meta name=\"robots\" content=\"index, follow, max-snippet:-1, max-image-preview:large, max-video-preview:-1\" \/>\n<link rel=\"canonical\" href=\"https:\/\/sxflightcase.com\/pt\/termek\/melysugarzo-szekreny\/\" \/>\n<meta property=\"og:locale\" content=\"pt_PT\" \/>\n<meta property=\"og:type\" content=\"article\" \/>\n<meta property=\"og:title\" content=\"Subwoofer Cabinet\" \/>\n<meta property=\"og:description\" content=\"Subwoofer Cabinet: Explore our factory-direct options for professional customization, ensuring optimal performance and precise fit for your audio system\" \/>\n<meta property=\"og:url\" content=\"https:\/\/sxflightcase.com\/pt\/termek\/melysugarzo-szekreny\/\" \/>\n<meta property=\"og:site_name\" content=\"https:\/\/sxflightcase.com\" \/>\n<meta property=\"article:publisher\" content=\"https:\/\/www.facebook.com\/profile.php?id=61560407257971\" \/>\n<meta property=\"article:modified_time\" content=\"2024-06-21T02:01:11+00:00\" \/>\n<meta property=\"og:image\" content=\"https:\/\/sxflightcase.com\/wp-content\/uploads\/2024\/05\/subwoofer-cabinet49266243408.webp\" \/>\n\t<meta property=\"og:image:width\" content=\"700\" \/>\n\t<meta property=\"og:image:height\" content=\"700\" \/>\n\t<meta property=\"og:image:type\" content=\"image\/webp\" \/>\n<meta name=\"twitter:card\" content=\"summary_large_image\" \/>\n<meta name=\"twitter:label1\" content=\"Tempo estimado de leitura\" \/>\n\t<meta name=\"twitter:data1\" content=\"4 minutos\" \/>\n<script type=\"application\/ld+json\" class=\"yoast-schema-graph\">{\"@context\":\"https:\/\/schema.org\",\"@graph\":[{\"@type\":\"WebPage\",\"@id\":\"https:\/\/sxflightcase.com\/hu\/termek\/melysugarzo-szekreny\/\",\"url\":\"https:\/\/sxflightcase.com\/hu\/termek\/melysugarzo-szekreny\/\",\"name\":\"Subwoofer Cabinet - https:\/\/sxflightcase.com \ud83d\udc97\",\"isPartOf\":{\"@id\":\"https:\/\/sxflightcase.com\/th\/#website\"},\"primaryImageOfPage\":{\"@id\":\"https:\/\/sxflightcase.com\/hu\/termek\/melysugarzo-szekreny\/#primaryimage\"},\"image\":{\"@id\":\"https:\/\/sxflightcase.com\/hu\/termek\/melysugarzo-szekreny\/#primaryimage\"},\"thumbnailUrl\":\"https:\/\/sxflightcase.com\/wp-content\/uploads\/2024\/05\/subwoofer-cabinet49266243408.webp\",\"datePublished\":\"2024-05-10T05:51:49+00:00\",\"dateModified\":\"2024-06-21T02:01:11+00:00\",\"description\":\"Subwoofer Cabinet: Explore our factory-direct options for professional customization, ensuring optimal performance and precise fit for your audio system\",\"breadcrumb\":{\"@id\":\"https:\/\/sxflightcase.com\/hu\/termek\/melysugarzo-szekreny\/#breadcrumb\"},\"inLanguage\":\"pt-PT\",\"potentialAction\":[{\"@type\":\"ReadAction\",\"target\":[\"https:\/\/sxflightcase.com\/hu\/termek\/melysugarzo-szekreny\/\"]}]},{\"@type\":\"ImageObject\",\"inLanguage\":\"pt-PT\",\"@id\":\"https:\/\/sxflightcase.com\/hu\/termek\/melysugarzo-szekreny\/#primaryimage\",\"url\":\"https:\/\/sxflightcase.com\/wp-content\/uploads\/2024\/05\/subwoofer-cabinet49266243408.webp\",\"contentUrl\":\"https:\/\/sxflightcase.com\/wp-content\/uploads\/2024\/05\/subwoofer-cabinet49266243408.webp\",\"width\":700,\"height\":700,\"caption\":\"Subwoofer Cabinet\"},{\"@type\":\"BreadcrumbList\",\"@id\":\"https:\/\/sxflightcase.com\/hu\/termek\/melysugarzo-szekreny\/#breadcrumb\",\"itemListElement\":[{\"@type\":\"ListItem\",\"position\":1,\"name\":\"Home\",\"item\":\"https:\/\/sxflightcase.com\/\"},{\"@type\":\"ListItem\",\"position\":2,\"name\":\"\u0e2a\u0e34\u0e19\u0e04\u0e49\u0e32\",\"item\":\"https:\/\/sxflightcase.com\/th\/shop\/\"},{\"@type\":\"ListItem\",\"position\":3,\"name\":\"Subwoofer Cabinet\"}]},{\"@type\":\"WebSite\",\"@id\":\"https:\/\/sxflightcase.com\/th\/#website\",\"url\":\"https:\/\/sxflightcase.com\/th\/\",\"name\":\"sxpowercase.com\",\"description\":\"Flight Case Factory\",\"publisher\":{\"@id\":\"https:\/\/sxflightcase.com\/th\/#organization\"},\"potentialAction\":[{\"@type\":\"SearchAction\",\"target\":{\"@type\":\"EntryPoint\",\"urlTemplate\":\"https:\/\/sxflightcase.com\/th\/?s={search_term_string}\"},\"query-input\":{\"@type\":\"PropertyValueSpecification\",\"valueRequired\":true,\"valueName\":\"search_term_string\"}}],\"inLanguage\":\"pt-PT\"},{\"@type\":\"Organization\",\"@id\":\"https:\/\/sxflightcase.com\/th\/#organization\",\"name\":\"sxpowercase.com\",\"url\":\"https:\/\/sxflightcase.com\/th\/\",\"logo\":{\"@type\":\"ImageObject\",\"inLanguage\":\"pt-PT\",\"@id\":\"https:\/\/sxflightcase.com\/th\/#\/schema\/logo\/image\/\",\"url\":\"https:\/\/sxflightcase.com\/wp-content\/uploads\/2024\/04\/1713919036007.jpg\",\"contentUrl\":\"https:\/\/sxflightcase.com\/wp-content\/uploads\/2024\/04\/1713919036007.jpg\",\"width\":382,\"height\":388,\"caption\":\"sxpowercase.com\"},\"image\":{\"@id\":\"https:\/\/sxflightcase.com\/th\/#\/schema\/logo\/image\/\"},\"sameAs\":[\"https:\/\/www.facebook.com\/profile.php?id=61560407257971\"],\"numberOfEmployees\":{\"@type\":\"QuantitativeValue\",\"minValue\":\"11\",\"maxValue\":\"50\"}}]}<\/script>\n<!-- \/ Yoast SEO Premium plugin. -->","yoast_head_json":{"title":"Subwoofer Cabinet - https:\/\/sxflightcase.com \ud83d\udc97","description":"Gabinete do subwoofer: Explore as nossas op\u00e7\u00f5es diretas da f\u00e1brica para personaliza\u00e7\u00e3o profissional, garantindo um desempenho \u00f3timo e uma adapta\u00e7\u00e3o precisa ao seu sistema de \u00e1udio","robots":{"index":"index","follow":"follow","max-snippet":"max-snippet:-1","max-image-preview":"max-image-preview:large","max-video-preview":"max-video-preview:-1"},"canonical":"https:\/\/sxflightcase.com\/pt\/termek\/melysugarzo-szekreny\/","og_locale":"pt_PT","og_type":"article","og_title":"Subwoofer Cabinet","og_description":"Subwoofer Cabinet: Explore our factory-direct options for professional customization, ensuring optimal performance and precise fit for your audio system","og_url":"https:\/\/sxflightcase.com\/pt\/termek\/melysugarzo-szekreny\/","og_site_name":"https:\/\/sxflightcase.com","article_publisher":"https:\/\/www.facebook.com\/profile.php?id=61560407257971","article_modified_time":"2024-06-21T02:01:11+00:00","og_image":[{"width":700,"height":700,"url":"https:\/\/sxflightcase.com\/wp-content\/uploads\/2024\/05\/subwoofer-cabinet49266243408.webp","type":"image\/webp"}],"twitter_card":"summary_large_image","twitter_misc":{"Tempo estimado de leitura":"4 minutos"},"schema":{"@context":"https:\/\/schema.org","@graph":[{"@type":"WebPage","@id":"https:\/\/sxflightcase.com\/hu\/termek\/melysugarzo-szekreny\/","url":"https:\/\/sxflightcase.com\/hu\/termek\/melysugarzo-szekreny\/","name":"Subwoofer Cabinet - https:\/\/sxflightcase.com \ud83d\udc97","isPartOf":{"@id":"https:\/\/sxflightcase.com\/th\/#website"},"primaryImageOfPage":{"@id":"https:\/\/sxflightcase.com\/hu\/termek\/melysugarzo-szekreny\/#primaryimage"},"image":{"@id":"https:\/\/sxflightcase.com\/hu\/termek\/melysugarzo-szekreny\/#primaryimage"},"thumbnailUrl":"https:\/\/sxflightcase.com\/wp-content\/uploads\/2024\/05\/subwoofer-cabinet49266243408.webp","datePublished":"2024-05-10T05:51:49+00:00","dateModified":"2024-06-21T02:01:11+00:00","description":"Gabinete do subwoofer: Explore as nossas op\u00e7\u00f5es diretas da f\u00e1brica para personaliza\u00e7\u00e3o profissional, garantindo um desempenho \u00f3timo e uma adapta\u00e7\u00e3o precisa ao seu sistema de \u00e1udio","breadcrumb":{"@id":"https:\/\/sxflightcase.com\/hu\/termek\/melysugarzo-szekreny\/#breadcrumb"},"inLanguage":"pt-PT","potentialAction":[{"@type":"ReadAction","target":["https:\/\/sxflightcase.com\/hu\/termek\/melysugarzo-szekreny\/"]}]},{"@type":"ImageObject","inLanguage":"pt-PT","@id":"https:\/\/sxflightcase.com\/hu\/termek\/melysugarzo-szekreny\/#primaryimage","url":"https:\/\/sxflightcase.com\/wp-content\/uploads\/2024\/05\/subwoofer-cabinet49266243408.webp","contentUrl":"https:\/\/sxflightcase.com\/wp-content\/uploads\/2024\/05\/subwoofer-cabinet49266243408.webp","width":700,"height":700,"caption":"Subwoofer Cabinet"},{"@type":"BreadcrumbList","@id":"https:\/\/sxflightcase.com\/hu\/termek\/melysugarzo-szekreny\/#breadcrumb","itemListElement":[{"@type":"ListItem","position":1,"name":"Home","item":"https:\/\/sxflightcase.com\/"},{"@type":"ListItem","position":2,"name":"\u0e2a\u0e34\u0e19\u0e04\u0e49\u0e32","item":"https:\/\/sxflightcase.com\/th\/shop\/"},{"@type":"ListItem","position":3,"name":"Subwoofer Cabinet"}]},{"@type":"WebSite","@id":"https:\/\/sxflightcase.com\/th\/#website","url":"https:\/\/sxflightcase.com\/th\/","name":"sxpowercase.com","description":"F\u00e1brica de malas de voo","publisher":{"@id":"https:\/\/sxflightcase.com\/th\/#organization"},"potentialAction":[{"@type":"SearchAction","target":{"@type":"EntryPoint","urlTemplate":"https:\/\/sxflightcase.com\/th\/?s={search_term_string}"},"query-input":{"@type":"PropertyValueSpecification","valueRequired":true,"valueName":"search_term_string"}}],"inLanguage":"pt-PT"},{"@type":"Organization","@id":"https:\/\/sxflightcase.com\/th\/#organization","name":"sxpowercase.com","url":"https:\/\/sxflightcase.com\/th\/","logo":{"@type":"ImageObject","inLanguage":"pt-PT","@id":"https:\/\/sxflightcase.com\/th\/#\/schema\/logo\/image\/","url":"https:\/\/sxflightcase.com\/wp-content\/uploads\/2024\/04\/1713919036007.jpg","contentUrl":"https:\/\/sxflightcase.com\/wp-content\/uploads\/2024\/04\/1713919036007.jpg","width":382,"height":388,"caption":"sxpowercase.com"},"image":{"@id":"https:\/\/sxflightcase.com\/th\/#\/schema\/logo\/image\/"},"sameAs":["https:\/\/www.facebook.com\/profile.php?id=61560407257971"],"numberOfEmployees":{"@type":"QuantitativeValue","minValue":"11","maxValue":"50"}}]}},"_links":{"self":[{"href":"https:\/\/sxflightcase.com\/pt\/wp-json\/wp\/v2\/product\/1742","targetHints":{"allow":["GET"]}}],"collection":[{"href":"https:\/\/sxflightcase.com\/pt\/wp-json\/wp\/v2\/product"}],"about":[{"href":"https:\/\/sxflightcase.com\/pt\/wp-json\/wp\/v2\/types\/product"}],"replies":[{"embeddable":true,"href":"https:\/\/sxflightcase.com\/pt\/wp-json\/wp\/v2\/comments?post=1742"}],"version-history":[{"count":0,"href":"https:\/\/sxflightcase.com\/pt\/wp-json\/wp\/v2\/product\/1742\/revisions"}],"wp:featuredmedia":[{"embeddable":true,"href":"https:\/\/sxflightcase.com\/pt\/wp-json\/wp\/v2\/media\/1743"}],"wp:attachment":[{"href":"https:\/\/sxflightcase.com\/pt\/wp-json\/wp\/v2\/media?parent=1742"}],"wp:term":[{"taxonomy":"product_brand","embeddable":true,"href":"https:\/\/sxflightcase.com\/pt\/wp-json\/wp\/v2\/product_brand?post=1742"},{"taxonomy":"product_cat","embeddable":true,"href":"https:\/\/sxflightcase.com\/pt\/wp-json\/wp\/v2\/product_cat?post=1742"},{"taxonomy":"product_tag","embeddable":true,"href":"https:\/\/sxflightcase.com\/pt\/wp-json\/wp\/v2\/product_tag?post=1742"}],"curies":[{"name":"wp","href":"https:\/\/api.w.org\/{rel}","templated":true}]}}