{"id":1746,"date":"2024-05-10T07:01:54","date_gmt":"2024-05-10T06:01:54","guid":{"rendered":"https:\/\/sxpowercase.com\/?post_type=product&#038;p=1746"},"modified":"2024-06-21T03:08:34","modified_gmt":"2024-06-21T02:08:34","slug":"tv-rack-cabinet","status":"publish","type":"product","link":"https:\/\/sxflightcase.com\/pt\/produto\/armario-com-suporte-para-televisao\/","title":{"rendered":"Arm\u00e1rio para TV"},"content":{"rendered":"<p><strong>Par\u00e2metro do produto (especifica\u00e7\u00e3o)<\/strong><\/p>\n<section class=\"table-wrap\">\n<table class=\"table\" width=\"100%\" cellspacing=\"0\" cellpadding=\"0\">\n<tbody>\n<tr class=\"firstRow\">\n<td width=\"134\">Nome do produto<\/td>\n<td width=\"504\">Arm\u00e1rio com suporte para TV<\/td>\n<\/tr>\n<tr>\n<td width=\"134\">Materiais<\/td>\n<td width=\"504\">Estrutura de alum\u00ednio + contraplacado de 9 mm<br \/>\n4 x fecho borboleta com argolas para encaixar o cadeado (cadeado n\u00e3o fornecido)<br \/>\nTotalmente forrado com espuma de plastazote<br \/>\n4x rod\u00edzios de borracha de 100 mm aparafusados \u00e0 caixa atrav\u00e9s de uma placa de rodas em Birchply de 15 mm (2 t\u00eam trav\u00f5es de bloqueio total) op\u00e7\u00e3o de custo<\/td>\n<\/tr>\n<tr>\n<td width=\"134\">Cor<\/td>\n<td width=\"504\">Preto, azul, vermelho ou personalizado<\/td>\n<\/tr>\n<tr>\n<td width=\"134\">Utiliza\u00e7\u00e3o<\/td>\n<td width=\"504\">Proteger o armazenamento de transporte<\/td>\n<\/tr>\n<\/tbody>\n<\/table>\n<\/section>\n<p><strong>Embalagem e expedi\u00e7\u00e3o<\/strong><\/p>\n<section class=\"table-wrap\">\n<table class=\"table\" width=\"100%\" cellspacing=\"0\" cellpadding=\"0\">\n<tbody>\n<tr class=\"firstRow\">\n<td colspan=\"3\" width=\"100%\">Embalagem e expedi\u00e7\u00e3o<\/td>\n<\/tr>\n<tr>\n<td rowspan=\"3\" width=\"31%\">Tempo de envio<\/td>\n<td width=\"34%\">Por mar<\/td>\n<td width=\"33%\">15-60 dias<\/td>\n<\/tr>\n<tr>\n<td width=\"34%\">De avi\u00e3o<\/td>\n<td width=\"33%\">5-7 dias<\/td>\n<\/tr>\n<tr>\n<td width=\"34%\">Por Expresso<\/td>\n<td width=\"33%\">5-7 dias<\/td>\n<\/tr>\n<tr>\n<td width=\"31%\">Prazo de entrega<\/td>\n<td colspan=\"2\" width=\"68%\">7-10 horas de trabalho ou conforme as suas necessidades<\/td>\n<\/tr>\n<tr>\n<td width=\"31%\">Embalagem<\/td>\n<td colspan=\"2\" width=\"68%\">Por caixa ou como desejar<\/td>\n<\/tr>\n<\/tbody>\n<\/table>\n<\/section>\n<h1>Transforme a sua sala de estar com o arm\u00e1rio com suporte para TV da SX<\/h1>\n<h2>Design elegante e funcional<\/h2>\n<p>Melhore a sua sala de estar com a <strong>Arm\u00e1rio para TV<\/strong> de <a href=\"https:\/\/sxpowercase.com\/\" target=\"_blank\" rel=\"noopener\" title=\"SX\" data-wpil-monitor-id=\"117\">SX<\/a>. A nossa estante para TV combina eleg\u00e2ncia e funcionalidade, proporcionando uma solu\u00e7\u00e3o elegante para as suas necessidades de entretenimento. Com uma ampla arruma\u00e7\u00e3o e um design elegante, real\u00e7a a est\u00e9tica de qualquer espa\u00e7o, mantendo os seus meios de comunica\u00e7\u00e3o social essenciais organizados.<\/p>\n<h2>Materiais de qualidade superior<\/h2>\n<h3>Constru\u00eddo para durar<\/h3>\n<p>O SX <strong>Arm\u00e1rio para TV<\/strong> \u00e9 fabricado com materiais de primeira qualidade, garantindo durabilidade e longevidade. A constru\u00e7\u00e3o robusta suporta o seu televisor e outros dispositivos multim\u00e9dia, oferecendo uma adi\u00e7\u00e3o fi\u00e1vel e elegante \u00e0 sua casa. Os acabamentos de alta qualidade d\u00e3o um toque de sofistica\u00e7\u00e3o ao seu espa\u00e7o de vida.<\/p>\n<h2>Vendas diretas da f\u00e1brica<\/h2>\n<h3>Excel\u00eancia a pre\u00e7os acess\u00edveis<\/h3>\n<p>Na SX, estamos empenhados em fornecer produtos de alta qualidade a pre\u00e7os competitivos. Ao oferecer vendas diretas da f\u00e1brica, eliminamos o intermedi\u00e1rio, garantindo que obt\u00e9m o melhor valor pelo seu dinheiro. O <strong>Arm\u00e1rio para TV<\/strong> oferece uma qualidade e um design superiores sem ser dispendioso, o que faz dele um excelente investimento para a sua casa.<\/p>\n<h2>Op\u00e7\u00f5es de personaliza\u00e7\u00e3o<\/h2>\n<h3>Adaptado \u00e0s suas necessidades<\/h3>\n<p>Compreendemos que cada casa \u00e9 \u00fanica. \u00c9 por isso que a SX oferece op\u00e7\u00f5es de personaliza\u00e7\u00e3o para as nossas <strong>Arm\u00e1rio para TV<\/strong>. Quer necessite de dimens\u00f5es espec\u00edficas, acabamentos ou carater\u00edsticas adicionais, a nossa equipa est\u00e1 pronta para criar um arm\u00e1rio que satisfa\u00e7a os seus requisitos exactos. Desfrute de uma solu\u00e7\u00e3o personalizada que complementa a sua decora\u00e7\u00e3o e satisfaz as suas necessidades de arruma\u00e7\u00e3o.<\/p>\n<h2>Melhore a sua experi\u00eancia de entretenimento<\/h2>\n<h3>Organizado e com estilo<\/h3>\n<p>O SX <strong>Arm\u00e1rio para TV<\/strong> n\u00e3o s\u00f3 suporta o seu televisor, como tamb\u00e9m proporciona uma ampla arruma\u00e7\u00e3o para os seus acess\u00f3rios multim\u00e9dia, consolas de jogos e muito mais. Mantenha a sua sala de estar arrumada e sem desordem com os nossos compartimentos e prateleiras cuidadosamente concebidos. O design elegante e moderno do arm\u00e1rio melhora o aspeto geral da sua \u00e1rea de entretenimento.<\/p>\n<hr \/>\n<p>N\u00e3o se contente com menos quando se trata da sua configura\u00e7\u00e3o de entretenimento em casa. Eleve o seu espa\u00e7o com a SX <strong>Arm\u00e1rio para TV<\/strong>. Contacte-nos hoje para saber mais sobre as nossas vendas diretas da f\u00e1brica e op\u00e7\u00f5es de personaliza\u00e7\u00e3o. Experimente a combina\u00e7\u00e3o perfeita de estilo e funcionalidade com a SX e desfrute de uma sala de estar bem organizada e esteticamente agrad\u00e1vel.<\/p>\n<p><strong>FAQ<\/strong><\/p>\n<p>P: Qual \u00e9 o prazo de entrega?<\/p>\n<p>R: O prazo de entrega geral \u00e9 de 15-20 dias ap\u00f3s a rece\u00e7\u00e3o da confirma\u00e7\u00e3o da encomenda. Se tivermos a mercadoria em stock, o prazo de entrega \u00e9 de 1 a 2 dias.<\/p>\n<p>Q: Existe algum limite de MOQ?<\/p>\n<p>A: MOQ baixo, 1 pc para verifica\u00e7\u00e3o de amostra est\u00e1 dispon\u00edvel.<\/p>\n<p>P: Como \u00e9 que enviam a mercadoria e quanto tempo demora a chegar?<\/p>\n<p>A: Normalmente, o navio \u00e9 enviado por mar, podemos ajudar a fazer o pre\u00e7o CIF ou o pre\u00e7o ex-trabalho...<\/p>\n<p>Hot Tags: Pre\u00e7o baixo, em estoque, amostra gr\u00e1tis, cabo de alimenta\u00e7\u00e3o e sinal, fio de 4 condutores de calibre 16, caixa de suporte de microfone, gabinete de exibi\u00e7\u00e3o de led ao ar livre, montagem em rack, caixas de v\u00f4o de misturador de montagem em rack de 19 \", caixa de distribui\u00e7\u00e3o el\u00e9trica, China, fornecedores, f\u00e1brica, personalizado, atacado, <span style=\"color: #993366;\"><a style=\"color: #993366;\" href=\"https:\/\/sxflightcase.com\/pt\/product-category\/all-product\/power-distribution-boxes\/\">caixas el\u00e9ctricas<\/a>,\u00a0<a style=\"color: #993366;\" href=\"https:\/\/sxflightcase.com\/pt\/product-category\/all-product\/hoist-controllers\/\">cabos el\u00e9ctricos<\/a>,\u00a0<a style=\"color: #993366;\" href=\"https:\/\/sxflightcase.com\/pt\/product-category\/all-product\/hoist-controllers\/\">controladores de guinchos<\/a>,\u00a0<a style=\"color: #993366;\" href=\"https:\/\/sxflightcase.com\/pt\/product-category\/all-product\/flight-case\/\">casos de voo.<\/a><\/span><\/p>","protected":false},"excerpt":{"rendered":"<h2 class=\"prodetails-name\">Arm\u00e1rio para TV<\/h2>\n<p>As malas de voo Shengxiang existem h\u00e1 mais de 10 anos. Todas as malas s\u00e3o concebidas internamente na China. Construiu uma reputa\u00e7\u00e3o de fabrico de malas resistentes de alta qualidade. Estas malas r\u00edgidas de prote\u00e7\u00e3o soberbas oferecem um transporte seguro para equipamento fr\u00e1gil ou dispendioso e s\u00e3o a escolha de profissionais em todo o mundo.<\/p>\n<h2><strong>Introdu\u00e7\u00e3o \u00e0 produ\u00e7\u00e3o<\/strong><\/h2>\n<p>- Tipo: Tampa de levantar<\/p>\n<p>- Material: 9mm Acabamento preto<\/p>\n<p>- Resistente <a class=\"wpil_keyword_link\" href=\"https:\/\/sxpowercase.com\/product-category\/all-product\/flight-case\/\" target=\"_blank\" rel=\"noopener\" title=\"mala de voo\" data-wpil-keyword-link=\"linked\" data-wpil-monitor-id=\"414\">mala de voo<\/a> acess\u00f3rios<\/p>\n<p>- Espuma: Espuma forrada com espuma de alta densidade com blocos de espuma de suporte para manter a TV no lugar<\/p>\n<p>- Espuma: A tampa \u00e9 espumada com blocos de suporte para garantir a m\u00e1xima prote\u00e7\u00e3o<\/p>\n<p>- Rodas: Rodas de 100 mm instaladas (x2 trav\u00f5es)<\/p>","protected":false},"featured_media":1747,"comment_status":"open","ping_status":"closed","template":"","meta":[],"product_brand":[],"product_cat":[41],"product_tag":[],"class_list":{"0":"post-1746","1":"product","2":"type-product","3":"status-publish","4":"has-post-thumbnail","6":"product_cat-equipment-cases","8":"first","9":"instock","10":"shipping-taxable","11":"product-type-simple"},"yoast_head":"<!-- This site is optimized with the Yoast SEO Premium plugin v27.1 (Yoast SEO v27.2) - https:\/\/yoast.com\/product\/yoast-seo-premium-wordpress\/ -->\n<title>TV Rack Cabinet - https:\/\/sxflightcase.com \ud83d\udc97<\/title>\n<meta name=\"description\" content=\"TV Rack Cabinet: Explore our factory-direct options for professional customization, perfect for organizing and displaying your television and media equipment.\" \/>\n<meta name=\"robots\" content=\"index, follow, max-snippet:-1, max-image-preview:large, max-video-preview:-1\" \/>\n<link rel=\"canonical\" href=\"https:\/\/sxflightcase.com\/pt\/\u0645\u0646\u062a\u062c\/\u062e\u0632\u0627\u0646\u0629-\u0631\u0641-\u0627\u0644\u062a\u0644\u0641\u0632\u064a\u0648\u0646\/\" \/>\n<meta property=\"og:locale\" content=\"pt_PT\" \/>\n<meta property=\"og:type\" content=\"article\" \/>\n<meta property=\"og:title\" content=\"TV Rack Cabinet\" \/>\n<meta property=\"og:description\" content=\"TV Rack Cabinet: Explore our factory-direct options for professional customization, perfect for organizing and displaying your television and media equipment.\" \/>\n<meta property=\"og:url\" content=\"https:\/\/sxflightcase.com\/pt\/\u0645\u0646\u062a\u062c\/\u062e\u0632\u0627\u0646\u0629-\u0631\u0641-\u0627\u0644\u062a\u0644\u0641\u0632\u064a\u0648\u0646\/\" \/>\n<meta property=\"og:site_name\" content=\"https:\/\/sxflightcase.com\" \/>\n<meta property=\"article:publisher\" content=\"https:\/\/www.facebook.com\/profile.php?id=61560407257971\" \/>\n<meta property=\"article:modified_time\" content=\"2024-06-21T02:08:34+00:00\" \/>\n<meta property=\"og:image\" content=\"https:\/\/sxflightcase.com\/wp-content\/uploads\/2024\/05\/tv-rack-cabinet09272992629.webp\" \/>\n\t<meta property=\"og:image:width\" content=\"700\" \/>\n\t<meta property=\"og:image:height\" content=\"700\" \/>\n\t<meta property=\"og:image:type\" content=\"image\/webp\" \/>\n<meta name=\"twitter:card\" content=\"summary_large_image\" \/>\n<meta name=\"twitter:label1\" content=\"Tempo estimado de leitura\" \/>\n\t<meta name=\"twitter:data1\" content=\"4 minutos\" \/>\n<script type=\"application\/ld+json\" class=\"yoast-schema-graph\">{\"@context\":\"https:\/\/schema.org\",\"@graph\":[{\"@type\":\"WebPage\",\"@id\":\"https:\/\/sxflightcase.com\/ar\/\u0645\u0646\u062a\u062c\/\u062e\u0632\u0627\u0646\u0629-\u0631\u0641-\u0627\u0644\u062a\u0644\u0641\u0632\u064a\u0648\u0646\/\",\"url\":\"https:\/\/sxflightcase.com\/ar\/\u0645\u0646\u062a\u062c\/\u062e\u0632\u0627\u0646\u0629-\u0631\u0641-\u0627\u0644\u062a\u0644\u0641\u0632\u064a\u0648\u0646\/\",\"name\":\"TV Rack Cabinet - https:\/\/sxflightcase.com \ud83d\udc97\",\"isPartOf\":{\"@id\":\"https:\/\/sxflightcase.com\/th\/#website\"},\"primaryImageOfPage\":{\"@id\":\"https:\/\/sxflightcase.com\/ar\/\u0645\u0646\u062a\u062c\/\u062e\u0632\u0627\u0646\u0629-\u0631\u0641-\u0627\u0644\u062a\u0644\u0641\u0632\u064a\u0648\u0646\/#primaryimage\"},\"image\":{\"@id\":\"https:\/\/sxflightcase.com\/ar\/\u0645\u0646\u062a\u062c\/\u062e\u0632\u0627\u0646\u0629-\u0631\u0641-\u0627\u0644\u062a\u0644\u0641\u0632\u064a\u0648\u0646\/#primaryimage\"},\"thumbnailUrl\":\"https:\/\/sxflightcase.com\/wp-content\/uploads\/2024\/05\/tv-rack-cabinet09272992629.webp\",\"datePublished\":\"2024-05-10T06:01:54+00:00\",\"dateModified\":\"2024-06-21T02:08:34+00:00\",\"description\":\"TV Rack Cabinet: Explore our factory-direct options for professional customization, perfect for organizing and displaying your television and media equipment.\",\"breadcrumb\":{\"@id\":\"https:\/\/sxflightcase.com\/ar\/\u0645\u0646\u062a\u062c\/\u062e\u0632\u0627\u0646\u0629-\u0631\u0641-\u0627\u0644\u062a\u0644\u0641\u0632\u064a\u0648\u0646\/#breadcrumb\"},\"inLanguage\":\"pt-PT\",\"potentialAction\":[{\"@type\":\"ReadAction\",\"target\":[\"https:\/\/sxflightcase.com\/ar\/\u0645\u0646\u062a\u062c\/\u062e\u0632\u0627\u0646\u0629-\u0631\u0641-\u0627\u0644\u062a\u0644\u0641\u0632\u064a\u0648\u0646\/\"]}]},{\"@type\":\"ImageObject\",\"inLanguage\":\"pt-PT\",\"@id\":\"https:\/\/sxflightcase.com\/ar\/\u0645\u0646\u062a\u062c\/\u062e\u0632\u0627\u0646\u0629-\u0631\u0641-\u0627\u0644\u062a\u0644\u0641\u0632\u064a\u0648\u0646\/#primaryimage\",\"url\":\"https:\/\/sxflightcase.com\/wp-content\/uploads\/2024\/05\/tv-rack-cabinet09272992629.webp\",\"contentUrl\":\"https:\/\/sxflightcase.com\/wp-content\/uploads\/2024\/05\/tv-rack-cabinet09272992629.webp\",\"width\":700,\"height\":700,\"caption\":\"TV Rack Cabinet\"},{\"@type\":\"BreadcrumbList\",\"@id\":\"https:\/\/sxflightcase.com\/ar\/\u0645\u0646\u062a\u062c\/\u062e\u0632\u0627\u0646\u0629-\u0631\u0641-\u0627\u0644\u062a\u0644\u0641\u0632\u064a\u0648\u0646\/#breadcrumb\",\"itemListElement\":[{\"@type\":\"ListItem\",\"position\":1,\"name\":\"Home\",\"item\":\"https:\/\/sxflightcase.com\/\"},{\"@type\":\"ListItem\",\"position\":2,\"name\":\"\u0e2a\u0e34\u0e19\u0e04\u0e49\u0e32\",\"item\":\"https:\/\/sxflightcase.com\/th\/shop\/\"},{\"@type\":\"ListItem\",\"position\":3,\"name\":\"TV Rack Cabinet\"}]},{\"@type\":\"WebSite\",\"@id\":\"https:\/\/sxflightcase.com\/th\/#website\",\"url\":\"https:\/\/sxflightcase.com\/th\/\",\"name\":\"sxpowercase.com\",\"description\":\"Flight Case Factory\",\"publisher\":{\"@id\":\"https:\/\/sxflightcase.com\/th\/#organization\"},\"potentialAction\":[{\"@type\":\"SearchAction\",\"target\":{\"@type\":\"EntryPoint\",\"urlTemplate\":\"https:\/\/sxflightcase.com\/th\/?s={search_term_string}\"},\"query-input\":{\"@type\":\"PropertyValueSpecification\",\"valueRequired\":true,\"valueName\":\"search_term_string\"}}],\"inLanguage\":\"pt-PT\"},{\"@type\":\"Organization\",\"@id\":\"https:\/\/sxflightcase.com\/th\/#organization\",\"name\":\"sxpowercase.com\",\"url\":\"https:\/\/sxflightcase.com\/th\/\",\"logo\":{\"@type\":\"ImageObject\",\"inLanguage\":\"pt-PT\",\"@id\":\"https:\/\/sxflightcase.com\/th\/#\/schema\/logo\/image\/\",\"url\":\"https:\/\/sxflightcase.com\/wp-content\/uploads\/2024\/04\/1713919036007.jpg\",\"contentUrl\":\"https:\/\/sxflightcase.com\/wp-content\/uploads\/2024\/04\/1713919036007.jpg\",\"width\":382,\"height\":388,\"caption\":\"sxpowercase.com\"},\"image\":{\"@id\":\"https:\/\/sxflightcase.com\/th\/#\/schema\/logo\/image\/\"},\"sameAs\":[\"https:\/\/www.facebook.com\/profile.php?id=61560407257971\"],\"numberOfEmployees\":{\"@type\":\"QuantitativeValue\",\"minValue\":\"11\",\"maxValue\":\"50\"}}]}<\/script>\n<!-- \/ Yoast SEO Premium plugin. -->","yoast_head_json":{"title":"TV Rack Cabinet - https:\/\/sxflightcase.com \ud83d\udc97","description":"Arm\u00e1rio de rack para TV: Explore as nossas op\u00e7\u00f5es diretas da f\u00e1brica para personaliza\u00e7\u00e3o profissional, perfeitas para organizar e apresentar a sua televis\u00e3o e equipamento multim\u00e9dia.","robots":{"index":"index","follow":"follow","max-snippet":"max-snippet:-1","max-image-preview":"max-image-preview:large","max-video-preview":"max-video-preview:-1"},"canonical":"https:\/\/sxflightcase.com\/pt\/\u0645\u0646\u062a\u062c\/\u062e\u0632\u0627\u0646\u0629-\u0631\u0641-\u0627\u0644\u062a\u0644\u0641\u0632\u064a\u0648\u0646\/","og_locale":"pt_PT","og_type":"article","og_title":"TV Rack Cabinet","og_description":"TV Rack Cabinet: Explore our factory-direct options for professional customization, perfect for organizing and displaying your television and media equipment.","og_url":"https:\/\/sxflightcase.com\/pt\/\u0645\u0646\u062a\u062c\/\u062e\u0632\u0627\u0646\u0629-\u0631\u0641-\u0627\u0644\u062a\u0644\u0641\u0632\u064a\u0648\u0646\/","og_site_name":"https:\/\/sxflightcase.com","article_publisher":"https:\/\/www.facebook.com\/profile.php?id=61560407257971","article_modified_time":"2024-06-21T02:08:34+00:00","og_image":[{"width":700,"height":700,"url":"https:\/\/sxflightcase.com\/wp-content\/uploads\/2024\/05\/tv-rack-cabinet09272992629.webp","type":"image\/webp"}],"twitter_card":"summary_large_image","twitter_misc":{"Tempo estimado de leitura":"4 minutos"},"schema":{"@context":"https:\/\/schema.org","@graph":[{"@type":"WebPage","@id":"https:\/\/sxflightcase.com\/ar\/\u0645\u0646\u062a\u062c\/\u062e\u0632\u0627\u0646\u0629-\u0631\u0641-\u0627\u0644\u062a\u0644\u0641\u0632\u064a\u0648\u0646\/","url":"https:\/\/sxflightcase.com\/ar\/\u0645\u0646\u062a\u062c\/\u062e\u0632\u0627\u0646\u0629-\u0631\u0641-\u0627\u0644\u062a\u0644\u0641\u0632\u064a\u0648\u0646\/","name":"TV Rack Cabinet - https:\/\/sxflightcase.com \ud83d\udc97","isPartOf":{"@id":"https:\/\/sxflightcase.com\/th\/#website"},"primaryImageOfPage":{"@id":"https:\/\/sxflightcase.com\/ar\/\u0645\u0646\u062a\u062c\/\u062e\u0632\u0627\u0646\u0629-\u0631\u0641-\u0627\u0644\u062a\u0644\u0641\u0632\u064a\u0648\u0646\/#primaryimage"},"image":{"@id":"https:\/\/sxflightcase.com\/ar\/\u0645\u0646\u062a\u062c\/\u062e\u0632\u0627\u0646\u0629-\u0631\u0641-\u0627\u0644\u062a\u0644\u0641\u0632\u064a\u0648\u0646\/#primaryimage"},"thumbnailUrl":"https:\/\/sxflightcase.com\/wp-content\/uploads\/2024\/05\/tv-rack-cabinet09272992629.webp","datePublished":"2024-05-10T06:01:54+00:00","dateModified":"2024-06-21T02:08:34+00:00","description":"Arm\u00e1rio de rack para TV: Explore as nossas op\u00e7\u00f5es diretas da f\u00e1brica para personaliza\u00e7\u00e3o profissional, perfeitas para organizar e apresentar a sua televis\u00e3o e equipamento multim\u00e9dia.","breadcrumb":{"@id":"https:\/\/sxflightcase.com\/ar\/\u0645\u0646\u062a\u062c\/\u062e\u0632\u0627\u0646\u0629-\u0631\u0641-\u0627\u0644\u062a\u0644\u0641\u0632\u064a\u0648\u0646\/#breadcrumb"},"inLanguage":"pt-PT","potentialAction":[{"@type":"ReadAction","target":["https:\/\/sxflightcase.com\/ar\/\u0645\u0646\u062a\u062c\/\u062e\u0632\u0627\u0646\u0629-\u0631\u0641-\u0627\u0644\u062a\u0644\u0641\u0632\u064a\u0648\u0646\/"]}]},{"@type":"ImageObject","inLanguage":"pt-PT","@id":"https:\/\/sxflightcase.com\/ar\/\u0645\u0646\u062a\u062c\/\u062e\u0632\u0627\u0646\u0629-\u0631\u0641-\u0627\u0644\u062a\u0644\u0641\u0632\u064a\u0648\u0646\/#primaryimage","url":"https:\/\/sxflightcase.com\/wp-content\/uploads\/2024\/05\/tv-rack-cabinet09272992629.webp","contentUrl":"https:\/\/sxflightcase.com\/wp-content\/uploads\/2024\/05\/tv-rack-cabinet09272992629.webp","width":700,"height":700,"caption":"TV Rack Cabinet"},{"@type":"BreadcrumbList","@id":"https:\/\/sxflightcase.com\/ar\/\u0645\u0646\u062a\u062c\/\u062e\u0632\u0627\u0646\u0629-\u0631\u0641-\u0627\u0644\u062a\u0644\u0641\u0632\u064a\u0648\u0646\/#breadcrumb","itemListElement":[{"@type":"ListItem","position":1,"name":"Home","item":"https:\/\/sxflightcase.com\/"},{"@type":"ListItem","position":2,"name":"\u0e2a\u0e34\u0e19\u0e04\u0e49\u0e32","item":"https:\/\/sxflightcase.com\/th\/shop\/"},{"@type":"ListItem","position":3,"name":"TV Rack Cabinet"}]},{"@type":"WebSite","@id":"https:\/\/sxflightcase.com\/th\/#website","url":"https:\/\/sxflightcase.com\/th\/","name":"sxpowercase.com","description":"F\u00e1brica de malas de voo","publisher":{"@id":"https:\/\/sxflightcase.com\/th\/#organization"},"potentialAction":[{"@type":"SearchAction","target":{"@type":"EntryPoint","urlTemplate":"https:\/\/sxflightcase.com\/th\/?s={search_term_string}"},"query-input":{"@type":"PropertyValueSpecification","valueRequired":true,"valueName":"search_term_string"}}],"inLanguage":"pt-PT"},{"@type":"Organization","@id":"https:\/\/sxflightcase.com\/th\/#organization","name":"sxpowercase.com","url":"https:\/\/sxflightcase.com\/th\/","logo":{"@type":"ImageObject","inLanguage":"pt-PT","@id":"https:\/\/sxflightcase.com\/th\/#\/schema\/logo\/image\/","url":"https:\/\/sxflightcase.com\/wp-content\/uploads\/2024\/04\/1713919036007.jpg","contentUrl":"https:\/\/sxflightcase.com\/wp-content\/uploads\/2024\/04\/1713919036007.jpg","width":382,"height":388,"caption":"sxpowercase.com"},"image":{"@id":"https:\/\/sxflightcase.com\/th\/#\/schema\/logo\/image\/"},"sameAs":["https:\/\/www.facebook.com\/profile.php?id=61560407257971"],"numberOfEmployees":{"@type":"QuantitativeValue","minValue":"11","maxValue":"50"}}]}},"_links":{"self":[{"href":"https:\/\/sxflightcase.com\/pt\/wp-json\/wp\/v2\/product\/1746","targetHints":{"allow":["GET"]}}],"collection":[{"href":"https:\/\/sxflightcase.com\/pt\/wp-json\/wp\/v2\/product"}],"about":[{"href":"https:\/\/sxflightcase.com\/pt\/wp-json\/wp\/v2\/types\/product"}],"replies":[{"embeddable":true,"href":"https:\/\/sxflightcase.com\/pt\/wp-json\/wp\/v2\/comments?post=1746"}],"version-history":[{"count":0,"href":"https:\/\/sxflightcase.com\/pt\/wp-json\/wp\/v2\/product\/1746\/revisions"}],"wp:featuredmedia":[{"embeddable":true,"href":"https:\/\/sxflightcase.com\/pt\/wp-json\/wp\/v2\/media\/1747"}],"wp:attachment":[{"href":"https:\/\/sxflightcase.com\/pt\/wp-json\/wp\/v2\/media?parent=1746"}],"wp:term":[{"taxonomy":"product_brand","embeddable":true,"href":"https:\/\/sxflightcase.com\/pt\/wp-json\/wp\/v2\/product_brand?post=1746"},{"taxonomy":"product_cat","embeddable":true,"href":"https:\/\/sxflightcase.com\/pt\/wp-json\/wp\/v2\/product_cat?post=1746"},{"taxonomy":"product_tag","embeddable":true,"href":"https:\/\/sxflightcase.com\/pt\/wp-json\/wp\/v2\/product_tag?post=1746"}],"curies":[{"name":"wp","href":"https:\/\/api.w.org\/{rel}","templated":true}]}}