{"id":1751,"date":"2024-05-10T07:04:24","date_gmt":"2024-05-10T06:04:24","guid":{"rendered":"https:\/\/sxpowercase.com\/?post_type=product&#038;p=1751"},"modified":"2024-06-25T09:26:38","modified_gmt":"2024-06-25T08:26:38","slug":"65-inch-tv-unit","status":"publish","type":"product","link":"https:\/\/sxflightcase.com\/pt\/produto\/unidade-de-televisao-de-65-polegadas\/","title":{"rendered":"Unidade de TV de 65 polegadas"},"content":{"rendered":"<p><strong>Par\u00e2metro do produto (especifica\u00e7\u00e3o)<\/strong><\/p>\n<section class=\"table-wrap\">\n<table class=\"table\" width=\"100%\" cellspacing=\"0\" cellpadding=\"0\">\n<tbody>\n<tr class=\"firstRow\">\n<td width=\"134\">Nome do produto<\/td>\n<td width=\"504\">Unidade de televis\u00e3o de 65 polegadas<\/td>\n<\/tr>\n<tr>\n<td width=\"134\">Materiais<\/td>\n<td width=\"504\">Estrutura de alum\u00ednio + contraplacado de 9 mm<br \/>\n4 x fecho borboleta com argolas para encaixar o cadeado (cadeado n\u00e3o fornecido)<br \/>\nTotalmente forrado com espuma de plastazote<br \/>\n4x rod\u00edzios de borracha de 100 mm aparafusados \u00e0 caixa atrav\u00e9s de uma placa de rodas em Birchply de 15 mm (2 t\u00eam trav\u00f5es de bloqueio total) op\u00e7\u00e3o de custo<\/td>\n<\/tr>\n<tr>\n<td width=\"134\">Cor<\/td>\n<td width=\"504\">Preto, azul, vermelho ou personalizado<\/td>\n<\/tr>\n<tr>\n<td width=\"134\">Utiliza\u00e7\u00e3o<\/td>\n<td width=\"504\">Proteger o armazenamento de transporte<\/td>\n<\/tr>\n<\/tbody>\n<\/table>\n<\/section>\n<p><strong>Embalagem e expedi\u00e7\u00e3o<\/strong><\/p>\n<section class=\"table-wrap\">\n<table class=\"table\" width=\"100%\" cellspacing=\"0\" cellpadding=\"0\">\n<tbody>\n<tr class=\"firstRow\">\n<td colspan=\"3\" width=\"100%\">Embalagem e expedi\u00e7\u00e3o<\/td>\n<\/tr>\n<tr>\n<td rowspan=\"3\" width=\"31%\">Tempo de envio<\/td>\n<td width=\"34%\">Por mar<\/td>\n<td width=\"33%\">15-60 dias<\/td>\n<\/tr>\n<tr>\n<td width=\"34%\">De avi\u00e3o<\/td>\n<td width=\"33%\">5-7 dias<\/td>\n<\/tr>\n<tr>\n<td width=\"34%\">Por Expresso<\/td>\n<td width=\"33%\">5-7 dias<\/td>\n<\/tr>\n<tr>\n<td width=\"31%\">Prazo de entrega<\/td>\n<td colspan=\"2\" width=\"68%\">7-10 horas de trabalho ou conforme as suas necessidades<\/td>\n<\/tr>\n<tr>\n<td width=\"31%\">Embalagem<\/td>\n<td colspan=\"2\" width=\"68%\">Por caixa ou como desejar<\/td>\n<\/tr>\n<\/tbody>\n<\/table>\n<\/section>\n<h1>Melhore o seu espa\u00e7o de entretenimento com a unidade de TV de 65 polegadas da SX<\/h1>\n<h2>Ajuste perfeito para o seu televisor de 65 polegadas<\/h2>\n<p>Transforme a sua sala de estar com a <strong>Unidade de TV de 65 polegadas<\/strong> de <a title=\"SX\" href=\"https:\/\/sxpowercase.com\/\" target=\"_blank\" rel=\"noopener\" data-wpil-monitor-id=\"118\">SX<\/a>. Concebida especificamente para televisores de 65 polegadas, esta unidade proporciona um encaixe perfeito, garantindo que o seu televisor fica montado de forma segura e bem apresentado. O design elegante e moderno real\u00e7a a est\u00e9tica de qualquer espa\u00e7o, tornando-o na pe\u00e7a central da sua \u00e1rea de entretenimento.<\/p>\n<h2>Artesanato de alta qualidade<\/h2>\n<h3>Constru\u00eddo para durar<\/h3>\n<p>Na SX, orgulhamo-nos de fornecer produtos de alta qualidade. Os nossos <strong>Unidade de TV de 65 polegadas<\/strong> \u00e9 fabricado com materiais de primeira qualidade, garantindo durabilidade e longevidade. A constru\u00e7\u00e3o robusta pode suportar o peso do seu televisor e de outros dispositivos multim\u00e9dia, proporcionando uma adi\u00e7\u00e3o fi\u00e1vel e elegante \u00e0 sua casa.<\/p>\n<h2>Vendas diretas da f\u00e1brica<\/h2>\n<h3>Excel\u00eancia a pre\u00e7os acess\u00edveis<\/h3>\n<p>Ao oferecer vendas diretas da f\u00e1brica, a SX garante que obt\u00e9m o melhor valor pelo seu dinheiro. Eliminamos os intermedi\u00e1rios, o que nos permite fornecer produtos de alta qualidade a pre\u00e7os competitivos. Os <strong>\u00a0Unidade de TV<\/strong> combina uma qualidade de fabrico superior com um pre\u00e7o acess\u00edvel, o que o torna um excelente investimento para a sua casa.<\/p>\n<h2>Op\u00e7\u00f5es de personaliza\u00e7\u00e3o<\/h2>\n<h3>Adaptado \u00e0s suas necessidades<\/h3>\n<p>Compreendemos que cada casa \u00e9 \u00fanica e que as suas necessidades tamb\u00e9m o s\u00e3o. A SX oferece op\u00e7\u00f5es de personaliza\u00e7\u00e3o para os nossos <strong>\u00a0Unidade de TV<\/strong>. Quer necessite de dimens\u00f5es espec\u00edficas, acabamentos ou carater\u00edsticas adicionais, a nossa equipa est\u00e1 pronta para criar uma unidade que satisfa\u00e7a os seus requisitos exactos. Desfrute de uma solu\u00e7\u00e3o personalizada que complementa a sua decora\u00e7\u00e3o e satisfaz as suas necessidades de armazenamento.<\/p>\n<h2>Organizado e com estilo<\/h2>\n<h3>Melhore a sua experi\u00eancia de entretenimento<\/h3>\n<p>O <strong>Unidade de TV de 65 polegadas<\/strong> da SX n\u00e3o se trata apenas de apoiar o seu televisor; trata-se de melhorar toda a sua experi\u00eancia de entretenimento. Com uma ampla arruma\u00e7\u00e3o para acess\u00f3rios multim\u00e9dia, consolas de jogos e muito mais, esta unidade ajuda a manter a sua sala de estar arrumada e sem desordem. O design moderno com compartimentos e prateleiras cuidadosamente concebidos torna-a numa adi\u00e7\u00e3o elegante \u00e0 sua casa.<\/p>\n<hr \/>\n<p>Melhore o seu espa\u00e7o de vida com a SX <strong>\u00a0Unidade de TV<\/strong>. Contacte-nos hoje para saber mais sobre as nossas vendas diretas da f\u00e1brica e op\u00e7\u00f5es de personaliza\u00e7\u00e3o. Experimente a combina\u00e7\u00e3o perfeita de estilo, funcionalidade e pre\u00e7o acess\u00edvel com a SX e desfrute de uma \u00e1rea de entretenimento bem organizada e esteticamente agrad\u00e1vel.<\/p>\n<p>Hot Tags: Pre\u00e7o baixo, em estoque, amostra gr\u00e1tis, cabo de alimenta\u00e7\u00e3o e sinal, fio de 4 condutores de calibre 16, caixa de suporte de microfone, gabinete de exibi\u00e7\u00e3o de led ao ar livre, montagem em rack, caixas de v\u00f4o de misturador de montagem em rack de 19 \", caixa de distribui\u00e7\u00e3o el\u00e9trica, China, fornecedores, f\u00e1brica, personalizado, atacado, <span style=\"color: #993366;\"><a style=\"color: #993366;\" href=\"https:\/\/sxflightcase.com\/pt\/product-category\/all-product\/power-distribution-boxes\/\">pot\u00eancia<\/a><\/span> caixas,\u00a0<a style=\"color: #993366;\" href=\"https:\/\/sxflightcase.com\/pt\/product-category\/all-product\/hoist-controllers\/\">cabos el\u00e9ctricos<\/a>,\u00a0<a style=\"color: #993366;\" href=\"https:\/\/sxflightcase.com\/pt\/product-category\/all-product\/hoist-controllers\/\">controladores de guinchos<\/a>,\u00a0<a style=\"color: #993366;\" href=\"https:\/\/sxflightcase.com\/pt\/product-category\/all-product\/flight-case\/\">casos de voo.<\/a><\/p>","protected":false},"excerpt":{"rendered":"<h2 class=\"prodetails-name\">Unidade de TV de 65 polegadas<\/h2>\n<p>As malas de voo Shengxiang existem h\u00e1 mais de 10 anos. Todas as malas s\u00e3o concebidas internamente na China. Construiu uma reputa\u00e7\u00e3o de fabrico de malas resistentes de alta qualidade. Estas malas r\u00edgidas de prote\u00e7\u00e3o soberbas oferecem um transporte seguro para equipamento fr\u00e1gil ou dispendioso e s\u00e3o a escolha de profissionais em todo o mundo.<\/p>\n<h2><strong>Introdu\u00e7\u00e3o \u00e0 produ\u00e7\u00e3o<\/strong><\/h2>\n<p>* Encaixe e l\u00edngua f\u00e1ceis de bloquear.<\/p>\n<p>* Suporte e revestimento interior em espuma de alta densidade.<\/p>\n<p>* A\u00e7\u00e3o de mola embutida Pegas por lado.<\/p>\n<p>* Rebites de ancoragem dupla.<\/p>\n<p>* Contraplacado de 3\/8\u2033 laminado certificado da s\u00e9rie Signature.<\/p>\n<p>* Fechos industriais de bloqueio de tor\u00e7\u00e3o em borboleta embutidos que podem ser bloqueados com cadeado.<\/p>\n<p>* Inclui 4 rodas de borracha dur\u00e1veis de perfil baixo de 4\u2033 para mobilidade.<\/p>","protected":false},"featured_media":1752,"comment_status":"open","ping_status":"closed","template":"","meta":[],"product_brand":[],"product_cat":[41],"product_tag":[],"class_list":{"0":"post-1751","1":"product","2":"type-product","3":"status-publish","4":"has-post-thumbnail","6":"product_cat-equipment-cases","8":"first","9":"instock","10":"shipping-taxable","11":"product-type-simple"},"yoast_head":"<!-- This site is optimized with the Yoast SEO Premium plugin v27.1 (Yoast SEO v27.2) - https:\/\/yoast.com\/product\/yoast-seo-premium-wordpress\/ -->\n<title>65 Inch TV Unit - https:\/\/sxflightcase.com \ud83d\udc97<\/title>\n<meta name=\"description\" content=\"65 Inch TV Unit: Explore our factory-direct options for professional customization, perfect for organizing and displaying your television and media equipment.\" \/>\n<meta name=\"robots\" content=\"index, follow, max-snippet:-1, max-image-preview:large, max-video-preview:-1\" \/>\n<link rel=\"canonical\" href=\"https:\/\/sxflightcase.com\/pt\/produkt\/65-tommer-tv-mobel\/\" \/>\n<meta property=\"og:locale\" content=\"pt_PT\" \/>\n<meta property=\"og:type\" content=\"article\" \/>\n<meta property=\"og:title\" content=\"65 Inch TV Unit\" \/>\n<meta property=\"og:description\" content=\"65 Inch TV Unit: Explore our factory-direct options for professional customization, perfect for organizing and displaying your television and media equipment.\" \/>\n<meta property=\"og:url\" content=\"https:\/\/sxflightcase.com\/pt\/produkt\/65-tommer-tv-mobel\/\" \/>\n<meta property=\"og:site_name\" content=\"https:\/\/sxflightcase.com\" \/>\n<meta property=\"article:publisher\" content=\"https:\/\/www.facebook.com\/profile.php?id=61560407257971\" \/>\n<meta property=\"article:modified_time\" content=\"2024-06-25T08:26:38+00:00\" \/>\n<meta property=\"og:image\" content=\"https:\/\/sxflightcase.com\/wp-content\/uploads\/2024\/05\/65-inch-tv-unit12107950179.webp\" \/>\n\t<meta property=\"og:image:width\" content=\"700\" \/>\n\t<meta property=\"og:image:height\" content=\"700\" \/>\n\t<meta property=\"og:image:type\" content=\"image\/webp\" \/>\n<meta name=\"twitter:card\" content=\"summary_large_image\" \/>\n<meta name=\"twitter:label1\" content=\"Tempo estimado de leitura\" \/>\n\t<meta name=\"twitter:data1\" content=\"3 minutos\" \/>\n<script type=\"application\/ld+json\" class=\"yoast-schema-graph\">{\"@context\":\"https:\/\/schema.org\",\"@graph\":[{\"@type\":\"WebPage\",\"@id\":\"https:\/\/sxflightcase.com\/da\/produkt\/65-tommer-tv-mobel\/\",\"url\":\"https:\/\/sxflightcase.com\/da\/produkt\/65-tommer-tv-mobel\/\",\"name\":\"65 Inch TV Unit - https:\/\/sxflightcase.com \ud83d\udc97\",\"isPartOf\":{\"@id\":\"https:\/\/sxflightcase.com\/th\/#website\"},\"primaryImageOfPage\":{\"@id\":\"https:\/\/sxflightcase.com\/da\/produkt\/65-tommer-tv-mobel\/#primaryimage\"},\"image\":{\"@id\":\"https:\/\/sxflightcase.com\/da\/produkt\/65-tommer-tv-mobel\/#primaryimage\"},\"thumbnailUrl\":\"https:\/\/sxflightcase.com\/wp-content\/uploads\/2024\/05\/65-inch-tv-unit12107950179.webp\",\"datePublished\":\"2024-05-10T06:04:24+00:00\",\"dateModified\":\"2024-06-25T08:26:38+00:00\",\"description\":\"65 Inch TV Unit: Explore our factory-direct options for professional customization, perfect for organizing and displaying your television and media equipment.\",\"breadcrumb\":{\"@id\":\"https:\/\/sxflightcase.com\/da\/produkt\/65-tommer-tv-mobel\/#breadcrumb\"},\"inLanguage\":\"pt-PT\",\"potentialAction\":[{\"@type\":\"ReadAction\",\"target\":[\"https:\/\/sxflightcase.com\/da\/produkt\/65-tommer-tv-mobel\/\"]}]},{\"@type\":\"ImageObject\",\"inLanguage\":\"pt-PT\",\"@id\":\"https:\/\/sxflightcase.com\/da\/produkt\/65-tommer-tv-mobel\/#primaryimage\",\"url\":\"https:\/\/sxflightcase.com\/wp-content\/uploads\/2024\/05\/65-inch-tv-unit12107950179.webp\",\"contentUrl\":\"https:\/\/sxflightcase.com\/wp-content\/uploads\/2024\/05\/65-inch-tv-unit12107950179.webp\",\"width\":700,\"height\":700,\"caption\":\"65 Inch TV Unit\"},{\"@type\":\"BreadcrumbList\",\"@id\":\"https:\/\/sxflightcase.com\/da\/produkt\/65-tommer-tv-mobel\/#breadcrumb\",\"itemListElement\":[{\"@type\":\"ListItem\",\"position\":1,\"name\":\"Home\",\"item\":\"https:\/\/sxflightcase.com\/\"},{\"@type\":\"ListItem\",\"position\":2,\"name\":\"\u0e2a\u0e34\u0e19\u0e04\u0e49\u0e32\",\"item\":\"https:\/\/sxflightcase.com\/th\/shop\/\"},{\"@type\":\"ListItem\",\"position\":3,\"name\":\"65 Inch TV Unit\"}]},{\"@type\":\"WebSite\",\"@id\":\"https:\/\/sxflightcase.com\/th\/#website\",\"url\":\"https:\/\/sxflightcase.com\/th\/\",\"name\":\"sxpowercase.com\",\"description\":\"Flight Case Factory\",\"publisher\":{\"@id\":\"https:\/\/sxflightcase.com\/th\/#organization\"},\"potentialAction\":[{\"@type\":\"SearchAction\",\"target\":{\"@type\":\"EntryPoint\",\"urlTemplate\":\"https:\/\/sxflightcase.com\/th\/?s={search_term_string}\"},\"query-input\":{\"@type\":\"PropertyValueSpecification\",\"valueRequired\":true,\"valueName\":\"search_term_string\"}}],\"inLanguage\":\"pt-PT\"},{\"@type\":\"Organization\",\"@id\":\"https:\/\/sxflightcase.com\/th\/#organization\",\"name\":\"sxpowercase.com\",\"url\":\"https:\/\/sxflightcase.com\/th\/\",\"logo\":{\"@type\":\"ImageObject\",\"inLanguage\":\"pt-PT\",\"@id\":\"https:\/\/sxflightcase.com\/th\/#\/schema\/logo\/image\/\",\"url\":\"https:\/\/sxflightcase.com\/wp-content\/uploads\/2024\/04\/1713919036007.jpg\",\"contentUrl\":\"https:\/\/sxflightcase.com\/wp-content\/uploads\/2024\/04\/1713919036007.jpg\",\"width\":382,\"height\":388,\"caption\":\"sxpowercase.com\"},\"image\":{\"@id\":\"https:\/\/sxflightcase.com\/th\/#\/schema\/logo\/image\/\"},\"sameAs\":[\"https:\/\/www.facebook.com\/profile.php?id=61560407257971\"],\"numberOfEmployees\":{\"@type\":\"QuantitativeValue\",\"minValue\":\"11\",\"maxValue\":\"50\"}}]}<\/script>\n<!-- \/ Yoast SEO Premium plugin. -->","yoast_head_json":{"title":"65 Inch TV Unit - https:\/\/sxflightcase.com \ud83d\udc97","description":"Unidade de TV de 65 polegadas: Explore as nossas op\u00e7\u00f5es diretas da f\u00e1brica para personaliza\u00e7\u00e3o profissional, perfeitas para organizar e apresentar a sua televis\u00e3o e equipamento multim\u00e9dia.","robots":{"index":"index","follow":"follow","max-snippet":"max-snippet:-1","max-image-preview":"max-image-preview:large","max-video-preview":"max-video-preview:-1"},"canonical":"https:\/\/sxflightcase.com\/pt\/produkt\/65-tommer-tv-mobel\/","og_locale":"pt_PT","og_type":"article","og_title":"65 Inch TV Unit","og_description":"65 Inch TV Unit: Explore our factory-direct options for professional customization, perfect for organizing and displaying your television and media equipment.","og_url":"https:\/\/sxflightcase.com\/pt\/produkt\/65-tommer-tv-mobel\/","og_site_name":"https:\/\/sxflightcase.com","article_publisher":"https:\/\/www.facebook.com\/profile.php?id=61560407257971","article_modified_time":"2024-06-25T08:26:38+00:00","og_image":[{"width":700,"height":700,"url":"https:\/\/sxflightcase.com\/wp-content\/uploads\/2024\/05\/65-inch-tv-unit12107950179.webp","type":"image\/webp"}],"twitter_card":"summary_large_image","twitter_misc":{"Tempo estimado de leitura":"3 minutos"},"schema":{"@context":"https:\/\/schema.org","@graph":[{"@type":"WebPage","@id":"https:\/\/sxflightcase.com\/da\/produkt\/65-tommer-tv-mobel\/","url":"https:\/\/sxflightcase.com\/da\/produkt\/65-tommer-tv-mobel\/","name":"65 Inch TV Unit - https:\/\/sxflightcase.com \ud83d\udc97","isPartOf":{"@id":"https:\/\/sxflightcase.com\/th\/#website"},"primaryImageOfPage":{"@id":"https:\/\/sxflightcase.com\/da\/produkt\/65-tommer-tv-mobel\/#primaryimage"},"image":{"@id":"https:\/\/sxflightcase.com\/da\/produkt\/65-tommer-tv-mobel\/#primaryimage"},"thumbnailUrl":"https:\/\/sxflightcase.com\/wp-content\/uploads\/2024\/05\/65-inch-tv-unit12107950179.webp","datePublished":"2024-05-10T06:04:24+00:00","dateModified":"2024-06-25T08:26:38+00:00","description":"Unidade de TV de 65 polegadas: Explore as nossas op\u00e7\u00f5es diretas da f\u00e1brica para personaliza\u00e7\u00e3o profissional, perfeitas para organizar e apresentar a sua televis\u00e3o e equipamento multim\u00e9dia.","breadcrumb":{"@id":"https:\/\/sxflightcase.com\/da\/produkt\/65-tommer-tv-mobel\/#breadcrumb"},"inLanguage":"pt-PT","potentialAction":[{"@type":"ReadAction","target":["https:\/\/sxflightcase.com\/da\/produkt\/65-tommer-tv-mobel\/"]}]},{"@type":"ImageObject","inLanguage":"pt-PT","@id":"https:\/\/sxflightcase.com\/da\/produkt\/65-tommer-tv-mobel\/#primaryimage","url":"https:\/\/sxflightcase.com\/wp-content\/uploads\/2024\/05\/65-inch-tv-unit12107950179.webp","contentUrl":"https:\/\/sxflightcase.com\/wp-content\/uploads\/2024\/05\/65-inch-tv-unit12107950179.webp","width":700,"height":700,"caption":"65 Inch TV Unit"},{"@type":"BreadcrumbList","@id":"https:\/\/sxflightcase.com\/da\/produkt\/65-tommer-tv-mobel\/#breadcrumb","itemListElement":[{"@type":"ListItem","position":1,"name":"Home","item":"https:\/\/sxflightcase.com\/"},{"@type":"ListItem","position":2,"name":"\u0e2a\u0e34\u0e19\u0e04\u0e49\u0e32","item":"https:\/\/sxflightcase.com\/th\/shop\/"},{"@type":"ListItem","position":3,"name":"65 Inch TV Unit"}]},{"@type":"WebSite","@id":"https:\/\/sxflightcase.com\/th\/#website","url":"https:\/\/sxflightcase.com\/th\/","name":"sxpowercase.com","description":"F\u00e1brica de malas de voo","publisher":{"@id":"https:\/\/sxflightcase.com\/th\/#organization"},"potentialAction":[{"@type":"SearchAction","target":{"@type":"EntryPoint","urlTemplate":"https:\/\/sxflightcase.com\/th\/?s={search_term_string}"},"query-input":{"@type":"PropertyValueSpecification","valueRequired":true,"valueName":"search_term_string"}}],"inLanguage":"pt-PT"},{"@type":"Organization","@id":"https:\/\/sxflightcase.com\/th\/#organization","name":"sxpowercase.com","url":"https:\/\/sxflightcase.com\/th\/","logo":{"@type":"ImageObject","inLanguage":"pt-PT","@id":"https:\/\/sxflightcase.com\/th\/#\/schema\/logo\/image\/","url":"https:\/\/sxflightcase.com\/wp-content\/uploads\/2024\/04\/1713919036007.jpg","contentUrl":"https:\/\/sxflightcase.com\/wp-content\/uploads\/2024\/04\/1713919036007.jpg","width":382,"height":388,"caption":"sxpowercase.com"},"image":{"@id":"https:\/\/sxflightcase.com\/th\/#\/schema\/logo\/image\/"},"sameAs":["https:\/\/www.facebook.com\/profile.php?id=61560407257971"],"numberOfEmployees":{"@type":"QuantitativeValue","minValue":"11","maxValue":"50"}}]}},"_links":{"self":[{"href":"https:\/\/sxflightcase.com\/pt\/wp-json\/wp\/v2\/product\/1751","targetHints":{"allow":["GET"]}}],"collection":[{"href":"https:\/\/sxflightcase.com\/pt\/wp-json\/wp\/v2\/product"}],"about":[{"href":"https:\/\/sxflightcase.com\/pt\/wp-json\/wp\/v2\/types\/product"}],"replies":[{"embeddable":true,"href":"https:\/\/sxflightcase.com\/pt\/wp-json\/wp\/v2\/comments?post=1751"}],"version-history":[{"count":0,"href":"https:\/\/sxflightcase.com\/pt\/wp-json\/wp\/v2\/product\/1751\/revisions"}],"wp:featuredmedia":[{"embeddable":true,"href":"https:\/\/sxflightcase.com\/pt\/wp-json\/wp\/v2\/media\/1752"}],"wp:attachment":[{"href":"https:\/\/sxflightcase.com\/pt\/wp-json\/wp\/v2\/media?parent=1751"}],"wp:term":[{"taxonomy":"product_brand","embeddable":true,"href":"https:\/\/sxflightcase.com\/pt\/wp-json\/wp\/v2\/product_brand?post=1751"},{"taxonomy":"product_cat","embeddable":true,"href":"https:\/\/sxflightcase.com\/pt\/wp-json\/wp\/v2\/product_cat?post=1751"},{"taxonomy":"product_tag","embeddable":true,"href":"https:\/\/sxflightcase.com\/pt\/wp-json\/wp\/v2\/product_tag?post=1751"}],"curies":[{"name":"wp","href":"https:\/\/api.w.org\/{rel}","templated":true}]}}