{"id":1756,"date":"2024-05-10T07:10:35","date_gmt":"2024-05-10T06:10:35","guid":{"rendered":"https:\/\/sxpowercase.com\/?post_type=product&#038;p=1756"},"modified":"2024-06-21T03:14:52","modified_gmt":"2024-06-21T02:14:52","slug":"led-screen-cabinet","status":"publish","type":"product","link":"https:\/\/sxflightcase.com\/pt\/produto\/armario-com-ecra-led\/","title":{"rendered":"Arm\u00e1rio de ecr\u00e3 LED"},"content":{"rendered":"<h3><strong>Par\u00e2metro do produto (especifica\u00e7\u00e3o)<\/strong><\/h3>\n<section class=\"table-wrap\">\n<table class=\"table\" width=\"100%\" cellspacing=\"0\" cellpadding=\"0\">\n<tbody>\n<tr class=\"firstRow\">\n<td width=\"134\">Tampa<\/td>\n<td width=\"504\">Amov\u00edvel<\/td>\n<\/tr>\n<tr>\n<td width=\"134\">Rodas<\/td>\n<td width=\"504\">Rodas com trav\u00e3o duplo - f\u00e1ceis de mover e parar<\/td>\n<\/tr>\n<tr>\n<td width=\"134\">Cor<\/td>\n<td width=\"504\">Preto, branco, azul, vermelho, laranja, verde, amarelo, roxo<\/td>\n<\/tr>\n<tr>\n<td width=\"134\">Tempo de trabalho<\/td>\n<td width=\"504\">5~7dias<\/td>\n<\/tr>\n<\/tbody>\n<\/table>\n<\/section>\n<p><strong>Embalagem e expedi\u00e7\u00e3o<\/strong><\/p>\n<section class=\"table-wrap\">\n<table class=\"table\" width=\"100%\" cellspacing=\"0\" cellpadding=\"0\">\n<tbody>\n<tr class=\"firstRow\">\n<td colspan=\"3\" width=\"100%\">Embalagem e expedi\u00e7\u00e3o<\/td>\n<\/tr>\n<tr>\n<td rowspan=\"3\" width=\"31%\">Tempo de envio<\/td>\n<td width=\"34%\">Por mar<\/td>\n<td width=\"33%\">15-60 dias<\/td>\n<\/tr>\n<tr>\n<td width=\"34%\">De avi\u00e3o<\/td>\n<td width=\"33%\">5-7 dias<\/td>\n<\/tr>\n<tr>\n<td width=\"34%\">Por Expresso<\/td>\n<td width=\"33%\">5-7 dias<\/td>\n<\/tr>\n<tr>\n<td width=\"31%\">Prazo de entrega<\/td>\n<td colspan=\"2\" width=\"68%\">7-10 horas de trabalho ou conforme as suas necessidades<\/td>\n<\/tr>\n<tr>\n<td width=\"31%\">Embalagem<\/td>\n<td colspan=\"2\" width=\"68%\">Por caixa ou como desejar<\/td>\n<\/tr>\n<\/tbody>\n<\/table>\n<\/section>\n<h1>Melhore o seu ecr\u00e3 com o arm\u00e1rio de ecr\u00e3 LED da SX<\/h1>\n<h2>Prote\u00e7\u00e3o e ecr\u00e3 de \u00faltima gera\u00e7\u00e3o<\/h2>\n<p>Transforme a configura\u00e7\u00e3o do seu ecr\u00e3 digital com o arm\u00e1rio para ecr\u00e3 LED da <a href=\"https:\/\/sxpowercase.com\/\" target=\"_blank\" rel=\"noopener\" title=\"SX\" data-wpil-monitor-id=\"119\">SX<\/a>. Concebida para oferecer a melhor prote\u00e7\u00e3o e uma experi\u00eancia de visualiza\u00e7\u00e3o melhorada, esta estrutura garante que os seus ecr\u00e3s LED est\u00e3o alojados de forma segura, mantendo uma visibilidade \u00f3ptima. Quer seja para uso comercial ou pessoal, este arm\u00e1rio d\u00e1 um toque profissional a qualquer instala\u00e7\u00e3o.<\/p>\n<h2>Artesanato de alta qualidade<\/h2>\n<h3>Constru\u00eddo para durabilidade<\/h3>\n<p>A SX orgulha-se de fornecer produtos da mais elevada qualidade. O nosso arm\u00e1rio para ecr\u00e3s LED \u00e9 constru\u00eddo com materiais de primeira qualidade, garantindo que resiste ao teste do tempo. O design robusto protege os seus ecr\u00e3s LED de danos externos, proporcionando uma solu\u00e7\u00e3o fi\u00e1vel e duradoura para todas as suas necessidades de visualiza\u00e7\u00e3o.<\/p>\n<h2>Vendas diretas da f\u00e1brica<\/h2>\n<h3>Valor inigual\u00e1vel<\/h3>\n<p>Ao oferecer vendas diretas da f\u00e1brica, a SX garante-lhe o melhor valor para o seu investimento. A elimina\u00e7\u00e3o do intermedi\u00e1rio permite-nos fornecer produtos de topo a pre\u00e7os competitivos. O arm\u00e1rio para ecr\u00e3 LED combina uma durabilidade excecional com um pre\u00e7o acess\u00edvel, o que o torna uma escolha inteligente tanto para empresas como para particulares.<\/p>\n<h2>Op\u00e7\u00f5es de personaliza\u00e7\u00e3o<\/h2>\n<h3>Solu\u00e7\u00f5es \u00e0 medida<\/h3>\n<p>Cada configura\u00e7\u00e3o de ecr\u00e3 \u00e9 \u00fanica, e a SX compreende a import\u00e2ncia da personaliza\u00e7\u00e3o. O nosso Arm\u00e1rio para Ecr\u00e3 LED \u00e9 fornecido com v\u00e1rias op\u00e7\u00f5es de personaliza\u00e7\u00e3o para se adequar \u00e0s suas necessidades espec\u00edficas. Quer necessite de dimens\u00f5es espec\u00edficas, acabamentos ou carater\u00edsticas adicionais, podemos adaptar o arm\u00e1rio para satisfazer os seus requisitos exactos. Desfrute de uma solu\u00e7\u00e3o que se adapta perfeitamente ao seu ambiente de visualiza\u00e7\u00e3o.<\/p>\n<h2>Design elegante e moderno<\/h2>\n<h3>Melhore o seu apelo visual<\/h3>\n<p>O arm\u00e1rio para ecr\u00e3s LED da SX n\u00e3o s\u00f3 protege os seus ecr\u00e3s, como tamb\u00e9m melhora o aspeto visual geral da sua instala\u00e7\u00e3o. Com um design elegante e moderno, este arm\u00e1rio integra-se perfeitamente em qualquer ambiente, acrescentando um toque de sofistica\u00e7\u00e3o. O seu design cuidado garante um acesso f\u00e1cil e a manuten\u00e7\u00e3o dos seus ecr\u00e3s LED.<\/p>\n<hr \/>\n<p>Eleve a sua experi\u00eancia de visualiza\u00e7\u00e3o com o arm\u00e1rio de ecr\u00e3 LED SX. Contacte-nos hoje para saber mais sobre as nossas vendas diretas da f\u00e1brica e op\u00e7\u00f5es de personaliza\u00e7\u00e3o. Descubra a combina\u00e7\u00e3o perfeita de prote\u00e7\u00e3o, funcionalidade e estilo com o SX e desfrute de uma configura\u00e7\u00e3o de ecr\u00e3 bem protegida e visualmente apelativa.<\/p>\n<p><strong>FAQ<\/strong><\/p>\n<p>Pagamento: podemos aceitar o pagamento via T\/T, Western union.etc. Como a transfer\u00eancia banc\u00e1ria (T \/ T) \u00e9 adequada para grandes encomendas, para pequenas encomendas, \u00e9 melhor pagar via Western Union, que \u00e9 f\u00e1cil, r\u00e1pido e seguro.<\/p>\n<p>Transporte: oferecemos muitas op\u00e7\u00f5es de transporte para os nossos clientes, temos uma boa rela\u00e7\u00e3o com a empresa de transporte diretamente, como APL, Cosco, CMA e assim por diante, podemos ajud\u00e1-lo a economizar custos de transporte<\/p>\n<p>Impostos de importa\u00e7\u00e3o: podemos ajud\u00e1-lo a reduzir e evitar impostos de importa\u00e7\u00e3o, declarando o pre\u00e7o mais baixo, se tiver alguma d\u00favida, entre em contacto connosco a qualquer momento, esperamos uma longa coopera\u00e7\u00e3o consigo.<\/p>\n<p>Embalagem: oferecemos muitas op\u00e7\u00f5es de embalagem para os nossos clientes, tais como <a class=\"wpil_keyword_link\" href=\"https:\/\/sxpowercase.com\/product-category\/all-product\/flight-case\/\" target=\"_blank\" rel=\"noopener\" title=\"mala de voo\" data-wpil-keyword-link=\"linked\" data-wpil-monitor-id=\"415\">mala de voo<\/a> Carrinho e caixa de cart\u00e3o e saco de transporte e saco de bolhas, etc. Tamb\u00e9m est\u00e3o dispon\u00edveis outras op\u00e7\u00f5es de embalagem personalizadas<\/p>\n<p>Hot Tags: Pre\u00e7o baixo, em estoque, amostra gr\u00e1tis, cabo de alimenta\u00e7\u00e3o e sinal, fio de 4 condutores de calibre 16, caixa de suporte de microfone, gabinete de exibi\u00e7\u00e3o de led ao ar livre, montagem em rack, caixas de v\u00f4o de misturador de montagem em rack de 19 \", caixa de distribui\u00e7\u00e3o el\u00e9trica, China, fornecedores, f\u00e1brica, personalizado, atacado, gabinete de tela de LED,<span style=\"color: #993366;\"><a style=\"color: #993366;\" href=\"https:\/\/sxflightcase.com\/pt\/product-category\/all-product\/power-distribution-boxes\/\">caixas el\u00e9ctricas<\/a>,\u00a0<a style=\"color: #993366;\" href=\"https:\/\/sxflightcase.com\/pt\/product-category\/all-product\/hoist-controllers\/\">cabos el\u00e9ctricos<\/a>,\u00a0<a style=\"color: #993366;\" href=\"https:\/\/sxflightcase.com\/pt\/product-category\/all-product\/hoist-controllers\/\">controladores de guinchos<\/a>,\u00a0<a style=\"color: #993366;\" href=\"https:\/\/sxflightcase.com\/pt\/product-category\/all-product\/flight-case\/\">casos de voo.<\/a><\/span><\/p>","protected":false},"excerpt":{"rendered":"<h2 class=\"prodetails-name\">Arm\u00e1rio de ecr\u00e3 LED<\/h2>\n<p>O nosso configurador de malas de voo pode ajud\u00e1-lo a planear a sua pr\u00f3pria mala personalizada. Quaisquer altera\u00e7\u00f5es que fa\u00e7a durante o processo de conce\u00e7\u00e3o s\u00e3o efectuadas em tempo real, \u00e0 sua frente, na pr\u00e9-visualiza\u00e7\u00e3o em 3D. O pre\u00e7o tamb\u00e9m est\u00e1 imediatamente dispon\u00edvel - sem necessidade de pedir um or\u00e7amento nem de esperar por uma resposta. Para al\u00e9m das carater\u00edsticas b\u00e1sicas, como as dimens\u00f5es, os materiais e as cores da mala, pode tamb\u00e9m selecionar livremente pegas, forros, acess\u00f3rios adicionais, bem como acrescentar numerosos extras, como rodas, recessos para rodas, pratos para etiquetas tur\u00edsticas, etc.<\/p>\n<h2><strong>Introdu\u00e7\u00e3o \u00e0 produ\u00e7\u00e3o<\/strong><\/h2>\n<p>Arm\u00e1rio com ecr\u00e3 LED<\/p>\n<p>1. Utilizar contraplacado s\u00f3lido de alta intensidade de 9mm\/12mm.<\/p>\n<p>2. A espuma densa de 50 mm de altura proporciona um sistema \u00e0 prova de choque.<\/p>\n<p>3. Prote\u00e7\u00e3o interior em EVA Ultra-DUR<\/p>\n<p>4. Interior facilmente ajust\u00e1vel<\/p>\n<p>5. Extrus\u00e3o de alum\u00ednio de \u00e2ngulo duplo, linguetas e ranhuras de alum\u00ednio<\/p>\n<p>6. Rodas resistentes de 3,5 polegadas ou 4 polegadas (2 com bloqueio, 2 sem bloqueio)<\/p>\n<p>7. Tampas amov\u00edveis que fixam 50mm com folha de espuma perolada de 8mm.<\/p>\n<p>8. Calhas de suporte dianteiras e traseiras standard<\/p>","protected":false},"featured_media":1757,"comment_status":"open","ping_status":"closed","template":"","meta":[],"product_brand":[],"product_cat":[41],"product_tag":[],"class_list":{"0":"post-1756","1":"product","2":"type-product","3":"status-publish","4":"has-post-thumbnail","6":"product_cat-equipment-cases","8":"first","9":"instock","10":"shipping-taxable","11":"product-type-simple"},"yoast_head":"<!-- This site is optimized with the Yoast SEO Premium plugin v27.1 (Yoast SEO v27.2) - https:\/\/yoast.com\/product\/yoast-seo-premium-wordpress\/ -->\n<title>LED Screen Cabinet - https:\/\/sxflightcase.com \ud83d\udc97<\/title>\n<meta name=\"description\" content=\"LED Screen Cabinet: Explore our factory-direct options for professional customization, perfect for organizing and displaying your television and media equipment.\" \/>\n<meta name=\"robots\" content=\"index, follow, max-snippet:-1, max-image-preview:large, max-video-preview:-1\" \/>\n<link rel=\"canonical\" href=\"https:\/\/sxflightcase.com\/pt\/produk\/led-screen-cabinet\/\" \/>\n<meta property=\"og:locale\" content=\"pt_PT\" \/>\n<meta property=\"og:type\" content=\"article\" \/>\n<meta property=\"og:title\" content=\"LED Screen Cabinet\" \/>\n<meta property=\"og:description\" content=\"LED Screen Cabinet: Explore our factory-direct options for professional customization, perfect for organizing and displaying your television and media equipment.\" \/>\n<meta property=\"og:url\" content=\"https:\/\/sxflightcase.com\/pt\/produk\/led-screen-cabinet\/\" \/>\n<meta property=\"og:site_name\" content=\"https:\/\/sxflightcase.com\" \/>\n<meta property=\"article:publisher\" content=\"https:\/\/www.facebook.com\/profile.php?id=61560407257971\" \/>\n<meta property=\"article:modified_time\" content=\"2024-06-21T02:14:52+00:00\" \/>\n<meta property=\"og:image\" content=\"https:\/\/sxflightcase.com\/wp-content\/uploads\/2024\/05\/led-screen-cabinet25295279606.webp\" \/>\n\t<meta property=\"og:image:width\" content=\"700\" \/>\n\t<meta property=\"og:image:height\" content=\"700\" \/>\n\t<meta property=\"og:image:type\" content=\"image\/webp\" \/>\n<meta name=\"twitter:card\" content=\"summary_large_image\" \/>\n<meta name=\"twitter:label1\" content=\"Tempo estimado de leitura\" \/>\n\t<meta name=\"twitter:data1\" content=\"4 minutos\" \/>\n<script type=\"application\/ld+json\" class=\"yoast-schema-graph\">{\"@context\":\"https:\/\/schema.org\",\"@graph\":[{\"@type\":\"WebPage\",\"@id\":\"https:\/\/sxflightcase.com\/af\/produk\/led-screen-cabinet\/\",\"url\":\"https:\/\/sxflightcase.com\/af\/produk\/led-screen-cabinet\/\",\"name\":\"LED Screen Cabinet - https:\/\/sxflightcase.com \ud83d\udc97\",\"isPartOf\":{\"@id\":\"https:\/\/sxflightcase.com\/th\/#website\"},\"primaryImageOfPage\":{\"@id\":\"https:\/\/sxflightcase.com\/af\/produk\/led-screen-cabinet\/#primaryimage\"},\"image\":{\"@id\":\"https:\/\/sxflightcase.com\/af\/produk\/led-screen-cabinet\/#primaryimage\"},\"thumbnailUrl\":\"https:\/\/sxflightcase.com\/wp-content\/uploads\/2024\/05\/led-screen-cabinet25295279606.webp\",\"datePublished\":\"2024-05-10T06:10:35+00:00\",\"dateModified\":\"2024-06-21T02:14:52+00:00\",\"description\":\"LED Screen Cabinet: Explore our factory-direct options for professional customization, perfect for organizing and displaying your television and media equipment.\",\"breadcrumb\":{\"@id\":\"https:\/\/sxflightcase.com\/af\/produk\/led-screen-cabinet\/#breadcrumb\"},\"inLanguage\":\"pt-PT\",\"potentialAction\":[{\"@type\":\"ReadAction\",\"target\":[\"https:\/\/sxflightcase.com\/af\/produk\/led-screen-cabinet\/\"]}]},{\"@type\":\"ImageObject\",\"inLanguage\":\"pt-PT\",\"@id\":\"https:\/\/sxflightcase.com\/af\/produk\/led-screen-cabinet\/#primaryimage\",\"url\":\"https:\/\/sxflightcase.com\/wp-content\/uploads\/2024\/05\/led-screen-cabinet25295279606.webp\",\"contentUrl\":\"https:\/\/sxflightcase.com\/wp-content\/uploads\/2024\/05\/led-screen-cabinet25295279606.webp\",\"width\":700,\"height\":700,\"caption\":\"LED Screen Cabinet\"},{\"@type\":\"BreadcrumbList\",\"@id\":\"https:\/\/sxflightcase.com\/af\/produk\/led-screen-cabinet\/#breadcrumb\",\"itemListElement\":[{\"@type\":\"ListItem\",\"position\":1,\"name\":\"Home\",\"item\":\"https:\/\/sxflightcase.com\/\"},{\"@type\":\"ListItem\",\"position\":2,\"name\":\"\u0e2a\u0e34\u0e19\u0e04\u0e49\u0e32\",\"item\":\"https:\/\/sxflightcase.com\/th\/shop\/\"},{\"@type\":\"ListItem\",\"position\":3,\"name\":\"LED Screen Cabinet\"}]},{\"@type\":\"WebSite\",\"@id\":\"https:\/\/sxflightcase.com\/th\/#website\",\"url\":\"https:\/\/sxflightcase.com\/th\/\",\"name\":\"sxpowercase.com\",\"description\":\"Flight Case Factory\",\"publisher\":{\"@id\":\"https:\/\/sxflightcase.com\/th\/#organization\"},\"potentialAction\":[{\"@type\":\"SearchAction\",\"target\":{\"@type\":\"EntryPoint\",\"urlTemplate\":\"https:\/\/sxflightcase.com\/th\/?s={search_term_string}\"},\"query-input\":{\"@type\":\"PropertyValueSpecification\",\"valueRequired\":true,\"valueName\":\"search_term_string\"}}],\"inLanguage\":\"pt-PT\"},{\"@type\":\"Organization\",\"@id\":\"https:\/\/sxflightcase.com\/th\/#organization\",\"name\":\"sxpowercase.com\",\"url\":\"https:\/\/sxflightcase.com\/th\/\",\"logo\":{\"@type\":\"ImageObject\",\"inLanguage\":\"pt-PT\",\"@id\":\"https:\/\/sxflightcase.com\/th\/#\/schema\/logo\/image\/\",\"url\":\"https:\/\/sxflightcase.com\/wp-content\/uploads\/2024\/04\/1713919036007.jpg\",\"contentUrl\":\"https:\/\/sxflightcase.com\/wp-content\/uploads\/2024\/04\/1713919036007.jpg\",\"width\":382,\"height\":388,\"caption\":\"sxpowercase.com\"},\"image\":{\"@id\":\"https:\/\/sxflightcase.com\/th\/#\/schema\/logo\/image\/\"},\"sameAs\":[\"https:\/\/www.facebook.com\/profile.php?id=61560407257971\"],\"numberOfEmployees\":{\"@type\":\"QuantitativeValue\",\"minValue\":\"11\",\"maxValue\":\"50\"}}]}<\/script>\n<!-- \/ Yoast SEO Premium plugin. -->","yoast_head_json":{"title":"LED Screen Cabinet - https:\/\/sxflightcase.com \ud83d\udc97","description":"Arm\u00e1rio para ecr\u00e3s LED: Explore as nossas op\u00e7\u00f5es diretas da f\u00e1brica para personaliza\u00e7\u00e3o profissional, perfeitas para organizar e apresentar a sua televis\u00e3o e equipamento multim\u00e9dia.","robots":{"index":"index","follow":"follow","max-snippet":"max-snippet:-1","max-image-preview":"max-image-preview:large","max-video-preview":"max-video-preview:-1"},"canonical":"https:\/\/sxflightcase.com\/pt\/produk\/led-screen-cabinet\/","og_locale":"pt_PT","og_type":"article","og_title":"LED Screen Cabinet","og_description":"LED Screen Cabinet: Explore our factory-direct options for professional customization, perfect for organizing and displaying your television and media equipment.","og_url":"https:\/\/sxflightcase.com\/pt\/produk\/led-screen-cabinet\/","og_site_name":"https:\/\/sxflightcase.com","article_publisher":"https:\/\/www.facebook.com\/profile.php?id=61560407257971","article_modified_time":"2024-06-21T02:14:52+00:00","og_image":[{"width":700,"height":700,"url":"https:\/\/sxflightcase.com\/wp-content\/uploads\/2024\/05\/led-screen-cabinet25295279606.webp","type":"image\/webp"}],"twitter_card":"summary_large_image","twitter_misc":{"Tempo estimado de leitura":"4 minutos"},"schema":{"@context":"https:\/\/schema.org","@graph":[{"@type":"WebPage","@id":"https:\/\/sxflightcase.com\/af\/produk\/led-screen-cabinet\/","url":"https:\/\/sxflightcase.com\/af\/produk\/led-screen-cabinet\/","name":"LED Screen Cabinet - https:\/\/sxflightcase.com \ud83d\udc97","isPartOf":{"@id":"https:\/\/sxflightcase.com\/th\/#website"},"primaryImageOfPage":{"@id":"https:\/\/sxflightcase.com\/af\/produk\/led-screen-cabinet\/#primaryimage"},"image":{"@id":"https:\/\/sxflightcase.com\/af\/produk\/led-screen-cabinet\/#primaryimage"},"thumbnailUrl":"https:\/\/sxflightcase.com\/wp-content\/uploads\/2024\/05\/led-screen-cabinet25295279606.webp","datePublished":"2024-05-10T06:10:35+00:00","dateModified":"2024-06-21T02:14:52+00:00","description":"Arm\u00e1rio para ecr\u00e3s LED: Explore as nossas op\u00e7\u00f5es diretas da f\u00e1brica para personaliza\u00e7\u00e3o profissional, perfeitas para organizar e apresentar a sua televis\u00e3o e equipamento multim\u00e9dia.","breadcrumb":{"@id":"https:\/\/sxflightcase.com\/af\/produk\/led-screen-cabinet\/#breadcrumb"},"inLanguage":"pt-PT","potentialAction":[{"@type":"ReadAction","target":["https:\/\/sxflightcase.com\/af\/produk\/led-screen-cabinet\/"]}]},{"@type":"ImageObject","inLanguage":"pt-PT","@id":"https:\/\/sxflightcase.com\/af\/produk\/led-screen-cabinet\/#primaryimage","url":"https:\/\/sxflightcase.com\/wp-content\/uploads\/2024\/05\/led-screen-cabinet25295279606.webp","contentUrl":"https:\/\/sxflightcase.com\/wp-content\/uploads\/2024\/05\/led-screen-cabinet25295279606.webp","width":700,"height":700,"caption":"LED Screen Cabinet"},{"@type":"BreadcrumbList","@id":"https:\/\/sxflightcase.com\/af\/produk\/led-screen-cabinet\/#breadcrumb","itemListElement":[{"@type":"ListItem","position":1,"name":"Home","item":"https:\/\/sxflightcase.com\/"},{"@type":"ListItem","position":2,"name":"\u0e2a\u0e34\u0e19\u0e04\u0e49\u0e32","item":"https:\/\/sxflightcase.com\/th\/shop\/"},{"@type":"ListItem","position":3,"name":"LED Screen Cabinet"}]},{"@type":"WebSite","@id":"https:\/\/sxflightcase.com\/th\/#website","url":"https:\/\/sxflightcase.com\/th\/","name":"sxpowercase.com","description":"F\u00e1brica de malas de voo","publisher":{"@id":"https:\/\/sxflightcase.com\/th\/#organization"},"potentialAction":[{"@type":"SearchAction","target":{"@type":"EntryPoint","urlTemplate":"https:\/\/sxflightcase.com\/th\/?s={search_term_string}"},"query-input":{"@type":"PropertyValueSpecification","valueRequired":true,"valueName":"search_term_string"}}],"inLanguage":"pt-PT"},{"@type":"Organization","@id":"https:\/\/sxflightcase.com\/th\/#organization","name":"sxpowercase.com","url":"https:\/\/sxflightcase.com\/th\/","logo":{"@type":"ImageObject","inLanguage":"pt-PT","@id":"https:\/\/sxflightcase.com\/th\/#\/schema\/logo\/image\/","url":"https:\/\/sxflightcase.com\/wp-content\/uploads\/2024\/04\/1713919036007.jpg","contentUrl":"https:\/\/sxflightcase.com\/wp-content\/uploads\/2024\/04\/1713919036007.jpg","width":382,"height":388,"caption":"sxpowercase.com"},"image":{"@id":"https:\/\/sxflightcase.com\/th\/#\/schema\/logo\/image\/"},"sameAs":["https:\/\/www.facebook.com\/profile.php?id=61560407257971"],"numberOfEmployees":{"@type":"QuantitativeValue","minValue":"11","maxValue":"50"}}]}},"_links":{"self":[{"href":"https:\/\/sxflightcase.com\/pt\/wp-json\/wp\/v2\/product\/1756","targetHints":{"allow":["GET"]}}],"collection":[{"href":"https:\/\/sxflightcase.com\/pt\/wp-json\/wp\/v2\/product"}],"about":[{"href":"https:\/\/sxflightcase.com\/pt\/wp-json\/wp\/v2\/types\/product"}],"replies":[{"embeddable":true,"href":"https:\/\/sxflightcase.com\/pt\/wp-json\/wp\/v2\/comments?post=1756"}],"version-history":[{"count":0,"href":"https:\/\/sxflightcase.com\/pt\/wp-json\/wp\/v2\/product\/1756\/revisions"}],"wp:featuredmedia":[{"embeddable":true,"href":"https:\/\/sxflightcase.com\/pt\/wp-json\/wp\/v2\/media\/1757"}],"wp:attachment":[{"href":"https:\/\/sxflightcase.com\/pt\/wp-json\/wp\/v2\/media?parent=1756"}],"wp:term":[{"taxonomy":"product_brand","embeddable":true,"href":"https:\/\/sxflightcase.com\/pt\/wp-json\/wp\/v2\/product_brand?post=1756"},{"taxonomy":"product_cat","embeddable":true,"href":"https:\/\/sxflightcase.com\/pt\/wp-json\/wp\/v2\/product_cat?post=1756"},{"taxonomy":"product_tag","embeddable":true,"href":"https:\/\/sxflightcase.com\/pt\/wp-json\/wp\/v2\/product_tag?post=1756"}],"curies":[{"name":"wp","href":"https:\/\/api.w.org\/{rel}","templated":true}]}}