{"id":1764,"date":"2024-05-10T07:19:39","date_gmt":"2024-05-10T06:19:39","guid":{"rendered":"https:\/\/sxpowercase.com\/?post_type=product&#038;p=1764"},"modified":"2024-06-21T02:29:53","modified_gmt":"2024-06-21T01:29:53","slug":"cable-packer","status":"publish","type":"product","link":"https:\/\/sxflightcase.com\/pt\/produto\/embalador-de-cabos\/","title":{"rendered":"Embalador de cabos"},"content":{"rendered":"<h3><strong>Par\u00e2metro do produto (especifica\u00e7\u00e3o)<\/strong><\/h3>\n<section class=\"table-wrap\">\n<table class=\"table\" width=\"100%\" cellspacing=\"0\" cellpadding=\"0\">\n<tbody>\n<tr class=\"firstRow\">\n<td width=\"148\">Nome do produto:<\/td>\n<td width=\"569\">Empacotador de cabos<\/td>\n<\/tr>\n<tr>\n<td width=\"148\">Dimens\u00e3o:<\/td>\n<td width=\"569\">Fabricamos sempre 1000x500x500mm, 1200x600x600mm ou por encomenda<\/td>\n<\/tr>\n<tr>\n<td width=\"148\">Cor:<\/td>\n<td width=\"569\">preto \/vermelho \/azul, etc. ou qualquer cor que desejar<\/td>\n<\/tr>\n<tr>\n<td width=\"148\">Materiais :<\/td>\n<td width=\"569\">Alum\u00ednio + MADEIRA + painel ABS+Ferragens+Espuma<\/td>\n<\/tr>\n<tr>\n<td width=\"148\">Condi\u00e7\u00f5es comerciais:<\/td>\n<td width=\"569\">Ex-work \/ FOB \/ CIF \/ DDU<\/td>\n<\/tr>\n<tr>\n<td width=\"148\">Prazo de pagamento:<\/td>\n<td width=\"569\">Dep\u00f3sito T\/T 30% e 70% antes da expedi\u00e7\u00e3o, Western Union, etc.<\/td>\n<\/tr>\n<tr>\n<td width=\"148\">Carater\u00edstica:<\/td>\n<td width=\"569\">1) Design elegante, dur\u00e1vel e econ\u00f3mico<br \/>\n2) Artesanato fino e design especial<br \/>\n3) Quaisquer desenhos, log\u00f3tipos podem ser impressos ou bordados<br \/>\n4) S\u00e3o aceites tamanhos, log\u00f3tipos e desenhos personalizados<\/td>\n<\/tr>\n<tr>\n<td width=\"148\">outro:<\/td>\n<td width=\"569\">Fornecemos um servi\u00e7o completo, conce\u00e7\u00e3o, produ\u00e7\u00e3o e embalagem<br \/>\nQualidade superior, pre\u00e7o de fabrico e bom servi\u00e7o<br \/>\nOEM &amp;LOGO \u00e9 oferecido<\/td>\n<\/tr>\n<\/tbody>\n<\/table>\n<\/section>\n<p><strong>Embalagem e expedi\u00e7\u00e3o<\/strong><\/p>\n<section class=\"table-wrap\">\n<table class=\"table\" width=\"100%\" cellspacing=\"0\" cellpadding=\"0\">\n<tbody>\n<tr class=\"firstRow\">\n<td colspan=\"3\" width=\"100%\">Embalagem e expedi\u00e7\u00e3o<\/td>\n<\/tr>\n<tr>\n<td rowspan=\"3\" width=\"33%\">Tempo de envio<\/td>\n<td width=\"33%\">Por mar<\/td>\n<td width=\"33%\">15-60 dias<\/td>\n<\/tr>\n<tr>\n<td width=\"33%\">De avi\u00e3o<\/td>\n<td width=\"33%\">4-9 dias<\/td>\n<\/tr>\n<tr>\n<td width=\"33%\">Por expresso<\/td>\n<td width=\"33%\">4-9 dias<\/td>\n<\/tr>\n<tr>\n<td width=\"33%\">Prazo de entrega<\/td>\n<td colspan=\"2\" width=\"66%\">7-15 horas de trabalho ou conforme as suas necessidades<\/td>\n<\/tr>\n<tr>\n<td width=\"33%\">Embalagem<\/td>\n<td colspan=\"2\" width=\"66%\">Por caixa ou conforme a sua necessidade<\/td>\n<\/tr>\n<\/tbody>\n<\/table>\n<\/section>\n<h1>Mantenha os seus cabos organizados com o SX Cable Packer<\/h1>\n<h2>A derradeira solu\u00e7\u00e3o de gest\u00e3o de cabos<\/h2>\n<p>Os cabos emaranhados s\u00e3o uma coisa do passado com o <strong>Embalador de cabos<\/strong> por <a href=\"https:\/\/sxpowercase.com\/\" target=\"_blank\" rel=\"noopener\" title=\"SX\" data-wpil-monitor-id=\"121\">SX<\/a>. Concebido para profissionais e entusiastas da tecnologia, este produto inovador mant\u00e9m os seus cabos bem organizados, evitando danos e poupando-lhe tempo.<\/p>\n<h2>Personalizado para as suas necessidades<\/h2>\n<h3>Design vers\u00e1til<\/h3>\n<p>O SX oferece o <strong>Embalador de cabos<\/strong> em v\u00e1rios tamanhos e configura\u00e7\u00f5es para acomodar diferentes tipos de cabos. Quer necessite de armazenar <a href=\"https:\/\/sxpowercase.com\/product-category\/all-product\/power-cables\/\" target=\"_blank\" rel=\"noopener\" title=\"cabos el\u00e9ctricos\" data-wpil-monitor-id=\"261\">cabos el\u00e9ctricos<\/a>Os nossos cabos de dados, cabos de \u00e1udio ou cabos de dados, as nossas op\u00e7\u00f5es personaliz\u00e1veis garantem que encontra a solu\u00e7\u00e3o perfeita.<\/p>\n<h2>Diretamente do fabricante<\/h2>\n<h3>Vendas diretas da f\u00e1brica<\/h3>\n<p>Ao comprar diretamente \u00e0 SX, beneficia de vendas diretas da f\u00e1brica, garantindo que recebe produtos de alta qualidade a pre\u00e7os competitivos. O nosso compromisso com a excel\u00eancia significa que obt\u00e9m um empacotador de cabos fi\u00e1vel que resiste \u00e0 utiliza\u00e7\u00e3o di\u00e1ria.<\/p>\n<h2>Constru\u00eddo para durabilidade<\/h2>\n<h3>Robusto e fi\u00e1vel<\/h3>\n<p>Constru\u00eddo a partir de materiais duradouros, o <strong>Embalador de cabos<\/strong> \u00e9 constru\u00eddo para durar. Protege os seus cabos do desgaste, tornando-se uma ferramenta essencial para quem transporta ou utiliza cabos com frequ\u00eancia.<\/p>\n<h2>Melhore o seu espa\u00e7o de trabalho<\/h2>\n<h3>Organiza\u00e7\u00e3o profissional<\/h3>\n<p>Um espa\u00e7o de trabalho bem organizado aumenta a produtividade. Com o SX <strong>Embalador de cabos<\/strong>Se for um profissional, pode manter uma organiza\u00e7\u00e3o arrumada e eficiente, impressionando clientes e colegas com a sua aten\u00e7\u00e3o aos pormenores e profissionalismo.<\/p>\n<hr \/>\n<p>Diga adeus \u00e0 confus\u00e3o de cabos e ol\u00e1 \u00e0 organiza\u00e7\u00e3o simplificada com o SX <strong>Embalador de cabos<\/strong>. Contacte-nos hoje para saber mais sobre as nossas op\u00e7\u00f5es personaliz\u00e1veis e para fazer a sua encomenda diretamente ao fabricante.<\/p>\n<p><strong>FAQ<\/strong><\/p>\n<p>P: Como posso obter uma amostra?<\/p>\n<p>R: Geralmente, a nossa amostra ser\u00e1 cobrada. mas reembolsaremos Quando encomendar, a amostra ser\u00e1 entregue por expresso, como DHL, TNT, FEDEX, EMS etc.<\/p>\n<p>P: Fazem caixas personalizadas?<\/p>\n<p>R: Sim. Com cerca de 10 anos de experi\u00eancia OEM\/ODM, podemos ajud\u00e1-lo a conceber<\/p>\n<p>o caso de acordo com as suas necessidades com o nosso conhecimento profissional.<\/p>\n<p>P: Que formas de pagamento podem ser aceites?<\/p>\n<p>A: T\/T, Western Union, etc. Aceitamos qualquer termo de pagamento conveniente e r\u00e1pido.<\/p>\n<p>Hot Tags: Pre\u00e7o baixo, em estoque, amostra gr\u00e1tis, cabo de alimenta\u00e7\u00e3o e sinal, fio de 4 condutores de calibre 16, caixa de suporte de microfone, gabinete de exibi\u00e7\u00e3o de led ao ar livre, montagem em rack, caixas de v\u00f4o de misturador de montagem em rack de 19 \", caixa de distribui\u00e7\u00e3o el\u00e9trica, China, fornecedores, f\u00e1brica, personalizado, atacado, <span style=\"color: #993366;\"><a style=\"color: #993366;\" href=\"https:\/\/sxflightcase.com\/pt\/product-category\/all-product\/power-distribution-boxes\/\">caixas el\u00e9ctricas<\/a>,\u00a0<a style=\"color: #993366;\" href=\"https:\/\/sxflightcase.com\/pt\/product-category\/all-product\/hoist-controllers\/\">cabos el\u00e9ctricos<\/a>,\u00a0<a style=\"color: #993366;\" href=\"https:\/\/sxflightcase.com\/pt\/product-category\/all-product\/hoist-controllers\/\">controladores de guinchos<\/a>,\u00a0<a style=\"color: #993366;\" href=\"https:\/\/sxflightcase.com\/pt\/product-category\/all-product\/flight-case\/\">casos de voo.<\/a><\/span><\/p>","protected":false},"excerpt":{"rendered":"<h2 class=\"prodetails-name\">Embalador de cabos<\/h2>\n<p>Este acondicionador de cabos \u00e9 perfeito para cabos e equipamentos importantes que necessitam de prote\u00e7\u00e3o de qualidade e de um transporte suave e sem esfor\u00e7o. As rodas de borracha resistentes mant\u00eam-no em movimento, mas n\u00e3o se preocupar\u00e1 com a integridade do seu equipamento devido \u00e0s carater\u00edsticas de durabilidade, tais como cantos esf\u00e9ricos resistentes e fechos de borboleta. Esta mala flex\u00edvel pode conter todo o tipo de equipamento ou acess\u00f3rios sem ter de se preocupar com o banco ou com as suas costas!<\/p>\n<h2><strong>Introdu\u00e7\u00e3o \u00e0 produ\u00e7\u00e3o<\/strong><\/h2>\n<p>Constru\u00e7\u00e3o resistente, 3 divis\u00f5es ajust\u00e1veis e um tabuleiro amov\u00edvel<\/p>\n<p>Fechos e puxadores embutidos<\/p>\n<p>Tampa com dobradi\u00e7as, rod\u00edzios de borracha (2 com trav\u00e3o)<\/p>\n<p>Peso do artigo 30 kg<\/p>\n<p>Design moderno de v\u00e1rios estilos.<\/p>\n<p>Rebordo totalmente em alum\u00ednio, anel de fixa\u00e7\u00e3o em metal, tecido avan\u00e7ado, antepara em material comp\u00f3sito e esponja gratuita.<\/p>\n<p>Pega confort\u00e1vel, flex\u00edvel e f\u00e1cil de transportar.<\/p>","protected":false},"featured_media":1765,"comment_status":"open","ping_status":"closed","template":"","meta":[],"product_brand":[],"product_cat":[36],"product_tag":[],"class_list":{"0":"post-1764","1":"product","2":"type-product","3":"status-publish","4":"has-post-thumbnail","6":"product_cat-cables-cases","8":"first","9":"instock","10":"shipping-taxable","11":"product-type-simple"},"yoast_head":"<!-- This site is optimized with the Yoast SEO Premium plugin v27.1 (Yoast SEO v27.2) - https:\/\/yoast.com\/product\/yoast-seo-premium-wordpress\/ -->\n<title>Cable Packer - https:\/\/sxflightcase.com \ud83d\udc97<\/title>\n<meta name=\"description\" content=\"Cable Packer: Discover our factory-direct options for professional customization, perfect for organizing and managing cables efficiently.\" \/>\n<meta name=\"robots\" content=\"index, follow, max-snippet:-1, max-image-preview:large, max-video-preview:-1\" \/>\n<link rel=\"canonical\" href=\"https:\/\/sxflightcase.com\/pt\/produto\/embalador-de-cabos\/\" \/>\n<meta property=\"og:locale\" content=\"pt_PT\" \/>\n<meta property=\"og:type\" content=\"article\" \/>\n<meta property=\"og:title\" content=\"Cable Packer\" \/>\n<meta property=\"og:description\" content=\"Cable Packer: Discover our factory-direct options for professional customization, perfect for organizing and managing cables efficiently.\" \/>\n<meta property=\"og:url\" content=\"https:\/\/sxflightcase.com\/pt\/produto\/embalador-de-cabos\/\" \/>\n<meta property=\"og:site_name\" content=\"https:\/\/sxflightcase.com\" \/>\n<meta property=\"article:publisher\" content=\"https:\/\/www.facebook.com\/profile.php?id=61560407257971\" \/>\n<meta property=\"article:modified_time\" content=\"2024-06-21T01:29:53+00:00\" \/>\n<meta property=\"og:image\" content=\"https:\/\/sxflightcase.com\/wp-content\/uploads\/2024\/05\/cable-packer49022167594.webp\" \/>\n\t<meta property=\"og:image:width\" content=\"750\" \/>\n\t<meta property=\"og:image:height\" content=\"750\" \/>\n\t<meta property=\"og:image:type\" content=\"image\/webp\" \/>\n<meta name=\"twitter:card\" content=\"summary_large_image\" \/>\n<meta name=\"twitter:label1\" content=\"Tempo estimado de leitura\" \/>\n\t<meta name=\"twitter:data1\" content=\"3 minutos\" \/>\n<script type=\"application\/ld+json\" class=\"yoast-schema-graph\">{\"@context\":\"https:\/\/schema.org\",\"@graph\":[{\"@type\":\"WebPage\",\"@id\":\"https:\/\/sxflightcase.com\/product\/cable-packer\/\",\"url\":\"https:\/\/sxflightcase.com\/product\/cable-packer\/\",\"name\":\"Cable Packer - https:\/\/sxflightcase.com \ud83d\udc97\",\"isPartOf\":{\"@id\":\"https:\/\/sxflightcase.com\/th\/#website\"},\"primaryImageOfPage\":{\"@id\":\"https:\/\/sxflightcase.com\/product\/cable-packer\/#primaryimage\"},\"image\":{\"@id\":\"https:\/\/sxflightcase.com\/product\/cable-packer\/#primaryimage\"},\"thumbnailUrl\":\"https:\/\/sxflightcase.com\/wp-content\/uploads\/2024\/05\/cable-packer49022167594.webp\",\"datePublished\":\"2024-05-10T06:19:39+00:00\",\"dateModified\":\"2024-06-21T01:29:53+00:00\",\"description\":\"Cable Packer: Discover our factory-direct options for professional customization, perfect for organizing and managing cables efficiently.\",\"breadcrumb\":{\"@id\":\"https:\/\/sxflightcase.com\/product\/cable-packer\/#breadcrumb\"},\"inLanguage\":\"pt-PT\",\"potentialAction\":[{\"@type\":\"ReadAction\",\"target\":[\"https:\/\/sxflightcase.com\/product\/cable-packer\/\"]}]},{\"@type\":\"ImageObject\",\"inLanguage\":\"pt-PT\",\"@id\":\"https:\/\/sxflightcase.com\/product\/cable-packer\/#primaryimage\",\"url\":\"https:\/\/sxflightcase.com\/wp-content\/uploads\/2024\/05\/cable-packer49022167594.webp\",\"contentUrl\":\"https:\/\/sxflightcase.com\/wp-content\/uploads\/2024\/05\/cable-packer49022167594.webp\",\"width\":750,\"height\":750,\"caption\":\"Cable Packer\"},{\"@type\":\"BreadcrumbList\",\"@id\":\"https:\/\/sxflightcase.com\/product\/cable-packer\/#breadcrumb\",\"itemListElement\":[{\"@type\":\"ListItem\",\"position\":1,\"name\":\"Home\",\"item\":\"https:\/\/sxflightcase.com\/\"},{\"@type\":\"ListItem\",\"position\":2,\"name\":\"\u0e2a\u0e34\u0e19\u0e04\u0e49\u0e32\",\"item\":\"https:\/\/sxflightcase.com\/th\/shop\/\"},{\"@type\":\"ListItem\",\"position\":3,\"name\":\"Cable Packer\"}]},{\"@type\":\"WebSite\",\"@id\":\"https:\/\/sxflightcase.com\/th\/#website\",\"url\":\"https:\/\/sxflightcase.com\/th\/\",\"name\":\"sxpowercase.com\",\"description\":\"Flight Case Factory\",\"publisher\":{\"@id\":\"https:\/\/sxflightcase.com\/th\/#organization\"},\"potentialAction\":[{\"@type\":\"SearchAction\",\"target\":{\"@type\":\"EntryPoint\",\"urlTemplate\":\"https:\/\/sxflightcase.com\/th\/?s={search_term_string}\"},\"query-input\":{\"@type\":\"PropertyValueSpecification\",\"valueRequired\":true,\"valueName\":\"search_term_string\"}}],\"inLanguage\":\"pt-PT\"},{\"@type\":\"Organization\",\"@id\":\"https:\/\/sxflightcase.com\/th\/#organization\",\"name\":\"sxpowercase.com\",\"url\":\"https:\/\/sxflightcase.com\/th\/\",\"logo\":{\"@type\":\"ImageObject\",\"inLanguage\":\"pt-PT\",\"@id\":\"https:\/\/sxflightcase.com\/th\/#\/schema\/logo\/image\/\",\"url\":\"https:\/\/sxflightcase.com\/wp-content\/uploads\/2024\/04\/1713919036007.jpg\",\"contentUrl\":\"https:\/\/sxflightcase.com\/wp-content\/uploads\/2024\/04\/1713919036007.jpg\",\"width\":382,\"height\":388,\"caption\":\"sxpowercase.com\"},\"image\":{\"@id\":\"https:\/\/sxflightcase.com\/th\/#\/schema\/logo\/image\/\"},\"sameAs\":[\"https:\/\/www.facebook.com\/profile.php?id=61560407257971\"],\"numberOfEmployees\":{\"@type\":\"QuantitativeValue\",\"minValue\":\"11\",\"maxValue\":\"50\"}}]}<\/script>\n<!-- \/ Yoast SEO Premium plugin. -->","yoast_head_json":{"title":"Cable Packer - https:\/\/sxflightcase.com \ud83d\udc97","description":"Embalador de cabos: Descubra as nossas op\u00e7\u00f5es diretas da f\u00e1brica para personaliza\u00e7\u00e3o profissional, perfeitas para organizar e gerir os cabos de forma eficiente.","robots":{"index":"index","follow":"follow","max-snippet":"max-snippet:-1","max-image-preview":"max-image-preview:large","max-video-preview":"max-video-preview:-1"},"canonical":"https:\/\/sxflightcase.com\/pt\/produto\/embalador-de-cabos\/","og_locale":"pt_PT","og_type":"article","og_title":"Cable Packer","og_description":"Cable Packer: Discover our factory-direct options for professional customization, perfect for organizing and managing cables efficiently.","og_url":"https:\/\/sxflightcase.com\/pt\/produto\/embalador-de-cabos\/","og_site_name":"https:\/\/sxflightcase.com","article_publisher":"https:\/\/www.facebook.com\/profile.php?id=61560407257971","article_modified_time":"2024-06-21T01:29:53+00:00","og_image":[{"width":750,"height":750,"url":"https:\/\/sxflightcase.com\/wp-content\/uploads\/2024\/05\/cable-packer49022167594.webp","type":"image\/webp"}],"twitter_card":"summary_large_image","twitter_misc":{"Tempo estimado de leitura":"3 minutos"},"schema":{"@context":"https:\/\/schema.org","@graph":[{"@type":"WebPage","@id":"https:\/\/sxflightcase.com\/product\/cable-packer\/","url":"https:\/\/sxflightcase.com\/product\/cable-packer\/","name":"Cable Packer - https:\/\/sxflightcase.com \ud83d\udc97","isPartOf":{"@id":"https:\/\/sxflightcase.com\/th\/#website"},"primaryImageOfPage":{"@id":"https:\/\/sxflightcase.com\/product\/cable-packer\/#primaryimage"},"image":{"@id":"https:\/\/sxflightcase.com\/product\/cable-packer\/#primaryimage"},"thumbnailUrl":"https:\/\/sxflightcase.com\/wp-content\/uploads\/2024\/05\/cable-packer49022167594.webp","datePublished":"2024-05-10T06:19:39+00:00","dateModified":"2024-06-21T01:29:53+00:00","description":"Embalador de cabos: Descubra as nossas op\u00e7\u00f5es diretas da f\u00e1brica para personaliza\u00e7\u00e3o profissional, perfeitas para organizar e gerir os cabos de forma eficiente.","breadcrumb":{"@id":"https:\/\/sxflightcase.com\/product\/cable-packer\/#breadcrumb"},"inLanguage":"pt-PT","potentialAction":[{"@type":"ReadAction","target":["https:\/\/sxflightcase.com\/product\/cable-packer\/"]}]},{"@type":"ImageObject","inLanguage":"pt-PT","@id":"https:\/\/sxflightcase.com\/product\/cable-packer\/#primaryimage","url":"https:\/\/sxflightcase.com\/wp-content\/uploads\/2024\/05\/cable-packer49022167594.webp","contentUrl":"https:\/\/sxflightcase.com\/wp-content\/uploads\/2024\/05\/cable-packer49022167594.webp","width":750,"height":750,"caption":"Cable Packer"},{"@type":"BreadcrumbList","@id":"https:\/\/sxflightcase.com\/product\/cable-packer\/#breadcrumb","itemListElement":[{"@type":"ListItem","position":1,"name":"Home","item":"https:\/\/sxflightcase.com\/"},{"@type":"ListItem","position":2,"name":"\u0e2a\u0e34\u0e19\u0e04\u0e49\u0e32","item":"https:\/\/sxflightcase.com\/th\/shop\/"},{"@type":"ListItem","position":3,"name":"Cable Packer"}]},{"@type":"WebSite","@id":"https:\/\/sxflightcase.com\/th\/#website","url":"https:\/\/sxflightcase.com\/th\/","name":"sxpowercase.com","description":"F\u00e1brica de malas de voo","publisher":{"@id":"https:\/\/sxflightcase.com\/th\/#organization"},"potentialAction":[{"@type":"SearchAction","target":{"@type":"EntryPoint","urlTemplate":"https:\/\/sxflightcase.com\/th\/?s={search_term_string}"},"query-input":{"@type":"PropertyValueSpecification","valueRequired":true,"valueName":"search_term_string"}}],"inLanguage":"pt-PT"},{"@type":"Organization","@id":"https:\/\/sxflightcase.com\/th\/#organization","name":"sxpowercase.com","url":"https:\/\/sxflightcase.com\/th\/","logo":{"@type":"ImageObject","inLanguage":"pt-PT","@id":"https:\/\/sxflightcase.com\/th\/#\/schema\/logo\/image\/","url":"https:\/\/sxflightcase.com\/wp-content\/uploads\/2024\/04\/1713919036007.jpg","contentUrl":"https:\/\/sxflightcase.com\/wp-content\/uploads\/2024\/04\/1713919036007.jpg","width":382,"height":388,"caption":"sxpowercase.com"},"image":{"@id":"https:\/\/sxflightcase.com\/th\/#\/schema\/logo\/image\/"},"sameAs":["https:\/\/www.facebook.com\/profile.php?id=61560407257971"],"numberOfEmployees":{"@type":"QuantitativeValue","minValue":"11","maxValue":"50"}}]}},"_links":{"self":[{"href":"https:\/\/sxflightcase.com\/pt\/wp-json\/wp\/v2\/product\/1764","targetHints":{"allow":["GET"]}}],"collection":[{"href":"https:\/\/sxflightcase.com\/pt\/wp-json\/wp\/v2\/product"}],"about":[{"href":"https:\/\/sxflightcase.com\/pt\/wp-json\/wp\/v2\/types\/product"}],"replies":[{"embeddable":true,"href":"https:\/\/sxflightcase.com\/pt\/wp-json\/wp\/v2\/comments?post=1764"}],"version-history":[{"count":0,"href":"https:\/\/sxflightcase.com\/pt\/wp-json\/wp\/v2\/product\/1764\/revisions"}],"wp:featuredmedia":[{"embeddable":true,"href":"https:\/\/sxflightcase.com\/pt\/wp-json\/wp\/v2\/media\/1765"}],"wp:attachment":[{"href":"https:\/\/sxflightcase.com\/pt\/wp-json\/wp\/v2\/media?parent=1764"}],"wp:term":[{"taxonomy":"product_brand","embeddable":true,"href":"https:\/\/sxflightcase.com\/pt\/wp-json\/wp\/v2\/product_brand?post=1764"},{"taxonomy":"product_cat","embeddable":true,"href":"https:\/\/sxflightcase.com\/pt\/wp-json\/wp\/v2\/product_cat?post=1764"},{"taxonomy":"product_tag","embeddable":true,"href":"https:\/\/sxflightcase.com\/pt\/wp-json\/wp\/v2\/product_tag?post=1764"}],"curies":[{"name":"wp","href":"https:\/\/api.w.org\/{rel}","templated":true}]}}