{"id":1774,"date":"2024-05-10T07:28:50","date_gmt":"2024-05-10T06:28:50","guid":{"rendered":"https:\/\/sxpowercase.com\/?post_type=product&#038;p=1774"},"modified":"2024-06-20T03:28:08","modified_gmt":"2024-06-20T02:28:08","slug":"cable-case","status":"publish","type":"product","link":"https:\/\/sxflightcase.com\/pt\/produto\/caixa-de-cabos\/","title":{"rendered":"Fabrico de caixas de cabos"},"content":{"rendered":"<h3><strong>Par\u00e2metro do produto (especifica\u00e7\u00e3o)<\/strong><\/h3>\n<section class=\"table-wrap\">\n<table class=\"table\" width=\"100%\" cellspacing=\"0\" cellpadding=\"0\">\n<tbody>\n<tr class=\"firstRow\">\n<td width=\"147\">Nome do produto:<\/td>\n<td width=\"566\">Caixa para cabos<\/td>\n<\/tr>\n<tr>\n<td width=\"147\">Dimens\u00e3o:<\/td>\n<td width=\"566\">Fabricamos sempre 1000x500x500mm, 1200x600x600mm ou por encomenda<\/td>\n<\/tr>\n<tr>\n<td width=\"147\">Cor:<\/td>\n<td width=\"566\">preto \/vermelho \/azul, etc. ou qualquer cor que desejar<\/td>\n<\/tr>\n<tr>\n<td width=\"147\">Materiais :<\/td>\n<td width=\"566\">Alum\u00ednio + MADEIRA + painel ABS+Ferragens+Espuma<\/td>\n<\/tr>\n<tr>\n<td width=\"147\">Log\u00f3tipo :<\/td>\n<td width=\"566\">Dispon\u00edvel para log\u00f3tipo serigr\u00e1fico \/ log\u00f3tipo em relevo \/ log\u00f3tipo a laser<\/td>\n<\/tr>\n<tr>\n<td width=\"147\">MOQ:<\/td>\n<td width=\"566\">10 unidades<\/td>\n<\/tr>\n<tr>\n<td width=\"147\">Tempo de amostragem :<\/td>\n<td width=\"566\">5-7 dias<\/td>\n<\/tr>\n<tr>\n<td width=\"147\">Tempo de produ\u00e7\u00e3o :<\/td>\n<td width=\"566\">4 semanas ap\u00f3s a confirma\u00e7\u00e3o da encomenda<\/td>\n<\/tr>\n<tr>\n<td width=\"147\">Porto de embarque:<\/td>\n<td width=\"566\">Shenzhen, Guangzhou, Hong Kong<\/td>\n<\/tr>\n<tr>\n<td width=\"147\">Condi\u00e7\u00f5es comerciais:<\/td>\n<td width=\"566\">Ex-work \/ FOB \/ CIF \/ DDU<\/td>\n<\/tr>\n<tr>\n<td width=\"147\">Prazo de pagamento:<\/td>\n<td width=\"566\">Dep\u00f3sito T\/T 30% e 70% antes da expedi\u00e7\u00e3o, Western Union, etc.<\/td>\n<\/tr>\n<tr>\n<td width=\"147\">Carater\u00edstica:<\/td>\n<td width=\"566\">1) Design elegante, dur\u00e1vel e econ\u00f3mico<br \/>\n2) Artesanato fino e design especial<br \/>\n3) Quaisquer desenhos, log\u00f3tipos podem ser impressos ou bordados<br \/>\n4) S\u00e3o aceites tamanhos, log\u00f3tipos e desenhos personalizados<\/td>\n<\/tr>\n<tr>\n<td width=\"147\">outro:<\/td>\n<td width=\"566\">Fornecemos um servi\u00e7o completo, conce\u00e7\u00e3o, produ\u00e7\u00e3o e embalagem<br \/>\nQualidade superior, pre\u00e7o de fabrico e bom servi\u00e7o<br \/>\nOEM &amp;LOGO \u00e9 oferecido<\/td>\n<\/tr>\n<\/tbody>\n<\/table>\n<\/section>\n<h1>L\u00edder no fabrico de caixas para cabos com a SX<\/h1>\n<h2>Qualidade e design superiores<\/h2>\n<p>Em <a href=\"https:\/\/sxpowercase.com\/\" target=\"_blank\" rel=\"noopener\" title=\"SX\" data-wpil-monitor-id=\"123\">SX<\/a>A nossa empresa \u00e9 especializada no fabrico de caixas para cabos, fornecendo solu\u00e7\u00f5es de armazenamento de alto n\u00edvel para todas as suas necessidades de gest\u00e3o de cabos. As nossas caixas s\u00e3o fabricadas com materiais de alta qualidade, garantindo durabilidade e desempenho duradouro. A SX combina uma qualidade superior com um design inovador, fazendo das nossas caixas para cabos a melhor escolha tanto para profissionais como para utilizadores comuns.<\/p>\n<h2>Solu\u00e7\u00f5es personalizadas para cada necessidade<\/h2>\n<h3>Adaptado \u00e0s suas especifica\u00e7\u00f5es<\/h3>\n<p>A SX compreende que cada cliente tem requisitos \u00fanicos. \u00c9 por isso que oferecemos servi\u00e7os personalizados no nosso processo de fabrico de caixas para cabos. Quer necessite de dimens\u00f5es espec\u00edficas, compartimentos adicionais ou marca personalizada, a SX pode adaptar os nossos produtos para satisfazer as suas necessidades exactas. Melhore o seu neg\u00f3cio com as nossas solu\u00e7\u00f5es personalizadas, concebidas para tornar a gest\u00e3o de cabos mais eficiente e eficaz.<\/p>\n<h3>Aspeto profissional<\/h3>\n<p>Um espa\u00e7o de trabalho sem confus\u00e3o tem um aspeto mais profissional e pode impressionar clientes e colegas. O design elegante das caixas para cabos SX d\u00e1 um toque de profissionalismo \u00e0 sua configura\u00e7\u00e3o, ajudando-o a causar uma \u00f3ptima impress\u00e3o. Escolha a SX para um estojo para cabos que combina funcionalidade e estilo.<\/p>\n<h2>Vendas diretas da f\u00e1brica para um valor imbat\u00edvel<\/h2>\n<h3>Pre\u00e7os competitivos<\/h3>\n<p>Ao vender diretamente da nossa f\u00e1brica, a SX elimina o intermedi\u00e1rio, permitindo-nos oferecer as nossas caixas para cabos a pre\u00e7os imbat\u00edveis. Desfrute de produtos de alta qualidade sem o pre\u00e7o elevado. O nosso modelo de vendas diretas da f\u00e1brica garante que obt\u00e9m o melhor valor pelo seu dinheiro, tornando a SX a escolha inteligente para as suas necessidades de gest\u00e3o de cabos.<\/p>\n<h3>Impulsionar o seu neg\u00f3cio<\/h3>\n<p>Investir em caixas para cabos de qualidade da SX pode melhorar significativamente as suas opera\u00e7\u00f5es comerciais. Ao manter os seus cabos organizados e facilmente acess\u00edveis, pode aumentar a efici\u00eancia e a produtividade. As nossas malas duradouras e personaliz\u00e1veis garantem que os seus cabos est\u00e3o sempre protegidos e prontos a utilizar.<\/p>\n<h2>Servi\u00e7o eficiente e fi\u00e1vel<\/h2>\n<h3>Entrega r\u00e1pida<\/h3>\n<p>A SX est\u00e1 empenhada em fornecer um servi\u00e7o eficiente e fi\u00e1vel. A partir do momento em que faz a sua encomenda, a nossa equipa trabalha diligentemente para garantir uma produ\u00e7\u00e3o r\u00e1pida e uma entrega r\u00e1pida. Pode confiar na SX para entregar prontamente as suas caixas para cabos personalizadas, para que possa come\u00e7ar a beneficiar imediatamente das nossas solu\u00e7\u00f5es de armazenamento de alta qualidade.<\/p>\n<h3>Clientes satisfeitos<\/h3>\n<p>A nossa dedica\u00e7\u00e3o \u00e0 qualidade e \u00e0 satisfa\u00e7\u00e3o do cliente granjeou-nos uma base de clientes fi\u00e9is. \"As malas para cabos SX s\u00e3o um divisor de \u00e1guas\", afirma James, um empres\u00e1rio do sector tecnol\u00f3gico. \"As carater\u00edsticas personalizadas e a durabilidade tornam-nas perfeitas para as minhas necessidades comerciais\", acrescenta Sarah, uma profissional de TI. Junte-se aos muitos clientes satisfeitos que confiam na SX para o fabrico das suas caixas para cabos.<\/p>\n<h2>Compromisso com a excel\u00eancia<\/h2>\n<h3>Design inovador<\/h3>\n<p>A SX est\u00e1 sempre na vanguarda da inova\u00e7\u00e3o. Os nossos designs de caixas para cabos incorporam as \u00faltimas tend\u00eancias e tecnologias para garantir uma funcionalidade e um estilo \u00f3ptimos. Quando escolhe a SX, est\u00e1 a investir num produto que reflecte o melhor do design e da engenharia modernos.<\/p>\n<h3>Garantia de qualidade<\/h3>\n<p>Cada caixa de cabo que sai da nossa f\u00e1brica \u00e9 submetida a rigorosos controlos de qualidade para garantir que cumpre os nossos elevados padr\u00f5es. Na SX, a garantia de qualidade \u00e9 uma prioridade m\u00e1xima e esfor\u00e7amo-nos por fornecer produtos que excedam as suas expectativas.<\/p>\n<h2>Encomende hoje a sua caixa para cabos personalizada<\/h2>\n<p>N\u00e3o deixe que cabos desorganizados perturbem o seu fluxo de trabalho. Encomende hoje mesmo a sua caixa de cabos personalizada \u00e0 SX e experimente as vantagens de uma gest\u00e3o de cabos superior. Contacte a nossa equipa de vendas para discutir os seus requisitos e n\u00f3s tratamos do resto. Confie na SX para todas as suas necessidades de fabrico de caixas para cabos e desfrute da paz de esp\u00edrito que adv\u00e9m do facto de saber que os seus cabos est\u00e3o armazenados de forma segura e prontos a utilizar.<\/p>\n<p>Escolha a SX e eleve as suas solu\u00e7\u00f5es de gest\u00e3o de cabos com as nossas caixas para cabos personaliz\u00e1veis e de qualidade superior.<\/p>\n<p><strong>Embalagem e expedi\u00e7\u00e3o<\/strong><\/p>\n<section class=\"table-wrap\">\n<table class=\"table\" width=\"100%\" cellspacing=\"0\" cellpadding=\"0\">\n<tbody>\n<tr class=\"firstRow\">\n<td colspan=\"3\" width=\"100%\">Embalagem e expedi\u00e7\u00e3o<\/td>\n<\/tr>\n<tr>\n<td rowspan=\"3\" width=\"33%\">Tempo de envio<\/td>\n<td width=\"33%\">Por mar<\/td>\n<td width=\"33%\">15-60 dias<\/td>\n<\/tr>\n<tr>\n<td width=\"33%\">De avi\u00e3o<\/td>\n<td width=\"33%\">4-9 dias<\/td>\n<\/tr>\n<tr>\n<td width=\"33%\">Por expresso<\/td>\n<td width=\"33%\">4-9 dias<\/td>\n<\/tr>\n<tr>\n<td width=\"33%\">Prazo de entrega<\/td>\n<td colspan=\"2\" width=\"66%\">7-15 horas de trabalho ou conforme as suas necessidades<\/td>\n<\/tr>\n<tr>\n<td width=\"33%\">Embalagem<\/td>\n<td colspan=\"2\" width=\"66%\">Por caixa ou conforme a sua necessidade<\/td>\n<\/tr>\n<\/tbody>\n<\/table>\n<\/section>\n<p><strong>FAQ<\/strong><\/p>\n<p>P: Quanto peso pode suportar?<\/p>\n<p>R: Test\u00e1mos para 200 kg. Pode demorar mais<\/p>\n<p>P: Quais s\u00e3o as dimens\u00f5es?<\/p>\n<p>R: Podemos fabricar dimens\u00f5es diferentes, de acordo com as necessidades do cliente, para segurar o equipamento.<\/p>\n<p>P: Que formas de pagamento podem ser aceites?<\/p>\n<p>A: T\/T, Western Union, etc. Aceitamos qualquer termo de pagamento conveniente e r\u00e1pido.<\/p>\n<p>Hot Tags: Pre\u00e7o baixo, em estoque, amostra gr\u00e1tis, cabo de alimenta\u00e7\u00e3o e sinal, fio de 4 condutores de calibre 16, caixa de suporte de microfone, gabinete de exibi\u00e7\u00e3o de led ao ar livre, montagem em rack, caixas de v\u00f4o de misturador de montagem em rack de 19 \", caixa de distribui\u00e7\u00e3o el\u00e9trica, China, fornecedores, f\u00e1brica, personalizado, atacado, <span style=\"color: #993366;\"><a style=\"color: #993366;\" href=\"https:\/\/sxflightcase.com\/pt\/product-category\/all-product\/power-distribution-boxes\/\">caixas el\u00e9ctricas<\/a>,\u00a0<a style=\"color: #993366;\" href=\"https:\/\/sxflightcase.com\/pt\/product-category\/all-product\/hoist-controllers\/\">cabos el\u00e9ctricos<\/a>,\u00a0<a style=\"color: #993366;\" href=\"https:\/\/sxflightcase.com\/pt\/product-category\/all-product\/hoist-controllers\/\">controladores de guinchos<\/a>,\u00a0<a style=\"color: #993366;\" href=\"https:\/\/sxflightcase.com\/pt\/product-category\/all-product\/flight-case\/\">casos de voo.<\/a><\/span><\/p>","protected":false},"excerpt":{"rendered":"<h2 class=\"prodetails-name\">Estojo para cabos<\/h2>\n<p>Esta mala para cabos \u00e9 perfeita para cabos e equipamento importante que necessite de prote\u00e7\u00e3o de qualidade e de um transporte suave e sem esfor\u00e7o. As rodas de borracha resistentes mant\u00eam-no em movimento, mas n\u00e3o se preocupar\u00e1 com a integridade do seu equipamento devido \u00e0s carater\u00edsticas de durabilidade, tais como cantos esf\u00e9ricos resistentes e fechos de borboleta. Esta mala flex\u00edvel pode conter todo o tipo de equipamento ou acess\u00f3rios sem ter de se preocupar com o banco ou com as suas costas!<\/p>\n<h2><strong>Introdu\u00e7\u00e3o \u00e0 produ\u00e7\u00e3o<\/strong><\/h2>\n<p>- Tipo: Tampa com dobradi\u00e7as<\/p>\n<p>- Material: Contraplacado laminado preto de 12 mm<\/p>\n<p>- Dimens\u00f5es exteriores: w1200mm x d600mm x h600mm<\/p>\n<p>- Espuma: Espuma dura de EVA<\/p>\n<p>- Resistente <a class=\"wpil_keyword_link\" href=\"https:\/\/sxpowercase.com\/product-category\/all-product\/flight-case\/\" target=\"_blank\" rel=\"noopener\" title=\"mala de voo\" data-wpil-keyword-link=\"linked\" data-wpil-monitor-id=\"417\">mala de voo<\/a> acess\u00f3rios<\/p>\n<p>- Rodas: Rodas de borracha de 4\u2033 de 100 mm instaladas (x2 trav\u00f5es)<\/p>","protected":false},"featured_media":1778,"comment_status":"open","ping_status":"closed","template":"","meta":[],"product_brand":[],"product_cat":[36],"product_tag":[],"class_list":{"0":"post-1774","1":"product","2":"type-product","3":"status-publish","4":"has-post-thumbnail","6":"product_cat-cables-cases","8":"first","9":"instock","10":"shipping-taxable","11":"product-type-simple"},"yoast_head":"<!-- This site is optimized with the Yoast SEO Premium plugin v27.1 (Yoast SEO v27.2) - https:\/\/yoast.com\/product\/yoast-seo-premium-wordpress\/ -->\n<title>Cable Case Manufacture Manufacture- https:\/\/sxflightcase.com<\/title>\n<meta name=\"description\" content=\"Cable Case Manufacture: Discover our factory-direct options for professional customization, perfect for organizing and managing cables efficiently.\" \/>\n<meta name=\"robots\" content=\"index, follow, max-snippet:-1, max-image-preview:large, max-video-preview:-1\" \/>\n<link rel=\"canonical\" href=\"https:\/\/sxflightcase.com\/pt\/\u0645\u0646\u062a\u062c\/\u0639\u0644\u0628\u0629-\u0627\u0644\u0643\u0627\u0628\u0644\/\" \/>\n<meta property=\"og:locale\" content=\"pt_PT\" \/>\n<meta property=\"og:type\" content=\"article\" \/>\n<meta property=\"og:title\" content=\"Cable Case Manufacture\" \/>\n<meta property=\"og:description\" content=\"Cable Case Manufacture: Discover our factory-direct options for professional customization, perfect for organizing and managing cables efficiently.\" \/>\n<meta property=\"og:url\" content=\"https:\/\/sxflightcase.com\/pt\/\u0645\u0646\u062a\u062c\/\u0639\u0644\u0628\u0629-\u0627\u0644\u0643\u0627\u0628\u0644\/\" \/>\n<meta property=\"og:site_name\" content=\"https:\/\/sxflightcase.com\" \/>\n<meta property=\"article:publisher\" content=\"https:\/\/www.facebook.com\/profile.php?id=61560407257971\" \/>\n<meta property=\"article:modified_time\" content=\"2024-06-20T02:28:08+00:00\" \/>\n<meta property=\"og:image\" content=\"https:\/\/sxflightcase.com\/wp-content\/uploads\/2024\/05\/cable-case46234394331.webp\" \/>\n\t<meta property=\"og:image:width\" content=\"730\" \/>\n\t<meta property=\"og:image:height\" content=\"730\" \/>\n\t<meta property=\"og:image:type\" content=\"image\/webp\" \/>\n<meta name=\"twitter:card\" content=\"summary_large_image\" \/>\n<meta name=\"twitter:label1\" content=\"Tempo estimado de leitura\" \/>\n\t<meta name=\"twitter:data1\" content=\"5 minutos\" \/>\n<script type=\"application\/ld+json\" class=\"yoast-schema-graph\">{\"@context\":\"https:\/\/schema.org\",\"@graph\":[{\"@type\":\"WebPage\",\"@id\":\"https:\/\/sxflightcase.com\/ary\/\u0645\u0646\u062a\u062c\/\u0639\u0644\u0628\u0629-\u0627\u0644\u0643\u0627\u0628\u0644\/\",\"url\":\"https:\/\/sxflightcase.com\/ary\/\u0645\u0646\u062a\u062c\/\u0639\u0644\u0628\u0629-\u0627\u0644\u0643\u0627\u0628\u0644\/\",\"name\":\"Cable Case Manufacture Manufacture- https:\/\/sxflightcase.com\",\"isPartOf\":{\"@id\":\"https:\/\/sxflightcase.com\/th\/#website\"},\"primaryImageOfPage\":{\"@id\":\"https:\/\/sxflightcase.com\/ary\/\u0645\u0646\u062a\u062c\/\u0639\u0644\u0628\u0629-\u0627\u0644\u0643\u0627\u0628\u0644\/#primaryimage\"},\"image\":{\"@id\":\"https:\/\/sxflightcase.com\/ary\/\u0645\u0646\u062a\u062c\/\u0639\u0644\u0628\u0629-\u0627\u0644\u0643\u0627\u0628\u0644\/#primaryimage\"},\"thumbnailUrl\":\"https:\/\/sxflightcase.com\/wp-content\/uploads\/2024\/05\/cable-case46234394331.webp\",\"datePublished\":\"2024-05-10T06:28:50+00:00\",\"dateModified\":\"2024-06-20T02:28:08+00:00\",\"description\":\"Cable Case Manufacture: Discover our factory-direct options for professional customization, perfect for organizing and managing cables efficiently.\",\"breadcrumb\":{\"@id\":\"https:\/\/sxflightcase.com\/ary\/\u0645\u0646\u062a\u062c\/\u0639\u0644\u0628\u0629-\u0627\u0644\u0643\u0627\u0628\u0644\/#breadcrumb\"},\"inLanguage\":\"pt-PT\",\"potentialAction\":[{\"@type\":\"ReadAction\",\"target\":[\"https:\/\/sxflightcase.com\/ary\/\u0645\u0646\u062a\u062c\/\u0639\u0644\u0628\u0629-\u0627\u0644\u0643\u0627\u0628\u0644\/\"]}]},{\"@type\":\"ImageObject\",\"inLanguage\":\"pt-PT\",\"@id\":\"https:\/\/sxflightcase.com\/ary\/\u0645\u0646\u062a\u062c\/\u0639\u0644\u0628\u0629-\u0627\u0644\u0643\u0627\u0628\u0644\/#primaryimage\",\"url\":\"https:\/\/sxflightcase.com\/wp-content\/uploads\/2024\/05\/cable-case46234394331.webp\",\"contentUrl\":\"https:\/\/sxflightcase.com\/wp-content\/uploads\/2024\/05\/cable-case46234394331.webp\",\"width\":730,\"height\":730,\"caption\":\"Cable Case Manufacture\"},{\"@type\":\"BreadcrumbList\",\"@id\":\"https:\/\/sxflightcase.com\/ary\/\u0645\u0646\u062a\u062c\/\u0639\u0644\u0628\u0629-\u0627\u0644\u0643\u0627\u0628\u0644\/#breadcrumb\",\"itemListElement\":[{\"@type\":\"ListItem\",\"position\":1,\"name\":\"Home\",\"item\":\"https:\/\/sxflightcase.com\/\"},{\"@type\":\"ListItem\",\"position\":2,\"name\":\"\u0e2a\u0e34\u0e19\u0e04\u0e49\u0e32\",\"item\":\"https:\/\/sxflightcase.com\/th\/shop\/\"},{\"@type\":\"ListItem\",\"position\":3,\"name\":\"Cable Case Manufacture\"}]},{\"@type\":\"WebSite\",\"@id\":\"https:\/\/sxflightcase.com\/th\/#website\",\"url\":\"https:\/\/sxflightcase.com\/th\/\",\"name\":\"sxpowercase.com\",\"description\":\"Flight Case Factory\",\"publisher\":{\"@id\":\"https:\/\/sxflightcase.com\/th\/#organization\"},\"potentialAction\":[{\"@type\":\"SearchAction\",\"target\":{\"@type\":\"EntryPoint\",\"urlTemplate\":\"https:\/\/sxflightcase.com\/th\/?s={search_term_string}\"},\"query-input\":{\"@type\":\"PropertyValueSpecification\",\"valueRequired\":true,\"valueName\":\"search_term_string\"}}],\"inLanguage\":\"pt-PT\"},{\"@type\":\"Organization\",\"@id\":\"https:\/\/sxflightcase.com\/th\/#organization\",\"name\":\"sxpowercase.com\",\"url\":\"https:\/\/sxflightcase.com\/th\/\",\"logo\":{\"@type\":\"ImageObject\",\"inLanguage\":\"pt-PT\",\"@id\":\"https:\/\/sxflightcase.com\/th\/#\/schema\/logo\/image\/\",\"url\":\"https:\/\/sxflightcase.com\/wp-content\/uploads\/2024\/04\/1713919036007.jpg\",\"contentUrl\":\"https:\/\/sxflightcase.com\/wp-content\/uploads\/2024\/04\/1713919036007.jpg\",\"width\":382,\"height\":388,\"caption\":\"sxpowercase.com\"},\"image\":{\"@id\":\"https:\/\/sxflightcase.com\/th\/#\/schema\/logo\/image\/\"},\"sameAs\":[\"https:\/\/www.facebook.com\/profile.php?id=61560407257971\"],\"numberOfEmployees\":{\"@type\":\"QuantitativeValue\",\"minValue\":\"11\",\"maxValue\":\"50\"}}]}<\/script>\n<!-- \/ Yoast SEO Premium plugin. -->","yoast_head_json":{"title":"Cable Case Manufacture Manufacture- https:\/\/sxflightcase.com","description":"Fabrico de caixas para cabos: Descubra as nossas op\u00e7\u00f5es diretas da f\u00e1brica para personaliza\u00e7\u00e3o profissional, perfeitas para organizar e gerir os cabos de forma eficiente.","robots":{"index":"index","follow":"follow","max-snippet":"max-snippet:-1","max-image-preview":"max-image-preview:large","max-video-preview":"max-video-preview:-1"},"canonical":"https:\/\/sxflightcase.com\/pt\/\u0645\u0646\u062a\u062c\/\u0639\u0644\u0628\u0629-\u0627\u0644\u0643\u0627\u0628\u0644\/","og_locale":"pt_PT","og_type":"article","og_title":"Cable Case Manufacture","og_description":"Cable Case Manufacture: Discover our factory-direct options for professional customization, perfect for organizing and managing cables efficiently.","og_url":"https:\/\/sxflightcase.com\/pt\/\u0645\u0646\u062a\u062c\/\u0639\u0644\u0628\u0629-\u0627\u0644\u0643\u0627\u0628\u0644\/","og_site_name":"https:\/\/sxflightcase.com","article_publisher":"https:\/\/www.facebook.com\/profile.php?id=61560407257971","article_modified_time":"2024-06-20T02:28:08+00:00","og_image":[{"width":730,"height":730,"url":"https:\/\/sxflightcase.com\/wp-content\/uploads\/2024\/05\/cable-case46234394331.webp","type":"image\/webp"}],"twitter_card":"summary_large_image","twitter_misc":{"Tempo estimado de leitura":"5 minutos"},"schema":{"@context":"https:\/\/schema.org","@graph":[{"@type":"WebPage","@id":"https:\/\/sxflightcase.com\/ary\/\u0645\u0646\u062a\u062c\/\u0639\u0644\u0628\u0629-\u0627\u0644\u0643\u0627\u0628\u0644\/","url":"https:\/\/sxflightcase.com\/ary\/\u0645\u0646\u062a\u062c\/\u0639\u0644\u0628\u0629-\u0627\u0644\u0643\u0627\u0628\u0644\/","name":"Cable Case Manufacture Manufacture- https:\/\/sxflightcase.com","isPartOf":{"@id":"https:\/\/sxflightcase.com\/th\/#website"},"primaryImageOfPage":{"@id":"https:\/\/sxflightcase.com\/ary\/\u0645\u0646\u062a\u062c\/\u0639\u0644\u0628\u0629-\u0627\u0644\u0643\u0627\u0628\u0644\/#primaryimage"},"image":{"@id":"https:\/\/sxflightcase.com\/ary\/\u0645\u0646\u062a\u062c\/\u0639\u0644\u0628\u0629-\u0627\u0644\u0643\u0627\u0628\u0644\/#primaryimage"},"thumbnailUrl":"https:\/\/sxflightcase.com\/wp-content\/uploads\/2024\/05\/cable-case46234394331.webp","datePublished":"2024-05-10T06:28:50+00:00","dateModified":"2024-06-20T02:28:08+00:00","description":"Fabrico de caixas para cabos: Descubra as nossas op\u00e7\u00f5es diretas da f\u00e1brica para personaliza\u00e7\u00e3o profissional, perfeitas para organizar e gerir os cabos de forma eficiente.","breadcrumb":{"@id":"https:\/\/sxflightcase.com\/ary\/\u0645\u0646\u062a\u062c\/\u0639\u0644\u0628\u0629-\u0627\u0644\u0643\u0627\u0628\u0644\/#breadcrumb"},"inLanguage":"pt-PT","potentialAction":[{"@type":"ReadAction","target":["https:\/\/sxflightcase.com\/ary\/\u0645\u0646\u062a\u062c\/\u0639\u0644\u0628\u0629-\u0627\u0644\u0643\u0627\u0628\u0644\/"]}]},{"@type":"ImageObject","inLanguage":"pt-PT","@id":"https:\/\/sxflightcase.com\/ary\/\u0645\u0646\u062a\u062c\/\u0639\u0644\u0628\u0629-\u0627\u0644\u0643\u0627\u0628\u0644\/#primaryimage","url":"https:\/\/sxflightcase.com\/wp-content\/uploads\/2024\/05\/cable-case46234394331.webp","contentUrl":"https:\/\/sxflightcase.com\/wp-content\/uploads\/2024\/05\/cable-case46234394331.webp","width":730,"height":730,"caption":"Cable Case Manufacture"},{"@type":"BreadcrumbList","@id":"https:\/\/sxflightcase.com\/ary\/\u0645\u0646\u062a\u062c\/\u0639\u0644\u0628\u0629-\u0627\u0644\u0643\u0627\u0628\u0644\/#breadcrumb","itemListElement":[{"@type":"ListItem","position":1,"name":"Home","item":"https:\/\/sxflightcase.com\/"},{"@type":"ListItem","position":2,"name":"\u0e2a\u0e34\u0e19\u0e04\u0e49\u0e32","item":"https:\/\/sxflightcase.com\/th\/shop\/"},{"@type":"ListItem","position":3,"name":"Cable Case Manufacture"}]},{"@type":"WebSite","@id":"https:\/\/sxflightcase.com\/th\/#website","url":"https:\/\/sxflightcase.com\/th\/","name":"sxpowercase.com","description":"F\u00e1brica de malas de voo","publisher":{"@id":"https:\/\/sxflightcase.com\/th\/#organization"},"potentialAction":[{"@type":"SearchAction","target":{"@type":"EntryPoint","urlTemplate":"https:\/\/sxflightcase.com\/th\/?s={search_term_string}"},"query-input":{"@type":"PropertyValueSpecification","valueRequired":true,"valueName":"search_term_string"}}],"inLanguage":"pt-PT"},{"@type":"Organization","@id":"https:\/\/sxflightcase.com\/th\/#organization","name":"sxpowercase.com","url":"https:\/\/sxflightcase.com\/th\/","logo":{"@type":"ImageObject","inLanguage":"pt-PT","@id":"https:\/\/sxflightcase.com\/th\/#\/schema\/logo\/image\/","url":"https:\/\/sxflightcase.com\/wp-content\/uploads\/2024\/04\/1713919036007.jpg","contentUrl":"https:\/\/sxflightcase.com\/wp-content\/uploads\/2024\/04\/1713919036007.jpg","width":382,"height":388,"caption":"sxpowercase.com"},"image":{"@id":"https:\/\/sxflightcase.com\/th\/#\/schema\/logo\/image\/"},"sameAs":["https:\/\/www.facebook.com\/profile.php?id=61560407257971"],"numberOfEmployees":{"@type":"QuantitativeValue","minValue":"11","maxValue":"50"}}]}},"_links":{"self":[{"href":"https:\/\/sxflightcase.com\/pt\/wp-json\/wp\/v2\/product\/1774","targetHints":{"allow":["GET"]}}],"collection":[{"href":"https:\/\/sxflightcase.com\/pt\/wp-json\/wp\/v2\/product"}],"about":[{"href":"https:\/\/sxflightcase.com\/pt\/wp-json\/wp\/v2\/types\/product"}],"replies":[{"embeddable":true,"href":"https:\/\/sxflightcase.com\/pt\/wp-json\/wp\/v2\/comments?post=1774"}],"version-history":[{"count":0,"href":"https:\/\/sxflightcase.com\/pt\/wp-json\/wp\/v2\/product\/1774\/revisions"}],"wp:featuredmedia":[{"embeddable":true,"href":"https:\/\/sxflightcase.com\/pt\/wp-json\/wp\/v2\/media\/1778"}],"wp:attachment":[{"href":"https:\/\/sxflightcase.com\/pt\/wp-json\/wp\/v2\/media?parent=1774"}],"wp:term":[{"taxonomy":"product_brand","embeddable":true,"href":"https:\/\/sxflightcase.com\/pt\/wp-json\/wp\/v2\/product_brand?post=1774"},{"taxonomy":"product_cat","embeddable":true,"href":"https:\/\/sxflightcase.com\/pt\/wp-json\/wp\/v2\/product_cat?post=1774"},{"taxonomy":"product_tag","embeddable":true,"href":"https:\/\/sxflightcase.com\/pt\/wp-json\/wp\/v2\/product_tag?post=1774"}],"curies":[{"name":"wp","href":"https:\/\/api.w.org\/{rel}","templated":true}]}}