{"id":1786,"date":"2024-05-10T07:48:06","date_gmt":"2024-05-10T06:48:06","guid":{"rendered":"https:\/\/sxpowercase.com\/?post_type=product&#038;p=1786"},"modified":"2024-06-20T03:32:10","modified_gmt":"2024-06-20T02:32:10","slug":"mic-stand-carry-box","status":"publish","type":"product","link":"https:\/\/sxflightcase.com\/pt\/produto\/caixa-de-transporte-para-suporte-de-microfone\/","title":{"rendered":"Caixa de transporte do suporte do microfone"},"content":{"rendered":"<h3><strong>Par\u00e2metro do produto (especifica\u00e7\u00e3o)<\/strong><\/h3>\n<section class=\"table-wrap\">\n<table class=\"table\" width=\"100%\" cellspacing=\"0\" cellpadding=\"0\">\n<tbody>\n<tr class=\"firstRow\">\n<td width=\"134\">Nome do produto<\/td>\n<td width=\"504\">Caixa de transporte para suporte de microfone<\/td>\n<\/tr>\n<tr>\n<td width=\"134\">Materiais<\/td>\n<td width=\"504\">Constru\u00e7\u00e3o em contraplacado laminado de 9 mm, com ferragens de qualidade comercial, pegas e fechos resistentes e cantos esf\u00e9ricos<br \/>\nPega de reboque embutida com mola<br \/>\nO acolchoamento interior e os blocos em espuma EVA Ultra-Dur permitem espa\u00e7o para ventila\u00e7\u00e3o na parte inferior da prancha<\/td>\n<\/tr>\n<tr>\n<td width=\"134\">Cor<\/td>\n<td width=\"504\">Preto, azul, vermelho ou personalizado<\/td>\n<\/tr>\n<tr>\n<td width=\"134\">Utiliza\u00e7\u00e3o<\/td>\n<td width=\"504\">Proteger o armazenamento de transporte<\/td>\n<\/tr>\n<\/tbody>\n<\/table>\n<\/section>\n<p><strong>Embalagem e expedi\u00e7\u00e3o<\/strong><\/p>\n<section class=\"table-wrap\">\n<table class=\"table\" width=\"100%\" cellspacing=\"0\" cellpadding=\"0\">\n<tbody>\n<tr class=\"firstRow\">\n<td colspan=\"3\" width=\"100%\">Embalagem e expedi\u00e7\u00e3o<\/td>\n<\/tr>\n<tr>\n<td rowspan=\"3\" width=\"33%\">Tempo de envio<\/td>\n<td width=\"33%\">Por mar<\/td>\n<td width=\"33%\">15-60 dias<\/td>\n<\/tr>\n<tr>\n<td width=\"33%\">De avi\u00e3o<\/td>\n<td width=\"33%\">4-9 dias<\/td>\n<\/tr>\n<tr>\n<td width=\"33%\">Por expresso<\/td>\n<td width=\"33%\">4-9 dias<\/td>\n<\/tr>\n<tr>\n<td width=\"33%\">Prazo de entrega<\/td>\n<td colspan=\"2\" width=\"66%\">7-15 horas de trabalho ou conforme as suas necessidades<\/td>\n<\/tr>\n<tr>\n<td width=\"33%\">Embalagem<\/td>\n<td colspan=\"2\" width=\"66%\">Por caixa ou conforme a sua necessidade<\/td>\n<\/tr>\n<\/tbody>\n<\/table>\n<\/section>\n<h1>Caixa de transporte para suporte de microfone SX: O seu companheiro fi\u00e1vel para os concertos<\/h1>\n<h2>Solu\u00e7\u00e3o port\u00e1til e protetora<\/h2>\n<p>Apresentando o <strong>Caixa de transporte do suporte do microfone<\/strong> por <a href=\"https:\/\/sxpowercase.com\/\" target=\"_blank\" rel=\"noopener\" title=\"SX\" data-wpil-monitor-id=\"126\">SX<\/a>A nossa caixa de transporte foi concebida para m\u00fasicos e int\u00e9rpretes que necessitam de uma forma pr\u00e1tica de transportar os seus suportes de microfone de forma segura e protegida. Quer se dirija a um concerto ou a uma sess\u00e3o de grava\u00e7\u00e3o, a nossa caixa de transporte garante que o seu equipamento chega intacto e pronto para a a\u00e7\u00e3o.<\/p>\n<h2>Personalizado de acordo com as suas especifica\u00e7\u00f5es<\/h2>\n<h3>Op\u00e7\u00f5es de design \u00e0 medida<\/h3>\n<p>Na SX, compreendemos que os m\u00fasicos t\u00eam necessidades diversas. As nossas caixas de transporte para suporte de microfone s\u00e3o personaliz\u00e1veis para se adaptarem a diferentes tipos e tamanhos de suportes de microfone. Escolha entre v\u00e1rios materiais e cores para corresponder ao seu estilo e prefer\u00eancias, garantindo que o seu equipamento n\u00e3o s\u00f3 est\u00e1 protegido como tamb\u00e9m reflecte a sua marca pessoal.<\/p>\n<h2>Diretamente do fabricante<\/h2>\n<h3>Vantagem da venda direta na f\u00e1brica<\/h3>\n<p>Ao comprar diretamente \u00e0 SX, elimina os intermedi\u00e1rios e beneficia de pre\u00e7os competitivos e de uma produ\u00e7\u00e3o artesanal de alta qualidade. A nossa abordagem direta da f\u00e1brica garante que cada caixa de transporte de suporte de microfone cumpre os nossos rigorosos padr\u00f5es de durabilidade e fiabilidade, tornando-a um investimento sensato para a sua viagem musical.<\/p>\n<h2>Constru\u00eddo para durabilidade<\/h2>\n<h3>Robusto e fi\u00e1vel<\/h3>\n<p>Constru\u00eddas a partir de materiais robustos, as caixas de transporte de suportes de microfone SX foram concebidas para resistir aos choques e pancadas do transporte. Pode ter a certeza de que os seus suportes de microfone est\u00e3o protegidos contra danos, quer esteja na estrada em digress\u00e3o ou simplesmente a transportar equipamento entre locais.<\/p>\n<h2>Melhorar a sua configura\u00e7\u00e3o de desempenho<\/h2>\n<h3>Apresenta\u00e7\u00e3o profissional<\/h3>\n<p>Uma caixa de transporte para suporte de microfone SX n\u00e3o s\u00f3 protege o seu equipamento, como tamb\u00e9m melhora a imagem profissional da sua configura\u00e7\u00e3o. Impressione o seu p\u00fablico e os seus colegas m\u00fasicos com uma caixa de transporte elegante e funcional que diz muito sobre a sua dedica\u00e7\u00e3o ao seu of\u00edcio.<\/p>\n<hr \/>\n<p>Assegure-se de que os seus suportes de microfone est\u00e3o sempre prontos para a ribalta com a caixa de transporte de suporte de microfone da SX. Contacte-nos hoje para discutir as op\u00e7\u00f5es de personaliza\u00e7\u00e3o e garantir o seu acess\u00f3rio essencial para cada concerto.<\/p>\n<p><strong>FAQ<\/strong><\/p>\n<p>P: Qual \u00e9 o vosso servi\u00e7o de envio?<\/p>\n<p>R: Podemos prestar servi\u00e7os de reserva de navios, consolida\u00e7\u00e3o de mercadorias, declara\u00e7\u00e3o aduaneira, prepara\u00e7\u00e3o de documentos de expedi\u00e7\u00e3o e entrega a granel no porto de expedi\u00e7\u00e3o.<\/p>\n<p>P: Qual \u00e9 o seu prazo de entrega?<\/p>\n<p>R: O nosso prazo de entrega normal \u00e9 EXW Guangzhou. Tamb\u00e9m aceitamos FOB, CFR, CIF, DDP, DDU, etc. Oferecemos-lhe os custos de envio e pode escolher o que for mais conveniente e eficaz para si.<\/p>\n<p>P: Que formas de pagamento podem ser aceites?<\/p>\n<p>A: T\/T, Western Union, etc. Aceitamos qualquer termo de pagamento conveniente e r\u00e1pido.<\/p>\n<p>Hot Tags: Pre\u00e7o baixo, em estoque, amostra gr\u00e1tis, cabo de alimenta\u00e7\u00e3o e sinal, fio de 4 condutores de calibre 16, caixa de suporte de microfone, gabinete de exibi\u00e7\u00e3o de led ao ar livre, montagem em rack, caixas de v\u00f4o de misturador de montagem em rack de 19 \", caixa de distribui\u00e7\u00e3o el\u00e9trica, China, fornecedores, f\u00e1brica, personalizado, atacado, <span style=\"color: #993366;\"><a style=\"color: #993366;\" href=\"https:\/\/sxflightcase.com\/pt\/product-category\/all-product\/power-distribution-boxes\/\">caixas el\u00e9ctricas<\/a>,\u00a0<a style=\"color: #993366;\" href=\"https:\/\/sxflightcase.com\/pt\/product-category\/all-product\/hoist-controllers\/\">cabos el\u00e9ctricos<\/a>,\u00a0<a style=\"color: #993366;\" href=\"https:\/\/sxflightcase.com\/pt\/product-category\/all-product\/hoist-controllers\/\">controladores de guinchos<\/a>,\u00a0<a style=\"color: #993366;\" href=\"https:\/\/sxflightcase.com\/pt\/product-category\/all-product\/flight-case\/\">casos de voo.<\/a><\/span><\/p>","protected":false},"excerpt":{"rendered":"<h2 class=\"prodetails-name\">Caixa de transporte do suporte do microfone<\/h2>\n<p>Veja a nossa gama de caixas de transporte para suportes de microfone. Ideal para eventos em digress\u00e3o ou para m\u00fasicos que procuram transportar todo o seu equipamento numa \u00fanica mala. Temos o prazer de oferecer uma gama de solu\u00e7\u00f5es de viagem robustas para os profissionais do sector transportarem e armazenarem em seguran\u00e7a os seus microfones e acess\u00f3rios.<\/p>\n<h2><strong>Introdu\u00e7\u00e3o \u00e0 produ\u00e7\u00e3o<\/strong><\/h2>\n<p>Cantos de esferas de a\u00e7o pesados e potentes e rebites de ancoragem duplos<\/p>\n<p>Trincos industriais de bloqueio de tor\u00e7\u00e3o em borboleta encastrados - Preparados para cadeado<\/p>\n<p>L\u00edngua e ranhura de alum\u00ednio de f\u00e1cil encaixe e bloqueio<\/p>\n<p>Pegas embutidas de borracha com a\u00e7\u00e3o de mola<\/p>\n<p>Rodas resistentes de 4\u2033 de grau industrial, 2 de bloqueio<\/p>","protected":false},"featured_media":1787,"comment_status":"open","ping_status":"closed","template":"","meta":[],"product_brand":[],"product_cat":[41],"product_tag":[],"class_list":{"0":"post-1786","1":"product","2":"type-product","3":"status-publish","4":"has-post-thumbnail","6":"product_cat-equipment-cases","8":"first","9":"instock","10":"shipping-taxable","11":"product-type-simple"},"yoast_head":"<!-- This site is optimized with the Yoast SEO Premium plugin v27.1 (Yoast SEO v27.2) - https:\/\/yoast.com\/product\/yoast-seo-premium-wordpress\/ -->\n<title>Mic Stand Carry Box - https:\/\/sxflightcase.com \ud83d\udc97<\/title>\n<meta name=\"description\" content=\"Mic Stand Carry Box: Explore our factory-direct options for professional customization, designed to securely transport and store your mic stands with ease and convenience.\" \/>\n<meta name=\"robots\" content=\"index, follow, max-snippet:-1, max-image-preview:large, max-video-preview:-1\" \/>\n<link rel=\"canonical\" href=\"https:\/\/sxflightcase.com\/pt\/produk\/kotak-jinjing-dudukan-mikrofon\/\" \/>\n<meta property=\"og:locale\" content=\"pt_PT\" \/>\n<meta property=\"og:type\" content=\"article\" \/>\n<meta property=\"og:title\" content=\"Mic Stand Carry Box\" \/>\n<meta property=\"og:description\" content=\"Mic Stand Carry Box: Explore our factory-direct options for professional customization, designed to securely transport and store your mic stands with ease and convenience.\" \/>\n<meta property=\"og:url\" content=\"https:\/\/sxflightcase.com\/pt\/produk\/kotak-jinjing-dudukan-mikrofon\/\" \/>\n<meta property=\"og:site_name\" content=\"https:\/\/sxflightcase.com\" \/>\n<meta property=\"article:publisher\" content=\"https:\/\/www.facebook.com\/profile.php?id=61560407257971\" \/>\n<meta property=\"article:modified_time\" content=\"2024-06-20T02:32:10+00:00\" \/>\n<meta property=\"og:image\" content=\"https:\/\/sxflightcase.com\/wp-content\/uploads\/2024\/05\/mic-stand-carry-box39588798042.jpg\" \/>\n\t<meta property=\"og:image:width\" content=\"750\" \/>\n\t<meta property=\"og:image:height\" content=\"750\" \/>\n\t<meta property=\"og:image:type\" content=\"image\/jpeg\" \/>\n<meta name=\"twitter:card\" content=\"summary_large_image\" \/>\n<meta name=\"twitter:label1\" content=\"Tempo estimado de leitura\" \/>\n\t<meta name=\"twitter:data1\" content=\"4 minutos\" \/>\n<script type=\"application\/ld+json\" class=\"yoast-schema-graph\">{\"@context\":\"https:\/\/schema.org\",\"@graph\":[{\"@type\":\"WebPage\",\"@id\":\"https:\/\/sxflightcase.com\/id\/produk\/kotak-jinjing-dudukan-mikrofon\/\",\"url\":\"https:\/\/sxflightcase.com\/id\/produk\/kotak-jinjing-dudukan-mikrofon\/\",\"name\":\"Mic Stand Carry Box - https:\/\/sxflightcase.com \ud83d\udc97\",\"isPartOf\":{\"@id\":\"https:\/\/sxflightcase.com\/th\/#website\"},\"primaryImageOfPage\":{\"@id\":\"https:\/\/sxflightcase.com\/id\/produk\/kotak-jinjing-dudukan-mikrofon\/#primaryimage\"},\"image\":{\"@id\":\"https:\/\/sxflightcase.com\/id\/produk\/kotak-jinjing-dudukan-mikrofon\/#primaryimage\"},\"thumbnailUrl\":\"https:\/\/sxflightcase.com\/wp-content\/uploads\/2024\/05\/mic-stand-carry-box39588798042.jpg\",\"datePublished\":\"2024-05-10T06:48:06+00:00\",\"dateModified\":\"2024-06-20T02:32:10+00:00\",\"description\":\"Mic Stand Carry Box: Explore our factory-direct options for professional customization, designed to securely transport and store your mic stands with ease and convenience.\",\"breadcrumb\":{\"@id\":\"https:\/\/sxflightcase.com\/id\/produk\/kotak-jinjing-dudukan-mikrofon\/#breadcrumb\"},\"inLanguage\":\"pt-PT\",\"potentialAction\":[{\"@type\":\"ReadAction\",\"target\":[\"https:\/\/sxflightcase.com\/id\/produk\/kotak-jinjing-dudukan-mikrofon\/\"]}]},{\"@type\":\"ImageObject\",\"inLanguage\":\"pt-PT\",\"@id\":\"https:\/\/sxflightcase.com\/id\/produk\/kotak-jinjing-dudukan-mikrofon\/#primaryimage\",\"url\":\"https:\/\/sxflightcase.com\/wp-content\/uploads\/2024\/05\/mic-stand-carry-box39588798042.jpg\",\"contentUrl\":\"https:\/\/sxflightcase.com\/wp-content\/uploads\/2024\/05\/mic-stand-carry-box39588798042.jpg\",\"width\":750,\"height\":750,\"caption\":\"Mic Stand Carry Box\"},{\"@type\":\"BreadcrumbList\",\"@id\":\"https:\/\/sxflightcase.com\/id\/produk\/kotak-jinjing-dudukan-mikrofon\/#breadcrumb\",\"itemListElement\":[{\"@type\":\"ListItem\",\"position\":1,\"name\":\"Home\",\"item\":\"https:\/\/sxflightcase.com\/\"},{\"@type\":\"ListItem\",\"position\":2,\"name\":\"\u0e2a\u0e34\u0e19\u0e04\u0e49\u0e32\",\"item\":\"https:\/\/sxflightcase.com\/th\/shop\/\"},{\"@type\":\"ListItem\",\"position\":3,\"name\":\"Mic Stand Carry Box\"}]},{\"@type\":\"WebSite\",\"@id\":\"https:\/\/sxflightcase.com\/th\/#website\",\"url\":\"https:\/\/sxflightcase.com\/th\/\",\"name\":\"sxpowercase.com\",\"description\":\"Flight Case Factory\",\"publisher\":{\"@id\":\"https:\/\/sxflightcase.com\/th\/#organization\"},\"potentialAction\":[{\"@type\":\"SearchAction\",\"target\":{\"@type\":\"EntryPoint\",\"urlTemplate\":\"https:\/\/sxflightcase.com\/th\/?s={search_term_string}\"},\"query-input\":{\"@type\":\"PropertyValueSpecification\",\"valueRequired\":true,\"valueName\":\"search_term_string\"}}],\"inLanguage\":\"pt-PT\"},{\"@type\":\"Organization\",\"@id\":\"https:\/\/sxflightcase.com\/th\/#organization\",\"name\":\"sxpowercase.com\",\"url\":\"https:\/\/sxflightcase.com\/th\/\",\"logo\":{\"@type\":\"ImageObject\",\"inLanguage\":\"pt-PT\",\"@id\":\"https:\/\/sxflightcase.com\/th\/#\/schema\/logo\/image\/\",\"url\":\"https:\/\/sxflightcase.com\/wp-content\/uploads\/2024\/04\/1713919036007.jpg\",\"contentUrl\":\"https:\/\/sxflightcase.com\/wp-content\/uploads\/2024\/04\/1713919036007.jpg\",\"width\":382,\"height\":388,\"caption\":\"sxpowercase.com\"},\"image\":{\"@id\":\"https:\/\/sxflightcase.com\/th\/#\/schema\/logo\/image\/\"},\"sameAs\":[\"https:\/\/www.facebook.com\/profile.php?id=61560407257971\"],\"numberOfEmployees\":{\"@type\":\"QuantitativeValue\",\"minValue\":\"11\",\"maxValue\":\"50\"}}]}<\/script>\n<!-- \/ Yoast SEO Premium plugin. -->","yoast_head_json":{"title":"Mic Stand Carry Box - https:\/\/sxflightcase.com \ud83d\udc97","description":"Caixa de transporte para pedestal de microfone: Explore as nossas op\u00e7\u00f5es diretas da f\u00e1brica para personaliza\u00e7\u00e3o profissional, concebidas para transportar e armazenar de forma segura os seus suportes de microfone com facilidade e comodidade.","robots":{"index":"index","follow":"follow","max-snippet":"max-snippet:-1","max-image-preview":"max-image-preview:large","max-video-preview":"max-video-preview:-1"},"canonical":"https:\/\/sxflightcase.com\/pt\/produk\/kotak-jinjing-dudukan-mikrofon\/","og_locale":"pt_PT","og_type":"article","og_title":"Mic Stand Carry Box","og_description":"Mic Stand Carry Box: Explore our factory-direct options for professional customization, designed to securely transport and store your mic stands with ease and convenience.","og_url":"https:\/\/sxflightcase.com\/pt\/produk\/kotak-jinjing-dudukan-mikrofon\/","og_site_name":"https:\/\/sxflightcase.com","article_publisher":"https:\/\/www.facebook.com\/profile.php?id=61560407257971","article_modified_time":"2024-06-20T02:32:10+00:00","og_image":[{"width":750,"height":750,"url":"https:\/\/sxflightcase.com\/wp-content\/uploads\/2024\/05\/mic-stand-carry-box39588798042.jpg","type":"image\/jpeg"}],"twitter_card":"summary_large_image","twitter_misc":{"Tempo estimado de leitura":"4 minutos"},"schema":{"@context":"https:\/\/schema.org","@graph":[{"@type":"WebPage","@id":"https:\/\/sxflightcase.com\/id\/produk\/kotak-jinjing-dudukan-mikrofon\/","url":"https:\/\/sxflightcase.com\/id\/produk\/kotak-jinjing-dudukan-mikrofon\/","name":"Mic Stand Carry Box - https:\/\/sxflightcase.com \ud83d\udc97","isPartOf":{"@id":"https:\/\/sxflightcase.com\/th\/#website"},"primaryImageOfPage":{"@id":"https:\/\/sxflightcase.com\/id\/produk\/kotak-jinjing-dudukan-mikrofon\/#primaryimage"},"image":{"@id":"https:\/\/sxflightcase.com\/id\/produk\/kotak-jinjing-dudukan-mikrofon\/#primaryimage"},"thumbnailUrl":"https:\/\/sxflightcase.com\/wp-content\/uploads\/2024\/05\/mic-stand-carry-box39588798042.jpg","datePublished":"2024-05-10T06:48:06+00:00","dateModified":"2024-06-20T02:32:10+00:00","description":"Caixa de transporte para pedestal de microfone: Explore as nossas op\u00e7\u00f5es diretas da f\u00e1brica para personaliza\u00e7\u00e3o profissional, concebidas para transportar e armazenar de forma segura os seus suportes de microfone com facilidade e comodidade.","breadcrumb":{"@id":"https:\/\/sxflightcase.com\/id\/produk\/kotak-jinjing-dudukan-mikrofon\/#breadcrumb"},"inLanguage":"pt-PT","potentialAction":[{"@type":"ReadAction","target":["https:\/\/sxflightcase.com\/id\/produk\/kotak-jinjing-dudukan-mikrofon\/"]}]},{"@type":"ImageObject","inLanguage":"pt-PT","@id":"https:\/\/sxflightcase.com\/id\/produk\/kotak-jinjing-dudukan-mikrofon\/#primaryimage","url":"https:\/\/sxflightcase.com\/wp-content\/uploads\/2024\/05\/mic-stand-carry-box39588798042.jpg","contentUrl":"https:\/\/sxflightcase.com\/wp-content\/uploads\/2024\/05\/mic-stand-carry-box39588798042.jpg","width":750,"height":750,"caption":"Mic Stand Carry Box"},{"@type":"BreadcrumbList","@id":"https:\/\/sxflightcase.com\/id\/produk\/kotak-jinjing-dudukan-mikrofon\/#breadcrumb","itemListElement":[{"@type":"ListItem","position":1,"name":"Home","item":"https:\/\/sxflightcase.com\/"},{"@type":"ListItem","position":2,"name":"\u0e2a\u0e34\u0e19\u0e04\u0e49\u0e32","item":"https:\/\/sxflightcase.com\/th\/shop\/"},{"@type":"ListItem","position":3,"name":"Mic Stand Carry Box"}]},{"@type":"WebSite","@id":"https:\/\/sxflightcase.com\/th\/#website","url":"https:\/\/sxflightcase.com\/th\/","name":"sxpowercase.com","description":"F\u00e1brica de malas de voo","publisher":{"@id":"https:\/\/sxflightcase.com\/th\/#organization"},"potentialAction":[{"@type":"SearchAction","target":{"@type":"EntryPoint","urlTemplate":"https:\/\/sxflightcase.com\/th\/?s={search_term_string}"},"query-input":{"@type":"PropertyValueSpecification","valueRequired":true,"valueName":"search_term_string"}}],"inLanguage":"pt-PT"},{"@type":"Organization","@id":"https:\/\/sxflightcase.com\/th\/#organization","name":"sxpowercase.com","url":"https:\/\/sxflightcase.com\/th\/","logo":{"@type":"ImageObject","inLanguage":"pt-PT","@id":"https:\/\/sxflightcase.com\/th\/#\/schema\/logo\/image\/","url":"https:\/\/sxflightcase.com\/wp-content\/uploads\/2024\/04\/1713919036007.jpg","contentUrl":"https:\/\/sxflightcase.com\/wp-content\/uploads\/2024\/04\/1713919036007.jpg","width":382,"height":388,"caption":"sxpowercase.com"},"image":{"@id":"https:\/\/sxflightcase.com\/th\/#\/schema\/logo\/image\/"},"sameAs":["https:\/\/www.facebook.com\/profile.php?id=61560407257971"],"numberOfEmployees":{"@type":"QuantitativeValue","minValue":"11","maxValue":"50"}}]}},"_links":{"self":[{"href":"https:\/\/sxflightcase.com\/pt\/wp-json\/wp\/v2\/product\/1786","targetHints":{"allow":["GET"]}}],"collection":[{"href":"https:\/\/sxflightcase.com\/pt\/wp-json\/wp\/v2\/product"}],"about":[{"href":"https:\/\/sxflightcase.com\/pt\/wp-json\/wp\/v2\/types\/product"}],"replies":[{"embeddable":true,"href":"https:\/\/sxflightcase.com\/pt\/wp-json\/wp\/v2\/comments?post=1786"}],"version-history":[{"count":0,"href":"https:\/\/sxflightcase.com\/pt\/wp-json\/wp\/v2\/product\/1786\/revisions"}],"wp:featuredmedia":[{"embeddable":true,"href":"https:\/\/sxflightcase.com\/pt\/wp-json\/wp\/v2\/media\/1787"}],"wp:attachment":[{"href":"https:\/\/sxflightcase.com\/pt\/wp-json\/wp\/v2\/media?parent=1786"}],"wp:term":[{"taxonomy":"product_brand","embeddable":true,"href":"https:\/\/sxflightcase.com\/pt\/wp-json\/wp\/v2\/product_brand?post=1786"},{"taxonomy":"product_cat","embeddable":true,"href":"https:\/\/sxflightcase.com\/pt\/wp-json\/wp\/v2\/product_cat?post=1786"},{"taxonomy":"product_tag","embeddable":true,"href":"https:\/\/sxflightcase.com\/pt\/wp-json\/wp\/v2\/product_tag?post=1786"}],"curies":[{"name":"wp","href":"https:\/\/api.w.org\/{rel}","templated":true}]}}