{"id":1796,"date":"2024-05-10T07:56:52","date_gmt":"2024-05-10T06:56:52","guid":{"rendered":"https:\/\/sxpowercase.com\/?post_type=product&#038;p=1796"},"modified":"2024-06-20T03:15:23","modified_gmt":"2024-06-20T02:15:23","slug":"wireless-microphone-case","status":"publish","type":"product","link":"https:\/\/sxflightcase.com\/pt\/produto\/estojo-para-microfone-sem-fios\/","title":{"rendered":"Estojo para microfone sem fios"},"content":{"rendered":"<h3><strong>Par\u00e2metro do produto (especifica\u00e7\u00e3o)<\/strong><\/h3>\n<section class=\"table-wrap\">\n<table class=\"table\" width=\"100%\" cellspacing=\"0\" cellpadding=\"0\">\n<tbody>\n<tr class=\"firstRow\">\n<td width=\"134\">Nome do produto<\/td>\n<td width=\"504\">Estojo para microfone sem fios<\/td>\n<\/tr>\n<tr>\n<td width=\"134\">Materiais<\/td>\n<td width=\"504\">Constru\u00e7\u00e3o em contraplacado laminado de 9 mm, com ferragens de qualidade comercial, pegas e fechos resistentes e cantos esf\u00e9ricos<br \/>\nPega de reboque embutida com mola<br \/>\nO acolchoamento interior e os blocos em espuma EVA Ultra-Dur permitem espa\u00e7o para ventila\u00e7\u00e3o na parte inferior da prancha<\/td>\n<\/tr>\n<tr>\n<td width=\"134\">Cor<\/td>\n<td width=\"504\">Preto, azul, vermelho ou personalizado<\/td>\n<\/tr>\n<tr>\n<td width=\"134\">Utiliza\u00e7\u00e3o<\/td>\n<td width=\"504\">Proteger o armazenamento de transporte<\/td>\n<\/tr>\n<\/tbody>\n<\/table>\n<\/section>\n<h3><strong>Embalagem e expedi\u00e7\u00e3o<\/strong><\/h3>\n<section class=\"table-wrap\">\n<table class=\"table\" width=\"100%\" cellspacing=\"0\" cellpadding=\"0\">\n<tbody>\n<tr class=\"firstRow\">\n<td colspan=\"3\" width=\"100%\">Embalagem e expedi\u00e7\u00e3o<\/td>\n<\/tr>\n<tr>\n<td rowspan=\"3\" width=\"33%\">Tempo de envio<\/td>\n<td width=\"33%\">Por mar<\/td>\n<td width=\"33%\">15-60 dias<\/td>\n<\/tr>\n<tr>\n<td width=\"33%\">De avi\u00e3o<\/td>\n<td width=\"33%\">4-9 dias<\/td>\n<\/tr>\n<tr>\n<td width=\"33%\">Por expresso<\/td>\n<td width=\"33%\">4-9 dias<\/td>\n<\/tr>\n<tr>\n<td width=\"33%\">Prazo de entrega<\/td>\n<td colspan=\"2\" width=\"66%\">7-15 horas de trabalho ou conforme as suas necessidades<\/td>\n<\/tr>\n<tr>\n<td width=\"33%\">Embalagem<\/td>\n<td colspan=\"2\" width=\"66%\">Por caixa ou conforme a sua necessidade<\/td>\n<\/tr>\n<\/tbody>\n<\/table>\n<\/section>\n<h1>Proteja o seu investimento com a capa para microfone sem fios SX<\/h1>\n<h2>A solu\u00e7\u00e3o definitiva para a seguran\u00e7a dos microfones sem fios<\/h2>\n<p>No mundo do \u00e1udio profissional, a prote\u00e7\u00e3o do seu equipamento \u00e9 fundamental. O <a href=\"https:\/\/sxpowercase.com\/\" target=\"_blank\" rel=\"noopener\" title=\"SX\" data-wpil-monitor-id=\"128\">SX<\/a> O estojo para microfone sem fios foi concebido para proporcionar uma prote\u00e7\u00e3o excecional aos seus valiosos microfones sem fios, garantindo que permanecem em perfeitas condi\u00e7\u00f5es, independentemente do local onde o seu trabalho o leva.<\/p>\n<h3>Constru\u00e7\u00e3o dur\u00e1vel e fi\u00e1vel<\/h3>\n<p>O estojo para microfone sem fios SX \u00e9 fabricado com materiais duradouros e de elevada qualidade. Este estojo foi concebido para suportar os rigores das viagens e da utiliza\u00e7\u00e3o di\u00e1ria, oferecendo uma prote\u00e7\u00e3o robusta contra choques, quedas e factores ambientais. Pode confiar na SX para manter os seus microfones seguros.<\/p>\n<h3>Ajuste personalizado para m\u00e1xima prote\u00e7\u00e3o<\/h3>\n<p>No interior do estojo para microfone sem fios SX, as inser\u00e7\u00f5es de espuma personalizadas acomodam os microfones sem fios de forma segura, impedindo qualquer movimento que possa provocar danos. Cada estojo foi concebido para se adaptar a uma variedade de modelos de microfones sem fios, garantindo um encaixe perfeito e seguro.<\/p>\n<h2>Vendas diretas da f\u00e1brica para um valor inigual\u00e1vel<\/h2>\n<p>Na SX, acreditamos em oferecer qualidade superior a pre\u00e7os imbat\u00edveis. Ao vender diretamente da nossa f\u00e1brica, eliminamos os intermedi\u00e1rios e transferimos as poupan\u00e7as para si. Isto significa que obt\u00e9m uma caixa de microfone sem fios de primeira qualidade sem o pre\u00e7o elevado.<\/p>\n<h2>Melhore o seu neg\u00f3cio com solu\u00e7\u00f5es personalizadas<\/h2>\n<h3>Adaptado \u00e0s suas necessidades<\/h3>\n<p>A SX oferece op\u00e7\u00f5es personaliz\u00e1veis para satisfazer as suas necessidades espec\u00edficas. Quer necessite de compartimentos adicionais para acess\u00f3rios ou de uma marca especial, podemos criar um estojo para microfone sem fios que se adapte perfeitamente aos seus requisitos. A personaliza\u00e7\u00e3o garante que o seu estojo SX satisfaz todas as suas necessidades profissionais.<\/p>\n<h3>Aumentar a efici\u00eancia da empresa<\/h3>\n<p>Proteger os seus microfones sem fios reduz a necessidade de substitui\u00e7\u00f5es e repara\u00e7\u00f5es dispendiosas. Isso n\u00e3o apenas economiza dinheiro, mas tamb\u00e9m garante que seu equipamento esteja sempre pronto para a a\u00e7\u00e3o. Com a SX, pode concentrar-se em fornecer uma qualidade de som excecional sem se preocupar com o seu equipamento.<\/p>\n<h2>Design elegante e profissional<\/h2>\n<h3>Apelo est\u00e9tico<\/h3>\n<p>A mala para microfone sem fios SX n\u00e3o \u00e9 apenas pr\u00e1tica, mas tamb\u00e9m visualmente apelativa. O seu design elegante e o seu aspeto profissional fazem dela uma excelente escolha para viagens e armazenamento. Impressione os seus clientes e colegas com um estojo que combina estilo e funcionalidade.<\/p>\n<h3>Porqu\u00ea escolher a SX?<\/h3>\n<p>A SX est\u00e1 empenhada em fornecer produtos que satisfa\u00e7am os mais elevados padr\u00f5es de qualidade e durabilidade. O nosso estojo para microfone sem fios \u00e9 um testemunho da nossa dedica\u00e7\u00e3o \u00e0 excel\u00eancia. Com vendas diretas da f\u00e1brica e op\u00e7\u00f5es de personaliza\u00e7\u00e3o, a SX \u00e9 l\u00edder em solu\u00e7\u00f5es de prote\u00e7\u00e3o para profissionais de \u00e1udio.<\/p>\n<h2>Encomenda f\u00e1cil e entrega r\u00e1pida<\/h2>\n<p>Encomendar a sua caixa para microfone sem fios SX \u00e9 simples. Contacte a nossa equipa de vendas para discutir as suas necessidades espec\u00edficas e n\u00f3s tratamos do resto. O nosso eficiente sistema de entrega garante que a sua mala chega rapidamente e em perfeitas condi\u00e7\u00f5es, pronta para proteger os seus valiosos microfones.<\/p>\n<h2>Testemunhos de clientes satisfeitos<\/h2>\n<p>Os nossos clientes adoram a caixa para microfone sem fios SX. \"Um item indispens\u00e1vel para qualquer profissional de \u00e1udio\", diz Mike, um engenheiro de som experiente. \"Fi\u00e1vel e com estilo\", comenta Jane, uma musicista em digress\u00e3o. Junte-se \u00e0 lista de clientes satisfeitos que confiam na SX para manter o seu equipamento seguro.<\/p>\n<h2>Conclus\u00e3o<\/h2>\n<p>As capas para microfone sem fios SX s\u00e3o a solu\u00e7\u00e3o perfeita para proteger os seus microfones sem fios. Com a sua constru\u00e7\u00e3o duradoura, design personalizado e apar\u00eancia elegante, oferece uma prote\u00e7\u00e3o e um estilo inigual\u00e1veis. Escolha o SX para um estojo de microfone sem fios que n\u00e3o o vai deixar ficar mal.<\/p>\n<h2>Encomende hoje as suas capas para microfone sem fios SX<\/h2>\n<p>N\u00e3o corra riscos com o seu valioso equipamento. Proteja os seus microfones sem fios com a capa para microfone sem fios SX. Contacte-nos agora para fazer a sua encomenda e desfrutar da paz de esp\u00edrito que adv\u00e9m do facto de saber que o seu equipamento est\u00e1 seguro e protegido. Deixe que a SX o ajude a manter o estado impec\u00e1vel dos seus microfones, garantindo que est\u00e3o sempre prontos para a sua pr\u00f3xima atua\u00e7\u00e3o ou sess\u00e3o de grava\u00e7\u00e3o.<\/p>\n<h3><strong>FAQ<\/strong><\/h3>\n<p>P: Qual \u00e9 o vosso servi\u00e7o de envio?<\/p>\n<p>R: Podemos prestar servi\u00e7os de reserva de navios, consolida\u00e7\u00e3o de mercadorias, declara\u00e7\u00e3o aduaneira, prepara\u00e7\u00e3o de documentos de expedi\u00e7\u00e3o e entrega a granel no porto de expedi\u00e7\u00e3o.<\/p>\n<p>P: Qual \u00e9 o seu prazo de entrega?<\/p>\n<p>R: O nosso prazo de entrega normal \u00e9 EXW Guangzhou. Tamb\u00e9m aceitamos FOB, CFR, CIF, DDP, DDU, etc. Oferecemos-lhe os custos de envio e pode escolher o que for mais conveniente e eficaz para si.<\/p>\n<p>P: Que formas de pagamento podem ser aceites?<\/p>\n<p>A: T\/T, Western Union, etc. Aceitamos qualquer termo de pagamento conveniente e r\u00e1pido.<\/p>\n<p>Hot Tags: Pre\u00e7o baixo, em estoque, amostra gr\u00e1tis, cabo de alimenta\u00e7\u00e3o e sinal, fio de 4 condutores de calibre 16, caixa de suporte de microfone, gabinete de exibi\u00e7\u00e3o de led ao ar livre, montagem em rack, caixas de v\u00f4o de misturador de montagem em rack de 19 \", caixa de distribui\u00e7\u00e3o el\u00e9trica, China, fornecedores, f\u00e1brica, personalizado, atacado, <span style=\"color: #993366;\"><a style=\"color: #993366;\" href=\"https:\/\/sxflightcase.com\/pt\/product-category\/all-product\/power-distribution-boxes\/\">caixas el\u00e9ctricas<\/a>,\u00a0<a style=\"color: #993366;\" href=\"https:\/\/sxflightcase.com\/pt\/product-category\/all-product\/hoist-controllers\/\">cabos el\u00e9ctricos<\/a>,\u00a0<a style=\"color: #993366;\" href=\"https:\/\/sxflightcase.com\/pt\/product-category\/all-product\/hoist-controllers\/\">controladores de guinchos<\/a>,\u00a0<a style=\"color: #993366;\" href=\"https:\/\/sxflightcase.com\/pt\/product-category\/all-product\/flight-case\/\">casos de voo.<\/a><\/span><\/p>","protected":false},"excerpt":{"rendered":"<h2 class=\"prodetails-name\">Estojo para microfone sem fios<\/h2>\n<p>Concebemos a mala para microfone sem fios para ter a melhor rela\u00e7\u00e3o qualidade\/pre\u00e7o do mercado, com fechos resistentes para uma vida \u00fatil mais longa e uma fixa\u00e7\u00e3o mais forte, rebordos de alum\u00ednio de 30 mm para trabalhos pesados que tornam a constru\u00e7\u00e3o ultra-resistente, p\u00e9s de borracha com uma elevada capacidade de carga, prateleiras e compartimento para equipamento.<\/p>\n<h2><strong>Introdu\u00e7\u00e3o \u00e0 produ\u00e7\u00e3o<\/strong><\/h2>\n<p>- Contraplacado de 9 mm com laminado preto<\/p>\n<p>- Grade met\u00e1lica de lingueta e ranhura com cantos esf\u00e9ricos de alto impacto<\/p>\n<p>- Rebites de n\u00edvel industrial, fechos, p\u00e9s de borracha antiderrapantes<\/p>\n<p>- 4-Espa\u00e7o normalizado para embalar o equipamento, com 12\u2033 de profundidade (excluindo as tampas)<\/p>","protected":false},"featured_media":1799,"comment_status":"open","ping_status":"closed","template":"","meta":[],"product_brand":[],"product_cat":[41],"product_tag":[],"class_list":{"0":"post-1796","1":"product","2":"type-product","3":"status-publish","4":"has-post-thumbnail","6":"product_cat-equipment-cases","8":"first","9":"instock","10":"shipping-taxable","11":"product-type-simple"},"yoast_head":"<!-- This site is optimized with the Yoast SEO Premium plugin v27.1 (Yoast SEO v27.2) - https:\/\/yoast.com\/product\/yoast-seo-premium-wordpress\/ -->\n<title>Wireless Microphone Case - https:\/\/sxflightcase.com \ud83d\udc97<\/title>\n<meta name=\"description\" content=\"Wireless Microphone Case: Explore our factory-direct options for professional customization, ensuring secure and convenient storage for your wireless microphone.\" \/>\n<meta name=\"robots\" content=\"index, follow, max-snippet:-1, max-image-preview:large, max-video-preview:-1\" \/>\n<link rel=\"canonical\" href=\"https:\/\/sxflightcase.com\/pt\/\uc81c\ud488\/\ubb34\uc120-\ub9c8\uc774\ud06c-\ucf00\uc774\uc2a4-2\/\" \/>\n<meta property=\"og:locale\" content=\"pt_PT\" \/>\n<meta property=\"og:type\" content=\"article\" \/>\n<meta property=\"og:title\" content=\"Wireless Microphone Case\" \/>\n<meta property=\"og:description\" content=\"Wireless Microphone Case: Explore our factory-direct options for professional customization, ensuring secure and convenient storage for your wireless microphone.\" \/>\n<meta property=\"og:url\" content=\"https:\/\/sxflightcase.com\/pt\/\uc81c\ud488\/\ubb34\uc120-\ub9c8\uc774\ud06c-\ucf00\uc774\uc2a4-2\/\" \/>\n<meta property=\"og:site_name\" content=\"https:\/\/sxflightcase.com\" \/>\n<meta property=\"article:publisher\" content=\"https:\/\/www.facebook.com\/profile.php?id=61560407257971\" \/>\n<meta property=\"article:modified_time\" content=\"2024-06-20T02:15:23+00:00\" \/>\n<meta property=\"og:image\" content=\"https:\/\/sxflightcase.com\/wp-content\/uploads\/2024\/05\/wireless-microphone-case32554960105.webp\" \/>\n\t<meta property=\"og:image:width\" content=\"730\" \/>\n\t<meta property=\"og:image:height\" content=\"730\" \/>\n\t<meta property=\"og:image:type\" content=\"image\/webp\" \/>\n<meta name=\"twitter:card\" content=\"summary_large_image\" \/>\n<meta name=\"twitter:label1\" content=\"Tempo estimado de leitura\" \/>\n\t<meta name=\"twitter:data1\" content=\"5 minutos\" \/>\n<script type=\"application\/ld+json\" class=\"yoast-schema-graph\">{\"@context\":\"https:\/\/schema.org\",\"@graph\":[{\"@type\":\"WebPage\",\"@id\":\"https:\/\/sxflightcase.com\/ko\/\uc81c\ud488\/\ubb34\uc120-\ub9c8\uc774\ud06c-\ucf00\uc774\uc2a4-2\/\",\"url\":\"https:\/\/sxflightcase.com\/ko\/\uc81c\ud488\/\ubb34\uc120-\ub9c8\uc774\ud06c-\ucf00\uc774\uc2a4-2\/\",\"name\":\"Wireless Microphone Case - https:\/\/sxflightcase.com \ud83d\udc97\",\"isPartOf\":{\"@id\":\"https:\/\/sxflightcase.com\/th\/#website\"},\"primaryImageOfPage\":{\"@id\":\"https:\/\/sxflightcase.com\/ko\/\uc81c\ud488\/\ubb34\uc120-\ub9c8\uc774\ud06c-\ucf00\uc774\uc2a4-2\/#primaryimage\"},\"image\":{\"@id\":\"https:\/\/sxflightcase.com\/ko\/\uc81c\ud488\/\ubb34\uc120-\ub9c8\uc774\ud06c-\ucf00\uc774\uc2a4-2\/#primaryimage\"},\"thumbnailUrl\":\"https:\/\/sxflightcase.com\/wp-content\/uploads\/2024\/05\/wireless-microphone-case32554960105.webp\",\"datePublished\":\"2024-05-10T06:56:52+00:00\",\"dateModified\":\"2024-06-20T02:15:23+00:00\",\"description\":\"Wireless Microphone Case: Explore our factory-direct options for professional customization, ensuring secure and convenient storage for your wireless microphone.\",\"breadcrumb\":{\"@id\":\"https:\/\/sxflightcase.com\/ko\/\uc81c\ud488\/\ubb34\uc120-\ub9c8\uc774\ud06c-\ucf00\uc774\uc2a4-2\/#breadcrumb\"},\"inLanguage\":\"pt-PT\",\"potentialAction\":[{\"@type\":\"ReadAction\",\"target\":[\"https:\/\/sxflightcase.com\/ko\/\uc81c\ud488\/\ubb34\uc120-\ub9c8\uc774\ud06c-\ucf00\uc774\uc2a4-2\/\"]}]},{\"@type\":\"ImageObject\",\"inLanguage\":\"pt-PT\",\"@id\":\"https:\/\/sxflightcase.com\/ko\/\uc81c\ud488\/\ubb34\uc120-\ub9c8\uc774\ud06c-\ucf00\uc774\uc2a4-2\/#primaryimage\",\"url\":\"https:\/\/sxflightcase.com\/wp-content\/uploads\/2024\/05\/wireless-microphone-case32554960105.webp\",\"contentUrl\":\"https:\/\/sxflightcase.com\/wp-content\/uploads\/2024\/05\/wireless-microphone-case32554960105.webp\",\"width\":730,\"height\":730,\"caption\":\"Wireless Microphone Case\"},{\"@type\":\"BreadcrumbList\",\"@id\":\"https:\/\/sxflightcase.com\/ko\/\uc81c\ud488\/\ubb34\uc120-\ub9c8\uc774\ud06c-\ucf00\uc774\uc2a4-2\/#breadcrumb\",\"itemListElement\":[{\"@type\":\"ListItem\",\"position\":1,\"name\":\"Home\",\"item\":\"https:\/\/sxflightcase.com\/\"},{\"@type\":\"ListItem\",\"position\":2,\"name\":\"\u0e2a\u0e34\u0e19\u0e04\u0e49\u0e32\",\"item\":\"https:\/\/sxflightcase.com\/th\/shop\/\"},{\"@type\":\"ListItem\",\"position\":3,\"name\":\"Wireless Microphone Case\"}]},{\"@type\":\"WebSite\",\"@id\":\"https:\/\/sxflightcase.com\/th\/#website\",\"url\":\"https:\/\/sxflightcase.com\/th\/\",\"name\":\"sxpowercase.com\",\"description\":\"Flight Case Factory\",\"publisher\":{\"@id\":\"https:\/\/sxflightcase.com\/th\/#organization\"},\"potentialAction\":[{\"@type\":\"SearchAction\",\"target\":{\"@type\":\"EntryPoint\",\"urlTemplate\":\"https:\/\/sxflightcase.com\/th\/?s={search_term_string}\"},\"query-input\":{\"@type\":\"PropertyValueSpecification\",\"valueRequired\":true,\"valueName\":\"search_term_string\"}}],\"inLanguage\":\"pt-PT\"},{\"@type\":\"Organization\",\"@id\":\"https:\/\/sxflightcase.com\/th\/#organization\",\"name\":\"sxpowercase.com\",\"url\":\"https:\/\/sxflightcase.com\/th\/\",\"logo\":{\"@type\":\"ImageObject\",\"inLanguage\":\"pt-PT\",\"@id\":\"https:\/\/sxflightcase.com\/th\/#\/schema\/logo\/image\/\",\"url\":\"https:\/\/sxflightcase.com\/wp-content\/uploads\/2024\/04\/1713919036007.jpg\",\"contentUrl\":\"https:\/\/sxflightcase.com\/wp-content\/uploads\/2024\/04\/1713919036007.jpg\",\"width\":382,\"height\":388,\"caption\":\"sxpowercase.com\"},\"image\":{\"@id\":\"https:\/\/sxflightcase.com\/th\/#\/schema\/logo\/image\/\"},\"sameAs\":[\"https:\/\/www.facebook.com\/profile.php?id=61560407257971\"],\"numberOfEmployees\":{\"@type\":\"QuantitativeValue\",\"minValue\":\"11\",\"maxValue\":\"50\"}}]}<\/script>\n<!-- \/ Yoast SEO Premium plugin. -->","yoast_head_json":{"title":"Wireless Microphone Case - https:\/\/sxflightcase.com \ud83d\udc97","description":"Estojo para microfone sem fios: Explore as nossas op\u00e7\u00f5es diretas da f\u00e1brica para personaliza\u00e7\u00e3o profissional, garantindo um armazenamento seguro e pr\u00e1tico para o seu microfone sem fios.","robots":{"index":"index","follow":"follow","max-snippet":"max-snippet:-1","max-image-preview":"max-image-preview:large","max-video-preview":"max-video-preview:-1"},"canonical":"https:\/\/sxflightcase.com\/pt\/\uc81c\ud488\/\ubb34\uc120-\ub9c8\uc774\ud06c-\ucf00\uc774\uc2a4-2\/","og_locale":"pt_PT","og_type":"article","og_title":"Wireless Microphone Case","og_description":"Wireless Microphone Case: Explore our factory-direct options for professional customization, ensuring secure and convenient storage for your wireless microphone.","og_url":"https:\/\/sxflightcase.com\/pt\/\uc81c\ud488\/\ubb34\uc120-\ub9c8\uc774\ud06c-\ucf00\uc774\uc2a4-2\/","og_site_name":"https:\/\/sxflightcase.com","article_publisher":"https:\/\/www.facebook.com\/profile.php?id=61560407257971","article_modified_time":"2024-06-20T02:15:23+00:00","og_image":[{"width":730,"height":730,"url":"https:\/\/sxflightcase.com\/wp-content\/uploads\/2024\/05\/wireless-microphone-case32554960105.webp","type":"image\/webp"}],"twitter_card":"summary_large_image","twitter_misc":{"Tempo estimado de leitura":"5 minutos"},"schema":{"@context":"https:\/\/schema.org","@graph":[{"@type":"WebPage","@id":"https:\/\/sxflightcase.com\/ko\/\uc81c\ud488\/\ubb34\uc120-\ub9c8\uc774\ud06c-\ucf00\uc774\uc2a4-2\/","url":"https:\/\/sxflightcase.com\/ko\/\uc81c\ud488\/\ubb34\uc120-\ub9c8\uc774\ud06c-\ucf00\uc774\uc2a4-2\/","name":"Wireless Microphone Case - https:\/\/sxflightcase.com \ud83d\udc97","isPartOf":{"@id":"https:\/\/sxflightcase.com\/th\/#website"},"primaryImageOfPage":{"@id":"https:\/\/sxflightcase.com\/ko\/\uc81c\ud488\/\ubb34\uc120-\ub9c8\uc774\ud06c-\ucf00\uc774\uc2a4-2\/#primaryimage"},"image":{"@id":"https:\/\/sxflightcase.com\/ko\/\uc81c\ud488\/\ubb34\uc120-\ub9c8\uc774\ud06c-\ucf00\uc774\uc2a4-2\/#primaryimage"},"thumbnailUrl":"https:\/\/sxflightcase.com\/wp-content\/uploads\/2024\/05\/wireless-microphone-case32554960105.webp","datePublished":"2024-05-10T06:56:52+00:00","dateModified":"2024-06-20T02:15:23+00:00","description":"Estojo para microfone sem fios: Explore as nossas op\u00e7\u00f5es diretas da f\u00e1brica para personaliza\u00e7\u00e3o profissional, garantindo um armazenamento seguro e pr\u00e1tico para o seu microfone sem fios.","breadcrumb":{"@id":"https:\/\/sxflightcase.com\/ko\/\uc81c\ud488\/\ubb34\uc120-\ub9c8\uc774\ud06c-\ucf00\uc774\uc2a4-2\/#breadcrumb"},"inLanguage":"pt-PT","potentialAction":[{"@type":"ReadAction","target":["https:\/\/sxflightcase.com\/ko\/\uc81c\ud488\/\ubb34\uc120-\ub9c8\uc774\ud06c-\ucf00\uc774\uc2a4-2\/"]}]},{"@type":"ImageObject","inLanguage":"pt-PT","@id":"https:\/\/sxflightcase.com\/ko\/\uc81c\ud488\/\ubb34\uc120-\ub9c8\uc774\ud06c-\ucf00\uc774\uc2a4-2\/#primaryimage","url":"https:\/\/sxflightcase.com\/wp-content\/uploads\/2024\/05\/wireless-microphone-case32554960105.webp","contentUrl":"https:\/\/sxflightcase.com\/wp-content\/uploads\/2024\/05\/wireless-microphone-case32554960105.webp","width":730,"height":730,"caption":"Wireless Microphone Case"},{"@type":"BreadcrumbList","@id":"https:\/\/sxflightcase.com\/ko\/\uc81c\ud488\/\ubb34\uc120-\ub9c8\uc774\ud06c-\ucf00\uc774\uc2a4-2\/#breadcrumb","itemListElement":[{"@type":"ListItem","position":1,"name":"Home","item":"https:\/\/sxflightcase.com\/"},{"@type":"ListItem","position":2,"name":"\u0e2a\u0e34\u0e19\u0e04\u0e49\u0e32","item":"https:\/\/sxflightcase.com\/th\/shop\/"},{"@type":"ListItem","position":3,"name":"Wireless Microphone Case"}]},{"@type":"WebSite","@id":"https:\/\/sxflightcase.com\/th\/#website","url":"https:\/\/sxflightcase.com\/th\/","name":"sxpowercase.com","description":"F\u00e1brica de malas de voo","publisher":{"@id":"https:\/\/sxflightcase.com\/th\/#organization"},"potentialAction":[{"@type":"SearchAction","target":{"@type":"EntryPoint","urlTemplate":"https:\/\/sxflightcase.com\/th\/?s={search_term_string}"},"query-input":{"@type":"PropertyValueSpecification","valueRequired":true,"valueName":"search_term_string"}}],"inLanguage":"pt-PT"},{"@type":"Organization","@id":"https:\/\/sxflightcase.com\/th\/#organization","name":"sxpowercase.com","url":"https:\/\/sxflightcase.com\/th\/","logo":{"@type":"ImageObject","inLanguage":"pt-PT","@id":"https:\/\/sxflightcase.com\/th\/#\/schema\/logo\/image\/","url":"https:\/\/sxflightcase.com\/wp-content\/uploads\/2024\/04\/1713919036007.jpg","contentUrl":"https:\/\/sxflightcase.com\/wp-content\/uploads\/2024\/04\/1713919036007.jpg","width":382,"height":388,"caption":"sxpowercase.com"},"image":{"@id":"https:\/\/sxflightcase.com\/th\/#\/schema\/logo\/image\/"},"sameAs":["https:\/\/www.facebook.com\/profile.php?id=61560407257971"],"numberOfEmployees":{"@type":"QuantitativeValue","minValue":"11","maxValue":"50"}}]}},"_links":{"self":[{"href":"https:\/\/sxflightcase.com\/pt\/wp-json\/wp\/v2\/product\/1796","targetHints":{"allow":["GET"]}}],"collection":[{"href":"https:\/\/sxflightcase.com\/pt\/wp-json\/wp\/v2\/product"}],"about":[{"href":"https:\/\/sxflightcase.com\/pt\/wp-json\/wp\/v2\/types\/product"}],"replies":[{"embeddable":true,"href":"https:\/\/sxflightcase.com\/pt\/wp-json\/wp\/v2\/comments?post=1796"}],"version-history":[{"count":0,"href":"https:\/\/sxflightcase.com\/pt\/wp-json\/wp\/v2\/product\/1796\/revisions"}],"wp:featuredmedia":[{"embeddable":true,"href":"https:\/\/sxflightcase.com\/pt\/wp-json\/wp\/v2\/media\/1799"}],"wp:attachment":[{"href":"https:\/\/sxflightcase.com\/pt\/wp-json\/wp\/v2\/media?parent=1796"}],"wp:term":[{"taxonomy":"product_brand","embeddable":true,"href":"https:\/\/sxflightcase.com\/pt\/wp-json\/wp\/v2\/product_brand?post=1796"},{"taxonomy":"product_cat","embeddable":true,"href":"https:\/\/sxflightcase.com\/pt\/wp-json\/wp\/v2\/product_cat?post=1796"},{"taxonomy":"product_tag","embeddable":true,"href":"https:\/\/sxflightcase.com\/pt\/wp-json\/wp\/v2\/product_tag?post=1796"}],"curies":[{"name":"wp","href":"https:\/\/api.w.org\/{rel}","templated":true}]}}