{"id":1802,"date":"2024-05-10T08:05:04","date_gmt":"2024-05-10T07:05:04","guid":{"rendered":"https:\/\/sxpowercase.com\/?post_type=product&#038;p=1802"},"modified":"2024-06-20T03:13:19","modified_gmt":"2024-06-20T02:13:19","slug":"shure-microphone-case","status":"publish","type":"product","link":"https:\/\/sxflightcase.com\/pt\/produto\/estojo-para-microfone-shure\/","title":{"rendered":"Estojo para microfone Shure"},"content":{"rendered":"<h3><strong>Par\u00e2metro do produto (especifica\u00e7\u00e3o)<\/strong><\/h3>\n<section class=\"table-wrap\">\n<table class=\"table\" width=\"100%\" cellspacing=\"0\" cellpadding=\"0\">\n<tbody>\n<tr class=\"firstRow\">\n<td width=\"134\">Nome do produto<\/td>\n<td width=\"504\">Estojo para microfone Shure<\/td>\n<\/tr>\n<tr>\n<td width=\"134\">Materiais<\/td>\n<td width=\"504\">Constru\u00e7\u00e3o em contraplacado laminado de 9 mm, com ferragens de qualidade comercial, pegas e fechos resistentes e cantos esf\u00e9ricos<br \/>\nPega de reboque embutida com mola<br \/>\nO acolchoamento interior e os blocos em espuma EVA Ultra-Dur permitem espa\u00e7o para ventila\u00e7\u00e3o na parte inferior da prancha<\/td>\n<\/tr>\n<tr>\n<td width=\"134\">Cor<\/td>\n<td width=\"504\">Preto, azul, vermelho ou personalizado<\/td>\n<\/tr>\n<tr>\n<td width=\"134\">Utiliza\u00e7\u00e3o<\/td>\n<td width=\"504\">Proteger o armazenamento de transporte<\/td>\n<\/tr>\n<\/tbody>\n<\/table>\n<\/section>\n<p><strong>Embalagem e expedi\u00e7\u00e3o<\/strong><\/p>\n<section class=\"table-wrap\">\n<table class=\"table\" width=\"100%\" cellspacing=\"0\" cellpadding=\"0\">\n<tbody>\n<tr class=\"firstRow\">\n<td colspan=\"3\" width=\"100%\">Embalagem e expedi\u00e7\u00e3o<\/td>\n<\/tr>\n<tr>\n<td rowspan=\"3\" width=\"33%\">Tempo de envio<\/td>\n<td width=\"33%\">Por mar<\/td>\n<td width=\"33%\">15-60 dias<\/td>\n<\/tr>\n<tr>\n<td width=\"33%\">De avi\u00e3o<\/td>\n<td width=\"33%\">4-9 dias<\/td>\n<\/tr>\n<tr>\n<td width=\"33%\">Por expresso<\/td>\n<td width=\"33%\">4-9 dias<\/td>\n<\/tr>\n<tr>\n<td width=\"33%\">Prazo de entrega<\/td>\n<td colspan=\"2\" width=\"66%\">7-15 horas de trabalho ou conforme as suas necessidades<\/td>\n<\/tr>\n<tr>\n<td width=\"33%\">Embalagem<\/td>\n<td colspan=\"2\" width=\"66%\">Por caixa ou conforme a sua necessidade<\/td>\n<\/tr>\n<\/tbody>\n<\/table>\n<\/section>\n<h1>Proteja o seu equipamento com o estojo para microfone SX Shure<\/h1>\n<h2>Prote\u00e7\u00e3o superior para os seus microfones Shure<\/h2>\n<p>Est\u00e1 cansado de se preocupar com o facto de os seus microfones Shure ficarem danificados durante o transporte? O <a href=\"https:\/\/sxpowercase.com\/\" target=\"_blank\" rel=\"noopener\" title=\"SX\" data-wpil-monitor-id=\"129\">SX<\/a> O estojo para microfone Shure foi concebido para oferecer uma prote\u00e7\u00e3o de alto n\u00edvel, garantindo que o seu valioso equipamento se mant\u00e9m s\u00e3o e salvo.<\/p>\n<h3>Concebido para ser dur\u00e1vel<\/h3>\n<p>O estojo para microfone SX Shure \u00e9 fabricado com materiais de alta qualidade, proporcionando uma prote\u00e7\u00e3o robusta contra choques, quedas e outros riscos potenciais. Quer esteja a viajar para concertos ou a guardar os seus microfones em casa, este estojo garante a seguran\u00e7a do seu equipamento.<\/p>\n<h3>Ajuste personalizado para microfones Shure<\/h3>\n<p>O nosso estojo foi especificamente concebido para se adaptar perfeitamente aos microfones Shure. O interior possui um acolchoamento de espuma personalizado que mant\u00e9m os microfones confortavelmente no lugar, evitando qualquer movimento que possa levar a danos. A SX compreende a import\u00e2ncia de manter o seu equipamento em perfeitas condi\u00e7\u00f5es.<\/p>\n<h2>Vendas diretas da f\u00e1brica para efici\u00eancia de custos<\/h2>\n<p>Na SX, acreditamos em oferecer qualidade sem gastar muito. O nosso modelo de vendas diretas da f\u00e1brica elimina os intermedi\u00e1rios, permitindo-nos oferecer o estojo para microfone Shure a pre\u00e7os imbat\u00edveis. Isto significa que obt\u00e9m uma prote\u00e7\u00e3o de primeira qualidade por uma fra\u00e7\u00e3o do custo.<\/p>\n<h2>Melhore o seu neg\u00f3cio com solu\u00e7\u00f5es personalizadas<\/h2>\n<h3>Adaptado \u00e0s suas necessidades<\/h3>\n<p>A SX oferece op\u00e7\u00f5es de personaliza\u00e7\u00e3o para satisfazer os seus requisitos espec\u00edficos. Precisa de compartimentos adicionais para acess\u00f3rios? Podemos projetar um estojo que atenda \u00e0s suas necessidades exclusivas. A personaliza\u00e7\u00e3o garante que o seu estojo para microfone SX Shure n\u00e3o \u00e9 apenas uma compra, mas um investimento em conveni\u00eancia e efici\u00eancia.<\/p>\n<h3>Aumentar a efici\u00eancia da empresa<\/h3>\n<p>Proteger os seus microfones significa menos substitui\u00e7\u00f5es e repara\u00e7\u00f5es. Isto n\u00e3o s\u00f3 poupa dinheiro, como tamb\u00e9m garante que tem sempre equipamento fi\u00e1vel pronto a funcionar. Com a SX, pode concentrar-se no que \u00e9 mais importante - produzir um som excelente - sem se preocupar com o seu equipamento.<\/p>\n<h2>Design pr\u00e1tico e elegante<\/h2>\n<h3>Elegante e profissional<\/h3>\n<p>O estojo para microfone SX Shure tem um design elegante e profissional que fica muito bem na estrada ou no est\u00fadio. Combina funcionalidade com est\u00e9tica, proporcionando-lhe um estojo t\u00e3o elegante quanto pr\u00e1tico. Impressione clientes e colegas com um equipamento que tem tanto de bonito como de funcional.<\/p>\n<h3>Porqu\u00ea escolher a SX?<\/h3>\n<p>A SX est\u00e1 empenhada na qualidade e na satisfa\u00e7\u00e3o do cliente. O nosso estojo para microfone Shure \u00e9 uma prova da nossa dedica\u00e7\u00e3o em fornecer produtos que satisfazem os mais elevados padr\u00f5es. Com as nossas vendas diretas da f\u00e1brica e op\u00e7\u00f5es de personaliza\u00e7\u00e3o, a SX destaca-se como l\u00edder em equipamento de prote\u00e7\u00e3o para profissionais de \u00e1udio.<\/p>\n<h2>Encomenda simples e entrega r\u00e1pida<\/h2>\n<p>Encomendar o seu estojo para microfone SX Shure \u00e9 f\u00e1cil. Basta contactar a nossa equipa de vendas para discutir as suas necessidades, e n\u00f3s tratamos do resto. O nosso eficiente sistema de entrega garante que o seu estojo chega rapidamente e em perfeitas condi\u00e7\u00f5es, pronto para proteger os seus valiosos microfones.<\/p>\n<h2>Testemunhos de clientes satisfeitos<\/h2>\n<p>Os nossos clientes elogiam o estojo para microfone SX Shure. \"O melhor investimento para o meu equipamento\", diz John, um m\u00fasico em digress\u00e3o. \"Dur\u00e1vel e com estilo\", comenta Sarah, uma engenheira de som profissional. Junte-se aos muitos clientes satisfeitos que confiam na SX para as suas necessidades de prote\u00e7\u00e3o de microfones.<\/p>\n<h2>Conclus\u00e3o<\/h2>\n<p>O estojo para microfone SX Shure \u00e9 a solu\u00e7\u00e3o perfeita para proteger os seus valiosos microfones Shure. Com a sua constru\u00e7\u00e3o dur\u00e1vel, ajuste personalizado e design elegante, oferece prote\u00e7\u00e3o e estilo inigual\u00e1veis. Escolha a SX para uma prote\u00e7\u00e3o fi\u00e1vel do equipamento que n\u00e3o o deixar\u00e1 ficar mal.<\/p>\n<h2>Encomende hoje o seu estojo para microfone SX Shure<\/h2>\n<p>N\u00e3o espere at\u00e9 ser demasiado tarde. Proteja os seus microfones Shure com o estojo para microfone SX Shure. Contacte-nos agora para fazer a sua encomenda e experimentar a paz de esp\u00edrito que adv\u00e9m do facto de saber que o seu equipamento est\u00e1 seguro. Deixe que a SX o ajude a manter os seus microfones nas melhores condi\u00e7\u00f5es, prontos para qualquer atua\u00e7\u00e3o ou sess\u00e3o de grava\u00e7\u00e3o.<\/p>\n<h3><strong>FAQ<\/strong><\/h3>\n<p>P: Qual \u00e9 o vosso servi\u00e7o de envio?<\/p>\n<p>R: Podemos prestar servi\u00e7os de reserva de navios, consolida\u00e7\u00e3o de mercadorias, declara\u00e7\u00e3o aduaneira, prepara\u00e7\u00e3o de documentos de expedi\u00e7\u00e3o e entrega a granel no porto de expedi\u00e7\u00e3o.<\/p>\n<p>P: Qual \u00e9 o seu prazo de entrega?<\/p>\n<p>R: O nosso prazo de entrega normal \u00e9 EXW Guangzhou. Tamb\u00e9m aceitamos FOB, CFR, CIF, DDP, DDU, etc. Oferecemos-lhe os custos de envio e pode escolher o que for mais conveniente e eficaz para si.<\/p>\n<p>P: Que formas de pagamento podem ser aceites?<\/p>\n<p>A: T\/T, Western Union, etc. Aceitamos qualquer termo de pagamento conveniente e r\u00e1pido.<\/p>\n<p>Hot Tags: Pre\u00e7o baixo, em estoque, amostra gr\u00e1tis, cabo de alimenta\u00e7\u00e3o e sinal, fio de 4 condutores de calibre 16, caixa de suporte de microfone, gabinete de exibi\u00e7\u00e3o de led ao ar livre, montagem em rack, caixas de v\u00f4o de misturador de montagem em rack de 19 \", caixa de distribui\u00e7\u00e3o el\u00e9trica, China, fornecedores, f\u00e1brica, personalizado, atacado, <span style=\"color: #993366;\"><a style=\"color: #993366;\" href=\"https:\/\/sxflightcase.com\/pt\/product-category\/all-product\/power-distribution-boxes\/\">caixas el\u00e9ctricas<\/a>,\u00a0<a style=\"color: #993366;\" href=\"https:\/\/sxflightcase.com\/pt\/product-category\/all-product\/hoist-controllers\/\">cabos el\u00e9ctricos<\/a>,\u00a0<a style=\"color: #993366;\" href=\"https:\/\/sxflightcase.com\/pt\/product-category\/all-product\/hoist-controllers\/\">controladores de guinchos<\/a>,\u00a0<a style=\"color: #993366;\" href=\"https:\/\/sxflightcase.com\/pt\/product-category\/all-product\/flight-case\/\">casos de voo.<\/a><\/span><\/p>","protected":false},"excerpt":{"rendered":"<h2 class=\"prodetails-name\">Estojo para microfone Shure<\/h2>\n<p>Concebemos a mala para microfone shure para ter a melhor rela\u00e7\u00e3o qualidade\/pre\u00e7o do mercado, com fechos resistentes para uma vida \u00fatil mais longa e uma fixa\u00e7\u00e3o mais forte, rebordos de alum\u00ednio de 30 mm para trabalhos pesados que tornam a constru\u00e7\u00e3o ultra-resistente, p\u00e9s de borracha com uma classifica\u00e7\u00e3o de carga elevada, prateleiras e compartimento para equipamento.<\/p>\n<h2><strong>Introdu\u00e7\u00e3o \u00e0 produ\u00e7\u00e3o<\/strong><\/h2>\n<p>- Tipo: Rack de 19\u2033 com tampa de armazenamento de microfone<\/p>\n<p>- Material: Placa corta-fogo preta de 9 mm. Outras cores dispon\u00edveis<\/p>\n<p>- Dims. Int: Constru\u00eddo \u00e0 medida para se adaptar \u00e0 configura\u00e7\u00e3o do seu microfone<\/p>\n<p>- Ext Dims: Constru\u00eddo \u00e0 medida para se adaptar \u00e0 configura\u00e7\u00e3o do seu microfone<\/p>\n<p>- Espuma: Espuma forrada com espuma de alta densidade de 20 mm com inser\u00e7\u00e3o CNC completa adequada ao seu equipamento<\/p>\n<p>- Acess\u00f3rios cromados de alta resist\u00eancia<\/p>\n<p>- Rodas: Nenhum montado<\/p>\n<p>- Compartimento de reserva dispon\u00edvel para cabos e acess\u00f3rios<\/p>","protected":false},"featured_media":1803,"comment_status":"open","ping_status":"closed","template":"","meta":[],"product_brand":[],"product_cat":[41],"product_tag":[],"class_list":{"0":"post-1802","1":"product","2":"type-product","3":"status-publish","4":"has-post-thumbnail","6":"product_cat-equipment-cases","8":"first","9":"instock","10":"shipping-taxable","11":"product-type-simple"},"yoast_head":"<!-- This site is optimized with the Yoast SEO Premium plugin v27.1 (Yoast SEO v27.2) - https:\/\/yoast.com\/product\/yoast-seo-premium-wordpress\/ -->\n<title>Shure Microphone Case - https:\/\/sxflightcase.com \ud83d\udc97<\/title>\n<meta name=\"description\" content=\"Shure Microphone Case: Get factory-direct, professionally customized cases for your Shure microphones, ensuring top-notch protection and portability.\" \/>\n<meta name=\"robots\" content=\"index, follow, max-snippet:-1, max-image-preview:large, max-video-preview:-1\" \/>\n<link rel=\"canonical\" href=\"https:\/\/sxflightcase.com\/pt\/\uc81c\ud488\/\uc288\uc5b4-\ub9c8\uc774\ud06c-\ucf00\uc774\uc2a4-2\/\" \/>\n<meta property=\"og:locale\" content=\"pt_PT\" \/>\n<meta property=\"og:type\" content=\"article\" \/>\n<meta property=\"og:title\" content=\"Shure Microphone Case\" \/>\n<meta property=\"og:description\" content=\"Shure Microphone Case: Get factory-direct, professionally customized cases for your Shure microphones, ensuring top-notch protection and portability.\" \/>\n<meta property=\"og:url\" content=\"https:\/\/sxflightcase.com\/pt\/\uc81c\ud488\/\uc288\uc5b4-\ub9c8\uc774\ud06c-\ucf00\uc774\uc2a4-2\/\" \/>\n<meta property=\"og:site_name\" content=\"https:\/\/sxflightcase.com\" \/>\n<meta property=\"article:publisher\" content=\"https:\/\/www.facebook.com\/profile.php?id=61560407257971\" \/>\n<meta property=\"article:modified_time\" content=\"2024-06-20T02:13:19+00:00\" \/>\n<meta property=\"og:image\" content=\"https:\/\/sxflightcase.com\/wp-content\/uploads\/2024\/05\/shure-microphone-case29044233616.webp\" \/>\n\t<meta property=\"og:image:width\" content=\"750\" \/>\n\t<meta property=\"og:image:height\" content=\"750\" \/>\n\t<meta property=\"og:image:type\" content=\"image\/webp\" \/>\n<meta name=\"twitter:card\" content=\"summary_large_image\" \/>\n<meta name=\"twitter:label1\" content=\"Tempo estimado de leitura\" \/>\n\t<meta name=\"twitter:data1\" content=\"5 minutos\" \/>\n<script type=\"application\/ld+json\" class=\"yoast-schema-graph\">{\"@context\":\"https:\/\/schema.org\",\"@graph\":[{\"@type\":\"WebPage\",\"@id\":\"https:\/\/sxflightcase.com\/ko\/\uc81c\ud488\/\uc288\uc5b4-\ub9c8\uc774\ud06c-\ucf00\uc774\uc2a4-2\/\",\"url\":\"https:\/\/sxflightcase.com\/ko\/\uc81c\ud488\/\uc288\uc5b4-\ub9c8\uc774\ud06c-\ucf00\uc774\uc2a4-2\/\",\"name\":\"Shure Microphone Case - https:\/\/sxflightcase.com \ud83d\udc97\",\"isPartOf\":{\"@id\":\"https:\/\/sxflightcase.com\/th\/#website\"},\"primaryImageOfPage\":{\"@id\":\"https:\/\/sxflightcase.com\/ko\/\uc81c\ud488\/\uc288\uc5b4-\ub9c8\uc774\ud06c-\ucf00\uc774\uc2a4-2\/#primaryimage\"},\"image\":{\"@id\":\"https:\/\/sxflightcase.com\/ko\/\uc81c\ud488\/\uc288\uc5b4-\ub9c8\uc774\ud06c-\ucf00\uc774\uc2a4-2\/#primaryimage\"},\"thumbnailUrl\":\"https:\/\/sxflightcase.com\/wp-content\/uploads\/2024\/05\/shure-microphone-case29044233616.webp\",\"datePublished\":\"2024-05-10T07:05:04+00:00\",\"dateModified\":\"2024-06-20T02:13:19+00:00\",\"description\":\"Shure Microphone Case: Get factory-direct, professionally customized cases for your Shure microphones, ensuring top-notch protection and portability.\",\"breadcrumb\":{\"@id\":\"https:\/\/sxflightcase.com\/ko\/\uc81c\ud488\/\uc288\uc5b4-\ub9c8\uc774\ud06c-\ucf00\uc774\uc2a4-2\/#breadcrumb\"},\"inLanguage\":\"pt-PT\",\"potentialAction\":[{\"@type\":\"ReadAction\",\"target\":[\"https:\/\/sxflightcase.com\/ko\/\uc81c\ud488\/\uc288\uc5b4-\ub9c8\uc774\ud06c-\ucf00\uc774\uc2a4-2\/\"]}]},{\"@type\":\"ImageObject\",\"inLanguage\":\"pt-PT\",\"@id\":\"https:\/\/sxflightcase.com\/ko\/\uc81c\ud488\/\uc288\uc5b4-\ub9c8\uc774\ud06c-\ucf00\uc774\uc2a4-2\/#primaryimage\",\"url\":\"https:\/\/sxflightcase.com\/wp-content\/uploads\/2024\/05\/shure-microphone-case29044233616.webp\",\"contentUrl\":\"https:\/\/sxflightcase.com\/wp-content\/uploads\/2024\/05\/shure-microphone-case29044233616.webp\",\"width\":750,\"height\":750,\"caption\":\"Shure Microphone Case\"},{\"@type\":\"BreadcrumbList\",\"@id\":\"https:\/\/sxflightcase.com\/ko\/\uc81c\ud488\/\uc288\uc5b4-\ub9c8\uc774\ud06c-\ucf00\uc774\uc2a4-2\/#breadcrumb\",\"itemListElement\":[{\"@type\":\"ListItem\",\"position\":1,\"name\":\"Home\",\"item\":\"https:\/\/sxflightcase.com\/\"},{\"@type\":\"ListItem\",\"position\":2,\"name\":\"\u0e2a\u0e34\u0e19\u0e04\u0e49\u0e32\",\"item\":\"https:\/\/sxflightcase.com\/th\/shop\/\"},{\"@type\":\"ListItem\",\"position\":3,\"name\":\"Shure Microphone Case\"}]},{\"@type\":\"WebSite\",\"@id\":\"https:\/\/sxflightcase.com\/th\/#website\",\"url\":\"https:\/\/sxflightcase.com\/th\/\",\"name\":\"sxpowercase.com\",\"description\":\"Flight Case Factory\",\"publisher\":{\"@id\":\"https:\/\/sxflightcase.com\/th\/#organization\"},\"potentialAction\":[{\"@type\":\"SearchAction\",\"target\":{\"@type\":\"EntryPoint\",\"urlTemplate\":\"https:\/\/sxflightcase.com\/th\/?s={search_term_string}\"},\"query-input\":{\"@type\":\"PropertyValueSpecification\",\"valueRequired\":true,\"valueName\":\"search_term_string\"}}],\"inLanguage\":\"pt-PT\"},{\"@type\":\"Organization\",\"@id\":\"https:\/\/sxflightcase.com\/th\/#organization\",\"name\":\"sxpowercase.com\",\"url\":\"https:\/\/sxflightcase.com\/th\/\",\"logo\":{\"@type\":\"ImageObject\",\"inLanguage\":\"pt-PT\",\"@id\":\"https:\/\/sxflightcase.com\/th\/#\/schema\/logo\/image\/\",\"url\":\"https:\/\/sxflightcase.com\/wp-content\/uploads\/2024\/04\/1713919036007.jpg\",\"contentUrl\":\"https:\/\/sxflightcase.com\/wp-content\/uploads\/2024\/04\/1713919036007.jpg\",\"width\":382,\"height\":388,\"caption\":\"sxpowercase.com\"},\"image\":{\"@id\":\"https:\/\/sxflightcase.com\/th\/#\/schema\/logo\/image\/\"},\"sameAs\":[\"https:\/\/www.facebook.com\/profile.php?id=61560407257971\"],\"numberOfEmployees\":{\"@type\":\"QuantitativeValue\",\"minValue\":\"11\",\"maxValue\":\"50\"}}]}<\/script>\n<!-- \/ Yoast SEO Premium plugin. -->","yoast_head_json":{"title":"Shure Microphone Case - https:\/\/sxflightcase.com \ud83d\udc97","description":"Estojo para microfone Shure: Obtenha estojos personalizados profissionalmente e diretos da f\u00e1brica para os seus microfones Shure, garantindo uma prote\u00e7\u00e3o e portabilidade de topo.","robots":{"index":"index","follow":"follow","max-snippet":"max-snippet:-1","max-image-preview":"max-image-preview:large","max-video-preview":"max-video-preview:-1"},"canonical":"https:\/\/sxflightcase.com\/pt\/\uc81c\ud488\/\uc288\uc5b4-\ub9c8\uc774\ud06c-\ucf00\uc774\uc2a4-2\/","og_locale":"pt_PT","og_type":"article","og_title":"Shure Microphone Case","og_description":"Shure Microphone Case: Get factory-direct, professionally customized cases for your Shure microphones, ensuring top-notch protection and portability.","og_url":"https:\/\/sxflightcase.com\/pt\/\uc81c\ud488\/\uc288\uc5b4-\ub9c8\uc774\ud06c-\ucf00\uc774\uc2a4-2\/","og_site_name":"https:\/\/sxflightcase.com","article_publisher":"https:\/\/www.facebook.com\/profile.php?id=61560407257971","article_modified_time":"2024-06-20T02:13:19+00:00","og_image":[{"width":750,"height":750,"url":"https:\/\/sxflightcase.com\/wp-content\/uploads\/2024\/05\/shure-microphone-case29044233616.webp","type":"image\/webp"}],"twitter_card":"summary_large_image","twitter_misc":{"Tempo estimado de leitura":"5 minutos"},"schema":{"@context":"https:\/\/schema.org","@graph":[{"@type":"WebPage","@id":"https:\/\/sxflightcase.com\/ko\/\uc81c\ud488\/\uc288\uc5b4-\ub9c8\uc774\ud06c-\ucf00\uc774\uc2a4-2\/","url":"https:\/\/sxflightcase.com\/ko\/\uc81c\ud488\/\uc288\uc5b4-\ub9c8\uc774\ud06c-\ucf00\uc774\uc2a4-2\/","name":"Shure Microphone Case - https:\/\/sxflightcase.com \ud83d\udc97","isPartOf":{"@id":"https:\/\/sxflightcase.com\/th\/#website"},"primaryImageOfPage":{"@id":"https:\/\/sxflightcase.com\/ko\/\uc81c\ud488\/\uc288\uc5b4-\ub9c8\uc774\ud06c-\ucf00\uc774\uc2a4-2\/#primaryimage"},"image":{"@id":"https:\/\/sxflightcase.com\/ko\/\uc81c\ud488\/\uc288\uc5b4-\ub9c8\uc774\ud06c-\ucf00\uc774\uc2a4-2\/#primaryimage"},"thumbnailUrl":"https:\/\/sxflightcase.com\/wp-content\/uploads\/2024\/05\/shure-microphone-case29044233616.webp","datePublished":"2024-05-10T07:05:04+00:00","dateModified":"2024-06-20T02:13:19+00:00","description":"Estojo para microfone Shure: Obtenha estojos personalizados profissionalmente e diretos da f\u00e1brica para os seus microfones Shure, garantindo uma prote\u00e7\u00e3o e portabilidade de topo.","breadcrumb":{"@id":"https:\/\/sxflightcase.com\/ko\/\uc81c\ud488\/\uc288\uc5b4-\ub9c8\uc774\ud06c-\ucf00\uc774\uc2a4-2\/#breadcrumb"},"inLanguage":"pt-PT","potentialAction":[{"@type":"ReadAction","target":["https:\/\/sxflightcase.com\/ko\/\uc81c\ud488\/\uc288\uc5b4-\ub9c8\uc774\ud06c-\ucf00\uc774\uc2a4-2\/"]}]},{"@type":"ImageObject","inLanguage":"pt-PT","@id":"https:\/\/sxflightcase.com\/ko\/\uc81c\ud488\/\uc288\uc5b4-\ub9c8\uc774\ud06c-\ucf00\uc774\uc2a4-2\/#primaryimage","url":"https:\/\/sxflightcase.com\/wp-content\/uploads\/2024\/05\/shure-microphone-case29044233616.webp","contentUrl":"https:\/\/sxflightcase.com\/wp-content\/uploads\/2024\/05\/shure-microphone-case29044233616.webp","width":750,"height":750,"caption":"Shure Microphone Case"},{"@type":"BreadcrumbList","@id":"https:\/\/sxflightcase.com\/ko\/\uc81c\ud488\/\uc288\uc5b4-\ub9c8\uc774\ud06c-\ucf00\uc774\uc2a4-2\/#breadcrumb","itemListElement":[{"@type":"ListItem","position":1,"name":"Home","item":"https:\/\/sxflightcase.com\/"},{"@type":"ListItem","position":2,"name":"\u0e2a\u0e34\u0e19\u0e04\u0e49\u0e32","item":"https:\/\/sxflightcase.com\/th\/shop\/"},{"@type":"ListItem","position":3,"name":"Shure Microphone Case"}]},{"@type":"WebSite","@id":"https:\/\/sxflightcase.com\/th\/#website","url":"https:\/\/sxflightcase.com\/th\/","name":"sxpowercase.com","description":"F\u00e1brica de malas de voo","publisher":{"@id":"https:\/\/sxflightcase.com\/th\/#organization"},"potentialAction":[{"@type":"SearchAction","target":{"@type":"EntryPoint","urlTemplate":"https:\/\/sxflightcase.com\/th\/?s={search_term_string}"},"query-input":{"@type":"PropertyValueSpecification","valueRequired":true,"valueName":"search_term_string"}}],"inLanguage":"pt-PT"},{"@type":"Organization","@id":"https:\/\/sxflightcase.com\/th\/#organization","name":"sxpowercase.com","url":"https:\/\/sxflightcase.com\/th\/","logo":{"@type":"ImageObject","inLanguage":"pt-PT","@id":"https:\/\/sxflightcase.com\/th\/#\/schema\/logo\/image\/","url":"https:\/\/sxflightcase.com\/wp-content\/uploads\/2024\/04\/1713919036007.jpg","contentUrl":"https:\/\/sxflightcase.com\/wp-content\/uploads\/2024\/04\/1713919036007.jpg","width":382,"height":388,"caption":"sxpowercase.com"},"image":{"@id":"https:\/\/sxflightcase.com\/th\/#\/schema\/logo\/image\/"},"sameAs":["https:\/\/www.facebook.com\/profile.php?id=61560407257971"],"numberOfEmployees":{"@type":"QuantitativeValue","minValue":"11","maxValue":"50"}}]}},"_links":{"self":[{"href":"https:\/\/sxflightcase.com\/pt\/wp-json\/wp\/v2\/product\/1802","targetHints":{"allow":["GET"]}}],"collection":[{"href":"https:\/\/sxflightcase.com\/pt\/wp-json\/wp\/v2\/product"}],"about":[{"href":"https:\/\/sxflightcase.com\/pt\/wp-json\/wp\/v2\/types\/product"}],"replies":[{"embeddable":true,"href":"https:\/\/sxflightcase.com\/pt\/wp-json\/wp\/v2\/comments?post=1802"}],"version-history":[{"count":0,"href":"https:\/\/sxflightcase.com\/pt\/wp-json\/wp\/v2\/product\/1802\/revisions"}],"wp:featuredmedia":[{"embeddable":true,"href":"https:\/\/sxflightcase.com\/pt\/wp-json\/wp\/v2\/media\/1803"}],"wp:attachment":[{"href":"https:\/\/sxflightcase.com\/pt\/wp-json\/wp\/v2\/media?parent=1802"}],"wp:term":[{"taxonomy":"product_brand","embeddable":true,"href":"https:\/\/sxflightcase.com\/pt\/wp-json\/wp\/v2\/product_brand?post=1802"},{"taxonomy":"product_cat","embeddable":true,"href":"https:\/\/sxflightcase.com\/pt\/wp-json\/wp\/v2\/product_cat?post=1802"},{"taxonomy":"product_tag","embeddable":true,"href":"https:\/\/sxflightcase.com\/pt\/wp-json\/wp\/v2\/product_tag?post=1802"}],"curies":[{"name":"wp","href":"https:\/\/api.w.org\/{rel}","templated":true}]}}