{"id":1838,"date":"2024-05-10T08:41:13","date_gmt":"2024-05-10T07:41:13","guid":{"rendered":"https:\/\/sxpowercase.com\/?post_type=product&#038;p=1838"},"modified":"2024-06-17T08:36:05","modified_gmt":"2024-06-17T07:36:05","slug":"drawer-case","status":"publish","type":"product","link":"https:\/\/sxflightcase.com\/pt\/produto\/caixa-de-gaveta\/","title":{"rendered":"Fabrico de caixas de gavetas"},"content":{"rendered":"<p><strong>Par\u00e2metro do produto (especifica\u00e7\u00e3o)<\/strong><\/p>\n<section class=\"table-wrap\">\n<table class=\"table\" width=\"100%\" cellspacing=\"0\" cellpadding=\"0\">\n<tbody>\n<tr class=\"firstRow\">\n<td width=\"134\">Nome do produto<\/td>\n<td width=\"504\">Posto de trabalho<\/td>\n<\/tr>\n<tr>\n<td width=\"134\">Materiais<\/td>\n<td width=\"504\">Constru\u00e7\u00e3o em contraplacado laminado de 9 mm, com ferragens de qualidade comercial, pegas e fechos resistentes e cantos esf\u00e9ricos<br \/>\nPega de reboque embutida com mola e rodas<br \/>\nO acolchoamento interior e os blocos em espuma EVA Ultra-Dur permitem espa\u00e7o para ventila\u00e7\u00e3o na parte inferior da prancha<\/td>\n<\/tr>\n<tr>\n<td width=\"134\">Cor<\/td>\n<td width=\"504\">Preto, azul, vermelho ou personalizado<\/td>\n<\/tr>\n<tr>\n<td width=\"134\">Utiliza\u00e7\u00e3o<\/td>\n<td width=\"504\">Proteger o armazenamento de transporte<\/td>\n<\/tr>\n<\/tbody>\n<\/table>\n<\/section>\n<p><strong>Embalagem e expedi\u00e7\u00e3o<\/strong><\/p>\n<section class=\"table-wrap\">\n<table class=\"table\" width=\"100%\" cellspacing=\"0\" cellpadding=\"0\">\n<tbody>\n<tr class=\"firstRow\">\n<td colspan=\"3\" width=\"100%\">Embalagem e expedi\u00e7\u00e3o<\/td>\n<\/tr>\n<tr>\n<td rowspan=\"3\" width=\"33%\">Tempo de envio<\/td>\n<td width=\"33%\">Por mar<\/td>\n<td width=\"33%\">15-60 dias<\/td>\n<\/tr>\n<tr>\n<td width=\"33%\">De avi\u00e3o<\/td>\n<td width=\"33%\">4-9 dias<\/td>\n<\/tr>\n<tr>\n<td width=\"33%\">Por expresso<\/td>\n<td width=\"33%\">4-9 dias<\/td>\n<\/tr>\n<tr>\n<td width=\"33%\">Prazo de entrega<\/td>\n<td colspan=\"2\" width=\"66%\">7-15 horas de trabalho ou conforme as suas necessidades<\/td>\n<\/tr>\n<tr>\n<td width=\"33%\">Embalagem<\/td>\n<td colspan=\"2\" width=\"66%\">Por caixa ou conforme a sua necessidade<\/td>\n<\/tr>\n<\/tbody>\n<\/table>\n<\/section>\n<h1><strong>Fabrico de caixas de gaveta SX: Liderando o sector com qualidade e inova\u00e7\u00e3o<\/strong><\/h1>\n<p>Quando se trata do fabrico de caixas de gavetas de primeira qualidade, <a href=\"https:\/\/sxpowercase.com\/\" target=\"_blank\" rel=\"noopener\" title=\"SX\" data-wpil-monitor-id=\"135\">SX<\/a> destaca-se como l\u00edder no sector. O nosso compromisso com a qualidade, a inova\u00e7\u00e3o e a satisfa\u00e7\u00e3o do cliente distingue-nos da concorr\u00eancia. Quer necessite de uma caixa de gaveta personalizada para utiliza\u00e7\u00e3o profissional ou de uma solu\u00e7\u00e3o eficiente para a sua empresa, a SX tem tudo o que precisa.<\/p>\n<h3><strong>Porqu\u00ea escolher a SX para o fabrico de caixas de gavetas?<\/strong><\/h3>\n<h4><strong>Qualidade e durabilidade inigual\u00e1veis<\/strong><\/h4>\n<p>Na SX, damos prioridade \u00e0 qualidade em todos os aspectos do fabrico de caixas de gavetas. Os nossos produtos s\u00e3o fabricados com os melhores materiais, garantindo durabilidade e desempenho duradouro. Cada caixa de gaveta \u00e9 meticulosamente fabricada para cumprir os mais elevados padr\u00f5es, proporcionando-lhe uma solu\u00e7\u00e3o de armazenamento fi\u00e1vel e robusta.<\/p>\n<h4><strong>Designs inovadores para todas as necessidades<\/strong><\/h4>\n<p>A inova\u00e7\u00e3o est\u00e1 no centro do processo de fabrico de caixas de gavetas da SX. Compreendemos que diferentes ind\u00fastrias t\u00eam requisitos \u00fanicos e os nossos designs reflectem essa diversidade. Quer necessite de uma mala compacta para viagens ou de uma unidade grande com v\u00e1rias gavetas para uma oficina movimentada, a SX tem a solu\u00e7\u00e3o perfeita para si.<\/p>\n<h3><strong>Compromisso da SX com as vendas diretas e o crescimento do neg\u00f3cio<\/strong><\/h3>\n<h4><strong>Vendas diretas da f\u00e1brica<\/strong><\/h4>\n<p>Ao optar pela SX, beneficia de vendas diretas da f\u00e1brica. Esta abordagem elimina os intermedi\u00e1rios, reduzindo os custos e garantindo que recebe produtos de alta qualidade diretamente do fabricante. O nosso modelo de venda direta permite-nos oferecer pre\u00e7os competitivos sem comprometer a qualidade.<\/p>\n<h4><strong>Melhore as suas opera\u00e7\u00f5es comerciais<\/strong><\/h4>\n<p>O investimento em caixas de gavetas SX pode melhorar significativamente as opera\u00e7\u00f5es da sua empresa. Os nossos produtos foram concebidos para melhorar a efici\u00eancia, proteger ferramentas e equipamentos valiosos e proporcionar uma imagem profissional. Com o SX, pode otimizar os seus processos e aumentar a produtividade.<\/p>\n<h3><strong>Servi\u00e7os personalizados para necessidades exclusivas<\/strong><\/h3>\n<h4><strong>Solu\u00e7\u00f5es \u00e0 medida<\/strong><\/h4>\n<p>Cada empresa tem necessidades \u00fanicas e a SX destaca-se por fornecer solu\u00e7\u00f5es personalizadas. A nossa equipa trabalha em estreita colabora\u00e7\u00e3o consigo para conceber e fabricar caixas de gavetas que satisfa\u00e7am os seus requisitos espec\u00edficos. Quer se trate de um tamanho \u00fanico, de carater\u00edsticas adicionais ou de compartimentos especializados, criamos produtos personalizados que satisfazem as suas necessidades.<\/p>\n<h4><strong>Servi\u00e7o personalizado<\/strong><\/h4>\n<p>A SX dedica-se a oferecer um servi\u00e7o personalizado durante todo o processo de fabrico de caixas de gavetas. Desde a consulta inicial at\u00e9 \u00e0 entrega final, garantimos que a sua experi\u00eancia \u00e9 perfeita e satisfat\u00f3ria. O nosso compromisso com o servi\u00e7o ao cliente distingue-nos na ind\u00fastria.<\/p>\n<h3><strong>Aplica\u00e7\u00f5es das caixas de gavetas SX<\/strong><\/h3>\n<h4><strong>Para profissionais em movimento<\/strong><\/h4>\n<p>As nossas malas de gaveta s\u00e3o perfeitas para profissionais que necessitam de solu\u00e7\u00f5es de armazenamento fi\u00e1veis e port\u00e1teis. Quer seja um t\u00e9cnico, um artista ou um comerciante, as malas de gavetas SX proporcionam a organiza\u00e7\u00e3o e a prote\u00e7\u00e3o de que necessita quando est\u00e1 em movimento.<\/p>\n<h4><strong>Para oficinas ocupadas<\/strong><\/h4>\n<p>Em oficinas atarefadas, a efici\u00eancia \u00e9 fundamental. As caixas de gavetas SX ajudam-no a manter as ferramentas e o equipamento organizados, reduzindo o tempo de inatividade e aumentando a produtividade. As nossas malas duradouras suportam as exig\u00eancias de um ambiente de trabalho agitado, o que as torna uma adi\u00e7\u00e3o valiosa para qualquer oficina.<\/p>\n<h3><strong>SX: Um nome de confian\u00e7a no fabrico de caixas de gavetas<\/strong><\/h3>\n<h4><strong>L\u00edder do sector<\/strong><\/h4>\n<p>A SX estabeleceu-se como um nome de confian\u00e7a na ind\u00fastria de fabrico de caixas de gavetas. A nossa reputa\u00e7\u00e3o baseia-se no fornecimento de produtos de alta qualidade que satisfazem as necessidades de v\u00e1rias ind\u00fastrias. Quando se escolhe a SX, escolhe-se fiabilidade e excel\u00eancia.<\/p>\n<h4><strong>Satisfa\u00e7\u00e3o do cliente<\/strong><\/h4>\n<p>A satisfa\u00e7\u00e3o do cliente \u00e9 a nossa principal prioridade. Esfor\u00e7amo-nos por exceder as expectativas com cada produto que fornecemos. O nosso compromisso com a qualidade, inova\u00e7\u00e3o e servi\u00e7o personalizado garante que os nossos clientes est\u00e3o sempre satisfeitos com a sua compra.<\/p>\n<h3><strong>Conclus\u00e3o<\/strong><\/h3>\n<p>A SX \u00e9 a sua escolha para o fabrico de caixas de gavetas. Com o nosso foco na qualidade, inova\u00e7\u00e3o e satisfa\u00e7\u00e3o do cliente, fornecemos produtos que cumprem os mais elevados padr\u00f5es. Quer necessite de uma solu\u00e7\u00e3o personalizada ou de um produto fi\u00e1vel e pronto a usar, a SX d\u00e1-lhe cobertura. Invista hoje nas caixas de gavetas SX e experimente a diferen\u00e7a em termos de qualidade e servi\u00e7o.<\/p>\n<hr \/>\n<p><strong>FAQs<\/strong><\/p>\n<p><strong>1. Que materiais s\u00e3o utilizados nas caixas de gavetas SX?<\/strong><\/p>\n<p>As caixas de gavetas SX s\u00e3o fabricadas com materiais duradouros e de elevada qualidade, concebidos para proporcionar um desempenho e uma prote\u00e7\u00e3o duradouros \u00e0s suas ferramentas e equipamento.<\/p>\n<p><strong>2. Posso obter uma caixa de gaveta personalizada da SX?<\/strong><\/p>\n<p>Sim, a SX \u00e9 especializada no fabrico de caixas de gavetas por medida. Trabalhamos em estreita colabora\u00e7\u00e3o consigo para conceber e criar um produto que satisfa\u00e7a as suas necessidades espec\u00edficas.<\/p>\n<p><strong>3. Como \u00e9 que o modelo de venda direta da SX me beneficia?<\/strong><\/p>\n<p>O nosso modelo de venda direta elimina os intermedi\u00e1rios, reduzindo os custos e garantindo que recebe produtos de alta qualidade diretamente do fabricante a pre\u00e7os competitivos.<\/p>\n<p><strong>4. As caixas de gavetas SX s\u00e3o adequadas para utiliza\u00e7\u00e3o no exterior?<\/strong><\/p>\n<p>Sim, as caixas de gavetas SX s\u00e3o concebidas para resistir a ambientes dif\u00edceis, o que as torna ideais para utiliza\u00e7\u00e3o no interior e no exterior.<\/p>\n<p><strong>5. Que sectores beneficiam das caixas de gavetas SX?<\/strong><\/p>\n<p>As caixas de gavetas SX s\u00e3o perfeitas para v\u00e1rias ind\u00fastrias, incluindo t\u00e9cnicos profissionais, artistas, comerciantes e oficinas ocupadas, fornecendo solu\u00e7\u00f5es de armazenamento organizadas e port\u00e1teis.<\/p>\n<p>Hot Tags: Pre\u00e7o baixo, em estoque, amostra gr\u00e1tis, cabo de alimenta\u00e7\u00e3o e sinal, fio de 4 condutores de calibre 16, caixa de suporte de microfone, gabinete de exibi\u00e7\u00e3o de led ao ar livre, montagem em rack, caixas de v\u00f4o de misturador de montagem em rack de 19 \", caixa de distribui\u00e7\u00e3o el\u00e9trica, China, fornecedores, f\u00e1brica, personalizado, atacado, <span style=\"color: #993366;\"><a style=\"color: #993366;\" href=\"https:\/\/sxflightcase.com\/pt\/product-category\/all-product\/power-distribution-boxes\/\">caixas el\u00e9ctricas<\/a>,\u00a0<a style=\"color: #993366;\" href=\"https:\/\/sxflightcase.com\/pt\/product-category\/all-product\/hoist-controllers\/\">cabos el\u00e9ctricos<\/a>,\u00a0<a style=\"color: #993366;\" href=\"https:\/\/sxflightcase.com\/pt\/product-category\/all-product\/hoist-controllers\/\">controladores de guinchos<\/a>,\u00a0<a style=\"color: #993366;\" href=\"https:\/\/sxflightcase.com\/pt\/product-category\/all-product\/flight-case\/\">casos de voo.<\/a><\/span><\/p>","protected":false},"excerpt":{"rendered":"<h2 class=\"prodetails-name\">Caixa de gavetas<\/h2>\n<p>A Shengxiang construiu uma reputa\u00e7\u00e3o de fabrico de malas resistentes de alta qualidade. Estas malas r\u00edgidas de prote\u00e7\u00e3o soberbas oferecem um transporte seguro para equipamento fr\u00e1gil ou dispendioso e s\u00e3o a escolha de profissionais em todo o mundo.<\/p>\n<h2><strong>Introdu\u00e7\u00e3o \u00e0 produ\u00e7\u00e3o<\/strong><\/h2>\n<p>- Tipo: Frente com dobradi\u00e7as<\/p>\n<p>- Material: Acabamento em placa Hexa de 9mm<\/p>\n<p>- Resistente <a class=\"wpil_keyword_link\" href=\"https:\/\/sxpowercase.com\/product-category\/all-product\/flight-case\/\" target=\"_blank\" rel=\"noopener\" title=\"mala de voo\" data-wpil-keyword-link=\"linked\" data-wpil-monitor-id=\"421\">mala de voo<\/a> acess\u00f3rios de encastrar<\/p>\n<p>- Tamanhos de gaveta: 19 \"de largura, altura com 2U, 3U, 4U etc., depende da necessidade do cliente<\/p>\n<p>- Prato de visita embutido com etiqueta de visita fornecida<\/p>\n<p>- Espa\u00e7o de arruma\u00e7\u00e3o dispon\u00edvel na tampa<\/p>\n<p>- Rodas: Rodas de 100 mm instaladas (x2 trav\u00f5es) com roda extra sem trav\u00e3o na tampa<\/p>","protected":false},"featured_media":1839,"comment_status":"open","ping_status":"closed","template":"","meta":[],"product_brand":[],"product_cat":[41],"product_tag":[],"class_list":{"0":"post-1838","1":"product","2":"type-product","3":"status-publish","4":"has-post-thumbnail","6":"product_cat-equipment-cases","8":"first","9":"instock","10":"shipping-taxable","11":"product-type-simple"},"yoast_head":"<!-- This site is optimized with the Yoast SEO Premium plugin v27.1 (Yoast SEO v27.2) - https:\/\/yoast.com\/product\/yoast-seo-premium-wordpress\/ -->\n<title>Drawer Case Manufacture - https:\/\/sxflightcase.com \ud83d\udc97<\/title>\n<meta name=\"description\" content=\"Drawer Case Manufacture:Factory-direct options for professional customization, perfect for efficient organization and storage solutions.\" \/>\n<meta name=\"robots\" content=\"index, follow, max-snippet:-1, max-image-preview:large, max-video-preview:-1\" \/>\n<link rel=\"canonical\" href=\"https:\/\/sxflightcase.com\/pt\/\u0645\u0646\u062a\u062c\/\u0639\u0644\u0628\u0629-\u0627\u0644\u062f\u0631\u062c\/\" \/>\n<meta property=\"og:locale\" content=\"pt_PT\" \/>\n<meta property=\"og:type\" content=\"article\" \/>\n<meta property=\"og:title\" content=\"Drawer Case Manufacture\" \/>\n<meta property=\"og:description\" content=\"Drawer Case Manufacture:Factory-direct options for professional customization, perfect for efficient organization and storage solutions.\" \/>\n<meta property=\"og:url\" content=\"https:\/\/sxflightcase.com\/pt\/\u0645\u0646\u062a\u062c\/\u0639\u0644\u0628\u0629-\u0627\u0644\u062f\u0631\u062c\/\" \/>\n<meta property=\"og:site_name\" content=\"https:\/\/sxflightcase.com\" \/>\n<meta property=\"article:publisher\" content=\"https:\/\/www.facebook.com\/profile.php?id=61560407257971\" \/>\n<meta property=\"article:modified_time\" content=\"2024-06-17T07:36:05+00:00\" \/>\n<meta property=\"og:image\" content=\"https:\/\/sxflightcase.com\/wp-content\/uploads\/2024\/05\/drawer-case09290931521.webp\" \/>\n\t<meta property=\"og:image:width\" content=\"750\" \/>\n\t<meta property=\"og:image:height\" content=\"750\" \/>\n\t<meta property=\"og:image:type\" content=\"image\/webp\" \/>\n<meta name=\"twitter:card\" content=\"summary_large_image\" \/>\n<meta name=\"twitter:label1\" content=\"Tempo estimado de leitura\" \/>\n\t<meta name=\"twitter:data1\" content=\"6 minutos\" \/>\n<script type=\"application\/ld+json\" class=\"yoast-schema-graph\">{\"@context\":\"https:\/\/schema.org\",\"@graph\":[{\"@type\":\"WebPage\",\"@id\":\"https:\/\/sxflightcase.com\/ar\/\u0645\u0646\u062a\u062c\/\u0639\u0644\u0628\u0629-\u0627\u0644\u062f\u0631\u062c\/\",\"url\":\"https:\/\/sxflightcase.com\/ar\/\u0645\u0646\u062a\u062c\/\u0639\u0644\u0628\u0629-\u0627\u0644\u062f\u0631\u062c\/\",\"name\":\"Drawer Case Manufacture - https:\/\/sxflightcase.com \ud83d\udc97\",\"isPartOf\":{\"@id\":\"https:\/\/sxflightcase.com\/th\/#website\"},\"primaryImageOfPage\":{\"@id\":\"https:\/\/sxflightcase.com\/ar\/\u0645\u0646\u062a\u062c\/\u0639\u0644\u0628\u0629-\u0627\u0644\u062f\u0631\u062c\/#primaryimage\"},\"image\":{\"@id\":\"https:\/\/sxflightcase.com\/ar\/\u0645\u0646\u062a\u062c\/\u0639\u0644\u0628\u0629-\u0627\u0644\u062f\u0631\u062c\/#primaryimage\"},\"thumbnailUrl\":\"https:\/\/sxflightcase.com\/wp-content\/uploads\/2024\/05\/drawer-case09290931521.webp\",\"datePublished\":\"2024-05-10T07:41:13+00:00\",\"dateModified\":\"2024-06-17T07:36:05+00:00\",\"description\":\"Drawer Case Manufacture:Factory-direct options for professional customization, perfect for efficient organization and storage solutions.\",\"breadcrumb\":{\"@id\":\"https:\/\/sxflightcase.com\/ar\/\u0645\u0646\u062a\u062c\/\u0639\u0644\u0628\u0629-\u0627\u0644\u062f\u0631\u062c\/#breadcrumb\"},\"inLanguage\":\"pt-PT\",\"potentialAction\":[{\"@type\":\"ReadAction\",\"target\":[\"https:\/\/sxflightcase.com\/ar\/\u0645\u0646\u062a\u062c\/\u0639\u0644\u0628\u0629-\u0627\u0644\u062f\u0631\u062c\/\"]}]},{\"@type\":\"ImageObject\",\"inLanguage\":\"pt-PT\",\"@id\":\"https:\/\/sxflightcase.com\/ar\/\u0645\u0646\u062a\u062c\/\u0639\u0644\u0628\u0629-\u0627\u0644\u062f\u0631\u062c\/#primaryimage\",\"url\":\"https:\/\/sxflightcase.com\/wp-content\/uploads\/2024\/05\/drawer-case09290931521.webp\",\"contentUrl\":\"https:\/\/sxflightcase.com\/wp-content\/uploads\/2024\/05\/drawer-case09290931521.webp\",\"width\":750,\"height\":750,\"caption\":\"Drawer Case\"},{\"@type\":\"BreadcrumbList\",\"@id\":\"https:\/\/sxflightcase.com\/ar\/\u0645\u0646\u062a\u062c\/\u0639\u0644\u0628\u0629-\u0627\u0644\u062f\u0631\u062c\/#breadcrumb\",\"itemListElement\":[{\"@type\":\"ListItem\",\"position\":1,\"name\":\"Home\",\"item\":\"https:\/\/sxflightcase.com\/\"},{\"@type\":\"ListItem\",\"position\":2,\"name\":\"\u0e2a\u0e34\u0e19\u0e04\u0e49\u0e32\",\"item\":\"https:\/\/sxflightcase.com\/th\/shop\/\"},{\"@type\":\"ListItem\",\"position\":3,\"name\":\"Drawer Case Manufacture\"}]},{\"@type\":\"WebSite\",\"@id\":\"https:\/\/sxflightcase.com\/th\/#website\",\"url\":\"https:\/\/sxflightcase.com\/th\/\",\"name\":\"sxpowercase.com\",\"description\":\"Flight Case Factory\",\"publisher\":{\"@id\":\"https:\/\/sxflightcase.com\/th\/#organization\"},\"potentialAction\":[{\"@type\":\"SearchAction\",\"target\":{\"@type\":\"EntryPoint\",\"urlTemplate\":\"https:\/\/sxflightcase.com\/th\/?s={search_term_string}\"},\"query-input\":{\"@type\":\"PropertyValueSpecification\",\"valueRequired\":true,\"valueName\":\"search_term_string\"}}],\"inLanguage\":\"pt-PT\"},{\"@type\":\"Organization\",\"@id\":\"https:\/\/sxflightcase.com\/th\/#organization\",\"name\":\"sxpowercase.com\",\"url\":\"https:\/\/sxflightcase.com\/th\/\",\"logo\":{\"@type\":\"ImageObject\",\"inLanguage\":\"pt-PT\",\"@id\":\"https:\/\/sxflightcase.com\/th\/#\/schema\/logo\/image\/\",\"url\":\"https:\/\/sxflightcase.com\/wp-content\/uploads\/2024\/04\/1713919036007.jpg\",\"contentUrl\":\"https:\/\/sxflightcase.com\/wp-content\/uploads\/2024\/04\/1713919036007.jpg\",\"width\":382,\"height\":388,\"caption\":\"sxpowercase.com\"},\"image\":{\"@id\":\"https:\/\/sxflightcase.com\/th\/#\/schema\/logo\/image\/\"},\"sameAs\":[\"https:\/\/www.facebook.com\/profile.php?id=61560407257971\"],\"numberOfEmployees\":{\"@type\":\"QuantitativeValue\",\"minValue\":\"11\",\"maxValue\":\"50\"}}]}<\/script>\n<!-- \/ Yoast SEO Premium plugin. -->","yoast_head_json":{"title":"Drawer Case Manufacture - https:\/\/sxflightcase.com \ud83d\udc97","description":"Fabrico de caixas de gavetas:Op\u00e7\u00f5es diretas da f\u00e1brica para personaliza\u00e7\u00e3o profissional, perfeitas para solu\u00e7\u00f5es eficientes de organiza\u00e7\u00e3o e armazenamento.","robots":{"index":"index","follow":"follow","max-snippet":"max-snippet:-1","max-image-preview":"max-image-preview:large","max-video-preview":"max-video-preview:-1"},"canonical":"https:\/\/sxflightcase.com\/pt\/\u0645\u0646\u062a\u062c\/\u0639\u0644\u0628\u0629-\u0627\u0644\u062f\u0631\u062c\/","og_locale":"pt_PT","og_type":"article","og_title":"Drawer Case Manufacture","og_description":"Drawer Case Manufacture:Factory-direct options for professional customization, perfect for efficient organization and storage solutions.","og_url":"https:\/\/sxflightcase.com\/pt\/\u0645\u0646\u062a\u062c\/\u0639\u0644\u0628\u0629-\u0627\u0644\u062f\u0631\u062c\/","og_site_name":"https:\/\/sxflightcase.com","article_publisher":"https:\/\/www.facebook.com\/profile.php?id=61560407257971","article_modified_time":"2024-06-17T07:36:05+00:00","og_image":[{"width":750,"height":750,"url":"https:\/\/sxflightcase.com\/wp-content\/uploads\/2024\/05\/drawer-case09290931521.webp","type":"image\/webp"}],"twitter_card":"summary_large_image","twitter_misc":{"Tempo estimado de leitura":"6 minutos"},"schema":{"@context":"https:\/\/schema.org","@graph":[{"@type":"WebPage","@id":"https:\/\/sxflightcase.com\/ar\/\u0645\u0646\u062a\u062c\/\u0639\u0644\u0628\u0629-\u0627\u0644\u062f\u0631\u062c\/","url":"https:\/\/sxflightcase.com\/ar\/\u0645\u0646\u062a\u062c\/\u0639\u0644\u0628\u0629-\u0627\u0644\u062f\u0631\u062c\/","name":"Drawer Case Manufacture - https:\/\/sxflightcase.com \ud83d\udc97","isPartOf":{"@id":"https:\/\/sxflightcase.com\/th\/#website"},"primaryImageOfPage":{"@id":"https:\/\/sxflightcase.com\/ar\/\u0645\u0646\u062a\u062c\/\u0639\u0644\u0628\u0629-\u0627\u0644\u062f\u0631\u062c\/#primaryimage"},"image":{"@id":"https:\/\/sxflightcase.com\/ar\/\u0645\u0646\u062a\u062c\/\u0639\u0644\u0628\u0629-\u0627\u0644\u062f\u0631\u062c\/#primaryimage"},"thumbnailUrl":"https:\/\/sxflightcase.com\/wp-content\/uploads\/2024\/05\/drawer-case09290931521.webp","datePublished":"2024-05-10T07:41:13+00:00","dateModified":"2024-06-17T07:36:05+00:00","description":"Fabrico de caixas de gavetas:Op\u00e7\u00f5es diretas da f\u00e1brica para personaliza\u00e7\u00e3o profissional, perfeitas para solu\u00e7\u00f5es eficientes de organiza\u00e7\u00e3o e armazenamento.","breadcrumb":{"@id":"https:\/\/sxflightcase.com\/ar\/\u0645\u0646\u062a\u062c\/\u0639\u0644\u0628\u0629-\u0627\u0644\u062f\u0631\u062c\/#breadcrumb"},"inLanguage":"pt-PT","potentialAction":[{"@type":"ReadAction","target":["https:\/\/sxflightcase.com\/ar\/\u0645\u0646\u062a\u062c\/\u0639\u0644\u0628\u0629-\u0627\u0644\u062f\u0631\u062c\/"]}]},{"@type":"ImageObject","inLanguage":"pt-PT","@id":"https:\/\/sxflightcase.com\/ar\/\u0645\u0646\u062a\u062c\/\u0639\u0644\u0628\u0629-\u0627\u0644\u062f\u0631\u062c\/#primaryimage","url":"https:\/\/sxflightcase.com\/wp-content\/uploads\/2024\/05\/drawer-case09290931521.webp","contentUrl":"https:\/\/sxflightcase.com\/wp-content\/uploads\/2024\/05\/drawer-case09290931521.webp","width":750,"height":750,"caption":"Drawer Case"},{"@type":"BreadcrumbList","@id":"https:\/\/sxflightcase.com\/ar\/\u0645\u0646\u062a\u062c\/\u0639\u0644\u0628\u0629-\u0627\u0644\u062f\u0631\u062c\/#breadcrumb","itemListElement":[{"@type":"ListItem","position":1,"name":"Home","item":"https:\/\/sxflightcase.com\/"},{"@type":"ListItem","position":2,"name":"\u0e2a\u0e34\u0e19\u0e04\u0e49\u0e32","item":"https:\/\/sxflightcase.com\/th\/shop\/"},{"@type":"ListItem","position":3,"name":"Drawer Case Manufacture"}]},{"@type":"WebSite","@id":"https:\/\/sxflightcase.com\/th\/#website","url":"https:\/\/sxflightcase.com\/th\/","name":"sxpowercase.com","description":"F\u00e1brica de malas de voo","publisher":{"@id":"https:\/\/sxflightcase.com\/th\/#organization"},"potentialAction":[{"@type":"SearchAction","target":{"@type":"EntryPoint","urlTemplate":"https:\/\/sxflightcase.com\/th\/?s={search_term_string}"},"query-input":{"@type":"PropertyValueSpecification","valueRequired":true,"valueName":"search_term_string"}}],"inLanguage":"pt-PT"},{"@type":"Organization","@id":"https:\/\/sxflightcase.com\/th\/#organization","name":"sxpowercase.com","url":"https:\/\/sxflightcase.com\/th\/","logo":{"@type":"ImageObject","inLanguage":"pt-PT","@id":"https:\/\/sxflightcase.com\/th\/#\/schema\/logo\/image\/","url":"https:\/\/sxflightcase.com\/wp-content\/uploads\/2024\/04\/1713919036007.jpg","contentUrl":"https:\/\/sxflightcase.com\/wp-content\/uploads\/2024\/04\/1713919036007.jpg","width":382,"height":388,"caption":"sxpowercase.com"},"image":{"@id":"https:\/\/sxflightcase.com\/th\/#\/schema\/logo\/image\/"},"sameAs":["https:\/\/www.facebook.com\/profile.php?id=61560407257971"],"numberOfEmployees":{"@type":"QuantitativeValue","minValue":"11","maxValue":"50"}}]}},"_links":{"self":[{"href":"https:\/\/sxflightcase.com\/pt\/wp-json\/wp\/v2\/product\/1838","targetHints":{"allow":["GET"]}}],"collection":[{"href":"https:\/\/sxflightcase.com\/pt\/wp-json\/wp\/v2\/product"}],"about":[{"href":"https:\/\/sxflightcase.com\/pt\/wp-json\/wp\/v2\/types\/product"}],"replies":[{"embeddable":true,"href":"https:\/\/sxflightcase.com\/pt\/wp-json\/wp\/v2\/comments?post=1838"}],"version-history":[{"count":0,"href":"https:\/\/sxflightcase.com\/pt\/wp-json\/wp\/v2\/product\/1838\/revisions"}],"wp:featuredmedia":[{"embeddable":true,"href":"https:\/\/sxflightcase.com\/pt\/wp-json\/wp\/v2\/media\/1839"}],"wp:attachment":[{"href":"https:\/\/sxflightcase.com\/pt\/wp-json\/wp\/v2\/media?parent=1838"}],"wp:term":[{"taxonomy":"product_brand","embeddable":true,"href":"https:\/\/sxflightcase.com\/pt\/wp-json\/wp\/v2\/product_brand?post=1838"},{"taxonomy":"product_cat","embeddable":true,"href":"https:\/\/sxflightcase.com\/pt\/wp-json\/wp\/v2\/product_cat?post=1838"},{"taxonomy":"product_tag","embeddable":true,"href":"https:\/\/sxflightcase.com\/pt\/wp-json\/wp\/v2\/product_tag?post=1838"}],"curies":[{"name":"wp","href":"https:\/\/api.w.org\/{rel}","templated":true}]}}