{"id":3186,"date":"2024-07-01T08:18:49","date_gmt":"2024-07-01T07:18:49","guid":{"rendered":"https:\/\/sxpowercase.com\/?post_type=product&#038;p=3186"},"modified":"2024-07-01T08:19:13","modified_gmt":"2024-07-01T07:19:13","slug":"drawer-workstation-box-customize-flight-case","status":"publish","type":"product","link":"https:\/\/sxflightcase.com\/pt\/produto\/caixa-para-estacao-de-trabalho-com-gaveta-personalizar-mala-de-voo\/","title":{"rendered":"Caixa de esta\u00e7\u00e3o de trabalho com gaveta Personalizar mala de voo"},"content":{"rendered":"<table class=\"aliDataTable\" style=\"height: 231px;\" border=\"1\" width=\"1304\">\n<tbody>\n<tr>\n<td>Material<\/td>\n<td>Estrutura de alum\u00ednio + \u00e0 prova de fogo + contraplacado de 12 mm<\/td>\n<\/tr>\n<tr>\n<td>No interior<\/td>\n<td>Espuma de alta densidade \u00e0 prova de choque<\/td>\n<\/tr>\n<tr>\n<td>Tamanho<\/td>\n<td>Pode ser personalizado<\/td>\n<\/tr>\n<tr>\n<td>Acess\u00f3rios<\/td>\n<td>Quatro fechos de borboleta, quatro rodas grandes para facilitar o transporte, quatro pegas de borracha<\/td>\n<\/tr>\n<tr>\n<td>Personalizado<\/td>\n<td>Todos os tipos de personaliza\u00e7\u00e3o s\u00e3o bem-vindos, como o material da caixa de alum\u00ednio, dimens\u00e3o, recheios internos, al\u00e7as, fechaduras e assim por diante.<\/td>\n<\/tr>\n<tr>\n<td>Tempo de amostragem<\/td>\n<td>Cerca de 3-5 dias \u00fateis<\/td>\n<\/tr>\n<tr>\n<td>Hora da encomenda formal<\/td>\n<td>cerca de 15-20 dias<\/td>\n<\/tr>\n<tr>\n<td>Embalagem<\/td>\n<td data-spm-anchor-id=\"a2700.details.0.i62.6dc324feldWl6K\">Saco de pl\u00e1stico bolha +cart\u00e3o<\/td>\n<\/tr>\n<\/tbody>\n<\/table>\n<h2>A derradeira esta\u00e7\u00e3o de trabalho com gavetas para maior efici\u00eancia<\/h2>\n<p>Est\u00e1 \u00e0 procura de uma forma de aumentar a sua produtividade? A esta\u00e7\u00e3o de trabalho com gaveta SX \u00e9 a sua resposta. Esta solu\u00e7\u00e3o inovadora combina comodidade e funcionalidade para transformar o seu espa\u00e7o de trabalho.<\/p>\n<h2>Porqu\u00ea escolher a esta\u00e7\u00e3o de trabalho com gavetas SX?<\/h2>\n<h3>Qualidade e durabilidade superiores<\/h3>\n<p>A esta\u00e7\u00e3o de trabalho com gavetas SX \u00e9 fabricada com materiais de alta qualidade, garantindo uma durabilidade duradoura. Foi concebida para resistir \u00e0 utiliza\u00e7\u00e3o di\u00e1ria, o que a torna uma escolha ideal para qualquer ambiente profissional.<\/p>\n<h3>Personaliz\u00e1vel de acordo com as suas necessidades<\/h3>\n<p>Na SX, oferecemos <a href=\"https:\/\/sxpowercase.com\/product\/rack-mount-case\/\" target=\"_blank\" rel=\"noopener\"  data-wpil-monitor-id=\"517\">caixas para esta\u00e7\u00f5es de trabalho personalizadas<\/a> para satisfazer as suas necessidades espec\u00edficas. Quer necessite de gavetas adicionais ou de dimens\u00f5es \u00fanicas, as nossas solu\u00e7\u00f5es personalizadas satisfazem todas as suas necessidades.<\/p>\n<h3>Vendas diretas da f\u00e1brica para poupan\u00e7a de custos<\/h3>\n<p>Ao comprar diretamente \u00e0 f\u00e1brica, elimina o intermedi\u00e1rio. Isto significa uma poupan\u00e7a significativa de custos sem comprometer a qualidade. As vendas diretas da f\u00e1brica SX oferecem um valor imbat\u00edvel.<\/p>\n<h2>Impulsione o seu neg\u00f3cio com um posto de trabalho de qualidade<\/h2>\n<h3>Espa\u00e7o de trabalho organizado e eficiente<\/h3>\n<p>Um espa\u00e7o de trabalho sem desordem \u00e9 crucial para a produtividade. A esta\u00e7\u00e3o de trabalho com gavetas SX ajuda-o a manter-se organizado, assegurando que todas as suas ferramentas e documentos est\u00e3o ao seu alcance. Isto conduz a um ambiente de trabalho mais eficiente.<\/p>\n<h3>Aspeto profissional<\/h3>\n<p>Apresentar uma imagem profissional \u00e9 essencial. O design elegante da esta\u00e7\u00e3o de trabalho com gaveta SX melhora o aspeto do seu escrit\u00f3rio, causando uma impress\u00e3o positiva nos clientes e colegas.<\/p>\n<h2>Explorar Caixas de escrit\u00f3rio para esta\u00e7\u00e3o de trabalho<\/h2>\n<h3>Solu\u00e7\u00f5es vers\u00e1teis para qualquer escrit\u00f3rio<\/h3>\n<p>A SX oferece uma vasta gama de malas de escrit\u00f3rio para esta\u00e7\u00f5es de trabalho. Desde designs compactos para espa\u00e7os pequenos a configura\u00e7\u00f5es maiores para necessidades alargadas, temos uma solu\u00e7\u00e3o para todos.<\/p>\n<h3>Adaptado ao seu neg\u00f3cio<\/h3>\n<p>As nossas caixas para esta\u00e7\u00f5es de trabalho personalizadas permitem-lhe personalizar o seu espa\u00e7o de trabalho. Escolha o n\u00famero de gavetas, adicione fechaduras para seguran\u00e7a ou selecione materiais espec\u00edficos. A sua esta\u00e7\u00e3o de trabalho ser\u00e1 exclusivamente sua.<\/p>\n<h3>Garantia de qualidade<\/h3>\n<p>Cada caixa de esta\u00e7\u00e3o de trabalho SX \u00e9 submetida a rigorosos controlos de qualidade. Asseguramos que os nossos produtos cumprem os mais elevados padr\u00f5es, proporcionando-lhe uma esta\u00e7\u00e3o de trabalho fi\u00e1vel e duradoura.<\/p>\n<h2>As vantagens da venda direta na f\u00e1brica<\/h2>\n<h3>Efici\u00eancia de custos<\/h3>\n<p>As vendas diretas da f\u00e1brica significam pre\u00e7os mais baixos. Obt\u00e9m esta\u00e7\u00f5es de trabalho de gaveta de qualidade superior por uma fra\u00e7\u00e3o do custo, o que lhe permite afetar o seu or\u00e7amento a outras \u00e1reas importantes da sua empresa.<\/p>\n<h3>Comunica\u00e7\u00e3o direta<\/h3>\n<p>Quando se compra diretamente \u00e0 f\u00e1brica, a comunica\u00e7\u00e3o \u00e9 simples. Discuta as suas necessidades diretamente connosco, garantindo que obt\u00e9m exatamente o que pretende.<\/p>\n<h2>Esta\u00e7\u00f5es de trabalho personalizadas para todas as suas necessidades<\/h2>\n<h3>Versatilidade e flexibilidade<\/h3>\n<p>As nossas malas personalizadas para esta\u00e7\u00f5es de trabalho foram concebidas para serem vers\u00e1teis. Podem acomodar uma vasta gama de ferramentas e equipamento de escrit\u00f3rio. Quaisquer que sejam as suas necessidades, a SX tem uma solu\u00e7\u00e3o.<\/p>\n<h3>Solu\u00e7\u00f5es \u00e0 medida<\/h3>\n<p>Trabalhamos consigo para criar uma esta\u00e7\u00e3o de trabalho que se adapte aos seus requisitos exclusivos. As nossas solu\u00e7\u00f5es personalizadas n\u00e3o t\u00eam apenas a ver com armazenamento; t\u00eam a ver com a melhoria do seu fluxo de trabalho e produtividade.<\/p>\n<h2>Conclus\u00e3o<\/h2>\n<p>Em conclus\u00e3o, a esta\u00e7\u00e3o de trabalho com gavetas SX oferece uma combina\u00e7\u00e3o perfeita de funcionalidade e estilo para o seu escrit\u00f3rio. Com as vendas diretas da f\u00e1brica, obt\u00e9m o melhor valor para o seu investimento. Melhore o seu espa\u00e7o de trabalho com solu\u00e7\u00f5es de n\u00edvel profissional e desfrute das vantagens de um ambiente bem organizado. Invista hoje numa esta\u00e7\u00e3o de trabalho com gavetas SX e sinta a diferen\u00e7a.<\/p>\n<h2>FAQs<\/h2>\n<p><strong>O que torna a esta\u00e7\u00e3o de trabalho com gavetas SX \u00fanica?<\/strong><\/p>\n<p>A esta\u00e7\u00e3o de trabalho com gavetas SX destaca-se pela sua durabilidade, op\u00e7\u00f5es de personaliza\u00e7\u00e3o e pre\u00e7o direto de f\u00e1brica. Oferece qualidade e valor de topo.<\/p>\n<p><strong>Posso personalizar a minha esta\u00e7\u00e3o de trabalho SX?<\/strong><\/p>\n<p>Sim, o SX oferece amplas op\u00e7\u00f5es de personaliza\u00e7\u00e3o para satisfazer as suas necessidades espec\u00edficas. Escolha entre v\u00e1rios tamanhos, carater\u00edsticas e op\u00e7\u00f5es de personaliza\u00e7\u00e3o.<\/p>\n<p><strong>Como \u00e9 que a venda direta na f\u00e1brica me beneficia?<\/strong><\/p>\n<p>As vendas diretas da f\u00e1brica reduzem os custos ao eliminar os intermedi\u00e1rios. Isto significa que obt\u00e9m esta\u00e7\u00f5es de trabalho de alta qualidade a pre\u00e7os competitivos.<\/p>\n<p><strong>A esta\u00e7\u00e3o de trabalho com gavetas SX \u00e9 f\u00e1cil de instalar?<\/strong><\/p>\n<p>Sem d\u00favida. A esta\u00e7\u00e3o de trabalho foi concebida para uma instala\u00e7\u00e3o f\u00e1cil, com instru\u00e7\u00f5es claras e todo o hardware necess\u00e1rio inclu\u00eddo.<\/p>\n<p><strong>Onde posso comprar esta\u00e7\u00f5es de trabalho com gavetas SX?<\/strong><\/p>\n<p>Pode adquirir esta\u00e7\u00f5es de trabalho com gavetas SX diretamente no nosso website ou atrav\u00e9s de distribuidores autorizados. Visite o nosso s\u00edtio Web para mais informa\u00e7\u00f5es e para efetuar a sua encomenda.<\/p>\n<p>Obter acesso agora:<span style=\"color: #0000ff;\"><a style=\"color: #0000ff;\" href=\"https:\/\/sxpowercase.com\/\">https:\/\/sxpowercase.com\/<\/a><\/span><\/p>\n<p>Hot Tags:  China, fornecedores, f\u00e1brica, personalizado, atacado, comprar, baixo pre\u00e7o, Plugues, Gabinete de armazenamento de gaveta, 12U Flight Case com roda, Caso de voo do gabinete do alto-falante, Caso r\u00edgido do misturador,<span style=\"color: #0000ff;\"><a style=\"color: #0000ff;\" href=\"https:\/\/sxflightcase.com\/pt\/product-category\/all-product\/power-distribution-boxes\/\">caixas el\u00e9ctricas<\/a>,\u00a0<a style=\"color: #0000ff;\" href=\"https:\/\/sxflightcase.com\/pt\/product-category\/all-product\/hoist-controllers\/\">cabos el\u00e9ctricos<\/a>,\u00a0<a style=\"color: #0000ff;\" href=\"https:\/\/sxflightcase.com\/pt\/product-category\/all-product\/hoist-controllers\/\">controladores de guinchos<\/a>,\u00a0<a style=\"color: #0000ff;\" href=\"https:\/\/sxflightcase.com\/pt\/product-category\/all-product\/flight-case\/\">caixas de voo<\/a><\/span><\/p>","protected":false},"excerpt":{"rendered":"<h3>Qualidade e durabilidade superiores<\/h3>\n<p>Melhore o seu espa\u00e7o de trabalho com a esta\u00e7\u00e3o de trabalho com gavetas SX, constru\u00edda com materiais de alta qualidade para garantir uma durabilidade duradoura. Concebida para suportar a utiliza\u00e7\u00e3o di\u00e1ria, \u00e9 perfeita para qualquer ambiente profissional.<\/p>\n<h3>Personaliz\u00e1vel de acordo com as suas necessidades<\/h3>\n<p>Adapte a sua esta\u00e7\u00e3o de trabalho SX aos seus requisitos espec\u00edficos. Com op\u00e7\u00f5es para gavetas adicionais e dimens\u00f5es \u00fanicas, as nossas solu\u00e7\u00f5es personalizadas satisfazem todas as necessidades, garantindo uma adapta\u00e7\u00e3o perfeita ao seu espa\u00e7o de trabalho.<\/p>\n<h3>Poupan\u00e7a de custos com as vendas diretas da f\u00e1brica<\/h3>\n<p>Beneficie de poupan\u00e7as de custos significativas ao comprar diretamente \u00e0 SX. As nossas vendas diretas da f\u00e1brica eliminam os intermedi\u00e1rios, oferecendo-lhe um valor imbat\u00edvel sem comprometer a qualidade.<\/p>","protected":false},"featured_media":3177,"comment_status":"open","ping_status":"closed","template":"","meta":[],"product_brand":[],"product_cat":[48],"product_tag":[],"class_list":{"0":"post-3186","1":"product","2":"type-product","3":"status-publish","4":"has-post-thumbnail","6":"product_cat-custom-flight-case","8":"first","9":"instock","10":"shipping-taxable","11":"product-type-simple"},"yoast_head":"<!-- This site is optimized with the Yoast SEO Premium plugin v27.1 (Yoast SEO v27.2) - https:\/\/yoast.com\/product\/yoast-seo-premium-wordpress\/ -->\n<title>Drawer Workstation Box Customize Flight Case - https:\/\/sxflightcase.com \ud83d\udc97<\/title>\n<meta name=\"description\" content=\"Drawer workstation, factory direct! Customizable, high-quality solutions for organized and efficient workspaces. Perfect for professionals and workshops.\" \/>\n<meta name=\"robots\" content=\"index, follow, max-snippet:-1, max-image-preview:large, max-video-preview:-1\" \/>\n<link rel=\"canonical\" href=\"https:\/\/sxflightcase.com\/pt\/\u0e1c\u0e25\u0e34\u0e15\u0e20\u0e31\u0e13\u0e11\u0e4c\/\u0e01\u0e25\u0e48\u0e2d\u0e07\u0e25\u0e34\u0e49\u0e19\u0e0a\u0e31\u0e01\u0e40\u0e27\u0e34\u0e23\u0e4c\u0e01\u0e2a\u0e40\u0e15\u0e0a\/\" \/>\n<meta property=\"og:locale\" content=\"pt_PT\" \/>\n<meta property=\"og:type\" content=\"article\" \/>\n<meta property=\"og:title\" content=\"Drawer Workstation Box Customize Flight Case\" \/>\n<meta property=\"og:description\" content=\"Drawer workstation, factory direct! Customizable, high-quality solutions for organized and efficient workspaces. Perfect for professionals and workshops.\" \/>\n<meta property=\"og:url\" content=\"https:\/\/sxflightcase.com\/pt\/\u0e1c\u0e25\u0e34\u0e15\u0e20\u0e31\u0e13\u0e11\u0e4c\/\u0e01\u0e25\u0e48\u0e2d\u0e07\u0e25\u0e34\u0e49\u0e19\u0e0a\u0e31\u0e01\u0e40\u0e27\u0e34\u0e23\u0e4c\u0e01\u0e2a\u0e40\u0e15\u0e0a\/\" \/>\n<meta property=\"og:site_name\" content=\"https:\/\/sxflightcase.com\" \/>\n<meta property=\"article:publisher\" content=\"https:\/\/www.facebook.com\/profile.php?id=61560407257971\" \/>\n<meta property=\"article:modified_time\" content=\"2024-07-01T07:19:13+00:00\" \/>\n<meta property=\"og:image\" content=\"https:\/\/sxflightcase.com\/wp-content\/uploads\/2024\/07\/1719799709136.jpg\" \/>\n\t<meta property=\"og:image:width\" content=\"700\" \/>\n\t<meta property=\"og:image:height\" content=\"700\" \/>\n\t<meta property=\"og:image:type\" content=\"image\/jpeg\" \/>\n<meta name=\"twitter:card\" content=\"summary_large_image\" \/>\n<meta name=\"twitter:label1\" content=\"Tempo estimado de leitura\" \/>\n\t<meta name=\"twitter:data1\" content=\"5 minutos\" \/>\n<script type=\"application\/ld+json\" class=\"yoast-schema-graph\">{\"@context\":\"https:\/\/schema.org\",\"@graph\":[{\"@type\":\"WebPage\",\"@id\":\"https:\/\/sxflightcase.com\/th\/\u0e1c\u0e25\u0e34\u0e15\u0e20\u0e31\u0e13\u0e11\u0e4c\/\u0e01\u0e25\u0e48\u0e2d\u0e07\u0e25\u0e34\u0e49\u0e19\u0e0a\u0e31\u0e01\u0e40\u0e27\u0e34\u0e23\u0e4c\u0e01\u0e2a\u0e40\u0e15\u0e0a\/\",\"url\":\"https:\/\/sxflightcase.com\/th\/\u0e1c\u0e25\u0e34\u0e15\u0e20\u0e31\u0e13\u0e11\u0e4c\/\u0e01\u0e25\u0e48\u0e2d\u0e07\u0e25\u0e34\u0e49\u0e19\u0e0a\u0e31\u0e01\u0e40\u0e27\u0e34\u0e23\u0e4c\u0e01\u0e2a\u0e40\u0e15\u0e0a\/\",\"name\":\"Drawer Workstation Box Customize Flight Case - https:\/\/sxflightcase.com \ud83d\udc97\",\"isPartOf\":{\"@id\":\"https:\/\/sxflightcase.com\/th\/#website\"},\"primaryImageOfPage\":{\"@id\":\"https:\/\/sxflightcase.com\/th\/\u0e1c\u0e25\u0e34\u0e15\u0e20\u0e31\u0e13\u0e11\u0e4c\/\u0e01\u0e25\u0e48\u0e2d\u0e07\u0e25\u0e34\u0e49\u0e19\u0e0a\u0e31\u0e01\u0e40\u0e27\u0e34\u0e23\u0e4c\u0e01\u0e2a\u0e40\u0e15\u0e0a\/#primaryimage\"},\"image\":{\"@id\":\"https:\/\/sxflightcase.com\/th\/\u0e1c\u0e25\u0e34\u0e15\u0e20\u0e31\u0e13\u0e11\u0e4c\/\u0e01\u0e25\u0e48\u0e2d\u0e07\u0e25\u0e34\u0e49\u0e19\u0e0a\u0e31\u0e01\u0e40\u0e27\u0e34\u0e23\u0e4c\u0e01\u0e2a\u0e40\u0e15\u0e0a\/#primaryimage\"},\"thumbnailUrl\":\"https:\/\/sxflightcase.com\/wp-content\/uploads\/2024\/07\/1719799709136.jpg\",\"datePublished\":\"2024-07-01T07:18:49+00:00\",\"dateModified\":\"2024-07-01T07:19:13+00:00\",\"description\":\"Drawer workstation, factory direct! Customizable, high-quality solutions for organized and efficient workspaces. Perfect for professionals and workshops.\",\"breadcrumb\":{\"@id\":\"https:\/\/sxflightcase.com\/th\/\u0e1c\u0e25\u0e34\u0e15\u0e20\u0e31\u0e13\u0e11\u0e4c\/\u0e01\u0e25\u0e48\u0e2d\u0e07\u0e25\u0e34\u0e49\u0e19\u0e0a\u0e31\u0e01\u0e40\u0e27\u0e34\u0e23\u0e4c\u0e01\u0e2a\u0e40\u0e15\u0e0a\/#breadcrumb\"},\"inLanguage\":\"pt-PT\",\"potentialAction\":[{\"@type\":\"ReadAction\",\"target\":[\"https:\/\/sxflightcase.com\/th\/\u0e1c\u0e25\u0e34\u0e15\u0e20\u0e31\u0e13\u0e11\u0e4c\/\u0e01\u0e25\u0e48\u0e2d\u0e07\u0e25\u0e34\u0e49\u0e19\u0e0a\u0e31\u0e01\u0e40\u0e27\u0e34\u0e23\u0e4c\u0e01\u0e2a\u0e40\u0e15\u0e0a\/\"]}]},{\"@type\":\"ImageObject\",\"inLanguage\":\"pt-PT\",\"@id\":\"https:\/\/sxflightcase.com\/th\/\u0e1c\u0e25\u0e34\u0e15\u0e20\u0e31\u0e13\u0e11\u0e4c\/\u0e01\u0e25\u0e48\u0e2d\u0e07\u0e25\u0e34\u0e49\u0e19\u0e0a\u0e31\u0e01\u0e40\u0e27\u0e34\u0e23\u0e4c\u0e01\u0e2a\u0e40\u0e15\u0e0a\/#primaryimage\",\"url\":\"https:\/\/sxflightcase.com\/wp-content\/uploads\/2024\/07\/1719799709136.jpg\",\"contentUrl\":\"https:\/\/sxflightcase.com\/wp-content\/uploads\/2024\/07\/1719799709136.jpg\",\"width\":700,\"height\":700,\"caption\":\"Drawer Workstation\"},{\"@type\":\"BreadcrumbList\",\"@id\":\"https:\/\/sxflightcase.com\/th\/\u0e1c\u0e25\u0e34\u0e15\u0e20\u0e31\u0e13\u0e11\u0e4c\/\u0e01\u0e25\u0e48\u0e2d\u0e07\u0e25\u0e34\u0e49\u0e19\u0e0a\u0e31\u0e01\u0e40\u0e27\u0e34\u0e23\u0e4c\u0e01\u0e2a\u0e40\u0e15\u0e0a\/#breadcrumb\",\"itemListElement\":[{\"@type\":\"ListItem\",\"position\":1,\"name\":\"Home\",\"item\":\"https:\/\/sxflightcase.com\/\"},{\"@type\":\"ListItem\",\"position\":2,\"name\":\"\u0e2a\u0e34\u0e19\u0e04\u0e49\u0e32\",\"item\":\"https:\/\/sxflightcase.com\/th\/shop\/\"},{\"@type\":\"ListItem\",\"position\":3,\"name\":\"Drawer Workstation Box Customize Flight Case\"}]},{\"@type\":\"WebSite\",\"@id\":\"https:\/\/sxflightcase.com\/th\/#website\",\"url\":\"https:\/\/sxflightcase.com\/th\/\",\"name\":\"sxpowercase.com\",\"description\":\"Flight Case Factory\",\"publisher\":{\"@id\":\"https:\/\/sxflightcase.com\/th\/#organization\"},\"potentialAction\":[{\"@type\":\"SearchAction\",\"target\":{\"@type\":\"EntryPoint\",\"urlTemplate\":\"https:\/\/sxflightcase.com\/th\/?s={search_term_string}\"},\"query-input\":{\"@type\":\"PropertyValueSpecification\",\"valueRequired\":true,\"valueName\":\"search_term_string\"}}],\"inLanguage\":\"pt-PT\"},{\"@type\":\"Organization\",\"@id\":\"https:\/\/sxflightcase.com\/th\/#organization\",\"name\":\"sxpowercase.com\",\"url\":\"https:\/\/sxflightcase.com\/th\/\",\"logo\":{\"@type\":\"ImageObject\",\"inLanguage\":\"pt-PT\",\"@id\":\"https:\/\/sxflightcase.com\/th\/#\/schema\/logo\/image\/\",\"url\":\"https:\/\/sxflightcase.com\/wp-content\/uploads\/2024\/04\/1713919036007.jpg\",\"contentUrl\":\"https:\/\/sxflightcase.com\/wp-content\/uploads\/2024\/04\/1713919036007.jpg\",\"width\":382,\"height\":388,\"caption\":\"sxpowercase.com\"},\"image\":{\"@id\":\"https:\/\/sxflightcase.com\/th\/#\/schema\/logo\/image\/\"},\"sameAs\":[\"https:\/\/www.facebook.com\/profile.php?id=61560407257971\"],\"numberOfEmployees\":{\"@type\":\"QuantitativeValue\",\"minValue\":\"11\",\"maxValue\":\"50\"}}]}<\/script>\n<!-- \/ Yoast SEO Premium plugin. -->","yoast_head_json":{"title":"Drawer Workstation Box Customize Flight Case - https:\/\/sxflightcase.com \ud83d\udc97","description":"Esta\u00e7\u00e3o de trabalho com gavetas, diretamente da f\u00e1brica! Solu\u00e7\u00f5es personaliz\u00e1veis e de alta qualidade para espa\u00e7os de trabalho organizados e eficientes. Ideal para profissionais e oficinas.","robots":{"index":"index","follow":"follow","max-snippet":"max-snippet:-1","max-image-preview":"max-image-preview:large","max-video-preview":"max-video-preview:-1"},"canonical":"https:\/\/sxflightcase.com\/pt\/\u0e1c\u0e25\u0e34\u0e15\u0e20\u0e31\u0e13\u0e11\u0e4c\/\u0e01\u0e25\u0e48\u0e2d\u0e07\u0e25\u0e34\u0e49\u0e19\u0e0a\u0e31\u0e01\u0e40\u0e27\u0e34\u0e23\u0e4c\u0e01\u0e2a\u0e40\u0e15\u0e0a\/","og_locale":"pt_PT","og_type":"article","og_title":"Drawer Workstation Box Customize Flight Case","og_description":"Drawer workstation, factory direct! Customizable, high-quality solutions for organized and efficient workspaces. Perfect for professionals and workshops.","og_url":"https:\/\/sxflightcase.com\/pt\/\u0e1c\u0e25\u0e34\u0e15\u0e20\u0e31\u0e13\u0e11\u0e4c\/\u0e01\u0e25\u0e48\u0e2d\u0e07\u0e25\u0e34\u0e49\u0e19\u0e0a\u0e31\u0e01\u0e40\u0e27\u0e34\u0e23\u0e4c\u0e01\u0e2a\u0e40\u0e15\u0e0a\/","og_site_name":"https:\/\/sxflightcase.com","article_publisher":"https:\/\/www.facebook.com\/profile.php?id=61560407257971","article_modified_time":"2024-07-01T07:19:13+00:00","og_image":[{"width":700,"height":700,"url":"https:\/\/sxflightcase.com\/wp-content\/uploads\/2024\/07\/1719799709136.jpg","type":"image\/jpeg"}],"twitter_card":"summary_large_image","twitter_misc":{"Tempo estimado de leitura":"5 minutos"},"schema":{"@context":"https:\/\/schema.org","@graph":[{"@type":"WebPage","@id":"https:\/\/sxflightcase.com\/th\/\u0e1c\u0e25\u0e34\u0e15\u0e20\u0e31\u0e13\u0e11\u0e4c\/\u0e01\u0e25\u0e48\u0e2d\u0e07\u0e25\u0e34\u0e49\u0e19\u0e0a\u0e31\u0e01\u0e40\u0e27\u0e34\u0e23\u0e4c\u0e01\u0e2a\u0e40\u0e15\u0e0a\/","url":"https:\/\/sxflightcase.com\/th\/\u0e1c\u0e25\u0e34\u0e15\u0e20\u0e31\u0e13\u0e11\u0e4c\/\u0e01\u0e25\u0e48\u0e2d\u0e07\u0e25\u0e34\u0e49\u0e19\u0e0a\u0e31\u0e01\u0e40\u0e27\u0e34\u0e23\u0e4c\u0e01\u0e2a\u0e40\u0e15\u0e0a\/","name":"Drawer Workstation Box Customize Flight Case - https:\/\/sxflightcase.com \ud83d\udc97","isPartOf":{"@id":"https:\/\/sxflightcase.com\/th\/#website"},"primaryImageOfPage":{"@id":"https:\/\/sxflightcase.com\/th\/\u0e1c\u0e25\u0e34\u0e15\u0e20\u0e31\u0e13\u0e11\u0e4c\/\u0e01\u0e25\u0e48\u0e2d\u0e07\u0e25\u0e34\u0e49\u0e19\u0e0a\u0e31\u0e01\u0e40\u0e27\u0e34\u0e23\u0e4c\u0e01\u0e2a\u0e40\u0e15\u0e0a\/#primaryimage"},"image":{"@id":"https:\/\/sxflightcase.com\/th\/\u0e1c\u0e25\u0e34\u0e15\u0e20\u0e31\u0e13\u0e11\u0e4c\/\u0e01\u0e25\u0e48\u0e2d\u0e07\u0e25\u0e34\u0e49\u0e19\u0e0a\u0e31\u0e01\u0e40\u0e27\u0e34\u0e23\u0e4c\u0e01\u0e2a\u0e40\u0e15\u0e0a\/#primaryimage"},"thumbnailUrl":"https:\/\/sxflightcase.com\/wp-content\/uploads\/2024\/07\/1719799709136.jpg","datePublished":"2024-07-01T07:18:49+00:00","dateModified":"2024-07-01T07:19:13+00:00","description":"Esta\u00e7\u00e3o de trabalho com gavetas, diretamente da f\u00e1brica! Solu\u00e7\u00f5es personaliz\u00e1veis e de alta qualidade para espa\u00e7os de trabalho organizados e eficientes. Ideal para profissionais e oficinas.","breadcrumb":{"@id":"https:\/\/sxflightcase.com\/th\/\u0e1c\u0e25\u0e34\u0e15\u0e20\u0e31\u0e13\u0e11\u0e4c\/\u0e01\u0e25\u0e48\u0e2d\u0e07\u0e25\u0e34\u0e49\u0e19\u0e0a\u0e31\u0e01\u0e40\u0e27\u0e34\u0e23\u0e4c\u0e01\u0e2a\u0e40\u0e15\u0e0a\/#breadcrumb"},"inLanguage":"pt-PT","potentialAction":[{"@type":"ReadAction","target":["https:\/\/sxflightcase.com\/th\/\u0e1c\u0e25\u0e34\u0e15\u0e20\u0e31\u0e13\u0e11\u0e4c\/\u0e01\u0e25\u0e48\u0e2d\u0e07\u0e25\u0e34\u0e49\u0e19\u0e0a\u0e31\u0e01\u0e40\u0e27\u0e34\u0e23\u0e4c\u0e01\u0e2a\u0e40\u0e15\u0e0a\/"]}]},{"@type":"ImageObject","inLanguage":"pt-PT","@id":"https:\/\/sxflightcase.com\/th\/\u0e1c\u0e25\u0e34\u0e15\u0e20\u0e31\u0e13\u0e11\u0e4c\/\u0e01\u0e25\u0e48\u0e2d\u0e07\u0e25\u0e34\u0e49\u0e19\u0e0a\u0e31\u0e01\u0e40\u0e27\u0e34\u0e23\u0e4c\u0e01\u0e2a\u0e40\u0e15\u0e0a\/#primaryimage","url":"https:\/\/sxflightcase.com\/wp-content\/uploads\/2024\/07\/1719799709136.jpg","contentUrl":"https:\/\/sxflightcase.com\/wp-content\/uploads\/2024\/07\/1719799709136.jpg","width":700,"height":700,"caption":"Drawer Workstation"},{"@type":"BreadcrumbList","@id":"https:\/\/sxflightcase.com\/th\/\u0e1c\u0e25\u0e34\u0e15\u0e20\u0e31\u0e13\u0e11\u0e4c\/\u0e01\u0e25\u0e48\u0e2d\u0e07\u0e25\u0e34\u0e49\u0e19\u0e0a\u0e31\u0e01\u0e40\u0e27\u0e34\u0e23\u0e4c\u0e01\u0e2a\u0e40\u0e15\u0e0a\/#breadcrumb","itemListElement":[{"@type":"ListItem","position":1,"name":"Home","item":"https:\/\/sxflightcase.com\/"},{"@type":"ListItem","position":2,"name":"\u0e2a\u0e34\u0e19\u0e04\u0e49\u0e32","item":"https:\/\/sxflightcase.com\/th\/shop\/"},{"@type":"ListItem","position":3,"name":"Drawer Workstation Box Customize Flight Case"}]},{"@type":"WebSite","@id":"https:\/\/sxflightcase.com\/th\/#website","url":"https:\/\/sxflightcase.com\/th\/","name":"sxpowercase.com","description":"F\u00e1brica de malas de voo","publisher":{"@id":"https:\/\/sxflightcase.com\/th\/#organization"},"potentialAction":[{"@type":"SearchAction","target":{"@type":"EntryPoint","urlTemplate":"https:\/\/sxflightcase.com\/th\/?s={search_term_string}"},"query-input":{"@type":"PropertyValueSpecification","valueRequired":true,"valueName":"search_term_string"}}],"inLanguage":"pt-PT"},{"@type":"Organization","@id":"https:\/\/sxflightcase.com\/th\/#organization","name":"sxpowercase.com","url":"https:\/\/sxflightcase.com\/th\/","logo":{"@type":"ImageObject","inLanguage":"pt-PT","@id":"https:\/\/sxflightcase.com\/th\/#\/schema\/logo\/image\/","url":"https:\/\/sxflightcase.com\/wp-content\/uploads\/2024\/04\/1713919036007.jpg","contentUrl":"https:\/\/sxflightcase.com\/wp-content\/uploads\/2024\/04\/1713919036007.jpg","width":382,"height":388,"caption":"sxpowercase.com"},"image":{"@id":"https:\/\/sxflightcase.com\/th\/#\/schema\/logo\/image\/"},"sameAs":["https:\/\/www.facebook.com\/profile.php?id=61560407257971"],"numberOfEmployees":{"@type":"QuantitativeValue","minValue":"11","maxValue":"50"}}]}},"_links":{"self":[{"href":"https:\/\/sxflightcase.com\/pt\/wp-json\/wp\/v2\/product\/3186","targetHints":{"allow":["GET"]}}],"collection":[{"href":"https:\/\/sxflightcase.com\/pt\/wp-json\/wp\/v2\/product"}],"about":[{"href":"https:\/\/sxflightcase.com\/pt\/wp-json\/wp\/v2\/types\/product"}],"replies":[{"embeddable":true,"href":"https:\/\/sxflightcase.com\/pt\/wp-json\/wp\/v2\/comments?post=3186"}],"version-history":[{"count":0,"href":"https:\/\/sxflightcase.com\/pt\/wp-json\/wp\/v2\/product\/3186\/revisions"}],"wp:featuredmedia":[{"embeddable":true,"href":"https:\/\/sxflightcase.com\/pt\/wp-json\/wp\/v2\/media\/3177"}],"wp:attachment":[{"href":"https:\/\/sxflightcase.com\/pt\/wp-json\/wp\/v2\/media?parent=3186"}],"wp:term":[{"taxonomy":"product_brand","embeddable":true,"href":"https:\/\/sxflightcase.com\/pt\/wp-json\/wp\/v2\/product_brand?post=3186"},{"taxonomy":"product_cat","embeddable":true,"href":"https:\/\/sxflightcase.com\/pt\/wp-json\/wp\/v2\/product_cat?post=3186"},{"taxonomy":"product_tag","embeddable":true,"href":"https:\/\/sxflightcase.com\/pt\/wp-json\/wp\/v2\/product_tag?post=3186"}],"curies":[{"name":"wp","href":"https:\/\/api.w.org\/{rel}","templated":true}]}}