{"id":3772,"date":"2024-07-26T07:44:23","date_gmt":"2024-07-26T06:44:23","guid":{"rendered":"https:\/\/sxpowercase.com\/?post_type=product&#038;p=3772"},"modified":"2024-07-29T07:30:34","modified_gmt":"2024-07-29T06:30:34","slug":"butterfly-latch-loa101","status":"publish","type":"product","link":"https:\/\/sxflightcase.com\/pt\/produto\/fecho-de-borboleta-loa101\/","title":{"rendered":"Fecho de borboleta LOA101"},"content":{"rendered":"<h1>Proteja o seu equipamento com o fecho borboleta da SX<\/h1>\n<h2>Seguran\u00e7a inigual\u00e1vel com fechos de borboleta da SX<\/h2>\n<p>Quando se trata de proteger o seu valioso equipamento, confie no fecho borboleta da SX para uma seguran\u00e7a e fiabilidade inigual\u00e1veis. Os nossos fechos borboleta foram concebidos para proporcionar um fecho seguro para malas de viagem, garantindo que o seu equipamento permanece protegido durante o transporte e armazenamento. Quer seja m\u00fasico, t\u00e9cnico ou engenheiro de campo, os fechos de borboleta da SX oferecem a paz de esp\u00edrito de que necessita.<\/p>\n<h2>Design robusto e fi\u00e1vel<\/h2>\n<p>Os fechos de borboleta da SX s\u00e3o feitos para durar. Fabricados com materiais de alta qualidade, estes fechos foram concebidos para suportar os rigores da utiliza\u00e7\u00e3o frequente. A constru\u00e7\u00e3o robusta garante que as suas malas de transporte permanecem fechadas de forma segura, protegendo o seu equipamento de impactos, quedas e outros perigos potenciais. Com <a title=\"SX\" href=\"https:\/\/sxpowercase.com\/\" target=\"_blank\" rel=\"noopener\" data-wpil-monitor-id=\"594\">SX<\/a>pode ter a certeza de que o seu equipamento est\u00e1 seguro e protegido.<\/p>\n<h2>Garantia de qualidade direta da f\u00e1brica<\/h2>\n<p>Na SX, orgulhamo-nos de oferecer produtos diretos da f\u00e1brica que cumprem os mais elevados padr\u00f5es de qualidade. Os nossos fechos de borboleta n\u00e3o s\u00e3o exce\u00e7\u00e3o. Ao eliminarmos os intermedi\u00e1rios, fornecemos fechos que n\u00e3o s\u00f3 s\u00e3o fi\u00e1veis como tamb\u00e9m acess\u00edveis. A nossa abordagem direta da f\u00e1brica garante que recebe produtos de topo a pre\u00e7os baixos, sem comprometer a qualidade.<\/p>\n<h2>F\u00e1cil de utilizar e c\u00f3modo<\/h2>\n<p>Os fechos de borboleta da SX foram concebidos a pensar na comodidade. O design de f\u00e1cil utiliza\u00e7\u00e3o facilita a abertura e o fecho das suas malas de viagem, poupando-lhe tempo e esfor\u00e7o. Quer esteja a preparar-se para um concerto ou a arrumar a mala depois de um trabalho, os nossos fechos proporcionam a facilidade de utiliza\u00e7\u00e3o de que necessita. Experimente a comodidade dos fechos de borboleta da SX e simplifique o seu trabalho.<\/p>\n<h2>Personaliza\u00e7\u00e3o para as suas necessidades<\/h2>\n<p>Compreendemos que cada pe\u00e7a de equipamento \u00e9 \u00fanica, assim como os seus requisitos. A SX oferece op\u00e7\u00f5es de personaliza\u00e7\u00e3o para os nossos fechos de borboleta, garantindo que satisfazem as suas necessidades espec\u00edficas. Quer necessite de um tamanho, acabamento ou design espec\u00edficos, a nossa equipa pode fornecer solu\u00e7\u00f5es personalizadas que se adequam aos seus requisitos. Desfrute das vantagens dos fechos de borboleta personalizados da SX e obtenha o ajuste perfeito para o seu equipamento.<\/p>\n<h2>Qualidade a um pre\u00e7o acess\u00edvel<\/h2>\n<p>A SX est\u00e1 empenhada em fornecer produtos de alta qualidade a pre\u00e7os acess\u00edveis. Os nossos fechos de borboleta n\u00e3o s\u00e3o exce\u00e7\u00e3o. Ao tirar partido do nosso modelo de f\u00e1brica direta, oferecemos pre\u00e7os competitivos que tornam a qualidade acess\u00edvel a todos. Invista nos fechos de borboleta da SX e obtenha o melhor valor pelo seu dinheiro.<\/p>\n<h2>Perfeito para v\u00e1rias aplica\u00e7\u00f5es<\/h2>\n<p>Os fechos de borboleta da SX s\u00e3o vers\u00e1teis e podem ser utilizados numa vasta gama de aplica\u00e7\u00f5es. Desde caixas de transporte a\u00e9reo e prateleiras de equipamento a caixas de armazenamento e caixas de ferramentas, os nossos fechos proporcionam o fecho seguro de que necessita. Confie na SX para todas as suas necessidades de fechos de borboleta e desfrute da flexibilidade e fiabilidade que os nossos produtos oferecem.<\/p>\n<h2>Porqu\u00ea escolher a SX?<\/h2>\n<p>Escolher a SX significa optar pela qualidade, fiabilidade e acessibilidade. Os nossos fechos de borboleta s\u00e3o concebidos para proporcionar a melhor prote\u00e7\u00e3o ao seu equipamento, garantindo que este permanece seguro e protegido. Com o nosso compromisso de garantia de qualidade direta da f\u00e1brica, pode ter a certeza de que est\u00e1 a obter os melhores produtos aos melhores pre\u00e7os.<\/p>\n<h2>Entre em contacto com a SX hoje mesmo<\/h2>\n<p>Pronto para aumentar a seguran\u00e7a do seu equipamento com os fechos de borboleta da SX? Contacte-nos hoje para saber mais sobre os nossos produtos e op\u00e7\u00f5es de personaliza\u00e7\u00e3o. A nossa equipa est\u00e1 aqui para o ajudar a encontrar as solu\u00e7\u00f5es perfeitas para as suas necessidades. Confie na SX para todos os seus requisitos de fecho de borboleta e experimente a diferen\u00e7a em termos de qualidade e fiabilidade.<\/p>\n<p>Contactar agora:<span style=\"color: #0000ff;\"><a style=\"color: #0000ff;\" href=\"https:\/\/sxpowercase.com\/contact-us\/\">https:\/\/sxpowercase.com\/<\/a><\/span><\/p>\n<p>Cat\u00e1logo de produtos de hardware\uff1a<span style=\"color: #3366ff;\"><a style=\"color: #3366ff;\" href=\"https:\/\/sxpowercase.com\/wp-content\/uploads\/2024\/07\/\u4e94\u91d1.pdf\">Cat\u00e1logo de acess\u00f3rios de ferragens<\/a><\/span><\/p>","protected":false},"excerpt":{"rendered":"<div class=\"flex-shrink-0 flex flex-col relative items-end\">\n<div>\n<div class=\"pt-0\">\n<div class=\"gizmo-bot-avatar flex h-8 w-8 items-center justify-center overflow-hidden rounded-full\">\n<h3 class=\"relative p-1 rounded-sm flex items-center justify-center bg-token-main-surface-primary text-token-text-primary h-8 w-8\">Unmatched Security with SX&#8217;s Butterfly Latch<\/h3>\n<\/div>\n<\/div>\n<\/div>\n<\/div>\n<div class=\"group\/conversation-turn relative flex w-full min-w-0 flex-col agent-turn\">\n<div class=\"flex-col gap-1 md:gap-3\">\n<div class=\"flex flex-grow flex-col max-w-full AIPRM__conversation__response\">\n<div class=\"min-h-[20px] text-message flex w-full flex-col items-end gap-2 whitespace-pre-wrap break-words [.text-message+&amp;]:mt-5 overflow-x-auto\" dir=\"auto\" data-message-author-role=\"assistant\" data-message-id=\"5f113cd8-0571-4314-acba-63f4a0d58950\">\n<div class=\"flex w-full flex-col gap-1 empty:hidden first:pt-[3px]\">\n<div class=\"markdown prose w-full break-words dark:prose-invert light\">\n<p>Protect your valuable equipment with SX&#8217;s robust and reliable butterfly latches. Built from high-quality materials, these latches ensure secure closure for flight cases, offering unmatched security and peace of mind during transport and storage.<\/p>\n<h3>Factory-Direct Quality at Affordable Prices<\/h3>\n<p>Experience top-tier quality without breaking the bank with SX&#8217;s factory-direct butterfly latches. Our latches provide durability and reliability at competitive prices, ensuring you get the best value for your money.<\/p>\n<h3>Customisable and Convenient Butterfly Latches<\/h3>\n<p>SX offers easy-to-use butterfly latches with customisation options to meet your unique needs. Whether for flight cases or storage boxes, our latches deliver secure closures, making your job simpler and more efficient.<\/p>\n<\/div>\n<\/div>\n<\/div>\n<\/div>\n<\/div>\n<\/div>\n","protected":false},"featured_media":3771,"comment_status":"open","ping_status":"closed","template":"","meta":[],"product_brand":[],"product_cat":[61],"product_tag":[],"class_list":{"0":"post-3772","1":"product","2":"type-product","3":"status-publish","4":"has-post-thumbnail","6":"product_cat-catchother-locks","8":"first","9":"instock","10":"shipping-taxable","11":"product-type-simple"},"yoast_head":"<!-- This site is optimized with the Yoast SEO Premium plugin v27.1 (Yoast SEO v27.2) - https:\/\/yoast.com\/product\/yoast-seo-premium-wordpress\/ -->\n<title>Butterfly Latch LOA101 - https:\/\/sxflightcase.com \ud83d\udc97<\/title>\n<meta name=\"description\" content=\"Butterfly latch, factory direct! High-quality, reliable solutions for secure closures on flight cases and equipment. Ideal for professional and industrial use.\" \/>\n<meta name=\"robots\" content=\"index, follow, max-snippet:-1, max-image-preview:large, max-video-preview:-1\" \/>\n<link rel=\"canonical\" href=\"https:\/\/sxflightcase.com\/pt\/\u0645\u0646\u062a\u062c\/\u0645\u0632\u0644\u0627\u062c-\u0627\u0644\u0641\u0631\u0627\u0634\u0629-loa101-2\/\" \/>\n<meta property=\"og:locale\" content=\"pt_PT\" \/>\n<meta property=\"og:type\" content=\"article\" \/>\n<meta property=\"og:title\" content=\"Butterfly Latch LOA101\" \/>\n<meta property=\"og:description\" content=\"Butterfly latch, factory direct! High-quality, reliable solutions for secure closures on flight cases and equipment. Ideal for professional and industrial use.\" \/>\n<meta property=\"og:url\" content=\"https:\/\/sxflightcase.com\/pt\/\u0645\u0646\u062a\u062c\/\u0645\u0632\u0644\u0627\u062c-\u0627\u0644\u0641\u0631\u0627\u0634\u0629-loa101-2\/\" \/>\n<meta property=\"og:site_name\" content=\"https:\/\/sxflightcase.com\" \/>\n<meta property=\"article:publisher\" content=\"https:\/\/www.facebook.com\/profile.php?id=61560407257971\" \/>\n<meta property=\"article:modified_time\" content=\"2024-07-29T06:30:34+00:00\" \/>\n<meta property=\"og:image\" content=\"https:\/\/sxflightcase.com\/wp-content\/uploads\/2024\/07\/LOA101.jpg\" \/>\n\t<meta property=\"og:image:width\" content=\"520\" \/>\n\t<meta property=\"og:image:height\" content=\"475\" \/>\n\t<meta property=\"og:image:type\" content=\"image\/jpeg\" \/>\n<meta name=\"twitter:card\" content=\"summary_large_image\" \/>\n<meta name=\"twitter:label1\" content=\"Tempo estimado de leitura\" \/>\n\t<meta name=\"twitter:data1\" content=\"4 minutos\" \/>\n<script type=\"application\/ld+json\" class=\"yoast-schema-graph\">{\"@context\":\"https:\/\/schema.org\",\"@graph\":[{\"@type\":\"WebPage\",\"@id\":\"https:\/\/sxflightcase.com\/ary\/\u0645\u0646\u062a\u062c\/\u0645\u0632\u0644\u0627\u062c-\u0627\u0644\u0641\u0631\u0627\u0634\u0629-loa101-2\/\",\"url\":\"https:\/\/sxflightcase.com\/ary\/\u0645\u0646\u062a\u062c\/\u0645\u0632\u0644\u0627\u062c-\u0627\u0644\u0641\u0631\u0627\u0634\u0629-loa101-2\/\",\"name\":\"Butterfly Latch LOA101 - https:\/\/sxflightcase.com \ud83d\udc97\",\"isPartOf\":{\"@id\":\"https:\/\/sxflightcase.com\/th\/#website\"},\"primaryImageOfPage\":{\"@id\":\"https:\/\/sxflightcase.com\/ary\/\u0645\u0646\u062a\u062c\/\u0645\u0632\u0644\u0627\u062c-\u0627\u0644\u0641\u0631\u0627\u0634\u0629-loa101-2\/#primaryimage\"},\"image\":{\"@id\":\"https:\/\/sxflightcase.com\/ary\/\u0645\u0646\u062a\u062c\/\u0645\u0632\u0644\u0627\u062c-\u0627\u0644\u0641\u0631\u0627\u0634\u0629-loa101-2\/#primaryimage\"},\"thumbnailUrl\":\"https:\/\/sxflightcase.com\/wp-content\/uploads\/2024\/07\/LOA101.jpg\",\"datePublished\":\"2024-07-26T06:44:23+00:00\",\"dateModified\":\"2024-07-29T06:30:34+00:00\",\"description\":\"Butterfly latch, factory direct! High-quality, reliable solutions for secure closures on flight cases and equipment. Ideal for professional and industrial use.\",\"breadcrumb\":{\"@id\":\"https:\/\/sxflightcase.com\/ary\/\u0645\u0646\u062a\u062c\/\u0645\u0632\u0644\u0627\u062c-\u0627\u0644\u0641\u0631\u0627\u0634\u0629-loa101-2\/#breadcrumb\"},\"inLanguage\":\"pt-PT\",\"potentialAction\":[{\"@type\":\"ReadAction\",\"target\":[\"https:\/\/sxflightcase.com\/ary\/\u0645\u0646\u062a\u062c\/\u0645\u0632\u0644\u0627\u062c-\u0627\u0644\u0641\u0631\u0627\u0634\u0629-loa101-2\/\"]}]},{\"@type\":\"ImageObject\",\"inLanguage\":\"pt-PT\",\"@id\":\"https:\/\/sxflightcase.com\/ary\/\u0645\u0646\u062a\u062c\/\u0645\u0632\u0644\u0627\u062c-\u0627\u0644\u0641\u0631\u0627\u0634\u0629-loa101-2\/#primaryimage\",\"url\":\"https:\/\/sxflightcase.com\/wp-content\/uploads\/2024\/07\/LOA101.jpg\",\"contentUrl\":\"https:\/\/sxflightcase.com\/wp-content\/uploads\/2024\/07\/LOA101.jpg\",\"width\":520,\"height\":475,\"caption\":\"butterfly latch\"},{\"@type\":\"BreadcrumbList\",\"@id\":\"https:\/\/sxflightcase.com\/ary\/\u0645\u0646\u062a\u062c\/\u0645\u0632\u0644\u0627\u062c-\u0627\u0644\u0641\u0631\u0627\u0634\u0629-loa101-2\/#breadcrumb\",\"itemListElement\":[{\"@type\":\"ListItem\",\"position\":1,\"name\":\"Home\",\"item\":\"https:\/\/sxflightcase.com\/\"},{\"@type\":\"ListItem\",\"position\":2,\"name\":\"\u0e2a\u0e34\u0e19\u0e04\u0e49\u0e32\",\"item\":\"https:\/\/sxflightcase.com\/th\/shop\/\"},{\"@type\":\"ListItem\",\"position\":3,\"name\":\"Butterfly Latch LOA101\"}]},{\"@type\":\"WebSite\",\"@id\":\"https:\/\/sxflightcase.com\/th\/#website\",\"url\":\"https:\/\/sxflightcase.com\/th\/\",\"name\":\"sxpowercase.com\",\"description\":\"Flight Case Factory\",\"publisher\":{\"@id\":\"https:\/\/sxflightcase.com\/th\/#organization\"},\"potentialAction\":[{\"@type\":\"SearchAction\",\"target\":{\"@type\":\"EntryPoint\",\"urlTemplate\":\"https:\/\/sxflightcase.com\/th\/?s={search_term_string}\"},\"query-input\":{\"@type\":\"PropertyValueSpecification\",\"valueRequired\":true,\"valueName\":\"search_term_string\"}}],\"inLanguage\":\"pt-PT\"},{\"@type\":\"Organization\",\"@id\":\"https:\/\/sxflightcase.com\/th\/#organization\",\"name\":\"sxpowercase.com\",\"url\":\"https:\/\/sxflightcase.com\/th\/\",\"logo\":{\"@type\":\"ImageObject\",\"inLanguage\":\"pt-PT\",\"@id\":\"https:\/\/sxflightcase.com\/th\/#\/schema\/logo\/image\/\",\"url\":\"https:\/\/sxflightcase.com\/wp-content\/uploads\/2024\/04\/1713919036007.jpg\",\"contentUrl\":\"https:\/\/sxflightcase.com\/wp-content\/uploads\/2024\/04\/1713919036007.jpg\",\"width\":382,\"height\":388,\"caption\":\"sxpowercase.com\"},\"image\":{\"@id\":\"https:\/\/sxflightcase.com\/th\/#\/schema\/logo\/image\/\"},\"sameAs\":[\"https:\/\/www.facebook.com\/profile.php?id=61560407257971\"],\"numberOfEmployees\":{\"@type\":\"QuantitativeValue\",\"minValue\":\"11\",\"maxValue\":\"50\"}}]}<\/script>\n<!-- \/ Yoast SEO Premium plugin. -->","yoast_head_json":{"title":"Butterfly Latch LOA101 - https:\/\/sxflightcase.com \ud83d\udc97","description":"Fecho de borboleta, direto da f\u00e1brica! Solu\u00e7\u00f5es fi\u00e1veis e de alta qualidade para fechos seguros em caixas de transporte e equipamento. Ideal para utiliza\u00e7\u00e3o profissional e industrial.","robots":{"index":"index","follow":"follow","max-snippet":"max-snippet:-1","max-image-preview":"max-image-preview:large","max-video-preview":"max-video-preview:-1"},"canonical":"https:\/\/sxflightcase.com\/pt\/\u0645\u0646\u062a\u062c\/\u0645\u0632\u0644\u0627\u062c-\u0627\u0644\u0641\u0631\u0627\u0634\u0629-loa101-2\/","og_locale":"pt_PT","og_type":"article","og_title":"Butterfly Latch LOA101","og_description":"Butterfly latch, factory direct! High-quality, reliable solutions for secure closures on flight cases and equipment. Ideal for professional and industrial use.","og_url":"https:\/\/sxflightcase.com\/pt\/\u0645\u0646\u062a\u062c\/\u0645\u0632\u0644\u0627\u062c-\u0627\u0644\u0641\u0631\u0627\u0634\u0629-loa101-2\/","og_site_name":"https:\/\/sxflightcase.com","article_publisher":"https:\/\/www.facebook.com\/profile.php?id=61560407257971","article_modified_time":"2024-07-29T06:30:34+00:00","og_image":[{"width":520,"height":475,"url":"https:\/\/sxflightcase.com\/wp-content\/uploads\/2024\/07\/LOA101.jpg","type":"image\/jpeg"}],"twitter_card":"summary_large_image","twitter_misc":{"Tempo estimado de leitura":"4 minutos"},"schema":{"@context":"https:\/\/schema.org","@graph":[{"@type":"WebPage","@id":"https:\/\/sxflightcase.com\/ary\/\u0645\u0646\u062a\u062c\/\u0645\u0632\u0644\u0627\u062c-\u0627\u0644\u0641\u0631\u0627\u0634\u0629-loa101-2\/","url":"https:\/\/sxflightcase.com\/ary\/\u0645\u0646\u062a\u062c\/\u0645\u0632\u0644\u0627\u062c-\u0627\u0644\u0641\u0631\u0627\u0634\u0629-loa101-2\/","name":"Butterfly Latch LOA101 - https:\/\/sxflightcase.com \ud83d\udc97","isPartOf":{"@id":"https:\/\/sxflightcase.com\/th\/#website"},"primaryImageOfPage":{"@id":"https:\/\/sxflightcase.com\/ary\/\u0645\u0646\u062a\u062c\/\u0645\u0632\u0644\u0627\u062c-\u0627\u0644\u0641\u0631\u0627\u0634\u0629-loa101-2\/#primaryimage"},"image":{"@id":"https:\/\/sxflightcase.com\/ary\/\u0645\u0646\u062a\u062c\/\u0645\u0632\u0644\u0627\u062c-\u0627\u0644\u0641\u0631\u0627\u0634\u0629-loa101-2\/#primaryimage"},"thumbnailUrl":"https:\/\/sxflightcase.com\/wp-content\/uploads\/2024\/07\/LOA101.jpg","datePublished":"2024-07-26T06:44:23+00:00","dateModified":"2024-07-29T06:30:34+00:00","description":"Fecho de borboleta, direto da f\u00e1brica! Solu\u00e7\u00f5es fi\u00e1veis e de alta qualidade para fechos seguros em caixas de transporte e equipamento. Ideal para utiliza\u00e7\u00e3o profissional e industrial.","breadcrumb":{"@id":"https:\/\/sxflightcase.com\/ary\/\u0645\u0646\u062a\u062c\/\u0645\u0632\u0644\u0627\u062c-\u0627\u0644\u0641\u0631\u0627\u0634\u0629-loa101-2\/#breadcrumb"},"inLanguage":"pt-PT","potentialAction":[{"@type":"ReadAction","target":["https:\/\/sxflightcase.com\/ary\/\u0645\u0646\u062a\u062c\/\u0645\u0632\u0644\u0627\u062c-\u0627\u0644\u0641\u0631\u0627\u0634\u0629-loa101-2\/"]}]},{"@type":"ImageObject","inLanguage":"pt-PT","@id":"https:\/\/sxflightcase.com\/ary\/\u0645\u0646\u062a\u062c\/\u0645\u0632\u0644\u0627\u062c-\u0627\u0644\u0641\u0631\u0627\u0634\u0629-loa101-2\/#primaryimage","url":"https:\/\/sxflightcase.com\/wp-content\/uploads\/2024\/07\/LOA101.jpg","contentUrl":"https:\/\/sxflightcase.com\/wp-content\/uploads\/2024\/07\/LOA101.jpg","width":520,"height":475,"caption":"butterfly latch"},{"@type":"BreadcrumbList","@id":"https:\/\/sxflightcase.com\/ary\/\u0645\u0646\u062a\u062c\/\u0645\u0632\u0644\u0627\u062c-\u0627\u0644\u0641\u0631\u0627\u0634\u0629-loa101-2\/#breadcrumb","itemListElement":[{"@type":"ListItem","position":1,"name":"Home","item":"https:\/\/sxflightcase.com\/"},{"@type":"ListItem","position":2,"name":"\u0e2a\u0e34\u0e19\u0e04\u0e49\u0e32","item":"https:\/\/sxflightcase.com\/th\/shop\/"},{"@type":"ListItem","position":3,"name":"Butterfly Latch LOA101"}]},{"@type":"WebSite","@id":"https:\/\/sxflightcase.com\/th\/#website","url":"https:\/\/sxflightcase.com\/th\/","name":"sxpowercase.com","description":"F\u00e1brica de malas de voo","publisher":{"@id":"https:\/\/sxflightcase.com\/th\/#organization"},"potentialAction":[{"@type":"SearchAction","target":{"@type":"EntryPoint","urlTemplate":"https:\/\/sxflightcase.com\/th\/?s={search_term_string}"},"query-input":{"@type":"PropertyValueSpecification","valueRequired":true,"valueName":"search_term_string"}}],"inLanguage":"pt-PT"},{"@type":"Organization","@id":"https:\/\/sxflightcase.com\/th\/#organization","name":"sxpowercase.com","url":"https:\/\/sxflightcase.com\/th\/","logo":{"@type":"ImageObject","inLanguage":"pt-PT","@id":"https:\/\/sxflightcase.com\/th\/#\/schema\/logo\/image\/","url":"https:\/\/sxflightcase.com\/wp-content\/uploads\/2024\/04\/1713919036007.jpg","contentUrl":"https:\/\/sxflightcase.com\/wp-content\/uploads\/2024\/04\/1713919036007.jpg","width":382,"height":388,"caption":"sxpowercase.com"},"image":{"@id":"https:\/\/sxflightcase.com\/th\/#\/schema\/logo\/image\/"},"sameAs":["https:\/\/www.facebook.com\/profile.php?id=61560407257971"],"numberOfEmployees":{"@type":"QuantitativeValue","minValue":"11","maxValue":"50"}}]}},"_links":{"self":[{"href":"https:\/\/sxflightcase.com\/pt\/wp-json\/wp\/v2\/product\/3772","targetHints":{"allow":["GET"]}}],"collection":[{"href":"https:\/\/sxflightcase.com\/pt\/wp-json\/wp\/v2\/product"}],"about":[{"href":"https:\/\/sxflightcase.com\/pt\/wp-json\/wp\/v2\/types\/product"}],"replies":[{"embeddable":true,"href":"https:\/\/sxflightcase.com\/pt\/wp-json\/wp\/v2\/comments?post=3772"}],"version-history":[{"count":0,"href":"https:\/\/sxflightcase.com\/pt\/wp-json\/wp\/v2\/product\/3772\/revisions"}],"wp:featuredmedia":[{"embeddable":true,"href":"https:\/\/sxflightcase.com\/pt\/wp-json\/wp\/v2\/media\/3771"}],"wp:attachment":[{"href":"https:\/\/sxflightcase.com\/pt\/wp-json\/wp\/v2\/media?parent=3772"}],"wp:term":[{"taxonomy":"product_brand","embeddable":true,"href":"https:\/\/sxflightcase.com\/pt\/wp-json\/wp\/v2\/product_brand?post=3772"},{"taxonomy":"product_cat","embeddable":true,"href":"https:\/\/sxflightcase.com\/pt\/wp-json\/wp\/v2\/product_cat?post=3772"},{"taxonomy":"product_tag","embeddable":true,"href":"https:\/\/sxflightcase.com\/pt\/wp-json\/wp\/v2\/product_tag?post=3772"}],"curies":[{"name":"wp","href":"https:\/\/api.w.org\/{rel}","templated":true}]}}