{"id":3832,"date":"2024-07-29T07:30:29","date_gmt":"2024-07-29T06:30:29","guid":{"rendered":"https:\/\/sxpowercase.com\/?post_type=product&#038;p=3832"},"modified":"2024-07-29T07:30:41","modified_gmt":"2024-07-29T06:30:41","slug":"butterfly-latches-loa201","status":"publish","type":"product","link":"https:\/\/sxflightcase.com\/pt\/produto\/fechos-de-borboleta-loa201\/","title":{"rendered":"Fechos de borboleta LOA201"},"content":{"rendered":"<h1>Descubra a excel\u00eancia dos fechos de borboleta da SX<\/h1>\n<h2>Seguran\u00e7a inigual\u00e1vel com os fechos de borboleta SX<\/h2>\n<p>Quando se trata de proteger o seu valioso equipamento, os fechos SX Butterfly s\u00e3o a solu\u00e7\u00e3o definitiva. Os nossos fechos s\u00e3o meticulosamente concebidos para proporcionar um fecho fi\u00e1vel e seguro para as suas malas de viagem. Quer seja um m\u00fasico em digress\u00e3o, um t\u00e9cnico de \u00e1udio ou um profissional de eventos, os fechos borboleta da SX oferecem a paz de esp\u00edrito de que necessita.<\/p>\n<h2>Constru\u00eddo para durabilidade<\/h2>\n<p>Em <a title=\"SX\" href=\"https:\/\/sxpowercase.com\/\" target=\"_blank\" rel=\"noopener\" data-wpil-monitor-id=\"602\">SX<\/a>Na nossa empresa, damos prioridade \u00e0 qualidade e \u00e0 durabilidade. Os nossos fechos de borboleta s\u00e3o fabricados a partir de materiais de alta qualidade, garantindo que podem suportar os rigores da utiliza\u00e7\u00e3o frequente. A constru\u00e7\u00e3o robusta garante que as suas malas de voo permanecem bem fechadas, protegendo o seu equipamento de quaisquer danos potenciais. Com a SX, pode confiar que o seu equipamento est\u00e1 sempre seguro.<\/p>\n<h2>Garantia de qualidade direta da f\u00e1brica<\/h2>\n<p>A SX oferece produtos diretos da f\u00e1brica, garantindo o mais elevado n\u00edvel de controlo de qualidade e pre\u00e7os competitivos. Os nossos fechos de borboleta s\u00e3o produzidos com precis\u00e3o e cuidado, cumprindo rigorosos padr\u00f5es de qualidade. Ao eliminar os intermedi\u00e1rios, fornecemos produtos superiores a pre\u00e7os mais baixos, tornando as solu\u00e7\u00f5es de seguran\u00e7a de alta qualidade acess\u00edveis a todos.<\/p>\n<h2>Facilidade de utiliza\u00e7\u00e3o e conveni\u00eancia<\/h2>\n<p>Os nossos fechos de borboleta foram concebidos para uma utiliza\u00e7\u00e3o f\u00e1cil. O mecanismo intuitivo permite a abertura e o fecho r\u00e1pidos e sem esfor\u00e7o das suas malas de viagem. Quer esteja a preparar-se para um concerto ou a arrumar as malas depois de um evento, os fechos de borboleta da SX simplificam o processo, poupando-lhe tempo e esfor\u00e7o valiosos.<\/p>\n<h2>Solu\u00e7\u00f5es personalizadas para atender \u00e0s suas necessidades<\/h2>\n<p>Cada pe\u00e7a de equipamento \u00e9 \u00fanica, e a SX compreende a import\u00e2ncia de solu\u00e7\u00f5es personalizadas. Oferecemos op\u00e7\u00f5es de personaliza\u00e7\u00e3o para os nossos fechos de borboleta, garantindo uma adapta\u00e7\u00e3o perfeita aos seus requisitos espec\u00edficos. Quer necessite de um tamanho, acabamento ou design espec\u00edfico, a nossa equipa est\u00e1 pronta para fornecer solu\u00e7\u00f5es personalizadas \u00e0 medida das suas necessidades.<\/p>\n<h2>Excel\u00eancia a pre\u00e7os acess\u00edveis<\/h2>\n<p>A SX est\u00e1 empenhada em fornecer produtos de alta qualidade a pre\u00e7os acess\u00edveis. O nosso modelo direto da f\u00e1brica permite-nos oferecer um valor excecional sem comprometer a qualidade. Ao escolher os fechos de borboleta da SX, est\u00e1 a investir em solu\u00e7\u00f5es de seguran\u00e7a duradouras e fi\u00e1veis que n\u00e3o v\u00e3o custar muito dinheiro.<\/p>\n<h2>Aplica\u00e7\u00f5es vers\u00e1teis<\/h2>\n<p>A versatilidade do fecho de borboleta da SX torna-o adequado para uma vasta gama de aplica\u00e7\u00f5es. Desde caixas de transporte a\u00e9reo e prateleiras de equipamento a caixas de armazenamento e caixas de ferramentas, os nossos fechos proporcionam um fecho seguro em v\u00e1rios contextos. Confie na SX para todas as suas necessidades de fecho de borboleta e beneficie da sua flexibilidade e fiabilidade.<\/p>\n<h2>Porqu\u00ea escolher a SX?<\/h2>\n<p>Escolher a SX significa optar pela excel\u00eancia em termos de qualidade, fiabilidade e acessibilidade. Os nossos fechos de borboleta s\u00e3o concebidos para proporcionar a melhor prote\u00e7\u00e3o ao seu equipamento, garantindo que este se mant\u00e9m seguro e protegido. Com a nossa garantia de qualidade direta da f\u00e1brica, pode ter a certeza de que est\u00e1 a receber produtos de primeira qualidade a pre\u00e7os imbat\u00edveis.<\/p>\n<h2>Contactar a SX hoje<\/h2>\n<p>Pronto para atualizar a seguran\u00e7a do seu equipamento com o fecho de borboleta da SX? Contacte-nos hoje para saber mais sobre os nossos produtos e op\u00e7\u00f5es de personaliza\u00e7\u00e3o. A nossa equipa est\u00e1 ansiosa por o ajudar a encontrar as solu\u00e7\u00f5es perfeitas para as suas necessidades. Confie na SX para todos os seus requisitos de fecho de borboleta e experimente uma qualidade e fiabilidade sem paralelo.<\/p>\n<p>Contactar agora:<span style=\"color: #0000ff;\"><a style=\"color: #0000ff;\" href=\"https:\/\/sxpowercase.com\/contact-us\/\">https:\/\/sxpowercase.com\/<\/a><\/span><\/p>\n<p>Cat\u00e1logo de produtos de hardware\uff1a<span style=\"color: #3366ff;\"><a style=\"color: #3366ff;\" href=\"https:\/\/sxpowercase.com\/wp-content\/uploads\/2024\/07\/\u4e94\u91d1.pdf\">Cat\u00e1logo de acess\u00f3rios de ferragens<\/a><\/span><\/p>","protected":false},"excerpt":{"rendered":"<div class=\"flex-shrink-0 flex flex-col relative items-end\">\n<div>\n<div class=\"pt-0\">\n<div class=\"gizmo-bot-avatar flex h-8 w-8 items-center justify-center overflow-hidden rounded-full\">\n<h3 class=\"relative p-1 rounded-sm flex items-center justify-center bg-token-main-surface-primary text-token-text-primary h-8 w-8\">Unmatched Security with SX&#8217;s Butterfly Latch<\/h3>\n<\/div>\n<\/div>\n<\/div>\n<\/div>\n<div class=\"group\/conversation-turn relative flex w-full min-w-0 flex-col agent-turn\">\n<div class=\"flex-col gap-1 md:gap-3\">\n<div class=\"flex flex-grow flex-col max-w-full AIPRM__conversation__response\">\n<div class=\"min-h-[20px] text-message flex w-full flex-col items-end gap-2 whitespace-pre-wrap break-words [.text-message+&amp;]:mt-5 overflow-x-auto\" dir=\"auto\" data-message-author-role=\"assistant\" data-message-id=\"5f113cd8-0571-4314-acba-63f4a0d58950\">\n<div class=\"flex w-full flex-col gap-1 empty:hidden first:pt-[3px]\">\n<div class=\"markdown prose w-full break-words dark:prose-invert light\">\n<p>Protect your valuable equipment with SX&#8217;s robust and reliable butterfly latches. Built from high-quality materials, these latches ensure secure closure for flight cases, offering unmatched security and peace of mind during transport and storage.<\/p>\n<h3>Factory-Direct Quality at Affordable Prices<\/h3>\n<p>Experience top-tier quality without breaking the bank with SX&#8217;s factory-direct butterfly latches. Our latches provide durability and reliability at competitive prices, ensuring you get the best value for your money.<\/p>\n<h3>Customisable and Convenient Butterfly Latches<\/h3>\n<p>SX offers easy-to-use butterfly latches with customisation options to meet your unique needs. Whether for flight cases or storage boxes, our latches deliver secure closures, making your job simpler and more efficient.<\/p>\n<\/div>\n<\/div>\n<\/div>\n<\/div>\n<\/div>\n<\/div>\n","protected":false},"featured_media":3774,"comment_status":"open","ping_status":"closed","template":"","meta":[],"product_brand":[],"product_cat":[61],"product_tag":[],"class_list":{"0":"post-3832","1":"product","2":"type-product","3":"status-publish","4":"has-post-thumbnail","6":"product_cat-catchother-locks","8":"first","9":"instock","10":"shipping-taxable","11":"product-type-simple"},"yoast_head":"<!-- This site is optimized with the Yoast SEO Premium plugin v27.1 (Yoast SEO v27.2) - https:\/\/yoast.com\/product\/yoast-seo-premium-wordpress\/ -->\n<title>Butterfly Latches LOA201 - https:\/\/sxflightcase.com \ud83d\udc97<\/title>\n<meta name=\"description\" content=\"Butterfly latches, factory direct! High-quality, reliable solutions for secure closures on flight cases and equipment. Ideal for professional and industrial use.\" \/>\n<meta name=\"robots\" content=\"index, follow, max-snippet:-1, max-image-preview:large, max-video-preview:-1\" \/>\n<link rel=\"canonical\" href=\"https:\/\/sxflightcase.com\/pt\/produkt\/sommerfuglelase-loa201\/\" \/>\n<meta property=\"og:locale\" content=\"pt_PT\" \/>\n<meta property=\"og:type\" content=\"article\" \/>\n<meta property=\"og:title\" content=\"Butterfly Latches LOA201\" \/>\n<meta property=\"og:description\" content=\"Butterfly latches, factory direct! High-quality, reliable solutions for secure closures on flight cases and equipment. Ideal for professional and industrial use.\" \/>\n<meta property=\"og:url\" content=\"https:\/\/sxflightcase.com\/pt\/produkt\/sommerfuglelase-loa201\/\" \/>\n<meta property=\"og:site_name\" content=\"https:\/\/sxflightcase.com\" \/>\n<meta property=\"article:publisher\" content=\"https:\/\/www.facebook.com\/profile.php?id=61560407257971\" \/>\n<meta property=\"article:modified_time\" content=\"2024-07-29T06:30:41+00:00\" \/>\n<meta property=\"og:image\" content=\"https:\/\/sxflightcase.com\/wp-content\/uploads\/2024\/07\/LOA201.jpg\" \/>\n\t<meta property=\"og:image:width\" content=\"520\" \/>\n\t<meta property=\"og:image:height\" content=\"465\" \/>\n\t<meta property=\"og:image:type\" content=\"image\/jpeg\" \/>\n<meta name=\"twitter:card\" content=\"summary_large_image\" \/>\n<meta name=\"twitter:label1\" content=\"Tempo estimado de leitura\" \/>\n\t<meta name=\"twitter:data1\" content=\"3 minutos\" \/>\n<script type=\"application\/ld+json\" class=\"yoast-schema-graph\">{\"@context\":\"https:\/\/schema.org\",\"@graph\":[{\"@type\":\"WebPage\",\"@id\":\"https:\/\/sxflightcase.com\/da\/produkt\/sommerfuglelase-loa201\/\",\"url\":\"https:\/\/sxflightcase.com\/da\/produkt\/sommerfuglelase-loa201\/\",\"name\":\"Butterfly Latches LOA201 - https:\/\/sxflightcase.com \ud83d\udc97\",\"isPartOf\":{\"@id\":\"https:\/\/sxflightcase.com\/th\/#website\"},\"primaryImageOfPage\":{\"@id\":\"https:\/\/sxflightcase.com\/da\/produkt\/sommerfuglelase-loa201\/#primaryimage\"},\"image\":{\"@id\":\"https:\/\/sxflightcase.com\/da\/produkt\/sommerfuglelase-loa201\/#primaryimage\"},\"thumbnailUrl\":\"https:\/\/sxflightcase.com\/wp-content\/uploads\/2024\/07\/LOA201.jpg\",\"datePublished\":\"2024-07-29T06:30:29+00:00\",\"dateModified\":\"2024-07-29T06:30:41+00:00\",\"description\":\"Butterfly latches, factory direct! High-quality, reliable solutions for secure closures on flight cases and equipment. Ideal for professional and industrial use.\",\"breadcrumb\":{\"@id\":\"https:\/\/sxflightcase.com\/da\/produkt\/sommerfuglelase-loa201\/#breadcrumb\"},\"inLanguage\":\"pt-PT\",\"potentialAction\":[{\"@type\":\"ReadAction\",\"target\":[\"https:\/\/sxflightcase.com\/da\/produkt\/sommerfuglelase-loa201\/\"]}]},{\"@type\":\"ImageObject\",\"inLanguage\":\"pt-PT\",\"@id\":\"https:\/\/sxflightcase.com\/da\/produkt\/sommerfuglelase-loa201\/#primaryimage\",\"url\":\"https:\/\/sxflightcase.com\/wp-content\/uploads\/2024\/07\/LOA201.jpg\",\"contentUrl\":\"https:\/\/sxflightcase.com\/wp-content\/uploads\/2024\/07\/LOA201.jpg\",\"width\":520,\"height\":465,\"caption\":\"Butterfly Latches\"},{\"@type\":\"BreadcrumbList\",\"@id\":\"https:\/\/sxflightcase.com\/da\/produkt\/sommerfuglelase-loa201\/#breadcrumb\",\"itemListElement\":[{\"@type\":\"ListItem\",\"position\":1,\"name\":\"Home\",\"item\":\"https:\/\/sxflightcase.com\/\"},{\"@type\":\"ListItem\",\"position\":2,\"name\":\"\u0e2a\u0e34\u0e19\u0e04\u0e49\u0e32\",\"item\":\"https:\/\/sxflightcase.com\/th\/shop\/\"},{\"@type\":\"ListItem\",\"position\":3,\"name\":\"Butterfly Latches LOA201\"}]},{\"@type\":\"WebSite\",\"@id\":\"https:\/\/sxflightcase.com\/th\/#website\",\"url\":\"https:\/\/sxflightcase.com\/th\/\",\"name\":\"sxpowercase.com\",\"description\":\"Flight Case Factory\",\"publisher\":{\"@id\":\"https:\/\/sxflightcase.com\/th\/#organization\"},\"potentialAction\":[{\"@type\":\"SearchAction\",\"target\":{\"@type\":\"EntryPoint\",\"urlTemplate\":\"https:\/\/sxflightcase.com\/th\/?s={search_term_string}\"},\"query-input\":{\"@type\":\"PropertyValueSpecification\",\"valueRequired\":true,\"valueName\":\"search_term_string\"}}],\"inLanguage\":\"pt-PT\"},{\"@type\":\"Organization\",\"@id\":\"https:\/\/sxflightcase.com\/th\/#organization\",\"name\":\"sxpowercase.com\",\"url\":\"https:\/\/sxflightcase.com\/th\/\",\"logo\":{\"@type\":\"ImageObject\",\"inLanguage\":\"pt-PT\",\"@id\":\"https:\/\/sxflightcase.com\/th\/#\/schema\/logo\/image\/\",\"url\":\"https:\/\/sxflightcase.com\/wp-content\/uploads\/2024\/04\/1713919036007.jpg\",\"contentUrl\":\"https:\/\/sxflightcase.com\/wp-content\/uploads\/2024\/04\/1713919036007.jpg\",\"width\":382,\"height\":388,\"caption\":\"sxpowercase.com\"},\"image\":{\"@id\":\"https:\/\/sxflightcase.com\/th\/#\/schema\/logo\/image\/\"},\"sameAs\":[\"https:\/\/www.facebook.com\/profile.php?id=61560407257971\"],\"numberOfEmployees\":{\"@type\":\"QuantitativeValue\",\"minValue\":\"11\",\"maxValue\":\"50\"}}]}<\/script>\n<!-- \/ Yoast SEO Premium plugin. -->","yoast_head_json":{"title":"Butterfly Latches LOA201 - https:\/\/sxflightcase.com \ud83d\udc97","description":"Fechos de borboleta, diretos da f\u00e1brica! Solu\u00e7\u00f5es fi\u00e1veis e de alta qualidade para fechos seguros em caixas de transporte e equipamento. Ideal para utiliza\u00e7\u00e3o profissional e industrial.","robots":{"index":"index","follow":"follow","max-snippet":"max-snippet:-1","max-image-preview":"max-image-preview:large","max-video-preview":"max-video-preview:-1"},"canonical":"https:\/\/sxflightcase.com\/pt\/produkt\/sommerfuglelase-loa201\/","og_locale":"pt_PT","og_type":"article","og_title":"Butterfly Latches LOA201","og_description":"Butterfly latches, factory direct! High-quality, reliable solutions for secure closures on flight cases and equipment. Ideal for professional and industrial use.","og_url":"https:\/\/sxflightcase.com\/pt\/produkt\/sommerfuglelase-loa201\/","og_site_name":"https:\/\/sxflightcase.com","article_publisher":"https:\/\/www.facebook.com\/profile.php?id=61560407257971","article_modified_time":"2024-07-29T06:30:41+00:00","og_image":[{"width":520,"height":465,"url":"https:\/\/sxflightcase.com\/wp-content\/uploads\/2024\/07\/LOA201.jpg","type":"image\/jpeg"}],"twitter_card":"summary_large_image","twitter_misc":{"Tempo estimado de leitura":"3 minutos"},"schema":{"@context":"https:\/\/schema.org","@graph":[{"@type":"WebPage","@id":"https:\/\/sxflightcase.com\/da\/produkt\/sommerfuglelase-loa201\/","url":"https:\/\/sxflightcase.com\/da\/produkt\/sommerfuglelase-loa201\/","name":"Butterfly Latches LOA201 - https:\/\/sxflightcase.com \ud83d\udc97","isPartOf":{"@id":"https:\/\/sxflightcase.com\/th\/#website"},"primaryImageOfPage":{"@id":"https:\/\/sxflightcase.com\/da\/produkt\/sommerfuglelase-loa201\/#primaryimage"},"image":{"@id":"https:\/\/sxflightcase.com\/da\/produkt\/sommerfuglelase-loa201\/#primaryimage"},"thumbnailUrl":"https:\/\/sxflightcase.com\/wp-content\/uploads\/2024\/07\/LOA201.jpg","datePublished":"2024-07-29T06:30:29+00:00","dateModified":"2024-07-29T06:30:41+00:00","description":"Fechos de borboleta, diretos da f\u00e1brica! Solu\u00e7\u00f5es fi\u00e1veis e de alta qualidade para fechos seguros em caixas de transporte e equipamento. Ideal para utiliza\u00e7\u00e3o profissional e industrial.","breadcrumb":{"@id":"https:\/\/sxflightcase.com\/da\/produkt\/sommerfuglelase-loa201\/#breadcrumb"},"inLanguage":"pt-PT","potentialAction":[{"@type":"ReadAction","target":["https:\/\/sxflightcase.com\/da\/produkt\/sommerfuglelase-loa201\/"]}]},{"@type":"ImageObject","inLanguage":"pt-PT","@id":"https:\/\/sxflightcase.com\/da\/produkt\/sommerfuglelase-loa201\/#primaryimage","url":"https:\/\/sxflightcase.com\/wp-content\/uploads\/2024\/07\/LOA201.jpg","contentUrl":"https:\/\/sxflightcase.com\/wp-content\/uploads\/2024\/07\/LOA201.jpg","width":520,"height":465,"caption":"Butterfly Latches"},{"@type":"BreadcrumbList","@id":"https:\/\/sxflightcase.com\/da\/produkt\/sommerfuglelase-loa201\/#breadcrumb","itemListElement":[{"@type":"ListItem","position":1,"name":"Home","item":"https:\/\/sxflightcase.com\/"},{"@type":"ListItem","position":2,"name":"\u0e2a\u0e34\u0e19\u0e04\u0e49\u0e32","item":"https:\/\/sxflightcase.com\/th\/shop\/"},{"@type":"ListItem","position":3,"name":"Butterfly Latches LOA201"}]},{"@type":"WebSite","@id":"https:\/\/sxflightcase.com\/th\/#website","url":"https:\/\/sxflightcase.com\/th\/","name":"sxpowercase.com","description":"F\u00e1brica de malas de voo","publisher":{"@id":"https:\/\/sxflightcase.com\/th\/#organization"},"potentialAction":[{"@type":"SearchAction","target":{"@type":"EntryPoint","urlTemplate":"https:\/\/sxflightcase.com\/th\/?s={search_term_string}"},"query-input":{"@type":"PropertyValueSpecification","valueRequired":true,"valueName":"search_term_string"}}],"inLanguage":"pt-PT"},{"@type":"Organization","@id":"https:\/\/sxflightcase.com\/th\/#organization","name":"sxpowercase.com","url":"https:\/\/sxflightcase.com\/th\/","logo":{"@type":"ImageObject","inLanguage":"pt-PT","@id":"https:\/\/sxflightcase.com\/th\/#\/schema\/logo\/image\/","url":"https:\/\/sxflightcase.com\/wp-content\/uploads\/2024\/04\/1713919036007.jpg","contentUrl":"https:\/\/sxflightcase.com\/wp-content\/uploads\/2024\/04\/1713919036007.jpg","width":382,"height":388,"caption":"sxpowercase.com"},"image":{"@id":"https:\/\/sxflightcase.com\/th\/#\/schema\/logo\/image\/"},"sameAs":["https:\/\/www.facebook.com\/profile.php?id=61560407257971"],"numberOfEmployees":{"@type":"QuantitativeValue","minValue":"11","maxValue":"50"}}]}},"_links":{"self":[{"href":"https:\/\/sxflightcase.com\/pt\/wp-json\/wp\/v2\/product\/3832","targetHints":{"allow":["GET"]}}],"collection":[{"href":"https:\/\/sxflightcase.com\/pt\/wp-json\/wp\/v2\/product"}],"about":[{"href":"https:\/\/sxflightcase.com\/pt\/wp-json\/wp\/v2\/types\/product"}],"replies":[{"embeddable":true,"href":"https:\/\/sxflightcase.com\/pt\/wp-json\/wp\/v2\/comments?post=3832"}],"version-history":[{"count":0,"href":"https:\/\/sxflightcase.com\/pt\/wp-json\/wp\/v2\/product\/3832\/revisions"}],"wp:featuredmedia":[{"embeddable":true,"href":"https:\/\/sxflightcase.com\/pt\/wp-json\/wp\/v2\/media\/3774"}],"wp:attachment":[{"href":"https:\/\/sxflightcase.com\/pt\/wp-json\/wp\/v2\/media?parent=3832"}],"wp:term":[{"taxonomy":"product_brand","embeddable":true,"href":"https:\/\/sxflightcase.com\/pt\/wp-json\/wp\/v2\/product_brand?post=3832"},{"taxonomy":"product_cat","embeddable":true,"href":"https:\/\/sxflightcase.com\/pt\/wp-json\/wp\/v2\/product_cat?post=3832"},{"taxonomy":"product_tag","embeddable":true,"href":"https:\/\/sxflightcase.com\/pt\/wp-json\/wp\/v2\/product_tag?post=3832"}],"curies":[{"name":"wp","href":"https:\/\/api.w.org\/{rel}","templated":true}]}}