{"id":3834,"date":"2024-07-29T07:38:50","date_gmt":"2024-07-29T06:38:50","guid":{"rendered":"https:\/\/sxpowercase.com\/?post_type=product&#038;p=3834"},"modified":"2024-07-29T07:38:51","modified_gmt":"2024-07-29T06:38:51","slug":"butterfly-latches-loa202","status":"publish","type":"product","link":"https:\/\/sxflightcase.com\/pt\/produto\/fechos-de-borboleta-loa202\/","title":{"rendered":"Fechos de borboleta LOA202"},"content":{"rendered":"<h1>Fechos de borboleta SX: Proteja o seu equipamento com confian\u00e7a<\/h1>\n<h2>Seguran\u00e7a imbat\u00edvel com fechos de borboleta SX<\/h2>\n<p>Quando se trata de proteger o seu valioso equipamento, o fecho borboleta SX \u00e9 a primeira escolha. Concebidos com precis\u00e3o, os nossos fechos asseguram que as suas malas de viagem est\u00e3o bem fechadas, proporcionando uma prote\u00e7\u00e3o inigual\u00e1vel. Quer seja para m\u00fasicos, t\u00e9cnicos de \u00e1udio ou profissionais de eventos, os fechos borboleta SX proporcionam a seguran\u00e7a e a tranquilidade de que necessita.<\/p>\n<h2>Durabilidade e qualidade superiores<\/h2>\n<p>Em <a href=\"https:\/\/sxpowercase.com\/\" target=\"_blank\" rel=\"noopener\" title=\"SX\" data-wpil-monitor-id=\"603\">SX<\/a>Na nossa empresa, damos prioridade \u00e0 qualidade e \u00e0 durabilidade de cada produto. Os nossos fechos de borboleta s\u00e3o fabricados com materiais de alta qualidade, concebidos para suportar as exig\u00eancias de uma utiliza\u00e7\u00e3o frequente. Esta constru\u00e7\u00e3o robusta significa que as suas malas de viagem permanecem firmemente presas, protegendo o seu equipamento contra danos. Com a SX, sabe que o seu equipamento est\u00e1 sempre em boas m\u00e3os.<\/p>\n<h2>Excel\u00eancia direta da f\u00e1brica<\/h2>\n<p>A SX oferece produtos diretos da f\u00e1brica, garantindo um controlo de qualidade de topo e pre\u00e7os competitivos. Os nossos fechos de borboleta s\u00e3o produzidos com uma aten\u00e7\u00e3o meticulosa aos pormenores, cumprindo rigorosos padr\u00f5es de qualidade. Ao eliminar os intermedi\u00e1rios, fornecemos produtos de qualidade superior a pre\u00e7os acess\u00edveis, tornando as solu\u00e7\u00f5es de seguran\u00e7a superiores acess\u00edveis a todos.<\/p>\n<h2>Design de f\u00e1cil utiliza\u00e7\u00e3o<\/h2>\n<p>Os nossos fechos de borboleta foram concebidos para serem f\u00e1ceis de utilizar. O mecanismo simples e intuitivo permite a abertura e o fecho r\u00e1pidos e sem esfor\u00e7o das suas malas de viagem. Quer esteja a preparar-se para um concerto ou a arrumar as malas depois de um evento, os fechos de borboleta SX simplificam o processo, poupando-lhe tempo e esfor\u00e7o.<\/p>\n<h2>Solu\u00e7\u00f5es personalizadas para necessidades \u00fanicas<\/h2>\n<p>Cada pe\u00e7a de equipamento tem requisitos \u00fanicos, e a SX compreende a necessidade de solu\u00e7\u00f5es personalizadas. Oferecemos uma gama de op\u00e7\u00f5es de personaliza\u00e7\u00e3o para os nossos fechos de borboleta, garantindo que se adaptam perfeitamente \u00e0s suas necessidades espec\u00edficas. Quer necessite de um tamanho, acabamento ou design espec\u00edfico, a nossa equipa est\u00e1 pronta para fornecer solu\u00e7\u00f5es \u00e0 medida.<\/p>\n<h2>Qualidade a pre\u00e7os acess\u00edveis<\/h2>\n<p>Na SX, estamos empenhados em oferecer produtos de alta qualidade a pre\u00e7os competitivos. O nosso modelo direto da f\u00e1brica permite-nos oferecer um valor excecional sem comprometer a qualidade. Ao escolher os fechos de borboleta SX, est\u00e1 a investir em solu\u00e7\u00f5es de seguran\u00e7a duradouras e fi\u00e1veis que oferecem uma excelente rela\u00e7\u00e3o qualidade\/pre\u00e7o.<\/p>\n<h2>Aplica\u00e7\u00f5es vers\u00e1teis<\/h2>\n<p>Os fechos de borboleta SX s\u00e3o vers\u00e1teis, o que os torna adequados para uma vasta gama de aplica\u00e7\u00f5es. Desde caixas de transporte a\u00e9reo e prateleiras de equipamento a caixas de armazenamento e caixas de ferramentas, os nossos fechos garantem um fecho seguro em v\u00e1rios contextos. Confie na SX para todas as suas necessidades de fechos de borboleta e beneficie da sua flexibilidade e fiabilidade.<\/p>\n<h2>Porqu\u00ea escolher a SX?<\/h2>\n<p>Optar pela SX significa escolher a excel\u00eancia em termos de qualidade, fiabilidade e acessibilidade. Os nossos fechos de borboleta proporcionam a melhor prote\u00e7\u00e3o para o seu equipamento, garantindo que este se mant\u00e9m seguro e protegido. Com a nossa garantia de qualidade direta da f\u00e1brica, pode ter a certeza de receber produtos de primeira qualidade a pre\u00e7os imbat\u00edveis.<\/p>\n<h2>Entrar em contacto com a SX<\/h2>\n<p>Pronto para aumentar a seguran\u00e7a do seu equipamento com o fecho de borboleta SX? Contacte-nos hoje para saber mais sobre os nossos produtos e op\u00e7\u00f5es de personaliza\u00e7\u00e3o. A nossa equipa est\u00e1 ansiosa por o ajudar a encontrar as solu\u00e7\u00f5es perfeitas para as suas necessidades. Confie na SX para todos os seus requisitos de fecho de borboleta e experimente uma qualidade e fiabilidade sem paralelo.<\/p>\n<p>Contactar agora:<span style=\"color: #0000ff;\"><a style=\"color: #0000ff;\" href=\"https:\/\/sxpowercase.com\/contact-us\/\">https:\/\/sxpowercase.com\/<\/a><\/span><\/p>\n<p>Cat\u00e1logo de produtos de hardware\uff1a<span style=\"color: #3366ff;\"><a style=\"color: #3366ff;\" href=\"https:\/\/sxpowercase.com\/wp-content\/uploads\/2024\/07\/\u4e94\u91d1.pdf\">Cat\u00e1logo de acess\u00f3rios de ferragens<\/a><\/span><\/p>","protected":false},"excerpt":{"rendered":"<div class=\"yoast-text-mark\">ass=&#8221;yoast-text-mark&#8221;&gt;ass=&#8221;flex-shrink-0 flex flex-col relative items-end&#8221;&gt;<\/p>\n<div>\n<div class=\"\">=&#8221;pt-0&#8243;&gt;<\/p>\n<div>s=&#8221;gizmo-bot-avatar flex h-8 w-8 items-center justify-center overflow-hidden rounded-full&#8221;&gt;<\/p>\n<h3 class=\"relative p-1 rounded-sm flex items-center justify-center bg-token-main-surface-primary text-token-text-primary h-8 w-8\">Unmatched Security with SX&#8217;s Butterfly Latch<\/h3>\n<\/div>\n<\/div>\n<p>&lt;\/div&gt;<\/p><\/div>\n<div class=\"\">=&#8221;group\/conversation-turn relative flex w-full min-w-0 flex-col agent-turn&#8221;&gt;<\/p>\n<div class=\"flex-col gap-1 md:gap-3\">\n<div class=\"flex flex-grow flex-col max-w-full AIPRM__conversation__response\">\n<div class=\"min-h-[20px] text-message flex w-full flex-col items-end gap-2 whitespace-pre-wrap break-words [.text-message+&amp;]:mt-5 overflow-x-auto\" dir=\"auto\" data-message-author-role=\"assistant\" data-message-id=\"5f113cd8-0571-4314-acba-63f4a0d58950\">\n<div class=\"flex w-full flex-col gap-1 empty:hidden first:pt-[3px]\">\n<div class=\"markdown prose w-full break-words dark:prose-invert light\">\n<p>Protect your valuable equipment with SX&#8217;s robust and reliable butterfly latches. Built from high-quality materials, these latches ensure secure closure for flight cases, offering unmatched security and peace of mind during transport and storage.<\/p>\n<h3>Factory-Direct Quality at Affordable Prices<\/h3>\n<p>Experience top-tier quality without breaking the bank with SX&#8217;s factory-direct butterfly latches. Our latches provide durability and reliability at competitive prices, ensuring you get the best value for your money.<\/p>\n<h3>Customisable and Convenient Butterfly Latches<\/h3>\n<p>SX offers easy-to-use butterfly latches with customisation options to meet your unique needs. Whether for flight cases or storage boxes, our latches deliver secure closures, making your job simpler and more efficient.<\/p>\n<\/div>\n<\/div>\n<\/div>\n<\/div>\n<\/div>\n<\/div>\n<\/div>\n","protected":false},"featured_media":3775,"comment_status":"open","ping_status":"closed","template":"","meta":[],"product_brand":[],"product_cat":[61],"product_tag":[],"class_list":{"0":"post-3834","1":"product","2":"type-product","3":"status-publish","4":"has-post-thumbnail","6":"product_cat-catchother-locks","8":"first","9":"instock","10":"shipping-taxable","11":"product-type-simple"},"yoast_head":"<!-- This site is optimized with the Yoast SEO Premium plugin v27.1 (Yoast SEO v27.2) - https:\/\/yoast.com\/product\/yoast-seo-premium-wordpress\/ -->\n<title>Butterfly Latches LOA202 - https:\/\/sxflightcase.com \ud83d\udc97<\/title>\n<meta name=\"description\" content=\"Butterfly latches, factory direct! High-quality, reliable solutions for secure closures on flight cases and equipment. Ideal for professional and industrial use.\" \/>\n<meta name=\"robots\" content=\"index, follow, max-snippet:-1, max-image-preview:large, max-video-preview:-1\" \/>\n<link rel=\"canonical\" href=\"https:\/\/sxflightcase.com\/pt\/urun\/kelebek-mandallar-loa202-2\/\" \/>\n<meta property=\"og:locale\" content=\"pt_PT\" \/>\n<meta property=\"og:type\" content=\"article\" \/>\n<meta property=\"og:title\" content=\"Butterfly Latches LOA202\" \/>\n<meta property=\"og:description\" content=\"Butterfly latches, factory direct! High-quality, reliable solutions for secure closures on flight cases and equipment. Ideal for professional and industrial use.\" \/>\n<meta property=\"og:url\" content=\"https:\/\/sxflightcase.com\/pt\/urun\/kelebek-mandallar-loa202-2\/\" \/>\n<meta property=\"og:site_name\" content=\"https:\/\/sxflightcase.com\" \/>\n<meta property=\"article:publisher\" content=\"https:\/\/www.facebook.com\/profile.php?id=61560407257971\" \/>\n<meta property=\"article:modified_time\" content=\"2024-07-29T06:38:51+00:00\" \/>\n<meta property=\"og:image\" content=\"https:\/\/sxflightcase.com\/wp-content\/uploads\/2024\/07\/LOA202.jpg\" \/>\n\t<meta property=\"og:image:width\" content=\"520\" \/>\n\t<meta property=\"og:image:height\" content=\"460\" \/>\n\t<meta property=\"og:image:type\" content=\"image\/jpeg\" \/>\n<meta name=\"twitter:card\" content=\"summary_large_image\" \/>\n<meta name=\"twitter:label1\" content=\"Tempo estimado de leitura\" \/>\n\t<meta name=\"twitter:data1\" content=\"3 minutos\" \/>\n<script type=\"application\/ld+json\" class=\"yoast-schema-graph\">{\"@context\":\"https:\/\/schema.org\",\"@graph\":[{\"@type\":\"WebPage\",\"@id\":\"https:\/\/sxflightcase.com\/tr\/urun\/kelebek-mandallar-loa202-2\/\",\"url\":\"https:\/\/sxflightcase.com\/tr\/urun\/kelebek-mandallar-loa202-2\/\",\"name\":\"Butterfly Latches LOA202 - https:\/\/sxflightcase.com \ud83d\udc97\",\"isPartOf\":{\"@id\":\"https:\/\/sxflightcase.com\/th\/#website\"},\"primaryImageOfPage\":{\"@id\":\"https:\/\/sxflightcase.com\/tr\/urun\/kelebek-mandallar-loa202-2\/#primaryimage\"},\"image\":{\"@id\":\"https:\/\/sxflightcase.com\/tr\/urun\/kelebek-mandallar-loa202-2\/#primaryimage\"},\"thumbnailUrl\":\"https:\/\/sxflightcase.com\/wp-content\/uploads\/2024\/07\/LOA202.jpg\",\"datePublished\":\"2024-07-29T06:38:50+00:00\",\"dateModified\":\"2024-07-29T06:38:51+00:00\",\"description\":\"Butterfly latches, factory direct! High-quality, reliable solutions for secure closures on flight cases and equipment. Ideal for professional and industrial use.\",\"breadcrumb\":{\"@id\":\"https:\/\/sxflightcase.com\/tr\/urun\/kelebek-mandallar-loa202-2\/#breadcrumb\"},\"inLanguage\":\"pt-PT\",\"potentialAction\":[{\"@type\":\"ReadAction\",\"target\":[\"https:\/\/sxflightcase.com\/tr\/urun\/kelebek-mandallar-loa202-2\/\"]}]},{\"@type\":\"ImageObject\",\"inLanguage\":\"pt-PT\",\"@id\":\"https:\/\/sxflightcase.com\/tr\/urun\/kelebek-mandallar-loa202-2\/#primaryimage\",\"url\":\"https:\/\/sxflightcase.com\/wp-content\/uploads\/2024\/07\/LOA202.jpg\",\"contentUrl\":\"https:\/\/sxflightcase.com\/wp-content\/uploads\/2024\/07\/LOA202.jpg\",\"width\":520,\"height\":460,\"caption\":\"Butterfly Latches\"},{\"@type\":\"BreadcrumbList\",\"@id\":\"https:\/\/sxflightcase.com\/tr\/urun\/kelebek-mandallar-loa202-2\/#breadcrumb\",\"itemListElement\":[{\"@type\":\"ListItem\",\"position\":1,\"name\":\"Home\",\"item\":\"https:\/\/sxflightcase.com\/\"},{\"@type\":\"ListItem\",\"position\":2,\"name\":\"\u0e2a\u0e34\u0e19\u0e04\u0e49\u0e32\",\"item\":\"https:\/\/sxflightcase.com\/th\/shop\/\"},{\"@type\":\"ListItem\",\"position\":3,\"name\":\"Butterfly Latches LOA202\"}]},{\"@type\":\"WebSite\",\"@id\":\"https:\/\/sxflightcase.com\/th\/#website\",\"url\":\"https:\/\/sxflightcase.com\/th\/\",\"name\":\"sxpowercase.com\",\"description\":\"Flight Case Factory\",\"publisher\":{\"@id\":\"https:\/\/sxflightcase.com\/th\/#organization\"},\"potentialAction\":[{\"@type\":\"SearchAction\",\"target\":{\"@type\":\"EntryPoint\",\"urlTemplate\":\"https:\/\/sxflightcase.com\/th\/?s={search_term_string}\"},\"query-input\":{\"@type\":\"PropertyValueSpecification\",\"valueRequired\":true,\"valueName\":\"search_term_string\"}}],\"inLanguage\":\"pt-PT\"},{\"@type\":\"Organization\",\"@id\":\"https:\/\/sxflightcase.com\/th\/#organization\",\"name\":\"sxpowercase.com\",\"url\":\"https:\/\/sxflightcase.com\/th\/\",\"logo\":{\"@type\":\"ImageObject\",\"inLanguage\":\"pt-PT\",\"@id\":\"https:\/\/sxflightcase.com\/th\/#\/schema\/logo\/image\/\",\"url\":\"https:\/\/sxflightcase.com\/wp-content\/uploads\/2024\/04\/1713919036007.jpg\",\"contentUrl\":\"https:\/\/sxflightcase.com\/wp-content\/uploads\/2024\/04\/1713919036007.jpg\",\"width\":382,\"height\":388,\"caption\":\"sxpowercase.com\"},\"image\":{\"@id\":\"https:\/\/sxflightcase.com\/th\/#\/schema\/logo\/image\/\"},\"sameAs\":[\"https:\/\/www.facebook.com\/profile.php?id=61560407257971\"],\"numberOfEmployees\":{\"@type\":\"QuantitativeValue\",\"minValue\":\"11\",\"maxValue\":\"50\"}}]}<\/script>\n<!-- \/ Yoast SEO Premium plugin. -->","yoast_head_json":{"title":"Butterfly Latches LOA202 - https:\/\/sxflightcase.com \ud83d\udc97","description":"Fechos de borboleta, diretos da f\u00e1brica! Solu\u00e7\u00f5es fi\u00e1veis e de alta qualidade para fechos seguros em caixas de transporte e equipamento. Ideal para utiliza\u00e7\u00e3o profissional e industrial.","robots":{"index":"index","follow":"follow","max-snippet":"max-snippet:-1","max-image-preview":"max-image-preview:large","max-video-preview":"max-video-preview:-1"},"canonical":"https:\/\/sxflightcase.com\/pt\/urun\/kelebek-mandallar-loa202-2\/","og_locale":"pt_PT","og_type":"article","og_title":"Butterfly Latches LOA202","og_description":"Butterfly latches, factory direct! High-quality, reliable solutions for secure closures on flight cases and equipment. Ideal for professional and industrial use.","og_url":"https:\/\/sxflightcase.com\/pt\/urun\/kelebek-mandallar-loa202-2\/","og_site_name":"https:\/\/sxflightcase.com","article_publisher":"https:\/\/www.facebook.com\/profile.php?id=61560407257971","article_modified_time":"2024-07-29T06:38:51+00:00","og_image":[{"width":520,"height":460,"url":"https:\/\/sxflightcase.com\/wp-content\/uploads\/2024\/07\/LOA202.jpg","type":"image\/jpeg"}],"twitter_card":"summary_large_image","twitter_misc":{"Tempo estimado de leitura":"3 minutos"},"schema":{"@context":"https:\/\/schema.org","@graph":[{"@type":"WebPage","@id":"https:\/\/sxflightcase.com\/tr\/urun\/kelebek-mandallar-loa202-2\/","url":"https:\/\/sxflightcase.com\/tr\/urun\/kelebek-mandallar-loa202-2\/","name":"Butterfly Latches LOA202 - https:\/\/sxflightcase.com \ud83d\udc97","isPartOf":{"@id":"https:\/\/sxflightcase.com\/th\/#website"},"primaryImageOfPage":{"@id":"https:\/\/sxflightcase.com\/tr\/urun\/kelebek-mandallar-loa202-2\/#primaryimage"},"image":{"@id":"https:\/\/sxflightcase.com\/tr\/urun\/kelebek-mandallar-loa202-2\/#primaryimage"},"thumbnailUrl":"https:\/\/sxflightcase.com\/wp-content\/uploads\/2024\/07\/LOA202.jpg","datePublished":"2024-07-29T06:38:50+00:00","dateModified":"2024-07-29T06:38:51+00:00","description":"Fechos de borboleta, diretos da f\u00e1brica! Solu\u00e7\u00f5es fi\u00e1veis e de alta qualidade para fechos seguros em caixas de transporte e equipamento. Ideal para utiliza\u00e7\u00e3o profissional e industrial.","breadcrumb":{"@id":"https:\/\/sxflightcase.com\/tr\/urun\/kelebek-mandallar-loa202-2\/#breadcrumb"},"inLanguage":"pt-PT","potentialAction":[{"@type":"ReadAction","target":["https:\/\/sxflightcase.com\/tr\/urun\/kelebek-mandallar-loa202-2\/"]}]},{"@type":"ImageObject","inLanguage":"pt-PT","@id":"https:\/\/sxflightcase.com\/tr\/urun\/kelebek-mandallar-loa202-2\/#primaryimage","url":"https:\/\/sxflightcase.com\/wp-content\/uploads\/2024\/07\/LOA202.jpg","contentUrl":"https:\/\/sxflightcase.com\/wp-content\/uploads\/2024\/07\/LOA202.jpg","width":520,"height":460,"caption":"Butterfly Latches"},{"@type":"BreadcrumbList","@id":"https:\/\/sxflightcase.com\/tr\/urun\/kelebek-mandallar-loa202-2\/#breadcrumb","itemListElement":[{"@type":"ListItem","position":1,"name":"Home","item":"https:\/\/sxflightcase.com\/"},{"@type":"ListItem","position":2,"name":"\u0e2a\u0e34\u0e19\u0e04\u0e49\u0e32","item":"https:\/\/sxflightcase.com\/th\/shop\/"},{"@type":"ListItem","position":3,"name":"Butterfly Latches LOA202"}]},{"@type":"WebSite","@id":"https:\/\/sxflightcase.com\/th\/#website","url":"https:\/\/sxflightcase.com\/th\/","name":"sxpowercase.com","description":"F\u00e1brica de malas de voo","publisher":{"@id":"https:\/\/sxflightcase.com\/th\/#organization"},"potentialAction":[{"@type":"SearchAction","target":{"@type":"EntryPoint","urlTemplate":"https:\/\/sxflightcase.com\/th\/?s={search_term_string}"},"query-input":{"@type":"PropertyValueSpecification","valueRequired":true,"valueName":"search_term_string"}}],"inLanguage":"pt-PT"},{"@type":"Organization","@id":"https:\/\/sxflightcase.com\/th\/#organization","name":"sxpowercase.com","url":"https:\/\/sxflightcase.com\/th\/","logo":{"@type":"ImageObject","inLanguage":"pt-PT","@id":"https:\/\/sxflightcase.com\/th\/#\/schema\/logo\/image\/","url":"https:\/\/sxflightcase.com\/wp-content\/uploads\/2024\/04\/1713919036007.jpg","contentUrl":"https:\/\/sxflightcase.com\/wp-content\/uploads\/2024\/04\/1713919036007.jpg","width":382,"height":388,"caption":"sxpowercase.com"},"image":{"@id":"https:\/\/sxflightcase.com\/th\/#\/schema\/logo\/image\/"},"sameAs":["https:\/\/www.facebook.com\/profile.php?id=61560407257971"],"numberOfEmployees":{"@type":"QuantitativeValue","minValue":"11","maxValue":"50"}}]}},"_links":{"self":[{"href":"https:\/\/sxflightcase.com\/pt\/wp-json\/wp\/v2\/product\/3834","targetHints":{"allow":["GET"]}}],"collection":[{"href":"https:\/\/sxflightcase.com\/pt\/wp-json\/wp\/v2\/product"}],"about":[{"href":"https:\/\/sxflightcase.com\/pt\/wp-json\/wp\/v2\/types\/product"}],"replies":[{"embeddable":true,"href":"https:\/\/sxflightcase.com\/pt\/wp-json\/wp\/v2\/comments?post=3834"}],"version-history":[{"count":0,"href":"https:\/\/sxflightcase.com\/pt\/wp-json\/wp\/v2\/product\/3834\/revisions"}],"wp:featuredmedia":[{"embeddable":true,"href":"https:\/\/sxflightcase.com\/pt\/wp-json\/wp\/v2\/media\/3775"}],"wp:attachment":[{"href":"https:\/\/sxflightcase.com\/pt\/wp-json\/wp\/v2\/media?parent=3834"}],"wp:term":[{"taxonomy":"product_brand","embeddable":true,"href":"https:\/\/sxflightcase.com\/pt\/wp-json\/wp\/v2\/product_brand?post=3834"},{"taxonomy":"product_cat","embeddable":true,"href":"https:\/\/sxflightcase.com\/pt\/wp-json\/wp\/v2\/product_cat?post=3834"},{"taxonomy":"product_tag","embeddable":true,"href":"https:\/\/sxflightcase.com\/pt\/wp-json\/wp\/v2\/product_tag?post=3834"}],"curies":[{"name":"wp","href":"https:\/\/api.w.org\/{rel}","templated":true}]}}