{"id":3885,"date":"2024-07-30T09:05:49","date_gmt":"2024-07-30T08:05:49","guid":{"rendered":"https:\/\/sxpowercase.com\/?post_type=product&#038;p=3885"},"modified":"2024-07-30T09:05:49","modified_gmt":"2024-07-30T08:05:49","slug":"flight-case-locks-loa207","status":"publish","type":"product","link":"https:\/\/sxflightcase.com\/pt\/produto\/fechos-para-malas-de-voo-loa207\/","title":{"rendered":"Fechos para malas de transporte LOA207"},"content":{"rendered":"<h2>Proteja o seu equipamento com os fechos para malas de transporte SX<\/h2>\n<h3>Seguran\u00e7a fi\u00e1vel para o seu equipamento<\/h3>\n<p>Quando se trata de proteger equipamento valioso durante o transporte, os fechos para malas de transporte SX oferecem a m\u00e1xima seguran\u00e7a. Estas fechaduras foram especificamente concebidas para manter o seu equipamento seguro e protegido, impedindo o acesso n\u00e3o autorizado e garantindo tranquilidade.<\/p>\n<h3>Vendas diretas da f\u00e1brica: Acess\u00edvel e de alta qualidade<\/h3>\n<p>Na SX, acreditamos em fornecer produtos de alta qualidade a pre\u00e7os acess\u00edveis. Os nossos cadeados para malas de transporte est\u00e3o dispon\u00edveis atrav\u00e9s de vendas diretas da f\u00e1brica, o que nos permite oferecer pre\u00e7os competitivos sem sacrificar a qualidade. Ao eliminar o intermedi\u00e1rio, passamos as poupan\u00e7as diretamente para si, oferecendo um valor excecional para o seu investimento.<\/p>\n<h3>Qualidade em que pode confiar<\/h3>\n<p>Todos <a href=\"https:\/\/sxpowercase.com\/\" target=\"_blank\" rel=\"noopener\" title=\"SX\" data-wpil-monitor-id=\"608\">SX<\/a> O Flight Case Lock \u00e9 fabricado com os mais elevados padr\u00f5es de garantia de qualidade. Utilizamos materiais robustos e engenharia de precis\u00e3o para garantir que os nossos cadeados s\u00e3o duradouros e fi\u00e1veis. Quer esteja a proteger uma pequena mala de acess\u00f3rios ou uma grande mala de equipamento, os nossos cadeados s\u00e3o constru\u00eddos para resistir aos rigores das viagens e da utiliza\u00e7\u00e3o frequente.<\/p>\n<h3>F\u00e1cil instala\u00e7\u00e3o e utiliza\u00e7\u00e3o<\/h3>\n<p>Os fechos para malas de transporte SX foram concebidos para uma instala\u00e7\u00e3o e utiliza\u00e7\u00e3o f\u00e1ceis. Podem ser rapidamente instalados em qualquer mala de transporte, proporcionando um mecanismo de bloqueio seguro que \u00e9 simultaneamente forte e f\u00e1cil de utilizar. Com um funcionamento simples e uma constru\u00e7\u00e3o robusta, estes fechos oferecem uma solu\u00e7\u00e3o sem complica\u00e7\u00f5es para proteger o seu equipamento.<\/p>\n<h3>Op\u00e7\u00f5es de personaliza\u00e7\u00e3o dispon\u00edveis<\/h3>\n<p>Compreendendo que cada mala pode ter requisitos \u00fanicos, a SX oferece op\u00e7\u00f5es de personaliza\u00e7\u00e3o para os nossos cadeados para malas de viagem. Fornecemos v\u00e1rios estilos e acabamentos de fechaduras para satisfazer as suas necessidades espec\u00edficas, garantindo que a sua mala de viagem n\u00e3o s\u00f3 funciona de forma segura, como tamb\u00e9m tem um aspeto profissional. A nossa equipa est\u00e1 aqui para o ajudar a selecionar o melhor cadeado para a sua mala.<\/p>\n<h3>Solu\u00e7\u00e3o de seguran\u00e7a econ\u00f3mica<\/h3>\n<p>Escolher a SX Flight Case Locks significa optar por uma solu\u00e7\u00e3o de seguran\u00e7a econ\u00f3mica. O nosso modelo direto da f\u00e1brica garante que recebe fechaduras de alta qualidade a alguns dos pre\u00e7os mais baixos do mercado. Estamos empenhados em fornecer seguran\u00e7a a pre\u00e7os acess\u00edveis sem comprometer a durabilidade e a fiabilidade dos nossos produtos.<\/p>\n<h3>Aplica\u00e7\u00e3o vers\u00e1til<\/h3>\n<p>Os fechos para malas de transporte SX s\u00e3o vers\u00e1teis, o que os torna adequados para uma vasta gama de aplica\u00e7\u00f5es. Quer esteja a transportar instrumentos musicais, equipamento eletr\u00f3nico ou ferramentas delicadas, os nossos cadeados proporcionam a seguran\u00e7a de que necessita. S\u00e3o perfeitos para profissionais da ind\u00fastria musical, eventos e qualquer \u00e1rea em que o transporte seguro de equipamento seja essencial.<\/p>\n<h3>Porqu\u00ea escolher a SX?<\/h3>\n<p>Com a SX, est\u00e1 a escolher uma marca que d\u00e1 prioridade \u00e0 qualidade, \u00e0 acessibilidade e \u00e0 satisfa\u00e7\u00e3o do cliente. Os nossos cadeados para malas de viagem s\u00e3o concebidos para proporcionar uma seguran\u00e7a fi\u00e1vel, com as vantagens adicionais de pre\u00e7os diretos de f\u00e1brica e op\u00e7\u00f5es de personaliza\u00e7\u00e3o. A SX \u00e9 o seu parceiro de confian\u00e7a para todas as necessidades de seguran\u00e7a das suas malas de viagem.<\/p>\n<h3>Contacte-nos para obter mais informa\u00e7\u00f5es<\/h3>\n<p>Pronto para aumentar a seguran\u00e7a das suas malas de viagem? Contacte a SX hoje mesmo para saber mais sobre a nossa gama de fechaduras para malas de transporte. A nossa equipa experiente est\u00e1 pronta para o ajudar a escolher as melhores fechaduras para as suas necessidades, garantindo que o seu equipamento est\u00e1 sempre protegido. Confie na SX para obter solu\u00e7\u00f5es de bloqueio fi\u00e1veis, econ\u00f3micas e de alta qualidade.<\/p>\n<p>Contactar agora:<span style=\"color: #0000ff;\"><a style=\"color: #0000ff;\" href=\"https:\/\/sxpowercase.com\/contact-us\/\">https:\/\/sxpowercase.com\/<\/a><\/span><\/p>\n<p>Cat\u00e1logo de produtos de hardware\uff1a<span style=\"color: #3366ff;\"><a style=\"color: #3366ff;\" href=\"https:\/\/sxpowercase.com\/wp-content\/uploads\/2024\/07\/\u4e94\u91d1.pdf\">Cat\u00e1logo de acess\u00f3rios de ferragens<\/a><\/span><\/p>","protected":false},"excerpt":{"rendered":"<div class=\"flex-shrink-0 flex flex-col relative items-end\">\n<div>\n<div class=\"pt-0\">\n<div class=\"gizmo-bot-avatar flex h-8 w-8 items-center justify-center overflow-hidden rounded-full\">\n<div class=\"relative p-1 rounded-sm flex items-center justify-center bg-token-main-surface-primary text-token-text-primary h-8 w-8\"><\/div>\n<\/div>\n<\/div>\n<\/div>\n<\/div>\n<div class=\"group\/conversation-turn relative flex w-full min-w-0 flex-col agent-turn\">\n<div class=\"flex-col gap-1 md:gap-3\">\n<div class=\"flex flex-grow flex-col max-w-full\">\n<div class=\"min-h-[20px] text-message flex w-full flex-col items-end gap-2 whitespace-pre-wrap break-words [.text-message+&amp;]:mt-5 overflow-x-auto\" dir=\"auto\" data-message-author-role=\"assistant\" data-message-id=\"f2bd0781-0ac1-40b4-8361-25f7ecc8518d\">\n<div class=\"flex w-full flex-col gap-1 empty:hidden first:pt-[3px]\">\n<div class=\"markdown prose w-full break-words dark:prose-invert light\">\n<h3>Ultimate Security with SX Flight Case Locks<\/h3>\n<p>Protect your valuable equipment with SX Flight Case Locks, designed to prevent unauthorised access. Our locks ensure peace of mind during transport with robust and reliable security.<\/p>\n<h3>Affordable, High-Quality Locks<\/h3>\n<p>Enjoy top-quality SX Flight Case Locks at competitive prices through factory-direct sales. We provide exceptional value without compromising on quality, passing savings directly to you.<\/p>\n<h3>Easy Installation and Customisation<\/h3>\n<p>SX Flight Case Locks are easy to install and offer customisation options to fit your specific needs. Secure your equipment effortlessly with strong, user-friendly locks that look professional.<\/p>\n<\/div>\n<\/div>\n<\/div>\n<\/div>\n<\/div>\n<\/div>\n","protected":false},"featured_media":3780,"comment_status":"open","ping_status":"closed","template":"","meta":[],"product_brand":[],"product_cat":[61],"product_tag":[],"class_list":{"0":"post-3885","1":"product","2":"type-product","3":"status-publish","4":"has-post-thumbnail","6":"product_cat-catchother-locks","8":"first","9":"instock","10":"shipping-taxable","11":"product-type-simple"},"yoast_head":"<!-- This site is optimized with the Yoast SEO Premium plugin v27.1 (Yoast SEO v27.2) - https:\/\/yoast.com\/product\/yoast-seo-premium-wordpress\/ -->\n<title>Flight Case Locks LOA207 - https:\/\/sxflightcase.com \ud83d\udc97<\/title>\n<meta name=\"description\" content=\"Flight case locks, factory direct! High-quality, secure locking solutions for protecting your equipment during transport. Ideal for professionals and industry use.\" \/>\n<meta name=\"robots\" content=\"index, follow, max-snippet:-1, max-image-preview:large, max-video-preview:-1\" \/>\n<link rel=\"canonical\" href=\"https:\/\/sxflightcase.com\/pt\/\u0e1c\u0e25\u0e34\u0e15\u0e20\u0e31\u0e13\u0e11\u0e4c\/flight-case-locks-loa207\/\" \/>\n<meta property=\"og:locale\" content=\"pt_PT\" \/>\n<meta property=\"og:type\" content=\"article\" \/>\n<meta property=\"og:title\" content=\"Flight Case Locks LOA207\" \/>\n<meta property=\"og:description\" content=\"Flight case locks, factory direct! High-quality, secure locking solutions for protecting your equipment during transport. Ideal for professionals and industry use.\" \/>\n<meta property=\"og:url\" content=\"https:\/\/sxflightcase.com\/pt\/\u0e1c\u0e25\u0e34\u0e15\u0e20\u0e31\u0e13\u0e11\u0e4c\/flight-case-locks-loa207\/\" \/>\n<meta property=\"og:site_name\" content=\"https:\/\/sxflightcase.com\" \/>\n<meta property=\"article:publisher\" content=\"https:\/\/www.facebook.com\/profile.php?id=61560407257971\" \/>\n<meta property=\"og:image\" content=\"https:\/\/sxflightcase.com\/wp-content\/uploads\/2024\/07\/LOA207.jpg\" \/>\n\t<meta property=\"og:image:width\" content=\"520\" \/>\n\t<meta property=\"og:image:height\" content=\"410\" \/>\n\t<meta property=\"og:image:type\" content=\"image\/jpeg\" \/>\n<meta name=\"twitter:card\" content=\"summary_large_image\" \/>\n<meta name=\"twitter:label1\" content=\"Tempo estimado de leitura\" \/>\n\t<meta name=\"twitter:data1\" content=\"3 minutos\" \/>\n<script type=\"application\/ld+json\" class=\"yoast-schema-graph\">{\"@context\":\"https:\/\/schema.org\",\"@graph\":[{\"@type\":\"WebPage\",\"@id\":\"https:\/\/sxflightcase.com\/th\/\u0e1c\u0e25\u0e34\u0e15\u0e20\u0e31\u0e13\u0e11\u0e4c\/flight-case-locks-loa207\/\",\"url\":\"https:\/\/sxflightcase.com\/th\/\u0e1c\u0e25\u0e34\u0e15\u0e20\u0e31\u0e13\u0e11\u0e4c\/flight-case-locks-loa207\/\",\"name\":\"Flight Case Locks LOA207 - https:\/\/sxflightcase.com \ud83d\udc97\",\"isPartOf\":{\"@id\":\"https:\/\/sxflightcase.com\/th\/#website\"},\"primaryImageOfPage\":{\"@id\":\"https:\/\/sxflightcase.com\/th\/\u0e1c\u0e25\u0e34\u0e15\u0e20\u0e31\u0e13\u0e11\u0e4c\/flight-case-locks-loa207\/#primaryimage\"},\"image\":{\"@id\":\"https:\/\/sxflightcase.com\/th\/\u0e1c\u0e25\u0e34\u0e15\u0e20\u0e31\u0e13\u0e11\u0e4c\/flight-case-locks-loa207\/#primaryimage\"},\"thumbnailUrl\":\"https:\/\/sxflightcase.com\/wp-content\/uploads\/2024\/07\/LOA207.jpg\",\"datePublished\":\"2024-07-30T08:05:49+00:00\",\"description\":\"Flight case locks, factory direct! High-quality, secure locking solutions for protecting your equipment during transport. Ideal for professionals and industry use.\",\"breadcrumb\":{\"@id\":\"https:\/\/sxflightcase.com\/th\/\u0e1c\u0e25\u0e34\u0e15\u0e20\u0e31\u0e13\u0e11\u0e4c\/flight-case-locks-loa207\/#breadcrumb\"},\"inLanguage\":\"pt-PT\",\"potentialAction\":[{\"@type\":\"ReadAction\",\"target\":[\"https:\/\/sxflightcase.com\/th\/\u0e1c\u0e25\u0e34\u0e15\u0e20\u0e31\u0e13\u0e11\u0e4c\/flight-case-locks-loa207\/\"]}]},{\"@type\":\"ImageObject\",\"inLanguage\":\"pt-PT\",\"@id\":\"https:\/\/sxflightcase.com\/th\/\u0e1c\u0e25\u0e34\u0e15\u0e20\u0e31\u0e13\u0e11\u0e4c\/flight-case-locks-loa207\/#primaryimage\",\"url\":\"https:\/\/sxflightcase.com\/wp-content\/uploads\/2024\/07\/LOA207.jpg\",\"contentUrl\":\"https:\/\/sxflightcase.com\/wp-content\/uploads\/2024\/07\/LOA207.jpg\",\"width\":520,\"height\":410,\"caption\":\"Flight Case Locks\"},{\"@type\":\"BreadcrumbList\",\"@id\":\"https:\/\/sxflightcase.com\/th\/\u0e1c\u0e25\u0e34\u0e15\u0e20\u0e31\u0e13\u0e11\u0e4c\/flight-case-locks-loa207\/#breadcrumb\",\"itemListElement\":[{\"@type\":\"ListItem\",\"position\":1,\"name\":\"Home\",\"item\":\"https:\/\/sxflightcase.com\/\"},{\"@type\":\"ListItem\",\"position\":2,\"name\":\"\u0e2a\u0e34\u0e19\u0e04\u0e49\u0e32\",\"item\":\"https:\/\/sxflightcase.com\/th\/shop\/\"},{\"@type\":\"ListItem\",\"position\":3,\"name\":\"Flight Case Locks LOA207\"}]},{\"@type\":\"WebSite\",\"@id\":\"https:\/\/sxflightcase.com\/th\/#website\",\"url\":\"https:\/\/sxflightcase.com\/th\/\",\"name\":\"sxpowercase.com\",\"description\":\"Flight Case Factory\",\"publisher\":{\"@id\":\"https:\/\/sxflightcase.com\/th\/#organization\"},\"potentialAction\":[{\"@type\":\"SearchAction\",\"target\":{\"@type\":\"EntryPoint\",\"urlTemplate\":\"https:\/\/sxflightcase.com\/th\/?s={search_term_string}\"},\"query-input\":{\"@type\":\"PropertyValueSpecification\",\"valueRequired\":true,\"valueName\":\"search_term_string\"}}],\"inLanguage\":\"pt-PT\"},{\"@type\":\"Organization\",\"@id\":\"https:\/\/sxflightcase.com\/th\/#organization\",\"name\":\"sxpowercase.com\",\"url\":\"https:\/\/sxflightcase.com\/th\/\",\"logo\":{\"@type\":\"ImageObject\",\"inLanguage\":\"pt-PT\",\"@id\":\"https:\/\/sxflightcase.com\/th\/#\/schema\/logo\/image\/\",\"url\":\"https:\/\/sxflightcase.com\/wp-content\/uploads\/2024\/04\/1713919036007.jpg\",\"contentUrl\":\"https:\/\/sxflightcase.com\/wp-content\/uploads\/2024\/04\/1713919036007.jpg\",\"width\":382,\"height\":388,\"caption\":\"sxpowercase.com\"},\"image\":{\"@id\":\"https:\/\/sxflightcase.com\/th\/#\/schema\/logo\/image\/\"},\"sameAs\":[\"https:\/\/www.facebook.com\/profile.php?id=61560407257971\"],\"numberOfEmployees\":{\"@type\":\"QuantitativeValue\",\"minValue\":\"11\",\"maxValue\":\"50\"}}]}<\/script>\n<!-- \/ Yoast SEO Premium plugin. -->","yoast_head_json":{"title":"Flight Case Locks LOA207 - https:\/\/sxflightcase.com \ud83d\udc97","description":"Fechaduras para malas de transporte, diretas da f\u00e1brica! Solu\u00e7\u00f5es de bloqueio seguras e de alta qualidade para proteger o seu equipamento durante o transporte. Ideal para uso profissional e industrial.","robots":{"index":"index","follow":"follow","max-snippet":"max-snippet:-1","max-image-preview":"max-image-preview:large","max-video-preview":"max-video-preview:-1"},"canonical":"https:\/\/sxflightcase.com\/pt\/\u0e1c\u0e25\u0e34\u0e15\u0e20\u0e31\u0e13\u0e11\u0e4c\/flight-case-locks-loa207\/","og_locale":"pt_PT","og_type":"article","og_title":"Flight Case Locks LOA207","og_description":"Flight case locks, factory direct! High-quality, secure locking solutions for protecting your equipment during transport. Ideal for professionals and industry use.","og_url":"https:\/\/sxflightcase.com\/pt\/\u0e1c\u0e25\u0e34\u0e15\u0e20\u0e31\u0e13\u0e11\u0e4c\/flight-case-locks-loa207\/","og_site_name":"https:\/\/sxflightcase.com","article_publisher":"https:\/\/www.facebook.com\/profile.php?id=61560407257971","og_image":[{"width":520,"height":410,"url":"https:\/\/sxflightcase.com\/wp-content\/uploads\/2024\/07\/LOA207.jpg","type":"image\/jpeg"}],"twitter_card":"summary_large_image","twitter_misc":{"Tempo estimado de leitura":"3 minutos"},"schema":{"@context":"https:\/\/schema.org","@graph":[{"@type":"WebPage","@id":"https:\/\/sxflightcase.com\/th\/\u0e1c\u0e25\u0e34\u0e15\u0e20\u0e31\u0e13\u0e11\u0e4c\/flight-case-locks-loa207\/","url":"https:\/\/sxflightcase.com\/th\/\u0e1c\u0e25\u0e34\u0e15\u0e20\u0e31\u0e13\u0e11\u0e4c\/flight-case-locks-loa207\/","name":"Flight Case Locks LOA207 - https:\/\/sxflightcase.com \ud83d\udc97","isPartOf":{"@id":"https:\/\/sxflightcase.com\/th\/#website"},"primaryImageOfPage":{"@id":"https:\/\/sxflightcase.com\/th\/\u0e1c\u0e25\u0e34\u0e15\u0e20\u0e31\u0e13\u0e11\u0e4c\/flight-case-locks-loa207\/#primaryimage"},"image":{"@id":"https:\/\/sxflightcase.com\/th\/\u0e1c\u0e25\u0e34\u0e15\u0e20\u0e31\u0e13\u0e11\u0e4c\/flight-case-locks-loa207\/#primaryimage"},"thumbnailUrl":"https:\/\/sxflightcase.com\/wp-content\/uploads\/2024\/07\/LOA207.jpg","datePublished":"2024-07-30T08:05:49+00:00","description":"Fechaduras para malas de transporte, diretas da f\u00e1brica! Solu\u00e7\u00f5es de bloqueio seguras e de alta qualidade para proteger o seu equipamento durante o transporte. Ideal para uso profissional e industrial.","breadcrumb":{"@id":"https:\/\/sxflightcase.com\/th\/\u0e1c\u0e25\u0e34\u0e15\u0e20\u0e31\u0e13\u0e11\u0e4c\/flight-case-locks-loa207\/#breadcrumb"},"inLanguage":"pt-PT","potentialAction":[{"@type":"ReadAction","target":["https:\/\/sxflightcase.com\/th\/\u0e1c\u0e25\u0e34\u0e15\u0e20\u0e31\u0e13\u0e11\u0e4c\/flight-case-locks-loa207\/"]}]},{"@type":"ImageObject","inLanguage":"pt-PT","@id":"https:\/\/sxflightcase.com\/th\/\u0e1c\u0e25\u0e34\u0e15\u0e20\u0e31\u0e13\u0e11\u0e4c\/flight-case-locks-loa207\/#primaryimage","url":"https:\/\/sxflightcase.com\/wp-content\/uploads\/2024\/07\/LOA207.jpg","contentUrl":"https:\/\/sxflightcase.com\/wp-content\/uploads\/2024\/07\/LOA207.jpg","width":520,"height":410,"caption":"Flight Case Locks"},{"@type":"BreadcrumbList","@id":"https:\/\/sxflightcase.com\/th\/\u0e1c\u0e25\u0e34\u0e15\u0e20\u0e31\u0e13\u0e11\u0e4c\/flight-case-locks-loa207\/#breadcrumb","itemListElement":[{"@type":"ListItem","position":1,"name":"Home","item":"https:\/\/sxflightcase.com\/"},{"@type":"ListItem","position":2,"name":"\u0e2a\u0e34\u0e19\u0e04\u0e49\u0e32","item":"https:\/\/sxflightcase.com\/th\/shop\/"},{"@type":"ListItem","position":3,"name":"Flight Case Locks LOA207"}]},{"@type":"WebSite","@id":"https:\/\/sxflightcase.com\/th\/#website","url":"https:\/\/sxflightcase.com\/th\/","name":"sxpowercase.com","description":"F\u00e1brica de malas de voo","publisher":{"@id":"https:\/\/sxflightcase.com\/th\/#organization"},"potentialAction":[{"@type":"SearchAction","target":{"@type":"EntryPoint","urlTemplate":"https:\/\/sxflightcase.com\/th\/?s={search_term_string}"},"query-input":{"@type":"PropertyValueSpecification","valueRequired":true,"valueName":"search_term_string"}}],"inLanguage":"pt-PT"},{"@type":"Organization","@id":"https:\/\/sxflightcase.com\/th\/#organization","name":"sxpowercase.com","url":"https:\/\/sxflightcase.com\/th\/","logo":{"@type":"ImageObject","inLanguage":"pt-PT","@id":"https:\/\/sxflightcase.com\/th\/#\/schema\/logo\/image\/","url":"https:\/\/sxflightcase.com\/wp-content\/uploads\/2024\/04\/1713919036007.jpg","contentUrl":"https:\/\/sxflightcase.com\/wp-content\/uploads\/2024\/04\/1713919036007.jpg","width":382,"height":388,"caption":"sxpowercase.com"},"image":{"@id":"https:\/\/sxflightcase.com\/th\/#\/schema\/logo\/image\/"},"sameAs":["https:\/\/www.facebook.com\/profile.php?id=61560407257971"],"numberOfEmployees":{"@type":"QuantitativeValue","minValue":"11","maxValue":"50"}}]}},"_links":{"self":[{"href":"https:\/\/sxflightcase.com\/pt\/wp-json\/wp\/v2\/product\/3885","targetHints":{"allow":["GET"]}}],"collection":[{"href":"https:\/\/sxflightcase.com\/pt\/wp-json\/wp\/v2\/product"}],"about":[{"href":"https:\/\/sxflightcase.com\/pt\/wp-json\/wp\/v2\/types\/product"}],"replies":[{"embeddable":true,"href":"https:\/\/sxflightcase.com\/pt\/wp-json\/wp\/v2\/comments?post=3885"}],"version-history":[{"count":0,"href":"https:\/\/sxflightcase.com\/pt\/wp-json\/wp\/v2\/product\/3885\/revisions"}],"wp:featuredmedia":[{"embeddable":true,"href":"https:\/\/sxflightcase.com\/pt\/wp-json\/wp\/v2\/media\/3780"}],"wp:attachment":[{"href":"https:\/\/sxflightcase.com\/pt\/wp-json\/wp\/v2\/media?parent=3885"}],"wp:term":[{"taxonomy":"product_brand","embeddable":true,"href":"https:\/\/sxflightcase.com\/pt\/wp-json\/wp\/v2\/product_brand?post=3885"},{"taxonomy":"product_cat","embeddable":true,"href":"https:\/\/sxflightcase.com\/pt\/wp-json\/wp\/v2\/product_cat?post=3885"},{"taxonomy":"product_tag","embeddable":true,"href":"https:\/\/sxflightcase.com\/pt\/wp-json\/wp\/v2\/product_tag?post=3885"}],"curies":[{"name":"wp","href":"https:\/\/api.w.org\/{rel}","templated":true}]}}