{"id":3899,"date":"2024-07-31T08:39:57","date_gmt":"2024-07-31T07:39:57","guid":{"rendered":"https:\/\/sxpowercase.com\/?post_type=product&#038;p=3899"},"modified":"2024-07-31T08:39:58","modified_gmt":"2024-07-31T07:39:58","slug":"recessed-latch-loa211","status":"publish","type":"product","link":"https:\/\/sxflightcase.com\/pt\/produto\/trinco-de-encastrar-loa211\/","title":{"rendered":"Trinco embutido LOA211"},"content":{"rendered":"<h2>Proteja o seu equipamento com o trinco SX Recessed<\/h2>\n<h3>Solu\u00e7\u00f5es de travamento de alta qualidade<\/h3>\n<p>Quando se trata de proteger o seu valioso equipamento, um fecho fi\u00e1vel \u00e9 essencial. A SX oferece os melhores <strong>Trinco embutido<\/strong>\u00a0concebidos para proporcionar fechos seguros e c\u00f3modos para malas e caixas. Os nossos fechos s\u00e3o ideais para uma variedade de aplica\u00e7\u00f5es, garantindo que o seu equipamento se mant\u00e9m seguro e protegido em qualquer altura.<\/p>\n<h3>Vendas diretas da f\u00e1brica para um valor imbat\u00edvel<\/h3>\n<p>Em <a href=\"https:\/\/sxpowercase.com\/\" target=\"_blank\" rel=\"noopener\" title=\"SX\" data-wpil-monitor-id=\"612\">SX<\/a>A nossa empresa, a Firma, acredita em fornecer produtos de alta qualidade a pre\u00e7os baixos. Ao oferecer vendas diretas da f\u00e1brica, eliminamos as margens desnecess\u00e1rias, passando as poupan\u00e7as diretamente para os nossos clientes. Os nossos <strong>Fechos embutidos<\/strong> n\u00e3o s\u00e3o apenas acess\u00edveis, mas tamb\u00e9m fabricados com precis\u00e3o para cumprir normas de qualidade rigorosas. Obt\u00e9m o melhor de dois mundos: qualidade de topo a um pre\u00e7o competitivo.<\/p>\n<h3>Durabilidade em que pode confiar<\/h3>\n<p>Constru\u00eddos para durar, os fechos de encastrar SX s\u00e3o fabricados com materiais duradouros que suportam os rigores da utiliza\u00e7\u00e3o frequente. Quer esteja a proteger malas de estrada, caixas de ferramentas ou malas de voo, os nossos fechos proporcionam um mecanismo de bloqueio fi\u00e1vel em que pode confiar. Damos prioridade \u00e0 garantia de qualidade, assegurando que cada fecho cumpre os nossos rigorosos padr\u00f5es antes de chegar \u00e0s suas m\u00e3os.<\/p>\n<h3>Rent\u00e1vel e personaliz\u00e1vel<\/h3>\n<p>Na SX, compreendemos que projectos diferentes exigem solu\u00e7\u00f5es diferentes. \u00c9 por isso que oferecemos op\u00e7\u00f5es de personaliza\u00e7\u00e3o para os nossos <strong>Fechos embutidos<\/strong>. Quer necessite de um tamanho, acabamento ou design espec\u00edfico, podemos adaptar os nossos produtos \u00e0s suas necessidades. Apesar de oferecermos personaliza\u00e7\u00e3o, mantemos pre\u00e7os baixos, tornando os nossos fechos uma escolha econ\u00f3mica para qualquer or\u00e7amento.<\/p>\n<h3>Versatilidade e facilidade de utiliza\u00e7\u00e3o<\/h3>\n<p>SX <strong>Fechos embutidos<\/strong> foram concebidos para serem vers\u00e1teis e f\u00e1ceis de utilizar. O seu design rebaixado assegura um perfil suave, impedindo que se prendam e danifiquem durante o transporte. Isto torna-os perfeitos para equipamento \u00e1udio, visual e de palco profissional, bem como para outros equipamentos sens\u00edveis. O design de f\u00e1cil utiliza\u00e7\u00e3o tamb\u00e9m garante uma instala\u00e7\u00e3o r\u00e1pida e f\u00e1cil, poupando-lhe tempo e esfor\u00e7o.<\/p>\n<h3>Porqu\u00ea escolher a SX?<\/h3>\n<p>Escolher a SX significa escolher qualidade, acessibilidade e fiabilidade. O nosso modelo direto da f\u00e1brica garante-lhe os melhores produtos aos melhores pre\u00e7os, sem comprometer a qualidade. Defendemos os nossos produtos, oferecendo solu\u00e7\u00f5es duradouras e personaliz\u00e1veis que satisfazem as suas necessidades espec\u00edficas. Quer esteja a equipar uma mala de voo personalizada ou a proteger uma caixa de ferramentas, a SX <strong>Fechos embutidos<\/strong> proporcionam o desempenho fi\u00e1vel de que necessita.<\/p>\n<h3>Contacte-nos hoje<\/h3>\n<p>Proteja o seu equipamento com confian\u00e7a utilizando o SX <strong>Fechos embutidos<\/strong>. Os nossos fechos oferecem uma solu\u00e7\u00e3o segura e de baixo perfil que combina durabilidade com acessibilidade. Contacte-nos hoje para saber mais sobre a nossa gama de solu\u00e7\u00f5es de fecho e como podemos personaliz\u00e1-las de acordo com as suas necessidades. Com a SX, obt\u00e9m produtos de qualidade diretamente da f\u00e1brica, assegurando-lhe a melhor rela\u00e7\u00e3o qualidade\/pre\u00e7o. Confie na SX para todas as suas necessidades de fecho e experimente a diferen\u00e7a em termos de qualidade e servi\u00e7o.<\/p>\n<p>Contactar agora:<span style=\"color: #0000ff;\"><a style=\"color: #0000ff;\" href=\"https:\/\/sxpowercase.com\/contact-us\/\">https:\/\/sxpowercase.com\/<\/a><\/span><\/p>\n<p>Cat\u00e1logo de produtos de hardware\uff1a<span style=\"color: #3366ff;\"><a style=\"color: #3366ff;\" href=\"https:\/\/sxpowercase.com\/wp-content\/uploads\/2024\/07\/\u4e94\u91d1.pdf\">Cat\u00e1logo de acess\u00f3rios de ferragens<\/a><\/span><\/p>","protected":false},"excerpt":{"rendered":"<div class=\"flex-shrink-0 flex flex-col relative items-end\">\n<div>\n<div class=\"pt-0\">\n<div class=\"gizmo-bot-avatar flex h-8 w-8 items-center justify-center overflow-hidden rounded-full\">\n<div class=\"relative p-1 rounded-sm flex items-center justify-center bg-token-main-surface-primary text-token-text-primary h-8 w-8\"><\/div>\n<\/div>\n<\/div>\n<\/div>\n<\/div>\n<div class=\"group\/conversation-turn relative flex w-full min-w-0 flex-col agent-turn\">\n<div class=\"flex-col gap-1 md:gap-3\">\n<div class=\"flex flex-grow flex-col max-w-full\">\n<div class=\"min-h-[20px] text-message flex w-full flex-col items-end gap-2 whitespace-pre-wrap break-words [.text-message+&amp;]:mt-5 overflow-x-auto\" dir=\"auto\" data-message-author-role=\"assistant\" data-message-id=\"1ab61275-2362-43eb-9fce-bafb1f1b29ea\">\n<div class=\"flex w-full flex-col gap-1 empty:hidden first:pt-[3px]\">\n<div class=\"markdown prose w-full break-words dark:prose-invert light\">\n<h3>Secure Your Gear with SX Recessed Latches<\/h3>\n<p>Protect your equipment with SX&#8217;s high-quality Recessed Latches, providing secure and convenient closures for various cases and enclosures.<\/p>\n<h3>Unbeatable Value with Factory Direct Sales<\/h3>\n<p>SX offers Recessed Latches at competitive prices through factory direct sales. Enjoy top-notch quality without the high cost.<\/p>\n<h3>Durable, Customisable, and Easy to Use<\/h3>\n<p>SX Recessed Latches are durable and versatile, with customisation options to fit your specific needs. Their recessed design ensures a smooth profile, perfect for professional equipment.<\/p>\n<\/div>\n<\/div>\n<\/div>\n<\/div>\n<div class=\"mt-1 flex gap-3 empty:hidden -ml-2\">\n<div class=\"items-center justify-start rounded-xl p-1 flex\">\n<div class=\"flex items-center\"><\/div>\n<\/div>\n<\/div>\n<\/div>\n<\/div>\n","protected":false},"featured_media":3784,"comment_status":"open","ping_status":"closed","template":"","meta":[],"product_brand":[],"product_cat":[61],"product_tag":[],"class_list":{"0":"post-3899","1":"product","2":"type-product","3":"status-publish","4":"has-post-thumbnail","6":"product_cat-catchother-locks","8":"first","9":"instock","10":"shipping-taxable","11":"product-type-simple"},"yoast_head":"<!-- This site is optimized with the Yoast SEO Premium plugin v27.1 (Yoast SEO v27.2) - https:\/\/yoast.com\/product\/yoast-seo-premium-wordpress\/ -->\n<title>Recessed Latch LOA211 - https:\/\/sxflightcase.com \ud83d\udc97<\/title>\n<meta name=\"description\" content=\"Recessed latch, factory direct! High-quality, secure latching solutions for flight cases and equipment. Ideal for a flush, protected fit in professional and industrial settings.\" \/>\n<meta name=\"robots\" content=\"index, follow, max-snippet:-1, max-image-preview:large, max-video-preview:-1\" \/>\n<link rel=\"canonical\" href=\"https:\/\/sxflightcase.com\/pt\/product\/verzonken-dagschoot-loa211-2\/\" \/>\n<meta property=\"og:locale\" content=\"pt_PT\" \/>\n<meta property=\"og:type\" content=\"article\" \/>\n<meta property=\"og:title\" content=\"Recessed Latch LOA211\" \/>\n<meta property=\"og:description\" content=\"Recessed latch, factory direct! High-quality, secure latching solutions for flight cases and equipment. Ideal for a flush, protected fit in professional and industrial settings.\" \/>\n<meta property=\"og:url\" content=\"https:\/\/sxflightcase.com\/pt\/product\/verzonken-dagschoot-loa211-2\/\" \/>\n<meta property=\"og:site_name\" content=\"https:\/\/sxflightcase.com\" \/>\n<meta property=\"article:publisher\" content=\"https:\/\/www.facebook.com\/profile.php?id=61560407257971\" \/>\n<meta property=\"article:modified_time\" content=\"2024-07-31T07:39:58+00:00\" \/>\n<meta property=\"og:image\" content=\"https:\/\/sxflightcase.com\/wp-content\/uploads\/2024\/07\/LOA211.jpg\" \/>\n\t<meta property=\"og:image:width\" content=\"650\" \/>\n\t<meta property=\"og:image:height\" content=\"565\" \/>\n\t<meta property=\"og:image:type\" content=\"image\/jpeg\" \/>\n<meta name=\"twitter:card\" content=\"summary_large_image\" \/>\n<meta name=\"twitter:label1\" content=\"Tempo estimado de leitura\" \/>\n\t<meta name=\"twitter:data1\" content=\"3 minutos\" \/>\n<script type=\"application\/ld+json\" class=\"yoast-schema-graph\">{\"@context\":\"https:\/\/schema.org\",\"@graph\":[{\"@type\":\"WebPage\",\"@id\":\"https:\/\/sxflightcase.com\/nl\/product\/verzonken-dagschoot-loa211-2\/\",\"url\":\"https:\/\/sxflightcase.com\/nl\/product\/verzonken-dagschoot-loa211-2\/\",\"name\":\"Recessed Latch LOA211 - https:\/\/sxflightcase.com \ud83d\udc97\",\"isPartOf\":{\"@id\":\"https:\/\/sxflightcase.com\/th\/#website\"},\"primaryImageOfPage\":{\"@id\":\"https:\/\/sxflightcase.com\/nl\/product\/verzonken-dagschoot-loa211-2\/#primaryimage\"},\"image\":{\"@id\":\"https:\/\/sxflightcase.com\/nl\/product\/verzonken-dagschoot-loa211-2\/#primaryimage\"},\"thumbnailUrl\":\"https:\/\/sxflightcase.com\/wp-content\/uploads\/2024\/07\/LOA211.jpg\",\"datePublished\":\"2024-07-31T07:39:57+00:00\",\"dateModified\":\"2024-07-31T07:39:58+00:00\",\"description\":\"Recessed latch, factory direct! High-quality, secure latching solutions for flight cases and equipment. Ideal for a flush, protected fit in professional and industrial settings.\",\"breadcrumb\":{\"@id\":\"https:\/\/sxflightcase.com\/nl\/product\/verzonken-dagschoot-loa211-2\/#breadcrumb\"},\"inLanguage\":\"pt-PT\",\"potentialAction\":[{\"@type\":\"ReadAction\",\"target\":[\"https:\/\/sxflightcase.com\/nl\/product\/verzonken-dagschoot-loa211-2\/\"]}]},{\"@type\":\"ImageObject\",\"inLanguage\":\"pt-PT\",\"@id\":\"https:\/\/sxflightcase.com\/nl\/product\/verzonken-dagschoot-loa211-2\/#primaryimage\",\"url\":\"https:\/\/sxflightcase.com\/wp-content\/uploads\/2024\/07\/LOA211.jpg\",\"contentUrl\":\"https:\/\/sxflightcase.com\/wp-content\/uploads\/2024\/07\/LOA211.jpg\",\"width\":650,\"height\":565,\"caption\":\"Recessed Latch\"},{\"@type\":\"BreadcrumbList\",\"@id\":\"https:\/\/sxflightcase.com\/nl\/product\/verzonken-dagschoot-loa211-2\/#breadcrumb\",\"itemListElement\":[{\"@type\":\"ListItem\",\"position\":1,\"name\":\"Home\",\"item\":\"https:\/\/sxflightcase.com\/\"},{\"@type\":\"ListItem\",\"position\":2,\"name\":\"\u0e2a\u0e34\u0e19\u0e04\u0e49\u0e32\",\"item\":\"https:\/\/sxflightcase.com\/th\/shop\/\"},{\"@type\":\"ListItem\",\"position\":3,\"name\":\"Recessed Latch LOA211\"}]},{\"@type\":\"WebSite\",\"@id\":\"https:\/\/sxflightcase.com\/th\/#website\",\"url\":\"https:\/\/sxflightcase.com\/th\/\",\"name\":\"sxpowercase.com\",\"description\":\"Flight Case Factory\",\"publisher\":{\"@id\":\"https:\/\/sxflightcase.com\/th\/#organization\"},\"potentialAction\":[{\"@type\":\"SearchAction\",\"target\":{\"@type\":\"EntryPoint\",\"urlTemplate\":\"https:\/\/sxflightcase.com\/th\/?s={search_term_string}\"},\"query-input\":{\"@type\":\"PropertyValueSpecification\",\"valueRequired\":true,\"valueName\":\"search_term_string\"}}],\"inLanguage\":\"pt-PT\"},{\"@type\":\"Organization\",\"@id\":\"https:\/\/sxflightcase.com\/th\/#organization\",\"name\":\"sxpowercase.com\",\"url\":\"https:\/\/sxflightcase.com\/th\/\",\"logo\":{\"@type\":\"ImageObject\",\"inLanguage\":\"pt-PT\",\"@id\":\"https:\/\/sxflightcase.com\/th\/#\/schema\/logo\/image\/\",\"url\":\"https:\/\/sxflightcase.com\/wp-content\/uploads\/2024\/04\/1713919036007.jpg\",\"contentUrl\":\"https:\/\/sxflightcase.com\/wp-content\/uploads\/2024\/04\/1713919036007.jpg\",\"width\":382,\"height\":388,\"caption\":\"sxpowercase.com\"},\"image\":{\"@id\":\"https:\/\/sxflightcase.com\/th\/#\/schema\/logo\/image\/\"},\"sameAs\":[\"https:\/\/www.facebook.com\/profile.php?id=61560407257971\"],\"numberOfEmployees\":{\"@type\":\"QuantitativeValue\",\"minValue\":\"11\",\"maxValue\":\"50\"}}]}<\/script>\n<!-- \/ Yoast SEO Premium plugin. -->","yoast_head_json":{"title":"Recessed Latch LOA211 - https:\/\/sxflightcase.com \ud83d\udc97","description":"Trinco embutido, direto da f\u00e1brica! Solu\u00e7\u00f5es de fecho seguras e de alta qualidade para caixas de transporte e equipamento. Ideal para um encaixe nivelado e protegido em ambientes profissionais e industriais.","robots":{"index":"index","follow":"follow","max-snippet":"max-snippet:-1","max-image-preview":"max-image-preview:large","max-video-preview":"max-video-preview:-1"},"canonical":"https:\/\/sxflightcase.com\/pt\/product\/verzonken-dagschoot-loa211-2\/","og_locale":"pt_PT","og_type":"article","og_title":"Recessed Latch LOA211","og_description":"Recessed latch, factory direct! High-quality, secure latching solutions for flight cases and equipment. Ideal for a flush, protected fit in professional and industrial settings.","og_url":"https:\/\/sxflightcase.com\/pt\/product\/verzonken-dagschoot-loa211-2\/","og_site_name":"https:\/\/sxflightcase.com","article_publisher":"https:\/\/www.facebook.com\/profile.php?id=61560407257971","article_modified_time":"2024-07-31T07:39:58+00:00","og_image":[{"width":650,"height":565,"url":"https:\/\/sxflightcase.com\/wp-content\/uploads\/2024\/07\/LOA211.jpg","type":"image\/jpeg"}],"twitter_card":"summary_large_image","twitter_misc":{"Tempo estimado de leitura":"3 minutos"},"schema":{"@context":"https:\/\/schema.org","@graph":[{"@type":"WebPage","@id":"https:\/\/sxflightcase.com\/nl\/product\/verzonken-dagschoot-loa211-2\/","url":"https:\/\/sxflightcase.com\/nl\/product\/verzonken-dagschoot-loa211-2\/","name":"Recessed Latch LOA211 - https:\/\/sxflightcase.com \ud83d\udc97","isPartOf":{"@id":"https:\/\/sxflightcase.com\/th\/#website"},"primaryImageOfPage":{"@id":"https:\/\/sxflightcase.com\/nl\/product\/verzonken-dagschoot-loa211-2\/#primaryimage"},"image":{"@id":"https:\/\/sxflightcase.com\/nl\/product\/verzonken-dagschoot-loa211-2\/#primaryimage"},"thumbnailUrl":"https:\/\/sxflightcase.com\/wp-content\/uploads\/2024\/07\/LOA211.jpg","datePublished":"2024-07-31T07:39:57+00:00","dateModified":"2024-07-31T07:39:58+00:00","description":"Trinco embutido, direto da f\u00e1brica! Solu\u00e7\u00f5es de fecho seguras e de alta qualidade para caixas de transporte e equipamento. Ideal para um encaixe nivelado e protegido em ambientes profissionais e industriais.","breadcrumb":{"@id":"https:\/\/sxflightcase.com\/nl\/product\/verzonken-dagschoot-loa211-2\/#breadcrumb"},"inLanguage":"pt-PT","potentialAction":[{"@type":"ReadAction","target":["https:\/\/sxflightcase.com\/nl\/product\/verzonken-dagschoot-loa211-2\/"]}]},{"@type":"ImageObject","inLanguage":"pt-PT","@id":"https:\/\/sxflightcase.com\/nl\/product\/verzonken-dagschoot-loa211-2\/#primaryimage","url":"https:\/\/sxflightcase.com\/wp-content\/uploads\/2024\/07\/LOA211.jpg","contentUrl":"https:\/\/sxflightcase.com\/wp-content\/uploads\/2024\/07\/LOA211.jpg","width":650,"height":565,"caption":"Recessed Latch"},{"@type":"BreadcrumbList","@id":"https:\/\/sxflightcase.com\/nl\/product\/verzonken-dagschoot-loa211-2\/#breadcrumb","itemListElement":[{"@type":"ListItem","position":1,"name":"Home","item":"https:\/\/sxflightcase.com\/"},{"@type":"ListItem","position":2,"name":"\u0e2a\u0e34\u0e19\u0e04\u0e49\u0e32","item":"https:\/\/sxflightcase.com\/th\/shop\/"},{"@type":"ListItem","position":3,"name":"Recessed Latch LOA211"}]},{"@type":"WebSite","@id":"https:\/\/sxflightcase.com\/th\/#website","url":"https:\/\/sxflightcase.com\/th\/","name":"sxpowercase.com","description":"F\u00e1brica de malas de voo","publisher":{"@id":"https:\/\/sxflightcase.com\/th\/#organization"},"potentialAction":[{"@type":"SearchAction","target":{"@type":"EntryPoint","urlTemplate":"https:\/\/sxflightcase.com\/th\/?s={search_term_string}"},"query-input":{"@type":"PropertyValueSpecification","valueRequired":true,"valueName":"search_term_string"}}],"inLanguage":"pt-PT"},{"@type":"Organization","@id":"https:\/\/sxflightcase.com\/th\/#organization","name":"sxpowercase.com","url":"https:\/\/sxflightcase.com\/th\/","logo":{"@type":"ImageObject","inLanguage":"pt-PT","@id":"https:\/\/sxflightcase.com\/th\/#\/schema\/logo\/image\/","url":"https:\/\/sxflightcase.com\/wp-content\/uploads\/2024\/04\/1713919036007.jpg","contentUrl":"https:\/\/sxflightcase.com\/wp-content\/uploads\/2024\/04\/1713919036007.jpg","width":382,"height":388,"caption":"sxpowercase.com"},"image":{"@id":"https:\/\/sxflightcase.com\/th\/#\/schema\/logo\/image\/"},"sameAs":["https:\/\/www.facebook.com\/profile.php?id=61560407257971"],"numberOfEmployees":{"@type":"QuantitativeValue","minValue":"11","maxValue":"50"}}]}},"_links":{"self":[{"href":"https:\/\/sxflightcase.com\/pt\/wp-json\/wp\/v2\/product\/3899","targetHints":{"allow":["GET"]}}],"collection":[{"href":"https:\/\/sxflightcase.com\/pt\/wp-json\/wp\/v2\/product"}],"about":[{"href":"https:\/\/sxflightcase.com\/pt\/wp-json\/wp\/v2\/types\/product"}],"replies":[{"embeddable":true,"href":"https:\/\/sxflightcase.com\/pt\/wp-json\/wp\/v2\/comments?post=3899"}],"version-history":[{"count":0,"href":"https:\/\/sxflightcase.com\/pt\/wp-json\/wp\/v2\/product\/3899\/revisions"}],"wp:featuredmedia":[{"embeddable":true,"href":"https:\/\/sxflightcase.com\/pt\/wp-json\/wp\/v2\/media\/3784"}],"wp:attachment":[{"href":"https:\/\/sxflightcase.com\/pt\/wp-json\/wp\/v2\/media?parent=3899"}],"wp:term":[{"taxonomy":"product_brand","embeddable":true,"href":"https:\/\/sxflightcase.com\/pt\/wp-json\/wp\/v2\/product_brand?post=3899"},{"taxonomy":"product_cat","embeddable":true,"href":"https:\/\/sxflightcase.com\/pt\/wp-json\/wp\/v2\/product_cat?post=3899"},{"taxonomy":"product_tag","embeddable":true,"href":"https:\/\/sxflightcase.com\/pt\/wp-json\/wp\/v2\/product_tag?post=3899"}],"curies":[{"name":"wp","href":"https:\/\/api.w.org\/{rel}","templated":true}]}}