{"id":3925,"date":"2024-08-02T07:29:17","date_gmt":"2024-08-02T06:29:17","guid":{"rendered":"https:\/\/sxpowercase.com\/?post_type=product&#038;p=3925"},"modified":"2024-08-02T07:29:38","modified_gmt":"2024-08-02T06:29:38","slug":"flight-case-latch-loa403","status":"publish","type":"product","link":"https:\/\/sxflightcase.com\/pt\/produto\/trinco-da-caixa-de-voo-loa403-2\/","title":{"rendered":"Trinco da mala de transporte LOA403"},"content":{"rendered":"<h2>Fechos para malas de transporte SX: Solu\u00e7\u00f5es seguras e econ\u00f3micas<\/h2>\n<h3>Fechos de qualidade a pre\u00e7os diretos de f\u00e1brica<\/h3>\n<p>Quando se trata de proteger o seu valioso equipamento, a SX oferece solu\u00e7\u00f5es fi\u00e1veis e econ\u00f3micas <strong>Trinco da mala de transporte<\/strong>. Ao abastecermo-nos diretamente na f\u00e1brica, eliminamos as margens de lucro desnecess\u00e1rias, fornecendo-lhe fechos de alta qualidade a pre\u00e7os baixos. Esta abordagem garante que obt\u00e9m o melhor valor pelo seu dinheiro sem comprometer a qualidade.<\/p>\n<h3>Dur\u00e1vel e fi\u00e1vel<\/h3>\n<p>Em <a title=\"SX\" href=\"https:\/\/sxpowercase.com\/\" target=\"_blank\" rel=\"noopener\" data-wpil-monitor-id=\"620\">SX<\/a>Na nossa empresa, compreendemos a import\u00e2ncia da durabilidade do hardware do equipamento. Os nossos <strong><a href=\"https:\/\/sxpowercase.com\/flight-case\/\" target=\"_blank\" rel=\"noopener\"  data-wpil-monitor-id=\"621\">Mala de transporte<\/a> Trincos<\/strong> s\u00e3o fabricados com materiais robustos, concebidos para resistir aos rigores de uma utiliza\u00e7\u00e3o frequente. Cada fecho \u00e9 submetido a rigorosos controlos de qualidade para garantir que cumpre as nossas normas rigorosas. Com a SX, pode ter a certeza de que o seu equipamento permanecer\u00e1 bem preso durante o transporte e o armazenamento.<\/p>\n<h3>Personaliza\u00e7\u00e3o para satisfazer as suas necessidades<\/h3>\n<p>Cada projeto \u00e9 \u00fanico, assim como as necessidades dos nossos clientes. A SX oferece op\u00e7\u00f5es de personaliza\u00e7\u00e3o para os nossos <strong>Trincos para malas de transporte<\/strong>permitindo-lhe adapt\u00e1-los \u00e0s suas necessidades espec\u00edficas. Quer necessite de diferentes tamanhos, acabamentos ou mecanismos de fecho, a nossa equipa pode satisfazer as suas necessidades. Esta personaliza\u00e7\u00e3o assegura um ajuste perfeito para as suas malas de transporte, melhorando a funcionalidade e o aspeto.<\/p>\n<h3>Instala\u00e7\u00e3o f\u00e1cil e design elegante<\/h3>\n<p>SX <strong>Trinco da mala de transporte<\/strong>\u00a0s\u00e3o concebidos a pensar na facilidade de instala\u00e7\u00e3o. O seu design de f\u00e1cil utiliza\u00e7\u00e3o torna-os simples de fixar, poupando-lhe tempo e esfor\u00e7o. Al\u00e9m disso, estes fechos apresentam um design elegante e de baixo perfil que n\u00e3o s\u00f3 tem um \u00f3timo aspeto, como tamb\u00e9m reduz o risco de ficarem presos. Ideais para uma variedade de aplica\u00e7\u00f5es, proporcionam uma solu\u00e7\u00e3o segura e elegante para as suas malas de viagem.<\/p>\n<h3>Porqu\u00ea escolher a SX?<\/h3>\n<p>Escolher a SX significa optar por uma marca que d\u00e1 prioridade \u00e0 qualidade e \u00e0 acessibilidade. Os nossos <strong>Trinco da mala de transporte<\/strong>\u00a0combinam uma constru\u00e7\u00e3o duradoura com pre\u00e7os diretos da f\u00e1brica, o que os torna uma excelente escolha para quem procura proteger o seu equipamento sem gastar muito. Com um compromisso para com a satisfa\u00e7\u00e3o do cliente, a SX fornece produtos fi\u00e1veis apoiados por um servi\u00e7o excecional.<\/p>\n<h3>Entrar em contacto<\/h3>\n<p>Proteja o seu equipamento com SX <strong>Trinco da mala de transporte<\/strong>. Os nossos fechos oferecem o equil\u00edbrio perfeito entre seguran\u00e7a, durabilidade e acessibilidade, tornando-os na escolha ideal tanto para profissionais como para amadores. Contacte-nos hoje para saber mais sobre os nossos produtos e como podemos fornecer-lhe os melhores fechos do mercado. Com a SX, tem a garantia de produtos de qualidade a pre\u00e7os imbat\u00edveis.<\/p>\n<p>os melhores fechos do mercado. Com a SX, a qualidade e o valor est\u00e3o sempre garantidos.<\/p>\n<p>Contactar agora:<span style=\"color: #0000ff;\"><a style=\"color: #0000ff;\" href=\"https:\/\/sxpowercase.com\/contact-us\/\">https:\/\/sxpowercase.com\/<\/a><\/span><\/p>\n<p>Cat\u00e1logo de produtos de hardware\uff1a<span style=\"color: #3366ff;\"><a style=\"color: #3366ff;\" href=\"https:\/\/sxpowercase.com\/wp-content\/uploads\/2024\/07\/\u4e94\u91d1.pdf\">Cat\u00e1logo de acess\u00f3rios de ferragens<\/a><\/span><\/p>","protected":false},"excerpt":{"rendered":"<div class=\"flex flex-grow flex-col max-w-full\">\n<div class=\"min-h-[20px] text-message flex w-full flex-col items-end gap-2 whitespace-pre-wrap break-words [.text-message+&amp;]:mt-5 overflow-x-auto\" dir=\"auto\" data-message-author-role=\"assistant\" data-message-id=\"fe00e1d7-a98f-41d6-8003-ac0d4d048d2c\">\n<div class=\"flex w-full flex-col gap-1 empty:hidden first:pt-[3px]\">\n<div class=\"markdown prose w-full break-words dark:prose-invert light\">\n<h3>Secure and Affordable SX Flight Case Latches<\/h3>\n<p>Get reliable, high-quality latches at factory-direct prices. SX Flight Case Latches offer unbeatable value, securing your equipment without compromising on quality.<\/p>\n<h3>Durable and Customisable Solutions<\/h3>\n<p>Made from robust materials, SX Flight Case Latches are built to last. Customisation options are available to meet your specific needs, ensuring a perfect fit and enhanced functionality.<\/p>\n<h3>Easy Installation with Sleek Design<\/h3>\n<p>SX Flight Case Latches are easy to install and feature a sleek, low-profile design. Ideal for various applications, they provide secure and stylish closures for your flight cases.<\/p>\n<\/div>\n<\/div>\n<\/div>\n<\/div>\n","protected":false},"featured_media":3790,"comment_status":"open","ping_status":"closed","template":"","meta":[],"product_brand":[],"product_cat":[61],"product_tag":[],"class_list":{"0":"post-3925","1":"product","2":"type-product","3":"status-publish","4":"has-post-thumbnail","6":"product_cat-catchother-locks","8":"first","9":"instock","10":"shipping-taxable","11":"product-type-simple"},"yoast_head":"<!-- This site is optimized with the Yoast SEO Premium plugin v27.1 (Yoast SEO v27.2) - https:\/\/yoast.com\/product\/yoast-seo-premium-wordpress\/ -->\n<title>Flight Case Latch LOA403 - https:\/\/sxflightcase.com \ud83d\udc97<\/title>\n<meta name=\"description\" content=\"Flight case latch, factory direct! High-quality latches designed for secure and reliable closure of flight cases. Perfect for safeguarding equipment during transport, ensuring durability and ease of use.\" \/>\n<meta name=\"robots\" content=\"index, follow, max-snippet:-1, max-image-preview:large, max-video-preview:-1\" \/>\n<link rel=\"canonical\" href=\"https:\/\/sxflightcase.com\/pt\/produkt\/flightcase-verriegelung-loa403\/\" \/>\n<meta property=\"og:locale\" content=\"pt_PT\" \/>\n<meta property=\"og:type\" content=\"article\" \/>\n<meta property=\"og:title\" content=\"Flight Case Latch LOA403\" \/>\n<meta property=\"og:description\" content=\"Flight case latch, factory direct! High-quality latches designed for secure and reliable closure of flight cases. Perfect for safeguarding equipment during transport, ensuring durability and ease of use.\" \/>\n<meta property=\"og:url\" content=\"https:\/\/sxflightcase.com\/pt\/produkt\/flightcase-verriegelung-loa403\/\" \/>\n<meta property=\"og:site_name\" content=\"https:\/\/sxflightcase.com\" \/>\n<meta property=\"article:publisher\" content=\"https:\/\/www.facebook.com\/profile.php?id=61560407257971\" \/>\n<meta property=\"article:modified_time\" content=\"2024-08-02T06:29:38+00:00\" \/>\n<meta property=\"og:image\" content=\"https:\/\/sxflightcase.com\/wp-content\/uploads\/2024\/07\/LOA403.jpg\" \/>\n\t<meta property=\"og:image:width\" content=\"520\" \/>\n\t<meta property=\"og:image:height\" content=\"448\" \/>\n\t<meta property=\"og:image:type\" content=\"image\/jpeg\" \/>\n<meta name=\"twitter:card\" content=\"summary_large_image\" \/>\n<meta name=\"twitter:label1\" content=\"Tempo estimado de leitura\" \/>\n\t<meta name=\"twitter:data1\" content=\"3 minutos\" \/>\n<script type=\"application\/ld+json\" class=\"yoast-schema-graph\">{\"@context\":\"https:\/\/schema.org\",\"@graph\":[{\"@type\":\"WebPage\",\"@id\":\"https:\/\/sxflightcase.com\/de\/produkt\/flightcase-verriegelung-loa403\/\",\"url\":\"https:\/\/sxflightcase.com\/de\/produkt\/flightcase-verriegelung-loa403\/\",\"name\":\"Flight Case Latch LOA403 - https:\/\/sxflightcase.com \ud83d\udc97\",\"isPartOf\":{\"@id\":\"https:\/\/sxflightcase.com\/th\/#website\"},\"primaryImageOfPage\":{\"@id\":\"https:\/\/sxflightcase.com\/de\/produkt\/flightcase-verriegelung-loa403\/#primaryimage\"},\"image\":{\"@id\":\"https:\/\/sxflightcase.com\/de\/produkt\/flightcase-verriegelung-loa403\/#primaryimage\"},\"thumbnailUrl\":\"https:\/\/sxflightcase.com\/wp-content\/uploads\/2024\/07\/LOA403.jpg\",\"datePublished\":\"2024-08-02T06:29:17+00:00\",\"dateModified\":\"2024-08-02T06:29:38+00:00\",\"description\":\"Flight case latch, factory direct! High-quality latches designed for secure and reliable closure of flight cases. Perfect for safeguarding equipment during transport, ensuring durability and ease of use.\",\"breadcrumb\":{\"@id\":\"https:\/\/sxflightcase.com\/de\/produkt\/flightcase-verriegelung-loa403\/#breadcrumb\"},\"inLanguage\":\"pt-PT\",\"potentialAction\":[{\"@type\":\"ReadAction\",\"target\":[\"https:\/\/sxflightcase.com\/de\/produkt\/flightcase-verriegelung-loa403\/\"]}]},{\"@type\":\"ImageObject\",\"inLanguage\":\"pt-PT\",\"@id\":\"https:\/\/sxflightcase.com\/de\/produkt\/flightcase-verriegelung-loa403\/#primaryimage\",\"url\":\"https:\/\/sxflightcase.com\/wp-content\/uploads\/2024\/07\/LOA403.jpg\",\"contentUrl\":\"https:\/\/sxflightcase.com\/wp-content\/uploads\/2024\/07\/LOA403.jpg\",\"width\":520,\"height\":448,\"caption\":\"flight case latch\"},{\"@type\":\"BreadcrumbList\",\"@id\":\"https:\/\/sxflightcase.com\/de\/produkt\/flightcase-verriegelung-loa403\/#breadcrumb\",\"itemListElement\":[{\"@type\":\"ListItem\",\"position\":1,\"name\":\"Home\",\"item\":\"https:\/\/sxflightcase.com\/\"},{\"@type\":\"ListItem\",\"position\":2,\"name\":\"\u0e2a\u0e34\u0e19\u0e04\u0e49\u0e32\",\"item\":\"https:\/\/sxflightcase.com\/th\/shop\/\"},{\"@type\":\"ListItem\",\"position\":3,\"name\":\"Flight Case Latch LOA403\"}]},{\"@type\":\"WebSite\",\"@id\":\"https:\/\/sxflightcase.com\/th\/#website\",\"url\":\"https:\/\/sxflightcase.com\/th\/\",\"name\":\"sxpowercase.com\",\"description\":\"Flight Case Factory\",\"publisher\":{\"@id\":\"https:\/\/sxflightcase.com\/th\/#organization\"},\"potentialAction\":[{\"@type\":\"SearchAction\",\"target\":{\"@type\":\"EntryPoint\",\"urlTemplate\":\"https:\/\/sxflightcase.com\/th\/?s={search_term_string}\"},\"query-input\":{\"@type\":\"PropertyValueSpecification\",\"valueRequired\":true,\"valueName\":\"search_term_string\"}}],\"inLanguage\":\"pt-PT\"},{\"@type\":\"Organization\",\"@id\":\"https:\/\/sxflightcase.com\/th\/#organization\",\"name\":\"sxpowercase.com\",\"url\":\"https:\/\/sxflightcase.com\/th\/\",\"logo\":{\"@type\":\"ImageObject\",\"inLanguage\":\"pt-PT\",\"@id\":\"https:\/\/sxflightcase.com\/th\/#\/schema\/logo\/image\/\",\"url\":\"https:\/\/sxflightcase.com\/wp-content\/uploads\/2024\/04\/1713919036007.jpg\",\"contentUrl\":\"https:\/\/sxflightcase.com\/wp-content\/uploads\/2024\/04\/1713919036007.jpg\",\"width\":382,\"height\":388,\"caption\":\"sxpowercase.com\"},\"image\":{\"@id\":\"https:\/\/sxflightcase.com\/th\/#\/schema\/logo\/image\/\"},\"sameAs\":[\"https:\/\/www.facebook.com\/profile.php?id=61560407257971\"],\"numberOfEmployees\":{\"@type\":\"QuantitativeValue\",\"minValue\":\"11\",\"maxValue\":\"50\"}}]}<\/script>\n<!-- \/ Yoast SEO Premium plugin. -->","yoast_head_json":{"title":"Flight Case Latch LOA403 - https:\/\/sxflightcase.com \ud83d\udc97","description":"Trinco de mala de transporte, direto da f\u00e1brica! Fechos de alta qualidade concebidos para um fecho seguro e fi\u00e1vel das malas de transporte. Perfeitos para proteger o equipamento durante o transporte, garantindo durabilidade e facilidade de utiliza\u00e7\u00e3o.","robots":{"index":"index","follow":"follow","max-snippet":"max-snippet:-1","max-image-preview":"max-image-preview:large","max-video-preview":"max-video-preview:-1"},"canonical":"https:\/\/sxflightcase.com\/pt\/produkt\/flightcase-verriegelung-loa403\/","og_locale":"pt_PT","og_type":"article","og_title":"Flight Case Latch LOA403","og_description":"Flight case latch, factory direct! High-quality latches designed for secure and reliable closure of flight cases. Perfect for safeguarding equipment during transport, ensuring durability and ease of use.","og_url":"https:\/\/sxflightcase.com\/pt\/produkt\/flightcase-verriegelung-loa403\/","og_site_name":"https:\/\/sxflightcase.com","article_publisher":"https:\/\/www.facebook.com\/profile.php?id=61560407257971","article_modified_time":"2024-08-02T06:29:38+00:00","og_image":[{"width":520,"height":448,"url":"https:\/\/sxflightcase.com\/wp-content\/uploads\/2024\/07\/LOA403.jpg","type":"image\/jpeg"}],"twitter_card":"summary_large_image","twitter_misc":{"Tempo estimado de leitura":"3 minutos"},"schema":{"@context":"https:\/\/schema.org","@graph":[{"@type":"WebPage","@id":"https:\/\/sxflightcase.com\/de\/produkt\/flightcase-verriegelung-loa403\/","url":"https:\/\/sxflightcase.com\/de\/produkt\/flightcase-verriegelung-loa403\/","name":"Flight Case Latch LOA403 - https:\/\/sxflightcase.com \ud83d\udc97","isPartOf":{"@id":"https:\/\/sxflightcase.com\/th\/#website"},"primaryImageOfPage":{"@id":"https:\/\/sxflightcase.com\/de\/produkt\/flightcase-verriegelung-loa403\/#primaryimage"},"image":{"@id":"https:\/\/sxflightcase.com\/de\/produkt\/flightcase-verriegelung-loa403\/#primaryimage"},"thumbnailUrl":"https:\/\/sxflightcase.com\/wp-content\/uploads\/2024\/07\/LOA403.jpg","datePublished":"2024-08-02T06:29:17+00:00","dateModified":"2024-08-02T06:29:38+00:00","description":"Trinco de mala de transporte, direto da f\u00e1brica! Fechos de alta qualidade concebidos para um fecho seguro e fi\u00e1vel das malas de transporte. Perfeitos para proteger o equipamento durante o transporte, garantindo durabilidade e facilidade de utiliza\u00e7\u00e3o.","breadcrumb":{"@id":"https:\/\/sxflightcase.com\/de\/produkt\/flightcase-verriegelung-loa403\/#breadcrumb"},"inLanguage":"pt-PT","potentialAction":[{"@type":"ReadAction","target":["https:\/\/sxflightcase.com\/de\/produkt\/flightcase-verriegelung-loa403\/"]}]},{"@type":"ImageObject","inLanguage":"pt-PT","@id":"https:\/\/sxflightcase.com\/de\/produkt\/flightcase-verriegelung-loa403\/#primaryimage","url":"https:\/\/sxflightcase.com\/wp-content\/uploads\/2024\/07\/LOA403.jpg","contentUrl":"https:\/\/sxflightcase.com\/wp-content\/uploads\/2024\/07\/LOA403.jpg","width":520,"height":448,"caption":"flight case latch"},{"@type":"BreadcrumbList","@id":"https:\/\/sxflightcase.com\/de\/produkt\/flightcase-verriegelung-loa403\/#breadcrumb","itemListElement":[{"@type":"ListItem","position":1,"name":"Home","item":"https:\/\/sxflightcase.com\/"},{"@type":"ListItem","position":2,"name":"\u0e2a\u0e34\u0e19\u0e04\u0e49\u0e32","item":"https:\/\/sxflightcase.com\/th\/shop\/"},{"@type":"ListItem","position":3,"name":"Flight Case Latch LOA403"}]},{"@type":"WebSite","@id":"https:\/\/sxflightcase.com\/th\/#website","url":"https:\/\/sxflightcase.com\/th\/","name":"sxpowercase.com","description":"F\u00e1brica de malas de voo","publisher":{"@id":"https:\/\/sxflightcase.com\/th\/#organization"},"potentialAction":[{"@type":"SearchAction","target":{"@type":"EntryPoint","urlTemplate":"https:\/\/sxflightcase.com\/th\/?s={search_term_string}"},"query-input":{"@type":"PropertyValueSpecification","valueRequired":true,"valueName":"search_term_string"}}],"inLanguage":"pt-PT"},{"@type":"Organization","@id":"https:\/\/sxflightcase.com\/th\/#organization","name":"sxpowercase.com","url":"https:\/\/sxflightcase.com\/th\/","logo":{"@type":"ImageObject","inLanguage":"pt-PT","@id":"https:\/\/sxflightcase.com\/th\/#\/schema\/logo\/image\/","url":"https:\/\/sxflightcase.com\/wp-content\/uploads\/2024\/04\/1713919036007.jpg","contentUrl":"https:\/\/sxflightcase.com\/wp-content\/uploads\/2024\/04\/1713919036007.jpg","width":382,"height":388,"caption":"sxpowercase.com"},"image":{"@id":"https:\/\/sxflightcase.com\/th\/#\/schema\/logo\/image\/"},"sameAs":["https:\/\/www.facebook.com\/profile.php?id=61560407257971"],"numberOfEmployees":{"@type":"QuantitativeValue","minValue":"11","maxValue":"50"}}]}},"_links":{"self":[{"href":"https:\/\/sxflightcase.com\/pt\/wp-json\/wp\/v2\/product\/3925","targetHints":{"allow":["GET"]}}],"collection":[{"href":"https:\/\/sxflightcase.com\/pt\/wp-json\/wp\/v2\/product"}],"about":[{"href":"https:\/\/sxflightcase.com\/pt\/wp-json\/wp\/v2\/types\/product"}],"replies":[{"embeddable":true,"href":"https:\/\/sxflightcase.com\/pt\/wp-json\/wp\/v2\/comments?post=3925"}],"version-history":[{"count":0,"href":"https:\/\/sxflightcase.com\/pt\/wp-json\/wp\/v2\/product\/3925\/revisions"}],"wp:featuredmedia":[{"embeddable":true,"href":"https:\/\/sxflightcase.com\/pt\/wp-json\/wp\/v2\/media\/3790"}],"wp:attachment":[{"href":"https:\/\/sxflightcase.com\/pt\/wp-json\/wp\/v2\/media?parent=3925"}],"wp:term":[{"taxonomy":"product_brand","embeddable":true,"href":"https:\/\/sxflightcase.com\/pt\/wp-json\/wp\/v2\/product_brand?post=3925"},{"taxonomy":"product_cat","embeddable":true,"href":"https:\/\/sxflightcase.com\/pt\/wp-json\/wp\/v2\/product_cat?post=3925"},{"taxonomy":"product_tag","embeddable":true,"href":"https:\/\/sxflightcase.com\/pt\/wp-json\/wp\/v2\/product_tag?post=3925"}],"curies":[{"name":"wp","href":"https:\/\/api.w.org\/{rel}","templated":true}]}}