{"id":3928,"date":"2024-08-02T07:38:09","date_gmt":"2024-08-02T06:38:09","guid":{"rendered":"https:\/\/sxpowercase.com\/?post_type=product&#038;p=3928"},"modified":"2024-08-02T07:38:10","modified_gmt":"2024-08-02T06:38:10","slug":"flight-case-clasps-loa502","status":"publish","type":"product","link":"https:\/\/sxflightcase.com\/pt\/produto\/fechos-para-malas-de-voo-loa502\/","title":{"rendered":"Fechos para malas de voo LOA502"},"content":{"rendered":"<h2>Proteja o seu equipamento com os fechos para malas de voo SX<\/h2>\n<h3>Pre\u00e7os diretos da f\u00e1brica<\/h3>\n<p>O SX oferece um servi\u00e7o de topo de gama <strong>Fechos para malas de voo<\/strong> a pre\u00e7os imbat\u00edveis diretos da f\u00e1brica. Ao evitar os intermedi\u00e1rios, fornecemos produtos de alta qualidade diretamente da nossa f\u00e1brica para si. Esta abordagem garante o melhor valor para o seu dinheiro, tornando os nossos fechos acess\u00edveis e fi\u00e1veis.<\/p>\n<h3>Constru\u00eddo para durar<\/h3>\n<p>A durabilidade \u00e9 fundamental quando se trata de proteger o seu equipamento. Os nossos <strong>Fechos para malas de voo<\/strong> s\u00e3o fabricados com materiais de alta qualidade, concebidos para suportar as condi\u00e7\u00f5es mais dif\u00edceis. Quer esteja a viajar, a transportar ou a armazenar o seu equipamento, estes fechos proporcionam uma seguran\u00e7a inabal\u00e1vel. Em <a href=\"https:\/\/sxpowercase.com\/\" target=\"_blank\" rel=\"noopener\" title=\"SX\" data-wpil-monitor-id=\"625\">SX<\/a>A nossa empresa testa rigorosamente cada fecho para garantir que cumpre as normas de qualidade mais exigentes.<\/p>\n<h3>Solu\u00e7\u00f5es personaliz\u00e1veis<\/h3>\n<p>Cada pe\u00e7a de equipamento tem requisitos \u00fanicos e, na SX, compreendemos a import\u00e2ncia da personaliza\u00e7\u00e3o. Os nossos <strong>Fechos para malas de voo<\/strong> podem ser adaptados \u00e0s suas necessidades, com op\u00e7\u00f5es de diferentes tamanhos, acabamentos e mecanismos de fecho. Esta flexibilidade garante uma combina\u00e7\u00e3o perfeita para as suas malas, melhorando a prote\u00e7\u00e3o e a facilidade de utiliza\u00e7\u00e3o.<\/p>\n<h3>Design de f\u00e1cil utiliza\u00e7\u00e3o<\/h3>\n<p>SX <strong>Fechos para malas de voo<\/strong> s\u00e3o concebidos tendo em mente o car\u00e1cter pr\u00e1tico. S\u00e3o f\u00e1ceis de instalar e de utilizar, proporcionando uma solu\u00e7\u00e3o de bloqueio segura para as suas malas. O design de f\u00e1cil utiliza\u00e7\u00e3o garante um acesso r\u00e1pido, mantendo um elevado n\u00edvel de seguran\u00e7a. Estes fechos n\u00e3o s\u00f3 funcionam bem, como tamb\u00e9m d\u00e3o um toque profissional \u00e0s suas malas de equipamento.<\/p>\n<h3>A vantagem SX<\/h3>\n<p>Escolher a SX significa escolher qualidade, pre\u00e7os acess\u00edveis e um servi\u00e7o de apoio ao cliente excecional. O nosso <strong>Fecho da mala de transporte<\/strong>\u00a0oferecem uma forma fi\u00e1vel e econ\u00f3mica de proteger o seu valioso equipamento. Estamos empenhados em fornecer produtos que satisfa\u00e7am as suas necessidades sem gastar muito. Com a SX, obt\u00e9m mais do que simples fechos - obt\u00e9m paz de esp\u00edrito.<\/p>\n<h3>Contacte-nos hoje<\/h3>\n<p>Proteja o seu equipamento com a fiabilidade de confian\u00e7a da SX <strong>Fecho da mala de transporte<\/strong>. Contacte-nos para explorar as nossas op\u00e7\u00f5es de produtos e tirar partido dos nossos pre\u00e7os competitivos diretos da f\u00e1brica. Na SX, estamos empenhados em oferecer as melhores solu\u00e7\u00f5es para proteger o seu equipamento, garantindo seguran\u00e7a e paz de esp\u00edrito.<\/p>\n<p>Contactar agora:<span style=\"color: #0000ff;\"><a style=\"color: #0000ff;\" href=\"https:\/\/sxpowercase.com\/contact-us\/\">https:\/\/sxpowercase.com\/<\/a><\/span><\/p>\n<p>Cat\u00e1logo de produtos de hardware\uff1a<span style=\"color: #3366ff;\"><a style=\"color: #3366ff;\" href=\"https:\/\/sxpowercase.com\/wp-content\/uploads\/2024\/07\/\u4e94\u91d1.pdf\">Cat\u00e1logo de acess\u00f3rios de ferragens<\/a><\/span><\/p>","protected":false},"excerpt":{"rendered":"<div class=\"&quot;flex\">ex-col max-w-full&#8221;&gt;&amp;lt;div class=&#8221;min-h-[20px] text-message flex w-full flex-col items-end gap-2 whitespace-pre-wrap break-words [.text-message+&amp;]:mt-5 overflow-x-auto&#8221; dir=&#8221;auto&#8221; data-message-author-role=&#8221;assistant&#8221; data-message-id=&#8221;613e971c-79c4-4874-b464-6b43df0fb464&#8243;&gt;<\/p>\n<div class=\"flex w-full flex-col gap-1 empty:hidden first:pt-[3px]\">\n<div class=\"markdown prose w-full break-words dark:prose-invert light\">\n<h3>Affordable Quality with SX Flight Case Clasps&lt;\/h3&gt;<\/h3>\n<p>Get top-quality Flight Case Clasps at factory-direct prices. SX provides cost-effective solutions without compromising on durability and security for your valuable equipment.<\/p>\n<h3>Durable and Customisable<\/h3>\n<p>SX Flight Case Clasps are built to last, with options for customisation to meet your specific needs. Choose from various sizes, finishes, and locking mechanisms for a perfect fit.<\/p>\n<h3>Easy to Install and Use<\/h3>\n<p>SX clasps are d<\/p>\n<h3>esigned for easy installation and operation, combining functionality with a sleek, professional look. Secure your cases quickly and efficiently with reliable locking mechanisms.<\/h3>\n<\/div>\n<\/div>\n<\/div>\n","protected":false},"featured_media":3793,"comment_status":"open","ping_status":"closed","template":"","meta":[],"product_brand":[],"product_cat":[61],"product_tag":[],"class_list":{"0":"post-3928","1":"product","2":"type-product","3":"status-publish","4":"has-post-thumbnail","6":"product_cat-catchother-locks","8":"first","9":"instock","10":"shipping-taxable","11":"product-type-simple"},"yoast_head":"<!-- This site is optimized with the Yoast SEO Premium plugin v27.1 (Yoast SEO v27.2) - https:\/\/yoast.com\/product\/yoast-seo-premium-wordpress\/ -->\n<title>Flight Case Clasps LOA502 - https:\/\/sxflightcase.com \ud83d\udc97<\/title>\n<meta name=\"description\" content=\"Flight case clasps, factory direct! Durable, high-quality clasps designed for secure closure and easy handling of flight cases, protecting your equipment in transit.\" \/>\n<meta name=\"robots\" content=\"index, follow, max-snippet:-1, max-image-preview:large, max-video-preview:-1\" \/>\n<link rel=\"canonical\" href=\"https:\/\/sxflightcase.com\/pt\/san-pham\/flight-case-clasps-loa502\/\" \/>\n<meta property=\"og:locale\" content=\"pt_PT\" \/>\n<meta property=\"og:type\" content=\"article\" \/>\n<meta property=\"og:title\" content=\"Flight Case Clasps LOA502\" \/>\n<meta property=\"og:description\" content=\"Flight case clasps, factory direct! Durable, high-quality clasps designed for secure closure and easy handling of flight cases, protecting your equipment in transit.\" \/>\n<meta property=\"og:url\" content=\"https:\/\/sxflightcase.com\/pt\/san-pham\/flight-case-clasps-loa502\/\" \/>\n<meta property=\"og:site_name\" content=\"https:\/\/sxflightcase.com\" \/>\n<meta property=\"article:publisher\" content=\"https:\/\/www.facebook.com\/profile.php?id=61560407257971\" \/>\n<meta property=\"article:modified_time\" content=\"2024-08-02T06:38:10+00:00\" \/>\n<meta property=\"og:image\" content=\"https:\/\/sxflightcase.com\/wp-content\/uploads\/2024\/07\/LOA502.jpg\" \/>\n\t<meta property=\"og:image:width\" content=\"520\" \/>\n\t<meta property=\"og:image:height\" content=\"391\" \/>\n\t<meta property=\"og:image:type\" content=\"image\/jpeg\" \/>\n<meta name=\"twitter:card\" content=\"summary_large_image\" \/>\n<meta name=\"twitter:label1\" content=\"Tempo estimado de leitura\" \/>\n\t<meta name=\"twitter:data1\" content=\"2 minutos\" \/>\n<script type=\"application\/ld+json\" class=\"yoast-schema-graph\">{\"@context\":\"https:\/\/schema.org\",\"@graph\":[{\"@type\":\"WebPage\",\"@id\":\"https:\/\/sxflightcase.com\/vi\/san-pham\/flight-case-clasps-loa502\/\",\"url\":\"https:\/\/sxflightcase.com\/vi\/san-pham\/flight-case-clasps-loa502\/\",\"name\":\"Flight Case Clasps LOA502 - https:\/\/sxflightcase.com \ud83d\udc97\",\"isPartOf\":{\"@id\":\"https:\/\/sxflightcase.com\/th\/#website\"},\"primaryImageOfPage\":{\"@id\":\"https:\/\/sxflightcase.com\/vi\/san-pham\/flight-case-clasps-loa502\/#primaryimage\"},\"image\":{\"@id\":\"https:\/\/sxflightcase.com\/vi\/san-pham\/flight-case-clasps-loa502\/#primaryimage\"},\"thumbnailUrl\":\"https:\/\/sxflightcase.com\/wp-content\/uploads\/2024\/07\/LOA502.jpg\",\"datePublished\":\"2024-08-02T06:38:09+00:00\",\"dateModified\":\"2024-08-02T06:38:10+00:00\",\"description\":\"Flight case clasps, factory direct! Durable, high-quality clasps designed for secure closure and easy handling of flight cases, protecting your equipment in transit.\",\"breadcrumb\":{\"@id\":\"https:\/\/sxflightcase.com\/vi\/san-pham\/flight-case-clasps-loa502\/#breadcrumb\"},\"inLanguage\":\"pt-PT\",\"potentialAction\":[{\"@type\":\"ReadAction\",\"target\":[\"https:\/\/sxflightcase.com\/vi\/san-pham\/flight-case-clasps-loa502\/\"]}]},{\"@type\":\"ImageObject\",\"inLanguage\":\"pt-PT\",\"@id\":\"https:\/\/sxflightcase.com\/vi\/san-pham\/flight-case-clasps-loa502\/#primaryimage\",\"url\":\"https:\/\/sxflightcase.com\/wp-content\/uploads\/2024\/07\/LOA502.jpg\",\"contentUrl\":\"https:\/\/sxflightcase.com\/wp-content\/uploads\/2024\/07\/LOA502.jpg\",\"width\":520,\"height\":391,\"caption\":\"flight case clasps\"},{\"@type\":\"BreadcrumbList\",\"@id\":\"https:\/\/sxflightcase.com\/vi\/san-pham\/flight-case-clasps-loa502\/#breadcrumb\",\"itemListElement\":[{\"@type\":\"ListItem\",\"position\":1,\"name\":\"Home\",\"item\":\"https:\/\/sxflightcase.com\/\"},{\"@type\":\"ListItem\",\"position\":2,\"name\":\"\u0e2a\u0e34\u0e19\u0e04\u0e49\u0e32\",\"item\":\"https:\/\/sxflightcase.com\/th\/shop\/\"},{\"@type\":\"ListItem\",\"position\":3,\"name\":\"Flight Case Clasps LOA502\"}]},{\"@type\":\"WebSite\",\"@id\":\"https:\/\/sxflightcase.com\/th\/#website\",\"url\":\"https:\/\/sxflightcase.com\/th\/\",\"name\":\"sxpowercase.com\",\"description\":\"Flight Case Factory\",\"publisher\":{\"@id\":\"https:\/\/sxflightcase.com\/th\/#organization\"},\"potentialAction\":[{\"@type\":\"SearchAction\",\"target\":{\"@type\":\"EntryPoint\",\"urlTemplate\":\"https:\/\/sxflightcase.com\/th\/?s={search_term_string}\"},\"query-input\":{\"@type\":\"PropertyValueSpecification\",\"valueRequired\":true,\"valueName\":\"search_term_string\"}}],\"inLanguage\":\"pt-PT\"},{\"@type\":\"Organization\",\"@id\":\"https:\/\/sxflightcase.com\/th\/#organization\",\"name\":\"sxpowercase.com\",\"url\":\"https:\/\/sxflightcase.com\/th\/\",\"logo\":{\"@type\":\"ImageObject\",\"inLanguage\":\"pt-PT\",\"@id\":\"https:\/\/sxflightcase.com\/th\/#\/schema\/logo\/image\/\",\"url\":\"https:\/\/sxflightcase.com\/wp-content\/uploads\/2024\/04\/1713919036007.jpg\",\"contentUrl\":\"https:\/\/sxflightcase.com\/wp-content\/uploads\/2024\/04\/1713919036007.jpg\",\"width\":382,\"height\":388,\"caption\":\"sxpowercase.com\"},\"image\":{\"@id\":\"https:\/\/sxflightcase.com\/th\/#\/schema\/logo\/image\/\"},\"sameAs\":[\"https:\/\/www.facebook.com\/profile.php?id=61560407257971\"],\"numberOfEmployees\":{\"@type\":\"QuantitativeValue\",\"minValue\":\"11\",\"maxValue\":\"50\"}}]}<\/script>\n<!-- \/ Yoast SEO Premium plugin. -->","yoast_head_json":{"title":"Flight Case Clasps LOA502 - https:\/\/sxflightcase.com \ud83d\udc97","description":"Fechos para malas de transporte, diretos da f\u00e1brica! Fechos dur\u00e1veis e de alta qualidade, concebidos para um fecho seguro e um manuseamento f\u00e1cil das malas de viagem, protegendo o seu equipamento durante o transporte.","robots":{"index":"index","follow":"follow","max-snippet":"max-snippet:-1","max-image-preview":"max-image-preview:large","max-video-preview":"max-video-preview:-1"},"canonical":"https:\/\/sxflightcase.com\/pt\/san-pham\/flight-case-clasps-loa502\/","og_locale":"pt_PT","og_type":"article","og_title":"Flight Case Clasps LOA502","og_description":"Flight case clasps, factory direct! Durable, high-quality clasps designed for secure closure and easy handling of flight cases, protecting your equipment in transit.","og_url":"https:\/\/sxflightcase.com\/pt\/san-pham\/flight-case-clasps-loa502\/","og_site_name":"https:\/\/sxflightcase.com","article_publisher":"https:\/\/www.facebook.com\/profile.php?id=61560407257971","article_modified_time":"2024-08-02T06:38:10+00:00","og_image":[{"width":520,"height":391,"url":"https:\/\/sxflightcase.com\/wp-content\/uploads\/2024\/07\/LOA502.jpg","type":"image\/jpeg"}],"twitter_card":"summary_large_image","twitter_misc":{"Tempo estimado de leitura":"2 minutos"},"schema":{"@context":"https:\/\/schema.org","@graph":[{"@type":"WebPage","@id":"https:\/\/sxflightcase.com\/vi\/san-pham\/flight-case-clasps-loa502\/","url":"https:\/\/sxflightcase.com\/vi\/san-pham\/flight-case-clasps-loa502\/","name":"Flight Case Clasps LOA502 - https:\/\/sxflightcase.com \ud83d\udc97","isPartOf":{"@id":"https:\/\/sxflightcase.com\/th\/#website"},"primaryImageOfPage":{"@id":"https:\/\/sxflightcase.com\/vi\/san-pham\/flight-case-clasps-loa502\/#primaryimage"},"image":{"@id":"https:\/\/sxflightcase.com\/vi\/san-pham\/flight-case-clasps-loa502\/#primaryimage"},"thumbnailUrl":"https:\/\/sxflightcase.com\/wp-content\/uploads\/2024\/07\/LOA502.jpg","datePublished":"2024-08-02T06:38:09+00:00","dateModified":"2024-08-02T06:38:10+00:00","description":"Fechos para malas de transporte, diretos da f\u00e1brica! Fechos dur\u00e1veis e de alta qualidade, concebidos para um fecho seguro e um manuseamento f\u00e1cil das malas de viagem, protegendo o seu equipamento durante o transporte.","breadcrumb":{"@id":"https:\/\/sxflightcase.com\/vi\/san-pham\/flight-case-clasps-loa502\/#breadcrumb"},"inLanguage":"pt-PT","potentialAction":[{"@type":"ReadAction","target":["https:\/\/sxflightcase.com\/vi\/san-pham\/flight-case-clasps-loa502\/"]}]},{"@type":"ImageObject","inLanguage":"pt-PT","@id":"https:\/\/sxflightcase.com\/vi\/san-pham\/flight-case-clasps-loa502\/#primaryimage","url":"https:\/\/sxflightcase.com\/wp-content\/uploads\/2024\/07\/LOA502.jpg","contentUrl":"https:\/\/sxflightcase.com\/wp-content\/uploads\/2024\/07\/LOA502.jpg","width":520,"height":391,"caption":"flight case clasps"},{"@type":"BreadcrumbList","@id":"https:\/\/sxflightcase.com\/vi\/san-pham\/flight-case-clasps-loa502\/#breadcrumb","itemListElement":[{"@type":"ListItem","position":1,"name":"Home","item":"https:\/\/sxflightcase.com\/"},{"@type":"ListItem","position":2,"name":"\u0e2a\u0e34\u0e19\u0e04\u0e49\u0e32","item":"https:\/\/sxflightcase.com\/th\/shop\/"},{"@type":"ListItem","position":3,"name":"Flight Case Clasps LOA502"}]},{"@type":"WebSite","@id":"https:\/\/sxflightcase.com\/th\/#website","url":"https:\/\/sxflightcase.com\/th\/","name":"sxpowercase.com","description":"F\u00e1brica de malas de voo","publisher":{"@id":"https:\/\/sxflightcase.com\/th\/#organization"},"potentialAction":[{"@type":"SearchAction","target":{"@type":"EntryPoint","urlTemplate":"https:\/\/sxflightcase.com\/th\/?s={search_term_string}"},"query-input":{"@type":"PropertyValueSpecification","valueRequired":true,"valueName":"search_term_string"}}],"inLanguage":"pt-PT"},{"@type":"Organization","@id":"https:\/\/sxflightcase.com\/th\/#organization","name":"sxpowercase.com","url":"https:\/\/sxflightcase.com\/th\/","logo":{"@type":"ImageObject","inLanguage":"pt-PT","@id":"https:\/\/sxflightcase.com\/th\/#\/schema\/logo\/image\/","url":"https:\/\/sxflightcase.com\/wp-content\/uploads\/2024\/04\/1713919036007.jpg","contentUrl":"https:\/\/sxflightcase.com\/wp-content\/uploads\/2024\/04\/1713919036007.jpg","width":382,"height":388,"caption":"sxpowercase.com"},"image":{"@id":"https:\/\/sxflightcase.com\/th\/#\/schema\/logo\/image\/"},"sameAs":["https:\/\/www.facebook.com\/profile.php?id=61560407257971"],"numberOfEmployees":{"@type":"QuantitativeValue","minValue":"11","maxValue":"50"}}]}},"_links":{"self":[{"href":"https:\/\/sxflightcase.com\/pt\/wp-json\/wp\/v2\/product\/3928","targetHints":{"allow":["GET"]}}],"collection":[{"href":"https:\/\/sxflightcase.com\/pt\/wp-json\/wp\/v2\/product"}],"about":[{"href":"https:\/\/sxflightcase.com\/pt\/wp-json\/wp\/v2\/types\/product"}],"replies":[{"embeddable":true,"href":"https:\/\/sxflightcase.com\/pt\/wp-json\/wp\/v2\/comments?post=3928"}],"version-history":[{"count":0,"href":"https:\/\/sxflightcase.com\/pt\/wp-json\/wp\/v2\/product\/3928\/revisions"}],"wp:featuredmedia":[{"embeddable":true,"href":"https:\/\/sxflightcase.com\/pt\/wp-json\/wp\/v2\/media\/3793"}],"wp:attachment":[{"href":"https:\/\/sxflightcase.com\/pt\/wp-json\/wp\/v2\/media?parent=3928"}],"wp:term":[{"taxonomy":"product_brand","embeddable":true,"href":"https:\/\/sxflightcase.com\/pt\/wp-json\/wp\/v2\/product_brand?post=3928"},{"taxonomy":"product_cat","embeddable":true,"href":"https:\/\/sxflightcase.com\/pt\/wp-json\/wp\/v2\/product_cat?post=3928"},{"taxonomy":"product_tag","embeddable":true,"href":"https:\/\/sxflightcase.com\/pt\/wp-json\/wp\/v2\/product_tag?post=3928"}],"curies":[{"name":"wp","href":"https:\/\/api.w.org\/{rel}","templated":true}]}}