{"id":3979,"date":"2024-08-07T07:30:56","date_gmt":"2024-08-07T06:30:56","guid":{"rendered":"https:\/\/sxpowercase.com\/?post_type=product&#038;p=3979"},"modified":"2024-08-07T07:30:57","modified_gmt":"2024-08-07T06:30:57","slug":"locking-butterfly-latch-loc402","status":"publish","type":"product","link":"https:\/\/sxflightcase.com\/pt\/produto\/trinco-de-borboleta-de-bloqueio-loc402\/","title":{"rendered":"Fecho de borboleta de bloqueio LOC402"},"content":{"rendered":"<h3>Proteja o seu equipamento com o fecho borboleta de bloqueio SX<\/h3>\n<h4>Diretamente da f\u00e1brica para qualidade e poupan\u00e7a<\/h4>\n<p>Na SX, compreendemos a import\u00e2ncia de manter o seu valioso equipamento seguro durante o transporte. Os nossos <strong>fecho de borboleta de bloqueio<\/strong> \u00e9 a solu\u00e7\u00e3o perfeita para garantir a seguran\u00e7a do seu equipamento. Ao oferecer pre\u00e7os diretos de f\u00e1brica, eliminamos o intermedi\u00e1rio, permitindo-nos fornecer fechos de alta qualidade a baixo custo. Isto significa que pode usufruir de uma seguran\u00e7a fi\u00e1vel sem gastar muito dinheiro.<\/p>\n<h4>Constru\u00e7\u00e3o dur\u00e1vel e fi\u00e1vel<\/h4>\n<p>O <strong>fecho de borboleta de bloqueio<\/strong> de <a href=\"https:\/\/sxpowercase.com\/\" target=\"_blank\" rel=\"noopener\" title=\"SX\" data-wpil-monitor-id=\"633\">SX<\/a> foi concebido a pensar na durabilidade. Fabricados com materiais robustos, estes fechos foram concebidos para resistir aos rigores da utiliza\u00e7\u00e3o frequente. Quer seja um m\u00fasico em digress\u00e3o, um fot\u00f3grafo ou um profissional de eventos, pode confiar nos nossos fechos para manter o seu equipamento seguro e protegido. A carater\u00edstica de bloqueio acrescenta uma camada extra de prote\u00e7\u00e3o, garantindo que os seus artigos est\u00e3o sempre seguros.<\/p>\n<h4>Instala\u00e7\u00e3o f\u00e1cil e op\u00e7\u00f5es personalizadas<\/h4>\n<p>O nosso <strong>fecho de borboleta de bloqueio<\/strong> \u00e9 simples de instalar, tornando f\u00e1cil para qualquer pessoa atualizar as suas caixas de voo. Tamb\u00e9m oferecemos op\u00e7\u00f5es de personaliza\u00e7\u00e3o para atender \u00e0s suas necessidades espec\u00edficas. Quer necessite de um determinado tamanho, acabamento ou carater\u00edsticas adicionais, a SX pode fornecer um trinco que se adapte perfeitamente \u00e0 sua mala. A personaliza\u00e7\u00e3o garante um ajuste perfeito e aumenta a seguran\u00e7a geral do seu equipamento.<\/p>\n<h4>Normas de garantia de alta qualidade<\/h4>\n<p>A SX est\u00e1 empenhada em fornecer produtos que satisfa\u00e7am os mais elevados padr\u00f5es de qualidade. Cada <strong>fecho de borboleta de bloqueio<\/strong> s\u00e3o submetidos a testes rigorosos para garantir que cumprem os nossos crit\u00e9rios rigorosos de resist\u00eancia, fiabilidade e durabilidade. O nosso enfoque na garantia de qualidade assegura que os nossos fechos proporcionam um desempenho consistente e fi\u00e1vel, dando-lhe paz de esp\u00edrito quando transporta o seu valioso equipamento.<\/p>\n<h4>Porqu\u00ea escolher a SX?<\/h4>\n<p>Escolher a SX significa escolher a paz de esp\u00edrito. Os nossos <strong>fecho de borboleta de bloqueio<\/strong> oferece uma combina\u00e7\u00e3o perfeita de pre\u00e7o acess\u00edvel e qualidade de topo. Orgulhamo-nos dos nossos produtos e garantimos que satisfazem as necessidades dos profissionais que necessitam de hardware seguro e duradouro para as suas malas. A nossa dedica\u00e7\u00e3o \u00e0 satisfa\u00e7\u00e3o do cliente significa que apoiamos os nossos produtos, garantindo que correspondem \u00e0s suas expectativas.<\/p>\n<h4>Suporte especializado e solu\u00e7\u00f5es personalizadas<\/h4>\n<p>Cada projeto \u00e9 \u00fanico, e a SX est\u00e1 aqui para fornecer a solu\u00e7\u00e3o perfeita para as suas necessidades. A nossa equipa de especialistas est\u00e1 dispon\u00edvel para ajudar nas encomendas personalizadas, garantindo que obt\u00e9m a solu\u00e7\u00e3o certa para cada projeto. <strong>fecho de borboleta de bloqueio<\/strong> para as suas necessidades espec\u00edficas. Contacte-nos hoje para discutir as suas necessidades e descobrir como podemos fornecer-lhe fechos de alta qualidade, de f\u00e1brica, a pre\u00e7os competitivos. Com a SX, pode confiar na fiabilidade e seguran\u00e7a do hardware da sua mala, garantindo que o seu equipamento est\u00e1 sempre protegido.<\/p>\n<p>Contactar agora:<span style=\"color: #0000ff;\"><a style=\"color: #0000ff;\" href=\"https:\/\/sxpowercase.com\/contact-us\/\">https:\/\/sxpowercase.com\/<\/a><\/span><\/p>\n<p>Cat\u00e1logo de produtos de hardware\uff1a<span style=\"color: #3366ff;\"><a style=\"color: #3366ff;\" href=\"https:\/\/sxpowercase.com\/wp-content\/uploads\/2024\/07\/\u4e94\u91d1.pdf\">Cat\u00e1logo de acess\u00f3rios de ferragens<\/a><\/span><\/p>","protected":false},"excerpt":{"rendered":"<div class=\"flex max-w-full flex-col flex-grow\">\n<div class=\"min-h-[20px] text-message flex w-full flex-col items-end gap-2 whitespace-pre-wrap break-words [.text-message+&amp;]:mt-5 overflow-x-auto\" dir=\"auto\" data-message-author-role=\"assistant\" data-message-id=\"ef8d884f-9672-488c-9e51-498098491c76\">\n<div class=\"flex w-full flex-col gap-1 empty:hidden first:pt-[3px]\">\n<div class=\"markdown prose w-full break-words dark:prose-invert light\">\n<h3>Affordable, Secure Locking Butterfly Latches<\/h3>\n<p>Get high-quality locking butterfly latches from SX at factory-direct prices. Our durable latches offer reliable security for your gear without breaking the bank.<\/p>\n<h3>Durable and Customisable<\/h3>\n<p>Built to last, SX locking butterfly latches are made from robust materials and can be customised to fit your specific needs. They provide a secure closure and additional protection with their lockable feature.<\/p>\n<h3>Easy Installation and Quality Assurance<\/h3>\n<p>SX latches are easy to install and rigorously tested for strength and reliability. Trust our products to safeguard your equipment with consistent, dependable performance.<\/p>\n<\/div>\n<\/div>\n<\/div>\n<\/div>\n","protected":false},"featured_media":3799,"comment_status":"open","ping_status":"closed","template":"","meta":[],"product_brand":[],"product_cat":[61],"product_tag":[],"class_list":{"0":"post-3979","1":"product","2":"type-product","3":"status-publish","4":"has-post-thumbnail","6":"product_cat-catchother-locks","8":"first","9":"instock","10":"shipping-taxable","11":"product-type-simple"},"yoast_head":"<!-- This site is optimized with the Yoast SEO Premium plugin v27.1 (Yoast SEO v27.2) - https:\/\/yoast.com\/product\/yoast-seo-premium-wordpress\/ -->\n<title>Locking Butterfly Latch LOC402 - https:\/\/sxflightcase.com \ud83d\udc97<\/title>\n<meta name=\"description\" content=\"Locking butterfly latch, factory direct! High-quality, secure latch with a locking mechanism. Perfect for safeguarding equipment in flight cases and other professional gear.\" \/>\n<meta name=\"robots\" content=\"index, follow, max-snippet:-1, max-image-preview:large, max-video-preview:-1\" \/>\n<link rel=\"canonical\" href=\"https:\/\/sxflightcase.com\/pt\/urun\/ki\u0307li\u0307tli\u0307-kelebek-mandal-loc402-2\/\" \/>\n<meta property=\"og:locale\" content=\"pt_PT\" \/>\n<meta property=\"og:type\" content=\"article\" \/>\n<meta property=\"og:title\" content=\"Locking Butterfly Latch LOC402\" \/>\n<meta property=\"og:description\" content=\"Locking butterfly latch, factory direct! High-quality, secure latch with a locking mechanism. Perfect for safeguarding equipment in flight cases and other professional gear.\" \/>\n<meta property=\"og:url\" content=\"https:\/\/sxflightcase.com\/pt\/urun\/ki\u0307li\u0307tli\u0307-kelebek-mandal-loc402-2\/\" \/>\n<meta property=\"og:site_name\" content=\"https:\/\/sxflightcase.com\" \/>\n<meta property=\"article:publisher\" content=\"https:\/\/www.facebook.com\/profile.php?id=61560407257971\" \/>\n<meta property=\"article:modified_time\" content=\"2024-08-07T06:30:57+00:00\" \/>\n<meta property=\"og:image\" content=\"https:\/\/sxflightcase.com\/wp-content\/uploads\/2024\/07\/LOC402.jpg\" \/>\n\t<meta property=\"og:image:width\" content=\"520\" \/>\n\t<meta property=\"og:image:height\" content=\"446\" \/>\n\t<meta property=\"og:image:type\" content=\"image\/jpeg\" \/>\n<meta name=\"twitter:card\" content=\"summary_large_image\" \/>\n<meta name=\"twitter:label1\" content=\"Tempo estimado de leitura\" \/>\n\t<meta name=\"twitter:data1\" content=\"3 minutos\" \/>\n<script type=\"application\/ld+json\" class=\"yoast-schema-graph\">{\"@context\":\"https:\/\/schema.org\",\"@graph\":[{\"@type\":\"WebPage\",\"@id\":\"https:\/\/sxflightcase.com\/tr\/urun\/ki\u0307li\u0307tli\u0307-kelebek-mandal-loc402-2\/\",\"url\":\"https:\/\/sxflightcase.com\/tr\/urun\/ki\u0307li\u0307tli\u0307-kelebek-mandal-loc402-2\/\",\"name\":\"Locking Butterfly Latch LOC402 - https:\/\/sxflightcase.com \ud83d\udc97\",\"isPartOf\":{\"@id\":\"https:\/\/sxflightcase.com\/th\/#website\"},\"primaryImageOfPage\":{\"@id\":\"https:\/\/sxflightcase.com\/tr\/urun\/ki\u0307li\u0307tli\u0307-kelebek-mandal-loc402-2\/#primaryimage\"},\"image\":{\"@id\":\"https:\/\/sxflightcase.com\/tr\/urun\/ki\u0307li\u0307tli\u0307-kelebek-mandal-loc402-2\/#primaryimage\"},\"thumbnailUrl\":\"https:\/\/sxflightcase.com\/wp-content\/uploads\/2024\/07\/LOC402.jpg\",\"datePublished\":\"2024-08-07T06:30:56+00:00\",\"dateModified\":\"2024-08-07T06:30:57+00:00\",\"description\":\"Locking butterfly latch, factory direct! High-quality, secure latch with a locking mechanism. Perfect for safeguarding equipment in flight cases and other professional gear.\",\"breadcrumb\":{\"@id\":\"https:\/\/sxflightcase.com\/tr\/urun\/ki\u0307li\u0307tli\u0307-kelebek-mandal-loc402-2\/#breadcrumb\"},\"inLanguage\":\"pt-PT\",\"potentialAction\":[{\"@type\":\"ReadAction\",\"target\":[\"https:\/\/sxflightcase.com\/tr\/urun\/ki\u0307li\u0307tli\u0307-kelebek-mandal-loc402-2\/\"]}]},{\"@type\":\"ImageObject\",\"inLanguage\":\"pt-PT\",\"@id\":\"https:\/\/sxflightcase.com\/tr\/urun\/ki\u0307li\u0307tli\u0307-kelebek-mandal-loc402-2\/#primaryimage\",\"url\":\"https:\/\/sxflightcase.com\/wp-content\/uploads\/2024\/07\/LOC402.jpg\",\"contentUrl\":\"https:\/\/sxflightcase.com\/wp-content\/uploads\/2024\/07\/LOC402.jpg\",\"width\":520,\"height\":446,\"caption\":\"Locking Butterfly Latch\"},{\"@type\":\"BreadcrumbList\",\"@id\":\"https:\/\/sxflightcase.com\/tr\/urun\/ki\u0307li\u0307tli\u0307-kelebek-mandal-loc402-2\/#breadcrumb\",\"itemListElement\":[{\"@type\":\"ListItem\",\"position\":1,\"name\":\"Home\",\"item\":\"https:\/\/sxflightcase.com\/\"},{\"@type\":\"ListItem\",\"position\":2,\"name\":\"\u0e2a\u0e34\u0e19\u0e04\u0e49\u0e32\",\"item\":\"https:\/\/sxflightcase.com\/th\/shop\/\"},{\"@type\":\"ListItem\",\"position\":3,\"name\":\"Locking Butterfly Latch LOC402\"}]},{\"@type\":\"WebSite\",\"@id\":\"https:\/\/sxflightcase.com\/th\/#website\",\"url\":\"https:\/\/sxflightcase.com\/th\/\",\"name\":\"sxpowercase.com\",\"description\":\"Flight Case Factory\",\"publisher\":{\"@id\":\"https:\/\/sxflightcase.com\/th\/#organization\"},\"potentialAction\":[{\"@type\":\"SearchAction\",\"target\":{\"@type\":\"EntryPoint\",\"urlTemplate\":\"https:\/\/sxflightcase.com\/th\/?s={search_term_string}\"},\"query-input\":{\"@type\":\"PropertyValueSpecification\",\"valueRequired\":true,\"valueName\":\"search_term_string\"}}],\"inLanguage\":\"pt-PT\"},{\"@type\":\"Organization\",\"@id\":\"https:\/\/sxflightcase.com\/th\/#organization\",\"name\":\"sxpowercase.com\",\"url\":\"https:\/\/sxflightcase.com\/th\/\",\"logo\":{\"@type\":\"ImageObject\",\"inLanguage\":\"pt-PT\",\"@id\":\"https:\/\/sxflightcase.com\/th\/#\/schema\/logo\/image\/\",\"url\":\"https:\/\/sxflightcase.com\/wp-content\/uploads\/2024\/04\/1713919036007.jpg\",\"contentUrl\":\"https:\/\/sxflightcase.com\/wp-content\/uploads\/2024\/04\/1713919036007.jpg\",\"width\":382,\"height\":388,\"caption\":\"sxpowercase.com\"},\"image\":{\"@id\":\"https:\/\/sxflightcase.com\/th\/#\/schema\/logo\/image\/\"},\"sameAs\":[\"https:\/\/www.facebook.com\/profile.php?id=61560407257971\"],\"numberOfEmployees\":{\"@type\":\"QuantitativeValue\",\"minValue\":\"11\",\"maxValue\":\"50\"}}]}<\/script>\n<!-- \/ Yoast SEO Premium plugin. -->","yoast_head_json":{"title":"Locking Butterfly Latch LOC402 - https:\/\/sxflightcase.com \ud83d\udc97","description":"Fecho de borboleta de bloqueio, direto da f\u00e1brica! Fecho de alta qualidade e seguro com um mecanismo de bloqueio. Perfeito para proteger o equipamento em malas de voo e outros equipamentos profissionais.","robots":{"index":"index","follow":"follow","max-snippet":"max-snippet:-1","max-image-preview":"max-image-preview:large","max-video-preview":"max-video-preview:-1"},"canonical":"https:\/\/sxflightcase.com\/pt\/urun\/ki\u0307li\u0307tli\u0307-kelebek-mandal-loc402-2\/","og_locale":"pt_PT","og_type":"article","og_title":"Locking Butterfly Latch LOC402","og_description":"Locking butterfly latch, factory direct! High-quality, secure latch with a locking mechanism. Perfect for safeguarding equipment in flight cases and other professional gear.","og_url":"https:\/\/sxflightcase.com\/pt\/urun\/ki\u0307li\u0307tli\u0307-kelebek-mandal-loc402-2\/","og_site_name":"https:\/\/sxflightcase.com","article_publisher":"https:\/\/www.facebook.com\/profile.php?id=61560407257971","article_modified_time":"2024-08-07T06:30:57+00:00","og_image":[{"width":520,"height":446,"url":"https:\/\/sxflightcase.com\/wp-content\/uploads\/2024\/07\/LOC402.jpg","type":"image\/jpeg"}],"twitter_card":"summary_large_image","twitter_misc":{"Tempo estimado de leitura":"3 minutos"},"schema":{"@context":"https:\/\/schema.org","@graph":[{"@type":"WebPage","@id":"https:\/\/sxflightcase.com\/tr\/urun\/ki\u0307li\u0307tli\u0307-kelebek-mandal-loc402-2\/","url":"https:\/\/sxflightcase.com\/tr\/urun\/ki\u0307li\u0307tli\u0307-kelebek-mandal-loc402-2\/","name":"Locking Butterfly Latch LOC402 - https:\/\/sxflightcase.com \ud83d\udc97","isPartOf":{"@id":"https:\/\/sxflightcase.com\/th\/#website"},"primaryImageOfPage":{"@id":"https:\/\/sxflightcase.com\/tr\/urun\/ki\u0307li\u0307tli\u0307-kelebek-mandal-loc402-2\/#primaryimage"},"image":{"@id":"https:\/\/sxflightcase.com\/tr\/urun\/ki\u0307li\u0307tli\u0307-kelebek-mandal-loc402-2\/#primaryimage"},"thumbnailUrl":"https:\/\/sxflightcase.com\/wp-content\/uploads\/2024\/07\/LOC402.jpg","datePublished":"2024-08-07T06:30:56+00:00","dateModified":"2024-08-07T06:30:57+00:00","description":"Fecho de borboleta de bloqueio, direto da f\u00e1brica! Fecho de alta qualidade e seguro com um mecanismo de bloqueio. Perfeito para proteger o equipamento em malas de voo e outros equipamentos profissionais.","breadcrumb":{"@id":"https:\/\/sxflightcase.com\/tr\/urun\/ki\u0307li\u0307tli\u0307-kelebek-mandal-loc402-2\/#breadcrumb"},"inLanguage":"pt-PT","potentialAction":[{"@type":"ReadAction","target":["https:\/\/sxflightcase.com\/tr\/urun\/ki\u0307li\u0307tli\u0307-kelebek-mandal-loc402-2\/"]}]},{"@type":"ImageObject","inLanguage":"pt-PT","@id":"https:\/\/sxflightcase.com\/tr\/urun\/ki\u0307li\u0307tli\u0307-kelebek-mandal-loc402-2\/#primaryimage","url":"https:\/\/sxflightcase.com\/wp-content\/uploads\/2024\/07\/LOC402.jpg","contentUrl":"https:\/\/sxflightcase.com\/wp-content\/uploads\/2024\/07\/LOC402.jpg","width":520,"height":446,"caption":"Locking Butterfly Latch"},{"@type":"BreadcrumbList","@id":"https:\/\/sxflightcase.com\/tr\/urun\/ki\u0307li\u0307tli\u0307-kelebek-mandal-loc402-2\/#breadcrumb","itemListElement":[{"@type":"ListItem","position":1,"name":"Home","item":"https:\/\/sxflightcase.com\/"},{"@type":"ListItem","position":2,"name":"\u0e2a\u0e34\u0e19\u0e04\u0e49\u0e32","item":"https:\/\/sxflightcase.com\/th\/shop\/"},{"@type":"ListItem","position":3,"name":"Locking Butterfly Latch LOC402"}]},{"@type":"WebSite","@id":"https:\/\/sxflightcase.com\/th\/#website","url":"https:\/\/sxflightcase.com\/th\/","name":"sxpowercase.com","description":"F\u00e1brica de malas de voo","publisher":{"@id":"https:\/\/sxflightcase.com\/th\/#organization"},"potentialAction":[{"@type":"SearchAction","target":{"@type":"EntryPoint","urlTemplate":"https:\/\/sxflightcase.com\/th\/?s={search_term_string}"},"query-input":{"@type":"PropertyValueSpecification","valueRequired":true,"valueName":"search_term_string"}}],"inLanguage":"pt-PT"},{"@type":"Organization","@id":"https:\/\/sxflightcase.com\/th\/#organization","name":"sxpowercase.com","url":"https:\/\/sxflightcase.com\/th\/","logo":{"@type":"ImageObject","inLanguage":"pt-PT","@id":"https:\/\/sxflightcase.com\/th\/#\/schema\/logo\/image\/","url":"https:\/\/sxflightcase.com\/wp-content\/uploads\/2024\/04\/1713919036007.jpg","contentUrl":"https:\/\/sxflightcase.com\/wp-content\/uploads\/2024\/04\/1713919036007.jpg","width":382,"height":388,"caption":"sxpowercase.com"},"image":{"@id":"https:\/\/sxflightcase.com\/th\/#\/schema\/logo\/image\/"},"sameAs":["https:\/\/www.facebook.com\/profile.php?id=61560407257971"],"numberOfEmployees":{"@type":"QuantitativeValue","minValue":"11","maxValue":"50"}}]}},"_links":{"self":[{"href":"https:\/\/sxflightcase.com\/pt\/wp-json\/wp\/v2\/product\/3979","targetHints":{"allow":["GET"]}}],"collection":[{"href":"https:\/\/sxflightcase.com\/pt\/wp-json\/wp\/v2\/product"}],"about":[{"href":"https:\/\/sxflightcase.com\/pt\/wp-json\/wp\/v2\/types\/product"}],"replies":[{"embeddable":true,"href":"https:\/\/sxflightcase.com\/pt\/wp-json\/wp\/v2\/comments?post=3979"}],"version-history":[{"count":0,"href":"https:\/\/sxflightcase.com\/pt\/wp-json\/wp\/v2\/product\/3979\/revisions"}],"wp:featuredmedia":[{"embeddable":true,"href":"https:\/\/sxflightcase.com\/pt\/wp-json\/wp\/v2\/media\/3799"}],"wp:attachment":[{"href":"https:\/\/sxflightcase.com\/pt\/wp-json\/wp\/v2\/media?parent=3979"}],"wp:term":[{"taxonomy":"product_brand","embeddable":true,"href":"https:\/\/sxflightcase.com\/pt\/wp-json\/wp\/v2\/product_brand?post=3979"},{"taxonomy":"product_cat","embeddable":true,"href":"https:\/\/sxflightcase.com\/pt\/wp-json\/wp\/v2\/product_cat?post=3979"},{"taxonomy":"product_tag","embeddable":true,"href":"https:\/\/sxflightcase.com\/pt\/wp-json\/wp\/v2\/product_tag?post=3979"}],"curies":[{"name":"wp","href":"https:\/\/api.w.org\/{rel}","templated":true}]}}