{"id":4007,"date":"2024-08-08T07:22:13","date_gmt":"2024-08-08T06:22:13","guid":{"rendered":"https:\/\/sxpowercase.com\/?post_type=product&#038;p=4007"},"modified":"2024-08-08T07:22:14","modified_gmt":"2024-08-08T06:22:14","slug":"flight-case-handle-haa101","status":"publish","type":"product","link":"https:\/\/sxflightcase.com\/pt\/produto\/pega-da-mala-de-voo-haa101\/","title":{"rendered":"Pega da mala de transporte HAA101"},"content":{"rendered":"<h3>Descubra a qualidade superior com a pega da mala de transporte SX<\/h3>\n<h4>Pre\u00e7os acess\u00edveis diretos da f\u00e1brica<\/h4>\n<p>Na SX, acreditamos que a qualidade de topo deve ser acess\u00edvel a todos. Os nossos <strong>Pega da mala de transporte<\/strong>\u00a0est\u00e3o dispon\u00edveis a pre\u00e7os diretos de f\u00e1brica, garantindo que recebe produtos de alta qualidade sem o pre\u00e7o elevado. Ao vender diretamente a partir das nossas instala\u00e7\u00f5es de fabrico, eliminamos os intermedi\u00e1rios e transferimos as poupan\u00e7as diretamente para si.<\/p>\n<h4>Durabilidade excecional e garantia de qualidade<\/h4>\n<p>SX's <strong>Pegas para malas de transporte<\/strong> s\u00e3o constru\u00eddos para durar. Fabricadas com materiais de primeira qualidade, oferecem uma resist\u00eancia e durabilidade inigual\u00e1veis. Cada pega \u00e9 submetida a rigorosos controlos de garantia de qualidade para assegurar que cumpre os nossos elevados padr\u00f5es. Pode confiar em <a href=\"https:\/\/sxpowercase.com\/\" target=\"_blank\" rel=\"noopener\" title=\"SX\" data-wpil-monitor-id=\"636\">SX<\/a> para pegas que resistem ao teste do tempo, mesmo nas condi\u00e7\u00f5es mais exigentes.<\/p>\n<h4>Personaliza\u00e7\u00e3o para as suas necessidades exclusivas<\/h4>\n<p>Compreendemos que cada projeto tem os seus pr\u00f3prios requisitos. \u00c9 por isso que oferecemos op\u00e7\u00f5es de personaliza\u00e7\u00e3o para os nossos <strong>Pegas para malas de transporte<\/strong>. Quer necessite de um tamanho, material ou design espec\u00edfico, a SX pode adaptar as nossas pegas para satisfazer as suas especifica\u00e7\u00f5es exactas. As pegas personalizadas garantem um ajuste perfeito e melhoram a funcionalidade das suas malas de transporte.<\/p>\n<h4>Desempenho fi\u00e1vel em todas as situa\u00e7\u00f5es<\/h4>\n<p>O nosso <strong>Pegas para malas de transporte<\/strong> s\u00e3o concebidas para funcionar de forma fi\u00e1vel em v\u00e1rios ambientes. Quer esteja a transportar equipamento delicado ou equipamento pesado, as nossas pegas proporcionam uma ader\u00eancia segura e confort\u00e1vel. A constru\u00e7\u00e3o robusta das nossas pegas garante que podem suportar a utiliza\u00e7\u00e3o repetida e o manuseamento brusco, tornando-as ideais para utiliza\u00e7\u00e3o profissional.<\/p>\n<h4>Escolha a SX pela qualidade e fiabilidade<\/h4>\n<p>Quando escolhe a SX, est\u00e1 a escolher uma marca conhecida pela sua qualidade e fiabilidade. Os nossos <strong>Pegas para malas de transporte<\/strong> s\u00e3o fabricados com uma aten\u00e7\u00e3o meticulosa aos pormenores, garantindo que cada pe\u00e7a cumpre as nossas normas rigorosas. Estamos empenhados em fornecer aos nossos clientes produtos que combinam funcionalidade, durabilidade e acessibilidade.<\/p>\n<h4>Suporte e servi\u00e7o especializados<\/h4>\n<p>Na SX, somos mais do que um simples fornecedor; somos o seu parceiro no sucesso. A nossa equipa de especialistas est\u00e1 pronta para o ajudar com quaisquer quest\u00f5es e fornecer orienta\u00e7\u00e3o sobre as melhores solu\u00e7\u00f5es de manuseamento para as suas necessidades. Quer necessite de um \u00fanico <strong>Pega da mala de transporte<\/strong> ou uma encomenda a granel, estamos aqui para garantir que obt\u00e9m exatamente o que precisa.<\/p>\n<h4>Solu\u00e7\u00f5es elegantes e funcionais<\/h4>\n<p>SX's <strong>Pegas para malas de transporte<\/strong> n\u00e3o s\u00f3 oferecem vantagens pr\u00e1ticas, como tamb\u00e9m melhoram o aspeto das suas malas. O design elegante e o acabamento de alta qualidade das nossas pegas conferem um toque de profissionalismo e estilo a qualquer mala de viagem. Confie na SX para lhe fornecer pegas que s\u00e3o t\u00e3o atraentes como funcionais.<\/p>\n<p>Contacte a SX hoje mesmo para saber mais sobre os nossos <strong>Pegas para malas de transporte<\/strong> e descubra como podemos fornecer-lhe solu\u00e7\u00f5es de alta qualidade, econ\u00f3micas e personalizadas para todas as suas necessidades em termos de malas de voo.<\/p>\n<p>Contactar agora:<span style=\"color: #0000ff;\"><a style=\"color: #0000ff;\" href=\"https:\/\/sxpowercase.com\/contact-us\/\">https:\/\/sxpowercase.com\/<\/a><\/span><\/p>\n<p>Cat\u00e1logo de produtos de hardware\uff1a<span style=\"color: #3366ff;\"><a style=\"color: #3366ff;\" href=\"https:\/\/sxpowercase.com\/wp-content\/uploads\/2024\/07\/\u4e94\u91d1.pdf\">Cat\u00e1logo de acess\u00f3rios de ferragens<\/a><\/span><\/p>","protected":false},"excerpt":{"rendered":"<h3>Pegas para malas de transporte acess\u00edveis e de alta qualidade<\/h3>\n<p>A SX oferece pegas para malas de transporte duradouras a pre\u00e7os diretos de f\u00e1brica, eliminando os intermedi\u00e1rios para fornecer produtos de alta qualidade a baixo custo.<\/p>\n<h3>Desempenho personaliz\u00e1vel e fi\u00e1vel<\/h3>\n<p>As nossas pegas, feitas de materiais de primeira qualidade, s\u00e3o personaliz\u00e1veis para satisfazer as suas necessidades exactas, garantindo uma ader\u00eancia segura e confort\u00e1vel em qualquer ambiente.<\/p>\n<h3>Solu\u00e7\u00f5es elegantes e duradouras<\/h3>\n<p>As pegas das malas SX Flight combinam funcionalidade com um design elegante, melhorando o aspeto e o desempenho das suas malas. Contacte-nos para obter solu\u00e7\u00f5es de alta qualidade e a pre\u00e7os acess\u00edveis.<\/p>","protected":false},"featured_media":4022,"comment_status":"open","ping_status":"closed","template":"","meta":[],"product_brand":[],"product_cat":[62],"product_tag":[],"class_list":{"0":"post-4007","1":"product","2":"type-product","3":"status-publish","4":"has-post-thumbnail","6":"product_cat-handles","8":"first","9":"instock","10":"shipping-taxable","11":"product-type-simple"},"yoast_head":"<!-- This site is optimized with the Yoast SEO Premium plugin v27.1 (Yoast SEO v27.2) - https:\/\/yoast.com\/product\/yoast-seo-premium-wordpress\/ -->\n<title>Flight Case Handle HAA101 - https:\/\/sxflightcase.com \ud83d\udc97<\/title>\n<meta name=\"description\" content=\"Flight case handle, factory direct! High-quality, durable handles designed for secure and comfortable transport of flight cases. Perfect for professionals and frequent travelers.\" \/>\n<meta name=\"robots\" content=\"index, follow, max-snippet:-1, max-image-preview:large, max-video-preview:-1\" \/>\n<link rel=\"canonical\" href=\"https:\/\/sxflightcase.com\/pt\/termek\/repulesi-tok-fogantyu-haa101\/\" \/>\n<meta property=\"og:locale\" content=\"pt_PT\" \/>\n<meta property=\"og:type\" content=\"article\" \/>\n<meta property=\"og:title\" content=\"Flight Case Handle HAA101\" \/>\n<meta property=\"og:description\" content=\"Flight case handle, factory direct! High-quality, durable handles designed for secure and comfortable transport of flight cases. Perfect for professionals and frequent travelers.\" \/>\n<meta property=\"og:url\" content=\"https:\/\/sxflightcase.com\/pt\/termek\/repulesi-tok-fogantyu-haa101\/\" \/>\n<meta property=\"og:site_name\" content=\"https:\/\/sxflightcase.com\" \/>\n<meta property=\"article:publisher\" content=\"https:\/\/www.facebook.com\/profile.php?id=61560407257971\" \/>\n<meta property=\"article:modified_time\" content=\"2024-08-08T06:22:14+00:00\" \/>\n<meta property=\"og:image\" content=\"https:\/\/sxflightcase.com\/wp-content\/uploads\/2024\/08\/HAA101.jpg\" \/>\n\t<meta property=\"og:image:width\" content=\"700\" \/>\n\t<meta property=\"og:image:height\" content=\"700\" \/>\n\t<meta property=\"og:image:type\" content=\"image\/jpeg\" \/>\n<meta name=\"twitter:card\" content=\"summary_large_image\" \/>\n<meta name=\"twitter:label1\" content=\"Tempo estimado de leitura\" \/>\n\t<meta name=\"twitter:data1\" content=\"3 minutos\" \/>\n<script type=\"application\/ld+json\" class=\"yoast-schema-graph\">{\"@context\":\"https:\/\/schema.org\",\"@graph\":[{\"@type\":\"WebPage\",\"@id\":\"https:\/\/sxflightcase.com\/hu\/termek\/repulesi-tok-fogantyu-haa101\/\",\"url\":\"https:\/\/sxflightcase.com\/hu\/termek\/repulesi-tok-fogantyu-haa101\/\",\"name\":\"Flight Case Handle HAA101 - https:\/\/sxflightcase.com \ud83d\udc97\",\"isPartOf\":{\"@id\":\"https:\/\/sxflightcase.com\/th\/#website\"},\"primaryImageOfPage\":{\"@id\":\"https:\/\/sxflightcase.com\/hu\/termek\/repulesi-tok-fogantyu-haa101\/#primaryimage\"},\"image\":{\"@id\":\"https:\/\/sxflightcase.com\/hu\/termek\/repulesi-tok-fogantyu-haa101\/#primaryimage\"},\"thumbnailUrl\":\"https:\/\/sxflightcase.com\/wp-content\/uploads\/2024\/08\/HAA101.jpg\",\"datePublished\":\"2024-08-08T06:22:13+00:00\",\"dateModified\":\"2024-08-08T06:22:14+00:00\",\"description\":\"Flight case handle, factory direct! High-quality, durable handles designed for secure and comfortable transport of flight cases. Perfect for professionals and frequent travelers.\",\"breadcrumb\":{\"@id\":\"https:\/\/sxflightcase.com\/hu\/termek\/repulesi-tok-fogantyu-haa101\/#breadcrumb\"},\"inLanguage\":\"pt-PT\",\"potentialAction\":[{\"@type\":\"ReadAction\",\"target\":[\"https:\/\/sxflightcase.com\/hu\/termek\/repulesi-tok-fogantyu-haa101\/\"]}]},{\"@type\":\"ImageObject\",\"inLanguage\":\"pt-PT\",\"@id\":\"https:\/\/sxflightcase.com\/hu\/termek\/repulesi-tok-fogantyu-haa101\/#primaryimage\",\"url\":\"https:\/\/sxflightcase.com\/wp-content\/uploads\/2024\/08\/HAA101.jpg\",\"contentUrl\":\"https:\/\/sxflightcase.com\/wp-content\/uploads\/2024\/08\/HAA101.jpg\",\"width\":700,\"height\":700,\"caption\":\"flight case handle\"},{\"@type\":\"BreadcrumbList\",\"@id\":\"https:\/\/sxflightcase.com\/hu\/termek\/repulesi-tok-fogantyu-haa101\/#breadcrumb\",\"itemListElement\":[{\"@type\":\"ListItem\",\"position\":1,\"name\":\"Home\",\"item\":\"https:\/\/sxflightcase.com\/\"},{\"@type\":\"ListItem\",\"position\":2,\"name\":\"\u0e2a\u0e34\u0e19\u0e04\u0e49\u0e32\",\"item\":\"https:\/\/sxflightcase.com\/th\/shop\/\"},{\"@type\":\"ListItem\",\"position\":3,\"name\":\"Flight Case Handle HAA101\"}]},{\"@type\":\"WebSite\",\"@id\":\"https:\/\/sxflightcase.com\/th\/#website\",\"url\":\"https:\/\/sxflightcase.com\/th\/\",\"name\":\"sxpowercase.com\",\"description\":\"Flight Case Factory\",\"publisher\":{\"@id\":\"https:\/\/sxflightcase.com\/th\/#organization\"},\"potentialAction\":[{\"@type\":\"SearchAction\",\"target\":{\"@type\":\"EntryPoint\",\"urlTemplate\":\"https:\/\/sxflightcase.com\/th\/?s={search_term_string}\"},\"query-input\":{\"@type\":\"PropertyValueSpecification\",\"valueRequired\":true,\"valueName\":\"search_term_string\"}}],\"inLanguage\":\"pt-PT\"},{\"@type\":\"Organization\",\"@id\":\"https:\/\/sxflightcase.com\/th\/#organization\",\"name\":\"sxpowercase.com\",\"url\":\"https:\/\/sxflightcase.com\/th\/\",\"logo\":{\"@type\":\"ImageObject\",\"inLanguage\":\"pt-PT\",\"@id\":\"https:\/\/sxflightcase.com\/th\/#\/schema\/logo\/image\/\",\"url\":\"https:\/\/sxflightcase.com\/wp-content\/uploads\/2024\/04\/1713919036007.jpg\",\"contentUrl\":\"https:\/\/sxflightcase.com\/wp-content\/uploads\/2024\/04\/1713919036007.jpg\",\"width\":382,\"height\":388,\"caption\":\"sxpowercase.com\"},\"image\":{\"@id\":\"https:\/\/sxflightcase.com\/th\/#\/schema\/logo\/image\/\"},\"sameAs\":[\"https:\/\/www.facebook.com\/profile.php?id=61560407257971\"],\"numberOfEmployees\":{\"@type\":\"QuantitativeValue\",\"minValue\":\"11\",\"maxValue\":\"50\"}}]}<\/script>\n<!-- \/ Yoast SEO Premium plugin. -->","yoast_head_json":{"title":"Flight Case Handle HAA101 - https:\/\/sxflightcase.com \ud83d\udc97","description":"Pega de mala de transporte, direta da f\u00e1brica! Pegas duradouras e de alta qualidade, concebidas para o transporte seguro e confort\u00e1vel de malas de viagem. Perfeitas para profissionais e viajantes frequentes.","robots":{"index":"index","follow":"follow","max-snippet":"max-snippet:-1","max-image-preview":"max-image-preview:large","max-video-preview":"max-video-preview:-1"},"canonical":"https:\/\/sxflightcase.com\/pt\/termek\/repulesi-tok-fogantyu-haa101\/","og_locale":"pt_PT","og_type":"article","og_title":"Flight Case Handle HAA101","og_description":"Flight case handle, factory direct! High-quality, durable handles designed for secure and comfortable transport of flight cases. Perfect for professionals and frequent travelers.","og_url":"https:\/\/sxflightcase.com\/pt\/termek\/repulesi-tok-fogantyu-haa101\/","og_site_name":"https:\/\/sxflightcase.com","article_publisher":"https:\/\/www.facebook.com\/profile.php?id=61560407257971","article_modified_time":"2024-08-08T06:22:14+00:00","og_image":[{"width":700,"height":700,"url":"https:\/\/sxflightcase.com\/wp-content\/uploads\/2024\/08\/HAA101.jpg","type":"image\/jpeg"}],"twitter_card":"summary_large_image","twitter_misc":{"Tempo estimado de leitura":"3 minutos"},"schema":{"@context":"https:\/\/schema.org","@graph":[{"@type":"WebPage","@id":"https:\/\/sxflightcase.com\/hu\/termek\/repulesi-tok-fogantyu-haa101\/","url":"https:\/\/sxflightcase.com\/hu\/termek\/repulesi-tok-fogantyu-haa101\/","name":"Flight Case Handle HAA101 - https:\/\/sxflightcase.com \ud83d\udc97","isPartOf":{"@id":"https:\/\/sxflightcase.com\/th\/#website"},"primaryImageOfPage":{"@id":"https:\/\/sxflightcase.com\/hu\/termek\/repulesi-tok-fogantyu-haa101\/#primaryimage"},"image":{"@id":"https:\/\/sxflightcase.com\/hu\/termek\/repulesi-tok-fogantyu-haa101\/#primaryimage"},"thumbnailUrl":"https:\/\/sxflightcase.com\/wp-content\/uploads\/2024\/08\/HAA101.jpg","datePublished":"2024-08-08T06:22:13+00:00","dateModified":"2024-08-08T06:22:14+00:00","description":"Pega de mala de transporte, direta da f\u00e1brica! Pegas duradouras e de alta qualidade, concebidas para o transporte seguro e confort\u00e1vel de malas de viagem. Perfeitas para profissionais e viajantes frequentes.","breadcrumb":{"@id":"https:\/\/sxflightcase.com\/hu\/termek\/repulesi-tok-fogantyu-haa101\/#breadcrumb"},"inLanguage":"pt-PT","potentialAction":[{"@type":"ReadAction","target":["https:\/\/sxflightcase.com\/hu\/termek\/repulesi-tok-fogantyu-haa101\/"]}]},{"@type":"ImageObject","inLanguage":"pt-PT","@id":"https:\/\/sxflightcase.com\/hu\/termek\/repulesi-tok-fogantyu-haa101\/#primaryimage","url":"https:\/\/sxflightcase.com\/wp-content\/uploads\/2024\/08\/HAA101.jpg","contentUrl":"https:\/\/sxflightcase.com\/wp-content\/uploads\/2024\/08\/HAA101.jpg","width":700,"height":700,"caption":"flight case handle"},{"@type":"BreadcrumbList","@id":"https:\/\/sxflightcase.com\/hu\/termek\/repulesi-tok-fogantyu-haa101\/#breadcrumb","itemListElement":[{"@type":"ListItem","position":1,"name":"Home","item":"https:\/\/sxflightcase.com\/"},{"@type":"ListItem","position":2,"name":"\u0e2a\u0e34\u0e19\u0e04\u0e49\u0e32","item":"https:\/\/sxflightcase.com\/th\/shop\/"},{"@type":"ListItem","position":3,"name":"Flight Case Handle HAA101"}]},{"@type":"WebSite","@id":"https:\/\/sxflightcase.com\/th\/#website","url":"https:\/\/sxflightcase.com\/th\/","name":"sxpowercase.com","description":"F\u00e1brica de malas de voo","publisher":{"@id":"https:\/\/sxflightcase.com\/th\/#organization"},"potentialAction":[{"@type":"SearchAction","target":{"@type":"EntryPoint","urlTemplate":"https:\/\/sxflightcase.com\/th\/?s={search_term_string}"},"query-input":{"@type":"PropertyValueSpecification","valueRequired":true,"valueName":"search_term_string"}}],"inLanguage":"pt-PT"},{"@type":"Organization","@id":"https:\/\/sxflightcase.com\/th\/#organization","name":"sxpowercase.com","url":"https:\/\/sxflightcase.com\/th\/","logo":{"@type":"ImageObject","inLanguage":"pt-PT","@id":"https:\/\/sxflightcase.com\/th\/#\/schema\/logo\/image\/","url":"https:\/\/sxflightcase.com\/wp-content\/uploads\/2024\/04\/1713919036007.jpg","contentUrl":"https:\/\/sxflightcase.com\/wp-content\/uploads\/2024\/04\/1713919036007.jpg","width":382,"height":388,"caption":"sxpowercase.com"},"image":{"@id":"https:\/\/sxflightcase.com\/th\/#\/schema\/logo\/image\/"},"sameAs":["https:\/\/www.facebook.com\/profile.php?id=61560407257971"],"numberOfEmployees":{"@type":"QuantitativeValue","minValue":"11","maxValue":"50"}}]}},"_links":{"self":[{"href":"https:\/\/sxflightcase.com\/pt\/wp-json\/wp\/v2\/product\/4007","targetHints":{"allow":["GET"]}}],"collection":[{"href":"https:\/\/sxflightcase.com\/pt\/wp-json\/wp\/v2\/product"}],"about":[{"href":"https:\/\/sxflightcase.com\/pt\/wp-json\/wp\/v2\/types\/product"}],"replies":[{"embeddable":true,"href":"https:\/\/sxflightcase.com\/pt\/wp-json\/wp\/v2\/comments?post=4007"}],"version-history":[{"count":0,"href":"https:\/\/sxflightcase.com\/pt\/wp-json\/wp\/v2\/product\/4007\/revisions"}],"wp:featuredmedia":[{"embeddable":true,"href":"https:\/\/sxflightcase.com\/pt\/wp-json\/wp\/v2\/media\/4022"}],"wp:attachment":[{"href":"https:\/\/sxflightcase.com\/pt\/wp-json\/wp\/v2\/media?parent=4007"}],"wp:term":[{"taxonomy":"product_brand","embeddable":true,"href":"https:\/\/sxflightcase.com\/pt\/wp-json\/wp\/v2\/product_brand?post=4007"},{"taxonomy":"product_cat","embeddable":true,"href":"https:\/\/sxflightcase.com\/pt\/wp-json\/wp\/v2\/product_cat?post=4007"},{"taxonomy":"product_tag","embeddable":true,"href":"https:\/\/sxflightcase.com\/pt\/wp-json\/wp\/v2\/product_tag?post=4007"}],"curies":[{"name":"wp","href":"https:\/\/api.w.org\/{rel}","templated":true}]}}