{"id":4038,"date":"2024-08-08T09:06:31","date_gmt":"2024-08-08T08:06:31","guid":{"rendered":"https:\/\/sxpowercase.com\/?post_type=product&#038;p=4038"},"modified":"2024-08-08T09:06:32","modified_gmt":"2024-08-08T08:06:32","slug":"accessories-recessed-handle-haa203","status":"publish","type":"product","link":"https:\/\/sxflightcase.com\/pt\/produto\/acessorios-pega-de-encastrar-haa203\/","title":{"rendered":"Acess\u00f3rios Pega de encastrar HAA203"},"content":{"rendered":"<h3>Descubra o puxador de encastrar dos Acess\u00f3rios Premium da SX<\/h3>\n<h4>Pre\u00e7os diretos da f\u00e1brica para um valor imbat\u00edvel<\/h4>\n<p>Na SX, acreditamos que o hardware de alta qualidade deve ser acess\u00edvel a todos. Os nossos <strong>Acess\u00f3rios Pega de encastrar<\/strong> \u00e9 oferecido a pre\u00e7os diretos de f\u00e1brica, garantindo que recebe produtos de topo a pre\u00e7os acess\u00edveis. Ao eliminarmos os intermedi\u00e1rios, transferimos as poupan\u00e7as diretamente para si.<\/p>\n<h4>Constru\u00eddo para durar com materiais superiores<\/h4>\n<p>A durabilidade est\u00e1 no centro da filosofia de design da SX. Os nossos <strong>Acess\u00f3rios Pega de encastrar<\/strong> \u00e9 fabricado com materiais de alta qualidade, garantindo um desempenho duradouro. Isto assegura que os nossos cabos podem suportar os rigores da utiliza\u00e7\u00e3o di\u00e1ria, tornando-os uma escolha fi\u00e1vel para qualquer projeto.<\/p>\n<h4>Personaliz\u00e1vel para satisfazer as suas necessidades<\/h4>\n<p>Cada projeto tem requisitos \u00fanicos, e <a href=\"https:\/\/sxpowercase.com\/\" target=\"_blank\" rel=\"noopener\" title=\"SX\" data-wpil-monitor-id=\"639\">SX<\/a> compreende esta necessidade de personaliza\u00e7\u00e3o. Os nossos <strong>Acess\u00f3rios Pega de encastrar<\/strong> podem ser adaptados \u00e0s suas necessidades espec\u00edficas, quer se trate de tamanho, forma ou acabamento. Esta flexibilidade permite-lhe integrar os nossos puxadores sem problemas nos seus projectos.<\/p>\n<h4>Compromisso com a garantia de qualidade<\/h4>\n<p>A SX dedica-se a fornecer produtos da mais elevada qualidade. Cada <strong>Acess\u00f3rios Pega de encastrar<\/strong> \u00e9 submetido a rigorosos processos de controlo de qualidade para garantir que cumpre as nossas rigorosas normas. Este compromisso com a excel\u00eancia garante que recebe um produto em que pode confiar.<\/p>\n<h4>Design elegante e funcional<\/h4>\n<p>SX's <strong>Acess\u00f3rios Pega de encastrar<\/strong> combina um design elegante com uma funcionalidade pr\u00e1tica. Os nossos puxadores n\u00e3o s\u00f3 s\u00e3o f\u00e1ceis de utilizar, como tamb\u00e9m melhoram o aspeto est\u00e9tico dos seus projectos. Com a SX, obt\u00e9m hardware que \u00e9 simultaneamente elegante e eficiente.<\/p>\n<h4>Apoio ao cliente excecional<\/h4>\n<p>Escolher a SX significa ter o apoio de uma equipa empenhada no seu sucesso. A nossa equipa de apoio ao cliente est\u00e1 sempre dispon\u00edvel para o ajudar com quaisquer quest\u00f5es ou preocupa\u00e7\u00f5es. Quer necessite de orienta\u00e7\u00e3o na sele\u00e7\u00e3o de produtos ou de ajuda com a sua encomenda, estamos aqui para o apoiar em todas as etapas do processo.<\/p>\n<h4>Aplica\u00e7\u00f5es vers\u00e1teis<\/h4>\n<p>O <strong>Acess\u00f3rios Pega de encastrar<\/strong> da SX \u00e9 vers\u00e1til e adequado para v\u00e1rias aplica\u00e7\u00f5es. Desde caixas de transporte a\u00e9reo a equipamento industrial, os nossos punhos foram concebidos para responder \u00e0s exig\u00eancias de diferentes projectos. A sua constru\u00e7\u00e3o robusta e o seu desempenho fi\u00e1vel tornam-nas ideais tanto para profissionais como para entusiastas da bricolage.<\/p>\n<h4>Porque \u00e9 que a SX se destaca<\/h4>\n<p>A SX distingue-se pela sua dedica\u00e7\u00e3o \u00e0 qualidade, acessibilidade e satisfa\u00e7\u00e3o do cliente. Os nossos <strong>Acess\u00f3rios Pega de encastrar<\/strong> exemplifica o nosso empenho em oferecer o melhor em termos de design, durabilidade e funcionalidade. Quando escolhe a SX, est\u00e1 a investir em produtos que aumentam o valor e o desempenho dos seus projectos.<\/p>\n<h4>Contactar a SX hoje<\/h4>\n<p>Explore a nossa gama de <strong>Acess\u00f3rios Pega de encastrar<\/strong> e veja como a SX pode fornecer a solu\u00e7\u00e3o perfeita para as suas necessidades de puxadores. Com pre\u00e7os diretos de f\u00e1brica, qualidade garantida e op\u00e7\u00f5es personaliz\u00e1veis, a SX \u00e9 a sua fonte de hardware de primeira qualidade. Entre em contacto connosco hoje e descubra a diferen\u00e7a que a SX pode fazer no seu pr\u00f3ximo projeto.<\/p>\n<p>Contactar agora:<span style=\"color: #0000ff;\"><a style=\"color: #0000ff;\" href=\"https:\/\/sxpowercase.com\/contact-us\/\">https:\/\/sxpowercase.com\/<\/a><\/span><\/p>\n<p>Cat\u00e1logo de produtos de hardware\uff1a<span style=\"color: #3366ff;\"><a style=\"color: #3366ff;\" href=\"https:\/\/sxpowercase.com\/wp-content\/uploads\/2024\/07\/\u4e94\u91d1.pdf\">Cat\u00e1logo de acess\u00f3rios de ferragens<\/a><\/span><\/p>","protected":false},"excerpt":{"rendered":"<h3>Pega de encastrar da SX Accessories: Qualidade Premium a pre\u00e7os diretos de f\u00e1brica<\/h3>\n<p>Obtenha hardware de primeira qualidade a pre\u00e7os acess\u00edveis com os pre\u00e7os diretos de f\u00e1brica da SX. O nosso puxador embutido para acess\u00f3rios oferece um valor excecional sem comprometer a qualidade.<\/p>\n<h3>Dur\u00e1vel, personaliz\u00e1vel e com estilo<\/h3>\n<p>Fabricado a partir de materiais de alta qualidade, o puxador de encastrar para acess\u00f3rios da SX foi concebido para durar e pode ser personalizado para se adaptar \u00e0s suas necessidades espec\u00edficas. O seu design elegante melhora a funcionalidade e a est\u00e9tica.<\/p>\n<h3>Confie na SX para obter solu\u00e7\u00f5es vers\u00e1teis<\/h3>\n<p>O puxador de encastrar dos acess\u00f3rios SX \u00e9 ideal para v\u00e1rias aplica\u00e7\u00f5es, apoiado por uma garantia de qualidade rigorosa e um apoio ao cliente excecional. Melhore os seus projectos com os nossos puxadores fi\u00e1veis e elegantes.<\/p>","protected":false},"featured_media":4025,"comment_status":"open","ping_status":"closed","template":"","meta":[],"product_brand":[],"product_cat":[62],"product_tag":[],"class_list":{"0":"post-4038","1":"product","2":"type-product","3":"status-publish","4":"has-post-thumbnail","6":"product_cat-handles","8":"first","9":"instock","10":"shipping-taxable","11":"product-type-simple"},"yoast_head":"<!-- This site is optimized with the Yoast SEO Premium plugin v27.1 (Yoast SEO v27.2) - https:\/\/yoast.com\/product\/yoast-seo-premium-wordpress\/ -->\n<title>Accessories Recessed Handle HAA203 - https:\/\/sxflightcase.com \ud83d\udc97<\/title>\n<meta name=\"description\" content=\"Accessories recessed handle, factory direct! High-quality, durable handles designed for flush mounting. Ideal for flight cases, cabinets, and equipment, ensuring secure and comfortable use.\" \/>\n<meta name=\"robots\" content=\"index, follow, max-snippet:-1, max-image-preview:large, max-video-preview:-1\" \/>\n<link rel=\"canonical\" href=\"https:\/\/sxflightcase.com\/pt\/termek\/tartozekok-sullyesztett-fogantyu-haa203\/\" \/>\n<meta property=\"og:locale\" content=\"pt_PT\" \/>\n<meta property=\"og:type\" content=\"article\" \/>\n<meta property=\"og:title\" content=\"Accessories Recessed Handle HAA203\" \/>\n<meta property=\"og:description\" content=\"Accessories recessed handle, factory direct! High-quality, durable handles designed for flush mounting. Ideal for flight cases, cabinets, and equipment, ensuring secure and comfortable use.\" \/>\n<meta property=\"og:url\" content=\"https:\/\/sxflightcase.com\/pt\/termek\/tartozekok-sullyesztett-fogantyu-haa203\/\" \/>\n<meta property=\"og:site_name\" content=\"https:\/\/sxflightcase.com\" \/>\n<meta property=\"article:publisher\" content=\"https:\/\/www.facebook.com\/profile.php?id=61560407257971\" \/>\n<meta property=\"article:modified_time\" content=\"2024-08-08T08:06:32+00:00\" \/>\n<meta property=\"og:image\" content=\"https:\/\/sxflightcase.com\/wp-content\/uploads\/2024\/08\/HAA203.jpg\" \/>\n\t<meta property=\"og:image:width\" content=\"700\" \/>\n\t<meta property=\"og:image:height\" content=\"700\" \/>\n\t<meta property=\"og:image:type\" content=\"image\/jpeg\" \/>\n<meta name=\"twitter:card\" content=\"summary_large_image\" \/>\n<meta name=\"twitter:label1\" content=\"Tempo estimado de leitura\" \/>\n\t<meta name=\"twitter:data1\" content=\"3 minutos\" \/>\n<script type=\"application\/ld+json\" class=\"yoast-schema-graph\">{\"@context\":\"https:\/\/schema.org\",\"@graph\":[{\"@type\":\"WebPage\",\"@id\":\"https:\/\/sxflightcase.com\/hu\/termek\/tartozekok-sullyesztett-fogantyu-haa203\/\",\"url\":\"https:\/\/sxflightcase.com\/hu\/termek\/tartozekok-sullyesztett-fogantyu-haa203\/\",\"name\":\"Accessories Recessed Handle HAA203 - https:\/\/sxflightcase.com \ud83d\udc97\",\"isPartOf\":{\"@id\":\"https:\/\/sxflightcase.com\/th\/#website\"},\"primaryImageOfPage\":{\"@id\":\"https:\/\/sxflightcase.com\/hu\/termek\/tartozekok-sullyesztett-fogantyu-haa203\/#primaryimage\"},\"image\":{\"@id\":\"https:\/\/sxflightcase.com\/hu\/termek\/tartozekok-sullyesztett-fogantyu-haa203\/#primaryimage\"},\"thumbnailUrl\":\"https:\/\/sxflightcase.com\/wp-content\/uploads\/2024\/08\/HAA203.jpg\",\"datePublished\":\"2024-08-08T08:06:31+00:00\",\"dateModified\":\"2024-08-08T08:06:32+00:00\",\"description\":\"Accessories recessed handle, factory direct! High-quality, durable handles designed for flush mounting. Ideal for flight cases, cabinets, and equipment, ensuring secure and comfortable use.\",\"breadcrumb\":{\"@id\":\"https:\/\/sxflightcase.com\/hu\/termek\/tartozekok-sullyesztett-fogantyu-haa203\/#breadcrumb\"},\"inLanguage\":\"pt-PT\",\"potentialAction\":[{\"@type\":\"ReadAction\",\"target\":[\"https:\/\/sxflightcase.com\/hu\/termek\/tartozekok-sullyesztett-fogantyu-haa203\/\"]}]},{\"@type\":\"ImageObject\",\"inLanguage\":\"pt-PT\",\"@id\":\"https:\/\/sxflightcase.com\/hu\/termek\/tartozekok-sullyesztett-fogantyu-haa203\/#primaryimage\",\"url\":\"https:\/\/sxflightcase.com\/wp-content\/uploads\/2024\/08\/HAA203.jpg\",\"contentUrl\":\"https:\/\/sxflightcase.com\/wp-content\/uploads\/2024\/08\/HAA203.jpg\",\"width\":700,\"height\":700,\"caption\":\"Accessories Recessed Handle\"},{\"@type\":\"BreadcrumbList\",\"@id\":\"https:\/\/sxflightcase.com\/hu\/termek\/tartozekok-sullyesztett-fogantyu-haa203\/#breadcrumb\",\"itemListElement\":[{\"@type\":\"ListItem\",\"position\":1,\"name\":\"Home\",\"item\":\"https:\/\/sxflightcase.com\/\"},{\"@type\":\"ListItem\",\"position\":2,\"name\":\"\u0e2a\u0e34\u0e19\u0e04\u0e49\u0e32\",\"item\":\"https:\/\/sxflightcase.com\/th\/shop\/\"},{\"@type\":\"ListItem\",\"position\":3,\"name\":\"Accessories Recessed Handle HAA203\"}]},{\"@type\":\"WebSite\",\"@id\":\"https:\/\/sxflightcase.com\/th\/#website\",\"url\":\"https:\/\/sxflightcase.com\/th\/\",\"name\":\"sxpowercase.com\",\"description\":\"Flight Case Factory\",\"publisher\":{\"@id\":\"https:\/\/sxflightcase.com\/th\/#organization\"},\"potentialAction\":[{\"@type\":\"SearchAction\",\"target\":{\"@type\":\"EntryPoint\",\"urlTemplate\":\"https:\/\/sxflightcase.com\/th\/?s={search_term_string}\"},\"query-input\":{\"@type\":\"PropertyValueSpecification\",\"valueRequired\":true,\"valueName\":\"search_term_string\"}}],\"inLanguage\":\"pt-PT\"},{\"@type\":\"Organization\",\"@id\":\"https:\/\/sxflightcase.com\/th\/#organization\",\"name\":\"sxpowercase.com\",\"url\":\"https:\/\/sxflightcase.com\/th\/\",\"logo\":{\"@type\":\"ImageObject\",\"inLanguage\":\"pt-PT\",\"@id\":\"https:\/\/sxflightcase.com\/th\/#\/schema\/logo\/image\/\",\"url\":\"https:\/\/sxflightcase.com\/wp-content\/uploads\/2024\/04\/1713919036007.jpg\",\"contentUrl\":\"https:\/\/sxflightcase.com\/wp-content\/uploads\/2024\/04\/1713919036007.jpg\",\"width\":382,\"height\":388,\"caption\":\"sxpowercase.com\"},\"image\":{\"@id\":\"https:\/\/sxflightcase.com\/th\/#\/schema\/logo\/image\/\"},\"sameAs\":[\"https:\/\/www.facebook.com\/profile.php?id=61560407257971\"],\"numberOfEmployees\":{\"@type\":\"QuantitativeValue\",\"minValue\":\"11\",\"maxValue\":\"50\"}}]}<\/script>\n<!-- \/ Yoast SEO Premium plugin. -->","yoast_head_json":{"title":"Accessories Recessed Handle HAA203 - https:\/\/sxflightcase.com \ud83d\udc97","description":"Pega de encastrar para acess\u00f3rios, direta da f\u00e1brica! Pegas de alta qualidade e duradouras concebidas para montagem embutida. Ideal para caixas de transporte, arm\u00e1rios e equipamento, garantindo uma utiliza\u00e7\u00e3o segura e confort\u00e1vel.","robots":{"index":"index","follow":"follow","max-snippet":"max-snippet:-1","max-image-preview":"max-image-preview:large","max-video-preview":"max-video-preview:-1"},"canonical":"https:\/\/sxflightcase.com\/pt\/termek\/tartozekok-sullyesztett-fogantyu-haa203\/","og_locale":"pt_PT","og_type":"article","og_title":"Accessories Recessed Handle HAA203","og_description":"Accessories recessed handle, factory direct! High-quality, durable handles designed for flush mounting. Ideal for flight cases, cabinets, and equipment, ensuring secure and comfortable use.","og_url":"https:\/\/sxflightcase.com\/pt\/termek\/tartozekok-sullyesztett-fogantyu-haa203\/","og_site_name":"https:\/\/sxflightcase.com","article_publisher":"https:\/\/www.facebook.com\/profile.php?id=61560407257971","article_modified_time":"2024-08-08T08:06:32+00:00","og_image":[{"width":700,"height":700,"url":"https:\/\/sxflightcase.com\/wp-content\/uploads\/2024\/08\/HAA203.jpg","type":"image\/jpeg"}],"twitter_card":"summary_large_image","twitter_misc":{"Tempo estimado de leitura":"3 minutos"},"schema":{"@context":"https:\/\/schema.org","@graph":[{"@type":"WebPage","@id":"https:\/\/sxflightcase.com\/hu\/termek\/tartozekok-sullyesztett-fogantyu-haa203\/","url":"https:\/\/sxflightcase.com\/hu\/termek\/tartozekok-sullyesztett-fogantyu-haa203\/","name":"Accessories Recessed Handle HAA203 - https:\/\/sxflightcase.com \ud83d\udc97","isPartOf":{"@id":"https:\/\/sxflightcase.com\/th\/#website"},"primaryImageOfPage":{"@id":"https:\/\/sxflightcase.com\/hu\/termek\/tartozekok-sullyesztett-fogantyu-haa203\/#primaryimage"},"image":{"@id":"https:\/\/sxflightcase.com\/hu\/termek\/tartozekok-sullyesztett-fogantyu-haa203\/#primaryimage"},"thumbnailUrl":"https:\/\/sxflightcase.com\/wp-content\/uploads\/2024\/08\/HAA203.jpg","datePublished":"2024-08-08T08:06:31+00:00","dateModified":"2024-08-08T08:06:32+00:00","description":"Pega de encastrar para acess\u00f3rios, direta da f\u00e1brica! Pegas de alta qualidade e duradouras concebidas para montagem embutida. Ideal para caixas de transporte, arm\u00e1rios e equipamento, garantindo uma utiliza\u00e7\u00e3o segura e confort\u00e1vel.","breadcrumb":{"@id":"https:\/\/sxflightcase.com\/hu\/termek\/tartozekok-sullyesztett-fogantyu-haa203\/#breadcrumb"},"inLanguage":"pt-PT","potentialAction":[{"@type":"ReadAction","target":["https:\/\/sxflightcase.com\/hu\/termek\/tartozekok-sullyesztett-fogantyu-haa203\/"]}]},{"@type":"ImageObject","inLanguage":"pt-PT","@id":"https:\/\/sxflightcase.com\/hu\/termek\/tartozekok-sullyesztett-fogantyu-haa203\/#primaryimage","url":"https:\/\/sxflightcase.com\/wp-content\/uploads\/2024\/08\/HAA203.jpg","contentUrl":"https:\/\/sxflightcase.com\/wp-content\/uploads\/2024\/08\/HAA203.jpg","width":700,"height":700,"caption":"Accessories Recessed Handle"},{"@type":"BreadcrumbList","@id":"https:\/\/sxflightcase.com\/hu\/termek\/tartozekok-sullyesztett-fogantyu-haa203\/#breadcrumb","itemListElement":[{"@type":"ListItem","position":1,"name":"Home","item":"https:\/\/sxflightcase.com\/"},{"@type":"ListItem","position":2,"name":"\u0e2a\u0e34\u0e19\u0e04\u0e49\u0e32","item":"https:\/\/sxflightcase.com\/th\/shop\/"},{"@type":"ListItem","position":3,"name":"Accessories Recessed Handle HAA203"}]},{"@type":"WebSite","@id":"https:\/\/sxflightcase.com\/th\/#website","url":"https:\/\/sxflightcase.com\/th\/","name":"sxpowercase.com","description":"F\u00e1brica de malas de voo","publisher":{"@id":"https:\/\/sxflightcase.com\/th\/#organization"},"potentialAction":[{"@type":"SearchAction","target":{"@type":"EntryPoint","urlTemplate":"https:\/\/sxflightcase.com\/th\/?s={search_term_string}"},"query-input":{"@type":"PropertyValueSpecification","valueRequired":true,"valueName":"search_term_string"}}],"inLanguage":"pt-PT"},{"@type":"Organization","@id":"https:\/\/sxflightcase.com\/th\/#organization","name":"sxpowercase.com","url":"https:\/\/sxflightcase.com\/th\/","logo":{"@type":"ImageObject","inLanguage":"pt-PT","@id":"https:\/\/sxflightcase.com\/th\/#\/schema\/logo\/image\/","url":"https:\/\/sxflightcase.com\/wp-content\/uploads\/2024\/04\/1713919036007.jpg","contentUrl":"https:\/\/sxflightcase.com\/wp-content\/uploads\/2024\/04\/1713919036007.jpg","width":382,"height":388,"caption":"sxpowercase.com"},"image":{"@id":"https:\/\/sxflightcase.com\/th\/#\/schema\/logo\/image\/"},"sameAs":["https:\/\/www.facebook.com\/profile.php?id=61560407257971"],"numberOfEmployees":{"@type":"QuantitativeValue","minValue":"11","maxValue":"50"}}]}},"_links":{"self":[{"href":"https:\/\/sxflightcase.com\/pt\/wp-json\/wp\/v2\/product\/4038","targetHints":{"allow":["GET"]}}],"collection":[{"href":"https:\/\/sxflightcase.com\/pt\/wp-json\/wp\/v2\/product"}],"about":[{"href":"https:\/\/sxflightcase.com\/pt\/wp-json\/wp\/v2\/types\/product"}],"replies":[{"embeddable":true,"href":"https:\/\/sxflightcase.com\/pt\/wp-json\/wp\/v2\/comments?post=4038"}],"version-history":[{"count":0,"href":"https:\/\/sxflightcase.com\/pt\/wp-json\/wp\/v2\/product\/4038\/revisions"}],"wp:featuredmedia":[{"embeddable":true,"href":"https:\/\/sxflightcase.com\/pt\/wp-json\/wp\/v2\/media\/4025"}],"wp:attachment":[{"href":"https:\/\/sxflightcase.com\/pt\/wp-json\/wp\/v2\/media?parent=4038"}],"wp:term":[{"taxonomy":"product_brand","embeddable":true,"href":"https:\/\/sxflightcase.com\/pt\/wp-json\/wp\/v2\/product_brand?post=4038"},{"taxonomy":"product_cat","embeddable":true,"href":"https:\/\/sxflightcase.com\/pt\/wp-json\/wp\/v2\/product_cat?post=4038"},{"taxonomy":"product_tag","embeddable":true,"href":"https:\/\/sxflightcase.com\/pt\/wp-json\/wp\/v2\/product_tag?post=4038"}],"curies":[{"name":"wp","href":"https:\/\/api.w.org\/{rel}","templated":true}]}}