{"id":4046,"date":"2024-08-09T07:02:19","date_gmt":"2024-08-09T06:02:19","guid":{"rendered":"https:\/\/sxpowercase.com\/?post_type=product&#038;p=4046"},"modified":"2024-08-09T07:02:20","modified_gmt":"2024-08-09T06:02:20","slug":"equipment-case-handles-haa204","status":"publish","type":"product","link":"https:\/\/sxflightcase.com\/pt\/produto\/pegas-para-caixas-de-equipamento-haa204\/","title":{"rendered":"Pegas para malas de equipamento HAA204"},"content":{"rendered":"<h3>Pegas para malas de equipamento fi\u00e1veis por SX<\/h3>\n<h4>Alta qualidade a pre\u00e7os diretos de f\u00e1brica<\/h4>\n<p>Quando se trata de proteger e transportar o seu valioso equipamento, a pega certa faz toda a diferen\u00e7a. A SX oferece <strong>Pegas para malas de equipamento<\/strong> que n\u00e3o s\u00f3 s\u00e3o dur\u00e1veis e fi\u00e1veis, como tamb\u00e9m s\u00e3o vendidos a pre\u00e7os diretos de f\u00e1brica. Isto garante-lhe uma qualidade superior sem o pre\u00e7o elevado, tornando a SX a escolha inteligente para todas as suas necessidades de hardware.<\/p>\n<h4>Constru\u00eddo para durabilidade<\/h4>\n<p><a href=\"https:\/\/sxpowercase.com\/\" target=\"_blank\" rel=\"noopener\" title=\"SX\" data-wpil-monitor-id=\"643\">SX<\/a> compreende que as caixas de equipamento est\u00e3o frequentemente expostas a condi\u00e7\u00f5es dif\u00edceis. \u00c9 por isso que os nossos <strong>Pegas para malas de equipamento<\/strong> s\u00e3o fabricadas com materiais de alta qualidade, garantindo que resistem \u00e0s exig\u00eancias de uma utiliza\u00e7\u00e3o frequente e de ambientes adversos. Com as nossas pegas, pode confiar que as suas malas ser\u00e3o mais f\u00e1ceis de transportar e durar\u00e3o mais tempo.<\/p>\n<h4>Personalizado de acordo com as suas especifica\u00e7\u00f5es<\/h4>\n<p>Cada projeto \u00e9 \u00fanico e a SX oferece op\u00e7\u00f5es de personaliza\u00e7\u00e3o para satisfazer as suas necessidades espec\u00edficas. Quer necessite de puxadores de um determinado tamanho, estilo ou acabamento, a nossa equipa est\u00e1 pronta a ajudar a criar a solu\u00e7\u00e3o perfeita. Com a SX, obt\u00e9m <strong>Pegas para malas de equipamento<\/strong> que s\u00e3o concebidos para se adaptarem perfeitamente ao seu projeto.<\/p>\n<h4>Qualidade garantida<\/h4>\n<p>Na SX, a qualidade nunca \u00e9 comprometida. Cada um dos nossos <strong>Pegas para malas de equipamento<\/strong> s\u00e3o submetidos a rigorosos testes e processos de controlo de qualidade para garantir que cumprem os mais elevados padr\u00f5es. Esta aten\u00e7\u00e3o ao pormenor garante que cada pega que recebe \u00e9 constru\u00edda para durar e tem um desempenho impec\u00e1vel, proporcionando-lhe paz de esp\u00edrito.<\/p>\n<h4>O design elegante alia-se \u00e0 funcionalidade<\/h4>\n<p>O SX combina um design elegante e moderno com a funcionalidade pr\u00e1tica de que necessita em <strong>Pegas para malas de equipamento<\/strong>. As nossas pegas n\u00e3o s\u00f3 s\u00e3o fortes e confort\u00e1veis de agarrar, como tamb\u00e9m conferem um aspeto profissional \u00e0s suas malas. Com a SX, obt\u00e9m o melhor dos dois mundos: estilo e subst\u00e2ncia.<\/p>\n<h4>Servi\u00e7o excecional ao cliente<\/h4>\n<p>Escolher a SX significa escolher um parceiro empenhado no seu sucesso. A nossa equipa de servi\u00e7o ao cliente dedica-se a prestar apoio e assist\u00eancia, desde a sele\u00e7\u00e3o do produto at\u00e9 ao servi\u00e7o p\u00f3s-venda. Estamos aqui para garantir que a sua experi\u00eancia com a SX seja tranquila e satisfat\u00f3ria.<\/p>\n<h4>Aplica\u00e7\u00f5es vers\u00e1teis<\/h4>\n<p>O nosso <strong>Pegas para malas de equipamento<\/strong> s\u00e3o vers\u00e1teis e adequadas para uma vasta gama de aplica\u00e7\u00f5es. Quer esteja a equipar uma mala profissional para equipamento de \u00e1udio, instrumentos m\u00e9dicos ou ferramentas, as pegas SX proporcionam a durabilidade e a fiabilidade de que necessita. S\u00e3o a escolha perfeita tanto para uso profissional como pessoal.<\/p>\n<h4>Porqu\u00ea escolher a SX?<\/h4>\n<p>A SX \u00e9 l\u00edder no fornecimento de hardware de alta qualidade a pre\u00e7os competitivos. Os nossos <strong>Pegas para malas de equipamento<\/strong> reflectem o nosso compromisso com a excel\u00eancia, oferecendo-lhe o melhor em termos de durabilidade, design e acessibilidade. Quando escolhe a SX, est\u00e1 a escolher uma marca que compreende as suas necessidades e fornece produtos que excedem as expectativas.<\/p>\n<h4>Entre em contacto hoje mesmo<\/h4>\n<p>Explore a gama de <strong>Pegas para malas de equipamento<\/strong> dispon\u00edveis na SX e descubra como podemos ajudar a melhorar a funcionalidade e o aspeto das suas malas de equipamento. Com pre\u00e7os imbat\u00edveis diretos da f\u00e1brica, qualidade garantida e op\u00e7\u00f5es de personaliza\u00e7\u00e3o, a SX \u00e9 a sua fonte de refer\u00eancia para todas as suas necessidades de pegas de caixas. Contacte-nos hoje para saber mais ou fazer a sua encomenda.<\/p>\n<p>Contactar agora:<span style=\"color: #0000ff;\"><a style=\"color: #0000ff;\" href=\"https:\/\/sxpowercase.com\/contact-us\/\">https:\/\/sxpowercase.com\/<\/a><\/span><\/p>\n<p>Cat\u00e1logo de produtos de hardware\uff1a<span style=\"color: #3366ff;\"><a style=\"color: #3366ff;\" href=\"https:\/\/sxpowercase.com\/wp-content\/uploads\/2024\/07\/\u4e94\u91d1.pdf\">Cat\u00e1logo de acess\u00f3rios de ferragens<\/a><\/span><\/p>","protected":false},"excerpt":{"rendered":"<div class=\"flex-shrink-0 flex flex-col relative items-end\">\n<div>\n<div class=\"pt-0\">\n<div class=\"gizmo-bot-avatar flex h-8 w-8 items-center justify-center overflow-hidden rounded-full\">\n<div class=\"relative p-1 rounded-sm flex items-center justify-center bg-token-main-surface-primary text-token-text-primary h-8 w-8\"><\/div>\n<\/div>\n<\/div>\n<\/div>\n<\/div>\n<div class=\"group\/conversation-turn relative flex w-full min-w-0 flex-col agent-turn\">\n<div class=\"flex-col gap-1 md:gap-3\">\n<div class=\"flex max-w-full flex-col flex-grow\">\n<div class=\"min-h-[20px] text-message flex w-full flex-col items-end gap-2 whitespace-pre-wrap break-words [.text-message+&amp;]:mt-5 overflow-x-auto\" dir=\"auto\" data-message-author-role=\"assistant\" data-message-id=\"95f91648-79a0-44b0-bae4-6fca00aa0a90\">\n<div class=\"flex w-full flex-col gap-1 empty:hidden first:pt-[3px]\">\n<div class=\"markdown prose w-full break-words dark:prose-invert light\">\n<h3>Premium Equipment Case Handles by SX: Factory-Direct Prices<\/h3>\n<p>Get durable, high-quality Equipment Case Handles at affordable, factory-direct prices. SX ensures you receive top-tier hardware without the hefty cost.<\/p>\n<h3>Customised Durability for Tough Conditions<\/h3>\n<p>SX&#8217;s Equipment Case Handles are crafted from high-grade materials to withstand frequent use and harsh environments. Customisation options ensure a perfect fit for your specific needs.<\/p>\n<h3>Sleek, Functional, and Reliable<\/h3>\n<p>SX combines modern design with practical functionality. Our handles offer a comfortable grip, robust performance, and a professional look\u2014ideal for any equipment case.<\/p>\n<\/div>\n<\/div>\n<\/div>\n<\/div>\n<\/div>\n<\/div>\n","protected":false},"featured_media":4026,"comment_status":"open","ping_status":"closed","template":"","meta":[],"product_brand":[],"product_cat":[62],"product_tag":[],"class_list":{"0":"post-4046","1":"product","2":"type-product","3":"status-publish","4":"has-post-thumbnail","6":"product_cat-handles","8":"first","9":"instock","10":"shipping-taxable","11":"product-type-simple"},"yoast_head":"<!-- This site is optimized with the Yoast SEO Premium plugin v27.1 (Yoast SEO v27.2) - https:\/\/yoast.com\/product\/yoast-seo-premium-wordpress\/ -->\n<title>Equipment Case Handles HAA204 - https:\/\/sxflightcase.com \ud83d\udc97<\/title>\n<meta name=\"description\" content=\"Equipment case handles, factory direct! High-quality, durable handles designed for secure and comfortable transport of equipment cases. Ideal for professional and industrial use.\" \/>\n<meta name=\"robots\" content=\"index, follow, max-snippet:-1, max-image-preview:large, max-video-preview:-1\" \/>\n<link rel=\"canonical\" href=\"https:\/\/sxflightcase.com\/pt\/prodotto\/maniglie-delle-valigie-per-attrezzature-haa204-2\/\" \/>\n<meta property=\"og:locale\" content=\"pt_PT\" \/>\n<meta property=\"og:type\" content=\"article\" \/>\n<meta property=\"og:title\" content=\"Equipment Case Handles HAA204\" \/>\n<meta property=\"og:description\" content=\"Equipment case handles, factory direct! High-quality, durable handles designed for secure and comfortable transport of equipment cases. Ideal for professional and industrial use.\" \/>\n<meta property=\"og:url\" content=\"https:\/\/sxflightcase.com\/pt\/prodotto\/maniglie-delle-valigie-per-attrezzature-haa204-2\/\" \/>\n<meta property=\"og:site_name\" content=\"https:\/\/sxflightcase.com\" \/>\n<meta property=\"article:publisher\" content=\"https:\/\/www.facebook.com\/profile.php?id=61560407257971\" \/>\n<meta property=\"article:modified_time\" content=\"2024-08-09T06:02:20+00:00\" \/>\n<meta property=\"og:image\" content=\"https:\/\/sxflightcase.com\/wp-content\/uploads\/2024\/08\/HAA204.jpg\" \/>\n\t<meta property=\"og:image:width\" content=\"700\" \/>\n\t<meta property=\"og:image:height\" content=\"700\" \/>\n\t<meta property=\"og:image:type\" content=\"image\/jpeg\" \/>\n<meta name=\"twitter:card\" content=\"summary_large_image\" \/>\n<meta name=\"twitter:label1\" content=\"Tempo estimado de leitura\" \/>\n\t<meta name=\"twitter:data1\" content=\"3 minutos\" \/>\n<script type=\"application\/ld+json\" class=\"yoast-schema-graph\">{\"@context\":\"https:\/\/schema.org\",\"@graph\":[{\"@type\":\"WebPage\",\"@id\":\"https:\/\/sxflightcase.com\/it\/prodotto\/maniglie-delle-valigie-per-attrezzature-haa204-2\/\",\"url\":\"https:\/\/sxflightcase.com\/it\/prodotto\/maniglie-delle-valigie-per-attrezzature-haa204-2\/\",\"name\":\"Equipment Case Handles HAA204 - https:\/\/sxflightcase.com \ud83d\udc97\",\"isPartOf\":{\"@id\":\"https:\/\/sxflightcase.com\/th\/#website\"},\"primaryImageOfPage\":{\"@id\":\"https:\/\/sxflightcase.com\/it\/prodotto\/maniglie-delle-valigie-per-attrezzature-haa204-2\/#primaryimage\"},\"image\":{\"@id\":\"https:\/\/sxflightcase.com\/it\/prodotto\/maniglie-delle-valigie-per-attrezzature-haa204-2\/#primaryimage\"},\"thumbnailUrl\":\"https:\/\/sxflightcase.com\/wp-content\/uploads\/2024\/08\/HAA204.jpg\",\"datePublished\":\"2024-08-09T06:02:19+00:00\",\"dateModified\":\"2024-08-09T06:02:20+00:00\",\"description\":\"Equipment case handles, factory direct! High-quality, durable handles designed for secure and comfortable transport of equipment cases. Ideal for professional and industrial use.\",\"breadcrumb\":{\"@id\":\"https:\/\/sxflightcase.com\/it\/prodotto\/maniglie-delle-valigie-per-attrezzature-haa204-2\/#breadcrumb\"},\"inLanguage\":\"pt-PT\",\"potentialAction\":[{\"@type\":\"ReadAction\",\"target\":[\"https:\/\/sxflightcase.com\/it\/prodotto\/maniglie-delle-valigie-per-attrezzature-haa204-2\/\"]}]},{\"@type\":\"ImageObject\",\"inLanguage\":\"pt-PT\",\"@id\":\"https:\/\/sxflightcase.com\/it\/prodotto\/maniglie-delle-valigie-per-attrezzature-haa204-2\/#primaryimage\",\"url\":\"https:\/\/sxflightcase.com\/wp-content\/uploads\/2024\/08\/HAA204.jpg\",\"contentUrl\":\"https:\/\/sxflightcase.com\/wp-content\/uploads\/2024\/08\/HAA204.jpg\",\"width\":700,\"height\":700,\"caption\":\"Equipment Case handles\"},{\"@type\":\"BreadcrumbList\",\"@id\":\"https:\/\/sxflightcase.com\/it\/prodotto\/maniglie-delle-valigie-per-attrezzature-haa204-2\/#breadcrumb\",\"itemListElement\":[{\"@type\":\"ListItem\",\"position\":1,\"name\":\"Home\",\"item\":\"https:\/\/sxflightcase.com\/\"},{\"@type\":\"ListItem\",\"position\":2,\"name\":\"\u0e2a\u0e34\u0e19\u0e04\u0e49\u0e32\",\"item\":\"https:\/\/sxflightcase.com\/th\/shop\/\"},{\"@type\":\"ListItem\",\"position\":3,\"name\":\"Equipment Case Handles HAA204\"}]},{\"@type\":\"WebSite\",\"@id\":\"https:\/\/sxflightcase.com\/th\/#website\",\"url\":\"https:\/\/sxflightcase.com\/th\/\",\"name\":\"sxpowercase.com\",\"description\":\"Flight Case Factory\",\"publisher\":{\"@id\":\"https:\/\/sxflightcase.com\/th\/#organization\"},\"potentialAction\":[{\"@type\":\"SearchAction\",\"target\":{\"@type\":\"EntryPoint\",\"urlTemplate\":\"https:\/\/sxflightcase.com\/th\/?s={search_term_string}\"},\"query-input\":{\"@type\":\"PropertyValueSpecification\",\"valueRequired\":true,\"valueName\":\"search_term_string\"}}],\"inLanguage\":\"pt-PT\"},{\"@type\":\"Organization\",\"@id\":\"https:\/\/sxflightcase.com\/th\/#organization\",\"name\":\"sxpowercase.com\",\"url\":\"https:\/\/sxflightcase.com\/th\/\",\"logo\":{\"@type\":\"ImageObject\",\"inLanguage\":\"pt-PT\",\"@id\":\"https:\/\/sxflightcase.com\/th\/#\/schema\/logo\/image\/\",\"url\":\"https:\/\/sxflightcase.com\/wp-content\/uploads\/2024\/04\/1713919036007.jpg\",\"contentUrl\":\"https:\/\/sxflightcase.com\/wp-content\/uploads\/2024\/04\/1713919036007.jpg\",\"width\":382,\"height\":388,\"caption\":\"sxpowercase.com\"},\"image\":{\"@id\":\"https:\/\/sxflightcase.com\/th\/#\/schema\/logo\/image\/\"},\"sameAs\":[\"https:\/\/www.facebook.com\/profile.php?id=61560407257971\"],\"numberOfEmployees\":{\"@type\":\"QuantitativeValue\",\"minValue\":\"11\",\"maxValue\":\"50\"}}]}<\/script>\n<!-- \/ Yoast SEO Premium plugin. -->","yoast_head_json":{"title":"Equipment Case Handles HAA204 - https:\/\/sxflightcase.com \ud83d\udc97","description":"Pegas para malas de equipamento, diretas da f\u00e1brica! Pegas duradouras e de alta qualidade, concebidas para o transporte seguro e confort\u00e1vel de malas de equipamento. Ideais para utiliza\u00e7\u00e3o profissional e industrial.","robots":{"index":"index","follow":"follow","max-snippet":"max-snippet:-1","max-image-preview":"max-image-preview:large","max-video-preview":"max-video-preview:-1"},"canonical":"https:\/\/sxflightcase.com\/pt\/prodotto\/maniglie-delle-valigie-per-attrezzature-haa204-2\/","og_locale":"pt_PT","og_type":"article","og_title":"Equipment Case Handles HAA204","og_description":"Equipment case handles, factory direct! High-quality, durable handles designed for secure and comfortable transport of equipment cases. Ideal for professional and industrial use.","og_url":"https:\/\/sxflightcase.com\/pt\/prodotto\/maniglie-delle-valigie-per-attrezzature-haa204-2\/","og_site_name":"https:\/\/sxflightcase.com","article_publisher":"https:\/\/www.facebook.com\/profile.php?id=61560407257971","article_modified_time":"2024-08-09T06:02:20+00:00","og_image":[{"width":700,"height":700,"url":"https:\/\/sxflightcase.com\/wp-content\/uploads\/2024\/08\/HAA204.jpg","type":"image\/jpeg"}],"twitter_card":"summary_large_image","twitter_misc":{"Tempo estimado de leitura":"3 minutos"},"schema":{"@context":"https:\/\/schema.org","@graph":[{"@type":"WebPage","@id":"https:\/\/sxflightcase.com\/it\/prodotto\/maniglie-delle-valigie-per-attrezzature-haa204-2\/","url":"https:\/\/sxflightcase.com\/it\/prodotto\/maniglie-delle-valigie-per-attrezzature-haa204-2\/","name":"Equipment Case Handles HAA204 - https:\/\/sxflightcase.com \ud83d\udc97","isPartOf":{"@id":"https:\/\/sxflightcase.com\/th\/#website"},"primaryImageOfPage":{"@id":"https:\/\/sxflightcase.com\/it\/prodotto\/maniglie-delle-valigie-per-attrezzature-haa204-2\/#primaryimage"},"image":{"@id":"https:\/\/sxflightcase.com\/it\/prodotto\/maniglie-delle-valigie-per-attrezzature-haa204-2\/#primaryimage"},"thumbnailUrl":"https:\/\/sxflightcase.com\/wp-content\/uploads\/2024\/08\/HAA204.jpg","datePublished":"2024-08-09T06:02:19+00:00","dateModified":"2024-08-09T06:02:20+00:00","description":"Pegas para malas de equipamento, diretas da f\u00e1brica! Pegas duradouras e de alta qualidade, concebidas para o transporte seguro e confort\u00e1vel de malas de equipamento. Ideais para utiliza\u00e7\u00e3o profissional e industrial.","breadcrumb":{"@id":"https:\/\/sxflightcase.com\/it\/prodotto\/maniglie-delle-valigie-per-attrezzature-haa204-2\/#breadcrumb"},"inLanguage":"pt-PT","potentialAction":[{"@type":"ReadAction","target":["https:\/\/sxflightcase.com\/it\/prodotto\/maniglie-delle-valigie-per-attrezzature-haa204-2\/"]}]},{"@type":"ImageObject","inLanguage":"pt-PT","@id":"https:\/\/sxflightcase.com\/it\/prodotto\/maniglie-delle-valigie-per-attrezzature-haa204-2\/#primaryimage","url":"https:\/\/sxflightcase.com\/wp-content\/uploads\/2024\/08\/HAA204.jpg","contentUrl":"https:\/\/sxflightcase.com\/wp-content\/uploads\/2024\/08\/HAA204.jpg","width":700,"height":700,"caption":"Equipment Case handles"},{"@type":"BreadcrumbList","@id":"https:\/\/sxflightcase.com\/it\/prodotto\/maniglie-delle-valigie-per-attrezzature-haa204-2\/#breadcrumb","itemListElement":[{"@type":"ListItem","position":1,"name":"Home","item":"https:\/\/sxflightcase.com\/"},{"@type":"ListItem","position":2,"name":"\u0e2a\u0e34\u0e19\u0e04\u0e49\u0e32","item":"https:\/\/sxflightcase.com\/th\/shop\/"},{"@type":"ListItem","position":3,"name":"Equipment Case Handles HAA204"}]},{"@type":"WebSite","@id":"https:\/\/sxflightcase.com\/th\/#website","url":"https:\/\/sxflightcase.com\/th\/","name":"sxpowercase.com","description":"F\u00e1brica de malas de voo","publisher":{"@id":"https:\/\/sxflightcase.com\/th\/#organization"},"potentialAction":[{"@type":"SearchAction","target":{"@type":"EntryPoint","urlTemplate":"https:\/\/sxflightcase.com\/th\/?s={search_term_string}"},"query-input":{"@type":"PropertyValueSpecification","valueRequired":true,"valueName":"search_term_string"}}],"inLanguage":"pt-PT"},{"@type":"Organization","@id":"https:\/\/sxflightcase.com\/th\/#organization","name":"sxpowercase.com","url":"https:\/\/sxflightcase.com\/th\/","logo":{"@type":"ImageObject","inLanguage":"pt-PT","@id":"https:\/\/sxflightcase.com\/th\/#\/schema\/logo\/image\/","url":"https:\/\/sxflightcase.com\/wp-content\/uploads\/2024\/04\/1713919036007.jpg","contentUrl":"https:\/\/sxflightcase.com\/wp-content\/uploads\/2024\/04\/1713919036007.jpg","width":382,"height":388,"caption":"sxpowercase.com"},"image":{"@id":"https:\/\/sxflightcase.com\/th\/#\/schema\/logo\/image\/"},"sameAs":["https:\/\/www.facebook.com\/profile.php?id=61560407257971"],"numberOfEmployees":{"@type":"QuantitativeValue","minValue":"11","maxValue":"50"}}]}},"_links":{"self":[{"href":"https:\/\/sxflightcase.com\/pt\/wp-json\/wp\/v2\/product\/4046","targetHints":{"allow":["GET"]}}],"collection":[{"href":"https:\/\/sxflightcase.com\/pt\/wp-json\/wp\/v2\/product"}],"about":[{"href":"https:\/\/sxflightcase.com\/pt\/wp-json\/wp\/v2\/types\/product"}],"replies":[{"embeddable":true,"href":"https:\/\/sxflightcase.com\/pt\/wp-json\/wp\/v2\/comments?post=4046"}],"version-history":[{"count":0,"href":"https:\/\/sxflightcase.com\/pt\/wp-json\/wp\/v2\/product\/4046\/revisions"}],"wp:featuredmedia":[{"embeddable":true,"href":"https:\/\/sxflightcase.com\/pt\/wp-json\/wp\/v2\/media\/4026"}],"wp:attachment":[{"href":"https:\/\/sxflightcase.com\/pt\/wp-json\/wp\/v2\/media?parent=4046"}],"wp:term":[{"taxonomy":"product_brand","embeddable":true,"href":"https:\/\/sxflightcase.com\/pt\/wp-json\/wp\/v2\/product_brand?post=4046"},{"taxonomy":"product_cat","embeddable":true,"href":"https:\/\/sxflightcase.com\/pt\/wp-json\/wp\/v2\/product_cat?post=4046"},{"taxonomy":"product_tag","embeddable":true,"href":"https:\/\/sxflightcase.com\/pt\/wp-json\/wp\/v2\/product_tag?post=4046"}],"curies":[{"name":"wp","href":"https:\/\/api.w.org\/{rel}","templated":true}]}}