{"id":4048,"date":"2024-08-09T07:33:19","date_gmt":"2024-08-09T06:33:19","guid":{"rendered":"https:\/\/sxpowercase.com\/?post_type=product&#038;p=4048"},"modified":"2024-08-09T07:33:20","modified_gmt":"2024-08-09T06:33:20","slug":"case-handle-hac201","status":"publish","type":"product","link":"https:\/\/sxflightcase.com\/pt\/produto\/alca-do-processo-hac201\/","title":{"rendered":"Pega da mala HAC201"},"content":{"rendered":"<h3>Pega de mala SX: Dur\u00e1vel, acess\u00edvel e personaliz\u00e1vel<\/h3>\n<h4>Resist\u00eancia e durabilidade em que pode confiar<\/h4>\n<p>Quando se trata de tratar os seus casos, a fiabilidade \u00e9 fundamental. A SX's <strong>Pegas para malas<\/strong> s\u00e3o concebidas para serem resistentes e dur\u00e1veis, garantindo que as suas malas s\u00e3o f\u00e1ceis de transportar e constru\u00eddas para durar. Com as nossas pegas, pode transportar o seu valioso equipamento com confian\u00e7a, sabendo que a sua pega est\u00e1 segura.<\/p>\n<h4>Pre\u00e7os diretos de f\u00e1brica para um valor m\u00e1ximo<\/h4>\n<p>Em <a href=\"https:\/\/sxpowercase.com\/\" target=\"_blank\" rel=\"noopener\" title=\"SX\" data-wpil-monitor-id=\"645\">SX<\/a>Acreditamos que a qualidade n\u00e3o deve ter um pre\u00e7o elevado. \u00c9 por isso que oferecemos os nossos <strong>Pegas para malas<\/strong> a pre\u00e7os diretos de f\u00e1brica. Ao eliminar o intermedi\u00e1rio, podemos fornecer-lhe produtos de topo a pre\u00e7os competitivos, ajudando-o a manter-se dentro do or\u00e7amento sem comprometer a qualidade.<\/p>\n<h4>Personaliza\u00e7\u00e3o para satisfazer as suas necessidades<\/h4>\n<p>Cada caso \u00e9 \u00fanico, assim como as necessidades dos nossos clientes. A SX oferece op\u00e7\u00f5es de personaliza\u00e7\u00e3o para os nossos <strong>Pegas para malas<\/strong> para garantir que se adequam \u00e0s suas necessidades espec\u00edficas. Quer necessite de um tamanho, forma ou acabamento espec\u00edfico, temos tudo o que precisa. Os nossos puxadores personalizados s\u00e3o concebidos para se integrarem perfeitamente nas suas caixas, proporcionando funcionalidade e um aspeto profissional.<\/p>\n<h4>Garantia de qualidade para a paz de esp\u00edrito<\/h4>\n<p>Na SX, a qualidade \u00e9 a nossa prioridade. Todos os nossos <strong>Pegas para malas<\/strong> s\u00e3o fabricados sob rigorosos processos de controlo de qualidade para garantir que cumprem os mais elevados padr\u00f5es. Pode confiar que cada pega \u00e9 robusta, confort\u00e1vel de segurar e capaz de suportar uma utiliza\u00e7\u00e3o intensiva.<\/p>\n<h4>Aplica\u00e7\u00f5es vers\u00e1teis<\/h4>\n<p>SX <strong>Pegas para malas<\/strong> s\u00e3o vers\u00e1teis e ideais para uma variedade de malas, incluindo malas de voo, malas de estrada e malas personalizadas. Independentemente da aplica\u00e7\u00e3o, as nossas pegas proporcionam a resist\u00eancia e a fiabilidade necess\u00e1rias para transportar o seu equipamento em seguran\u00e7a.<\/p>\n<h4>Porqu\u00ea escolher a SX?<\/h4>\n<p>Escolher a SX significa escolher uma marca que compreende a import\u00e2ncia da qualidade, da acessibilidade e da satisfa\u00e7\u00e3o do cliente. Os nossos <strong>Pegas para malas<\/strong> s\u00e3o um testemunho do nosso compromisso com a excel\u00eancia, oferecendo um equil\u00edbrio entre durabilidade e rela\u00e7\u00e3o custo-efic\u00e1cia que \u00e9 dif\u00edcil de superar.<\/p>\n<h4>Entre em contacto hoje mesmo<\/h4>\n<p>Actualize as suas caixas com SX <strong>Pegas para malas<\/strong> hoje e experimente a combina\u00e7\u00e3o perfeita de resist\u00eancia, qualidade e acessibilidade. Com pre\u00e7os diretos da f\u00e1brica, op\u00e7\u00f5es de personaliza\u00e7\u00e3o e satisfa\u00e7\u00e3o garantida, a SX \u00e9 a sua fonte de refer\u00eancia para todas as suas necessidades de hardware para caixas. Contacte-nos agora para saber mais ou para fazer a sua encomenda.<\/p>\n<p>Contactar agora:<span style=\"color: #0000ff;\"><a style=\"color: #0000ff;\" href=\"https:\/\/sxpowercase.com\/contact-us\/\">https:\/\/sxpowercase.com\/<\/a><\/span><\/p>\n<p>Cat\u00e1logo de produtos de hardware\uff1a<span style=\"color: #3366ff;\"><a style=\"color: #3366ff;\" href=\"https:\/\/sxpowercase.com\/wp-content\/uploads\/2024\/07\/\u4e94\u91d1.pdf\">Cat\u00e1logo de acess\u00f3rios de ferragens<\/a><\/span><\/p>","protected":false},"excerpt":{"rendered":"<div class=\"flex max-w-full flex-col flex-grow\">\n<div class=\"min-h-[20px] text-message flex w-full flex-col items-end gap-2 whitespace-pre-wrap break-words [.text-message+&amp;]:mt-5 overflow-x-auto\" dir=\"auto\" data-message-author-role=\"assistant\" data-message-id=\"3d1beaa6-59bb-49bb-83ca-7845599ea91c\">\n<div class=\"flex w-full flex-col gap-1 empty:hidden first:pt-[3px]\">\n<div class=\"markdown prose w-full break-words dark:prose-invert light\">\n<h3>SX Case Handles: Durable and Cost-Effective<\/h3>\n<p>Engineered for strength and reliability, SX Case Handles ensure secure transportation of your valuable equipment at factory-direct prices.<\/p>\n<h3>Customised Handles for a Perfect Fit<\/h3>\n<p>SX offers customisation options to meet your specific needs, providing handles that seamlessly integrate with your cases for both functionality and a professional appearance.<\/p>\n<h3>Quality You Can Trust<\/h3>\n<p>With rigorous quality control, SX Case Handles guarantee durability and comfort, making them ideal for various applications, from flight cases to road cases.<\/p>\n<\/div>\n<\/div>\n<\/div>\n<\/div>\n","protected":false},"featured_media":4030,"comment_status":"open","ping_status":"closed","template":"","meta":[],"product_brand":[],"product_cat":[62],"product_tag":[],"class_list":{"0":"post-4048","1":"product","2":"type-product","3":"status-publish","4":"has-post-thumbnail","6":"product_cat-handles","8":"first","9":"instock","10":"shipping-taxable","11":"product-type-simple"},"yoast_head":"<!-- This site is optimized with the Yoast SEO Premium plugin v27.1 (Yoast SEO v27.2) - https:\/\/yoast.com\/product\/yoast-seo-premium-wordpress\/ -->\n<title>Case Handle HAC201 - https:\/\/sxflightcase.com \ud83d\udc97<\/title>\n<meta name=\"description\" content=\"Case handle, factory direct! High-quality, durable handles designed for secure and comfortable transport of cases. Perfect for professional and industrial applications.\" \/>\n<meta name=\"robots\" content=\"index, follow, max-snippet:-1, max-image-preview:large, max-video-preview:-1\" \/>\n<link rel=\"canonical\" href=\"https:\/\/sxflightcase.com\/pt\/produto\/alca-do-processo-hac201\/\" \/>\n<meta property=\"og:locale\" content=\"pt_PT\" \/>\n<meta property=\"og:type\" content=\"article\" \/>\n<meta property=\"og:title\" content=\"Case Handle HAC201\" \/>\n<meta property=\"og:description\" content=\"Case handle, factory direct! High-quality, durable handles designed for secure and comfortable transport of cases. Perfect for professional and industrial applications.\" \/>\n<meta property=\"og:url\" content=\"https:\/\/sxflightcase.com\/pt\/produto\/alca-do-processo-hac201\/\" \/>\n<meta property=\"og:site_name\" content=\"https:\/\/sxflightcase.com\" \/>\n<meta property=\"article:publisher\" content=\"https:\/\/www.facebook.com\/profile.php?id=61560407257971\" \/>\n<meta property=\"article:modified_time\" content=\"2024-08-09T06:33:20+00:00\" \/>\n<meta property=\"og:image\" content=\"https:\/\/sxflightcase.com\/wp-content\/uploads\/2024\/08\/HAC201.jpg\" \/>\n\t<meta property=\"og:image:width\" content=\"700\" \/>\n\t<meta property=\"og:image:height\" content=\"700\" \/>\n\t<meta property=\"og:image:type\" content=\"image\/jpeg\" \/>\n<meta name=\"twitter:card\" content=\"summary_large_image\" \/>\n<meta name=\"twitter:label1\" content=\"Tempo estimado de leitura\" \/>\n\t<meta name=\"twitter:data1\" content=\"3 minutos\" \/>\n<script type=\"application\/ld+json\" class=\"yoast-schema-graph\">{\"@context\":\"https:\/\/schema.org\",\"@graph\":[{\"@type\":\"WebPage\",\"@id\":\"https:\/\/sxflightcase.com\/product\/case-handle-hac201\/\",\"url\":\"https:\/\/sxflightcase.com\/product\/case-handle-hac201\/\",\"name\":\"Case Handle HAC201 - https:\/\/sxflightcase.com \ud83d\udc97\",\"isPartOf\":{\"@id\":\"https:\/\/sxflightcase.com\/th\/#website\"},\"primaryImageOfPage\":{\"@id\":\"https:\/\/sxflightcase.com\/product\/case-handle-hac201\/#primaryimage\"},\"image\":{\"@id\":\"https:\/\/sxflightcase.com\/product\/case-handle-hac201\/#primaryimage\"},\"thumbnailUrl\":\"https:\/\/sxflightcase.com\/wp-content\/uploads\/2024\/08\/HAC201.jpg\",\"datePublished\":\"2024-08-09T06:33:19+00:00\",\"dateModified\":\"2024-08-09T06:33:20+00:00\",\"description\":\"Case handle, factory direct! High-quality, durable handles designed for secure and comfortable transport of cases. Perfect for professional and industrial applications.\",\"breadcrumb\":{\"@id\":\"https:\/\/sxflightcase.com\/product\/case-handle-hac201\/#breadcrumb\"},\"inLanguage\":\"pt-PT\",\"potentialAction\":[{\"@type\":\"ReadAction\",\"target\":[\"https:\/\/sxflightcase.com\/product\/case-handle-hac201\/\"]}]},{\"@type\":\"ImageObject\",\"inLanguage\":\"pt-PT\",\"@id\":\"https:\/\/sxflightcase.com\/product\/case-handle-hac201\/#primaryimage\",\"url\":\"https:\/\/sxflightcase.com\/wp-content\/uploads\/2024\/08\/HAC201.jpg\",\"contentUrl\":\"https:\/\/sxflightcase.com\/wp-content\/uploads\/2024\/08\/HAC201.jpg\",\"width\":700,\"height\":700,\"caption\":\"Case Handle\"},{\"@type\":\"BreadcrumbList\",\"@id\":\"https:\/\/sxflightcase.com\/product\/case-handle-hac201\/#breadcrumb\",\"itemListElement\":[{\"@type\":\"ListItem\",\"position\":1,\"name\":\"Home\",\"item\":\"https:\/\/sxflightcase.com\/\"},{\"@type\":\"ListItem\",\"position\":2,\"name\":\"\u0e2a\u0e34\u0e19\u0e04\u0e49\u0e32\",\"item\":\"https:\/\/sxflightcase.com\/th\/shop\/\"},{\"@type\":\"ListItem\",\"position\":3,\"name\":\"Case Handle HAC201\"}]},{\"@type\":\"WebSite\",\"@id\":\"https:\/\/sxflightcase.com\/th\/#website\",\"url\":\"https:\/\/sxflightcase.com\/th\/\",\"name\":\"sxpowercase.com\",\"description\":\"Flight Case Factory\",\"publisher\":{\"@id\":\"https:\/\/sxflightcase.com\/th\/#organization\"},\"potentialAction\":[{\"@type\":\"SearchAction\",\"target\":{\"@type\":\"EntryPoint\",\"urlTemplate\":\"https:\/\/sxflightcase.com\/th\/?s={search_term_string}\"},\"query-input\":{\"@type\":\"PropertyValueSpecification\",\"valueRequired\":true,\"valueName\":\"search_term_string\"}}],\"inLanguage\":\"pt-PT\"},{\"@type\":\"Organization\",\"@id\":\"https:\/\/sxflightcase.com\/th\/#organization\",\"name\":\"sxpowercase.com\",\"url\":\"https:\/\/sxflightcase.com\/th\/\",\"logo\":{\"@type\":\"ImageObject\",\"inLanguage\":\"pt-PT\",\"@id\":\"https:\/\/sxflightcase.com\/th\/#\/schema\/logo\/image\/\",\"url\":\"https:\/\/sxflightcase.com\/wp-content\/uploads\/2024\/04\/1713919036007.jpg\",\"contentUrl\":\"https:\/\/sxflightcase.com\/wp-content\/uploads\/2024\/04\/1713919036007.jpg\",\"width\":382,\"height\":388,\"caption\":\"sxpowercase.com\"},\"image\":{\"@id\":\"https:\/\/sxflightcase.com\/th\/#\/schema\/logo\/image\/\"},\"sameAs\":[\"https:\/\/www.facebook.com\/profile.php?id=61560407257971\"],\"numberOfEmployees\":{\"@type\":\"QuantitativeValue\",\"minValue\":\"11\",\"maxValue\":\"50\"}}]}<\/script>\n<!-- \/ Yoast SEO Premium plugin. -->","yoast_head_json":{"title":"Case Handle HAC201 - https:\/\/sxflightcase.com \ud83d\udc97","description":"Pega de mala, direta da f\u00e1brica! Pegas duradouras e de alta qualidade, concebidas para um transporte seguro e confort\u00e1vel das malas. Perfeitas para aplica\u00e7\u00f5es profissionais e industriais.","robots":{"index":"index","follow":"follow","max-snippet":"max-snippet:-1","max-image-preview":"max-image-preview:large","max-video-preview":"max-video-preview:-1"},"canonical":"https:\/\/sxflightcase.com\/pt\/produto\/alca-do-processo-hac201\/","og_locale":"pt_PT","og_type":"article","og_title":"Case Handle HAC201","og_description":"Case handle, factory direct! High-quality, durable handles designed for secure and comfortable transport of cases. Perfect for professional and industrial applications.","og_url":"https:\/\/sxflightcase.com\/pt\/produto\/alca-do-processo-hac201\/","og_site_name":"https:\/\/sxflightcase.com","article_publisher":"https:\/\/www.facebook.com\/profile.php?id=61560407257971","article_modified_time":"2024-08-09T06:33:20+00:00","og_image":[{"width":700,"height":700,"url":"https:\/\/sxflightcase.com\/wp-content\/uploads\/2024\/08\/HAC201.jpg","type":"image\/jpeg"}],"twitter_card":"summary_large_image","twitter_misc":{"Tempo estimado de leitura":"3 minutos"},"schema":{"@context":"https:\/\/schema.org","@graph":[{"@type":"WebPage","@id":"https:\/\/sxflightcase.com\/product\/case-handle-hac201\/","url":"https:\/\/sxflightcase.com\/product\/case-handle-hac201\/","name":"Case Handle HAC201 - https:\/\/sxflightcase.com \ud83d\udc97","isPartOf":{"@id":"https:\/\/sxflightcase.com\/th\/#website"},"primaryImageOfPage":{"@id":"https:\/\/sxflightcase.com\/product\/case-handle-hac201\/#primaryimage"},"image":{"@id":"https:\/\/sxflightcase.com\/product\/case-handle-hac201\/#primaryimage"},"thumbnailUrl":"https:\/\/sxflightcase.com\/wp-content\/uploads\/2024\/08\/HAC201.jpg","datePublished":"2024-08-09T06:33:19+00:00","dateModified":"2024-08-09T06:33:20+00:00","description":"Pega de mala, direta da f\u00e1brica! Pegas duradouras e de alta qualidade, concebidas para um transporte seguro e confort\u00e1vel das malas. Perfeitas para aplica\u00e7\u00f5es profissionais e industriais.","breadcrumb":{"@id":"https:\/\/sxflightcase.com\/product\/case-handle-hac201\/#breadcrumb"},"inLanguage":"pt-PT","potentialAction":[{"@type":"ReadAction","target":["https:\/\/sxflightcase.com\/product\/case-handle-hac201\/"]}]},{"@type":"ImageObject","inLanguage":"pt-PT","@id":"https:\/\/sxflightcase.com\/product\/case-handle-hac201\/#primaryimage","url":"https:\/\/sxflightcase.com\/wp-content\/uploads\/2024\/08\/HAC201.jpg","contentUrl":"https:\/\/sxflightcase.com\/wp-content\/uploads\/2024\/08\/HAC201.jpg","width":700,"height":700,"caption":"Case Handle"},{"@type":"BreadcrumbList","@id":"https:\/\/sxflightcase.com\/product\/case-handle-hac201\/#breadcrumb","itemListElement":[{"@type":"ListItem","position":1,"name":"Home","item":"https:\/\/sxflightcase.com\/"},{"@type":"ListItem","position":2,"name":"\u0e2a\u0e34\u0e19\u0e04\u0e49\u0e32","item":"https:\/\/sxflightcase.com\/th\/shop\/"},{"@type":"ListItem","position":3,"name":"Case Handle HAC201"}]},{"@type":"WebSite","@id":"https:\/\/sxflightcase.com\/th\/#website","url":"https:\/\/sxflightcase.com\/th\/","name":"sxpowercase.com","description":"F\u00e1brica de malas de voo","publisher":{"@id":"https:\/\/sxflightcase.com\/th\/#organization"},"potentialAction":[{"@type":"SearchAction","target":{"@type":"EntryPoint","urlTemplate":"https:\/\/sxflightcase.com\/th\/?s={search_term_string}"},"query-input":{"@type":"PropertyValueSpecification","valueRequired":true,"valueName":"search_term_string"}}],"inLanguage":"pt-PT"},{"@type":"Organization","@id":"https:\/\/sxflightcase.com\/th\/#organization","name":"sxpowercase.com","url":"https:\/\/sxflightcase.com\/th\/","logo":{"@type":"ImageObject","inLanguage":"pt-PT","@id":"https:\/\/sxflightcase.com\/th\/#\/schema\/logo\/image\/","url":"https:\/\/sxflightcase.com\/wp-content\/uploads\/2024\/04\/1713919036007.jpg","contentUrl":"https:\/\/sxflightcase.com\/wp-content\/uploads\/2024\/04\/1713919036007.jpg","width":382,"height":388,"caption":"sxpowercase.com"},"image":{"@id":"https:\/\/sxflightcase.com\/th\/#\/schema\/logo\/image\/"},"sameAs":["https:\/\/www.facebook.com\/profile.php?id=61560407257971"],"numberOfEmployees":{"@type":"QuantitativeValue","minValue":"11","maxValue":"50"}}]}},"_links":{"self":[{"href":"https:\/\/sxflightcase.com\/pt\/wp-json\/wp\/v2\/product\/4048","targetHints":{"allow":["GET"]}}],"collection":[{"href":"https:\/\/sxflightcase.com\/pt\/wp-json\/wp\/v2\/product"}],"about":[{"href":"https:\/\/sxflightcase.com\/pt\/wp-json\/wp\/v2\/types\/product"}],"replies":[{"embeddable":true,"href":"https:\/\/sxflightcase.com\/pt\/wp-json\/wp\/v2\/comments?post=4048"}],"version-history":[{"count":0,"href":"https:\/\/sxflightcase.com\/pt\/wp-json\/wp\/v2\/product\/4048\/revisions"}],"wp:featuredmedia":[{"embeddable":true,"href":"https:\/\/sxflightcase.com\/pt\/wp-json\/wp\/v2\/media\/4030"}],"wp:attachment":[{"href":"https:\/\/sxflightcase.com\/pt\/wp-json\/wp\/v2\/media?parent=4048"}],"wp:term":[{"taxonomy":"product_brand","embeddable":true,"href":"https:\/\/sxflightcase.com\/pt\/wp-json\/wp\/v2\/product_brand?post=4048"},{"taxonomy":"product_cat","embeddable":true,"href":"https:\/\/sxflightcase.com\/pt\/wp-json\/wp\/v2\/product_cat?post=4048"},{"taxonomy":"product_tag","embeddable":true,"href":"https:\/\/sxflightcase.com\/pt\/wp-json\/wp\/v2\/product_tag?post=4048"}],"curies":[{"name":"wp","href":"https:\/\/api.w.org\/{rel}","templated":true}]}}