{"id":4056,"date":"2024-08-10T07:20:26","date_gmt":"2024-08-10T06:20:26","guid":{"rendered":"https:\/\/sxpowercase.com\/?post_type=product&#038;p=4056"},"modified":"2024-08-10T07:20:27","modified_gmt":"2024-08-10T06:20:27","slug":"flight-case-metal-handle-hae01","status":"publish","type":"product","link":"https:\/\/sxflightcase.com\/pt\/produto\/mala-de-voo-com-pega-metalica-hae01\/","title":{"rendered":"Mala de voo com pega met\u00e1lica HAE01"},"content":{"rendered":"<h3>Mala de voo SX com pega met\u00e1lica: For\u00e7a e valor combinados<\/h3>\n<h4>Constru\u00eddo para durar<\/h4>\n<p>Quando se trata da durabilidade e fiabilidade das suas malas de viagem, a pega que escolhe faz toda a diferen\u00e7a. A <strong>Pega met\u00e1lica da mala de transporte<\/strong> As pegas da SX foram concebidas para proporcionar a m\u00e1xima resist\u00eancia e apoio, assegurando que a sua mala pode suportar os rigores das viagens e do transporte. Fabricadas em metal de alta qualidade, estas pegas s\u00e3o feitas para durar, dando-lhe a tranquilidade de saber que o seu equipamento est\u00e1 seguro e protegido.<\/p>\n<h4>Diretamente da f\u00e1brica<\/h4>\n<p>Em <a href=\"https:\/\/sxpowercase.com\/\" target=\"_blank\" rel=\"noopener\" title=\"SX\" data-wpil-monitor-id=\"647\">SX<\/a>, acreditamos em oferecer produtos de qualidade superior sem o pre\u00e7o de qualidade superior. \u00c9 por isso que os nossos <strong>Pegas met\u00e1licas para malas de transporte<\/strong> est\u00e3o dispon\u00edveis diretamente na f\u00e1brica, o que nos permite transferir as poupan\u00e7as para si. Ao eliminar o intermedi\u00e1rio, podemos oferecer estes puxadores de alta qualidade a pre\u00e7os dif\u00edceis de bater. Obt\u00e9m uma qualidade superior sem gastar muito dinheiro.<\/p>\n<h4>Qualidade em que pode confiar<\/h4>\n<p>A garantia de qualidade \u00e9 uma pedra angular da marca SX. Todos os <strong>Pega met\u00e1lica da mala de transporte<\/strong> \u00e9 rigorosamente testada para cumprir os mais elevados padr\u00f5es de durabilidade e desempenho. Quer esteja a transportar equipamento delicado ou ferramentas robustas, pode confiar que as pegas SX ter\u00e3o um desempenho impec\u00e1vel, garantindo que a sua mala permanece segura durante toda a viagem.<\/p>\n<h4>Personaliz\u00e1vel de acordo com as suas necessidades<\/h4>\n<p>Cada mala de voo tem as suas exig\u00eancias \u00fanicas e n\u00f3s, na SX, compreendemos que um tamanho n\u00e3o serve para todos. \u00c9 por isso que oferecemos op\u00e7\u00f5es de personaliza\u00e7\u00e3o para as nossas <strong>Pegas met\u00e1licas para malas de transporte<\/strong>. Quer necessite de um tamanho, acabamento ou estilo de montagem espec\u00edficos, podemos personalizar os nossos puxadores de acordo com as suas especifica\u00e7\u00f5es exactas. Isto garante que a sua mala n\u00e3o s\u00f3 funciona bem, como tamb\u00e9m mant\u00e9m uma apar\u00eancia coesa e profissional.<\/p>\n<h4>Perfeito para v\u00e1rias aplica\u00e7\u00f5es<\/h4>\n<p>O <strong>Pega met\u00e1lica da mala de transporte<\/strong> by SX \u00e9 suficientemente vers\u00e1til para ser utilizado numa vasta gama de aplica\u00e7\u00f5es. Desde equipamento \u00e1udio profissional a dispositivos electr\u00f3nicos sens\u00edveis, estas pegas foram concebidas para oferecer conforto e durabilidade. A sua constru\u00e7\u00e3o robusta torna-as ideais para casos pesados que requerem um manuseamento fi\u00e1vel.<\/p>\n<h4>Porqu\u00ea escolher a SX?<\/h4>\n<p>Escolher a SX significa escolher uma marca que valoriza a qualidade, a acessibilidade e a satisfa\u00e7\u00e3o do cliente. Os nossos <strong>Pegas met\u00e1licas para malas de transporte<\/strong> s\u00e3o um testemunho do nosso empenho em fornecer produtos que n\u00e3o s\u00f3 satisfazem como excedem as expectativas. Com a SX, n\u00e3o est\u00e1 apenas a comprar uma pega - est\u00e1 a investir na seguran\u00e7a e longevidade do seu equipamento.<\/p>\n<h4>Contacte-nos hoje<\/h4>\n<p>Actualize as suas caixas de transporte com SX <strong>Pegas met\u00e1licas para malas de transporte<\/strong> e desfrute da combina\u00e7\u00e3o perfeita de resist\u00eancia, durabilidade e economia. Quer necessite de pegas para uma \u00fanica caixa ou de uma encomenda a granel, a SX est\u00e1 aqui para satisfazer as suas necessidades. Entre em contacto connosco hoje mesmo para saber mais sobre os nossos produtos ou para fazer a sua encomenda.<\/p>\n<p>Contactar agora:<span style=\"color: #0000ff;\"><a style=\"color: #0000ff;\" href=\"https:\/\/sxpowercase.com\/contact-us\/\">https:\/\/sxpowercase.com\/<\/a><\/span><\/p>\n<p>Cat\u00e1logo de produtos de hardware\uff1a<span style=\"color: #3366ff;\"><a style=\"color: #3366ff;\" href=\"https:\/\/sxpowercase.com\/wp-content\/uploads\/2024\/07\/\u4e94\u91d1.pdf\">Cat\u00e1logo de acess\u00f3rios de ferragens<\/a><\/span><\/p>","protected":false},"excerpt":{"rendered":"<h3>Mala de voo SX com pega met\u00e1lica: Constru\u00edda para ser dur\u00e1vel<\/h3>\n<p>Concebidas para suportar os rigores das viagens, as pegas met\u00e1licas da mala de transporte SX oferecem a m\u00e1xima resist\u00eancia e fiabilidade, garantindo a seguran\u00e7a do seu equipamento.<\/p>\n<h3>Pre\u00e7os diretos de f\u00e1brica para uma qualidade superior<\/h3>\n<p>Desfrute de pegas met\u00e1licas para malas de voo de qualidade superior da SX a pre\u00e7os imbat\u00edveis diretos da f\u00e1brica, proporcionando uma durabilidade de topo sem o custo de topo.<\/p>\n<h3>Solu\u00e7\u00f5es personaliz\u00e1veis para cada caso<\/h3>\n<p>Adapte as pegas met\u00e1licas da sua mala de transporte SX \u00e0s suas necessidades espec\u00edficas com op\u00e7\u00f5es de personaliza\u00e7\u00e3o, garantindo um ajuste perfeito e um aspeto profissional para qualquer aplica\u00e7\u00e3o.<\/p>","protected":false},"featured_media":4032,"comment_status":"open","ping_status":"closed","template":"","meta":[],"product_brand":[],"product_cat":[62],"product_tag":[],"class_list":{"0":"post-4056","1":"product","2":"type-product","3":"status-publish","4":"has-post-thumbnail","6":"product_cat-handles","8":"first","9":"instock","10":"shipping-taxable","11":"product-type-simple"},"yoast_head":"<!-- This site is optimized with the Yoast SEO Premium plugin v27.1 (Yoast SEO v27.2) - https:\/\/yoast.com\/product\/yoast-seo-premium-wordpress\/ -->\n<title>Flight Case Metal Handle HAE01 - https:\/\/sxflightcase.com \ud83d\udc97<\/title>\n<meta name=\"description\" content=\"Flight case metal handle, factory direct! Durable and secure, this high-quality handle is designed for easy transport of flight cases. Perfect for professionals needing reliable equipment.\" \/>\n<meta name=\"robots\" content=\"index, follow, max-snippet:-1, max-image-preview:large, max-video-preview:-1\" \/>\n<link rel=\"canonical\" href=\"https:\/\/sxflightcase.com\/pt\/produto\/mala-de-voo-com-pega-metalica-hae01\/\" \/>\n<meta property=\"og:locale\" content=\"pt_PT\" \/>\n<meta property=\"og:type\" content=\"article\" \/>\n<meta property=\"og:title\" content=\"Flight Case Metal Handle HAE01\" \/>\n<meta property=\"og:description\" content=\"Flight case metal handle, factory direct! Durable and secure, this high-quality handle is designed for easy transport of flight cases. Perfect for professionals needing reliable equipment.\" \/>\n<meta property=\"og:url\" content=\"https:\/\/sxflightcase.com\/pt\/produto\/mala-de-voo-com-pega-metalica-hae01\/\" \/>\n<meta property=\"og:site_name\" content=\"https:\/\/sxflightcase.com\" \/>\n<meta property=\"article:publisher\" content=\"https:\/\/www.facebook.com\/profile.php?id=61560407257971\" \/>\n<meta property=\"article:modified_time\" content=\"2024-08-10T06:20:27+00:00\" \/>\n<meta property=\"og:image\" content=\"https:\/\/sxflightcase.com\/wp-content\/uploads\/2024\/08\/HAE01.jpg\" \/>\n\t<meta property=\"og:image:width\" content=\"700\" \/>\n\t<meta property=\"og:image:height\" content=\"700\" \/>\n\t<meta property=\"og:image:type\" content=\"image\/jpeg\" \/>\n<meta name=\"twitter:card\" content=\"summary_large_image\" \/>\n<meta name=\"twitter:label1\" content=\"Tempo estimado de leitura\" \/>\n\t<meta name=\"twitter:data1\" content=\"3 minutos\" \/>\n<script type=\"application\/ld+json\" class=\"yoast-schema-graph\">{\"@context\":\"https:\/\/schema.org\",\"@graph\":[{\"@type\":\"WebPage\",\"@id\":\"https:\/\/sxflightcase.com\/product\/flight-case-metal-handle-hae01\/\",\"url\":\"https:\/\/sxflightcase.com\/product\/flight-case-metal-handle-hae01\/\",\"name\":\"Flight Case Metal Handle HAE01 - https:\/\/sxflightcase.com \ud83d\udc97\",\"isPartOf\":{\"@id\":\"https:\/\/sxflightcase.com\/th\/#website\"},\"primaryImageOfPage\":{\"@id\":\"https:\/\/sxflightcase.com\/product\/flight-case-metal-handle-hae01\/#primaryimage\"},\"image\":{\"@id\":\"https:\/\/sxflightcase.com\/product\/flight-case-metal-handle-hae01\/#primaryimage\"},\"thumbnailUrl\":\"https:\/\/sxflightcase.com\/wp-content\/uploads\/2024\/08\/HAE01.jpg\",\"datePublished\":\"2024-08-10T06:20:26+00:00\",\"dateModified\":\"2024-08-10T06:20:27+00:00\",\"description\":\"Flight case metal handle, factory direct! Durable and secure, this high-quality handle is designed for easy transport of flight cases. Perfect for professionals needing reliable equipment.\",\"breadcrumb\":{\"@id\":\"https:\/\/sxflightcase.com\/product\/flight-case-metal-handle-hae01\/#breadcrumb\"},\"inLanguage\":\"pt-PT\",\"potentialAction\":[{\"@type\":\"ReadAction\",\"target\":[\"https:\/\/sxflightcase.com\/product\/flight-case-metal-handle-hae01\/\"]}]},{\"@type\":\"ImageObject\",\"inLanguage\":\"pt-PT\",\"@id\":\"https:\/\/sxflightcase.com\/product\/flight-case-metal-handle-hae01\/#primaryimage\",\"url\":\"https:\/\/sxflightcase.com\/wp-content\/uploads\/2024\/08\/HAE01.jpg\",\"contentUrl\":\"https:\/\/sxflightcase.com\/wp-content\/uploads\/2024\/08\/HAE01.jpg\",\"width\":700,\"height\":700,\"caption\":\"Flight Case Metal Handle\"},{\"@type\":\"BreadcrumbList\",\"@id\":\"https:\/\/sxflightcase.com\/product\/flight-case-metal-handle-hae01\/#breadcrumb\",\"itemListElement\":[{\"@type\":\"ListItem\",\"position\":1,\"name\":\"Home\",\"item\":\"https:\/\/sxflightcase.com\/\"},{\"@type\":\"ListItem\",\"position\":2,\"name\":\"\u0e2a\u0e34\u0e19\u0e04\u0e49\u0e32\",\"item\":\"https:\/\/sxflightcase.com\/th\/shop\/\"},{\"@type\":\"ListItem\",\"position\":3,\"name\":\"Flight Case Metal Handle HAE01\"}]},{\"@type\":\"WebSite\",\"@id\":\"https:\/\/sxflightcase.com\/th\/#website\",\"url\":\"https:\/\/sxflightcase.com\/th\/\",\"name\":\"sxpowercase.com\",\"description\":\"Flight Case Factory\",\"publisher\":{\"@id\":\"https:\/\/sxflightcase.com\/th\/#organization\"},\"potentialAction\":[{\"@type\":\"SearchAction\",\"target\":{\"@type\":\"EntryPoint\",\"urlTemplate\":\"https:\/\/sxflightcase.com\/th\/?s={search_term_string}\"},\"query-input\":{\"@type\":\"PropertyValueSpecification\",\"valueRequired\":true,\"valueName\":\"search_term_string\"}}],\"inLanguage\":\"pt-PT\"},{\"@type\":\"Organization\",\"@id\":\"https:\/\/sxflightcase.com\/th\/#organization\",\"name\":\"sxpowercase.com\",\"url\":\"https:\/\/sxflightcase.com\/th\/\",\"logo\":{\"@type\":\"ImageObject\",\"inLanguage\":\"pt-PT\",\"@id\":\"https:\/\/sxflightcase.com\/th\/#\/schema\/logo\/image\/\",\"url\":\"https:\/\/sxflightcase.com\/wp-content\/uploads\/2024\/04\/1713919036007.jpg\",\"contentUrl\":\"https:\/\/sxflightcase.com\/wp-content\/uploads\/2024\/04\/1713919036007.jpg\",\"width\":382,\"height\":388,\"caption\":\"sxpowercase.com\"},\"image\":{\"@id\":\"https:\/\/sxflightcase.com\/th\/#\/schema\/logo\/image\/\"},\"sameAs\":[\"https:\/\/www.facebook.com\/profile.php?id=61560407257971\"],\"numberOfEmployees\":{\"@type\":\"QuantitativeValue\",\"minValue\":\"11\",\"maxValue\":\"50\"}}]}<\/script>\n<!-- \/ Yoast SEO Premium plugin. -->","yoast_head_json":{"title":"Flight Case Metal Handle HAE01 - https:\/\/sxflightcase.com \ud83d\udc97","description":"Pega met\u00e1lica para malas de voo, direta da f\u00e1brica! Dur\u00e1vel e segura, esta pega de alta qualidade foi concebida para facilitar o transporte de malas de voo. Ideal para profissionais que necessitam de equipamento fi\u00e1vel.","robots":{"index":"index","follow":"follow","max-snippet":"max-snippet:-1","max-image-preview":"max-image-preview:large","max-video-preview":"max-video-preview:-1"},"canonical":"https:\/\/sxflightcase.com\/pt\/produto\/mala-de-voo-com-pega-metalica-hae01\/","og_locale":"pt_PT","og_type":"article","og_title":"Flight Case Metal Handle HAE01","og_description":"Flight case metal handle, factory direct! Durable and secure, this high-quality handle is designed for easy transport of flight cases. Perfect for professionals needing reliable equipment.","og_url":"https:\/\/sxflightcase.com\/pt\/produto\/mala-de-voo-com-pega-metalica-hae01\/","og_site_name":"https:\/\/sxflightcase.com","article_publisher":"https:\/\/www.facebook.com\/profile.php?id=61560407257971","article_modified_time":"2024-08-10T06:20:27+00:00","og_image":[{"width":700,"height":700,"url":"https:\/\/sxflightcase.com\/wp-content\/uploads\/2024\/08\/HAE01.jpg","type":"image\/jpeg"}],"twitter_card":"summary_large_image","twitter_misc":{"Tempo estimado de leitura":"3 minutos"},"schema":{"@context":"https:\/\/schema.org","@graph":[{"@type":"WebPage","@id":"https:\/\/sxflightcase.com\/product\/flight-case-metal-handle-hae01\/","url":"https:\/\/sxflightcase.com\/product\/flight-case-metal-handle-hae01\/","name":"Flight Case Metal Handle HAE01 - https:\/\/sxflightcase.com \ud83d\udc97","isPartOf":{"@id":"https:\/\/sxflightcase.com\/th\/#website"},"primaryImageOfPage":{"@id":"https:\/\/sxflightcase.com\/product\/flight-case-metal-handle-hae01\/#primaryimage"},"image":{"@id":"https:\/\/sxflightcase.com\/product\/flight-case-metal-handle-hae01\/#primaryimage"},"thumbnailUrl":"https:\/\/sxflightcase.com\/wp-content\/uploads\/2024\/08\/HAE01.jpg","datePublished":"2024-08-10T06:20:26+00:00","dateModified":"2024-08-10T06:20:27+00:00","description":"Pega met\u00e1lica para malas de voo, direta da f\u00e1brica! Dur\u00e1vel e segura, esta pega de alta qualidade foi concebida para facilitar o transporte de malas de voo. Ideal para profissionais que necessitam de equipamento fi\u00e1vel.","breadcrumb":{"@id":"https:\/\/sxflightcase.com\/product\/flight-case-metal-handle-hae01\/#breadcrumb"},"inLanguage":"pt-PT","potentialAction":[{"@type":"ReadAction","target":["https:\/\/sxflightcase.com\/product\/flight-case-metal-handle-hae01\/"]}]},{"@type":"ImageObject","inLanguage":"pt-PT","@id":"https:\/\/sxflightcase.com\/product\/flight-case-metal-handle-hae01\/#primaryimage","url":"https:\/\/sxflightcase.com\/wp-content\/uploads\/2024\/08\/HAE01.jpg","contentUrl":"https:\/\/sxflightcase.com\/wp-content\/uploads\/2024\/08\/HAE01.jpg","width":700,"height":700,"caption":"Flight Case Metal Handle"},{"@type":"BreadcrumbList","@id":"https:\/\/sxflightcase.com\/product\/flight-case-metal-handle-hae01\/#breadcrumb","itemListElement":[{"@type":"ListItem","position":1,"name":"Home","item":"https:\/\/sxflightcase.com\/"},{"@type":"ListItem","position":2,"name":"\u0e2a\u0e34\u0e19\u0e04\u0e49\u0e32","item":"https:\/\/sxflightcase.com\/th\/shop\/"},{"@type":"ListItem","position":3,"name":"Flight Case Metal Handle HAE01"}]},{"@type":"WebSite","@id":"https:\/\/sxflightcase.com\/th\/#website","url":"https:\/\/sxflightcase.com\/th\/","name":"sxpowercase.com","description":"F\u00e1brica de malas de voo","publisher":{"@id":"https:\/\/sxflightcase.com\/th\/#organization"},"potentialAction":[{"@type":"SearchAction","target":{"@type":"EntryPoint","urlTemplate":"https:\/\/sxflightcase.com\/th\/?s={search_term_string}"},"query-input":{"@type":"PropertyValueSpecification","valueRequired":true,"valueName":"search_term_string"}}],"inLanguage":"pt-PT"},{"@type":"Organization","@id":"https:\/\/sxflightcase.com\/th\/#organization","name":"sxpowercase.com","url":"https:\/\/sxflightcase.com\/th\/","logo":{"@type":"ImageObject","inLanguage":"pt-PT","@id":"https:\/\/sxflightcase.com\/th\/#\/schema\/logo\/image\/","url":"https:\/\/sxflightcase.com\/wp-content\/uploads\/2024\/04\/1713919036007.jpg","contentUrl":"https:\/\/sxflightcase.com\/wp-content\/uploads\/2024\/04\/1713919036007.jpg","width":382,"height":388,"caption":"sxpowercase.com"},"image":{"@id":"https:\/\/sxflightcase.com\/th\/#\/schema\/logo\/image\/"},"sameAs":["https:\/\/www.facebook.com\/profile.php?id=61560407257971"],"numberOfEmployees":{"@type":"QuantitativeValue","minValue":"11","maxValue":"50"}}]}},"_links":{"self":[{"href":"https:\/\/sxflightcase.com\/pt\/wp-json\/wp\/v2\/product\/4056","targetHints":{"allow":["GET"]}}],"collection":[{"href":"https:\/\/sxflightcase.com\/pt\/wp-json\/wp\/v2\/product"}],"about":[{"href":"https:\/\/sxflightcase.com\/pt\/wp-json\/wp\/v2\/types\/product"}],"replies":[{"embeddable":true,"href":"https:\/\/sxflightcase.com\/pt\/wp-json\/wp\/v2\/comments?post=4056"}],"version-history":[{"count":0,"href":"https:\/\/sxflightcase.com\/pt\/wp-json\/wp\/v2\/product\/4056\/revisions"}],"wp:featuredmedia":[{"embeddable":true,"href":"https:\/\/sxflightcase.com\/pt\/wp-json\/wp\/v2\/media\/4032"}],"wp:attachment":[{"href":"https:\/\/sxflightcase.com\/pt\/wp-json\/wp\/v2\/media?parent=4056"}],"wp:term":[{"taxonomy":"product_brand","embeddable":true,"href":"https:\/\/sxflightcase.com\/pt\/wp-json\/wp\/v2\/product_brand?post=4056"},{"taxonomy":"product_cat","embeddable":true,"href":"https:\/\/sxflightcase.com\/pt\/wp-json\/wp\/v2\/product_cat?post=4056"},{"taxonomy":"product_tag","embeddable":true,"href":"https:\/\/sxflightcase.com\/pt\/wp-json\/wp\/v2\/product_tag?post=4056"}],"curies":[{"name":"wp","href":"https:\/\/api.w.org\/{rel}","templated":true}]}}