{"id":4057,"date":"2024-08-10T07:25:24","date_gmt":"2024-08-10T06:25:24","guid":{"rendered":"https:\/\/sxpowercase.com\/?post_type=product&#038;p=4057"},"modified":"2024-08-10T07:25:25","modified_gmt":"2024-08-10T06:25:25","slug":"cabinet-handles-haf01","status":"publish","type":"product","link":"https:\/\/sxflightcase.com\/pt\/produto\/puxadores-de-armarios-haf01\/","title":{"rendered":"Puxadores de arm\u00e1rio HAF01"},"content":{"rendered":"<h3>Eleve o seu espa\u00e7o com os puxadores de arm\u00e1rios SX<\/h3>\n<h4>Artesanato de qualidade a pre\u00e7os diretos de f\u00e1brica<\/h4>\n<p>Quando se trata de encontrar o <strong>Puxadores de arm\u00e1rios<\/strong> para a sua casa ou espa\u00e7o de trabalho, a qualidade e a acessibilidade s\u00e3o fundamentais. Na SX, oferecemos uma vasta gama de puxadores concebidos para complementar qualquer decora\u00e7\u00e3o, proporcionando uma durabilidade excecional. A nossa abordagem direta da f\u00e1brica garante-lhe produtos de primeira qualidade a pre\u00e7os imbat\u00edveis. Quer esteja a renovar a sua cozinha ou a atualizar os arm\u00e1rios do escrit\u00f3rio, <a href=\"https:\/\/sxpowercase.com\/\" target=\"_blank\" rel=\"noopener\" title=\"SX\" data-wpil-monitor-id=\"648\">SX<\/a> <strong>Puxadores de arm\u00e1rios<\/strong> oferecer o melhor valor sem comprometer a qualidade.<\/p>\n<h4>Concebido para durar<\/h4>\n<p>Todos os SX <strong>Puxador de arm\u00e1rio<\/strong> \u00e9 fabricado com precis\u00e3o e aten\u00e7\u00e3o aos pormenores. Fabricados com materiais de alta qualidade, estes puxadores foram concebidos para resistir \u00e0 utiliza\u00e7\u00e3o di\u00e1ria, mantendo o seu aspeto elegante. Quer prefira um design moderno e minimalista ou um aspeto mais tradicional, os nossos puxadores foram concebidos para durar, oferecendo estilo e resist\u00eancia. Com a SX, pode confiar que o seu investimento em hardware de qualidade resistir\u00e1 ao teste do tempo.<\/p>\n<h4>Versatilidade para qualquer ambiente<\/h4>\n<p>SX <strong>Puxadores de arm\u00e1rios<\/strong> n\u00e3o se limitam apenas a cozinhas e casas de banho. O seu design vers\u00e1til torna-os adequados para uma variedade de aplica\u00e7\u00f5es, desde roupeiros de quarto a unidades de arruma\u00e7\u00e3o de escrit\u00f3rio. Independentemente do local onde s\u00e3o instalados, os nossos puxadores melhoram a funcionalidade e a est\u00e9tica. O seu design ergon\u00f3mico garante uma ader\u00eancia confort\u00e1vel, tornando as tarefas quotidianas mais pr\u00e1ticas e acrescentando um toque de eleg\u00e2ncia ao seu espa\u00e7o.<\/p>\n<h4>Solu\u00e7\u00f5es personaliz\u00e1veis<\/h4>\n<p>Na SX, compreendemos que cada projeto tem requisitos \u00fanicos. \u00c9 por isso que oferecemos op\u00e7\u00f5es de personaliza\u00e7\u00e3o para os nossos <strong>Puxadores de arm\u00e1rios<\/strong>. Quer necessite de um tamanho, acabamento ou estilo espec\u00edfico, podemos adaptar os nossos produtos para satisfazer as suas necessidades exactas. A personaliza\u00e7\u00e3o garante que os seus puxadores n\u00e3o s\u00f3 encaixam na perfei\u00e7\u00e3o, como tamb\u00e9m complementam o design geral dos seus arm\u00e1rios. Deixe que a SX o ajude a criar um aspeto coeso e polido em toda a sua casa ou escrit\u00f3rio.<\/p>\n<h4>Diretamente do fabricante<\/h4>\n<p>Ao comprar diretamente ao fabricante, elimina o intermedi\u00e1rio, garantindo que recebe a melhor qualidade <strong>Puxadores de arm\u00e1rios<\/strong> ao pre\u00e7o mais baixo poss\u00edvel. A SX est\u00e1 empenhada em fornecer produtos que combinam durabilidade, estilo e acessibilidade. A nossa abordagem direta da f\u00e1brica significa que obt\u00e9m hardware de qualidade superior sem a margem de lucro normalmente encontrada nas lojas de retalho.<\/p>\n<h4>Porqu\u00ea escolher a SX?<\/h4>\n<p>Escolher a SX significa escolher uma marca que d\u00e1 prioridade \u00e0 qualidade, \u00e0 satisfa\u00e7\u00e3o do cliente e ao valor. Os nossos <strong>Puxadores de arm\u00e1rios<\/strong> s\u00e3o a combina\u00e7\u00e3o perfeita entre forma e fun\u00e7\u00e3o, concebidas para melhorar o aspeto e a utiliza\u00e7\u00e3o dos seus arm\u00e1rios. Com a SX, n\u00e3o est\u00e1 apenas a comprar hardware - est\u00e1 a investir num produto que ir\u00e1 melhorar o seu espa\u00e7o durante muitos anos.<\/p>\n<h4>Entre em contacto hoje mesmo<\/h4>\n<p>Actualize os seus arm\u00e1rios com SX <strong>Puxadores de arm\u00e1rios<\/strong> e experimente a diferen\u00e7a que a qualidade artesanal e os pre\u00e7os diretos de f\u00e1brica podem fazer. Contacte-nos hoje para saber mais sobre a nossa gama de produtos ou para fazer a sua encomenda. Deixe a SX ser o seu parceiro de confian\u00e7a em todas as suas necessidades de arm\u00e1rios.<\/p>\n<p>Contactar agora:<span style=\"color: #0000ff;\"><a style=\"color: #0000ff;\" href=\"https:\/\/sxpowercase.com\/contact-us\/\">https:\/\/sxpowercase.com\/<\/a><\/span><\/p>\n<p>Cat\u00e1logo de produtos de hardware\uff1a<span style=\"color: #3366ff;\"><a style=\"color: #3366ff;\" href=\"https:\/\/sxpowercase.com\/wp-content\/uploads\/2024\/07\/\u4e94\u91d1.pdf\">Cat\u00e1logo de acess\u00f3rios de ferragens<\/a><\/span><\/p>","protected":false},"excerpt":{"rendered":"<div class=\"flex max-w-full flex-col flex-grow\">\n<div class=\"min-h-[20px] text-message flex w-full flex-col items-end gap-2 whitespace-pre-wrap break-words [.text-message+&amp;]:mt-5 overflow-x-auto\" dir=\"auto\" data-message-author-role=\"assistant\" data-message-id=\"f9b15d2b-76c9-4191-8e5c-4ce629a7c529\">\n<div class=\"flex w-full flex-col gap-1 empty:hidden first:pt-[3px]\">\n<div class=\"markdown prose w-full break-words dark:prose-invert light\">\n<h3>SX Cabinet Handles: Style Meets Durability<\/h3>\n<p>Enhance your space with SX Cabinet Handles, crafted with precision and designed to last. Perfect for any decor, they offer both strength and elegance.<\/p>\n<h3>Factory-Direct Pricing for Unmatched Value<\/h3>\n<p>Get top-quality Cabinet Handles at unbeatable prices with SX\u2019s factory-direct approach, ensuring you receive exceptional value without the retail markup.<\/p>\n<h3>Customisable Solutions for Every Space<\/h3>\n<p>SX offers tailored Cabinet Handles to fit your exact needs, providing the perfect blend of form and function for your home or office cabinetry.<\/p>\n<\/div>\n<\/div>\n<\/div>\n<\/div>\n","protected":false},"featured_media":4033,"comment_status":"open","ping_status":"closed","template":"","meta":[],"product_brand":[],"product_cat":[62],"product_tag":[],"class_list":{"0":"post-4057","1":"product","2":"type-product","3":"status-publish","4":"has-post-thumbnail","6":"product_cat-handles","8":"first","9":"instock","10":"shipping-taxable","11":"product-type-simple"},"yoast_head":"<!-- This site is optimized with the Yoast SEO Premium plugin v27.1 (Yoast SEO v27.2) - https:\/\/yoast.com\/product\/yoast-seo-premium-wordpress\/ -->\n<title>Cabinet Handles HAF01 - https:\/\/sxflightcase.com \ud83d\udc97<\/title>\n<meta name=\"description\" content=\"Cabinet handles, factory direct! High-quality, durable handles designed for secure and stylish cabinet access. Ideal for kitchens, offices, and other furniture applications.\" \/>\n<meta name=\"robots\" content=\"index, follow, max-snippet:-1, max-image-preview:large, max-video-preview:-1\" \/>\n<link rel=\"canonical\" href=\"https:\/\/sxflightcase.com\/pt\/producto\/tiradores-de-armario-haf01-2\/\" \/>\n<meta property=\"og:locale\" content=\"pt_PT\" \/>\n<meta property=\"og:type\" content=\"article\" \/>\n<meta property=\"og:title\" content=\"Cabinet Handles HAF01\" \/>\n<meta property=\"og:description\" content=\"Cabinet handles, factory direct! High-quality, durable handles designed for secure and stylish cabinet access. Ideal for kitchens, offices, and other furniture applications.\" \/>\n<meta property=\"og:url\" content=\"https:\/\/sxflightcase.com\/pt\/producto\/tiradores-de-armario-haf01-2\/\" \/>\n<meta property=\"og:site_name\" content=\"https:\/\/sxflightcase.com\" \/>\n<meta property=\"article:publisher\" content=\"https:\/\/www.facebook.com\/profile.php?id=61560407257971\" \/>\n<meta property=\"article:modified_time\" content=\"2024-08-10T06:25:25+00:00\" \/>\n<meta property=\"og:image\" content=\"https:\/\/sxflightcase.com\/wp-content\/uploads\/2024\/08\/HAF01.jpg\" \/>\n\t<meta property=\"og:image:width\" content=\"700\" \/>\n\t<meta property=\"og:image:height\" content=\"700\" \/>\n\t<meta property=\"og:image:type\" content=\"image\/jpeg\" \/>\n<meta name=\"twitter:card\" content=\"summary_large_image\" \/>\n<meta name=\"twitter:label1\" content=\"Tempo estimado de leitura\" \/>\n\t<meta name=\"twitter:data1\" content=\"3 minutos\" \/>\n<script type=\"application\/ld+json\" class=\"yoast-schema-graph\">{\"@context\":\"https:\/\/schema.org\",\"@graph\":[{\"@type\":\"WebPage\",\"@id\":\"https:\/\/sxflightcase.com\/es_es\/producto\/tiradores-de-armario-haf01-2\/\",\"url\":\"https:\/\/sxflightcase.com\/es_es\/producto\/tiradores-de-armario-haf01-2\/\",\"name\":\"Cabinet Handles HAF01 - https:\/\/sxflightcase.com \ud83d\udc97\",\"isPartOf\":{\"@id\":\"https:\/\/sxflightcase.com\/th\/#website\"},\"primaryImageOfPage\":{\"@id\":\"https:\/\/sxflightcase.com\/es_es\/producto\/tiradores-de-armario-haf01-2\/#primaryimage\"},\"image\":{\"@id\":\"https:\/\/sxflightcase.com\/es_es\/producto\/tiradores-de-armario-haf01-2\/#primaryimage\"},\"thumbnailUrl\":\"https:\/\/sxflightcase.com\/wp-content\/uploads\/2024\/08\/HAF01.jpg\",\"datePublished\":\"2024-08-10T06:25:24+00:00\",\"dateModified\":\"2024-08-10T06:25:25+00:00\",\"description\":\"Cabinet handles, factory direct! High-quality, durable handles designed for secure and stylish cabinet access. Ideal for kitchens, offices, and other furniture applications.\",\"breadcrumb\":{\"@id\":\"https:\/\/sxflightcase.com\/es_es\/producto\/tiradores-de-armario-haf01-2\/#breadcrumb\"},\"inLanguage\":\"pt-PT\",\"potentialAction\":[{\"@type\":\"ReadAction\",\"target\":[\"https:\/\/sxflightcase.com\/es_es\/producto\/tiradores-de-armario-haf01-2\/\"]}]},{\"@type\":\"ImageObject\",\"inLanguage\":\"pt-PT\",\"@id\":\"https:\/\/sxflightcase.com\/es_es\/producto\/tiradores-de-armario-haf01-2\/#primaryimage\",\"url\":\"https:\/\/sxflightcase.com\/wp-content\/uploads\/2024\/08\/HAF01.jpg\",\"contentUrl\":\"https:\/\/sxflightcase.com\/wp-content\/uploads\/2024\/08\/HAF01.jpg\",\"width\":700,\"height\":700,\"caption\":\"Cabinet Handles\"},{\"@type\":\"BreadcrumbList\",\"@id\":\"https:\/\/sxflightcase.com\/es_es\/producto\/tiradores-de-armario-haf01-2\/#breadcrumb\",\"itemListElement\":[{\"@type\":\"ListItem\",\"position\":1,\"name\":\"Home\",\"item\":\"https:\/\/sxflightcase.com\/\"},{\"@type\":\"ListItem\",\"position\":2,\"name\":\"\u0e2a\u0e34\u0e19\u0e04\u0e49\u0e32\",\"item\":\"https:\/\/sxflightcase.com\/th\/shop\/\"},{\"@type\":\"ListItem\",\"position\":3,\"name\":\"Cabinet Handles HAF01\"}]},{\"@type\":\"WebSite\",\"@id\":\"https:\/\/sxflightcase.com\/th\/#website\",\"url\":\"https:\/\/sxflightcase.com\/th\/\",\"name\":\"sxpowercase.com\",\"description\":\"Flight Case Factory\",\"publisher\":{\"@id\":\"https:\/\/sxflightcase.com\/th\/#organization\"},\"potentialAction\":[{\"@type\":\"SearchAction\",\"target\":{\"@type\":\"EntryPoint\",\"urlTemplate\":\"https:\/\/sxflightcase.com\/th\/?s={search_term_string}\"},\"query-input\":{\"@type\":\"PropertyValueSpecification\",\"valueRequired\":true,\"valueName\":\"search_term_string\"}}],\"inLanguage\":\"pt-PT\"},{\"@type\":\"Organization\",\"@id\":\"https:\/\/sxflightcase.com\/th\/#organization\",\"name\":\"sxpowercase.com\",\"url\":\"https:\/\/sxflightcase.com\/th\/\",\"logo\":{\"@type\":\"ImageObject\",\"inLanguage\":\"pt-PT\",\"@id\":\"https:\/\/sxflightcase.com\/th\/#\/schema\/logo\/image\/\",\"url\":\"https:\/\/sxflightcase.com\/wp-content\/uploads\/2024\/04\/1713919036007.jpg\",\"contentUrl\":\"https:\/\/sxflightcase.com\/wp-content\/uploads\/2024\/04\/1713919036007.jpg\",\"width\":382,\"height\":388,\"caption\":\"sxpowercase.com\"},\"image\":{\"@id\":\"https:\/\/sxflightcase.com\/th\/#\/schema\/logo\/image\/\"},\"sameAs\":[\"https:\/\/www.facebook.com\/profile.php?id=61560407257971\"],\"numberOfEmployees\":{\"@type\":\"QuantitativeValue\",\"minValue\":\"11\",\"maxValue\":\"50\"}}]}<\/script>\n<!-- \/ Yoast SEO Premium plugin. -->","yoast_head_json":{"title":"Cabinet Handles HAF01 - https:\/\/sxflightcase.com \ud83d\udc97","description":"Puxadores de arm\u00e1rios, diretos da f\u00e1brica! Puxadores de alta qualidade e duradouros, concebidos para um acesso seguro e elegante ao arm\u00e1rio. Ideal para cozinhas, escrit\u00f3rios e outras aplica\u00e7\u00f5es de mobili\u00e1rio.","robots":{"index":"index","follow":"follow","max-snippet":"max-snippet:-1","max-image-preview":"max-image-preview:large","max-video-preview":"max-video-preview:-1"},"canonical":"https:\/\/sxflightcase.com\/pt\/producto\/tiradores-de-armario-haf01-2\/","og_locale":"pt_PT","og_type":"article","og_title":"Cabinet Handles HAF01","og_description":"Cabinet handles, factory direct! High-quality, durable handles designed for secure and stylish cabinet access. Ideal for kitchens, offices, and other furniture applications.","og_url":"https:\/\/sxflightcase.com\/pt\/producto\/tiradores-de-armario-haf01-2\/","og_site_name":"https:\/\/sxflightcase.com","article_publisher":"https:\/\/www.facebook.com\/profile.php?id=61560407257971","article_modified_time":"2024-08-10T06:25:25+00:00","og_image":[{"width":700,"height":700,"url":"https:\/\/sxflightcase.com\/wp-content\/uploads\/2024\/08\/HAF01.jpg","type":"image\/jpeg"}],"twitter_card":"summary_large_image","twitter_misc":{"Tempo estimado de leitura":"3 minutos"},"schema":{"@context":"https:\/\/schema.org","@graph":[{"@type":"WebPage","@id":"https:\/\/sxflightcase.com\/es_es\/producto\/tiradores-de-armario-haf01-2\/","url":"https:\/\/sxflightcase.com\/es_es\/producto\/tiradores-de-armario-haf01-2\/","name":"Cabinet Handles HAF01 - https:\/\/sxflightcase.com \ud83d\udc97","isPartOf":{"@id":"https:\/\/sxflightcase.com\/th\/#website"},"primaryImageOfPage":{"@id":"https:\/\/sxflightcase.com\/es_es\/producto\/tiradores-de-armario-haf01-2\/#primaryimage"},"image":{"@id":"https:\/\/sxflightcase.com\/es_es\/producto\/tiradores-de-armario-haf01-2\/#primaryimage"},"thumbnailUrl":"https:\/\/sxflightcase.com\/wp-content\/uploads\/2024\/08\/HAF01.jpg","datePublished":"2024-08-10T06:25:24+00:00","dateModified":"2024-08-10T06:25:25+00:00","description":"Puxadores de arm\u00e1rios, diretos da f\u00e1brica! Puxadores de alta qualidade e duradouros, concebidos para um acesso seguro e elegante ao arm\u00e1rio. Ideal para cozinhas, escrit\u00f3rios e outras aplica\u00e7\u00f5es de mobili\u00e1rio.","breadcrumb":{"@id":"https:\/\/sxflightcase.com\/es_es\/producto\/tiradores-de-armario-haf01-2\/#breadcrumb"},"inLanguage":"pt-PT","potentialAction":[{"@type":"ReadAction","target":["https:\/\/sxflightcase.com\/es_es\/producto\/tiradores-de-armario-haf01-2\/"]}]},{"@type":"ImageObject","inLanguage":"pt-PT","@id":"https:\/\/sxflightcase.com\/es_es\/producto\/tiradores-de-armario-haf01-2\/#primaryimage","url":"https:\/\/sxflightcase.com\/wp-content\/uploads\/2024\/08\/HAF01.jpg","contentUrl":"https:\/\/sxflightcase.com\/wp-content\/uploads\/2024\/08\/HAF01.jpg","width":700,"height":700,"caption":"Cabinet Handles"},{"@type":"BreadcrumbList","@id":"https:\/\/sxflightcase.com\/es_es\/producto\/tiradores-de-armario-haf01-2\/#breadcrumb","itemListElement":[{"@type":"ListItem","position":1,"name":"Home","item":"https:\/\/sxflightcase.com\/"},{"@type":"ListItem","position":2,"name":"\u0e2a\u0e34\u0e19\u0e04\u0e49\u0e32","item":"https:\/\/sxflightcase.com\/th\/shop\/"},{"@type":"ListItem","position":3,"name":"Cabinet Handles HAF01"}]},{"@type":"WebSite","@id":"https:\/\/sxflightcase.com\/th\/#website","url":"https:\/\/sxflightcase.com\/th\/","name":"sxpowercase.com","description":"F\u00e1brica de malas de voo","publisher":{"@id":"https:\/\/sxflightcase.com\/th\/#organization"},"potentialAction":[{"@type":"SearchAction","target":{"@type":"EntryPoint","urlTemplate":"https:\/\/sxflightcase.com\/th\/?s={search_term_string}"},"query-input":{"@type":"PropertyValueSpecification","valueRequired":true,"valueName":"search_term_string"}}],"inLanguage":"pt-PT"},{"@type":"Organization","@id":"https:\/\/sxflightcase.com\/th\/#organization","name":"sxpowercase.com","url":"https:\/\/sxflightcase.com\/th\/","logo":{"@type":"ImageObject","inLanguage":"pt-PT","@id":"https:\/\/sxflightcase.com\/th\/#\/schema\/logo\/image\/","url":"https:\/\/sxflightcase.com\/wp-content\/uploads\/2024\/04\/1713919036007.jpg","contentUrl":"https:\/\/sxflightcase.com\/wp-content\/uploads\/2024\/04\/1713919036007.jpg","width":382,"height":388,"caption":"sxpowercase.com"},"image":{"@id":"https:\/\/sxflightcase.com\/th\/#\/schema\/logo\/image\/"},"sameAs":["https:\/\/www.facebook.com\/profile.php?id=61560407257971"],"numberOfEmployees":{"@type":"QuantitativeValue","minValue":"11","maxValue":"50"}}]}},"_links":{"self":[{"href":"https:\/\/sxflightcase.com\/pt\/wp-json\/wp\/v2\/product\/4057","targetHints":{"allow":["GET"]}}],"collection":[{"href":"https:\/\/sxflightcase.com\/pt\/wp-json\/wp\/v2\/product"}],"about":[{"href":"https:\/\/sxflightcase.com\/pt\/wp-json\/wp\/v2\/types\/product"}],"replies":[{"embeddable":true,"href":"https:\/\/sxflightcase.com\/pt\/wp-json\/wp\/v2\/comments?post=4057"}],"version-history":[{"count":0,"href":"https:\/\/sxflightcase.com\/pt\/wp-json\/wp\/v2\/product\/4057\/revisions"}],"wp:featuredmedia":[{"embeddable":true,"href":"https:\/\/sxflightcase.com\/pt\/wp-json\/wp\/v2\/media\/4033"}],"wp:attachment":[{"href":"https:\/\/sxflightcase.com\/pt\/wp-json\/wp\/v2\/media?parent=4057"}],"wp:term":[{"taxonomy":"product_brand","embeddable":true,"href":"https:\/\/sxflightcase.com\/pt\/wp-json\/wp\/v2\/product_brand?post=4057"},{"taxonomy":"product_cat","embeddable":true,"href":"https:\/\/sxflightcase.com\/pt\/wp-json\/wp\/v2\/product_cat?post=4057"},{"taxonomy":"product_tag","embeddable":true,"href":"https:\/\/sxflightcase.com\/pt\/wp-json\/wp\/v2\/product_tag?post=4057"}],"curies":[{"name":"wp","href":"https:\/\/api.w.org\/{rel}","templated":true}]}}