{"id":4058,"date":"2024-08-10T07:33:07","date_gmt":"2024-08-10T06:33:07","guid":{"rendered":"https:\/\/sxpowercase.com\/?post_type=product&#038;p=4058"},"modified":"2024-08-10T07:33:08","modified_gmt":"2024-08-10T06:33:08","slug":"spring-loaded-case-handle-hag01","status":"publish","type":"product","link":"https:\/\/sxflightcase.com\/pt\/produto\/pega-da-caixa-com-mola-hag01\/","title":{"rendered":"Pega de caixa com mola HAG01"},"content":{"rendered":"<h3>Aumentar a durabilidade com a pega de mala com mola SX<\/h3>\n<h4>Qualidade imbat\u00edvel a pre\u00e7os diretos de f\u00e1brica<\/h4>\n<p>Na SX, sabemos que as suas malas t\u00eam de resistir \u00e0s exig\u00eancias das viagens constantes e da utiliza\u00e7\u00e3o intensiva. \u00c9 por isso que as nossas <strong>Pega da mala com mola<\/strong>\u00a0s\u00e3o concebidos para proporcionar uma durabilidade e fiabilidade sem paralelo. Com a nossa abordagem direta da f\u00e1brica, obt\u00e9m pegas de topo sem a margem de lucro do retalho. Quer esteja a equipar malas de estrada, caixas de ferramentas ou compartimentos personalizados, <a href=\"https:\/\/sxpowercase.com\/\" target=\"_blank\" rel=\"noopener\" title=\"SX\" data-wpil-monitor-id=\"649\">SX<\/a> oferece a solu\u00e7\u00e3o perfeita a um pre\u00e7o que cabe no seu or\u00e7amento.<\/p>\n<h4>Concebida para ser resistente e confort\u00e1vel<\/h4>\n<p>SX <strong>Pegas de mala com mola<\/strong> s\u00e3o constru\u00eddos com materiais de alta qualidade, garantindo que suportam os rigores do manuseamento frequente. O design com mola mant\u00e9m a pega nivelada contra a mala quando n\u00e3o est\u00e1 a ser utilizada, evitando entalamentos acidentais e proporcionando um aspeto elegante e compacto. Esta carater\u00edstica \u00e9 especialmente \u00fatil para malas que s\u00e3o empilhadas ou transportadas com frequ\u00eancia, uma vez que reduz o risco de danos tanto na pega como na pr\u00f3pria mala.<\/p>\n<h4>Design vers\u00e1til para qualquer aplica\u00e7\u00e3o<\/h4>\n<p>O nosso <strong>Pegas de mala com mola<\/strong> s\u00e3o vers\u00e1teis, o que os torna ideais para uma vasta gama de aplica\u00e7\u00f5es. Quer esteja na ind\u00fastria do entretenimento, a lidar com equipamento pesado, ou simplesmente precise de pegas fi\u00e1veis para as suas solu\u00e7\u00f5es de armazenamento, a SX tem tudo o que precisa. Estas pegas s\u00e3o f\u00e1ceis de instalar e oferecem uma ader\u00eancia confort\u00e1vel, assegurando que transportar at\u00e9 as cargas mais pesadas \u00e9 o mais c\u00f3modo poss\u00edvel.<\/p>\n<h4>Personaliza\u00e7\u00e3o para as suas necessidades espec\u00edficas<\/h4>\n<p>A SX compreende que cada caso \u00e9 \u00fanico. \u00c9 por isso que oferecemos op\u00e7\u00f5es de personaliza\u00e7\u00e3o para os nossos <strong>Pegas de mala com mola<\/strong>. Quer necessite de um tamanho espec\u00edfico, de um acabamento ou de carater\u00edsticas adicionais, podemos adaptar os nossos puxadores para satisfazer os seus requisitos exactos. Isto garante que as suas caixas n\u00e3o s\u00f3 t\u00eam um bom desempenho, mas tamb\u00e9m um \u00f3timo aspeto, proporcionando um acabamento profissional que reflecte a qualidade do seu trabalho.<\/p>\n<h4>Diretamente do fabricante para um valor m\u00e1ximo<\/h4>\n<p>Comprar diretamente \u00e0 SX significa que est\u00e1 a obter o melhor valor poss\u00edvel pelo seu dinheiro. Eliminamos os intermedi\u00e1rios, pelo que n\u00e3o tem de pagar pre\u00e7os de retalho inflacionados. Os nossos <strong>Pegas de mala com mola<\/strong> t\u00eam pre\u00e7os competitivos sem comprometer a qualidade, o que os torna a escolha ideal para profissionais que necessitam de hardware fi\u00e1vel a um custo acess\u00edvel.<\/p>\n<h4>Porqu\u00ea escolher a SX?<\/h4>\n<p>Quando escolhe a SX, est\u00e1 a escolher uma marca que d\u00e1 prioridade \u00e0 durabilidade, funcionalidade e satisfa\u00e7\u00e3o do cliente. Os nossos <strong>Pegas de mala com mola<\/strong> s\u00e3o concebidos para cumprir os mais elevados padr\u00f5es, assegurando o desempenho de que necessita dia ap\u00f3s dia. Quer seja um fabricante, um revendedor ou um utilizador final, pode confiar na SX para fornecer hardware que resiste \u00e0s condi\u00e7\u00f5es mais dif\u00edceis.<\/p>\n<h4>Contacte-nos hoje<\/h4>\n<p>Pronto para atualizar as suas caixas com SX <strong>Pegas de mala com mola<\/strong>? Entre em contacto connosco hoje mesmo para saber mais sobre os nossos produtos ou para fazer uma encomenda. Com a SX, n\u00e3o est\u00e1 apenas a comprar puxadores - est\u00e1 a investir em qualidade, fiabilidade e paz de esp\u00edrito. Deixe-nos ajud\u00e1-lo a encontrar a solu\u00e7\u00e3o perfeita para as suas necessidades.<\/p>\n<p>Contactar agora:<span style=\"color: #0000ff;\"><a style=\"color: #0000ff;\" href=\"https:\/\/sxpowercase.com\/contact-us\/\">https:\/\/sxpowercase.com\/<\/a><\/span><\/p>\n<p>Cat\u00e1logo de produtos de hardware\uff1a<span style=\"color: #3366ff;\"><a style=\"color: #3366ff;\" href=\"https:\/\/sxpowercase.com\/wp-content\/uploads\/2024\/07\/\u4e94\u91d1.pdf\">Cat\u00e1logo de acess\u00f3rios de ferragens<\/a><\/span><\/p>","protected":false},"excerpt":{"rendered":"<div class=\"flex max-w-full flex-col flex-grow\">\n<div class=\"min-h-[20px] text-message flex w-full flex-col items-end gap-2 whitespace-pre-wrap break-words [.text-message+&amp;]:mt-5 overflow-x-auto\" dir=\"auto\" data-message-author-role=\"assistant\" data-message-id=\"98c59072-ec4c-4d12-b471-b61ebf5e6bc9\">\n<div class=\"flex w-full flex-col gap-1 empty:hidden first:pt-[3px]\">\n<div class=\"markdown prose w-full break-words dark:prose-invert light\">\n<h3>SX Spring Loaded Case Handles: Durable and Reliable<\/h3>\n<p>Ensure your cases stand up to heavy use with SX Spring Loaded Case Handles, designed for strength and comfort. Perfect for any application.<\/p>\n<h3>Factory-Direct Pricing for Maximum Value<\/h3>\n<p>Get top-quality Spring Loaded Case Handles without the retail markup. SX offers unbeatable value with durable, high-performance hardware at factory-direct prices.<\/p>\n<h3>Customisable Solutions for Every Need<\/h3>\n<p>SX provides tailored Spring Loaded Case Handles to meet your specific requirements, ensuring your cases look professional and perform flawlessly.<\/p>\n<\/div>\n<\/div>\n<\/div>\n<\/div>\n","protected":false},"featured_media":4034,"comment_status":"open","ping_status":"closed","template":"","meta":[],"product_brand":[],"product_cat":[62],"product_tag":[],"class_list":{"0":"post-4058","1":"product","2":"type-product","3":"status-publish","4":"has-post-thumbnail","6":"product_cat-handles","8":"first","9":"instock","10":"shipping-taxable","11":"product-type-simple"},"yoast_head":"<!-- This site is optimized with the Yoast SEO Premium plugin v27.1 (Yoast SEO v27.2) - https:\/\/yoast.com\/product\/yoast-seo-premium-wordpress\/ -->\n<title>Spring Loaded Case Handle HAG01 - https:\/\/sxflightcase.com \ud83d\udc97<\/title>\n<meta name=\"description\" content=\"Spring-loaded case handle, factory direct! High-quality, durable handles designed for secure and comfortable transport with a retractable feature. Perfect for professional and industrial cases.\" \/>\n<meta name=\"robots\" content=\"index, follow, max-snippet:-1, max-image-preview:large, max-video-preview:-1\" \/>\n<link rel=\"canonical\" href=\"https:\/\/sxflightcase.com\/pt\/produk\/pegangan-kasing-bermuatan-pegas-hag01-2\/\" \/>\n<meta property=\"og:locale\" content=\"pt_PT\" \/>\n<meta property=\"og:type\" content=\"article\" \/>\n<meta property=\"og:title\" content=\"Spring Loaded Case Handle HAG01\" \/>\n<meta property=\"og:description\" content=\"Spring-loaded case handle, factory direct! High-quality, durable handles designed for secure and comfortable transport with a retractable feature. Perfect for professional and industrial cases.\" \/>\n<meta property=\"og:url\" content=\"https:\/\/sxflightcase.com\/pt\/produk\/pegangan-kasing-bermuatan-pegas-hag01-2\/\" \/>\n<meta property=\"og:site_name\" content=\"https:\/\/sxflightcase.com\" \/>\n<meta property=\"article:publisher\" content=\"https:\/\/www.facebook.com\/profile.php?id=61560407257971\" \/>\n<meta property=\"article:modified_time\" content=\"2024-08-10T06:33:08+00:00\" \/>\n<meta property=\"og:image\" content=\"https:\/\/sxflightcase.com\/wp-content\/uploads\/2024\/08\/HAG01.jpg\" \/>\n\t<meta property=\"og:image:width\" content=\"700\" \/>\n\t<meta property=\"og:image:height\" content=\"700\" \/>\n\t<meta property=\"og:image:type\" content=\"image\/jpeg\" \/>\n<meta name=\"twitter:card\" content=\"summary_large_image\" \/>\n<meta name=\"twitter:label1\" content=\"Tempo estimado de leitura\" \/>\n\t<meta name=\"twitter:data1\" content=\"3 minutos\" \/>\n<script type=\"application\/ld+json\" class=\"yoast-schema-graph\">{\"@context\":\"https:\/\/schema.org\",\"@graph\":[{\"@type\":\"WebPage\",\"@id\":\"https:\/\/sxflightcase.com\/id\/produk\/pegangan-kasing-bermuatan-pegas-hag01-2\/\",\"url\":\"https:\/\/sxflightcase.com\/id\/produk\/pegangan-kasing-bermuatan-pegas-hag01-2\/\",\"name\":\"Spring Loaded Case Handle HAG01 - https:\/\/sxflightcase.com \ud83d\udc97\",\"isPartOf\":{\"@id\":\"https:\/\/sxflightcase.com\/th\/#website\"},\"primaryImageOfPage\":{\"@id\":\"https:\/\/sxflightcase.com\/id\/produk\/pegangan-kasing-bermuatan-pegas-hag01-2\/#primaryimage\"},\"image\":{\"@id\":\"https:\/\/sxflightcase.com\/id\/produk\/pegangan-kasing-bermuatan-pegas-hag01-2\/#primaryimage\"},\"thumbnailUrl\":\"https:\/\/sxflightcase.com\/wp-content\/uploads\/2024\/08\/HAG01.jpg\",\"datePublished\":\"2024-08-10T06:33:07+00:00\",\"dateModified\":\"2024-08-10T06:33:08+00:00\",\"description\":\"Spring-loaded case handle, factory direct! High-quality, durable handles designed for secure and comfortable transport with a retractable feature. Perfect for professional and industrial cases.\",\"breadcrumb\":{\"@id\":\"https:\/\/sxflightcase.com\/id\/produk\/pegangan-kasing-bermuatan-pegas-hag01-2\/#breadcrumb\"},\"inLanguage\":\"pt-PT\",\"potentialAction\":[{\"@type\":\"ReadAction\",\"target\":[\"https:\/\/sxflightcase.com\/id\/produk\/pegangan-kasing-bermuatan-pegas-hag01-2\/\"]}]},{\"@type\":\"ImageObject\",\"inLanguage\":\"pt-PT\",\"@id\":\"https:\/\/sxflightcase.com\/id\/produk\/pegangan-kasing-bermuatan-pegas-hag01-2\/#primaryimage\",\"url\":\"https:\/\/sxflightcase.com\/wp-content\/uploads\/2024\/08\/HAG01.jpg\",\"contentUrl\":\"https:\/\/sxflightcase.com\/wp-content\/uploads\/2024\/08\/HAG01.jpg\",\"width\":700,\"height\":700,\"caption\":\"Spring Loaded Case Handle\"},{\"@type\":\"BreadcrumbList\",\"@id\":\"https:\/\/sxflightcase.com\/id\/produk\/pegangan-kasing-bermuatan-pegas-hag01-2\/#breadcrumb\",\"itemListElement\":[{\"@type\":\"ListItem\",\"position\":1,\"name\":\"Home\",\"item\":\"https:\/\/sxflightcase.com\/\"},{\"@type\":\"ListItem\",\"position\":2,\"name\":\"\u0e2a\u0e34\u0e19\u0e04\u0e49\u0e32\",\"item\":\"https:\/\/sxflightcase.com\/th\/shop\/\"},{\"@type\":\"ListItem\",\"position\":3,\"name\":\"Spring Loaded Case Handle HAG01\"}]},{\"@type\":\"WebSite\",\"@id\":\"https:\/\/sxflightcase.com\/th\/#website\",\"url\":\"https:\/\/sxflightcase.com\/th\/\",\"name\":\"sxpowercase.com\",\"description\":\"Flight Case Factory\",\"publisher\":{\"@id\":\"https:\/\/sxflightcase.com\/th\/#organization\"},\"potentialAction\":[{\"@type\":\"SearchAction\",\"target\":{\"@type\":\"EntryPoint\",\"urlTemplate\":\"https:\/\/sxflightcase.com\/th\/?s={search_term_string}\"},\"query-input\":{\"@type\":\"PropertyValueSpecification\",\"valueRequired\":true,\"valueName\":\"search_term_string\"}}],\"inLanguage\":\"pt-PT\"},{\"@type\":\"Organization\",\"@id\":\"https:\/\/sxflightcase.com\/th\/#organization\",\"name\":\"sxpowercase.com\",\"url\":\"https:\/\/sxflightcase.com\/th\/\",\"logo\":{\"@type\":\"ImageObject\",\"inLanguage\":\"pt-PT\",\"@id\":\"https:\/\/sxflightcase.com\/th\/#\/schema\/logo\/image\/\",\"url\":\"https:\/\/sxflightcase.com\/wp-content\/uploads\/2024\/04\/1713919036007.jpg\",\"contentUrl\":\"https:\/\/sxflightcase.com\/wp-content\/uploads\/2024\/04\/1713919036007.jpg\",\"width\":382,\"height\":388,\"caption\":\"sxpowercase.com\"},\"image\":{\"@id\":\"https:\/\/sxflightcase.com\/th\/#\/schema\/logo\/image\/\"},\"sameAs\":[\"https:\/\/www.facebook.com\/profile.php?id=61560407257971\"],\"numberOfEmployees\":{\"@type\":\"QuantitativeValue\",\"minValue\":\"11\",\"maxValue\":\"50\"}}]}<\/script>\n<!-- \/ Yoast SEO Premium plugin. -->","yoast_head_json":{"title":"Spring Loaded Case Handle HAG01 - https:\/\/sxflightcase.com \ud83d\udc97","description":"Pega de mala com mola, direta da f\u00e1brica! Pegas duradouras e de alta qualidade, concebidas para um transporte seguro e confort\u00e1vel, com uma fun\u00e7\u00e3o retr\u00e1til. Perfeitas para malas profissionais e industriais.","robots":{"index":"index","follow":"follow","max-snippet":"max-snippet:-1","max-image-preview":"max-image-preview:large","max-video-preview":"max-video-preview:-1"},"canonical":"https:\/\/sxflightcase.com\/pt\/produk\/pegangan-kasing-bermuatan-pegas-hag01-2\/","og_locale":"pt_PT","og_type":"article","og_title":"Spring Loaded Case Handle HAG01","og_description":"Spring-loaded case handle, factory direct! High-quality, durable handles designed for secure and comfortable transport with a retractable feature. Perfect for professional and industrial cases.","og_url":"https:\/\/sxflightcase.com\/pt\/produk\/pegangan-kasing-bermuatan-pegas-hag01-2\/","og_site_name":"https:\/\/sxflightcase.com","article_publisher":"https:\/\/www.facebook.com\/profile.php?id=61560407257971","article_modified_time":"2024-08-10T06:33:08+00:00","og_image":[{"width":700,"height":700,"url":"https:\/\/sxflightcase.com\/wp-content\/uploads\/2024\/08\/HAG01.jpg","type":"image\/jpeg"}],"twitter_card":"summary_large_image","twitter_misc":{"Tempo estimado de leitura":"3 minutos"},"schema":{"@context":"https:\/\/schema.org","@graph":[{"@type":"WebPage","@id":"https:\/\/sxflightcase.com\/id\/produk\/pegangan-kasing-bermuatan-pegas-hag01-2\/","url":"https:\/\/sxflightcase.com\/id\/produk\/pegangan-kasing-bermuatan-pegas-hag01-2\/","name":"Spring Loaded Case Handle HAG01 - https:\/\/sxflightcase.com \ud83d\udc97","isPartOf":{"@id":"https:\/\/sxflightcase.com\/th\/#website"},"primaryImageOfPage":{"@id":"https:\/\/sxflightcase.com\/id\/produk\/pegangan-kasing-bermuatan-pegas-hag01-2\/#primaryimage"},"image":{"@id":"https:\/\/sxflightcase.com\/id\/produk\/pegangan-kasing-bermuatan-pegas-hag01-2\/#primaryimage"},"thumbnailUrl":"https:\/\/sxflightcase.com\/wp-content\/uploads\/2024\/08\/HAG01.jpg","datePublished":"2024-08-10T06:33:07+00:00","dateModified":"2024-08-10T06:33:08+00:00","description":"Pega de mala com mola, direta da f\u00e1brica! Pegas duradouras e de alta qualidade, concebidas para um transporte seguro e confort\u00e1vel, com uma fun\u00e7\u00e3o retr\u00e1til. Perfeitas para malas profissionais e industriais.","breadcrumb":{"@id":"https:\/\/sxflightcase.com\/id\/produk\/pegangan-kasing-bermuatan-pegas-hag01-2\/#breadcrumb"},"inLanguage":"pt-PT","potentialAction":[{"@type":"ReadAction","target":["https:\/\/sxflightcase.com\/id\/produk\/pegangan-kasing-bermuatan-pegas-hag01-2\/"]}]},{"@type":"ImageObject","inLanguage":"pt-PT","@id":"https:\/\/sxflightcase.com\/id\/produk\/pegangan-kasing-bermuatan-pegas-hag01-2\/#primaryimage","url":"https:\/\/sxflightcase.com\/wp-content\/uploads\/2024\/08\/HAG01.jpg","contentUrl":"https:\/\/sxflightcase.com\/wp-content\/uploads\/2024\/08\/HAG01.jpg","width":700,"height":700,"caption":"Spring Loaded Case Handle"},{"@type":"BreadcrumbList","@id":"https:\/\/sxflightcase.com\/id\/produk\/pegangan-kasing-bermuatan-pegas-hag01-2\/#breadcrumb","itemListElement":[{"@type":"ListItem","position":1,"name":"Home","item":"https:\/\/sxflightcase.com\/"},{"@type":"ListItem","position":2,"name":"\u0e2a\u0e34\u0e19\u0e04\u0e49\u0e32","item":"https:\/\/sxflightcase.com\/th\/shop\/"},{"@type":"ListItem","position":3,"name":"Spring Loaded Case Handle HAG01"}]},{"@type":"WebSite","@id":"https:\/\/sxflightcase.com\/th\/#website","url":"https:\/\/sxflightcase.com\/th\/","name":"sxpowercase.com","description":"F\u00e1brica de malas de voo","publisher":{"@id":"https:\/\/sxflightcase.com\/th\/#organization"},"potentialAction":[{"@type":"SearchAction","target":{"@type":"EntryPoint","urlTemplate":"https:\/\/sxflightcase.com\/th\/?s={search_term_string}"},"query-input":{"@type":"PropertyValueSpecification","valueRequired":true,"valueName":"search_term_string"}}],"inLanguage":"pt-PT"},{"@type":"Organization","@id":"https:\/\/sxflightcase.com\/th\/#organization","name":"sxpowercase.com","url":"https:\/\/sxflightcase.com\/th\/","logo":{"@type":"ImageObject","inLanguage":"pt-PT","@id":"https:\/\/sxflightcase.com\/th\/#\/schema\/logo\/image\/","url":"https:\/\/sxflightcase.com\/wp-content\/uploads\/2024\/04\/1713919036007.jpg","contentUrl":"https:\/\/sxflightcase.com\/wp-content\/uploads\/2024\/04\/1713919036007.jpg","width":382,"height":388,"caption":"sxpowercase.com"},"image":{"@id":"https:\/\/sxflightcase.com\/th\/#\/schema\/logo\/image\/"},"sameAs":["https:\/\/www.facebook.com\/profile.php?id=61560407257971"],"numberOfEmployees":{"@type":"QuantitativeValue","minValue":"11","maxValue":"50"}}]}},"_links":{"self":[{"href":"https:\/\/sxflightcase.com\/pt\/wp-json\/wp\/v2\/product\/4058","targetHints":{"allow":["GET"]}}],"collection":[{"href":"https:\/\/sxflightcase.com\/pt\/wp-json\/wp\/v2\/product"}],"about":[{"href":"https:\/\/sxflightcase.com\/pt\/wp-json\/wp\/v2\/types\/product"}],"replies":[{"embeddable":true,"href":"https:\/\/sxflightcase.com\/pt\/wp-json\/wp\/v2\/comments?post=4058"}],"version-history":[{"count":0,"href":"https:\/\/sxflightcase.com\/pt\/wp-json\/wp\/v2\/product\/4058\/revisions"}],"wp:featuredmedia":[{"embeddable":true,"href":"https:\/\/sxflightcase.com\/pt\/wp-json\/wp\/v2\/media\/4034"}],"wp:attachment":[{"href":"https:\/\/sxflightcase.com\/pt\/wp-json\/wp\/v2\/media?parent=4058"}],"wp:term":[{"taxonomy":"product_brand","embeddable":true,"href":"https:\/\/sxflightcase.com\/pt\/wp-json\/wp\/v2\/product_brand?post=4058"},{"taxonomy":"product_cat","embeddable":true,"href":"https:\/\/sxflightcase.com\/pt\/wp-json\/wp\/v2\/product_cat?post=4058"},{"taxonomy":"product_tag","embeddable":true,"href":"https:\/\/sxflightcase.com\/pt\/wp-json\/wp\/v2\/product_tag?post=4058"}],"curies":[{"name":"wp","href":"https:\/\/api.w.org\/{rel}","templated":true}]}}