{"id":4072,"date":"2024-08-13T08:04:07","date_gmt":"2024-08-13T07:04:07","guid":{"rendered":"https:\/\/sxpowercase.com\/?post_type=product&#038;p=4072"},"modified":"2024-08-13T08:04:08","modified_gmt":"2024-08-13T07:04:08","slug":"ball-corner-coa101","status":"publish","type":"product","link":"https:\/\/sxflightcase.com\/pt\/produto\/canto-de-bola-coa101\/","title":{"rendered":"Canto de bola COA101"},"content":{"rendered":"<h3>Melhore a prote\u00e7\u00e3o do seu equipamento com o SX Ball Corner<\/h3>\n<h4>Canto de bola Premium a pre\u00e7os diretos de f\u00e1brica<\/h4>\n<p>Na SX, compreendemos a import\u00e2ncia de proteger o seu valioso equipamento. \u00c9 por isso que oferecemos <strong>Canto da bola<\/strong>\u00a0que s\u00e3o simultaneamente duradouros e econ\u00f3micos. Ao comprar diretamente ao fabricante, pode desfrutar de produtos de topo de gama a pre\u00e7os diretos de f\u00e1brica, garantindo que obt\u00e9m o melhor valor sem comprometer a qualidade.<\/p>\n<h4>Constru\u00eddo para m\u00e1xima prote\u00e7\u00e3o<\/h4>\n<p><a href=\"https:\/\/sxpowercase.com\/\" target=\"_blank\" rel=\"noopener\" title=\"SX\" data-wpil-monitor-id=\"654\">SX<\/a> <strong>Cantos de bola<\/strong> foram concebidos para proteger o seu equipamento contra o desgaste do transporte di\u00e1rio. Fabricados com materiais resistentes e fi\u00e1veis, estes cantos proporcionam uma barreira protetora que absorve os impactos e evita danos. Quer esteja na estrada ou a armazenar o seu equipamento, os cantos SX Ball garantem que as suas malas se mant\u00eam nas melhores condi\u00e7\u00f5es, reduzindo o risco de repara\u00e7\u00f5es ou substitui\u00e7\u00f5es dispendiosas.<\/p>\n<h4>Versatilidade para todas as aplica\u00e7\u00f5es<\/h4>\n<p>O nosso <strong>Cantos de bola<\/strong> s\u00e3o vers\u00e1teis e podem ser utilizados em v\u00e1rios tipos de caixas, incluindo caixas de voo, caixas de estrada e caixas personalizadas. O design universal torna-os f\u00e1ceis de instalar, oferecendo um ajuste confort\u00e1vel que acrescenta for\u00e7a e estilo \u00e0s suas caixas. Os SX Ball Corners n\u00e3o s\u00e3o apenas funcionais, mas tamb\u00e9m melhoram o aspeto profissional do seu equipamento, proporcionando-lhe paz de esp\u00edrito e uma apar\u00eancia polida.<\/p>\n<h4>Personaliza\u00e7\u00e3o para satisfazer as suas necessidades<\/h4>\n<p>Na SX, sabemos que cada pe\u00e7a de equipamento \u00e9 \u00fanica, e \u00e9 por isso que oferecemos servi\u00e7os personaliz\u00e1veis <strong>Cantos de bola<\/strong>. Quer necessite de um tamanho espec\u00edfico, de um acabamento ou de carater\u00edsticas adicionais, a nossa equipa est\u00e1 pronta a adaptar os nossos produtos para satisfazer os seus requisitos exactos. Esta flexibilidade garante que as suas caixas n\u00e3o s\u00f3 est\u00e3o protegidas, como tamb\u00e9m est\u00e3o alinhadas com as necessidades est\u00e9ticas e funcionais da sua marca.<\/p>\n<h4>Qualidade e durabilidade sem compromissos<\/h4>\n<p>Quando escolhe a SX, est\u00e1 a escolher uma marca que \u00e9 sin\u00f3nimo de qualidade e durabilidade. Os nossos <strong>Cantos de bola<\/strong> s\u00e3o fabricados de acordo com os mais elevados padr\u00f5es, garantindo que podem suportar as condi\u00e7\u00f5es mais dif\u00edceis. Cada canto \u00e9 rigorosamente testado para garantir que satisfaz as exig\u00eancias de viagens frequentes e utiliza\u00e7\u00e3o intensa, para que possa confiar que o seu equipamento est\u00e1 sempre bem protegido.<\/p>\n<h4>Diretamente do fabricante para um valor imbat\u00edvel<\/h4>\n<p>Ao eliminar o intermedi\u00e1rio, a SX oferece <strong>Cantos de bola<\/strong> a pre\u00e7os imbat\u00edveis diretos da f\u00e1brica. Isto permite-lhe investir em prote\u00e7\u00e3o de alta qualidade sem sobrecarregar o seu or\u00e7amento. O nosso empenho em oferecer um valor excecional faz da SX a escolha perfeita para quem procura proteger o seu equipamento com hardware de primeira qualidade.<\/p>\n<h4>Contacte a SX para as suas necessidades de cantos de bola personalizados<\/h4>\n<p>Pronto para atualizar as suas caixas com SX <strong>Cantos de bola<\/strong>? Entre em contacto com a nossa equipa hoje mesmo para saber mais sobre os nossos produtos, op\u00e7\u00f5es de personaliza\u00e7\u00e3o ou para fazer uma encomenda. Com a SX, n\u00e3o est\u00e1 apenas a comprar um produto - est\u00e1 a investir numa prote\u00e7\u00e3o duradoura e num valor imbat\u00edvel. Confie na SX para fornecer a qualidade de que necessita a um pre\u00e7o que pode pagar.<\/p>\n<p>Contactar agora:<span style=\"color: #0000ff;\"><a style=\"color: #0000ff;\" href=\"https:\/\/sxpowercase.com\/contact-us\/\">https:\/\/sxpowercase.com\/<\/a><\/span><\/p>\n<p>Cat\u00e1logo de produtos de hardware\uff1a<span style=\"color: #3366ff;\"><a style=\"color: #3366ff;\" href=\"https:\/\/sxpowercase.com\/wp-content\/uploads\/2024\/07\/\u4e94\u91d1.pdf\">Cat\u00e1logo de acess\u00f3rios de ferragens<\/a><\/span><\/p>","protected":false},"excerpt":{"rendered":"<div class=\"flex-shrink-0 flex flex-col relative items-end\">\n<div>\n<div class=\"pt-0\">\n<div class=\"gizmo-bot-avatar flex h-8 w-8 items-center justify-center overflow-hidden rounded-full\">\n<div class=\"relative p-1 rounded-sm flex items-center justify-center bg-token-main-surface-primary text-token-text-primary h-8 w-8\"><\/div>\n<\/div>\n<\/div>\n<\/div>\n<\/div>\n<div class=\"group\/conversation-turn relative flex w-full min-w-0 flex-col agent-turn\">\n<div class=\"flex-col gap-1 md:gap-3\">\n<div class=\"flex max-w-full flex-col flex-grow\">\n<div class=\"min-h-[20px] text-message flex w-full flex-col items-end gap-2 whitespace-pre-wrap break-words [.text-message+&amp;]:mt-5 overflow-x-auto\" dir=\"auto\" data-message-author-role=\"assistant\" data-message-id=\"b29a6103-f839-4253-a036-2dd738e6bae2\">\n<div class=\"flex w-full flex-col gap-1 empty:hidden first:pt-[3px]\">\n<div class=\"markdown prose w-full break-words dark:prose-invert light\">\n<h3>SX Ball Corners: Ultimate Protection for Your Equipment<\/h3>\n<p>Safeguard your gear with SX Ball Corners, designed for maximum durability. Enjoy premium quality at factory-direct prices, ensuring top value for your investment.<\/p>\n<h3>Customizable Ball Corners for All Case Types<\/h3>\n<p>SX Ball Corners offer versatility and a snug fit for various cases, with customization options to meet your unique needs\u2014combining strength with a polished, professional look.<\/p>\n<h3>Trust SX for Quality and Affordability<\/h3>\n<p>Choose SX Ball Corners for reliable protection that withstands heavy use, all at unbeatable factory-direct prices. Protect your equipment without stretching your budget.<\/p>\n<\/div>\n<\/div>\n<\/div>\n<\/div>\n<\/div>\n<\/div>\n","protected":false},"featured_media":4073,"comment_status":"open","ping_status":"closed","template":"","meta":[],"product_brand":[],"product_cat":[63],"product_tag":[],"class_list":{"0":"post-4072","1":"product","2":"type-product","3":"status-publish","4":"has-post-thumbnail","6":"product_cat-corners","8":"first","9":"instock","10":"shipping-taxable","11":"product-type-simple"},"yoast_head":"<!-- This site is optimized with the Yoast SEO Premium plugin v27.1 (Yoast SEO v27.2) - https:\/\/yoast.com\/product\/yoast-seo-premium-wordpress\/ -->\n<title>Ball Corner COA101 - https:\/\/sxflightcase.com \ud83d\udc97<\/title>\n<meta name=\"description\" content=\"Ball corner, factory direct! High-quality protection for flight case edges, preventing damage during transport. Durable and reliable for long-lasting equipment safety.\" \/>\n<meta name=\"robots\" content=\"index, follow, max-snippet:-1, max-image-preview:large, max-video-preview:-1\" \/>\n<link rel=\"canonical\" href=\"https:\/\/sxflightcase.com\/pt\/produto\/canto-de-bola-coa101\/\" \/>\n<meta property=\"og:locale\" content=\"pt_PT\" \/>\n<meta property=\"og:type\" content=\"article\" \/>\n<meta property=\"og:title\" content=\"Ball Corner COA101\" \/>\n<meta property=\"og:description\" content=\"Ball corner, factory direct! High-quality protection for flight case edges, preventing damage during transport. Durable and reliable for long-lasting equipment safety.\" \/>\n<meta property=\"og:url\" content=\"https:\/\/sxflightcase.com\/pt\/produto\/canto-de-bola-coa101\/\" \/>\n<meta property=\"og:site_name\" content=\"https:\/\/sxflightcase.com\" \/>\n<meta property=\"article:publisher\" content=\"https:\/\/www.facebook.com\/profile.php?id=61560407257971\" \/>\n<meta property=\"article:modified_time\" content=\"2024-08-13T07:04:08+00:00\" \/>\n<meta property=\"og:image\" content=\"https:\/\/sxflightcase.com\/wp-content\/uploads\/2024\/08\/COA101.jpg\" \/>\n\t<meta property=\"og:image:width\" content=\"520\" \/>\n\t<meta property=\"og:image:height\" content=\"541\" \/>\n\t<meta property=\"og:image:type\" content=\"image\/jpeg\" \/>\n<meta name=\"twitter:card\" content=\"summary_large_image\" \/>\n<meta name=\"twitter:label1\" content=\"Tempo estimado de leitura\" \/>\n\t<meta name=\"twitter:data1\" content=\"3 minutos\" \/>\n<script type=\"application\/ld+json\" class=\"yoast-schema-graph\">{\"@context\":\"https:\/\/schema.org\",\"@graph\":[{\"@type\":\"WebPage\",\"@id\":\"https:\/\/sxflightcase.com\/pt\/produto\/canto-de-bola-coa101\/\",\"url\":\"https:\/\/sxflightcase.com\/pt\/produto\/canto-de-bola-coa101\/\",\"name\":\"Ball Corner COA101 - https:\/\/sxflightcase.com \ud83d\udc97\",\"isPartOf\":{\"@id\":\"https:\/\/sxflightcase.com\/th\/#website\"},\"primaryImageOfPage\":{\"@id\":\"https:\/\/sxflightcase.com\/pt\/produto\/canto-de-bola-coa101\/#primaryimage\"},\"image\":{\"@id\":\"https:\/\/sxflightcase.com\/pt\/produto\/canto-de-bola-coa101\/#primaryimage\"},\"thumbnailUrl\":\"https:\/\/sxflightcase.com\/wp-content\/uploads\/2024\/08\/COA101.jpg\",\"datePublished\":\"2024-08-13T07:04:07+00:00\",\"dateModified\":\"2024-08-13T07:04:08+00:00\",\"description\":\"Ball corner, factory direct! High-quality protection for flight case edges, preventing damage during transport. Durable and reliable for long-lasting equipment safety.\",\"breadcrumb\":{\"@id\":\"https:\/\/sxflightcase.com\/pt\/produto\/canto-de-bola-coa101\/#breadcrumb\"},\"inLanguage\":\"pt-PT\",\"potentialAction\":[{\"@type\":\"ReadAction\",\"target\":[\"https:\/\/sxflightcase.com\/pt\/produto\/canto-de-bola-coa101\/\"]}]},{\"@type\":\"ImageObject\",\"inLanguage\":\"pt-PT\",\"@id\":\"https:\/\/sxflightcase.com\/pt\/produto\/canto-de-bola-coa101\/#primaryimage\",\"url\":\"https:\/\/sxflightcase.com\/wp-content\/uploads\/2024\/08\/COA101.jpg\",\"contentUrl\":\"https:\/\/sxflightcase.com\/wp-content\/uploads\/2024\/08\/COA101.jpg\",\"width\":520,\"height\":541,\"caption\":\"COA101\"},{\"@type\":\"BreadcrumbList\",\"@id\":\"https:\/\/sxflightcase.com\/pt\/produto\/canto-de-bola-coa101\/#breadcrumb\",\"itemListElement\":[{\"@type\":\"ListItem\",\"position\":1,\"name\":\"Home\",\"item\":\"https:\/\/sxflightcase.com\/\"},{\"@type\":\"ListItem\",\"position\":2,\"name\":\"\u0e2a\u0e34\u0e19\u0e04\u0e49\u0e32\",\"item\":\"https:\/\/sxflightcase.com\/th\/shop\/\"},{\"@type\":\"ListItem\",\"position\":3,\"name\":\"Ball Corner COA101\"}]},{\"@type\":\"WebSite\",\"@id\":\"https:\/\/sxflightcase.com\/th\/#website\",\"url\":\"https:\/\/sxflightcase.com\/th\/\",\"name\":\"sxpowercase.com\",\"description\":\"Flight Case Factory\",\"publisher\":{\"@id\":\"https:\/\/sxflightcase.com\/th\/#organization\"},\"potentialAction\":[{\"@type\":\"SearchAction\",\"target\":{\"@type\":\"EntryPoint\",\"urlTemplate\":\"https:\/\/sxflightcase.com\/th\/?s={search_term_string}\"},\"query-input\":{\"@type\":\"PropertyValueSpecification\",\"valueRequired\":true,\"valueName\":\"search_term_string\"}}],\"inLanguage\":\"pt-PT\"},{\"@type\":\"Organization\",\"@id\":\"https:\/\/sxflightcase.com\/th\/#organization\",\"name\":\"sxpowercase.com\",\"url\":\"https:\/\/sxflightcase.com\/th\/\",\"logo\":{\"@type\":\"ImageObject\",\"inLanguage\":\"pt-PT\",\"@id\":\"https:\/\/sxflightcase.com\/th\/#\/schema\/logo\/image\/\",\"url\":\"https:\/\/sxflightcase.com\/wp-content\/uploads\/2024\/04\/1713919036007.jpg\",\"contentUrl\":\"https:\/\/sxflightcase.com\/wp-content\/uploads\/2024\/04\/1713919036007.jpg\",\"width\":382,\"height\":388,\"caption\":\"sxpowercase.com\"},\"image\":{\"@id\":\"https:\/\/sxflightcase.com\/th\/#\/schema\/logo\/image\/\"},\"sameAs\":[\"https:\/\/www.facebook.com\/profile.php?id=61560407257971\"],\"numberOfEmployees\":{\"@type\":\"QuantitativeValue\",\"minValue\":\"11\",\"maxValue\":\"50\"}}]}<\/script>\n<!-- \/ Yoast SEO Premium plugin. -->","yoast_head_json":{"title":"Ball Corner COA101 - https:\/\/sxflightcase.com \ud83d\udc97","description":"Canto de bola, direto da f\u00e1brica! Prote\u00e7\u00e3o de alta qualidade para os bordos da mala de voo, evitando danos durante o transporte. Dur\u00e1vel e fi\u00e1vel para uma seguran\u00e7a duradoura do equipamento.","robots":{"index":"index","follow":"follow","max-snippet":"max-snippet:-1","max-image-preview":"max-image-preview:large","max-video-preview":"max-video-preview:-1"},"canonical":"https:\/\/sxflightcase.com\/pt\/produto\/canto-de-bola-coa101\/","og_locale":"pt_PT","og_type":"article","og_title":"Ball Corner COA101","og_description":"Ball corner, factory direct! High-quality protection for flight case edges, preventing damage during transport. Durable and reliable for long-lasting equipment safety.","og_url":"https:\/\/sxflightcase.com\/pt\/produto\/canto-de-bola-coa101\/","og_site_name":"https:\/\/sxflightcase.com","article_publisher":"https:\/\/www.facebook.com\/profile.php?id=61560407257971","article_modified_time":"2024-08-13T07:04:08+00:00","og_image":[{"width":520,"height":541,"url":"https:\/\/sxflightcase.com\/wp-content\/uploads\/2024\/08\/COA101.jpg","type":"image\/jpeg"}],"twitter_card":"summary_large_image","twitter_misc":{"Tempo estimado de leitura":"3 minutos"},"schema":{"@context":"https:\/\/schema.org","@graph":[{"@type":"WebPage","@id":"https:\/\/sxflightcase.com\/pt\/produto\/canto-de-bola-coa101\/","url":"https:\/\/sxflightcase.com\/pt\/produto\/canto-de-bola-coa101\/","name":"Ball Corner COA101 - https:\/\/sxflightcase.com \ud83d\udc97","isPartOf":{"@id":"https:\/\/sxflightcase.com\/th\/#website"},"primaryImageOfPage":{"@id":"https:\/\/sxflightcase.com\/pt\/produto\/canto-de-bola-coa101\/#primaryimage"},"image":{"@id":"https:\/\/sxflightcase.com\/pt\/produto\/canto-de-bola-coa101\/#primaryimage"},"thumbnailUrl":"https:\/\/sxflightcase.com\/wp-content\/uploads\/2024\/08\/COA101.jpg","datePublished":"2024-08-13T07:04:07+00:00","dateModified":"2024-08-13T07:04:08+00:00","description":"Canto de bola, direto da f\u00e1brica! Prote\u00e7\u00e3o de alta qualidade para os bordos da mala de voo, evitando danos durante o transporte. Dur\u00e1vel e fi\u00e1vel para uma seguran\u00e7a duradoura do equipamento.","breadcrumb":{"@id":"https:\/\/sxflightcase.com\/pt\/produto\/canto-de-bola-coa101\/#breadcrumb"},"inLanguage":"pt-PT","potentialAction":[{"@type":"ReadAction","target":["https:\/\/sxflightcase.com\/pt\/produto\/canto-de-bola-coa101\/"]}]},{"@type":"ImageObject","inLanguage":"pt-PT","@id":"https:\/\/sxflightcase.com\/pt\/produto\/canto-de-bola-coa101\/#primaryimage","url":"https:\/\/sxflightcase.com\/wp-content\/uploads\/2024\/08\/COA101.jpg","contentUrl":"https:\/\/sxflightcase.com\/wp-content\/uploads\/2024\/08\/COA101.jpg","width":520,"height":541,"caption":"COA101"},{"@type":"BreadcrumbList","@id":"https:\/\/sxflightcase.com\/pt\/produto\/canto-de-bola-coa101\/#breadcrumb","itemListElement":[{"@type":"ListItem","position":1,"name":"Home","item":"https:\/\/sxflightcase.com\/"},{"@type":"ListItem","position":2,"name":"\u0e2a\u0e34\u0e19\u0e04\u0e49\u0e32","item":"https:\/\/sxflightcase.com\/th\/shop\/"},{"@type":"ListItem","position":3,"name":"Ball Corner COA101"}]},{"@type":"WebSite","@id":"https:\/\/sxflightcase.com\/th\/#website","url":"https:\/\/sxflightcase.com\/th\/","name":"sxpowercase.com","description":"F\u00e1brica de malas de voo","publisher":{"@id":"https:\/\/sxflightcase.com\/th\/#organization"},"potentialAction":[{"@type":"SearchAction","target":{"@type":"EntryPoint","urlTemplate":"https:\/\/sxflightcase.com\/th\/?s={search_term_string}"},"query-input":{"@type":"PropertyValueSpecification","valueRequired":true,"valueName":"search_term_string"}}],"inLanguage":"pt-PT"},{"@type":"Organization","@id":"https:\/\/sxflightcase.com\/th\/#organization","name":"sxpowercase.com","url":"https:\/\/sxflightcase.com\/th\/","logo":{"@type":"ImageObject","inLanguage":"pt-PT","@id":"https:\/\/sxflightcase.com\/th\/#\/schema\/logo\/image\/","url":"https:\/\/sxflightcase.com\/wp-content\/uploads\/2024\/04\/1713919036007.jpg","contentUrl":"https:\/\/sxflightcase.com\/wp-content\/uploads\/2024\/04\/1713919036007.jpg","width":382,"height":388,"caption":"sxpowercase.com"},"image":{"@id":"https:\/\/sxflightcase.com\/th\/#\/schema\/logo\/image\/"},"sameAs":["https:\/\/www.facebook.com\/profile.php?id=61560407257971"],"numberOfEmployees":{"@type":"QuantitativeValue","minValue":"11","maxValue":"50"}}]}},"_links":{"self":[{"href":"https:\/\/sxflightcase.com\/pt\/wp-json\/wp\/v2\/product\/4072","targetHints":{"allow":["GET"]}}],"collection":[{"href":"https:\/\/sxflightcase.com\/pt\/wp-json\/wp\/v2\/product"}],"about":[{"href":"https:\/\/sxflightcase.com\/pt\/wp-json\/wp\/v2\/types\/product"}],"replies":[{"embeddable":true,"href":"https:\/\/sxflightcase.com\/pt\/wp-json\/wp\/v2\/comments?post=4072"}],"version-history":[{"count":0,"href":"https:\/\/sxflightcase.com\/pt\/wp-json\/wp\/v2\/product\/4072\/revisions"}],"wp:featuredmedia":[{"embeddable":true,"href":"https:\/\/sxflightcase.com\/pt\/wp-json\/wp\/v2\/media\/4073"}],"wp:attachment":[{"href":"https:\/\/sxflightcase.com\/pt\/wp-json\/wp\/v2\/media?parent=4072"}],"wp:term":[{"taxonomy":"product_brand","embeddable":true,"href":"https:\/\/sxflightcase.com\/pt\/wp-json\/wp\/v2\/product_brand?post=4072"},{"taxonomy":"product_cat","embeddable":true,"href":"https:\/\/sxflightcase.com\/pt\/wp-json\/wp\/v2\/product_cat?post=4072"},{"taxonomy":"product_tag","embeddable":true,"href":"https:\/\/sxflightcase.com\/pt\/wp-json\/wp\/v2\/product_tag?post=4072"}],"curies":[{"name":"wp","href":"https:\/\/api.w.org\/{rel}","templated":true}]}}