{"id":4109,"date":"2024-08-14T09:10:09","date_gmt":"2024-08-14T08:10:09","guid":{"rendered":"https:\/\/sxpowercase.com\/?post_type=product&#038;p=4109"},"modified":"2024-08-14T09:10:09","modified_gmt":"2024-08-14T08:10:09","slug":"flight-case-ball-corner-coa105","status":"publish","type":"product","link":"https:\/\/sxflightcase.com\/pt\/produto\/mala-de-voo-canto-de-bola-coa105\/","title":{"rendered":"Flight Case Ball Corner COA105"},"content":{"rendered":"<h3>SX Flight Case Ball Corner: Proteja o seu equipamento com confian\u00e7a<\/h3>\n<h4>Prote\u00e7\u00e3o superior com SX<\/h4>\n<p>Ao transportar equipamento valioso, a durabilidade da sua mala de transporte \u00e9 crucial. \u00c9 por isso que a SX oferece <strong>Caixa de voo Canto da bola<\/strong>\u00a0que foram concebidos para proporcionar uma prote\u00e7\u00e3o superior. Estes componentes essenciais s\u00e3o concebidos para absorver impactos, protegendo as extremidades das suas malas contra danos. Com <a href=\"https:\/\/sxpowercase.com\/\" target=\"_blank\" rel=\"noopener\" title=\"SX\" data-wpil-monitor-id=\"659\">SX<\/a>, obt\u00e9m qualidade e fiabilidade a pre\u00e7os diretos de f\u00e1brica.<\/p>\n<h4>Constru\u00eddo para durar<\/h4>\n<p>O nosso <strong>Cantos da bola da mala de voo<\/strong> s\u00e3o fabricados com materiais de alta qualidade, garantindo que podem suportar as condi\u00e7\u00f5es mais dif\u00edceis. Quer a sua mala esteja em digress\u00e3o ou armazenada, os cantos esf\u00e9ricos SX oferecem a durabilidade necess\u00e1ria para manter o seu equipamento seguro. A garantia de qualidade \u00e9 a nossa prioridade e todos os produtos s\u00e3o submetidos a testes rigorosos para satisfazer os nossos elevados padr\u00f5es.<\/p>\n<h4>F\u00e1cil instala\u00e7\u00e3o, m\u00e1xima prote\u00e7\u00e3o<\/h4>\n<p>SX <strong>Cantos da bola da mala de voo<\/strong> s\u00e3o concebidos para uma instala\u00e7\u00e3o r\u00e1pida e f\u00e1cil. S\u00e3o compat\u00edveis com uma vasta gama de malas de transporte, o que as torna uma escolha vers\u00e1til para v\u00e1rias aplica\u00e7\u00f5es. Ao refor\u00e7ar os cantos das suas malas, adiciona uma camada extra de prote\u00e7\u00e3o, assegurando que o seu equipamento permanece em perfeitas condi\u00e7\u00f5es.<\/p>\n<h4>Solu\u00e7\u00f5es personalizadas para as suas necessidades exclusivas<\/h4>\n<p>Na SX, compreendemos que cada caso \u00e9 \u00fanico, e \u00e9 por isso que oferecemos op\u00e7\u00f5es de personaliza\u00e7\u00e3o para os nossos <strong>Cantos da bola da mala de voo<\/strong>. Quer necessite de um tamanho, acabamento ou material espec\u00edfico, podemos adaptar os nossos produtos para satisfazer os seus requisitos exactos. A SX est\u00e1 empenhada em fornecer solu\u00e7\u00f5es que n\u00e3o s\u00f3 protegem como tamb\u00e9m melhoram o aspeto das suas caixas.<\/p>\n<h4>Poupan\u00e7a direta da f\u00e1brica<\/h4>\n<p>Ao escolher a SX, beneficia de pre\u00e7os diretos da f\u00e1brica, o que significa que obt\u00e9m uma qualidade superior <strong>Cantos da bola da mala de voo<\/strong> sem a margem de lucro. Acreditamos em oferecer solu\u00e7\u00f5es econ\u00f3micas sem comprometer a qualidade. Esta abordagem garante que pode proteger o seu equipamento sem exceder o seu or\u00e7amento.<\/p>\n<h4>A confian\u00e7a dos profissionais<\/h4>\n<p>A SX \u00e9 um nome de confian\u00e7a na ind\u00fastria, conhecida por fornecer hardware de caixas fi\u00e1vel e duradouro. Os nossos <strong>Cantos da bola da mala de voo<\/strong> s\u00e3o preferidos por profissionais que exigem o melhor em termos de prote\u00e7\u00e3o e desempenho. Quando escolhe a SX, est\u00e1 a investir em componentes concebidos para durar.<\/p>\n<h4>Contacte-nos hoje<\/h4>\n<p>Pronto para atualizar a sua mala de transporte com uma mala dur\u00e1vel e econ\u00f3mica <strong>Cantos da bola da mala de voo<\/strong>? Contacte a SX hoje mesmo para saber mais sobre os nossos produtos, op\u00e7\u00f5es de personaliza\u00e7\u00e3o e para fazer a sua encomenda. Com a SX, pode confiar que o seu equipamento est\u00e1 bem protegido, gra\u00e7as ao nosso compromisso com a qualidade e a satisfa\u00e7\u00e3o do cliente.<\/p>\n<p>Contactar agora:<span style=\"color: #0000ff;\"><a style=\"color: #0000ff;\" href=\"https:\/\/sxpowercase.com\/contact-us\/\">https:\/\/sxpowercase.com\/<\/a><\/span><\/p>\n<p>Cat\u00e1logo de produtos de hardware\uff1a<span style=\"color: #3366ff;\"><a style=\"color: #3366ff;\" href=\"https:\/\/sxpowercase.com\/wp-content\/uploads\/2024\/07\/\u4e94\u91d1.pdf\">Cat\u00e1logo de acess\u00f3rios de ferragens<\/a><\/span><\/p>","protected":false},"excerpt":{"rendered":"<h3>SX Flight Case Ball Corners: Prote\u00e7\u00e3o Premium a pre\u00e7os diretos de f\u00e1brica<\/h3>\n<p>Garanta a seguran\u00e7a do seu equipamento com os cantos esf\u00e9ricos da SX Flight Case, concebidos para absorver impactos e proteger as extremidades da sua mala. Desfrute de uma prote\u00e7\u00e3o de qualidade superior sem gastar muito.<\/p>\n<h3>Dur\u00e1vel e f\u00e1cil de instalar<\/h3>\n<p>Os SX Ball Corners s\u00e3o constru\u00eddos com materiais de alta qualidade para uma durabilidade duradoura. A sua f\u00e1cil instala\u00e7\u00e3o torna-os uma escolha vers\u00e1til para refor\u00e7ar qualquer caixa de transporte.<\/p>\n<h3>Personaliz\u00e1vel para cada caso<\/h3>\n<p>A SX oferece Ball Corners personaliz\u00e1veis para satisfazer as suas necessidades espec\u00edficas, garantindo que a sua mala de transporte est\u00e1 protegida e esteticamente alinhada com a sua marca.<\/p>","protected":false},"featured_media":4077,"comment_status":"open","ping_status":"closed","template":"","meta":[],"product_brand":[],"product_cat":[63],"product_tag":[],"class_list":{"0":"post-4109","1":"product","2":"type-product","3":"status-publish","4":"has-post-thumbnail","6":"product_cat-corners","8":"first","9":"instock","10":"shipping-taxable","11":"product-type-simple"},"yoast_head":"<!-- This site is optimized with the Yoast SEO Premium plugin v27.1 (Yoast SEO v27.2) - https:\/\/yoast.com\/product\/yoast-seo-premium-wordpress\/ -->\n<title>Flight Case Ball Corner COA105 - https:\/\/sxflightcase.com \ud83d\udc97<\/title>\n<meta name=\"description\" content=\"Flight case ball corner, factory direct! Durable protection for case edges, preventing damage during transport. High-quality and reliable for long-lasting equipment safety.\" \/>\n<meta name=\"robots\" content=\"index, follow, max-snippet:-1, max-image-preview:large, max-video-preview:-1\" \/>\n<link rel=\"canonical\" href=\"https:\/\/sxflightcase.com\/pt\/produkt\/flight-case-kuglehjorne-coa105-2\/\" \/>\n<meta property=\"og:locale\" content=\"pt_PT\" \/>\n<meta property=\"og:type\" content=\"article\" \/>\n<meta property=\"og:title\" content=\"Flight Case Ball Corner COA105\" \/>\n<meta property=\"og:description\" content=\"Flight case ball corner, factory direct! Durable protection for case edges, preventing damage during transport. High-quality and reliable for long-lasting equipment safety.\" \/>\n<meta property=\"og:url\" content=\"https:\/\/sxflightcase.com\/pt\/produkt\/flight-case-kuglehjorne-coa105-2\/\" \/>\n<meta property=\"og:site_name\" content=\"https:\/\/sxflightcase.com\" \/>\n<meta property=\"article:publisher\" content=\"https:\/\/www.facebook.com\/profile.php?id=61560407257971\" \/>\n<meta property=\"og:image\" content=\"https:\/\/sxflightcase.com\/wp-content\/uploads\/2024\/08\/COA105.jpg\" \/>\n\t<meta property=\"og:image:width\" content=\"520\" \/>\n\t<meta property=\"og:image:height\" content=\"520\" \/>\n\t<meta property=\"og:image:type\" content=\"image\/jpeg\" \/>\n<meta name=\"twitter:card\" content=\"summary_large_image\" \/>\n<meta name=\"twitter:label1\" content=\"Tempo estimado de leitura\" \/>\n\t<meta name=\"twitter:data1\" content=\"3 minutos\" \/>\n<script type=\"application\/ld+json\" class=\"yoast-schema-graph\">{\"@context\":\"https:\/\/schema.org\",\"@graph\":[{\"@type\":\"WebPage\",\"@id\":\"https:\/\/sxflightcase.com\/da\/produkt\/flight-case-kuglehjorne-coa105-2\/\",\"url\":\"https:\/\/sxflightcase.com\/da\/produkt\/flight-case-kuglehjorne-coa105-2\/\",\"name\":\"Flight Case Ball Corner COA105 - https:\/\/sxflightcase.com \ud83d\udc97\",\"isPartOf\":{\"@id\":\"https:\/\/sxflightcase.com\/th\/#website\"},\"primaryImageOfPage\":{\"@id\":\"https:\/\/sxflightcase.com\/da\/produkt\/flight-case-kuglehjorne-coa105-2\/#primaryimage\"},\"image\":{\"@id\":\"https:\/\/sxflightcase.com\/da\/produkt\/flight-case-kuglehjorne-coa105-2\/#primaryimage\"},\"thumbnailUrl\":\"https:\/\/sxflightcase.com\/wp-content\/uploads\/2024\/08\/COA105.jpg\",\"datePublished\":\"2024-08-14T08:10:09+00:00\",\"description\":\"Flight case ball corner, factory direct! Durable protection for case edges, preventing damage during transport. High-quality and reliable for long-lasting equipment safety.\",\"breadcrumb\":{\"@id\":\"https:\/\/sxflightcase.com\/da\/produkt\/flight-case-kuglehjorne-coa105-2\/#breadcrumb\"},\"inLanguage\":\"pt-PT\",\"potentialAction\":[{\"@type\":\"ReadAction\",\"target\":[\"https:\/\/sxflightcase.com\/da\/produkt\/flight-case-kuglehjorne-coa105-2\/\"]}]},{\"@type\":\"ImageObject\",\"inLanguage\":\"pt-PT\",\"@id\":\"https:\/\/sxflightcase.com\/da\/produkt\/flight-case-kuglehjorne-coa105-2\/#primaryimage\",\"url\":\"https:\/\/sxflightcase.com\/wp-content\/uploads\/2024\/08\/COA105.jpg\",\"contentUrl\":\"https:\/\/sxflightcase.com\/wp-content\/uploads\/2024\/08\/COA105.jpg\",\"width\":520,\"height\":520,\"caption\":\"Flight Case Ball Corner\"},{\"@type\":\"BreadcrumbList\",\"@id\":\"https:\/\/sxflightcase.com\/da\/produkt\/flight-case-kuglehjorne-coa105-2\/#breadcrumb\",\"itemListElement\":[{\"@type\":\"ListItem\",\"position\":1,\"name\":\"Home\",\"item\":\"https:\/\/sxflightcase.com\/\"},{\"@type\":\"ListItem\",\"position\":2,\"name\":\"\u0e2a\u0e34\u0e19\u0e04\u0e49\u0e32\",\"item\":\"https:\/\/sxflightcase.com\/th\/shop\/\"},{\"@type\":\"ListItem\",\"position\":3,\"name\":\"Flight Case Ball Corner COA105\"}]},{\"@type\":\"WebSite\",\"@id\":\"https:\/\/sxflightcase.com\/th\/#website\",\"url\":\"https:\/\/sxflightcase.com\/th\/\",\"name\":\"sxpowercase.com\",\"description\":\"Flight Case Factory\",\"publisher\":{\"@id\":\"https:\/\/sxflightcase.com\/th\/#organization\"},\"potentialAction\":[{\"@type\":\"SearchAction\",\"target\":{\"@type\":\"EntryPoint\",\"urlTemplate\":\"https:\/\/sxflightcase.com\/th\/?s={search_term_string}\"},\"query-input\":{\"@type\":\"PropertyValueSpecification\",\"valueRequired\":true,\"valueName\":\"search_term_string\"}}],\"inLanguage\":\"pt-PT\"},{\"@type\":\"Organization\",\"@id\":\"https:\/\/sxflightcase.com\/th\/#organization\",\"name\":\"sxpowercase.com\",\"url\":\"https:\/\/sxflightcase.com\/th\/\",\"logo\":{\"@type\":\"ImageObject\",\"inLanguage\":\"pt-PT\",\"@id\":\"https:\/\/sxflightcase.com\/th\/#\/schema\/logo\/image\/\",\"url\":\"https:\/\/sxflightcase.com\/wp-content\/uploads\/2024\/04\/1713919036007.jpg\",\"contentUrl\":\"https:\/\/sxflightcase.com\/wp-content\/uploads\/2024\/04\/1713919036007.jpg\",\"width\":382,\"height\":388,\"caption\":\"sxpowercase.com\"},\"image\":{\"@id\":\"https:\/\/sxflightcase.com\/th\/#\/schema\/logo\/image\/\"},\"sameAs\":[\"https:\/\/www.facebook.com\/profile.php?id=61560407257971\"],\"numberOfEmployees\":{\"@type\":\"QuantitativeValue\",\"minValue\":\"11\",\"maxValue\":\"50\"}}]}<\/script>\n<!-- \/ Yoast SEO Premium plugin. -->","yoast_head_json":{"title":"Flight Case Ball Corner COA105 - https:\/\/sxflightcase.com \ud83d\udc97","description":"Canto de bola da mala de voo, direto da f\u00e1brica! Prote\u00e7\u00e3o duradoura dos cantos da mala, evitando danos durante o transporte. Alta qualidade e fiabilidade para uma seguran\u00e7a duradoura do equipamento.","robots":{"index":"index","follow":"follow","max-snippet":"max-snippet:-1","max-image-preview":"max-image-preview:large","max-video-preview":"max-video-preview:-1"},"canonical":"https:\/\/sxflightcase.com\/pt\/produkt\/flight-case-kuglehjorne-coa105-2\/","og_locale":"pt_PT","og_type":"article","og_title":"Flight Case Ball Corner COA105","og_description":"Flight case ball corner, factory direct! Durable protection for case edges, preventing damage during transport. High-quality and reliable for long-lasting equipment safety.","og_url":"https:\/\/sxflightcase.com\/pt\/produkt\/flight-case-kuglehjorne-coa105-2\/","og_site_name":"https:\/\/sxflightcase.com","article_publisher":"https:\/\/www.facebook.com\/profile.php?id=61560407257971","og_image":[{"width":520,"height":520,"url":"https:\/\/sxflightcase.com\/wp-content\/uploads\/2024\/08\/COA105.jpg","type":"image\/jpeg"}],"twitter_card":"summary_large_image","twitter_misc":{"Tempo estimado de leitura":"3 minutos"},"schema":{"@context":"https:\/\/schema.org","@graph":[{"@type":"WebPage","@id":"https:\/\/sxflightcase.com\/da\/produkt\/flight-case-kuglehjorne-coa105-2\/","url":"https:\/\/sxflightcase.com\/da\/produkt\/flight-case-kuglehjorne-coa105-2\/","name":"Flight Case Ball Corner COA105 - https:\/\/sxflightcase.com \ud83d\udc97","isPartOf":{"@id":"https:\/\/sxflightcase.com\/th\/#website"},"primaryImageOfPage":{"@id":"https:\/\/sxflightcase.com\/da\/produkt\/flight-case-kuglehjorne-coa105-2\/#primaryimage"},"image":{"@id":"https:\/\/sxflightcase.com\/da\/produkt\/flight-case-kuglehjorne-coa105-2\/#primaryimage"},"thumbnailUrl":"https:\/\/sxflightcase.com\/wp-content\/uploads\/2024\/08\/COA105.jpg","datePublished":"2024-08-14T08:10:09+00:00","description":"Canto de bola da mala de voo, direto da f\u00e1brica! Prote\u00e7\u00e3o duradoura dos cantos da mala, evitando danos durante o transporte. Alta qualidade e fiabilidade para uma seguran\u00e7a duradoura do equipamento.","breadcrumb":{"@id":"https:\/\/sxflightcase.com\/da\/produkt\/flight-case-kuglehjorne-coa105-2\/#breadcrumb"},"inLanguage":"pt-PT","potentialAction":[{"@type":"ReadAction","target":["https:\/\/sxflightcase.com\/da\/produkt\/flight-case-kuglehjorne-coa105-2\/"]}]},{"@type":"ImageObject","inLanguage":"pt-PT","@id":"https:\/\/sxflightcase.com\/da\/produkt\/flight-case-kuglehjorne-coa105-2\/#primaryimage","url":"https:\/\/sxflightcase.com\/wp-content\/uploads\/2024\/08\/COA105.jpg","contentUrl":"https:\/\/sxflightcase.com\/wp-content\/uploads\/2024\/08\/COA105.jpg","width":520,"height":520,"caption":"Flight Case Ball Corner"},{"@type":"BreadcrumbList","@id":"https:\/\/sxflightcase.com\/da\/produkt\/flight-case-kuglehjorne-coa105-2\/#breadcrumb","itemListElement":[{"@type":"ListItem","position":1,"name":"Home","item":"https:\/\/sxflightcase.com\/"},{"@type":"ListItem","position":2,"name":"\u0e2a\u0e34\u0e19\u0e04\u0e49\u0e32","item":"https:\/\/sxflightcase.com\/th\/shop\/"},{"@type":"ListItem","position":3,"name":"Flight Case Ball Corner COA105"}]},{"@type":"WebSite","@id":"https:\/\/sxflightcase.com\/th\/#website","url":"https:\/\/sxflightcase.com\/th\/","name":"sxpowercase.com","description":"F\u00e1brica de malas de voo","publisher":{"@id":"https:\/\/sxflightcase.com\/th\/#organization"},"potentialAction":[{"@type":"SearchAction","target":{"@type":"EntryPoint","urlTemplate":"https:\/\/sxflightcase.com\/th\/?s={search_term_string}"},"query-input":{"@type":"PropertyValueSpecification","valueRequired":true,"valueName":"search_term_string"}}],"inLanguage":"pt-PT"},{"@type":"Organization","@id":"https:\/\/sxflightcase.com\/th\/#organization","name":"sxpowercase.com","url":"https:\/\/sxflightcase.com\/th\/","logo":{"@type":"ImageObject","inLanguage":"pt-PT","@id":"https:\/\/sxflightcase.com\/th\/#\/schema\/logo\/image\/","url":"https:\/\/sxflightcase.com\/wp-content\/uploads\/2024\/04\/1713919036007.jpg","contentUrl":"https:\/\/sxflightcase.com\/wp-content\/uploads\/2024\/04\/1713919036007.jpg","width":382,"height":388,"caption":"sxpowercase.com"},"image":{"@id":"https:\/\/sxflightcase.com\/th\/#\/schema\/logo\/image\/"},"sameAs":["https:\/\/www.facebook.com\/profile.php?id=61560407257971"],"numberOfEmployees":{"@type":"QuantitativeValue","minValue":"11","maxValue":"50"}}]}},"_links":{"self":[{"href":"https:\/\/sxflightcase.com\/pt\/wp-json\/wp\/v2\/product\/4109","targetHints":{"allow":["GET"]}}],"collection":[{"href":"https:\/\/sxflightcase.com\/pt\/wp-json\/wp\/v2\/product"}],"about":[{"href":"https:\/\/sxflightcase.com\/pt\/wp-json\/wp\/v2\/types\/product"}],"replies":[{"embeddable":true,"href":"https:\/\/sxflightcase.com\/pt\/wp-json\/wp\/v2\/comments?post=4109"}],"version-history":[{"count":0,"href":"https:\/\/sxflightcase.com\/pt\/wp-json\/wp\/v2\/product\/4109\/revisions"}],"wp:featuredmedia":[{"embeddable":true,"href":"https:\/\/sxflightcase.com\/pt\/wp-json\/wp\/v2\/media\/4077"}],"wp:attachment":[{"href":"https:\/\/sxflightcase.com\/pt\/wp-json\/wp\/v2\/media?parent=4109"}],"wp:term":[{"taxonomy":"product_brand","embeddable":true,"href":"https:\/\/sxflightcase.com\/pt\/wp-json\/wp\/v2\/product_brand?post=4109"},{"taxonomy":"product_cat","embeddable":true,"href":"https:\/\/sxflightcase.com\/pt\/wp-json\/wp\/v2\/product_cat?post=4109"},{"taxonomy":"product_tag","embeddable":true,"href":"https:\/\/sxflightcase.com\/pt\/wp-json\/wp\/v2\/product_tag?post=4109"}],"curies":[{"name":"wp","href":"https:\/\/api.w.org\/{rel}","templated":true}]}}