{"id":4111,"date":"2024-08-14T09:34:10","date_gmt":"2024-08-14T08:34:10","guid":{"rendered":"https:\/\/sxpowercase.com\/?post_type=product&#038;p=4111"},"modified":"2024-08-14T09:34:11","modified_gmt":"2024-08-14T08:34:11","slug":"flight-case-ball-corners-coa107","status":"publish","type":"product","link":"https:\/\/sxflightcase.com\/pt\/produto\/mala-de-voo-cantos-de-bola-coa107\/","title":{"rendered":"Flight Case Cantos da bola COA107"},"content":{"rendered":"<h3>Proteja o seu equipamento com os cantos de bola da mala SX Flight Case<\/h3>\n<h4>M\u00e1xima prote\u00e7\u00e3o para o seu equipamento<\/h4>\n<p>Quando transporta equipamento sens\u00edvel, a \u00faltima coisa de que precisa \u00e9 de danificar a sua mala ou o seu conte\u00fado. \u00c9 por isso que a SX's <strong>Cantos da bola da mala de voo<\/strong> entrar. Estes cantos robustos foram concebidos para absorver impactos, proporcionando uma prote\u00e7\u00e3o superior ao seu equipamento durante o transporte. Com <a href=\"https:\/\/sxpowercase.com\/\" target=\"_blank\" rel=\"noopener\" title=\"SX\" data-wpil-monitor-id=\"661\">SX<\/a>A qualidade que obt\u00e9m diretamente da f\u00e1brica \u00e9 de confian\u00e7a, a um pre\u00e7o competitivo.<\/p>\n<h4>Constru\u00eddo para durar<\/h4>\n<p>O nosso <strong>Cantos da bola da mala de voo<\/strong> s\u00e3o fabricados com materiais de alta qualidade para garantir longevidade e durabilidade. Quer as suas malas estejam frequentemente na estrada ou armazenadas durante longos per\u00edodos, estes cantos esf\u00e9ricos resistir\u00e3o ao teste do tempo. A SX dedica-se a fornecer produtos que proporcionam um desempenho excecional, independentemente das condi\u00e7\u00f5es.<\/p>\n<h4>F\u00e1cil de instalar, pronto a utilizar<\/h4>\n<p>SX <strong>Cantos da bola da mala de voo<\/strong> foram concebidos para uma instala\u00e7\u00e3o simples, adaptando-se perfeitamente a uma variedade de tipos de caixas. Esta compatibilidade universal facilita a atualiza\u00e7\u00e3o das caixas existentes ou a sua incorpora\u00e7\u00e3o em novas constru\u00e7\u00f5es. Com um design elegante, estes cantos esf\u00e9ricos acrescentam funcionalidade e apelo est\u00e9tico \u00e0s suas caixas.<\/p>\n<h4>Solu\u00e7\u00f5es personalizadas para necessidades \u00fanicas<\/h4>\n<p>A SX compreende que projectos diferentes requerem solu\u00e7\u00f5es diferentes. \u00c9 por isso que oferecemos op\u00e7\u00f5es de personaliza\u00e7\u00e3o para os nossos <strong>Cantos da bola da mala de voo<\/strong>. Quer necessite de um tamanho, forma ou acabamento espec\u00edfico, a SX pode adaptar os nossos produtos para satisfazer os seus requisitos exactos. O nosso compromisso com a flexibilidade garante que obt\u00e9m exatamente aquilo de que necessita.<\/p>\n<h4>Qualidade a um pre\u00e7o acess\u00edvel<\/h4>\n<p>Na SX, acreditamos em oferecer produtos de topo de gama sem a etiqueta de pre\u00e7o premium. Ao fabricar e vender diretamente, podemos oferecer <strong>Cantos da bola da mala de voo<\/strong> a pre\u00e7os dif\u00edceis de bater. Esta abordagem direta garante que recebe hardware de alta qualidade por uma fra\u00e7\u00e3o do custo, tornando mais f\u00e1cil manter-se dentro do seu or\u00e7amento.<\/p>\n<h4>A confian\u00e7a dos profissionais<\/h4>\n<p>SX's <strong>Caixa de voo Canto da bola<\/strong>\u00a0s\u00e3o uma escolha de confian\u00e7a entre os profissionais que exigem o melhor em termos de ferragens para caixas. Conhecidos pela sua fiabilidade e resist\u00eancia, estes cantos tornaram-se um elemento b\u00e1sico na ind\u00fastria. Escolher a SX significa escolher a qualidade, apoiada por uma marca que d\u00e1 prioridade \u00e0 sua satisfa\u00e7\u00e3o.<\/p>\n<h4>Contacte-nos hoje<\/h4>\n<p>Se estiver pronto para atualizar as suas caixas de transporte com SX <strong>Caixa de voo Canto da bola<\/strong>contacte-nos hoje mesmo. A nossa equipa est\u00e1 aqui para o ajudar a encontrar a solu\u00e7\u00e3o perfeita para as suas necessidades. Com a SX, est\u00e1 a investir em prote\u00e7\u00e3o, durabilidade e paz de esp\u00edrito - tudo a um pre\u00e7o que vai adorar.<\/p>\n<p>Contactar agora:<span style=\"color: #0000ff;\"><a style=\"color: #0000ff;\" href=\"https:\/\/sxpowercase.com\/contact-us\/\">https:\/\/sxpowercase.com\/<\/a><\/span><\/p>\n<p>Cat\u00e1logo de produtos de hardware\uff1a<span style=\"color: #3366ff;\"><a style=\"color: #3366ff;\" href=\"https:\/\/sxpowercase.com\/wp-content\/uploads\/2024\/07\/\u4e94\u91d1.pdf\">Cat\u00e1logo de acess\u00f3rios de ferragens<\/a><\/span><\/p>","protected":false},"excerpt":{"rendered":"<h3>SX Flight Case Ball Corners: Prote\u00e7\u00e3o imbat\u00edvel<\/h3>\n<p>Proteja o seu equipamento com os robustos cantos esf\u00e9ricos da Flight Case SX, concebidos para absorver impactos e evitar danos durante o transporte. Desfrute de uma prote\u00e7\u00e3o de primeira qualidade a um pre\u00e7o competitivo.<\/p>\n<h3>Dur\u00e1vel e f\u00e1cil de instalar<\/h3>\n<p>Os SX Ball Corners s\u00e3o fabricados com materiais de alta qualidade para uma durabilidade duradoura. S\u00e3o f\u00e1ceis de instalar e adaptam-se perfeitamente a v\u00e1rios tipos de caixas, melhorando a prote\u00e7\u00e3o e o estilo.<\/p>\n<h3>Solu\u00e7\u00f5es personaliz\u00e1veis a pre\u00e7os diretos de f\u00e1brica<\/h3>\n<p>A SX oferece cantos de bola personaliz\u00e1veis para satisfazer as suas necessidades espec\u00edficas, assegurando-lhe uma prote\u00e7\u00e3o de alta qualidade e personalizada sem o pre\u00e7o premium.<\/p>","protected":false},"featured_media":4079,"comment_status":"open","ping_status":"closed","template":"","meta":[],"product_brand":[],"product_cat":[63],"product_tag":[],"class_list":{"0":"post-4111","1":"product","2":"type-product","3":"status-publish","4":"has-post-thumbnail","6":"product_cat-corners","8":"first","9":"instock","10":"shipping-taxable","11":"product-type-simple"},"yoast_head":"<!-- This site is optimized with the Yoast SEO Premium plugin v27.1 (Yoast SEO v27.2) - https:\/\/yoast.com\/product\/yoast-seo-premium-wordpress\/ -->\n<title>Flight Case Ball Corners COA107 - https:\/\/sxflightcase.com \ud83d\udc97<\/title>\n<meta name=\"description\" content=\"Flight case ball corners, factory direct! Durable protection for case edges, preventing damage during transport. High-quality and reliable for long-lasting equipment safety.\" \/>\n<meta name=\"robots\" content=\"index, follow, max-snippet:-1, max-image-preview:large, max-video-preview:-1\" \/>\n<link rel=\"canonical\" href=\"https:\/\/sxflightcase.com\/pt\/\u4ea7\u54c1\/\u98de\u884c\u7bb1\u7403\u89d2-coa107\/\" \/>\n<meta property=\"og:locale\" content=\"pt_PT\" \/>\n<meta property=\"og:type\" content=\"article\" \/>\n<meta property=\"og:title\" content=\"Flight Case Ball Corners COA107\" \/>\n<meta property=\"og:description\" content=\"Flight case ball corners, factory direct! Durable protection for case edges, preventing damage during transport. High-quality and reliable for long-lasting equipment safety.\" \/>\n<meta property=\"og:url\" content=\"https:\/\/sxflightcase.com\/pt\/\u4ea7\u54c1\/\u98de\u884c\u7bb1\u7403\u89d2-coa107\/\" \/>\n<meta property=\"og:site_name\" content=\"https:\/\/sxflightcase.com\" \/>\n<meta property=\"article:publisher\" content=\"https:\/\/www.facebook.com\/profile.php?id=61560407257971\" \/>\n<meta property=\"article:modified_time\" content=\"2024-08-14T08:34:11+00:00\" \/>\n<meta property=\"og:image\" content=\"https:\/\/sxflightcase.com\/wp-content\/uploads\/2024\/08\/COA107.jpg\" \/>\n\t<meta property=\"og:image:width\" content=\"520\" \/>\n\t<meta property=\"og:image:height\" content=\"520\" \/>\n\t<meta property=\"og:image:type\" content=\"image\/jpeg\" \/>\n<meta name=\"twitter:card\" content=\"summary_large_image\" \/>\n<meta name=\"twitter:label1\" content=\"Tempo estimado de leitura\" \/>\n\t<meta name=\"twitter:data1\" content=\"3 minutos\" \/>\n<script type=\"application\/ld+json\" class=\"yoast-schema-graph\">{\"@context\":\"https:\/\/schema.org\",\"@graph\":[{\"@type\":\"WebPage\",\"@id\":\"https:\/\/sxflightcase.com\/zh\/\u4ea7\u54c1\/\u98de\u884c\u7bb1\u7403\u89d2-coa107\/\",\"url\":\"https:\/\/sxflightcase.com\/zh\/\u4ea7\u54c1\/\u98de\u884c\u7bb1\u7403\u89d2-coa107\/\",\"name\":\"Flight Case Ball Corners COA107 - https:\/\/sxflightcase.com \ud83d\udc97\",\"isPartOf\":{\"@id\":\"https:\/\/sxflightcase.com\/th\/#website\"},\"primaryImageOfPage\":{\"@id\":\"https:\/\/sxflightcase.com\/zh\/\u4ea7\u54c1\/\u98de\u884c\u7bb1\u7403\u89d2-coa107\/#primaryimage\"},\"image\":{\"@id\":\"https:\/\/sxflightcase.com\/zh\/\u4ea7\u54c1\/\u98de\u884c\u7bb1\u7403\u89d2-coa107\/#primaryimage\"},\"thumbnailUrl\":\"https:\/\/sxflightcase.com\/wp-content\/uploads\/2024\/08\/COA107.jpg\",\"datePublished\":\"2024-08-14T08:34:10+00:00\",\"dateModified\":\"2024-08-14T08:34:11+00:00\",\"description\":\"Flight case ball corners, factory direct! Durable protection for case edges, preventing damage during transport. High-quality and reliable for long-lasting equipment safety.\",\"breadcrumb\":{\"@id\":\"https:\/\/sxflightcase.com\/zh\/\u4ea7\u54c1\/\u98de\u884c\u7bb1\u7403\u89d2-coa107\/#breadcrumb\"},\"inLanguage\":\"pt-PT\",\"potentialAction\":[{\"@type\":\"ReadAction\",\"target\":[\"https:\/\/sxflightcase.com\/zh\/\u4ea7\u54c1\/\u98de\u884c\u7bb1\u7403\u89d2-coa107\/\"]}]},{\"@type\":\"ImageObject\",\"inLanguage\":\"pt-PT\",\"@id\":\"https:\/\/sxflightcase.com\/zh\/\u4ea7\u54c1\/\u98de\u884c\u7bb1\u7403\u89d2-coa107\/#primaryimage\",\"url\":\"https:\/\/sxflightcase.com\/wp-content\/uploads\/2024\/08\/COA107.jpg\",\"contentUrl\":\"https:\/\/sxflightcase.com\/wp-content\/uploads\/2024\/08\/COA107.jpg\",\"width\":520,\"height\":520,\"caption\":\"Flight Case Ball Corners\"},{\"@type\":\"BreadcrumbList\",\"@id\":\"https:\/\/sxflightcase.com\/zh\/\u4ea7\u54c1\/\u98de\u884c\u7bb1\u7403\u89d2-coa107\/#breadcrumb\",\"itemListElement\":[{\"@type\":\"ListItem\",\"position\":1,\"name\":\"Home\",\"item\":\"https:\/\/sxflightcase.com\/\"},{\"@type\":\"ListItem\",\"position\":2,\"name\":\"\u0e2a\u0e34\u0e19\u0e04\u0e49\u0e32\",\"item\":\"https:\/\/sxflightcase.com\/th\/shop\/\"},{\"@type\":\"ListItem\",\"position\":3,\"name\":\"Flight Case Ball Corners COA107\"}]},{\"@type\":\"WebSite\",\"@id\":\"https:\/\/sxflightcase.com\/th\/#website\",\"url\":\"https:\/\/sxflightcase.com\/th\/\",\"name\":\"sxpowercase.com\",\"description\":\"Flight Case Factory\",\"publisher\":{\"@id\":\"https:\/\/sxflightcase.com\/th\/#organization\"},\"potentialAction\":[{\"@type\":\"SearchAction\",\"target\":{\"@type\":\"EntryPoint\",\"urlTemplate\":\"https:\/\/sxflightcase.com\/th\/?s={search_term_string}\"},\"query-input\":{\"@type\":\"PropertyValueSpecification\",\"valueRequired\":true,\"valueName\":\"search_term_string\"}}],\"inLanguage\":\"pt-PT\"},{\"@type\":\"Organization\",\"@id\":\"https:\/\/sxflightcase.com\/th\/#organization\",\"name\":\"sxpowercase.com\",\"url\":\"https:\/\/sxflightcase.com\/th\/\",\"logo\":{\"@type\":\"ImageObject\",\"inLanguage\":\"pt-PT\",\"@id\":\"https:\/\/sxflightcase.com\/th\/#\/schema\/logo\/image\/\",\"url\":\"https:\/\/sxflightcase.com\/wp-content\/uploads\/2024\/04\/1713919036007.jpg\",\"contentUrl\":\"https:\/\/sxflightcase.com\/wp-content\/uploads\/2024\/04\/1713919036007.jpg\",\"width\":382,\"height\":388,\"caption\":\"sxpowercase.com\"},\"image\":{\"@id\":\"https:\/\/sxflightcase.com\/th\/#\/schema\/logo\/image\/\"},\"sameAs\":[\"https:\/\/www.facebook.com\/profile.php?id=61560407257971\"],\"numberOfEmployees\":{\"@type\":\"QuantitativeValue\",\"minValue\":\"11\",\"maxValue\":\"50\"}}]}<\/script>\n<!-- \/ Yoast SEO Premium plugin. -->","yoast_head_json":{"title":"Flight Case Ball Corners COA107 - https:\/\/sxflightcase.com \ud83d\udc97","description":"Cantos esf\u00e9ricos da mala de voo, diretos da f\u00e1brica! Prote\u00e7\u00e3o duradoura dos cantos da mala, evitando danos durante o transporte. Alta qualidade e fiabilidade para uma seguran\u00e7a duradoura do equipamento.","robots":{"index":"index","follow":"follow","max-snippet":"max-snippet:-1","max-image-preview":"max-image-preview:large","max-video-preview":"max-video-preview:-1"},"canonical":"https:\/\/sxflightcase.com\/pt\/\u4ea7\u54c1\/\u98de\u884c\u7bb1\u7403\u89d2-coa107\/","og_locale":"pt_PT","og_type":"article","og_title":"Flight Case Ball Corners COA107","og_description":"Flight case ball corners, factory direct! Durable protection for case edges, preventing damage during transport. High-quality and reliable for long-lasting equipment safety.","og_url":"https:\/\/sxflightcase.com\/pt\/\u4ea7\u54c1\/\u98de\u884c\u7bb1\u7403\u89d2-coa107\/","og_site_name":"https:\/\/sxflightcase.com","article_publisher":"https:\/\/www.facebook.com\/profile.php?id=61560407257971","article_modified_time":"2024-08-14T08:34:11+00:00","og_image":[{"width":520,"height":520,"url":"https:\/\/sxflightcase.com\/wp-content\/uploads\/2024\/08\/COA107.jpg","type":"image\/jpeg"}],"twitter_card":"summary_large_image","twitter_misc":{"Tempo estimado de leitura":"3 minutos"},"schema":{"@context":"https:\/\/schema.org","@graph":[{"@type":"WebPage","@id":"https:\/\/sxflightcase.com\/zh\/\u4ea7\u54c1\/\u98de\u884c\u7bb1\u7403\u89d2-coa107\/","url":"https:\/\/sxflightcase.com\/zh\/\u4ea7\u54c1\/\u98de\u884c\u7bb1\u7403\u89d2-coa107\/","name":"Flight Case Ball Corners COA107 - https:\/\/sxflightcase.com \ud83d\udc97","isPartOf":{"@id":"https:\/\/sxflightcase.com\/th\/#website"},"primaryImageOfPage":{"@id":"https:\/\/sxflightcase.com\/zh\/\u4ea7\u54c1\/\u98de\u884c\u7bb1\u7403\u89d2-coa107\/#primaryimage"},"image":{"@id":"https:\/\/sxflightcase.com\/zh\/\u4ea7\u54c1\/\u98de\u884c\u7bb1\u7403\u89d2-coa107\/#primaryimage"},"thumbnailUrl":"https:\/\/sxflightcase.com\/wp-content\/uploads\/2024\/08\/COA107.jpg","datePublished":"2024-08-14T08:34:10+00:00","dateModified":"2024-08-14T08:34:11+00:00","description":"Cantos esf\u00e9ricos da mala de voo, diretos da f\u00e1brica! Prote\u00e7\u00e3o duradoura dos cantos da mala, evitando danos durante o transporte. Alta qualidade e fiabilidade para uma seguran\u00e7a duradoura do equipamento.","breadcrumb":{"@id":"https:\/\/sxflightcase.com\/zh\/\u4ea7\u54c1\/\u98de\u884c\u7bb1\u7403\u89d2-coa107\/#breadcrumb"},"inLanguage":"pt-PT","potentialAction":[{"@type":"ReadAction","target":["https:\/\/sxflightcase.com\/zh\/\u4ea7\u54c1\/\u98de\u884c\u7bb1\u7403\u89d2-coa107\/"]}]},{"@type":"ImageObject","inLanguage":"pt-PT","@id":"https:\/\/sxflightcase.com\/zh\/\u4ea7\u54c1\/\u98de\u884c\u7bb1\u7403\u89d2-coa107\/#primaryimage","url":"https:\/\/sxflightcase.com\/wp-content\/uploads\/2024\/08\/COA107.jpg","contentUrl":"https:\/\/sxflightcase.com\/wp-content\/uploads\/2024\/08\/COA107.jpg","width":520,"height":520,"caption":"Flight Case Ball Corners"},{"@type":"BreadcrumbList","@id":"https:\/\/sxflightcase.com\/zh\/\u4ea7\u54c1\/\u98de\u884c\u7bb1\u7403\u89d2-coa107\/#breadcrumb","itemListElement":[{"@type":"ListItem","position":1,"name":"Home","item":"https:\/\/sxflightcase.com\/"},{"@type":"ListItem","position":2,"name":"\u0e2a\u0e34\u0e19\u0e04\u0e49\u0e32","item":"https:\/\/sxflightcase.com\/th\/shop\/"},{"@type":"ListItem","position":3,"name":"Flight Case Ball Corners COA107"}]},{"@type":"WebSite","@id":"https:\/\/sxflightcase.com\/th\/#website","url":"https:\/\/sxflightcase.com\/th\/","name":"sxpowercase.com","description":"F\u00e1brica de malas de voo","publisher":{"@id":"https:\/\/sxflightcase.com\/th\/#organization"},"potentialAction":[{"@type":"SearchAction","target":{"@type":"EntryPoint","urlTemplate":"https:\/\/sxflightcase.com\/th\/?s={search_term_string}"},"query-input":{"@type":"PropertyValueSpecification","valueRequired":true,"valueName":"search_term_string"}}],"inLanguage":"pt-PT"},{"@type":"Organization","@id":"https:\/\/sxflightcase.com\/th\/#organization","name":"sxpowercase.com","url":"https:\/\/sxflightcase.com\/th\/","logo":{"@type":"ImageObject","inLanguage":"pt-PT","@id":"https:\/\/sxflightcase.com\/th\/#\/schema\/logo\/image\/","url":"https:\/\/sxflightcase.com\/wp-content\/uploads\/2024\/04\/1713919036007.jpg","contentUrl":"https:\/\/sxflightcase.com\/wp-content\/uploads\/2024\/04\/1713919036007.jpg","width":382,"height":388,"caption":"sxpowercase.com"},"image":{"@id":"https:\/\/sxflightcase.com\/th\/#\/schema\/logo\/image\/"},"sameAs":["https:\/\/www.facebook.com\/profile.php?id=61560407257971"],"numberOfEmployees":{"@type":"QuantitativeValue","minValue":"11","maxValue":"50"}}]}},"_links":{"self":[{"href":"https:\/\/sxflightcase.com\/pt\/wp-json\/wp\/v2\/product\/4111","targetHints":{"allow":["GET"]}}],"collection":[{"href":"https:\/\/sxflightcase.com\/pt\/wp-json\/wp\/v2\/product"}],"about":[{"href":"https:\/\/sxflightcase.com\/pt\/wp-json\/wp\/v2\/types\/product"}],"replies":[{"embeddable":true,"href":"https:\/\/sxflightcase.com\/pt\/wp-json\/wp\/v2\/comments?post=4111"}],"version-history":[{"count":0,"href":"https:\/\/sxflightcase.com\/pt\/wp-json\/wp\/v2\/product\/4111\/revisions"}],"wp:featuredmedia":[{"embeddable":true,"href":"https:\/\/sxflightcase.com\/pt\/wp-json\/wp\/v2\/media\/4079"}],"wp:attachment":[{"href":"https:\/\/sxflightcase.com\/pt\/wp-json\/wp\/v2\/media?parent=4111"}],"wp:term":[{"taxonomy":"product_brand","embeddable":true,"href":"https:\/\/sxflightcase.com\/pt\/wp-json\/wp\/v2\/product_brand?post=4111"},{"taxonomy":"product_cat","embeddable":true,"href":"https:\/\/sxflightcase.com\/pt\/wp-json\/wp\/v2\/product_cat?post=4111"},{"taxonomy":"product_tag","embeddable":true,"href":"https:\/\/sxflightcase.com\/pt\/wp-json\/wp\/v2\/product_tag?post=4111"}],"curies":[{"name":"wp","href":"https:\/\/api.w.org\/{rel}","templated":true}]}}