{"id":4122,"date":"2024-08-15T08:02:54","date_gmt":"2024-08-15T07:02:54","guid":{"rendered":"https:\/\/sxpowercase.com\/?post_type=product&#038;p=4122"},"modified":"2024-08-15T08:02:55","modified_gmt":"2024-08-15T07:02:55","slug":"flight-case-corner-coa110","status":"publish","type":"product","link":"https:\/\/sxflightcase.com\/pt\/produto\/mala-de-voo-de-canto-coa110\/","title":{"rendered":"Canto da mala de voo COA110"},"content":{"rendered":"<h3>Aumentar a prote\u00e7\u00e3o com o canto da mala de transporte SX<\/h3>\n<h4>Prote\u00e7\u00e3o fi\u00e1vel para o seu equipamento<\/h4>\n<p>Ao transportar equipamento sens\u00edvel, \u00e9 essencial uma prote\u00e7\u00e3o fi\u00e1vel. A prote\u00e7\u00e3o SX <strong>Canto da caixa de voo<\/strong>\u00a0foram especificamente concebidos para proteger o seu equipamento contra impactos e desgaste durante o transporte. Constru\u00eddos para serem resistentes e dur\u00e1veis, estes cantos proporcionam a defesa robusta de que as suas malas necessitam, garantindo simultaneamente uma fiabilidade a longo prazo. Com pre\u00e7os diretos de f\u00e1brica, <a href=\"https:\/\/sxpowercase.com\/\" target=\"_blank\" rel=\"noopener\" title=\"SX\" data-wpil-monitor-id=\"666\">SX<\/a> oferece solu\u00e7\u00f5es de alta qualidade a pre\u00e7os acess\u00edveis.<\/p>\n<h4>Dur\u00e1vel e feito para durar<\/h4>\n<p>SX <strong>Cantos da mala de transporte<\/strong> s\u00e3o fabricados com materiais resistentes e de alta qualidade que resistem a impactos pesados e a condi\u00e7\u00f5es adversas. Quer esteja frequentemente na estrada ou necessite de um armazenamento fi\u00e1vel, estes cantos proporcionam uma prote\u00e7\u00e3o melhorada onde \u00e9 mais necess\u00e1ria. O compromisso da SX para com a qualidade garante que cada canto cumpre as rigorosas normas da ind\u00fastria, mantendo um pre\u00e7o acess\u00edvel.<\/p>\n<h4>Vers\u00e1til e f\u00e1cil de instalar<\/h4>\n<p>Concebido para uma instala\u00e7\u00e3o r\u00e1pida e f\u00e1cil, o SX <strong>Cantos da mala de transporte<\/strong> encaixam na perfei\u00e7\u00e3o em v\u00e1rios tipos de malas. Quer esteja a montar novas malas ou a atualizar as antigas, estes cantos melhoram a durabilidade e o aspeto das suas malas de viagem. Com a SX, pode contar com um processo de instala\u00e7\u00e3o sem complica\u00e7\u00f5es que garante um encaixe seguro.<\/p>\n<h4>Op\u00e7\u00f5es personaliz\u00e1veis para necessidades \u00fanicas<\/h4>\n<p>Cada projeto \u00e9 diferente, e a SX reconhece isso. \u00c9 por isso que os nossos <strong>Cantos da mala de transporte<\/strong> est\u00e3o dispon\u00edveis numa variedade de op\u00e7\u00f5es personaliz\u00e1veis, permitindo-lhe escolher o tamanho, a forma e o acabamento perfeitos para corresponder \u00e0s suas necessidades espec\u00edficas. A SX combina qualidade artesanal com op\u00e7\u00f5es de design flex\u00edveis para garantir que obt\u00e9m o produto ideal sem gastar muito.<\/p>\n<h4>Qualidade acess\u00edvel em que pode confiar<\/h4>\n<p>Com o nosso modelo direto da f\u00e1brica, a SX oferece <strong>Cantos da mala de transporte<\/strong> a pre\u00e7os competitivos. Damos \u00eanfase \u00e0 acessibilidade sem comprometer a qualidade, dando-lhe o melhor valor pelo seu dinheiro. Quer se trate de uma pequena empresa ou de projectos de grande escala, a SX fornece solu\u00e7\u00f5es fi\u00e1veis que se enquadram no seu or\u00e7amento.<\/p>\n<h4>Confiado por profissionais em todo o mundo<\/h4>\n<p>SX <strong>Cantos da mala de transporte<\/strong> s\u00e3o utilizados por profissionais de v\u00e1rios sectores devido \u00e0 sua resist\u00eancia e efic\u00e1cia. Desde m\u00fasicos a t\u00e9cnicos de AV, os nossos cantos s\u00e3o a escolha de elei\u00e7\u00e3o para aqueles que d\u00e3o prioridade \u00e0 seguran\u00e7a do equipamento. Quando escolhe a SX, est\u00e1 a escolher uma marca conhecida pelo desempenho superior e pela satisfa\u00e7\u00e3o do cliente.<\/p>\n<h4>Contacte-nos para obter mais informa\u00e7\u00f5es<\/h4>\n<p>Pronto para atualizar as suas caixas com SX de alta qualidade <strong>Cantos da mala de transporte<\/strong>? Contacte-nos hoje para explorar as suas op\u00e7\u00f5es e encontrar a solu\u00e7\u00e3o perfeita para as suas necessidades. A SX dedica-se a fornecer qualidade, pre\u00e7os acess\u00edveis e designs inovadores que oferecem uma prote\u00e7\u00e3o imbat\u00edvel para o seu equipamento.<\/p>\n<p>Contactar agora:<span style=\"color: #0000ff;\"><a style=\"color: #0000ff;\" href=\"https:\/\/sxpowercase.com\/contact-us\/\">https:\/\/sxpowercase.com\/<\/a><\/span><\/p>\n<p>Cat\u00e1logo de produtos de hardware\uff1a<span style=\"color: #3366ff;\"><a style=\"color: #3366ff;\" href=\"https:\/\/sxpowercase.com\/wp-content\/uploads\/2024\/07\/\u4e94\u91d1.pdf\">Cat\u00e1logo de acess\u00f3rios de ferragens<\/a><\/span><\/p>","protected":false},"excerpt":{"rendered":"<h3>Cantos da mala de voo SX: Prote\u00e7\u00e3o m\u00e1xima do equipamento<\/h3>\n<p>Proteja o seu valioso equipamento com os cantos da mala de transporte SX, concebidos para condi\u00e7\u00f5es dif\u00edceis e para manter o seu equipamento seguro durante o transporte. Obtenha qualidade de f\u00e1brica a pre\u00e7os acess\u00edveis.<\/p>\n<h3>Dur\u00e1vel e f\u00e1cil de instalar<\/h3>\n<p>Os cantos das malas de transporte SX s\u00e3o fabricados com materiais de alta qualidade para uma durabilidade fi\u00e1vel. S\u00e3o f\u00e1ceis de instalar e compat\u00edveis com uma vasta gama de malas, oferecendo uma integra\u00e7\u00e3o perfeita e uma prote\u00e7\u00e3o melhorada.<\/p>\n<h3>Solu\u00e7\u00f5es personalizadas a pre\u00e7os competitivos<\/h3>\n<p>A SX oferece cantos de malas de voo personaliz\u00e1veis, adaptados \u00e0s suas necessidades. Beneficie de uma qualidade superior e de um trabalho artesanal especializado sem ultrapassar o seu or\u00e7amento, com a confian\u00e7a de profissionais de todo o mundo.<\/p>","protected":false},"featured_media":4082,"comment_status":"open","ping_status":"closed","template":"","meta":[],"product_brand":[],"product_cat":[63],"product_tag":[],"class_list":{"0":"post-4122","1":"product","2":"type-product","3":"status-publish","4":"has-post-thumbnail","6":"product_cat-corners","8":"first","9":"instock","10":"shipping-taxable","11":"product-type-simple"},"yoast_head":"<!-- This site is optimized with the Yoast SEO Premium plugin v27.1 (Yoast SEO v27.2) - https:\/\/yoast.com\/product\/yoast-seo-premium-wordpress\/ -->\n<title>Flight Case Corner COA110 - https:\/\/sxflightcase.com \ud83d\udc97<\/title>\n<meta name=\"description\" content=\"Flight case corner, factory direct! High-quality, durable protection for case edges, ensuring long-lasting reliability during transport. Ideal for safeguarding your equipment.\" \/>\n<meta name=\"robots\" content=\"index, follow, max-snippet:-1, max-image-preview:large, max-video-preview:-1\" \/>\n<link rel=\"canonical\" href=\"https:\/\/sxflightcase.com\/pt\/\u4ea7\u54c1\/\u98de\u884c\u7bb1\u8f6c\u89d2-coa110\/\" \/>\n<meta property=\"og:locale\" content=\"pt_PT\" \/>\n<meta property=\"og:type\" content=\"article\" \/>\n<meta property=\"og:title\" content=\"Flight Case Corner COA110\" \/>\n<meta property=\"og:description\" content=\"Flight case corner, factory direct! High-quality, durable protection for case edges, ensuring long-lasting reliability during transport. Ideal for safeguarding your equipment.\" \/>\n<meta property=\"og:url\" content=\"https:\/\/sxflightcase.com\/pt\/\u4ea7\u54c1\/\u98de\u884c\u7bb1\u8f6c\u89d2-coa110\/\" \/>\n<meta property=\"og:site_name\" content=\"https:\/\/sxflightcase.com\" \/>\n<meta property=\"article:publisher\" content=\"https:\/\/www.facebook.com\/profile.php?id=61560407257971\" \/>\n<meta property=\"article:modified_time\" content=\"2024-08-15T07:02:55+00:00\" \/>\n<meta property=\"og:image\" content=\"https:\/\/sxflightcase.com\/wp-content\/uploads\/2024\/08\/COA110.jpg\" \/>\n\t<meta property=\"og:image:width\" content=\"520\" \/>\n\t<meta property=\"og:image:height\" content=\"511\" \/>\n\t<meta property=\"og:image:type\" content=\"image\/jpeg\" \/>\n<meta name=\"twitter:card\" content=\"summary_large_image\" \/>\n<meta name=\"twitter:label1\" content=\"Tempo estimado de leitura\" \/>\n\t<meta name=\"twitter:data1\" content=\"3 minutos\" \/>\n<script type=\"application\/ld+json\" class=\"yoast-schema-graph\">{\"@context\":\"https:\/\/schema.org\",\"@graph\":[{\"@type\":\"WebPage\",\"@id\":\"https:\/\/sxflightcase.com\/zh\/\u4ea7\u54c1\/\u98de\u884c\u7bb1\u8f6c\u89d2-coa110\/\",\"url\":\"https:\/\/sxflightcase.com\/zh\/\u4ea7\u54c1\/\u98de\u884c\u7bb1\u8f6c\u89d2-coa110\/\",\"name\":\"Flight Case Corner COA110 - https:\/\/sxflightcase.com \ud83d\udc97\",\"isPartOf\":{\"@id\":\"https:\/\/sxflightcase.com\/th\/#website\"},\"primaryImageOfPage\":{\"@id\":\"https:\/\/sxflightcase.com\/zh\/\u4ea7\u54c1\/\u98de\u884c\u7bb1\u8f6c\u89d2-coa110\/#primaryimage\"},\"image\":{\"@id\":\"https:\/\/sxflightcase.com\/zh\/\u4ea7\u54c1\/\u98de\u884c\u7bb1\u8f6c\u89d2-coa110\/#primaryimage\"},\"thumbnailUrl\":\"https:\/\/sxflightcase.com\/wp-content\/uploads\/2024\/08\/COA110.jpg\",\"datePublished\":\"2024-08-15T07:02:54+00:00\",\"dateModified\":\"2024-08-15T07:02:55+00:00\",\"description\":\"Flight case corner, factory direct! High-quality, durable protection for case edges, ensuring long-lasting reliability during transport. Ideal for safeguarding your equipment.\",\"breadcrumb\":{\"@id\":\"https:\/\/sxflightcase.com\/zh\/\u4ea7\u54c1\/\u98de\u884c\u7bb1\u8f6c\u89d2-coa110\/#breadcrumb\"},\"inLanguage\":\"pt-PT\",\"potentialAction\":[{\"@type\":\"ReadAction\",\"target\":[\"https:\/\/sxflightcase.com\/zh\/\u4ea7\u54c1\/\u98de\u884c\u7bb1\u8f6c\u89d2-coa110\/\"]}]},{\"@type\":\"ImageObject\",\"inLanguage\":\"pt-PT\",\"@id\":\"https:\/\/sxflightcase.com\/zh\/\u4ea7\u54c1\/\u98de\u884c\u7bb1\u8f6c\u89d2-coa110\/#primaryimage\",\"url\":\"https:\/\/sxflightcase.com\/wp-content\/uploads\/2024\/08\/COA110.jpg\",\"contentUrl\":\"https:\/\/sxflightcase.com\/wp-content\/uploads\/2024\/08\/COA110.jpg\",\"width\":520,\"height\":511,\"caption\":\"Flight Case Corner\"},{\"@type\":\"BreadcrumbList\",\"@id\":\"https:\/\/sxflightcase.com\/zh\/\u4ea7\u54c1\/\u98de\u884c\u7bb1\u8f6c\u89d2-coa110\/#breadcrumb\",\"itemListElement\":[{\"@type\":\"ListItem\",\"position\":1,\"name\":\"Home\",\"item\":\"https:\/\/sxflightcase.com\/\"},{\"@type\":\"ListItem\",\"position\":2,\"name\":\"\u0e2a\u0e34\u0e19\u0e04\u0e49\u0e32\",\"item\":\"https:\/\/sxflightcase.com\/th\/shop\/\"},{\"@type\":\"ListItem\",\"position\":3,\"name\":\"Flight Case Corner COA110\"}]},{\"@type\":\"WebSite\",\"@id\":\"https:\/\/sxflightcase.com\/th\/#website\",\"url\":\"https:\/\/sxflightcase.com\/th\/\",\"name\":\"sxpowercase.com\",\"description\":\"Flight Case Factory\",\"publisher\":{\"@id\":\"https:\/\/sxflightcase.com\/th\/#organization\"},\"potentialAction\":[{\"@type\":\"SearchAction\",\"target\":{\"@type\":\"EntryPoint\",\"urlTemplate\":\"https:\/\/sxflightcase.com\/th\/?s={search_term_string}\"},\"query-input\":{\"@type\":\"PropertyValueSpecification\",\"valueRequired\":true,\"valueName\":\"search_term_string\"}}],\"inLanguage\":\"pt-PT\"},{\"@type\":\"Organization\",\"@id\":\"https:\/\/sxflightcase.com\/th\/#organization\",\"name\":\"sxpowercase.com\",\"url\":\"https:\/\/sxflightcase.com\/th\/\",\"logo\":{\"@type\":\"ImageObject\",\"inLanguage\":\"pt-PT\",\"@id\":\"https:\/\/sxflightcase.com\/th\/#\/schema\/logo\/image\/\",\"url\":\"https:\/\/sxflightcase.com\/wp-content\/uploads\/2024\/04\/1713919036007.jpg\",\"contentUrl\":\"https:\/\/sxflightcase.com\/wp-content\/uploads\/2024\/04\/1713919036007.jpg\",\"width\":382,\"height\":388,\"caption\":\"sxpowercase.com\"},\"image\":{\"@id\":\"https:\/\/sxflightcase.com\/th\/#\/schema\/logo\/image\/\"},\"sameAs\":[\"https:\/\/www.facebook.com\/profile.php?id=61560407257971\"],\"numberOfEmployees\":{\"@type\":\"QuantitativeValue\",\"minValue\":\"11\",\"maxValue\":\"50\"}}]}<\/script>\n<!-- \/ Yoast SEO Premium plugin. -->","yoast_head_json":{"title":"Flight Case Corner COA110 - https:\/\/sxflightcase.com \ud83d\udc97","description":"Canto da mala de voo, diretamente da f\u00e1brica! Prote\u00e7\u00e3o duradoura e de alta qualidade para os cantos da mala, garantindo uma fiabilidade duradoura durante o transporte. Ideal para proteger o seu equipamento.","robots":{"index":"index","follow":"follow","max-snippet":"max-snippet:-1","max-image-preview":"max-image-preview:large","max-video-preview":"max-video-preview:-1"},"canonical":"https:\/\/sxflightcase.com\/pt\/\u4ea7\u54c1\/\u98de\u884c\u7bb1\u8f6c\u89d2-coa110\/","og_locale":"pt_PT","og_type":"article","og_title":"Flight Case Corner COA110","og_description":"Flight case corner, factory direct! High-quality, durable protection for case edges, ensuring long-lasting reliability during transport. Ideal for safeguarding your equipment.","og_url":"https:\/\/sxflightcase.com\/pt\/\u4ea7\u54c1\/\u98de\u884c\u7bb1\u8f6c\u89d2-coa110\/","og_site_name":"https:\/\/sxflightcase.com","article_publisher":"https:\/\/www.facebook.com\/profile.php?id=61560407257971","article_modified_time":"2024-08-15T07:02:55+00:00","og_image":[{"width":520,"height":511,"url":"https:\/\/sxflightcase.com\/wp-content\/uploads\/2024\/08\/COA110.jpg","type":"image\/jpeg"}],"twitter_card":"summary_large_image","twitter_misc":{"Tempo estimado de leitura":"3 minutos"},"schema":{"@context":"https:\/\/schema.org","@graph":[{"@type":"WebPage","@id":"https:\/\/sxflightcase.com\/zh\/\u4ea7\u54c1\/\u98de\u884c\u7bb1\u8f6c\u89d2-coa110\/","url":"https:\/\/sxflightcase.com\/zh\/\u4ea7\u54c1\/\u98de\u884c\u7bb1\u8f6c\u89d2-coa110\/","name":"Flight Case Corner COA110 - https:\/\/sxflightcase.com \ud83d\udc97","isPartOf":{"@id":"https:\/\/sxflightcase.com\/th\/#website"},"primaryImageOfPage":{"@id":"https:\/\/sxflightcase.com\/zh\/\u4ea7\u54c1\/\u98de\u884c\u7bb1\u8f6c\u89d2-coa110\/#primaryimage"},"image":{"@id":"https:\/\/sxflightcase.com\/zh\/\u4ea7\u54c1\/\u98de\u884c\u7bb1\u8f6c\u89d2-coa110\/#primaryimage"},"thumbnailUrl":"https:\/\/sxflightcase.com\/wp-content\/uploads\/2024\/08\/COA110.jpg","datePublished":"2024-08-15T07:02:54+00:00","dateModified":"2024-08-15T07:02:55+00:00","description":"Canto da mala de voo, diretamente da f\u00e1brica! Prote\u00e7\u00e3o duradoura e de alta qualidade para os cantos da mala, garantindo uma fiabilidade duradoura durante o transporte. Ideal para proteger o seu equipamento.","breadcrumb":{"@id":"https:\/\/sxflightcase.com\/zh\/\u4ea7\u54c1\/\u98de\u884c\u7bb1\u8f6c\u89d2-coa110\/#breadcrumb"},"inLanguage":"pt-PT","potentialAction":[{"@type":"ReadAction","target":["https:\/\/sxflightcase.com\/zh\/\u4ea7\u54c1\/\u98de\u884c\u7bb1\u8f6c\u89d2-coa110\/"]}]},{"@type":"ImageObject","inLanguage":"pt-PT","@id":"https:\/\/sxflightcase.com\/zh\/\u4ea7\u54c1\/\u98de\u884c\u7bb1\u8f6c\u89d2-coa110\/#primaryimage","url":"https:\/\/sxflightcase.com\/wp-content\/uploads\/2024\/08\/COA110.jpg","contentUrl":"https:\/\/sxflightcase.com\/wp-content\/uploads\/2024\/08\/COA110.jpg","width":520,"height":511,"caption":"Flight Case Corner"},{"@type":"BreadcrumbList","@id":"https:\/\/sxflightcase.com\/zh\/\u4ea7\u54c1\/\u98de\u884c\u7bb1\u8f6c\u89d2-coa110\/#breadcrumb","itemListElement":[{"@type":"ListItem","position":1,"name":"Home","item":"https:\/\/sxflightcase.com\/"},{"@type":"ListItem","position":2,"name":"\u0e2a\u0e34\u0e19\u0e04\u0e49\u0e32","item":"https:\/\/sxflightcase.com\/th\/shop\/"},{"@type":"ListItem","position":3,"name":"Flight Case Corner COA110"}]},{"@type":"WebSite","@id":"https:\/\/sxflightcase.com\/th\/#website","url":"https:\/\/sxflightcase.com\/th\/","name":"sxpowercase.com","description":"F\u00e1brica de malas de voo","publisher":{"@id":"https:\/\/sxflightcase.com\/th\/#organization"},"potentialAction":[{"@type":"SearchAction","target":{"@type":"EntryPoint","urlTemplate":"https:\/\/sxflightcase.com\/th\/?s={search_term_string}"},"query-input":{"@type":"PropertyValueSpecification","valueRequired":true,"valueName":"search_term_string"}}],"inLanguage":"pt-PT"},{"@type":"Organization","@id":"https:\/\/sxflightcase.com\/th\/#organization","name":"sxpowercase.com","url":"https:\/\/sxflightcase.com\/th\/","logo":{"@type":"ImageObject","inLanguage":"pt-PT","@id":"https:\/\/sxflightcase.com\/th\/#\/schema\/logo\/image\/","url":"https:\/\/sxflightcase.com\/wp-content\/uploads\/2024\/04\/1713919036007.jpg","contentUrl":"https:\/\/sxflightcase.com\/wp-content\/uploads\/2024\/04\/1713919036007.jpg","width":382,"height":388,"caption":"sxpowercase.com"},"image":{"@id":"https:\/\/sxflightcase.com\/th\/#\/schema\/logo\/image\/"},"sameAs":["https:\/\/www.facebook.com\/profile.php?id=61560407257971"],"numberOfEmployees":{"@type":"QuantitativeValue","minValue":"11","maxValue":"50"}}]}},"_links":{"self":[{"href":"https:\/\/sxflightcase.com\/pt\/wp-json\/wp\/v2\/product\/4122","targetHints":{"allow":["GET"]}}],"collection":[{"href":"https:\/\/sxflightcase.com\/pt\/wp-json\/wp\/v2\/product"}],"about":[{"href":"https:\/\/sxflightcase.com\/pt\/wp-json\/wp\/v2\/types\/product"}],"replies":[{"embeddable":true,"href":"https:\/\/sxflightcase.com\/pt\/wp-json\/wp\/v2\/comments?post=4122"}],"version-history":[{"count":0,"href":"https:\/\/sxflightcase.com\/pt\/wp-json\/wp\/v2\/product\/4122\/revisions"}],"wp:featuredmedia":[{"embeddable":true,"href":"https:\/\/sxflightcase.com\/pt\/wp-json\/wp\/v2\/media\/4082"}],"wp:attachment":[{"href":"https:\/\/sxflightcase.com\/pt\/wp-json\/wp\/v2\/media?parent=4122"}],"wp:term":[{"taxonomy":"product_brand","embeddable":true,"href":"https:\/\/sxflightcase.com\/pt\/wp-json\/wp\/v2\/product_brand?post=4122"},{"taxonomy":"product_cat","embeddable":true,"href":"https:\/\/sxflightcase.com\/pt\/wp-json\/wp\/v2\/product_cat?post=4122"},{"taxonomy":"product_tag","embeddable":true,"href":"https:\/\/sxflightcase.com\/pt\/wp-json\/wp\/v2\/product_tag?post=4122"}],"curies":[{"name":"wp","href":"https:\/\/api.w.org\/{rel}","templated":true}]}}