{"id":4123,"date":"2024-08-15T08:06:33","date_gmt":"2024-08-15T07:06:33","guid":{"rendered":"https:\/\/sxpowercase.com\/?post_type=product&#038;p=4123"},"modified":"2024-08-15T08:06:34","modified_gmt":"2024-08-15T07:06:34","slug":"flight-case-corners-coa201","status":"publish","type":"product","link":"https:\/\/sxflightcase.com\/pt\/produto\/mala-de-voo-cantos-coa201\/","title":{"rendered":"Cantos da mala de voo COA201"},"content":{"rendered":"<h3>Aumente a sua prote\u00e7\u00e3o com os cantos da mala de transporte SX<\/h3>\n<h4>Prote\u00e7\u00e3o superior para equipamentos fr\u00e1geis<\/h4>\n<p>Quando o seu equipamento est\u00e1 em movimento, \u00e9 essencial proteg\u00ea-lo contra danos. O SX's <strong>Cantos da mala de transporte<\/strong> proporcionam uma prote\u00e7\u00e3o excecional contra choques, quedas e desgaste di\u00e1rio. Constru\u00eddos para resistir, estes cantos garantem que as suas malas de viagem mant\u00eam a integridade estrutural, proporcionando uma durabilidade inigual\u00e1vel. Gra\u00e7as ao pre\u00e7o direto de f\u00e1brica da SX, obt\u00e9m uma prote\u00e7\u00e3o de alta qualidade sem custos inflacionados.<\/p>\n<h4>Constru\u00eddo para suportar uma utiliza\u00e7\u00e3o intensa<\/h4>\n<p>Fabricado com materiais de primeira qualidade, <a href=\"https:\/\/sxpowercase.com\/\" target=\"_blank\" rel=\"noopener\" title=\"SX\" data-wpil-monitor-id=\"667\">SX<\/a> <strong>Cantos da mala de transporte<\/strong> foram concebidos para suportar at\u00e9 as condi\u00e7\u00f5es mais adversas. Quer seja em digress\u00e3o ou em armazenamento, estes cantos fortalecem as suas caixas contra o manuseamento rigoroso. A SX assegura que recebe componentes fi\u00e1veis que s\u00e3o resistentes mas econ\u00f3micos, ajudando-o a poupar em repara\u00e7\u00f5es e substitui\u00e7\u00f5es.<\/p>\n<h4>Aplica\u00e7\u00e3o f\u00e1cil e ajuste seguro<\/h4>\n<p>SX <strong>Cantos da mala de transporte<\/strong> s\u00e3o concebidos para uma instala\u00e7\u00e3o sem problemas, oferecendo um ajuste perfeito em v\u00e1rios tipos de caixas. Quer se trate de reequipar caixas antigas ou de construir novas caixas, estes cantos conferem \u00e0s suas caixas uma maior resist\u00eancia e um aspeto polido. Com a SX, proteger o seu equipamento nunca foi t\u00e3o f\u00e1cil ou t\u00e3o econ\u00f3mico.<\/p>\n<h4>Personaliza\u00e7\u00e3o para corresponder \u00e0s suas necessidades<\/h4>\n<p>Cada caso tem os seus requisitos \u00fanicos, e a SX oferece <strong>Cantos da mala de transporte<\/strong> que podem ser personalizados para satisfazer as suas necessidades espec\u00edficas. Desde diferentes formas a acabamentos personalizados, os nossos cantos s\u00e3o concebidos para corresponder \u00e0s prefer\u00eancias funcionais e est\u00e9ticas. A SX oferece solu\u00e7\u00f5es vers\u00e1teis sem comprometer o pre\u00e7o, dando-lhe a flexibilidade de que necessita.<\/p>\n<h4>Qualidade a um pre\u00e7o acess\u00edvel<\/h4>\n<p>A SX combina a poupan\u00e7a direta da f\u00e1brica com um rigoroso controlo de qualidade, oferecendo <strong>Canto da caixa de voo<\/strong>\u00a0que proporcionam um valor excecional. O nosso pre\u00e7o foi concebido para ser competitivo sem sacrificar a durabilidade e a prote\u00e7\u00e3o que os seus casos exigem. Quer as suas necessidades sejam de pequena escala ou de dimens\u00e3o industrial, a SX oferece a combina\u00e7\u00e3o perfeita de acessibilidade e qualidade.<\/p>\n<h4>Confiado por especialistas em todo o mundo<\/h4>\n<p>Profissionais de diversos sectores confiam na SX <strong>Cantos da mala de transporte<\/strong> pela sua fiabilidade comprovada e desempenho duradouro. Quer esteja a manusear equipamento de \u00e1udio, equipamento de ilumina\u00e7\u00e3o ou outras ferramentas delicadas, os nossos cantos oferecem uma prote\u00e7\u00e3o robusta que resiste a um manuseamento dif\u00edcil. Quando se trata de proteger o seu equipamento, confie na marca que os especialistas escolhem - a X.<\/p>\n<h4>Entre em contacto para obter as melhores solu\u00e7\u00f5es<\/h4>\n<p>\u00c0 procura da pessoa certa <strong>Cantos da mala de transporte<\/strong> para as suas necessidades? Contacte a SX hoje mesmo para saber mais sobre as nossas op\u00e7\u00f5es personaliz\u00e1veis e pre\u00e7os competitivos. Com uma reputa\u00e7\u00e3o de fornecer produtos de qualidade e de valor excecional, a SX \u00e9 a fonte de refer\u00eancia para os profissionais que pretendem solu\u00e7\u00f5es fi\u00e1veis que n\u00e3o v\u00e3o dar cabo do or\u00e7amento.<\/p>\n<p>Contactar agora:<span style=\"color: #0000ff;\"><a style=\"color: #0000ff;\" href=\"https:\/\/sxpowercase.com\/contact-us\/\">https:\/\/sxpowercase.com\/<\/a><\/span><\/p>\n<p>Cat\u00e1logo de produtos de hardware\uff1a<span style=\"color: #3366ff;\"><a style=\"color: #3366ff;\" href=\"https:\/\/sxpowercase.com\/wp-content\/uploads\/2024\/07\/\u4e94\u91d1.pdf\">Cat\u00e1logo de acess\u00f3rios de ferragens<\/a><\/span><\/p>","protected":false},"excerpt":{"rendered":"<h3>Cantos da mala de voo SX: Prote\u00e7\u00e3o superior do equipamento<\/h3>\n<p>Proteja o seu equipamento fr\u00e1gil com os cantos da mala de transporte SX, concebidos para resistir a choques, quedas e desgaste di\u00e1rio. Obtenha qualidade de topo a pre\u00e7os de f\u00e1brica, garantindo uma prote\u00e7\u00e3o fi\u00e1vel sem custos inflacionados.<\/p>\n<h3>F\u00e1cil instala\u00e7\u00e3o, desempenho robusto<\/h3>\n<p>Os cantos das malas de voo SX foram concebidos para utiliza\u00e7\u00e3o intensiva e aplica\u00e7\u00e3o sem esfor\u00e7o. Quer se trate de atualizar caixas antigas ou de montar novas caixas, estes cantos aumentam a resist\u00eancia e oferecem um aspeto polido.<\/p>\n<h3>Solu\u00e7\u00f5es personalizadas a pre\u00e7os acess\u00edveis<\/h3>\n<p>A SX oferece cantos de malas de voo personaliz\u00e1veis, adaptados \u00e0s suas necessidades exactas, combinando versatilidade com acessibilidade. Com a confian\u00e7a de profissionais de todo o mundo, a SX oferece uma qualidade em que pode confiar.<\/p>","protected":false},"featured_media":4083,"comment_status":"open","ping_status":"closed","template":"","meta":[],"product_brand":[],"product_cat":[63],"product_tag":[],"class_list":{"0":"post-4123","1":"product","2":"type-product","3":"status-publish","4":"has-post-thumbnail","6":"product_cat-corners","8":"first","9":"instock","10":"shipping-taxable","11":"product-type-simple"},"yoast_head":"<!-- This site is optimized with the Yoast SEO Premium plugin v27.1 (Yoast SEO v27.2) - https:\/\/yoast.com\/product\/yoast-seo-premium-wordpress\/ -->\n<title>Flight Case Corners COA201 - https:\/\/sxflightcase.com \ud83d\udc97<\/title>\n<meta name=\"description\" content=\"Flight case corners, factory direct! High-quality, durable edge protection for flight cases. Prevents damage during transport and ensures long-lasting reliability for your equipment.\" \/>\n<meta name=\"robots\" content=\"index, follow, max-snippet:-1, max-image-preview:large, max-video-preview:-1\" \/>\n<link rel=\"canonical\" href=\"https:\/\/sxflightcase.com\/pt\/produkt\/flight-case-hjorner-coa201-2\/\" \/>\n<meta property=\"og:locale\" content=\"pt_PT\" \/>\n<meta property=\"og:type\" content=\"article\" \/>\n<meta property=\"og:title\" content=\"Flight Case Corners COA201\" \/>\n<meta property=\"og:description\" content=\"Flight case corners, factory direct! High-quality, durable edge protection for flight cases. Prevents damage during transport and ensures long-lasting reliability for your equipment.\" \/>\n<meta property=\"og:url\" content=\"https:\/\/sxflightcase.com\/pt\/produkt\/flight-case-hjorner-coa201-2\/\" \/>\n<meta property=\"og:site_name\" content=\"https:\/\/sxflightcase.com\" \/>\n<meta property=\"article:publisher\" content=\"https:\/\/www.facebook.com\/profile.php?id=61560407257971\" \/>\n<meta property=\"article:modified_time\" content=\"2024-08-15T07:06:34+00:00\" \/>\n<meta property=\"og:image\" content=\"https:\/\/sxflightcase.com\/wp-content\/uploads\/2024\/08\/COA201.jpg\" \/>\n\t<meta property=\"og:image:width\" content=\"520\" \/>\n\t<meta property=\"og:image:height\" content=\"551\" \/>\n\t<meta property=\"og:image:type\" content=\"image\/jpeg\" \/>\n<meta name=\"twitter:card\" content=\"summary_large_image\" \/>\n<meta name=\"twitter:label1\" content=\"Tempo estimado de leitura\" \/>\n\t<meta name=\"twitter:data1\" content=\"3 minutos\" \/>\n<script type=\"application\/ld+json\" class=\"yoast-schema-graph\">{\"@context\":\"https:\/\/schema.org\",\"@graph\":[{\"@type\":\"WebPage\",\"@id\":\"https:\/\/sxflightcase.com\/da\/produkt\/flight-case-hjorner-coa201-2\/\",\"url\":\"https:\/\/sxflightcase.com\/da\/produkt\/flight-case-hjorner-coa201-2\/\",\"name\":\"Flight Case Corners COA201 - https:\/\/sxflightcase.com \ud83d\udc97\",\"isPartOf\":{\"@id\":\"https:\/\/sxflightcase.com\/th\/#website\"},\"primaryImageOfPage\":{\"@id\":\"https:\/\/sxflightcase.com\/da\/produkt\/flight-case-hjorner-coa201-2\/#primaryimage\"},\"image\":{\"@id\":\"https:\/\/sxflightcase.com\/da\/produkt\/flight-case-hjorner-coa201-2\/#primaryimage\"},\"thumbnailUrl\":\"https:\/\/sxflightcase.com\/wp-content\/uploads\/2024\/08\/COA201.jpg\",\"datePublished\":\"2024-08-15T07:06:33+00:00\",\"dateModified\":\"2024-08-15T07:06:34+00:00\",\"description\":\"Flight case corners, factory direct! High-quality, durable edge protection for flight cases. Prevents damage during transport and ensures long-lasting reliability for your equipment.\",\"breadcrumb\":{\"@id\":\"https:\/\/sxflightcase.com\/da\/produkt\/flight-case-hjorner-coa201-2\/#breadcrumb\"},\"inLanguage\":\"pt-PT\",\"potentialAction\":[{\"@type\":\"ReadAction\",\"target\":[\"https:\/\/sxflightcase.com\/da\/produkt\/flight-case-hjorner-coa201-2\/\"]}]},{\"@type\":\"ImageObject\",\"inLanguage\":\"pt-PT\",\"@id\":\"https:\/\/sxflightcase.com\/da\/produkt\/flight-case-hjorner-coa201-2\/#primaryimage\",\"url\":\"https:\/\/sxflightcase.com\/wp-content\/uploads\/2024\/08\/COA201.jpg\",\"contentUrl\":\"https:\/\/sxflightcase.com\/wp-content\/uploads\/2024\/08\/COA201.jpg\",\"width\":520,\"height\":551,\"caption\":\"Flight Case Corners\"},{\"@type\":\"BreadcrumbList\",\"@id\":\"https:\/\/sxflightcase.com\/da\/produkt\/flight-case-hjorner-coa201-2\/#breadcrumb\",\"itemListElement\":[{\"@type\":\"ListItem\",\"position\":1,\"name\":\"Home\",\"item\":\"https:\/\/sxflightcase.com\/\"},{\"@type\":\"ListItem\",\"position\":2,\"name\":\"\u0e2a\u0e34\u0e19\u0e04\u0e49\u0e32\",\"item\":\"https:\/\/sxflightcase.com\/th\/shop\/\"},{\"@type\":\"ListItem\",\"position\":3,\"name\":\"Flight Case Corners COA201\"}]},{\"@type\":\"WebSite\",\"@id\":\"https:\/\/sxflightcase.com\/th\/#website\",\"url\":\"https:\/\/sxflightcase.com\/th\/\",\"name\":\"sxpowercase.com\",\"description\":\"Flight Case Factory\",\"publisher\":{\"@id\":\"https:\/\/sxflightcase.com\/th\/#organization\"},\"potentialAction\":[{\"@type\":\"SearchAction\",\"target\":{\"@type\":\"EntryPoint\",\"urlTemplate\":\"https:\/\/sxflightcase.com\/th\/?s={search_term_string}\"},\"query-input\":{\"@type\":\"PropertyValueSpecification\",\"valueRequired\":true,\"valueName\":\"search_term_string\"}}],\"inLanguage\":\"pt-PT\"},{\"@type\":\"Organization\",\"@id\":\"https:\/\/sxflightcase.com\/th\/#organization\",\"name\":\"sxpowercase.com\",\"url\":\"https:\/\/sxflightcase.com\/th\/\",\"logo\":{\"@type\":\"ImageObject\",\"inLanguage\":\"pt-PT\",\"@id\":\"https:\/\/sxflightcase.com\/th\/#\/schema\/logo\/image\/\",\"url\":\"https:\/\/sxflightcase.com\/wp-content\/uploads\/2024\/04\/1713919036007.jpg\",\"contentUrl\":\"https:\/\/sxflightcase.com\/wp-content\/uploads\/2024\/04\/1713919036007.jpg\",\"width\":382,\"height\":388,\"caption\":\"sxpowercase.com\"},\"image\":{\"@id\":\"https:\/\/sxflightcase.com\/th\/#\/schema\/logo\/image\/\"},\"sameAs\":[\"https:\/\/www.facebook.com\/profile.php?id=61560407257971\"],\"numberOfEmployees\":{\"@type\":\"QuantitativeValue\",\"minValue\":\"11\",\"maxValue\":\"50\"}}]}<\/script>\n<!-- \/ Yoast SEO Premium plugin. -->","yoast_head_json":{"title":"Flight Case Corners COA201 - https:\/\/sxflightcase.com \ud83d\udc97","description":"Cantos de malas de voo, diretos da f\u00e1brica! Prote\u00e7\u00e3o duradoura e de alta qualidade dos cantos das malas de transporte. Evita danos durante o transporte e garante uma fiabilidade duradoura para o seu equipamento.","robots":{"index":"index","follow":"follow","max-snippet":"max-snippet:-1","max-image-preview":"max-image-preview:large","max-video-preview":"max-video-preview:-1"},"canonical":"https:\/\/sxflightcase.com\/pt\/produkt\/flight-case-hjorner-coa201-2\/","og_locale":"pt_PT","og_type":"article","og_title":"Flight Case Corners COA201","og_description":"Flight case corners, factory direct! High-quality, durable edge protection for flight cases. Prevents damage during transport and ensures long-lasting reliability for your equipment.","og_url":"https:\/\/sxflightcase.com\/pt\/produkt\/flight-case-hjorner-coa201-2\/","og_site_name":"https:\/\/sxflightcase.com","article_publisher":"https:\/\/www.facebook.com\/profile.php?id=61560407257971","article_modified_time":"2024-08-15T07:06:34+00:00","og_image":[{"width":520,"height":551,"url":"https:\/\/sxflightcase.com\/wp-content\/uploads\/2024\/08\/COA201.jpg","type":"image\/jpeg"}],"twitter_card":"summary_large_image","twitter_misc":{"Tempo estimado de leitura":"3 minutos"},"schema":{"@context":"https:\/\/schema.org","@graph":[{"@type":"WebPage","@id":"https:\/\/sxflightcase.com\/da\/produkt\/flight-case-hjorner-coa201-2\/","url":"https:\/\/sxflightcase.com\/da\/produkt\/flight-case-hjorner-coa201-2\/","name":"Flight Case Corners COA201 - https:\/\/sxflightcase.com \ud83d\udc97","isPartOf":{"@id":"https:\/\/sxflightcase.com\/th\/#website"},"primaryImageOfPage":{"@id":"https:\/\/sxflightcase.com\/da\/produkt\/flight-case-hjorner-coa201-2\/#primaryimage"},"image":{"@id":"https:\/\/sxflightcase.com\/da\/produkt\/flight-case-hjorner-coa201-2\/#primaryimage"},"thumbnailUrl":"https:\/\/sxflightcase.com\/wp-content\/uploads\/2024\/08\/COA201.jpg","datePublished":"2024-08-15T07:06:33+00:00","dateModified":"2024-08-15T07:06:34+00:00","description":"Cantos de malas de voo, diretos da f\u00e1brica! Prote\u00e7\u00e3o duradoura e de alta qualidade dos cantos das malas de transporte. Evita danos durante o transporte e garante uma fiabilidade duradoura para o seu equipamento.","breadcrumb":{"@id":"https:\/\/sxflightcase.com\/da\/produkt\/flight-case-hjorner-coa201-2\/#breadcrumb"},"inLanguage":"pt-PT","potentialAction":[{"@type":"ReadAction","target":["https:\/\/sxflightcase.com\/da\/produkt\/flight-case-hjorner-coa201-2\/"]}]},{"@type":"ImageObject","inLanguage":"pt-PT","@id":"https:\/\/sxflightcase.com\/da\/produkt\/flight-case-hjorner-coa201-2\/#primaryimage","url":"https:\/\/sxflightcase.com\/wp-content\/uploads\/2024\/08\/COA201.jpg","contentUrl":"https:\/\/sxflightcase.com\/wp-content\/uploads\/2024\/08\/COA201.jpg","width":520,"height":551,"caption":"Flight Case Corners"},{"@type":"BreadcrumbList","@id":"https:\/\/sxflightcase.com\/da\/produkt\/flight-case-hjorner-coa201-2\/#breadcrumb","itemListElement":[{"@type":"ListItem","position":1,"name":"Home","item":"https:\/\/sxflightcase.com\/"},{"@type":"ListItem","position":2,"name":"\u0e2a\u0e34\u0e19\u0e04\u0e49\u0e32","item":"https:\/\/sxflightcase.com\/th\/shop\/"},{"@type":"ListItem","position":3,"name":"Flight Case Corners COA201"}]},{"@type":"WebSite","@id":"https:\/\/sxflightcase.com\/th\/#website","url":"https:\/\/sxflightcase.com\/th\/","name":"sxpowercase.com","description":"F\u00e1brica de malas de voo","publisher":{"@id":"https:\/\/sxflightcase.com\/th\/#organization"},"potentialAction":[{"@type":"SearchAction","target":{"@type":"EntryPoint","urlTemplate":"https:\/\/sxflightcase.com\/th\/?s={search_term_string}"},"query-input":{"@type":"PropertyValueSpecification","valueRequired":true,"valueName":"search_term_string"}}],"inLanguage":"pt-PT"},{"@type":"Organization","@id":"https:\/\/sxflightcase.com\/th\/#organization","name":"sxpowercase.com","url":"https:\/\/sxflightcase.com\/th\/","logo":{"@type":"ImageObject","inLanguage":"pt-PT","@id":"https:\/\/sxflightcase.com\/th\/#\/schema\/logo\/image\/","url":"https:\/\/sxflightcase.com\/wp-content\/uploads\/2024\/04\/1713919036007.jpg","contentUrl":"https:\/\/sxflightcase.com\/wp-content\/uploads\/2024\/04\/1713919036007.jpg","width":382,"height":388,"caption":"sxpowercase.com"},"image":{"@id":"https:\/\/sxflightcase.com\/th\/#\/schema\/logo\/image\/"},"sameAs":["https:\/\/www.facebook.com\/profile.php?id=61560407257971"],"numberOfEmployees":{"@type":"QuantitativeValue","minValue":"11","maxValue":"50"}}]}},"_links":{"self":[{"href":"https:\/\/sxflightcase.com\/pt\/wp-json\/wp\/v2\/product\/4123","targetHints":{"allow":["GET"]}}],"collection":[{"href":"https:\/\/sxflightcase.com\/pt\/wp-json\/wp\/v2\/product"}],"about":[{"href":"https:\/\/sxflightcase.com\/pt\/wp-json\/wp\/v2\/types\/product"}],"replies":[{"embeddable":true,"href":"https:\/\/sxflightcase.com\/pt\/wp-json\/wp\/v2\/comments?post=4123"}],"version-history":[{"count":0,"href":"https:\/\/sxflightcase.com\/pt\/wp-json\/wp\/v2\/product\/4123\/revisions"}],"wp:featuredmedia":[{"embeddable":true,"href":"https:\/\/sxflightcase.com\/pt\/wp-json\/wp\/v2\/media\/4083"}],"wp:attachment":[{"href":"https:\/\/sxflightcase.com\/pt\/wp-json\/wp\/v2\/media?parent=4123"}],"wp:term":[{"taxonomy":"product_brand","embeddable":true,"href":"https:\/\/sxflightcase.com\/pt\/wp-json\/wp\/v2\/product_brand?post=4123"},{"taxonomy":"product_cat","embeddable":true,"href":"https:\/\/sxflightcase.com\/pt\/wp-json\/wp\/v2\/product_cat?post=4123"},{"taxonomy":"product_tag","embeddable":true,"href":"https:\/\/sxflightcase.com\/pt\/wp-json\/wp\/v2\/product_tag?post=4123"}],"curies":[{"name":"wp","href":"https:\/\/api.w.org\/{rel}","templated":true}]}}