{"id":4133,"date":"2024-08-16T08:34:13","date_gmt":"2024-08-16T07:34:13","guid":{"rendered":"https:\/\/sxpowercase.com\/?post_type=product&#038;p=4133"},"modified":"2024-08-16T08:34:14","modified_gmt":"2024-08-16T07:34:14","slug":"flight-case-corner-protectors-coa203","status":"publish","type":"product","link":"https:\/\/sxflightcase.com\/pt\/produto\/protectores-dos-cantos-da-mala-de-voo-coa203\/","title":{"rendered":"Protectores de cantos da mala de transporte COA203"},"content":{"rendered":"<h3>Protectores de canto dur\u00e1veis para malas de voo da SX<\/h3>\n<h4>Aumentar a seguran\u00e7a do equipamento com uma prote\u00e7\u00e3o fi\u00e1vel<\/h4>\n<p>Quando se trata de proteger o seu valioso equipamento, a qualidade \u00e9 importante. SX <strong>Protectores de canto da mala de transporte<\/strong> foram concebidos para dar \u00e0s suas malas a prote\u00e7\u00e3o duradoura de que necessitam durante o transporte e o armazenamento. Estes protectores de cantos s\u00e3o fabricados com materiais de alta qualidade, garantindo que o seu equipamento permanece seguro contra impactos, quedas e condi\u00e7\u00f5es adversas. Com os pre\u00e7os diretos de f\u00e1brica da SX, pode investir em prote\u00e7\u00e3o de primeira qualidade a um pre\u00e7o surpreendentemente baixo.<\/p>\n<h4>Constru\u00eddo para um desempenho pesado<\/h4>\n<p><a href=\"https:\/\/sxpowercase.com\/\" target=\"_blank\" rel=\"noopener\" title=\"SX\" data-wpil-monitor-id=\"669\">SX<\/a> <strong>Protectores de canto da mala de transporte<\/strong> s\u00e3o concebidos para lidar com ambientes exigentes, o que os torna ideais para profissionais em movimento. Desde m\u00fasicos em digress\u00e3o a t\u00e9cnicos audiovisuais, os nossos protectores oferecem uma prote\u00e7\u00e3o consistente e fi\u00e1vel. Fabricados de acordo com normas rigorosas, estes protectores oferecem uma qualidade em que pode confiar - sem inflacionar os seus custos.<\/p>\n<h4>Instala\u00e7\u00e3o f\u00e1cil para uma utiliza\u00e7\u00e3o vers\u00e1til<\/h4>\n<p>O nosso <strong>Protectores de canto da mala de transporte<\/strong> foram concebidos para uma instala\u00e7\u00e3o sem problemas, adaptando-se perfeitamente a v\u00e1rios tipos de malas. Quer esteja a atualizar as suas malas de viagem actuais ou a montar novas malas, os protectores SX oferecem o ajuste perfeito. Com um design de precis\u00e3o e elevada durabilidade, pode contar com eles para melhorar a fun\u00e7\u00e3o e o aspeto das suas malas.<\/p>\n<h4>Solu\u00e7\u00f5es acess\u00edveis e personaliz\u00e1veis<\/h4>\n<p>Na SX, compreendemos que casos diferentes t\u00eam necessidades diferentes. \u00c9 por isso que oferecemos uma gama de produtos personaliz\u00e1veis <strong>Protectores de canto da mala de transporte<\/strong> para corresponder \u00e0s suas necessidades espec\u00edficas. Com op\u00e7\u00f5es de tamanho, forma e acabamento, pode personalizar os seus protectores de cantos para se adaptarem perfeitamente ao seu equipamento. A nossa abordagem direta da f\u00e1brica garante que estas solu\u00e7\u00f5es est\u00e3o dispon\u00edveis a pre\u00e7os adequados ao seu or\u00e7amento.<\/p>\n<h4>Qualidade de confian\u00e7a, garantida<\/h4>\n<p>Quando se escolhe SX <strong>Protectores de canto da mala de transporte<\/strong>est\u00e1 a investir em qualidade que \u00e9 constru\u00edda para durar. Combinamos t\u00e9cnicas de fabrico avan\u00e7adas com controlos de qualidade rigorosos para garantir que os nossos produtos cumprem os padr\u00f5es mais elevados. Tem a tranquilidade de saber que as suas malas permanecer\u00e3o protegidas e, com os nossos pre\u00e7os competitivos, n\u00e3o ter\u00e1 de gastar demasiado.<\/p>\n<h4>A escolha do profissional<\/h4>\n<p>Os profissionais de todas as ind\u00fastrias confiam na SX para uma prote\u00e7\u00e3o fi\u00e1vel e rent\u00e1vel. A nossa <strong>Protetor de cantos da mala de transporte<\/strong>\u00a0s\u00e3o utilizados por equipas de eventos, equipas de log\u00edstica e profissionais de produ\u00e7\u00e3o em todo o mundo. Com a SX, est\u00e1 a escolher uma marca conhecida pela qualidade, durabilidade e valor imbat\u00edvel.<\/p>\n<h4>Ligue-se \u00e0 SX para obter as melhores ofertas<\/h4>\n<p>\u00c0 procura de produtos duradouros e econ\u00f3micos <strong>Protetor de cantos da mala de transporte<\/strong>? Entre em contacto com a SX hoje mesmo para explorar a nossa gama de produtos. Como um nome de confian\u00e7a em hardware de caixas de transporte, a SX \u00e9 a sua fonte de solu\u00e7\u00f5es que mant\u00eam o seu equipamento seguro, sem ultrapassar o or\u00e7amento.<\/p>\n<p>Contactar agora:<span style=\"color: #0000ff;\"><a style=\"color: #0000ff;\" href=\"https:\/\/sxpowercase.com\/contact-us\/\">https:\/\/sxpowercase.com\/<\/a><\/span><\/p>\n<p>Cat\u00e1logo de produtos de hardware\uff1a<span style=\"color: #3366ff;\"><a style=\"color: #3366ff;\" href=\"https:\/\/sxpowercase.com\/wp-content\/uploads\/2024\/07\/\u4e94\u91d1.pdf\">Cat\u00e1logo de acess\u00f3rios de ferragens<\/a><\/span><\/p>","protected":false},"excerpt":{"rendered":"<h3>Protectores de canto da mala de voo SX: Prote\u00e7\u00e3o Premium para o equipamento<\/h3>\n<p>Mantenha o seu equipamento seguro com os protectores de canto da mala de transporte dur\u00e1veis da SX. Fabricados com materiais de alta qualidade, proporcionam resist\u00eancia ao impacto e prote\u00e7\u00e3o fi\u00e1vel durante o transporte a pre\u00e7os diretos de f\u00e1brica.<\/p>\n<h3>Resistente, f\u00e1cil de instalar<\/h3>\n<p>Os protectores de cantos SX s\u00e3o concebidos para ambientes exigentes e oferecem uma instala\u00e7\u00e3o r\u00e1pida para todos os tipos de caixas. Proporcionam um desempenho robusto e um acabamento elegante para as suas caixas.<\/p>\n<h3>Solu\u00e7\u00f5es personaliz\u00e1veis e acess\u00edveis<\/h3>\n<p>Adapte os protectores de cantos da mala de voo SX \u00e0s suas necessidades com op\u00e7\u00f5es personaliz\u00e1veis de tamanho e acabamento. Desfrute de prote\u00e7\u00e3o de topo sem gastar muito, com a confian\u00e7a de profissionais de todo o mundo.<\/p>","protected":false},"featured_media":4085,"comment_status":"open","ping_status":"closed","template":"","meta":[],"product_brand":[],"product_cat":[63],"product_tag":[],"class_list":{"0":"post-4133","1":"product","2":"type-product","3":"status-publish","4":"has-post-thumbnail","6":"product_cat-corners","8":"first","9":"instock","10":"shipping-taxable","11":"product-type-simple"},"yoast_head":"<!-- This site is optimized with the Yoast SEO Premium plugin v27.1 (Yoast SEO v27.2) - https:\/\/yoast.com\/product\/yoast-seo-premium-wordpress\/ -->\n<title>Flight Case Corner Protectors COA203 - https:\/\/sxflightcase.com \ud83d\udc97<\/title>\n<meta name=\"description\" content=\"Flight case corner protectors, factory direct! Durable and high-quality edge protection for flight cases, ensuring reliable equipment safety during transport. Ideal for long-lasting use.\" \/>\n<meta name=\"robots\" content=\"index, follow, max-snippet:-1, max-image-preview:large, max-video-preview:-1\" \/>\n<link rel=\"canonical\" href=\"https:\/\/sxflightcase.com\/pt\/\uc81c\ud488\/\ud50c\ub77c\uc774\ud2b8-\ucf00\uc774\uc2a4-\ucf54\ub108-\ud504\ub85c\ud14d\ud130-coa203-2\/\" \/>\n<meta property=\"og:locale\" content=\"pt_PT\" \/>\n<meta property=\"og:type\" content=\"article\" \/>\n<meta property=\"og:title\" content=\"Flight Case Corner Protectors COA203\" \/>\n<meta property=\"og:description\" content=\"Flight case corner protectors, factory direct! Durable and high-quality edge protection for flight cases, ensuring reliable equipment safety during transport. Ideal for long-lasting use.\" \/>\n<meta property=\"og:url\" content=\"https:\/\/sxflightcase.com\/pt\/\uc81c\ud488\/\ud50c\ub77c\uc774\ud2b8-\ucf00\uc774\uc2a4-\ucf54\ub108-\ud504\ub85c\ud14d\ud130-coa203-2\/\" \/>\n<meta property=\"og:site_name\" content=\"https:\/\/sxflightcase.com\" \/>\n<meta property=\"article:publisher\" content=\"https:\/\/www.facebook.com\/profile.php?id=61560407257971\" \/>\n<meta property=\"article:modified_time\" content=\"2024-08-16T07:34:14+00:00\" \/>\n<meta property=\"og:image\" content=\"https:\/\/sxflightcase.com\/wp-content\/uploads\/2024\/08\/COA203.jpg\" \/>\n\t<meta property=\"og:image:width\" content=\"489\" \/>\n\t<meta property=\"og:image:height\" content=\"480\" \/>\n\t<meta property=\"og:image:type\" content=\"image\/jpeg\" \/>\n<meta name=\"twitter:card\" content=\"summary_large_image\" \/>\n<meta name=\"twitter:label1\" content=\"Tempo estimado de leitura\" \/>\n\t<meta name=\"twitter:data1\" content=\"3 minutos\" \/>\n<script type=\"application\/ld+json\" class=\"yoast-schema-graph\">{\"@context\":\"https:\/\/schema.org\",\"@graph\":[{\"@type\":\"WebPage\",\"@id\":\"https:\/\/sxflightcase.com\/ko\/\uc81c\ud488\/\ud50c\ub77c\uc774\ud2b8-\ucf00\uc774\uc2a4-\ucf54\ub108-\ud504\ub85c\ud14d\ud130-coa203-2\/\",\"url\":\"https:\/\/sxflightcase.com\/ko\/\uc81c\ud488\/\ud50c\ub77c\uc774\ud2b8-\ucf00\uc774\uc2a4-\ucf54\ub108-\ud504\ub85c\ud14d\ud130-coa203-2\/\",\"name\":\"Flight Case Corner Protectors COA203 - https:\/\/sxflightcase.com \ud83d\udc97\",\"isPartOf\":{\"@id\":\"https:\/\/sxflightcase.com\/th\/#website\"},\"primaryImageOfPage\":{\"@id\":\"https:\/\/sxflightcase.com\/ko\/\uc81c\ud488\/\ud50c\ub77c\uc774\ud2b8-\ucf00\uc774\uc2a4-\ucf54\ub108-\ud504\ub85c\ud14d\ud130-coa203-2\/#primaryimage\"},\"image\":{\"@id\":\"https:\/\/sxflightcase.com\/ko\/\uc81c\ud488\/\ud50c\ub77c\uc774\ud2b8-\ucf00\uc774\uc2a4-\ucf54\ub108-\ud504\ub85c\ud14d\ud130-coa203-2\/#primaryimage\"},\"thumbnailUrl\":\"https:\/\/sxflightcase.com\/wp-content\/uploads\/2024\/08\/COA203.jpg\",\"datePublished\":\"2024-08-16T07:34:13+00:00\",\"dateModified\":\"2024-08-16T07:34:14+00:00\",\"description\":\"Flight case corner protectors, factory direct! Durable and high-quality edge protection for flight cases, ensuring reliable equipment safety during transport. Ideal for long-lasting use.\",\"breadcrumb\":{\"@id\":\"https:\/\/sxflightcase.com\/ko\/\uc81c\ud488\/\ud50c\ub77c\uc774\ud2b8-\ucf00\uc774\uc2a4-\ucf54\ub108-\ud504\ub85c\ud14d\ud130-coa203-2\/#breadcrumb\"},\"inLanguage\":\"pt-PT\",\"potentialAction\":[{\"@type\":\"ReadAction\",\"target\":[\"https:\/\/sxflightcase.com\/ko\/\uc81c\ud488\/\ud50c\ub77c\uc774\ud2b8-\ucf00\uc774\uc2a4-\ucf54\ub108-\ud504\ub85c\ud14d\ud130-coa203-2\/\"]}]},{\"@type\":\"ImageObject\",\"inLanguage\":\"pt-PT\",\"@id\":\"https:\/\/sxflightcase.com\/ko\/\uc81c\ud488\/\ud50c\ub77c\uc774\ud2b8-\ucf00\uc774\uc2a4-\ucf54\ub108-\ud504\ub85c\ud14d\ud130-coa203-2\/#primaryimage\",\"url\":\"https:\/\/sxflightcase.com\/wp-content\/uploads\/2024\/08\/COA203.jpg\",\"contentUrl\":\"https:\/\/sxflightcase.com\/wp-content\/uploads\/2024\/08\/COA203.jpg\",\"width\":489,\"height\":480,\"caption\":\"Flight Case Corner Protectors\"},{\"@type\":\"BreadcrumbList\",\"@id\":\"https:\/\/sxflightcase.com\/ko\/\uc81c\ud488\/\ud50c\ub77c\uc774\ud2b8-\ucf00\uc774\uc2a4-\ucf54\ub108-\ud504\ub85c\ud14d\ud130-coa203-2\/#breadcrumb\",\"itemListElement\":[{\"@type\":\"ListItem\",\"position\":1,\"name\":\"Home\",\"item\":\"https:\/\/sxflightcase.com\/\"},{\"@type\":\"ListItem\",\"position\":2,\"name\":\"\u0e2a\u0e34\u0e19\u0e04\u0e49\u0e32\",\"item\":\"https:\/\/sxflightcase.com\/th\/shop\/\"},{\"@type\":\"ListItem\",\"position\":3,\"name\":\"Flight Case Corner Protectors COA203\"}]},{\"@type\":\"WebSite\",\"@id\":\"https:\/\/sxflightcase.com\/th\/#website\",\"url\":\"https:\/\/sxflightcase.com\/th\/\",\"name\":\"sxpowercase.com\",\"description\":\"Flight Case Factory\",\"publisher\":{\"@id\":\"https:\/\/sxflightcase.com\/th\/#organization\"},\"potentialAction\":[{\"@type\":\"SearchAction\",\"target\":{\"@type\":\"EntryPoint\",\"urlTemplate\":\"https:\/\/sxflightcase.com\/th\/?s={search_term_string}\"},\"query-input\":{\"@type\":\"PropertyValueSpecification\",\"valueRequired\":true,\"valueName\":\"search_term_string\"}}],\"inLanguage\":\"pt-PT\"},{\"@type\":\"Organization\",\"@id\":\"https:\/\/sxflightcase.com\/th\/#organization\",\"name\":\"sxpowercase.com\",\"url\":\"https:\/\/sxflightcase.com\/th\/\",\"logo\":{\"@type\":\"ImageObject\",\"inLanguage\":\"pt-PT\",\"@id\":\"https:\/\/sxflightcase.com\/th\/#\/schema\/logo\/image\/\",\"url\":\"https:\/\/sxflightcase.com\/wp-content\/uploads\/2024\/04\/1713919036007.jpg\",\"contentUrl\":\"https:\/\/sxflightcase.com\/wp-content\/uploads\/2024\/04\/1713919036007.jpg\",\"width\":382,\"height\":388,\"caption\":\"sxpowercase.com\"},\"image\":{\"@id\":\"https:\/\/sxflightcase.com\/th\/#\/schema\/logo\/image\/\"},\"sameAs\":[\"https:\/\/www.facebook.com\/profile.php?id=61560407257971\"],\"numberOfEmployees\":{\"@type\":\"QuantitativeValue\",\"minValue\":\"11\",\"maxValue\":\"50\"}}]}<\/script>\n<!-- \/ Yoast SEO Premium plugin. -->","yoast_head_json":{"title":"Flight Case Corner Protectors COA203 - https:\/\/sxflightcase.com \ud83d\udc97","description":"Protectores de canto para malas de transporte, diretos da f\u00e1brica! Prote\u00e7\u00e3o duradoura e de alta qualidade dos cantos das malas de transporte, garantindo uma seguran\u00e7a fi\u00e1vel do equipamento durante o transporte. Ideal para uma utiliza\u00e7\u00e3o duradoura.","robots":{"index":"index","follow":"follow","max-snippet":"max-snippet:-1","max-image-preview":"max-image-preview:large","max-video-preview":"max-video-preview:-1"},"canonical":"https:\/\/sxflightcase.com\/pt\/\uc81c\ud488\/\ud50c\ub77c\uc774\ud2b8-\ucf00\uc774\uc2a4-\ucf54\ub108-\ud504\ub85c\ud14d\ud130-coa203-2\/","og_locale":"pt_PT","og_type":"article","og_title":"Flight Case Corner Protectors COA203","og_description":"Flight case corner protectors, factory direct! Durable and high-quality edge protection for flight cases, ensuring reliable equipment safety during transport. Ideal for long-lasting use.","og_url":"https:\/\/sxflightcase.com\/pt\/\uc81c\ud488\/\ud50c\ub77c\uc774\ud2b8-\ucf00\uc774\uc2a4-\ucf54\ub108-\ud504\ub85c\ud14d\ud130-coa203-2\/","og_site_name":"https:\/\/sxflightcase.com","article_publisher":"https:\/\/www.facebook.com\/profile.php?id=61560407257971","article_modified_time":"2024-08-16T07:34:14+00:00","og_image":[{"width":489,"height":480,"url":"https:\/\/sxflightcase.com\/wp-content\/uploads\/2024\/08\/COA203.jpg","type":"image\/jpeg"}],"twitter_card":"summary_large_image","twitter_misc":{"Tempo estimado de leitura":"3 minutos"},"schema":{"@context":"https:\/\/schema.org","@graph":[{"@type":"WebPage","@id":"https:\/\/sxflightcase.com\/ko\/\uc81c\ud488\/\ud50c\ub77c\uc774\ud2b8-\ucf00\uc774\uc2a4-\ucf54\ub108-\ud504\ub85c\ud14d\ud130-coa203-2\/","url":"https:\/\/sxflightcase.com\/ko\/\uc81c\ud488\/\ud50c\ub77c\uc774\ud2b8-\ucf00\uc774\uc2a4-\ucf54\ub108-\ud504\ub85c\ud14d\ud130-coa203-2\/","name":"Flight Case Corner Protectors COA203 - https:\/\/sxflightcase.com \ud83d\udc97","isPartOf":{"@id":"https:\/\/sxflightcase.com\/th\/#website"},"primaryImageOfPage":{"@id":"https:\/\/sxflightcase.com\/ko\/\uc81c\ud488\/\ud50c\ub77c\uc774\ud2b8-\ucf00\uc774\uc2a4-\ucf54\ub108-\ud504\ub85c\ud14d\ud130-coa203-2\/#primaryimage"},"image":{"@id":"https:\/\/sxflightcase.com\/ko\/\uc81c\ud488\/\ud50c\ub77c\uc774\ud2b8-\ucf00\uc774\uc2a4-\ucf54\ub108-\ud504\ub85c\ud14d\ud130-coa203-2\/#primaryimage"},"thumbnailUrl":"https:\/\/sxflightcase.com\/wp-content\/uploads\/2024\/08\/COA203.jpg","datePublished":"2024-08-16T07:34:13+00:00","dateModified":"2024-08-16T07:34:14+00:00","description":"Protectores de canto para malas de transporte, diretos da f\u00e1brica! Prote\u00e7\u00e3o duradoura e de alta qualidade dos cantos das malas de transporte, garantindo uma seguran\u00e7a fi\u00e1vel do equipamento durante o transporte. Ideal para uma utiliza\u00e7\u00e3o duradoura.","breadcrumb":{"@id":"https:\/\/sxflightcase.com\/ko\/\uc81c\ud488\/\ud50c\ub77c\uc774\ud2b8-\ucf00\uc774\uc2a4-\ucf54\ub108-\ud504\ub85c\ud14d\ud130-coa203-2\/#breadcrumb"},"inLanguage":"pt-PT","potentialAction":[{"@type":"ReadAction","target":["https:\/\/sxflightcase.com\/ko\/\uc81c\ud488\/\ud50c\ub77c\uc774\ud2b8-\ucf00\uc774\uc2a4-\ucf54\ub108-\ud504\ub85c\ud14d\ud130-coa203-2\/"]}]},{"@type":"ImageObject","inLanguage":"pt-PT","@id":"https:\/\/sxflightcase.com\/ko\/\uc81c\ud488\/\ud50c\ub77c\uc774\ud2b8-\ucf00\uc774\uc2a4-\ucf54\ub108-\ud504\ub85c\ud14d\ud130-coa203-2\/#primaryimage","url":"https:\/\/sxflightcase.com\/wp-content\/uploads\/2024\/08\/COA203.jpg","contentUrl":"https:\/\/sxflightcase.com\/wp-content\/uploads\/2024\/08\/COA203.jpg","width":489,"height":480,"caption":"Flight Case Corner Protectors"},{"@type":"BreadcrumbList","@id":"https:\/\/sxflightcase.com\/ko\/\uc81c\ud488\/\ud50c\ub77c\uc774\ud2b8-\ucf00\uc774\uc2a4-\ucf54\ub108-\ud504\ub85c\ud14d\ud130-coa203-2\/#breadcrumb","itemListElement":[{"@type":"ListItem","position":1,"name":"Home","item":"https:\/\/sxflightcase.com\/"},{"@type":"ListItem","position":2,"name":"\u0e2a\u0e34\u0e19\u0e04\u0e49\u0e32","item":"https:\/\/sxflightcase.com\/th\/shop\/"},{"@type":"ListItem","position":3,"name":"Flight Case Corner Protectors COA203"}]},{"@type":"WebSite","@id":"https:\/\/sxflightcase.com\/th\/#website","url":"https:\/\/sxflightcase.com\/th\/","name":"sxpowercase.com","description":"F\u00e1brica de malas de voo","publisher":{"@id":"https:\/\/sxflightcase.com\/th\/#organization"},"potentialAction":[{"@type":"SearchAction","target":{"@type":"EntryPoint","urlTemplate":"https:\/\/sxflightcase.com\/th\/?s={search_term_string}"},"query-input":{"@type":"PropertyValueSpecification","valueRequired":true,"valueName":"search_term_string"}}],"inLanguage":"pt-PT"},{"@type":"Organization","@id":"https:\/\/sxflightcase.com\/th\/#organization","name":"sxpowercase.com","url":"https:\/\/sxflightcase.com\/th\/","logo":{"@type":"ImageObject","inLanguage":"pt-PT","@id":"https:\/\/sxflightcase.com\/th\/#\/schema\/logo\/image\/","url":"https:\/\/sxflightcase.com\/wp-content\/uploads\/2024\/04\/1713919036007.jpg","contentUrl":"https:\/\/sxflightcase.com\/wp-content\/uploads\/2024\/04\/1713919036007.jpg","width":382,"height":388,"caption":"sxpowercase.com"},"image":{"@id":"https:\/\/sxflightcase.com\/th\/#\/schema\/logo\/image\/"},"sameAs":["https:\/\/www.facebook.com\/profile.php?id=61560407257971"],"numberOfEmployees":{"@type":"QuantitativeValue","minValue":"11","maxValue":"50"}}]}},"_links":{"self":[{"href":"https:\/\/sxflightcase.com\/pt\/wp-json\/wp\/v2\/product\/4133","targetHints":{"allow":["GET"]}}],"collection":[{"href":"https:\/\/sxflightcase.com\/pt\/wp-json\/wp\/v2\/product"}],"about":[{"href":"https:\/\/sxflightcase.com\/pt\/wp-json\/wp\/v2\/types\/product"}],"replies":[{"embeddable":true,"href":"https:\/\/sxflightcase.com\/pt\/wp-json\/wp\/v2\/comments?post=4133"}],"version-history":[{"count":0,"href":"https:\/\/sxflightcase.com\/pt\/wp-json\/wp\/v2\/product\/4133\/revisions"}],"wp:featuredmedia":[{"embeddable":true,"href":"https:\/\/sxflightcase.com\/pt\/wp-json\/wp\/v2\/media\/4085"}],"wp:attachment":[{"href":"https:\/\/sxflightcase.com\/pt\/wp-json\/wp\/v2\/media?parent=4133"}],"wp:term":[{"taxonomy":"product_brand","embeddable":true,"href":"https:\/\/sxflightcase.com\/pt\/wp-json\/wp\/v2\/product_brand?post=4133"},{"taxonomy":"product_cat","embeddable":true,"href":"https:\/\/sxflightcase.com\/pt\/wp-json\/wp\/v2\/product_cat?post=4133"},{"taxonomy":"product_tag","embeddable":true,"href":"https:\/\/sxflightcase.com\/pt\/wp-json\/wp\/v2\/product_tag?post=4133"}],"curies":[{"name":"wp","href":"https:\/\/api.w.org\/{rel}","templated":true}]}}