{"id":4137,"date":"2024-08-16T08:42:52","date_gmt":"2024-08-16T07:42:52","guid":{"rendered":"https:\/\/sxpowercase.com\/?post_type=product&#038;p=4137"},"modified":"2024-08-16T08:43:20","modified_gmt":"2024-08-16T07:43:20","slug":"flight-case-corner-protector-coa205","status":"publish","type":"product","link":"https:\/\/sxflightcase.com\/pt\/produto\/protetor-de-cantos-da-mala-de-voo-coa205\/","title":{"rendered":"Protetor de cantos da mala de transporte COA205"},"content":{"rendered":"<h3>Protetor de cantos da mala de voo SX: Prote\u00e7\u00e3o m\u00e1xima do equipamento<\/h3>\n<h4>Defesa fi\u00e1vel para o seu equipamento<\/h4>\n<p>Quando se trata de proteger o seu valioso equipamento, confie na SX's <strong>Protetor de cantos da mala de transporte<\/strong>\u00a0para proporcionar uma prote\u00e7\u00e3o excecional. Estes protectores s\u00e3o especificamente concebidos para absorver choques e evitar danos durante o transporte. Ao escolher a SX, est\u00e1 a investir em qualidade de topo a pre\u00e7os diretos de f\u00e1brica, garantindo que o seu equipamento se mant\u00e9m em perfeitas condi\u00e7\u00f5es.<\/p>\n<h4>Concebido para ser dur\u00e1vel<\/h4>\n<p><a title=\"SX\" href=\"https:\/\/sxpowercase.com\/\" target=\"_blank\" rel=\"noopener\" data-wpil-monitor-id=\"671\">SX<\/a> <strong>Protetor de cantos da mala de transporte<\/strong>\u00a0s\u00e3o fabricados com materiais de alta qualidade que garantem uma durabilidade duradoura. Quer o seu equipamento seja carregado, descarregado ou manuseado de forma brusca, estes protectores foram concebidos para resistir a tudo. Proporcionam uma barreira robusta contra o desgaste da utiliza\u00e7\u00e3o frequente, tornando-os ideais para profissionais que exigem fiabilidade.<\/p>\n<h4>F\u00e1cil integra\u00e7\u00e3o com qualquer caso<\/h4>\n<p>Independentemente do tipo de mala de voo que estiver a utilizar, a SX <strong>Protetor de cantos da mala de transporte<\/strong>\u00a0oferecem um ajuste perfeito. O seu design universal facilita a instala\u00e7\u00e3o numa variedade de malas, melhorando a funcionalidade e o aspeto. Com a SX, obt\u00e9m o melhor de dois mundos - acessibilidade e versatilidade, assegurando simultaneamente a m\u00e1xima prote\u00e7\u00e3o do seu equipamento.<\/p>\n<h4>Op\u00e7\u00f5es personaliz\u00e1veis dispon\u00edveis<\/h4>\n<p>Na SX, compreendemos que cada profissional tem necessidades \u00fanicas. \u00c9 por isso que os nossos <strong>Protetor de cantos da mala de transporte<\/strong>\u00a0est\u00e3o dispon\u00edveis em op\u00e7\u00f5es personaliz\u00e1veis para se adequarem aos seus requisitos espec\u00edficos. Desde tamanhos diferentes a acabamentos \u00fanicos, a SX fornece solu\u00e7\u00f5es que se alinham com as suas especifica\u00e7\u00f5es exactas, mantendo os custos baixos atrav\u00e9s dos nossos pre\u00e7os diretos de f\u00e1brica.<\/p>\n<h4>Testado em termos de qualidade e desempenho<\/h4>\n<p>A garantia de qualidade est\u00e1 no centro de tudo o que fazemos na SX. Os nossos <strong>Protectores de canto da mala de transporte<\/strong> s\u00e3o submetidos a testes rigorosos para garantir que cumprem os mais elevados padr\u00f5es da ind\u00fastria. Este compromisso com a qualidade significa que pode confiar na SX para proteger o seu equipamento, sabendo que cada protetor \u00e9 fabricado com precis\u00e3o e cuidado.<\/p>\n<h4>A confian\u00e7a dos profissionais<\/h4>\n<p>A SX \u00e9 a marca de elei\u00e7\u00e3o dos especialistas da ind\u00fastria que necessitam de hardware fi\u00e1vel. Os nossos <strong>Protectores de canto da mala de transporte<\/strong> s\u00e3o amplamente utilizados em v\u00e1rios sectores, incluindo eventos ao vivo, radiodifus\u00e3o e digress\u00f5es. Os profissionais confiam na SX para fornecer solu\u00e7\u00f5es duradouras e de alta qualidade que mant\u00eam o seu equipamento seguro e protegido durante o transporte.<\/p>\n<h4>Prote\u00e7\u00e3o acess\u00edvel para o seu equipamento<\/h4>\n<p>Ofertas SX <strong>Protectores de canto da mala de transporte<\/strong> a pre\u00e7os competitivos, permitindo-lhe proteger o seu equipamento sem gastar muito. A nossa abordagem direta ao consumidor garante que recebe produtos de qualidade superior ao mais baixo custo poss\u00edvel. Contacte a SX hoje mesmo para saber mais sobre como o hardware das nossas malas de voo pode fornecer a prote\u00e7\u00e3o de que necessita, a pre\u00e7os que vai adorar.<\/p>\n<p>Contactar agora:<span style=\"color: #0000ff;\"><a style=\"color: #0000ff;\" href=\"https:\/\/sxpowercase.com\/contact-us\/\">https:\/\/sxpowercase.com\/<\/a><\/span><\/p>\n<p>Cat\u00e1logo de produtos de hardware\uff1a<span style=\"color: #3366ff;\"><a style=\"color: #3366ff;\" href=\"https:\/\/sxpowercase.com\/wp-content\/uploads\/2024\/07\/\u4e94\u91d1.pdf\">Cat\u00e1logo de acess\u00f3rios de ferragens<\/a><\/span><\/p>","protected":false},"excerpt":{"rendered":"<h3>Protectores de canto da mala de voo SX: Prote\u00e7\u00e3o fi\u00e1vel do equipamento<\/h3>\n<p>Proteja o seu equipamento com os protectores de canto da mala de transporte SX. Concebidos para absorver choques e evitar danos, oferecem uma prote\u00e7\u00e3o de alto n\u00edvel a pre\u00e7os de f\u00e1brica, garantindo a seguran\u00e7a do seu equipamento durante o transporte.<\/p>\n<h3>Dur\u00e1vel e f\u00e1cil de instalar<\/h3>\n<p>Constru\u00eddos com materiais de alta qualidade, os protectores de cantos SX s\u00e3o concebidos para uma utiliza\u00e7\u00e3o duradoura. O seu design universal facilita a sua integra\u00e7\u00e3o em qualquer mala de transporte, proporcionando uma prote\u00e7\u00e3o robusta e um aspeto elegante.<\/p>\n<h3>Op\u00e7\u00f5es personaliz\u00e1veis para as suas necessidades<\/h3>\n<p>A SX oferece protec\u00e7\u00f5es de canto personaliz\u00e1veis para malas de transporte em v\u00e1rios tamanhos e acabamentos. Obtenha solu\u00e7\u00f5es personalizadas que satisfazem os seus requisitos espec\u00edficos sem comprometer a acessibilidade, com a confian\u00e7a de profissionais de todo o mundo.<\/p>","protected":false},"featured_media":4087,"comment_status":"open","ping_status":"closed","template":"","meta":[],"product_brand":[],"product_cat":[63],"product_tag":[],"class_list":{"0":"post-4137","1":"product","2":"type-product","3":"status-publish","4":"has-post-thumbnail","6":"product_cat-corners","8":"first","9":"instock","10":"shipping-taxable","11":"product-type-simple"},"yoast_head":"<!-- This site is optimized with the Yoast SEO Premium plugin v27.1 (Yoast SEO v27.2) - https:\/\/yoast.com\/product\/yoast-seo-premium-wordpress\/ -->\n<title>Flight Case Corner Protector COA205 - https:\/\/sxflightcase.com \ud83d\udc97<\/title>\n<meta name=\"description\" content=\"Flight case corner protector, factory direct! High-quality, durable edge protection for flight cases. Safeguards equipment from impact during transport, ensuring long-lasting reliability.\" \/>\n<meta name=\"robots\" content=\"index, follow, max-snippet:-1, max-image-preview:large, max-video-preview:-1\" \/>\n<link rel=\"canonical\" href=\"https:\/\/sxflightcase.com\/pt\/produto\/protetor-de-cantos-da-mala-de-voo-coa205\/\" \/>\n<meta property=\"og:locale\" content=\"pt_PT\" \/>\n<meta property=\"og:type\" content=\"article\" \/>\n<meta property=\"og:title\" content=\"Flight Case Corner Protector COA205\" \/>\n<meta property=\"og:description\" content=\"Flight case corner protector, factory direct! High-quality, durable edge protection for flight cases. Safeguards equipment from impact during transport, ensuring long-lasting reliability.\" \/>\n<meta property=\"og:url\" content=\"https:\/\/sxflightcase.com\/pt\/produto\/protetor-de-cantos-da-mala-de-voo-coa205\/\" \/>\n<meta property=\"og:site_name\" content=\"https:\/\/sxflightcase.com\" \/>\n<meta property=\"article:publisher\" content=\"https:\/\/www.facebook.com\/profile.php?id=61560407257971\" \/>\n<meta property=\"article:modified_time\" content=\"2024-08-16T07:43:20+00:00\" \/>\n<meta property=\"og:image\" content=\"https:\/\/sxflightcase.com\/wp-content\/uploads\/2024\/08\/COA205.jpg\" \/>\n\t<meta property=\"og:image:width\" content=\"508\" \/>\n\t<meta property=\"og:image:height\" content=\"508\" \/>\n\t<meta property=\"og:image:type\" content=\"image\/jpeg\" \/>\n<meta name=\"twitter:card\" content=\"summary_large_image\" \/>\n<meta name=\"twitter:label1\" content=\"Tempo estimado de leitura\" \/>\n\t<meta name=\"twitter:data1\" content=\"3 minutos\" \/>\n<script type=\"application\/ld+json\" class=\"yoast-schema-graph\">{\"@context\":\"https:\/\/schema.org\",\"@graph\":[{\"@type\":\"WebPage\",\"@id\":\"https:\/\/sxflightcase.com\/product\/flight-case-corner-protector-coa205\/\",\"url\":\"https:\/\/sxflightcase.com\/product\/flight-case-corner-protector-coa205\/\",\"name\":\"Flight Case Corner Protector COA205 - https:\/\/sxflightcase.com \ud83d\udc97\",\"isPartOf\":{\"@id\":\"https:\/\/sxflightcase.com\/th\/#website\"},\"primaryImageOfPage\":{\"@id\":\"https:\/\/sxflightcase.com\/product\/flight-case-corner-protector-coa205\/#primaryimage\"},\"image\":{\"@id\":\"https:\/\/sxflightcase.com\/product\/flight-case-corner-protector-coa205\/#primaryimage\"},\"thumbnailUrl\":\"https:\/\/sxflightcase.com\/wp-content\/uploads\/2024\/08\/COA205.jpg\",\"datePublished\":\"2024-08-16T07:42:52+00:00\",\"dateModified\":\"2024-08-16T07:43:20+00:00\",\"description\":\"Flight case corner protector, factory direct! High-quality, durable edge protection for flight cases. Safeguards equipment from impact during transport, ensuring long-lasting reliability.\",\"breadcrumb\":{\"@id\":\"https:\/\/sxflightcase.com\/product\/flight-case-corner-protector-coa205\/#breadcrumb\"},\"inLanguage\":\"pt-PT\",\"potentialAction\":[{\"@type\":\"ReadAction\",\"target\":[\"https:\/\/sxflightcase.com\/product\/flight-case-corner-protector-coa205\/\"]}]},{\"@type\":\"ImageObject\",\"inLanguage\":\"pt-PT\",\"@id\":\"https:\/\/sxflightcase.com\/product\/flight-case-corner-protector-coa205\/#primaryimage\",\"url\":\"https:\/\/sxflightcase.com\/wp-content\/uploads\/2024\/08\/COA205.jpg\",\"contentUrl\":\"https:\/\/sxflightcase.com\/wp-content\/uploads\/2024\/08\/COA205.jpg\",\"width\":508,\"height\":508,\"caption\":\"Flight Case Corner Protector\"},{\"@type\":\"BreadcrumbList\",\"@id\":\"https:\/\/sxflightcase.com\/product\/flight-case-corner-protector-coa205\/#breadcrumb\",\"itemListElement\":[{\"@type\":\"ListItem\",\"position\":1,\"name\":\"Home\",\"item\":\"https:\/\/sxflightcase.com\/\"},{\"@type\":\"ListItem\",\"position\":2,\"name\":\"\u0e2a\u0e34\u0e19\u0e04\u0e49\u0e32\",\"item\":\"https:\/\/sxflightcase.com\/th\/shop\/\"},{\"@type\":\"ListItem\",\"position\":3,\"name\":\"Flight Case Corner Protector COA205\"}]},{\"@type\":\"WebSite\",\"@id\":\"https:\/\/sxflightcase.com\/th\/#website\",\"url\":\"https:\/\/sxflightcase.com\/th\/\",\"name\":\"sxpowercase.com\",\"description\":\"Flight Case Factory\",\"publisher\":{\"@id\":\"https:\/\/sxflightcase.com\/th\/#organization\"},\"potentialAction\":[{\"@type\":\"SearchAction\",\"target\":{\"@type\":\"EntryPoint\",\"urlTemplate\":\"https:\/\/sxflightcase.com\/th\/?s={search_term_string}\"},\"query-input\":{\"@type\":\"PropertyValueSpecification\",\"valueRequired\":true,\"valueName\":\"search_term_string\"}}],\"inLanguage\":\"pt-PT\"},{\"@type\":\"Organization\",\"@id\":\"https:\/\/sxflightcase.com\/th\/#organization\",\"name\":\"sxpowercase.com\",\"url\":\"https:\/\/sxflightcase.com\/th\/\",\"logo\":{\"@type\":\"ImageObject\",\"inLanguage\":\"pt-PT\",\"@id\":\"https:\/\/sxflightcase.com\/th\/#\/schema\/logo\/image\/\",\"url\":\"https:\/\/sxflightcase.com\/wp-content\/uploads\/2024\/04\/1713919036007.jpg\",\"contentUrl\":\"https:\/\/sxflightcase.com\/wp-content\/uploads\/2024\/04\/1713919036007.jpg\",\"width\":382,\"height\":388,\"caption\":\"sxpowercase.com\"},\"image\":{\"@id\":\"https:\/\/sxflightcase.com\/th\/#\/schema\/logo\/image\/\"},\"sameAs\":[\"https:\/\/www.facebook.com\/profile.php?id=61560407257971\"],\"numberOfEmployees\":{\"@type\":\"QuantitativeValue\",\"minValue\":\"11\",\"maxValue\":\"50\"}}]}<\/script>\n<!-- \/ Yoast SEO Premium plugin. -->","yoast_head_json":{"title":"Flight Case Corner Protector COA205 - https:\/\/sxflightcase.com \ud83d\udc97","description":"Protetor de cantos para malas de voo, direto da f\u00e1brica! Prote\u00e7\u00e3o duradoura e de alta qualidade dos cantos das malas de transporte. Protege o equipamento contra impactos durante o transporte, garantindo uma fiabilidade duradoura.","robots":{"index":"index","follow":"follow","max-snippet":"max-snippet:-1","max-image-preview":"max-image-preview:large","max-video-preview":"max-video-preview:-1"},"canonical":"https:\/\/sxflightcase.com\/pt\/produto\/protetor-de-cantos-da-mala-de-voo-coa205\/","og_locale":"pt_PT","og_type":"article","og_title":"Flight Case Corner Protector COA205","og_description":"Flight case corner protector, factory direct! High-quality, durable edge protection for flight cases. Safeguards equipment from impact during transport, ensuring long-lasting reliability.","og_url":"https:\/\/sxflightcase.com\/pt\/produto\/protetor-de-cantos-da-mala-de-voo-coa205\/","og_site_name":"https:\/\/sxflightcase.com","article_publisher":"https:\/\/www.facebook.com\/profile.php?id=61560407257971","article_modified_time":"2024-08-16T07:43:20+00:00","og_image":[{"width":508,"height":508,"url":"https:\/\/sxflightcase.com\/wp-content\/uploads\/2024\/08\/COA205.jpg","type":"image\/jpeg"}],"twitter_card":"summary_large_image","twitter_misc":{"Tempo estimado de leitura":"3 minutos"},"schema":{"@context":"https:\/\/schema.org","@graph":[{"@type":"WebPage","@id":"https:\/\/sxflightcase.com\/product\/flight-case-corner-protector-coa205\/","url":"https:\/\/sxflightcase.com\/product\/flight-case-corner-protector-coa205\/","name":"Flight Case Corner Protector COA205 - https:\/\/sxflightcase.com \ud83d\udc97","isPartOf":{"@id":"https:\/\/sxflightcase.com\/th\/#website"},"primaryImageOfPage":{"@id":"https:\/\/sxflightcase.com\/product\/flight-case-corner-protector-coa205\/#primaryimage"},"image":{"@id":"https:\/\/sxflightcase.com\/product\/flight-case-corner-protector-coa205\/#primaryimage"},"thumbnailUrl":"https:\/\/sxflightcase.com\/wp-content\/uploads\/2024\/08\/COA205.jpg","datePublished":"2024-08-16T07:42:52+00:00","dateModified":"2024-08-16T07:43:20+00:00","description":"Protetor de cantos para malas de voo, direto da f\u00e1brica! Prote\u00e7\u00e3o duradoura e de alta qualidade dos cantos das malas de transporte. Protege o equipamento contra impactos durante o transporte, garantindo uma fiabilidade duradoura.","breadcrumb":{"@id":"https:\/\/sxflightcase.com\/product\/flight-case-corner-protector-coa205\/#breadcrumb"},"inLanguage":"pt-PT","potentialAction":[{"@type":"ReadAction","target":["https:\/\/sxflightcase.com\/product\/flight-case-corner-protector-coa205\/"]}]},{"@type":"ImageObject","inLanguage":"pt-PT","@id":"https:\/\/sxflightcase.com\/product\/flight-case-corner-protector-coa205\/#primaryimage","url":"https:\/\/sxflightcase.com\/wp-content\/uploads\/2024\/08\/COA205.jpg","contentUrl":"https:\/\/sxflightcase.com\/wp-content\/uploads\/2024\/08\/COA205.jpg","width":508,"height":508,"caption":"Flight Case Corner Protector"},{"@type":"BreadcrumbList","@id":"https:\/\/sxflightcase.com\/product\/flight-case-corner-protector-coa205\/#breadcrumb","itemListElement":[{"@type":"ListItem","position":1,"name":"Home","item":"https:\/\/sxflightcase.com\/"},{"@type":"ListItem","position":2,"name":"\u0e2a\u0e34\u0e19\u0e04\u0e49\u0e32","item":"https:\/\/sxflightcase.com\/th\/shop\/"},{"@type":"ListItem","position":3,"name":"Flight Case Corner Protector COA205"}]},{"@type":"WebSite","@id":"https:\/\/sxflightcase.com\/th\/#website","url":"https:\/\/sxflightcase.com\/th\/","name":"sxpowercase.com","description":"F\u00e1brica de malas de voo","publisher":{"@id":"https:\/\/sxflightcase.com\/th\/#organization"},"potentialAction":[{"@type":"SearchAction","target":{"@type":"EntryPoint","urlTemplate":"https:\/\/sxflightcase.com\/th\/?s={search_term_string}"},"query-input":{"@type":"PropertyValueSpecification","valueRequired":true,"valueName":"search_term_string"}}],"inLanguage":"pt-PT"},{"@type":"Organization","@id":"https:\/\/sxflightcase.com\/th\/#organization","name":"sxpowercase.com","url":"https:\/\/sxflightcase.com\/th\/","logo":{"@type":"ImageObject","inLanguage":"pt-PT","@id":"https:\/\/sxflightcase.com\/th\/#\/schema\/logo\/image\/","url":"https:\/\/sxflightcase.com\/wp-content\/uploads\/2024\/04\/1713919036007.jpg","contentUrl":"https:\/\/sxflightcase.com\/wp-content\/uploads\/2024\/04\/1713919036007.jpg","width":382,"height":388,"caption":"sxpowercase.com"},"image":{"@id":"https:\/\/sxflightcase.com\/th\/#\/schema\/logo\/image\/"},"sameAs":["https:\/\/www.facebook.com\/profile.php?id=61560407257971"],"numberOfEmployees":{"@type":"QuantitativeValue","minValue":"11","maxValue":"50"}}]}},"_links":{"self":[{"href":"https:\/\/sxflightcase.com\/pt\/wp-json\/wp\/v2\/product\/4137","targetHints":{"allow":["GET"]}}],"collection":[{"href":"https:\/\/sxflightcase.com\/pt\/wp-json\/wp\/v2\/product"}],"about":[{"href":"https:\/\/sxflightcase.com\/pt\/wp-json\/wp\/v2\/types\/product"}],"replies":[{"embeddable":true,"href":"https:\/\/sxflightcase.com\/pt\/wp-json\/wp\/v2\/comments?post=4137"}],"version-history":[{"count":0,"href":"https:\/\/sxflightcase.com\/pt\/wp-json\/wp\/v2\/product\/4137\/revisions"}],"wp:featuredmedia":[{"embeddable":true,"href":"https:\/\/sxflightcase.com\/pt\/wp-json\/wp\/v2\/media\/4087"}],"wp:attachment":[{"href":"https:\/\/sxflightcase.com\/pt\/wp-json\/wp\/v2\/media?parent=4137"}],"wp:term":[{"taxonomy":"product_brand","embeddable":true,"href":"https:\/\/sxflightcase.com\/pt\/wp-json\/wp\/v2\/product_brand?post=4137"},{"taxonomy":"product_cat","embeddable":true,"href":"https:\/\/sxflightcase.com\/pt\/wp-json\/wp\/v2\/product_cat?post=4137"},{"taxonomy":"product_tag","embeddable":true,"href":"https:\/\/sxflightcase.com\/pt\/wp-json\/wp\/v2\/product_tag?post=4137"}],"curies":[{"name":"wp","href":"https:\/\/api.w.org\/{rel}","templated":true}]}}