{"id":4138,"date":"2024-08-16T08:45:16","date_gmt":"2024-08-16T07:45:16","guid":{"rendered":"https:\/\/sxpowercase.com\/?post_type=product&#038;p=4138"},"modified":"2024-08-16T08:45:17","modified_gmt":"2024-08-16T07:45:17","slug":"flight-case-corner-protector-coa301","status":"publish","type":"product","link":"https:\/\/sxflightcase.com\/pt\/produto\/protetor-de-cantos-da-mala-de-voo-coa301\/","title":{"rendered":"Protetor de cantos da mala de transporte COA301"},"content":{"rendered":"<h3>Protetor de cantos da mala de voo SX: Prote\u00e7\u00e3o duradoura e acess\u00edvel<\/h3>\n<h4>Prote\u00e7\u00e3o de alta qualidade para o seu equipamento<\/h4>\n<p>Quando se trata de proteger o seu equipamento durante o transporte, a SX <strong>Protetor de cantos da mala de transporte<\/strong>\u00a0s\u00e3o a escolha ideal. Concebidos para evitar amolgadelas, riscos e danos por impacto, estes protectores de cantos oferecem uma prote\u00e7\u00e3o robusta, garantindo que o seu equipamento permanece intacto. Com a SX, recebe um produto de qualidade superior apoiado por uma garantia de qualidade e pre\u00e7os diretos de f\u00e1brica.<\/p>\n<h4>Constru\u00eddo para ambientes dif\u00edceis<\/h4>\n<p>Fabricado com materiais robustos e resistentes ao impacto, <a href=\"https:\/\/sxpowercase.com\/\" target=\"_blank\" rel=\"noopener\" title=\"SX\" data-wpil-monitor-id=\"672\">SX<\/a> <strong>Protectores de canto da mala de transporte<\/strong> s\u00e3o concebidos para suportar condi\u00e7\u00f5es dif\u00edceis. Quer esteja a transportar equipamento \u00e1udio delicado ou ilumina\u00e7\u00e3o pesada, os nossos protectores de cantos proporcionam um desempenho fi\u00e1vel que resiste a uma utiliza\u00e7\u00e3o repetida. Proteja o seu investimento com a qualidade de topo da SX, mantendo os custos baixos.<\/p>\n<h4>Compatibilidade perfeita<\/h4>\n<p>SX <strong>Protectores de canto da mala de transporte<\/strong> foram concebidos para se integrarem sem problemas em v\u00e1rios modelos de malas. O seu design universal garante que, independentemente do estilo ou tamanho da sua capa, estes protectores encaixam perfeitamente. N\u00e3o s\u00f3 aumentam a longevidade das suas malas, como tamb\u00e9m melhoram o seu aspeto, oferecendo fun\u00e7\u00e3o e estilo.<\/p>\n<h4>Personaliza\u00e7\u00e3o para corresponder \u00e0s suas necessidades<\/h4>\n<p>Na SX, reconhecemos que diferentes aplica\u00e7\u00f5es requerem diferentes solu\u00e7\u00f5es. As nossas <strong>Protectores de canto da mala de transporte<\/strong> s\u00e3o fornecidos com op\u00e7\u00f5es personaliz\u00e1veis, desde escolhas de materiais a acabamentos de cores. Isto permite-lhe personalizar os seus protectores de acordo com as suas necessidades espec\u00edficas, garantindo uma correspond\u00eancia perfeita para o seu equipamento e beneficiando dos nossos baixos pre\u00e7os de f\u00e1brica.<\/p>\n<h4>Testado para fiabilidade<\/h4>\n<p>Todos os produtos SX passam por rigorosos processos de controlo de qualidade, e a nossa <strong>Protectores de canto da mala de transporte<\/strong> n\u00e3o s\u00e3o exce\u00e7\u00e3o. Cada protetor \u00e9 rigorosamente testado quanto \u00e0 resist\u00eancia, durabilidade e desempenho, garantindo que recebe um produto que cumpre as normas profissionais. Com a SX, pode ter a tranquilidade de saber que o seu equipamento est\u00e1 em boas m\u00e3os.<\/p>\n<h4>Amplamente confiado por profissionais<\/h4>\n<p>A SX \u00e9 conhecida na ind\u00fastria por fornecer solu\u00e7\u00f5es fi\u00e1veis e econ\u00f3micas. Os profissionais de digress\u00e3o, produ\u00e7\u00e3o e gest\u00e3o de eventos escolhem a SX <strong>Protectores de canto da mala de transporte<\/strong> para proteger o seu valioso equipamento. O nosso objetivo de fornecer produtos duradouros e acess\u00edveis fez de n\u00f3s a escolha preferida no mercado.<\/p>\n<h4>Excel\u00eancia a pre\u00e7os acess\u00edveis<\/h4>\n<p>N\u00e3o \u00e9 necess\u00e1rio comprometer a qualidade ou gastar uma fortuna para obter uma prote\u00e7\u00e3o fi\u00e1vel. O modelo direto ao consumidor da SX garante que recebe prote\u00e7\u00e3o de alta qualidade <strong>Protectores de canto da mala de transporte<\/strong> a pre\u00e7os imbat\u00edveis. Contacte a SX hoje mesmo e descubra como as nossas solu\u00e7\u00f5es podem proporcionar uma prote\u00e7\u00e3o superior ao seu equipamento por uma fra\u00e7\u00e3o do custo.<\/p>\n<p>Contactar agora:<span style=\"color: #0000ff;\"><a style=\"color: #0000ff;\" href=\"https:\/\/sxpowercase.com\/contact-us\/\">https:\/\/sxpowercase.com\/<\/a><\/span><\/p>\n<p>Cat\u00e1logo de produtos de hardware\uff1a<span style=\"color: #3366ff;\"><a style=\"color: #3366ff;\" href=\"https:\/\/sxpowercase.com\/wp-content\/uploads\/2024\/07\/\u4e94\u91d1.pdf\">Cat\u00e1logo de acess\u00f3rios de ferragens<\/a><\/span><\/p>","protected":false},"excerpt":{"rendered":"<h3>Protectores de canto da mala de voo SX: Prote\u00e7\u00e3o fi\u00e1vel do equipamento<\/h3>\n<p>Proteja o seu equipamento com os protectores de canto da mala de transporte SX. Concebidos para absorver choques e evitar danos, oferecem uma prote\u00e7\u00e3o de alto n\u00edvel a pre\u00e7os de f\u00e1brica, garantindo a seguran\u00e7a do seu equipamento durante o transporte.<\/p>\n<h3>Dur\u00e1vel e f\u00e1cil de instalar<\/h3>\n<p>Constru\u00eddos com materiais de alta qualidade, os protectores de cantos SX s\u00e3o concebidos para uma utiliza\u00e7\u00e3o duradoura. O seu design universal facilita a sua integra\u00e7\u00e3o em qualquer mala de transporte, proporcionando uma prote\u00e7\u00e3o robusta e um aspeto elegante.<\/p>\n<h3>Op\u00e7\u00f5es personaliz\u00e1veis para as suas necessidades<\/h3>\n<p>A SX oferece protec\u00e7\u00f5es de canto personaliz\u00e1veis para malas de transporte em v\u00e1rios tamanhos e acabamentos. Obtenha solu\u00e7\u00f5es personalizadas que satisfazem os seus requisitos espec\u00edficos sem comprometer a acessibilidade, com a confian\u00e7a de profissionais de todo o mundo.<\/p>","protected":false},"featured_media":4088,"comment_status":"open","ping_status":"closed","template":"","meta":[],"product_brand":[],"product_cat":[63],"product_tag":[],"class_list":{"0":"post-4138","1":"product","2":"type-product","3":"status-publish","4":"has-post-thumbnail","6":"product_cat-corners","8":"first","9":"instock","10":"shipping-taxable","11":"product-type-simple"},"yoast_head":"<!-- This site is optimized with the Yoast SEO Premium plugin v27.1 (Yoast SEO v27.2) - https:\/\/yoast.com\/product\/yoast-seo-premium-wordpress\/ -->\n<title>Flight Case Corner Protector COA301 - https:\/\/sxflightcase.com \ud83d\udc97<\/title>\n<meta name=\"description\" content=\"Flight case corner protector, factory direct! High-quality, durable edge protection for flight cases. Safeguards equipment from impact during transport, ensuring long-lasting reliability.\" \/>\n<meta name=\"robots\" content=\"index, follow, max-snippet:-1, max-image-preview:large, max-video-preview:-1\" \/>\n<link rel=\"canonical\" href=\"https:\/\/sxflightcase.com\/pt\/produto\/protetor-de-cantos-da-mala-de-voo-coa301\/\" \/>\n<meta property=\"og:locale\" content=\"pt_PT\" \/>\n<meta property=\"og:type\" content=\"article\" \/>\n<meta property=\"og:title\" content=\"Flight Case Corner Protector COA301\" \/>\n<meta property=\"og:description\" content=\"Flight case corner protector, factory direct! High-quality, durable edge protection for flight cases. Safeguards equipment from impact during transport, ensuring long-lasting reliability.\" \/>\n<meta property=\"og:url\" content=\"https:\/\/sxflightcase.com\/pt\/produto\/protetor-de-cantos-da-mala-de-voo-coa301\/\" \/>\n<meta property=\"og:site_name\" content=\"https:\/\/sxflightcase.com\" \/>\n<meta property=\"article:publisher\" content=\"https:\/\/www.facebook.com\/profile.php?id=61560407257971\" \/>\n<meta property=\"article:modified_time\" content=\"2024-08-16T07:45:17+00:00\" \/>\n<meta property=\"og:image\" content=\"https:\/\/sxflightcase.com\/wp-content\/uploads\/2024\/08\/COA301.jpg\" \/>\n\t<meta property=\"og:image:width\" content=\"253\" \/>\n\t<meta property=\"og:image:height\" content=\"235\" \/>\n\t<meta property=\"og:image:type\" content=\"image\/jpeg\" \/>\n<meta name=\"twitter:card\" content=\"summary_large_image\" \/>\n<meta name=\"twitter:label1\" content=\"Tempo estimado de leitura\" \/>\n\t<meta name=\"twitter:data1\" content=\"3 minutos\" \/>\n<script type=\"application\/ld+json\" class=\"yoast-schema-graph\">{\"@context\":\"https:\/\/schema.org\",\"@graph\":[{\"@type\":\"WebPage\",\"@id\":\"https:\/\/sxflightcase.com\/product\/flight-case-corner-protector-coa301\/\",\"url\":\"https:\/\/sxflightcase.com\/product\/flight-case-corner-protector-coa301\/\",\"name\":\"Flight Case Corner Protector COA301 - https:\/\/sxflightcase.com \ud83d\udc97\",\"isPartOf\":{\"@id\":\"https:\/\/sxflightcase.com\/th\/#website\"},\"primaryImageOfPage\":{\"@id\":\"https:\/\/sxflightcase.com\/product\/flight-case-corner-protector-coa301\/#primaryimage\"},\"image\":{\"@id\":\"https:\/\/sxflightcase.com\/product\/flight-case-corner-protector-coa301\/#primaryimage\"},\"thumbnailUrl\":\"https:\/\/sxflightcase.com\/wp-content\/uploads\/2024\/08\/COA301.jpg\",\"datePublished\":\"2024-08-16T07:45:16+00:00\",\"dateModified\":\"2024-08-16T07:45:17+00:00\",\"description\":\"Flight case corner protector, factory direct! High-quality, durable edge protection for flight cases. Safeguards equipment from impact during transport, ensuring long-lasting reliability.\",\"breadcrumb\":{\"@id\":\"https:\/\/sxflightcase.com\/product\/flight-case-corner-protector-coa301\/#breadcrumb\"},\"inLanguage\":\"pt-PT\",\"potentialAction\":[{\"@type\":\"ReadAction\",\"target\":[\"https:\/\/sxflightcase.com\/product\/flight-case-corner-protector-coa301\/\"]}]},{\"@type\":\"ImageObject\",\"inLanguage\":\"pt-PT\",\"@id\":\"https:\/\/sxflightcase.com\/product\/flight-case-corner-protector-coa301\/#primaryimage\",\"url\":\"https:\/\/sxflightcase.com\/wp-content\/uploads\/2024\/08\/COA301.jpg\",\"contentUrl\":\"https:\/\/sxflightcase.com\/wp-content\/uploads\/2024\/08\/COA301.jpg\",\"width\":253,\"height\":235,\"caption\":\"Flight Case Corner Protector\"},{\"@type\":\"BreadcrumbList\",\"@id\":\"https:\/\/sxflightcase.com\/product\/flight-case-corner-protector-coa301\/#breadcrumb\",\"itemListElement\":[{\"@type\":\"ListItem\",\"position\":1,\"name\":\"Home\",\"item\":\"https:\/\/sxflightcase.com\/\"},{\"@type\":\"ListItem\",\"position\":2,\"name\":\"\u0e2a\u0e34\u0e19\u0e04\u0e49\u0e32\",\"item\":\"https:\/\/sxflightcase.com\/th\/shop\/\"},{\"@type\":\"ListItem\",\"position\":3,\"name\":\"Flight Case Corner Protector COA301\"}]},{\"@type\":\"WebSite\",\"@id\":\"https:\/\/sxflightcase.com\/th\/#website\",\"url\":\"https:\/\/sxflightcase.com\/th\/\",\"name\":\"sxpowercase.com\",\"description\":\"Flight Case Factory\",\"publisher\":{\"@id\":\"https:\/\/sxflightcase.com\/th\/#organization\"},\"potentialAction\":[{\"@type\":\"SearchAction\",\"target\":{\"@type\":\"EntryPoint\",\"urlTemplate\":\"https:\/\/sxflightcase.com\/th\/?s={search_term_string}\"},\"query-input\":{\"@type\":\"PropertyValueSpecification\",\"valueRequired\":true,\"valueName\":\"search_term_string\"}}],\"inLanguage\":\"pt-PT\"},{\"@type\":\"Organization\",\"@id\":\"https:\/\/sxflightcase.com\/th\/#organization\",\"name\":\"sxpowercase.com\",\"url\":\"https:\/\/sxflightcase.com\/th\/\",\"logo\":{\"@type\":\"ImageObject\",\"inLanguage\":\"pt-PT\",\"@id\":\"https:\/\/sxflightcase.com\/th\/#\/schema\/logo\/image\/\",\"url\":\"https:\/\/sxflightcase.com\/wp-content\/uploads\/2024\/04\/1713919036007.jpg\",\"contentUrl\":\"https:\/\/sxflightcase.com\/wp-content\/uploads\/2024\/04\/1713919036007.jpg\",\"width\":382,\"height\":388,\"caption\":\"sxpowercase.com\"},\"image\":{\"@id\":\"https:\/\/sxflightcase.com\/th\/#\/schema\/logo\/image\/\"},\"sameAs\":[\"https:\/\/www.facebook.com\/profile.php?id=61560407257971\"],\"numberOfEmployees\":{\"@type\":\"QuantitativeValue\",\"minValue\":\"11\",\"maxValue\":\"50\"}}]}<\/script>\n<!-- \/ Yoast SEO Premium plugin. -->","yoast_head_json":{"title":"Flight Case Corner Protector COA301 - https:\/\/sxflightcase.com \ud83d\udc97","description":"Protetor de cantos para malas de voo, direto da f\u00e1brica! Prote\u00e7\u00e3o duradoura e de alta qualidade dos cantos das malas de transporte. Protege o equipamento contra impactos durante o transporte, garantindo uma fiabilidade duradoura.","robots":{"index":"index","follow":"follow","max-snippet":"max-snippet:-1","max-image-preview":"max-image-preview:large","max-video-preview":"max-video-preview:-1"},"canonical":"https:\/\/sxflightcase.com\/pt\/produto\/protetor-de-cantos-da-mala-de-voo-coa301\/","og_locale":"pt_PT","og_type":"article","og_title":"Flight Case Corner Protector COA301","og_description":"Flight case corner protector, factory direct! High-quality, durable edge protection for flight cases. Safeguards equipment from impact during transport, ensuring long-lasting reliability.","og_url":"https:\/\/sxflightcase.com\/pt\/produto\/protetor-de-cantos-da-mala-de-voo-coa301\/","og_site_name":"https:\/\/sxflightcase.com","article_publisher":"https:\/\/www.facebook.com\/profile.php?id=61560407257971","article_modified_time":"2024-08-16T07:45:17+00:00","og_image":[{"width":253,"height":235,"url":"https:\/\/sxflightcase.com\/wp-content\/uploads\/2024\/08\/COA301.jpg","type":"image\/jpeg"}],"twitter_card":"summary_large_image","twitter_misc":{"Tempo estimado de leitura":"3 minutos"},"schema":{"@context":"https:\/\/schema.org","@graph":[{"@type":"WebPage","@id":"https:\/\/sxflightcase.com\/product\/flight-case-corner-protector-coa301\/","url":"https:\/\/sxflightcase.com\/product\/flight-case-corner-protector-coa301\/","name":"Flight Case Corner Protector COA301 - https:\/\/sxflightcase.com \ud83d\udc97","isPartOf":{"@id":"https:\/\/sxflightcase.com\/th\/#website"},"primaryImageOfPage":{"@id":"https:\/\/sxflightcase.com\/product\/flight-case-corner-protector-coa301\/#primaryimage"},"image":{"@id":"https:\/\/sxflightcase.com\/product\/flight-case-corner-protector-coa301\/#primaryimage"},"thumbnailUrl":"https:\/\/sxflightcase.com\/wp-content\/uploads\/2024\/08\/COA301.jpg","datePublished":"2024-08-16T07:45:16+00:00","dateModified":"2024-08-16T07:45:17+00:00","description":"Protetor de cantos para malas de voo, direto da f\u00e1brica! Prote\u00e7\u00e3o duradoura e de alta qualidade dos cantos das malas de transporte. Protege o equipamento contra impactos durante o transporte, garantindo uma fiabilidade duradoura.","breadcrumb":{"@id":"https:\/\/sxflightcase.com\/product\/flight-case-corner-protector-coa301\/#breadcrumb"},"inLanguage":"pt-PT","potentialAction":[{"@type":"ReadAction","target":["https:\/\/sxflightcase.com\/product\/flight-case-corner-protector-coa301\/"]}]},{"@type":"ImageObject","inLanguage":"pt-PT","@id":"https:\/\/sxflightcase.com\/product\/flight-case-corner-protector-coa301\/#primaryimage","url":"https:\/\/sxflightcase.com\/wp-content\/uploads\/2024\/08\/COA301.jpg","contentUrl":"https:\/\/sxflightcase.com\/wp-content\/uploads\/2024\/08\/COA301.jpg","width":253,"height":235,"caption":"Flight Case Corner Protector"},{"@type":"BreadcrumbList","@id":"https:\/\/sxflightcase.com\/product\/flight-case-corner-protector-coa301\/#breadcrumb","itemListElement":[{"@type":"ListItem","position":1,"name":"Home","item":"https:\/\/sxflightcase.com\/"},{"@type":"ListItem","position":2,"name":"\u0e2a\u0e34\u0e19\u0e04\u0e49\u0e32","item":"https:\/\/sxflightcase.com\/th\/shop\/"},{"@type":"ListItem","position":3,"name":"Flight Case Corner Protector COA301"}]},{"@type":"WebSite","@id":"https:\/\/sxflightcase.com\/th\/#website","url":"https:\/\/sxflightcase.com\/th\/","name":"sxpowercase.com","description":"F\u00e1brica de malas de voo","publisher":{"@id":"https:\/\/sxflightcase.com\/th\/#organization"},"potentialAction":[{"@type":"SearchAction","target":{"@type":"EntryPoint","urlTemplate":"https:\/\/sxflightcase.com\/th\/?s={search_term_string}"},"query-input":{"@type":"PropertyValueSpecification","valueRequired":true,"valueName":"search_term_string"}}],"inLanguage":"pt-PT"},{"@type":"Organization","@id":"https:\/\/sxflightcase.com\/th\/#organization","name":"sxpowercase.com","url":"https:\/\/sxflightcase.com\/th\/","logo":{"@type":"ImageObject","inLanguage":"pt-PT","@id":"https:\/\/sxflightcase.com\/th\/#\/schema\/logo\/image\/","url":"https:\/\/sxflightcase.com\/wp-content\/uploads\/2024\/04\/1713919036007.jpg","contentUrl":"https:\/\/sxflightcase.com\/wp-content\/uploads\/2024\/04\/1713919036007.jpg","width":382,"height":388,"caption":"sxpowercase.com"},"image":{"@id":"https:\/\/sxflightcase.com\/th\/#\/schema\/logo\/image\/"},"sameAs":["https:\/\/www.facebook.com\/profile.php?id=61560407257971"],"numberOfEmployees":{"@type":"QuantitativeValue","minValue":"11","maxValue":"50"}}]}},"_links":{"self":[{"href":"https:\/\/sxflightcase.com\/pt\/wp-json\/wp\/v2\/product\/4138","targetHints":{"allow":["GET"]}}],"collection":[{"href":"https:\/\/sxflightcase.com\/pt\/wp-json\/wp\/v2\/product"}],"about":[{"href":"https:\/\/sxflightcase.com\/pt\/wp-json\/wp\/v2\/types\/product"}],"replies":[{"embeddable":true,"href":"https:\/\/sxflightcase.com\/pt\/wp-json\/wp\/v2\/comments?post=4138"}],"version-history":[{"count":0,"href":"https:\/\/sxflightcase.com\/pt\/wp-json\/wp\/v2\/product\/4138\/revisions"}],"wp:featuredmedia":[{"embeddable":true,"href":"https:\/\/sxflightcase.com\/pt\/wp-json\/wp\/v2\/media\/4088"}],"wp:attachment":[{"href":"https:\/\/sxflightcase.com\/pt\/wp-json\/wp\/v2\/media?parent=4138"}],"wp:term":[{"taxonomy":"product_brand","embeddable":true,"href":"https:\/\/sxflightcase.com\/pt\/wp-json\/wp\/v2\/product_brand?post=4138"},{"taxonomy":"product_cat","embeddable":true,"href":"https:\/\/sxflightcase.com\/pt\/wp-json\/wp\/v2\/product_cat?post=4138"},{"taxonomy":"product_tag","embeddable":true,"href":"https:\/\/sxflightcase.com\/pt\/wp-json\/wp\/v2\/product_tag?post=4138"}],"curies":[{"name":"wp","href":"https:\/\/api.w.org\/{rel}","templated":true}]}}