{"id":4146,"date":"2024-08-20T07:50:17","date_gmt":"2024-08-20T06:50:17","guid":{"rendered":"https:\/\/sxpowercase.com\/?post_type=product&#038;p=4146"},"modified":"2024-08-20T07:54:35","modified_gmt":"2024-08-20T06:54:35","slug":"road-case-corner-protectors-coc501","status":"publish","type":"product","link":"https:\/\/sxflightcase.com\/pt\/produto\/protectores-de-cantos-para-malas-de-viagem-coc501\/","title":{"rendered":"Protectores de cantos da mala de viagem COC501"},"content":{"rendered":"<h3>Melhorar a prote\u00e7\u00e3o com os protectores de cantos SX Road Case<\/h3>\n<h4>Defesa fi\u00e1vel para o seu equipamento<\/h4>\n<p>Quando o seu equipamento tem de viajar, a prote\u00e7\u00e3o \u00e9 fundamental. A SX oferece <strong>Protectores de cantos da mala de viagem<\/strong> que foram concebidos para proteger as suas malas contra os fortes impactos do transporte. Estes protectores de cantos funcionam como uma primeira linha de defesa, assegurando que o seu valioso equipamento se mant\u00e9m a salvo de choques, quedas e manuseamento brusco.<\/p>\n<h4>Constru\u00eddo para durar com qualidade superior<\/h4>\n<p><a title=\"SX\" href=\"https:\/\/sxpowercase.com\/\" target=\"_blank\" rel=\"noopener\" data-wpil-monitor-id=\"675\">SX<\/a> compreende que a durabilidade \u00e9 uma necessidade em ambientes profissionais. \u00c9 por isso que os nossos <strong>Protectores de cantos da mala de viagem<\/strong> s\u00e3o fabricados com materiais de alta qualidade e resistentes ao impacto. Foram concebidos para suportar as exig\u00eancias de uma utiliza\u00e7\u00e3o constante, proporcionando-lhe uma prote\u00e7\u00e3o duradoura a um pre\u00e7o acess\u00edvel. Com a SX, obt\u00e9m pre\u00e7os diretos de f\u00e1brica, combinando qualidade e acessibilidade em cada compra.<\/p>\n<h4>F\u00e1cil de instalar e universalmente compat\u00edvel<\/h4>\n<p>O nosso <strong>Protectores de cantos da mala de viagem<\/strong> s\u00e3o concebidos para uma instala\u00e7\u00e3o f\u00e1cil, o que os torna uma escolha conveniente para profissionais que precisam de atualizar ou manter as suas malas. S\u00e3o compat\u00edveis com uma vasta gama de tamanhos e tipos de malas, garantindo que obt\u00e9m a prote\u00e7\u00e3o de que necessita sem problemas. O compromisso da SX com a qualidade garante que estes protectores n\u00e3o s\u00f3 se adaptam perfeitamente, como tamb\u00e9m proporcionam uma maior durabilidade.<\/p>\n<h4>Solu\u00e7\u00f5es personaliz\u00e1veis para necessidades \u00fanicas<\/h4>\n<p>Na SX, sabemos que cada caso tem requisitos diferentes. \u00c9 por isso que oferecemos op\u00e7\u00f5es personaliz\u00e1veis para os nossos <strong>Protectores de cantos da mala de viagem<\/strong>. Quer necessite de materiais, tamanhos ou acabamentos espec\u00edficos, a SX pode adaptar uma solu\u00e7\u00e3o que cumpra as suas especifica\u00e7\u00f5es exactas, mantendo os custos baixos atrav\u00e9s do nosso modelo direto da f\u00e1brica.<\/p>\n<h4>A confian\u00e7a dos profissionais de todos os sectores<\/h4>\n<p>SX's <strong>Protetor de cantos da mala de viagem<\/strong>\u00a0t\u00eam a confian\u00e7a de profissionais das ind\u00fastrias da m\u00fasica, do cinema e dos eventos ao vivo. Eles confiam nos nossos produtos para a prote\u00e7\u00e3o e longevidade do seu equipamento. Com a SX, est\u00e1 a escolher uma marca que valoriza a qualidade, a acessibilidade e a fiabilidade.<\/p>\n<h4>Pre\u00e7os competitivos com garantia de qualidade<\/h4>\n<p>Ofertas SX <strong>Protetor de cantos da mala de viagem<\/strong>\u00a0a pre\u00e7os competitivos, gra\u00e7as \u00e0 nossa abordagem de f\u00e1brica direta. Isto significa que obt\u00e9m componentes de alta qualidade sem a margem de lucro, facilitando a prote\u00e7\u00e3o das suas caixas e mantendo-se dentro do or\u00e7amento. A SX garante que todos os produtos cumprem normas rigorosas, proporcionando-lhe paz de esp\u00edrito em cada compra.<\/p>\n<h4>M\u00e1xima prote\u00e7\u00e3o a um custo m\u00ednimo<\/h4>\n<p>Quando se trata de proteger o seu valioso equipamento, a SX's <a href=\"https:\/\/sxpowercase.com\/product\/road-case-corner-cob401\/\"><strong>Protectores de cantos da mala de viagem<\/strong><\/a> proporcionam o equil\u00edbrio perfeito entre qualidade e acessibilidade. Confie na SX para fornecer produtos que resistem aos rigores da utiliza\u00e7\u00e3o profissional, oferecendo uma prote\u00e7\u00e3o superior a um pre\u00e7o dif\u00edcil de bater. Contacte-nos hoje para saber como os nossos protectores de cantos podem aumentar a durabilidade das suas malas de estrada.<\/p>\n<p>Contactar agora:<span style=\"color: #0000ff;\"><a style=\"color: #0000ff;\" href=\"https:\/\/sxpowercase.com\/contact-us\/\">https:\/\/sxpowercase.com\/<\/a><\/span><\/p>\n<p>Cat\u00e1logo de produtos de hardware\uff1a<span style=\"color: #3366ff;\"><a style=\"color: #3366ff;\" href=\"https:\/\/sxpowercase.com\/wp-content\/uploads\/2024\/07\/\u4e94\u91d1.pdf\">Cat\u00e1logo de acess\u00f3rios de ferragens<\/a><\/span><\/p>","protected":false},"excerpt":{"rendered":"<div class=\"flex max-w-full flex-col flex-grow\">\n<div class=\"\">\n<p>&nbsp;<\/p>\n<div class=\"flex w-full flex-col gap-1 empty:hidden first:pt-[3px]\">\n<div class=\"markdown prose w-full break-words dark:prose-invert light\">\n<h3>SX Road Case Corner Protectors: Ultimate Gear Defense<\/h3>\n<p>Safeguard your equipment during transport with SX Road Case Corner Protectors, designed to absorb harsh impacts and prevent damage. Get superior protection at factory-direct prices.<\/p>\n<h3>Built for Professional Durability<\/h3>\n<p>SX Corner Protectors are made from impact-resistant materials, ensuring your cases stay secure even with constant use. Enjoy long-lasting reliability without overspending.<\/p>\n<h3>Customizable Protection, Perfect Fit<\/h3>\n<p>SX offers customizable corner protectors to meet your specific needs. Easy to install and universally compatible, they provide tailored solutions for various case sizes and styles.<\/p>\n<\/div>\n<\/div>\n<\/div>\n<\/div>\n","protected":false},"featured_media":4091,"comment_status":"open","ping_status":"closed","template":"","meta":[],"product_brand":[],"product_cat":[63],"product_tag":[],"class_list":{"0":"post-4146","1":"product","2":"type-product","3":"status-publish","4":"has-post-thumbnail","6":"product_cat-corners","8":"first","9":"instock","10":"shipping-taxable","11":"product-type-simple"},"yoast_head":"<!-- This site is optimized with the Yoast SEO Premium plugin v27.1 (Yoast SEO v27.2) - https:\/\/yoast.com\/product\/yoast-seo-premium-wordpress\/ -->\n<title>Road Case Corner Protectors COC501 - https:\/\/sxflightcase.com \ud83d\udc97<\/title>\n<meta name=\"description\" content=\"Road case corner protectors, factory direct! High-quality, durable protection for case edges. Safeguards equipment during transport, ensuring long-lasting reliability for heavy-duty use.\" \/>\n<meta name=\"robots\" content=\"index, follow, max-snippet:-1, max-image-preview:large, max-video-preview:-1\" \/>\n<link rel=\"canonical\" href=\"https:\/\/sxflightcase.com\/pt\/\u0645\u0646\u062a\u062c\/\u0648\u0627\u0642\u064a\u0627\u062a-\u0632\u0648\u0627\u064a\u0627-\u062d\u0642\u064a\u0628\u0629-\u0627\u0644\u0637\u0631\u064a\u0642-coc501\/\" \/>\n<meta property=\"og:locale\" content=\"pt_PT\" \/>\n<meta property=\"og:type\" content=\"article\" \/>\n<meta property=\"og:title\" content=\"Road Case Corner Protectors COC501\" \/>\n<meta property=\"og:description\" content=\"Road case corner protectors, factory direct! High-quality, durable protection for case edges. Safeguards equipment during transport, ensuring long-lasting reliability for heavy-duty use.\" \/>\n<meta property=\"og:url\" content=\"https:\/\/sxflightcase.com\/pt\/\u0645\u0646\u062a\u062c\/\u0648\u0627\u0642\u064a\u0627\u062a-\u0632\u0648\u0627\u064a\u0627-\u062d\u0642\u064a\u0628\u0629-\u0627\u0644\u0637\u0631\u064a\u0642-coc501\/\" \/>\n<meta property=\"og:site_name\" content=\"https:\/\/sxflightcase.com\" \/>\n<meta property=\"article:publisher\" content=\"https:\/\/www.facebook.com\/profile.php?id=61560407257971\" \/>\n<meta property=\"article:modified_time\" content=\"2024-08-20T06:54:35+00:00\" \/>\n<meta property=\"og:image\" content=\"https:\/\/sxflightcase.com\/wp-content\/uploads\/2024\/08\/COC501.jpg\" \/>\n\t<meta property=\"og:image:width\" content=\"491\" \/>\n\t<meta property=\"og:image:height\" content=\"486\" \/>\n\t<meta property=\"og:image:type\" content=\"image\/jpeg\" \/>\n<meta name=\"twitter:card\" content=\"summary_large_image\" \/>\n<meta name=\"twitter:label1\" content=\"Tempo estimado de leitura\" \/>\n\t<meta name=\"twitter:data1\" content=\"3 minutos\" \/>\n<script type=\"application\/ld+json\" class=\"yoast-schema-graph\">{\"@context\":\"https:\/\/schema.org\",\"@graph\":[{\"@type\":\"WebPage\",\"@id\":\"https:\/\/sxflightcase.com\/ar\/\u0645\u0646\u062a\u062c\/\u0648\u0627\u0642\u064a\u0627\u062a-\u0632\u0648\u0627\u064a\u0627-\u062d\u0642\u064a\u0628\u0629-\u0627\u0644\u0637\u0631\u064a\u0642-coc501\/\",\"url\":\"https:\/\/sxflightcase.com\/ar\/\u0645\u0646\u062a\u062c\/\u0648\u0627\u0642\u064a\u0627\u062a-\u0632\u0648\u0627\u064a\u0627-\u062d\u0642\u064a\u0628\u0629-\u0627\u0644\u0637\u0631\u064a\u0642-coc501\/\",\"name\":\"Road Case Corner Protectors COC501 - https:\/\/sxflightcase.com \ud83d\udc97\",\"isPartOf\":{\"@id\":\"https:\/\/sxflightcase.com\/th\/#website\"},\"primaryImageOfPage\":{\"@id\":\"https:\/\/sxflightcase.com\/ar\/\u0645\u0646\u062a\u062c\/\u0648\u0627\u0642\u064a\u0627\u062a-\u0632\u0648\u0627\u064a\u0627-\u062d\u0642\u064a\u0628\u0629-\u0627\u0644\u0637\u0631\u064a\u0642-coc501\/#primaryimage\"},\"image\":{\"@id\":\"https:\/\/sxflightcase.com\/ar\/\u0645\u0646\u062a\u062c\/\u0648\u0627\u0642\u064a\u0627\u062a-\u0632\u0648\u0627\u064a\u0627-\u062d\u0642\u064a\u0628\u0629-\u0627\u0644\u0637\u0631\u064a\u0642-coc501\/#primaryimage\"},\"thumbnailUrl\":\"https:\/\/sxflightcase.com\/wp-content\/uploads\/2024\/08\/COC501.jpg\",\"datePublished\":\"2024-08-20T06:50:17+00:00\",\"dateModified\":\"2024-08-20T06:54:35+00:00\",\"description\":\"Road case corner protectors, factory direct! High-quality, durable protection for case edges. Safeguards equipment during transport, ensuring long-lasting reliability for heavy-duty use.\",\"breadcrumb\":{\"@id\":\"https:\/\/sxflightcase.com\/ar\/\u0645\u0646\u062a\u062c\/\u0648\u0627\u0642\u064a\u0627\u062a-\u0632\u0648\u0627\u064a\u0627-\u062d\u0642\u064a\u0628\u0629-\u0627\u0644\u0637\u0631\u064a\u0642-coc501\/#breadcrumb\"},\"inLanguage\":\"pt-PT\",\"potentialAction\":[{\"@type\":\"ReadAction\",\"target\":[\"https:\/\/sxflightcase.com\/ar\/\u0645\u0646\u062a\u062c\/\u0648\u0627\u0642\u064a\u0627\u062a-\u0632\u0648\u0627\u064a\u0627-\u062d\u0642\u064a\u0628\u0629-\u0627\u0644\u0637\u0631\u064a\u0642-coc501\/\"]}]},{\"@type\":\"ImageObject\",\"inLanguage\":\"pt-PT\",\"@id\":\"https:\/\/sxflightcase.com\/ar\/\u0645\u0646\u062a\u062c\/\u0648\u0627\u0642\u064a\u0627\u062a-\u0632\u0648\u0627\u064a\u0627-\u062d\u0642\u064a\u0628\u0629-\u0627\u0644\u0637\u0631\u064a\u0642-coc501\/#primaryimage\",\"url\":\"https:\/\/sxflightcase.com\/wp-content\/uploads\/2024\/08\/COC501.jpg\",\"contentUrl\":\"https:\/\/sxflightcase.com\/wp-content\/uploads\/2024\/08\/COC501.jpg\",\"width\":491,\"height\":486,\"caption\":\"Road Case Corner Protectors\"},{\"@type\":\"BreadcrumbList\",\"@id\":\"https:\/\/sxflightcase.com\/ar\/\u0645\u0646\u062a\u062c\/\u0648\u0627\u0642\u064a\u0627\u062a-\u0632\u0648\u0627\u064a\u0627-\u062d\u0642\u064a\u0628\u0629-\u0627\u0644\u0637\u0631\u064a\u0642-coc501\/#breadcrumb\",\"itemListElement\":[{\"@type\":\"ListItem\",\"position\":1,\"name\":\"Home\",\"item\":\"https:\/\/sxflightcase.com\/\"},{\"@type\":\"ListItem\",\"position\":2,\"name\":\"\u0e2a\u0e34\u0e19\u0e04\u0e49\u0e32\",\"item\":\"https:\/\/sxflightcase.com\/th\/shop\/\"},{\"@type\":\"ListItem\",\"position\":3,\"name\":\"Road Case Corner Protectors COC501\"}]},{\"@type\":\"WebSite\",\"@id\":\"https:\/\/sxflightcase.com\/th\/#website\",\"url\":\"https:\/\/sxflightcase.com\/th\/\",\"name\":\"sxpowercase.com\",\"description\":\"Flight Case Factory\",\"publisher\":{\"@id\":\"https:\/\/sxflightcase.com\/th\/#organization\"},\"potentialAction\":[{\"@type\":\"SearchAction\",\"target\":{\"@type\":\"EntryPoint\",\"urlTemplate\":\"https:\/\/sxflightcase.com\/th\/?s={search_term_string}\"},\"query-input\":{\"@type\":\"PropertyValueSpecification\",\"valueRequired\":true,\"valueName\":\"search_term_string\"}}],\"inLanguage\":\"pt-PT\"},{\"@type\":\"Organization\",\"@id\":\"https:\/\/sxflightcase.com\/th\/#organization\",\"name\":\"sxpowercase.com\",\"url\":\"https:\/\/sxflightcase.com\/th\/\",\"logo\":{\"@type\":\"ImageObject\",\"inLanguage\":\"pt-PT\",\"@id\":\"https:\/\/sxflightcase.com\/th\/#\/schema\/logo\/image\/\",\"url\":\"https:\/\/sxflightcase.com\/wp-content\/uploads\/2024\/04\/1713919036007.jpg\",\"contentUrl\":\"https:\/\/sxflightcase.com\/wp-content\/uploads\/2024\/04\/1713919036007.jpg\",\"width\":382,\"height\":388,\"caption\":\"sxpowercase.com\"},\"image\":{\"@id\":\"https:\/\/sxflightcase.com\/th\/#\/schema\/logo\/image\/\"},\"sameAs\":[\"https:\/\/www.facebook.com\/profile.php?id=61560407257971\"],\"numberOfEmployees\":{\"@type\":\"QuantitativeValue\",\"minValue\":\"11\",\"maxValue\":\"50\"}}]}<\/script>\n<!-- \/ Yoast SEO Premium plugin. -->","yoast_head_json":{"title":"Road Case Corner Protectors COC501 - https:\/\/sxflightcase.com \ud83d\udc97","description":"Protectores de canto para malas de estrada, diretos da f\u00e1brica! Prote\u00e7\u00e3o duradoura e de alta qualidade para os cantos das malas. Protege o equipamento durante o transporte, garantindo uma fiabilidade duradoura para uma utiliza\u00e7\u00e3o intensiva.","robots":{"index":"index","follow":"follow","max-snippet":"max-snippet:-1","max-image-preview":"max-image-preview:large","max-video-preview":"max-video-preview:-1"},"canonical":"https:\/\/sxflightcase.com\/pt\/\u0645\u0646\u062a\u062c\/\u0648\u0627\u0642\u064a\u0627\u062a-\u0632\u0648\u0627\u064a\u0627-\u062d\u0642\u064a\u0628\u0629-\u0627\u0644\u0637\u0631\u064a\u0642-coc501\/","og_locale":"pt_PT","og_type":"article","og_title":"Road Case Corner Protectors COC501","og_description":"Road case corner protectors, factory direct! High-quality, durable protection for case edges. Safeguards equipment during transport, ensuring long-lasting reliability for heavy-duty use.","og_url":"https:\/\/sxflightcase.com\/pt\/\u0645\u0646\u062a\u062c\/\u0648\u0627\u0642\u064a\u0627\u062a-\u0632\u0648\u0627\u064a\u0627-\u062d\u0642\u064a\u0628\u0629-\u0627\u0644\u0637\u0631\u064a\u0642-coc501\/","og_site_name":"https:\/\/sxflightcase.com","article_publisher":"https:\/\/www.facebook.com\/profile.php?id=61560407257971","article_modified_time":"2024-08-20T06:54:35+00:00","og_image":[{"width":491,"height":486,"url":"https:\/\/sxflightcase.com\/wp-content\/uploads\/2024\/08\/COC501.jpg","type":"image\/jpeg"}],"twitter_card":"summary_large_image","twitter_misc":{"Tempo estimado de leitura":"3 minutos"},"schema":{"@context":"https:\/\/schema.org","@graph":[{"@type":"WebPage","@id":"https:\/\/sxflightcase.com\/ar\/\u0645\u0646\u062a\u062c\/\u0648\u0627\u0642\u064a\u0627\u062a-\u0632\u0648\u0627\u064a\u0627-\u062d\u0642\u064a\u0628\u0629-\u0627\u0644\u0637\u0631\u064a\u0642-coc501\/","url":"https:\/\/sxflightcase.com\/ar\/\u0645\u0646\u062a\u062c\/\u0648\u0627\u0642\u064a\u0627\u062a-\u0632\u0648\u0627\u064a\u0627-\u062d\u0642\u064a\u0628\u0629-\u0627\u0644\u0637\u0631\u064a\u0642-coc501\/","name":"Road Case Corner Protectors COC501 - https:\/\/sxflightcase.com \ud83d\udc97","isPartOf":{"@id":"https:\/\/sxflightcase.com\/th\/#website"},"primaryImageOfPage":{"@id":"https:\/\/sxflightcase.com\/ar\/\u0645\u0646\u062a\u062c\/\u0648\u0627\u0642\u064a\u0627\u062a-\u0632\u0648\u0627\u064a\u0627-\u062d\u0642\u064a\u0628\u0629-\u0627\u0644\u0637\u0631\u064a\u0642-coc501\/#primaryimage"},"image":{"@id":"https:\/\/sxflightcase.com\/ar\/\u0645\u0646\u062a\u062c\/\u0648\u0627\u0642\u064a\u0627\u062a-\u0632\u0648\u0627\u064a\u0627-\u062d\u0642\u064a\u0628\u0629-\u0627\u0644\u0637\u0631\u064a\u0642-coc501\/#primaryimage"},"thumbnailUrl":"https:\/\/sxflightcase.com\/wp-content\/uploads\/2024\/08\/COC501.jpg","datePublished":"2024-08-20T06:50:17+00:00","dateModified":"2024-08-20T06:54:35+00:00","description":"Protectores de canto para malas de estrada, diretos da f\u00e1brica! Prote\u00e7\u00e3o duradoura e de alta qualidade para os cantos das malas. Protege o equipamento durante o transporte, garantindo uma fiabilidade duradoura para uma utiliza\u00e7\u00e3o intensiva.","breadcrumb":{"@id":"https:\/\/sxflightcase.com\/ar\/\u0645\u0646\u062a\u062c\/\u0648\u0627\u0642\u064a\u0627\u062a-\u0632\u0648\u0627\u064a\u0627-\u062d\u0642\u064a\u0628\u0629-\u0627\u0644\u0637\u0631\u064a\u0642-coc501\/#breadcrumb"},"inLanguage":"pt-PT","potentialAction":[{"@type":"ReadAction","target":["https:\/\/sxflightcase.com\/ar\/\u0645\u0646\u062a\u062c\/\u0648\u0627\u0642\u064a\u0627\u062a-\u0632\u0648\u0627\u064a\u0627-\u062d\u0642\u064a\u0628\u0629-\u0627\u0644\u0637\u0631\u064a\u0642-coc501\/"]}]},{"@type":"ImageObject","inLanguage":"pt-PT","@id":"https:\/\/sxflightcase.com\/ar\/\u0645\u0646\u062a\u062c\/\u0648\u0627\u0642\u064a\u0627\u062a-\u0632\u0648\u0627\u064a\u0627-\u062d\u0642\u064a\u0628\u0629-\u0627\u0644\u0637\u0631\u064a\u0642-coc501\/#primaryimage","url":"https:\/\/sxflightcase.com\/wp-content\/uploads\/2024\/08\/COC501.jpg","contentUrl":"https:\/\/sxflightcase.com\/wp-content\/uploads\/2024\/08\/COC501.jpg","width":491,"height":486,"caption":"Road Case Corner Protectors"},{"@type":"BreadcrumbList","@id":"https:\/\/sxflightcase.com\/ar\/\u0645\u0646\u062a\u062c\/\u0648\u0627\u0642\u064a\u0627\u062a-\u0632\u0648\u0627\u064a\u0627-\u062d\u0642\u064a\u0628\u0629-\u0627\u0644\u0637\u0631\u064a\u0642-coc501\/#breadcrumb","itemListElement":[{"@type":"ListItem","position":1,"name":"Home","item":"https:\/\/sxflightcase.com\/"},{"@type":"ListItem","position":2,"name":"\u0e2a\u0e34\u0e19\u0e04\u0e49\u0e32","item":"https:\/\/sxflightcase.com\/th\/shop\/"},{"@type":"ListItem","position":3,"name":"Road Case Corner Protectors COC501"}]},{"@type":"WebSite","@id":"https:\/\/sxflightcase.com\/th\/#website","url":"https:\/\/sxflightcase.com\/th\/","name":"sxpowercase.com","description":"F\u00e1brica de malas de voo","publisher":{"@id":"https:\/\/sxflightcase.com\/th\/#organization"},"potentialAction":[{"@type":"SearchAction","target":{"@type":"EntryPoint","urlTemplate":"https:\/\/sxflightcase.com\/th\/?s={search_term_string}"},"query-input":{"@type":"PropertyValueSpecification","valueRequired":true,"valueName":"search_term_string"}}],"inLanguage":"pt-PT"},{"@type":"Organization","@id":"https:\/\/sxflightcase.com\/th\/#organization","name":"sxpowercase.com","url":"https:\/\/sxflightcase.com\/th\/","logo":{"@type":"ImageObject","inLanguage":"pt-PT","@id":"https:\/\/sxflightcase.com\/th\/#\/schema\/logo\/image\/","url":"https:\/\/sxflightcase.com\/wp-content\/uploads\/2024\/04\/1713919036007.jpg","contentUrl":"https:\/\/sxflightcase.com\/wp-content\/uploads\/2024\/04\/1713919036007.jpg","width":382,"height":388,"caption":"sxpowercase.com"},"image":{"@id":"https:\/\/sxflightcase.com\/th\/#\/schema\/logo\/image\/"},"sameAs":["https:\/\/www.facebook.com\/profile.php?id=61560407257971"],"numberOfEmployees":{"@type":"QuantitativeValue","minValue":"11","maxValue":"50"}}]}},"_links":{"self":[{"href":"https:\/\/sxflightcase.com\/pt\/wp-json\/wp\/v2\/product\/4146","targetHints":{"allow":["GET"]}}],"collection":[{"href":"https:\/\/sxflightcase.com\/pt\/wp-json\/wp\/v2\/product"}],"about":[{"href":"https:\/\/sxflightcase.com\/pt\/wp-json\/wp\/v2\/types\/product"}],"replies":[{"embeddable":true,"href":"https:\/\/sxflightcase.com\/pt\/wp-json\/wp\/v2\/comments?post=4146"}],"version-history":[{"count":0,"href":"https:\/\/sxflightcase.com\/pt\/wp-json\/wp\/v2\/product\/4146\/revisions"}],"wp:featuredmedia":[{"embeddable":true,"href":"https:\/\/sxflightcase.com\/pt\/wp-json\/wp\/v2\/media\/4091"}],"wp:attachment":[{"href":"https:\/\/sxflightcase.com\/pt\/wp-json\/wp\/v2\/media?parent=4146"}],"wp:term":[{"taxonomy":"product_brand","embeddable":true,"href":"https:\/\/sxflightcase.com\/pt\/wp-json\/wp\/v2\/product_brand?post=4146"},{"taxonomy":"product_cat","embeddable":true,"href":"https:\/\/sxflightcase.com\/pt\/wp-json\/wp\/v2\/product_cat?post=4146"},{"taxonomy":"product_tag","embeddable":true,"href":"https:\/\/sxflightcase.com\/pt\/wp-json\/wp\/v2\/product_tag?post=4146"}],"curies":[{"name":"wp","href":"https:\/\/api.w.org\/{rel}","templated":true}]}}