{"id":4147,"date":"2024-08-20T07:54:30","date_gmt":"2024-08-20T06:54:30","guid":{"rendered":"https:\/\/sxpowercase.com\/?post_type=product&#038;p=4147"},"modified":"2024-08-20T07:54:31","modified_gmt":"2024-08-20T06:54:31","slug":"road-case-corner-protectors-coc502","status":"publish","type":"product","link":"https:\/\/sxflightcase.com\/pt\/produto\/protectores-de-cantos-para-malas-de-estrada-coc502\/","title":{"rendered":"Protectores de cantos da mala de viagem COC502"},"content":{"rendered":"<h3>Mantenha o seu equipamento seguro com os protectores de cantos SX Road Case<\/h3>\n<h4>Prote\u00e7\u00e3o essencial para cada viagem<\/h4>\n<p>Quando se trata de proteger o seu valioso equipamento, os pequenos detalhes s\u00e3o importantes. A SX oferece <strong>Protectores de cantos da mala de viagem<\/strong> Concebidos para proporcionar uma barreira resistente e fi\u00e1vel contra os choques e os solavancos resultantes de viagens frequentes. Com estes protectores, o seu equipamento est\u00e1 seguro e as suas malas permanecem intactas, viagem ap\u00f3s viagem.<\/p>\n<h4>Constru\u00eddo para um desempenho pesado<\/h4>\n<p>SX's <strong>Protectores de cantos da mala de viagem<\/strong> s\u00e3o fabricados com materiais de primeira qualidade, concebidos para resistir a ambientes adversos e a uma utiliza\u00e7\u00e3o constante. Quer esteja a transportar equipamento para um concerto, um est\u00fadio ou um evento, estes protectores d\u00e3o \u00e0s suas caixas uma camada extra de durabilidade. O pre\u00e7o direto da f\u00e1brica garante que obt\u00e9m produtos de alta qualidade sem o custo elevado, facilitando a prote\u00e7\u00e3o do seu equipamento.<\/p>\n<h4>Instala\u00e7\u00e3o simples, m\u00e1xima efici\u00eancia<\/h4>\n<p>Instala\u00e7\u00e3o <a href=\"https:\/\/sxpowercase.com\/\" target=\"_blank\" rel=\"noopener\" title=\"SX\" data-wpil-monitor-id=\"676\">SX<\/a> <strong>Protectores de cantos da mala de viagem<\/strong> \u00e9 simples e r\u00e1pido. Estes protectores foram concebidos para serem universalmente compat\u00edveis com v\u00e1rios tipos e tamanhos de caixas. Esta adaptabilidade significa que pode melhorar a sua configura\u00e7\u00e3o existente ou personalizar novas caixas com um esfor\u00e7o m\u00ednimo. A SX orgulha-se de oferecer solu\u00e7\u00f5es que s\u00e3o f\u00e1ceis de implementar e que proporcionam valor e prote\u00e7\u00e3o a longo prazo.<\/p>\n<h4>Op\u00e7\u00f5es personalizadas adaptadas \u00e0s suas necessidades<\/h4>\n<p>Cada caso \u00e9 \u00fanico, e a SX compreende isso. Os nossos <strong>Protetor de cantos da mala de viagem<\/strong>\u00a0podem ser personalizados para corresponder aos seus requisitos espec\u00edficos, quer se trate do material, do tamanho ou do acabamento. Esta flexibilidade permite-lhe obter exatamente aquilo de que necessita, beneficiando simultaneamente do pre\u00e7o direto da f\u00e1brica da SX, que mant\u00e9m os custos baixos sem comprometer a qualidade.<\/p>\n<h4>Confian\u00e7a em ambientes profissionais<\/h4>\n<p>SX's <strong>Protectores de cantos da mala de viagem<\/strong> s\u00e3o utilizados por profissionais das ind\u00fastrias da m\u00fasica, entretenimento e AV. Eles confiam nos nossos produtos para proteger o seu equipamento durante o transporte, garantindo que tudo chega em perfeitas condi\u00e7\u00f5es. Quando escolhe a SX, est\u00e1 a escolher uma marca conhecida pela fiabilidade, valor e compromisso com a excel\u00eancia.<\/p>\n<h4>Prote\u00e7\u00e3o a pre\u00e7os acess\u00edveis com qualidade garantida<\/h4>\n<p>Gra\u00e7as ao modelo de vendas diretas da SX, os nossos <strong>Protetor de cantos da mala de viagem<\/strong>\u00a0t\u00eam um pre\u00e7o competitivo sem sacrificar a qualidade. Obt\u00e9m uma prote\u00e7\u00e3o robusta para o seu equipamento, mantendo as suas despesas sob controlo. Cada produto \u00e9 submetido a rigorosos controlos de qualidade, pelo que pode confiar no desempenho duradouro de cada compra.<\/p>\n<h4>Qualidade em que pode confiar a pre\u00e7os acess\u00edveis<\/h4>\n<p>Para uma prote\u00e7\u00e3o eficaz e de baixo custo, o SX's <a href=\"https:\/\/sxpowercase.com\/product\/road-case-corner-protectors-coc501\/\"><strong>Protectores de cantos da mala de viagem<\/strong><\/a> s\u00e3o a escolha inteligente. Os nossos protectores d\u00e3o-lhe a paz de esp\u00edrito que adv\u00e9m do facto de saber que o seu equipamento est\u00e1 a salvo de danos, ao mesmo tempo que desfruta de poupan\u00e7as significativas atrav\u00e9s do pre\u00e7o direto da f\u00e1brica. Confie na SX para fornecer solu\u00e7\u00f5es fi\u00e1veis e duradouras que satisfazem as suas necessidades profissionais.<\/p>\n<p>Contactar agora:<span style=\"color: #0000ff;\"><a style=\"color: #0000ff;\" href=\"https:\/\/sxpowercase.com\/contact-us\/\">https:\/\/sxpowercase.com\/<\/a><\/span><\/p>\n<p>Cat\u00e1logo de produtos de hardware\uff1a<span style=\"color: #3366ff;\"><a style=\"color: #3366ff;\" href=\"https:\/\/sxpowercase.com\/wp-content\/uploads\/2024\/07\/\u4e94\u91d1.pdf\">Cat\u00e1logo de acess\u00f3rios de ferragens<\/a><\/span><\/p>","protected":false},"excerpt":{"rendered":"<div class=\"flex max-w-full flex-col flex-grow\">\n<div class=\"\">\n<p>&nbsp;<\/p>\n<div class=\"flex w-full flex-col gap-1 empty:hidden first:pt-[3px]\">\n<div class=\"markdown prose w-full break-words dark:prose-invert light\">\n<h3>SX Road Case Corner Protectors: Ultimate Gear Defense<\/h3>\n<p>Safeguard your equipment during transport with SX Road Case Corner Protectors, designed to absorb harsh impacts and prevent damage. Get superior protection at factory-direct prices.<\/p>\n<h3>Built for Professional Durability<\/h3>\n<p>SX Corner Protectors are made from impact-resistant materials, ensuring your cases stay secure even with constant use. Enjoy long-lasting reliability without overspending.<\/p>\n<h3>Customizable Protection, Perfect Fit<\/h3>\n<p>SX offers customizable corner protectors to meet your specific needs. Easy to install and universally compatible, they provide tailored solutions for various case sizes and styles.<\/p>\n<\/div>\n<\/div>\n<\/div>\n<\/div>\n","protected":false},"featured_media":4092,"comment_status":"open","ping_status":"closed","template":"","meta":[],"product_brand":[],"product_cat":[63],"product_tag":[],"class_list":{"0":"post-4147","1":"product","2":"type-product","3":"status-publish","4":"has-post-thumbnail","6":"product_cat-corners","8":"first","9":"instock","10":"shipping-taxable","11":"product-type-simple"},"yoast_head":"<!-- This site is optimized with the Yoast SEO Premium plugin v27.1 (Yoast SEO v27.2) - https:\/\/yoast.com\/product\/yoast-seo-premium-wordpress\/ -->\n<title>Road Case Corner Protectors COC502 - https:\/\/sxflightcase.com \ud83d\udc97<\/title>\n<meta name=\"description\" content=\"Road case corner protectors, factory direct! High-quality, durable protection for case edges. Safeguards equipment during transport, ensuring long-lasting reliability for heavy-duty use.\" \/>\n<meta name=\"robots\" content=\"index, follow, max-snippet:-1, max-image-preview:large, max-video-preview:-1\" \/>\n<link rel=\"canonical\" href=\"https:\/\/sxflightcase.com\/pt\/\uc81c\ud488\/\ub85c\ub4dc-\ucf00\uc774\uc2a4-\ucf54\ub108-\ud504\ub85c\ud14d\ud130-coc502-2\/\" \/>\n<meta property=\"og:locale\" content=\"pt_PT\" \/>\n<meta property=\"og:type\" content=\"article\" \/>\n<meta property=\"og:title\" content=\"Road Case Corner Protectors COC502\" \/>\n<meta property=\"og:description\" content=\"Road case corner protectors, factory direct! High-quality, durable protection for case edges. Safeguards equipment during transport, ensuring long-lasting reliability for heavy-duty use.\" \/>\n<meta property=\"og:url\" content=\"https:\/\/sxflightcase.com\/pt\/\uc81c\ud488\/\ub85c\ub4dc-\ucf00\uc774\uc2a4-\ucf54\ub108-\ud504\ub85c\ud14d\ud130-coc502-2\/\" \/>\n<meta property=\"og:site_name\" content=\"https:\/\/sxflightcase.com\" \/>\n<meta property=\"article:publisher\" content=\"https:\/\/www.facebook.com\/profile.php?id=61560407257971\" \/>\n<meta property=\"article:modified_time\" content=\"2024-08-20T06:54:31+00:00\" \/>\n<meta property=\"og:image\" content=\"https:\/\/sxflightcase.com\/wp-content\/uploads\/2024\/08\/COC502.jpg\" \/>\n\t<meta property=\"og:image:width\" content=\"520\" \/>\n\t<meta property=\"og:image:height\" content=\"520\" \/>\n\t<meta property=\"og:image:type\" content=\"image\/jpeg\" \/>\n<meta name=\"twitter:card\" content=\"summary_large_image\" \/>\n<meta name=\"twitter:label1\" content=\"Tempo estimado de leitura\" \/>\n\t<meta name=\"twitter:data1\" content=\"3 minutos\" \/>\n<script type=\"application\/ld+json\" class=\"yoast-schema-graph\">{\"@context\":\"https:\/\/schema.org\",\"@graph\":[{\"@type\":\"WebPage\",\"@id\":\"https:\/\/sxflightcase.com\/ko\/\uc81c\ud488\/\ub85c\ub4dc-\ucf00\uc774\uc2a4-\ucf54\ub108-\ud504\ub85c\ud14d\ud130-coc502-2\/\",\"url\":\"https:\/\/sxflightcase.com\/ko\/\uc81c\ud488\/\ub85c\ub4dc-\ucf00\uc774\uc2a4-\ucf54\ub108-\ud504\ub85c\ud14d\ud130-coc502-2\/\",\"name\":\"Road Case Corner Protectors COC502 - https:\/\/sxflightcase.com \ud83d\udc97\",\"isPartOf\":{\"@id\":\"https:\/\/sxflightcase.com\/th\/#website\"},\"primaryImageOfPage\":{\"@id\":\"https:\/\/sxflightcase.com\/ko\/\uc81c\ud488\/\ub85c\ub4dc-\ucf00\uc774\uc2a4-\ucf54\ub108-\ud504\ub85c\ud14d\ud130-coc502-2\/#primaryimage\"},\"image\":{\"@id\":\"https:\/\/sxflightcase.com\/ko\/\uc81c\ud488\/\ub85c\ub4dc-\ucf00\uc774\uc2a4-\ucf54\ub108-\ud504\ub85c\ud14d\ud130-coc502-2\/#primaryimage\"},\"thumbnailUrl\":\"https:\/\/sxflightcase.com\/wp-content\/uploads\/2024\/08\/COC502.jpg\",\"datePublished\":\"2024-08-20T06:54:30+00:00\",\"dateModified\":\"2024-08-20T06:54:31+00:00\",\"description\":\"Road case corner protectors, factory direct! High-quality, durable protection for case edges. Safeguards equipment during transport, ensuring long-lasting reliability for heavy-duty use.\",\"breadcrumb\":{\"@id\":\"https:\/\/sxflightcase.com\/ko\/\uc81c\ud488\/\ub85c\ub4dc-\ucf00\uc774\uc2a4-\ucf54\ub108-\ud504\ub85c\ud14d\ud130-coc502-2\/#breadcrumb\"},\"inLanguage\":\"pt-PT\",\"potentialAction\":[{\"@type\":\"ReadAction\",\"target\":[\"https:\/\/sxflightcase.com\/ko\/\uc81c\ud488\/\ub85c\ub4dc-\ucf00\uc774\uc2a4-\ucf54\ub108-\ud504\ub85c\ud14d\ud130-coc502-2\/\"]}]},{\"@type\":\"ImageObject\",\"inLanguage\":\"pt-PT\",\"@id\":\"https:\/\/sxflightcase.com\/ko\/\uc81c\ud488\/\ub85c\ub4dc-\ucf00\uc774\uc2a4-\ucf54\ub108-\ud504\ub85c\ud14d\ud130-coc502-2\/#primaryimage\",\"url\":\"https:\/\/sxflightcase.com\/wp-content\/uploads\/2024\/08\/COC502.jpg\",\"contentUrl\":\"https:\/\/sxflightcase.com\/wp-content\/uploads\/2024\/08\/COC502.jpg\",\"width\":520,\"height\":520,\"caption\":\"Road Case Corner Protectors\"},{\"@type\":\"BreadcrumbList\",\"@id\":\"https:\/\/sxflightcase.com\/ko\/\uc81c\ud488\/\ub85c\ub4dc-\ucf00\uc774\uc2a4-\ucf54\ub108-\ud504\ub85c\ud14d\ud130-coc502-2\/#breadcrumb\",\"itemListElement\":[{\"@type\":\"ListItem\",\"position\":1,\"name\":\"Home\",\"item\":\"https:\/\/sxflightcase.com\/\"},{\"@type\":\"ListItem\",\"position\":2,\"name\":\"\u0e2a\u0e34\u0e19\u0e04\u0e49\u0e32\",\"item\":\"https:\/\/sxflightcase.com\/th\/shop\/\"},{\"@type\":\"ListItem\",\"position\":3,\"name\":\"Road Case Corner Protectors COC502\"}]},{\"@type\":\"WebSite\",\"@id\":\"https:\/\/sxflightcase.com\/th\/#website\",\"url\":\"https:\/\/sxflightcase.com\/th\/\",\"name\":\"sxpowercase.com\",\"description\":\"Flight Case Factory\",\"publisher\":{\"@id\":\"https:\/\/sxflightcase.com\/th\/#organization\"},\"potentialAction\":[{\"@type\":\"SearchAction\",\"target\":{\"@type\":\"EntryPoint\",\"urlTemplate\":\"https:\/\/sxflightcase.com\/th\/?s={search_term_string}\"},\"query-input\":{\"@type\":\"PropertyValueSpecification\",\"valueRequired\":true,\"valueName\":\"search_term_string\"}}],\"inLanguage\":\"pt-PT\"},{\"@type\":\"Organization\",\"@id\":\"https:\/\/sxflightcase.com\/th\/#organization\",\"name\":\"sxpowercase.com\",\"url\":\"https:\/\/sxflightcase.com\/th\/\",\"logo\":{\"@type\":\"ImageObject\",\"inLanguage\":\"pt-PT\",\"@id\":\"https:\/\/sxflightcase.com\/th\/#\/schema\/logo\/image\/\",\"url\":\"https:\/\/sxflightcase.com\/wp-content\/uploads\/2024\/04\/1713919036007.jpg\",\"contentUrl\":\"https:\/\/sxflightcase.com\/wp-content\/uploads\/2024\/04\/1713919036007.jpg\",\"width\":382,\"height\":388,\"caption\":\"sxpowercase.com\"},\"image\":{\"@id\":\"https:\/\/sxflightcase.com\/th\/#\/schema\/logo\/image\/\"},\"sameAs\":[\"https:\/\/www.facebook.com\/profile.php?id=61560407257971\"],\"numberOfEmployees\":{\"@type\":\"QuantitativeValue\",\"minValue\":\"11\",\"maxValue\":\"50\"}}]}<\/script>\n<!-- \/ Yoast SEO Premium plugin. -->","yoast_head_json":{"title":"Road Case Corner Protectors COC502 - https:\/\/sxflightcase.com \ud83d\udc97","description":"Protectores de canto para malas de estrada, diretos da f\u00e1brica! Prote\u00e7\u00e3o duradoura e de alta qualidade para os cantos das malas. Protege o equipamento durante o transporte, garantindo uma fiabilidade duradoura para uma utiliza\u00e7\u00e3o intensiva.","robots":{"index":"index","follow":"follow","max-snippet":"max-snippet:-1","max-image-preview":"max-image-preview:large","max-video-preview":"max-video-preview:-1"},"canonical":"https:\/\/sxflightcase.com\/pt\/\uc81c\ud488\/\ub85c\ub4dc-\ucf00\uc774\uc2a4-\ucf54\ub108-\ud504\ub85c\ud14d\ud130-coc502-2\/","og_locale":"pt_PT","og_type":"article","og_title":"Road Case Corner Protectors COC502","og_description":"Road case corner protectors, factory direct! High-quality, durable protection for case edges. Safeguards equipment during transport, ensuring long-lasting reliability for heavy-duty use.","og_url":"https:\/\/sxflightcase.com\/pt\/\uc81c\ud488\/\ub85c\ub4dc-\ucf00\uc774\uc2a4-\ucf54\ub108-\ud504\ub85c\ud14d\ud130-coc502-2\/","og_site_name":"https:\/\/sxflightcase.com","article_publisher":"https:\/\/www.facebook.com\/profile.php?id=61560407257971","article_modified_time":"2024-08-20T06:54:31+00:00","og_image":[{"width":520,"height":520,"url":"https:\/\/sxflightcase.com\/wp-content\/uploads\/2024\/08\/COC502.jpg","type":"image\/jpeg"}],"twitter_card":"summary_large_image","twitter_misc":{"Tempo estimado de leitura":"3 minutos"},"schema":{"@context":"https:\/\/schema.org","@graph":[{"@type":"WebPage","@id":"https:\/\/sxflightcase.com\/ko\/\uc81c\ud488\/\ub85c\ub4dc-\ucf00\uc774\uc2a4-\ucf54\ub108-\ud504\ub85c\ud14d\ud130-coc502-2\/","url":"https:\/\/sxflightcase.com\/ko\/\uc81c\ud488\/\ub85c\ub4dc-\ucf00\uc774\uc2a4-\ucf54\ub108-\ud504\ub85c\ud14d\ud130-coc502-2\/","name":"Road Case Corner Protectors COC502 - https:\/\/sxflightcase.com \ud83d\udc97","isPartOf":{"@id":"https:\/\/sxflightcase.com\/th\/#website"},"primaryImageOfPage":{"@id":"https:\/\/sxflightcase.com\/ko\/\uc81c\ud488\/\ub85c\ub4dc-\ucf00\uc774\uc2a4-\ucf54\ub108-\ud504\ub85c\ud14d\ud130-coc502-2\/#primaryimage"},"image":{"@id":"https:\/\/sxflightcase.com\/ko\/\uc81c\ud488\/\ub85c\ub4dc-\ucf00\uc774\uc2a4-\ucf54\ub108-\ud504\ub85c\ud14d\ud130-coc502-2\/#primaryimage"},"thumbnailUrl":"https:\/\/sxflightcase.com\/wp-content\/uploads\/2024\/08\/COC502.jpg","datePublished":"2024-08-20T06:54:30+00:00","dateModified":"2024-08-20T06:54:31+00:00","description":"Protectores de canto para malas de estrada, diretos da f\u00e1brica! Prote\u00e7\u00e3o duradoura e de alta qualidade para os cantos das malas. Protege o equipamento durante o transporte, garantindo uma fiabilidade duradoura para uma utiliza\u00e7\u00e3o intensiva.","breadcrumb":{"@id":"https:\/\/sxflightcase.com\/ko\/\uc81c\ud488\/\ub85c\ub4dc-\ucf00\uc774\uc2a4-\ucf54\ub108-\ud504\ub85c\ud14d\ud130-coc502-2\/#breadcrumb"},"inLanguage":"pt-PT","potentialAction":[{"@type":"ReadAction","target":["https:\/\/sxflightcase.com\/ko\/\uc81c\ud488\/\ub85c\ub4dc-\ucf00\uc774\uc2a4-\ucf54\ub108-\ud504\ub85c\ud14d\ud130-coc502-2\/"]}]},{"@type":"ImageObject","inLanguage":"pt-PT","@id":"https:\/\/sxflightcase.com\/ko\/\uc81c\ud488\/\ub85c\ub4dc-\ucf00\uc774\uc2a4-\ucf54\ub108-\ud504\ub85c\ud14d\ud130-coc502-2\/#primaryimage","url":"https:\/\/sxflightcase.com\/wp-content\/uploads\/2024\/08\/COC502.jpg","contentUrl":"https:\/\/sxflightcase.com\/wp-content\/uploads\/2024\/08\/COC502.jpg","width":520,"height":520,"caption":"Road Case Corner Protectors"},{"@type":"BreadcrumbList","@id":"https:\/\/sxflightcase.com\/ko\/\uc81c\ud488\/\ub85c\ub4dc-\ucf00\uc774\uc2a4-\ucf54\ub108-\ud504\ub85c\ud14d\ud130-coc502-2\/#breadcrumb","itemListElement":[{"@type":"ListItem","position":1,"name":"Home","item":"https:\/\/sxflightcase.com\/"},{"@type":"ListItem","position":2,"name":"\u0e2a\u0e34\u0e19\u0e04\u0e49\u0e32","item":"https:\/\/sxflightcase.com\/th\/shop\/"},{"@type":"ListItem","position":3,"name":"Road Case Corner Protectors COC502"}]},{"@type":"WebSite","@id":"https:\/\/sxflightcase.com\/th\/#website","url":"https:\/\/sxflightcase.com\/th\/","name":"sxpowercase.com","description":"F\u00e1brica de malas de voo","publisher":{"@id":"https:\/\/sxflightcase.com\/th\/#organization"},"potentialAction":[{"@type":"SearchAction","target":{"@type":"EntryPoint","urlTemplate":"https:\/\/sxflightcase.com\/th\/?s={search_term_string}"},"query-input":{"@type":"PropertyValueSpecification","valueRequired":true,"valueName":"search_term_string"}}],"inLanguage":"pt-PT"},{"@type":"Organization","@id":"https:\/\/sxflightcase.com\/th\/#organization","name":"sxpowercase.com","url":"https:\/\/sxflightcase.com\/th\/","logo":{"@type":"ImageObject","inLanguage":"pt-PT","@id":"https:\/\/sxflightcase.com\/th\/#\/schema\/logo\/image\/","url":"https:\/\/sxflightcase.com\/wp-content\/uploads\/2024\/04\/1713919036007.jpg","contentUrl":"https:\/\/sxflightcase.com\/wp-content\/uploads\/2024\/04\/1713919036007.jpg","width":382,"height":388,"caption":"sxpowercase.com"},"image":{"@id":"https:\/\/sxflightcase.com\/th\/#\/schema\/logo\/image\/"},"sameAs":["https:\/\/www.facebook.com\/profile.php?id=61560407257971"],"numberOfEmployees":{"@type":"QuantitativeValue","minValue":"11","maxValue":"50"}}]}},"_links":{"self":[{"href":"https:\/\/sxflightcase.com\/pt\/wp-json\/wp\/v2\/product\/4147","targetHints":{"allow":["GET"]}}],"collection":[{"href":"https:\/\/sxflightcase.com\/pt\/wp-json\/wp\/v2\/product"}],"about":[{"href":"https:\/\/sxflightcase.com\/pt\/wp-json\/wp\/v2\/types\/product"}],"replies":[{"embeddable":true,"href":"https:\/\/sxflightcase.com\/pt\/wp-json\/wp\/v2\/comments?post=4147"}],"version-history":[{"count":0,"href":"https:\/\/sxflightcase.com\/pt\/wp-json\/wp\/v2\/product\/4147\/revisions"}],"wp:featuredmedia":[{"embeddable":true,"href":"https:\/\/sxflightcase.com\/pt\/wp-json\/wp\/v2\/media\/4092"}],"wp:attachment":[{"href":"https:\/\/sxflightcase.com\/pt\/wp-json\/wp\/v2\/media?parent=4147"}],"wp:term":[{"taxonomy":"product_brand","embeddable":true,"href":"https:\/\/sxflightcase.com\/pt\/wp-json\/wp\/v2\/product_brand?post=4147"},{"taxonomy":"product_cat","embeddable":true,"href":"https:\/\/sxflightcase.com\/pt\/wp-json\/wp\/v2\/product_cat?post=4147"},{"taxonomy":"product_tag","embeddable":true,"href":"https:\/\/sxflightcase.com\/pt\/wp-json\/wp\/v2\/product_tag?post=4147"}],"curies":[{"name":"wp","href":"https:\/\/api.w.org\/{rel}","templated":true}]}}