{"id":4159,"date":"2024-08-21T07:29:02","date_gmt":"2024-08-21T06:29:02","guid":{"rendered":"https:\/\/sxpowercase.com\/?post_type=product&#038;p=4159"},"modified":"2024-08-21T07:43:43","modified_gmt":"2024-08-21T06:43:43","slug":"metal-corner-protector-coc602","status":"publish","type":"product","link":"https:\/\/sxflightcase.com\/pt\/produto\/protetor-de-cantos-metalico-coc602\/","title":{"rendered":"Protetor de cantos met\u00e1lico COC602"},"content":{"rendered":"<h3>Protetor de cantos em metal SX dur\u00e1vel para uma prote\u00e7\u00e3o superior da caixa<\/h3>\n<h4>Defesa fi\u00e1vel para o seu equipamento<\/h4>\n<p>Quando transporta equipamento valioso, a \u00faltima coisa que pretende \u00e9 que as suas caixas sofram danos. O SX <span style=\"color: #3366ff;\"><a style=\"color: #3366ff;\" href=\"https:\/\/sxpowercase.com\/product\/metal-corner-protector-coc601\/\"><strong>Protetor de cantos met\u00e1lico<\/strong><\/a><\/span> foi concebido para oferecer uma prote\u00e7\u00e3o de alto n\u00edvel, garantindo que as suas malas de voo e de estrada permanecem intactas mesmo em ambientes adversos. Com a SX, obt\u00e9m pre\u00e7os diretos de f\u00e1brica que proporcionam um valor imbat\u00edvel sem comprometer a qualidade.<\/p>\n<h4>Constru\u00eddo para ser resistente e dur\u00e1vel<\/h4>\n<p>O <a title=\"SX\" href=\"https:\/\/sxpowercase.com\/\" target=\"_blank\" rel=\"noopener\" data-wpil-monitor-id=\"680\">SX<\/a> <strong>Protectores de cantos met\u00e1licos<\/strong> s\u00e3o fabricados com materiais de alta qualidade que resistem a impactos, riscos e desgaste. Estes protectores foram concebidos para resistirem a um manuseamento dif\u00edcil, oferecendo a m\u00e1xima prote\u00e7\u00e3o a um pre\u00e7o econ\u00f3mico. Quer esteja a enviar equipamento para todo o pa\u00eds ou para diferentes eventos, estes protectores de cantos garantem que as suas caixas n\u00e3o sofrem danos, prolongando a sua vida \u00fatil.<\/p>\n<h4>F\u00e1cil de instalar, pronto a proteger<\/h4>\n<p>SX's <strong>Protectores de cantos met\u00e1licos<\/strong> s\u00e3o simples de instalar, o que os torna uma adi\u00e7\u00e3o f\u00e1cil a qualquer caixa. O design vers\u00e1til adapta-se a v\u00e1rios tipos de caixas, oferecendo flexibilidade para diferentes aplica\u00e7\u00f5es. Ao comprar diretamente ao fabricante, beneficia de produtos de alta qualidade e de baixo custo que s\u00e3o simultaneamente eficientes e duradouros.<\/p>\n<h4>Adaptado \u00e0s suas necessidades<\/h4>\n<p>Na SX, compreendemos que cada caso tem requisitos \u00fanicos. \u00c9 por isso que os nossos <strong>Protectores de cantos met\u00e1licos<\/strong> podem ser personalizados de acordo com as suas especifica\u00e7\u00f5es, garantindo um ajuste perfeito para as suas caixas. Quer necessite de um tamanho ou acabamento espec\u00edfico, as nossas op\u00e7\u00f5es diretas da f\u00e1brica tornam as solu\u00e7\u00f5es personalizadas acess\u00edveis e econ\u00f3micas.<\/p>\n<h4>A confian\u00e7a dos especialistas do sector<\/h4>\n<p>Os profissionais de sectores como o entretenimento, a produ\u00e7\u00e3o AV e a log\u00edstica confiam na SX para uma prote\u00e7\u00e3o fi\u00e1vel das malas. Os nossos <strong>Protectores de cantos met\u00e1licos<\/strong> s\u00e3o constru\u00eddos para suportar as exig\u00eancias do transporte frequente, oferecendo tranquilidade e fiabilidade. Com o objetivo de proporcionar um elevado desempenho a um pre\u00e7o direto da f\u00e1brica, a SX \u00e9 uma marca com a qual pode contar.<\/p>\n<h4>Prote\u00e7\u00e3o de alta qualidade a pre\u00e7os acess\u00edveis<\/h4>\n<p>Escolher a SX significa selecionar uma marca que combina qualidade e pre\u00e7o acess\u00edvel. Os nossos <strong>Protectores de cantos met\u00e1licos<\/strong> s\u00e3o rigorosamente testadas quanto \u00e0 sua resist\u00eancia e durabilidade, assegurando que cumprem os mais elevados padr\u00f5es e, ao mesmo tempo, s\u00e3o econ\u00f3micas. Com a nossa abordagem de venda direta, obt\u00e9m uma excelente prote\u00e7\u00e3o para as suas malas sem pagar demasiado.<\/p>\n<h4>Econ\u00f3mica e duradoura<\/h4>\n<p>Proteger as suas malas n\u00e3o deve ser dispendioso. SX <strong>Protectores de cantos met\u00e1licos<\/strong> proporcionam uma defesa dur\u00e1vel e de longa dura\u00e7\u00e3o a um pre\u00e7o competitivo. Com uma instala\u00e7\u00e3o f\u00e1cil e um desempenho fi\u00e1vel, s\u00e3o uma solu\u00e7\u00e3o econ\u00f3mica para proteger o seu valioso equipamento. Confie na SX para obter produtos de qualidade que proporcionam valor e fiabilidade.<\/p>\n<p>Contactar agora:<span style=\"color: #0000ff;\"><a style=\"color: #0000ff;\" href=\"https:\/\/sxpowercase.com\/contact-us\/\">https:\/\/sxpowercase.com\/<\/a><\/span><\/p>\n<p>Cat\u00e1logo de produtos de hardware\uff1a<span style=\"color: #3366ff;\"><a style=\"color: #3366ff;\" href=\"https:\/\/sxpowercase.com\/wp-content\/uploads\/2024\/07\/\u4e94\u91d1.pdf\">Cat\u00e1logo de acess\u00f3rios de ferragens<\/a><\/span><\/p>","protected":false},"excerpt":{"rendered":"<div class=\"flex max-w-full flex-col flex-grow\">\n<div class=\"min-h-[20px] text-message flex w-full flex-col items-end gap-2 break-words [.text-message+&amp;]:mt-5 overflow-x-auto whitespace-pre-wrap\" dir=\"auto\" data-message-author-role=\"assistant\" data-message-id=\"1065a7ee-4302-4017-b1b0-786dd3af75a9\">\n<div class=\"flex w-full flex-col gap-1 empty:hidden first:pt-[3px]\">\n<div class=\"markdown prose w-full break-words dark:prose-invert light\">\n<h3>SX Metal Corner Protector: Essential Defense for Your Gear<\/h3>\n<p>Protect your equipment from impacts with SX Metal Corner Protectors, offering top-tier durability and factory-direct pricing for unbeatable value.<\/p>\n<h3>Built for Tough Conditions<\/h3>\n<p>Engineered from premium materials, SX Metal Corner Protectors withstand rough handling and heavy use, ensuring your cases stay intact in any environment.<\/p>\n<h3>Customizable and Easy to Install<\/h3>\n<p>SX provides customizable options to fit your unique needs, with quick installation and universal compatibility that make upgrading your cases effortless.<\/p>\n<\/div>\n<\/div>\n<\/div>\n<\/div>\n","protected":false},"featured_media":4094,"comment_status":"open","ping_status":"closed","template":"","meta":[],"product_brand":[],"product_cat":[63],"product_tag":[],"class_list":{"0":"post-4159","1":"product","2":"type-product","3":"status-publish","4":"has-post-thumbnail","6":"product_cat-corners","8":"first","9":"instock","10":"shipping-taxable","11":"product-type-simple"},"yoast_head":"<!-- This site is optimized with the Yoast SEO Premium plugin v27.1 (Yoast SEO v27.2) - https:\/\/yoast.com\/product\/yoast-seo-premium-wordpress\/ -->\n<title>Metal Corner Protector COC602 - https:\/\/sxflightcase.com \ud83d\udc97<\/title>\n<meta name=\"description\" content=\"Metal corner protector, factory direct! High-quality, durable protection for case edges. Ideal for safeguarding against impact during transport, ensuring long-lasting reliability and safety.\" \/>\n<meta name=\"robots\" content=\"index, follow, max-snippet:-1, max-image-preview:large, max-video-preview:-1\" \/>\n<link rel=\"canonical\" href=\"https:\/\/sxflightcase.com\/pt\/san-pham\/metal-corner-protector-coc602\/\" \/>\n<meta property=\"og:locale\" content=\"pt_PT\" \/>\n<meta property=\"og:type\" content=\"article\" \/>\n<meta property=\"og:title\" content=\"Metal Corner Protector COC602\" \/>\n<meta property=\"og:description\" content=\"Metal corner protector, factory direct! High-quality, durable protection for case edges. Ideal for safeguarding against impact during transport, ensuring long-lasting reliability and safety.\" \/>\n<meta property=\"og:url\" content=\"https:\/\/sxflightcase.com\/pt\/san-pham\/metal-corner-protector-coc602\/\" \/>\n<meta property=\"og:site_name\" content=\"https:\/\/sxflightcase.com\" \/>\n<meta property=\"article:publisher\" content=\"https:\/\/www.facebook.com\/profile.php?id=61560407257971\" \/>\n<meta property=\"article:modified_time\" content=\"2024-08-21T06:43:43+00:00\" \/>\n<meta property=\"og:image\" content=\"https:\/\/sxflightcase.com\/wp-content\/uploads\/2024\/08\/COC602.jpg\" \/>\n\t<meta property=\"og:image:width\" content=\"520\" \/>\n\t<meta property=\"og:image:height\" content=\"558\" \/>\n\t<meta property=\"og:image:type\" content=\"image\/jpeg\" \/>\n<meta name=\"twitter:card\" content=\"summary_large_image\" \/>\n<meta name=\"twitter:label1\" content=\"Tempo estimado de leitura\" \/>\n\t<meta name=\"twitter:data1\" content=\"3 minutos\" \/>\n<script type=\"application\/ld+json\" class=\"yoast-schema-graph\">{\"@context\":\"https:\/\/schema.org\",\"@graph\":[{\"@type\":\"WebPage\",\"@id\":\"https:\/\/sxflightcase.com\/vi\/san-pham\/metal-corner-protector-coc602\/\",\"url\":\"https:\/\/sxflightcase.com\/vi\/san-pham\/metal-corner-protector-coc602\/\",\"name\":\"Metal Corner Protector COC602 - https:\/\/sxflightcase.com \ud83d\udc97\",\"isPartOf\":{\"@id\":\"https:\/\/sxflightcase.com\/th\/#website\"},\"primaryImageOfPage\":{\"@id\":\"https:\/\/sxflightcase.com\/vi\/san-pham\/metal-corner-protector-coc602\/#primaryimage\"},\"image\":{\"@id\":\"https:\/\/sxflightcase.com\/vi\/san-pham\/metal-corner-protector-coc602\/#primaryimage\"},\"thumbnailUrl\":\"https:\/\/sxflightcase.com\/wp-content\/uploads\/2024\/08\/COC602.jpg\",\"datePublished\":\"2024-08-21T06:29:02+00:00\",\"dateModified\":\"2024-08-21T06:43:43+00:00\",\"description\":\"Metal corner protector, factory direct! High-quality, durable protection for case edges. Ideal for safeguarding against impact during transport, ensuring long-lasting reliability and safety.\",\"breadcrumb\":{\"@id\":\"https:\/\/sxflightcase.com\/vi\/san-pham\/metal-corner-protector-coc602\/#breadcrumb\"},\"inLanguage\":\"pt-PT\",\"potentialAction\":[{\"@type\":\"ReadAction\",\"target\":[\"https:\/\/sxflightcase.com\/vi\/san-pham\/metal-corner-protector-coc602\/\"]}]},{\"@type\":\"ImageObject\",\"inLanguage\":\"pt-PT\",\"@id\":\"https:\/\/sxflightcase.com\/vi\/san-pham\/metal-corner-protector-coc602\/#primaryimage\",\"url\":\"https:\/\/sxflightcase.com\/wp-content\/uploads\/2024\/08\/COC602.jpg\",\"contentUrl\":\"https:\/\/sxflightcase.com\/wp-content\/uploads\/2024\/08\/COC602.jpg\",\"width\":520,\"height\":558,\"caption\":\"Metal Corner Protector\"},{\"@type\":\"BreadcrumbList\",\"@id\":\"https:\/\/sxflightcase.com\/vi\/san-pham\/metal-corner-protector-coc602\/#breadcrumb\",\"itemListElement\":[{\"@type\":\"ListItem\",\"position\":1,\"name\":\"Home\",\"item\":\"https:\/\/sxflightcase.com\/\"},{\"@type\":\"ListItem\",\"position\":2,\"name\":\"\u0e2a\u0e34\u0e19\u0e04\u0e49\u0e32\",\"item\":\"https:\/\/sxflightcase.com\/th\/shop\/\"},{\"@type\":\"ListItem\",\"position\":3,\"name\":\"Metal Corner Protector COC602\"}]},{\"@type\":\"WebSite\",\"@id\":\"https:\/\/sxflightcase.com\/th\/#website\",\"url\":\"https:\/\/sxflightcase.com\/th\/\",\"name\":\"sxpowercase.com\",\"description\":\"Flight Case Factory\",\"publisher\":{\"@id\":\"https:\/\/sxflightcase.com\/th\/#organization\"},\"potentialAction\":[{\"@type\":\"SearchAction\",\"target\":{\"@type\":\"EntryPoint\",\"urlTemplate\":\"https:\/\/sxflightcase.com\/th\/?s={search_term_string}\"},\"query-input\":{\"@type\":\"PropertyValueSpecification\",\"valueRequired\":true,\"valueName\":\"search_term_string\"}}],\"inLanguage\":\"pt-PT\"},{\"@type\":\"Organization\",\"@id\":\"https:\/\/sxflightcase.com\/th\/#organization\",\"name\":\"sxpowercase.com\",\"url\":\"https:\/\/sxflightcase.com\/th\/\",\"logo\":{\"@type\":\"ImageObject\",\"inLanguage\":\"pt-PT\",\"@id\":\"https:\/\/sxflightcase.com\/th\/#\/schema\/logo\/image\/\",\"url\":\"https:\/\/sxflightcase.com\/wp-content\/uploads\/2024\/04\/1713919036007.jpg\",\"contentUrl\":\"https:\/\/sxflightcase.com\/wp-content\/uploads\/2024\/04\/1713919036007.jpg\",\"width\":382,\"height\":388,\"caption\":\"sxpowercase.com\"},\"image\":{\"@id\":\"https:\/\/sxflightcase.com\/th\/#\/schema\/logo\/image\/\"},\"sameAs\":[\"https:\/\/www.facebook.com\/profile.php?id=61560407257971\"],\"numberOfEmployees\":{\"@type\":\"QuantitativeValue\",\"minValue\":\"11\",\"maxValue\":\"50\"}}]}<\/script>\n<!-- \/ Yoast SEO Premium plugin. -->","yoast_head_json":{"title":"Metal Corner Protector COC602 - https:\/\/sxflightcase.com \ud83d\udc97","description":"Protetor de cantos met\u00e1lico, direto da f\u00e1brica! Prote\u00e7\u00e3o duradoura e de alta qualidade para os cantos da mala. Ideal para proteger contra impactos durante o transporte, garantindo fiabilidade e seguran\u00e7a duradouras.","robots":{"index":"index","follow":"follow","max-snippet":"max-snippet:-1","max-image-preview":"max-image-preview:large","max-video-preview":"max-video-preview:-1"},"canonical":"https:\/\/sxflightcase.com\/pt\/san-pham\/metal-corner-protector-coc602\/","og_locale":"pt_PT","og_type":"article","og_title":"Metal Corner Protector COC602","og_description":"Metal corner protector, factory direct! High-quality, durable protection for case edges. Ideal for safeguarding against impact during transport, ensuring long-lasting reliability and safety.","og_url":"https:\/\/sxflightcase.com\/pt\/san-pham\/metal-corner-protector-coc602\/","og_site_name":"https:\/\/sxflightcase.com","article_publisher":"https:\/\/www.facebook.com\/profile.php?id=61560407257971","article_modified_time":"2024-08-21T06:43:43+00:00","og_image":[{"width":520,"height":558,"url":"https:\/\/sxflightcase.com\/wp-content\/uploads\/2024\/08\/COC602.jpg","type":"image\/jpeg"}],"twitter_card":"summary_large_image","twitter_misc":{"Tempo estimado de leitura":"3 minutos"},"schema":{"@context":"https:\/\/schema.org","@graph":[{"@type":"WebPage","@id":"https:\/\/sxflightcase.com\/vi\/san-pham\/metal-corner-protector-coc602\/","url":"https:\/\/sxflightcase.com\/vi\/san-pham\/metal-corner-protector-coc602\/","name":"Metal Corner Protector COC602 - https:\/\/sxflightcase.com \ud83d\udc97","isPartOf":{"@id":"https:\/\/sxflightcase.com\/th\/#website"},"primaryImageOfPage":{"@id":"https:\/\/sxflightcase.com\/vi\/san-pham\/metal-corner-protector-coc602\/#primaryimage"},"image":{"@id":"https:\/\/sxflightcase.com\/vi\/san-pham\/metal-corner-protector-coc602\/#primaryimage"},"thumbnailUrl":"https:\/\/sxflightcase.com\/wp-content\/uploads\/2024\/08\/COC602.jpg","datePublished":"2024-08-21T06:29:02+00:00","dateModified":"2024-08-21T06:43:43+00:00","description":"Protetor de cantos met\u00e1lico, direto da f\u00e1brica! Prote\u00e7\u00e3o duradoura e de alta qualidade para os cantos da mala. Ideal para proteger contra impactos durante o transporte, garantindo fiabilidade e seguran\u00e7a duradouras.","breadcrumb":{"@id":"https:\/\/sxflightcase.com\/vi\/san-pham\/metal-corner-protector-coc602\/#breadcrumb"},"inLanguage":"pt-PT","potentialAction":[{"@type":"ReadAction","target":["https:\/\/sxflightcase.com\/vi\/san-pham\/metal-corner-protector-coc602\/"]}]},{"@type":"ImageObject","inLanguage":"pt-PT","@id":"https:\/\/sxflightcase.com\/vi\/san-pham\/metal-corner-protector-coc602\/#primaryimage","url":"https:\/\/sxflightcase.com\/wp-content\/uploads\/2024\/08\/COC602.jpg","contentUrl":"https:\/\/sxflightcase.com\/wp-content\/uploads\/2024\/08\/COC602.jpg","width":520,"height":558,"caption":"Metal Corner Protector"},{"@type":"BreadcrumbList","@id":"https:\/\/sxflightcase.com\/vi\/san-pham\/metal-corner-protector-coc602\/#breadcrumb","itemListElement":[{"@type":"ListItem","position":1,"name":"Home","item":"https:\/\/sxflightcase.com\/"},{"@type":"ListItem","position":2,"name":"\u0e2a\u0e34\u0e19\u0e04\u0e49\u0e32","item":"https:\/\/sxflightcase.com\/th\/shop\/"},{"@type":"ListItem","position":3,"name":"Metal Corner Protector COC602"}]},{"@type":"WebSite","@id":"https:\/\/sxflightcase.com\/th\/#website","url":"https:\/\/sxflightcase.com\/th\/","name":"sxpowercase.com","description":"F\u00e1brica de malas de voo","publisher":{"@id":"https:\/\/sxflightcase.com\/th\/#organization"},"potentialAction":[{"@type":"SearchAction","target":{"@type":"EntryPoint","urlTemplate":"https:\/\/sxflightcase.com\/th\/?s={search_term_string}"},"query-input":{"@type":"PropertyValueSpecification","valueRequired":true,"valueName":"search_term_string"}}],"inLanguage":"pt-PT"},{"@type":"Organization","@id":"https:\/\/sxflightcase.com\/th\/#organization","name":"sxpowercase.com","url":"https:\/\/sxflightcase.com\/th\/","logo":{"@type":"ImageObject","inLanguage":"pt-PT","@id":"https:\/\/sxflightcase.com\/th\/#\/schema\/logo\/image\/","url":"https:\/\/sxflightcase.com\/wp-content\/uploads\/2024\/04\/1713919036007.jpg","contentUrl":"https:\/\/sxflightcase.com\/wp-content\/uploads\/2024\/04\/1713919036007.jpg","width":382,"height":388,"caption":"sxpowercase.com"},"image":{"@id":"https:\/\/sxflightcase.com\/th\/#\/schema\/logo\/image\/"},"sameAs":["https:\/\/www.facebook.com\/profile.php?id=61560407257971"],"numberOfEmployees":{"@type":"QuantitativeValue","minValue":"11","maxValue":"50"}}]}},"_links":{"self":[{"href":"https:\/\/sxflightcase.com\/pt\/wp-json\/wp\/v2\/product\/4159","targetHints":{"allow":["GET"]}}],"collection":[{"href":"https:\/\/sxflightcase.com\/pt\/wp-json\/wp\/v2\/product"}],"about":[{"href":"https:\/\/sxflightcase.com\/pt\/wp-json\/wp\/v2\/types\/product"}],"replies":[{"embeddable":true,"href":"https:\/\/sxflightcase.com\/pt\/wp-json\/wp\/v2\/comments?post=4159"}],"version-history":[{"count":0,"href":"https:\/\/sxflightcase.com\/pt\/wp-json\/wp\/v2\/product\/4159\/revisions"}],"wp:featuredmedia":[{"embeddable":true,"href":"https:\/\/sxflightcase.com\/pt\/wp-json\/wp\/v2\/media\/4094"}],"wp:attachment":[{"href":"https:\/\/sxflightcase.com\/pt\/wp-json\/wp\/v2\/media?parent=4159"}],"wp:term":[{"taxonomy":"product_brand","embeddable":true,"href":"https:\/\/sxflightcase.com\/pt\/wp-json\/wp\/v2\/product_brand?post=4159"},{"taxonomy":"product_cat","embeddable":true,"href":"https:\/\/sxflightcase.com\/pt\/wp-json\/wp\/v2\/product_cat?post=4159"},{"taxonomy":"product_tag","embeddable":true,"href":"https:\/\/sxflightcase.com\/pt\/wp-json\/wp\/v2\/product_tag?post=4159"}],"curies":[{"name":"wp","href":"https:\/\/api.w.org\/{rel}","templated":true}]}}