{"id":4160,"date":"2024-08-21T07:45:28","date_gmt":"2024-08-21T06:45:28","guid":{"rendered":"https:\/\/sxpowercase.com\/?post_type=product&#038;p=4160"},"modified":"2024-08-21T07:45:29","modified_gmt":"2024-08-21T06:45:29","slug":"metal-corner-protectors-coc701","status":"publish","type":"product","link":"https:\/\/sxflightcase.com\/pt\/produto\/protectores-de-cantos-metalicos-coc701\/","title":{"rendered":"Protectores de cantos met\u00e1licos COC701"},"content":{"rendered":"<h3>Prote\u00e7\u00e3o Premium com protectores de cantos em metal SX<\/h3>\n<h4>Proteja o seu equipamento com confian\u00e7a<\/h4>\n<p>O seu equipamento merece a melhor prote\u00e7\u00e3o, e a SX <span style=\"color: #3366ff;\"><a style=\"color: #3366ff;\" href=\"https:\/\/sxpowercase.com\/product\/metal-corner-protector-coc602\/\"><strong>Protectores de cantos met\u00e1licos<\/strong><\/a><\/span> foram concebidos para proporcionar exatamente isso. Concebidos para proteger as suas malas de voo e de estrada contra danos, estes protectores garantem a seguran\u00e7a do seu equipamento durante o transporte. Com pre\u00e7os diretos de f\u00e1brica, a SX oferece uma qualidade superior por uma fra\u00e7\u00e3o do custo.<\/p>\n<h4>For\u00e7a e resili\u00eancia excepcionais<\/h4>\n<p>Fabricado com materiais duradouros, <a href=\"https:\/\/sxpowercase.com\/\" target=\"_blank\" rel=\"noopener\" title=\"SX\" data-wpil-monitor-id=\"681\">SX<\/a> <strong>Protectores de cantos met\u00e1licos<\/strong> s\u00e3o concebidos para resistir a fortes impactos e a um manuseamento brusco. Estes protectores n\u00e3o s\u00e3o apenas robustos, mas tamb\u00e9m resistentes a riscos e desgaste, proporcionando uma prote\u00e7\u00e3o duradoura para as suas malas. Quando escolhe a SX, investe numa defesa fi\u00e1vel que mant\u00e9m o seu equipamento seguro, ao mesmo tempo que beneficia de pre\u00e7os acess\u00edveis.<\/p>\n<h4>Instala\u00e7\u00e3o simples para utiliza\u00e7\u00e3o imediata<\/h4>\n<p>Instalar o SX <strong>Protectores de cantos met\u00e1licos<\/strong> \u00e9 r\u00e1pido e f\u00e1cil, permitindo-lhe fortificar as suas malas sem problemas. Estes protectores foram concebidos para se adaptarem a uma variedade de tipos de malas, o que os torna uma escolha vers\u00e1til para profissionais de diferentes sectores. Com pre\u00e7os diretos de f\u00e1brica, desfruta de uma prote\u00e7\u00e3o de alta qualidade a um pre\u00e7o econ\u00f3mico.<\/p>\n<h4>Solu\u00e7\u00f5es personalizadas para necessidades \u00fanicas<\/h4>\n<p>Cada caso \u00e9 \u00fanico, e a SX compreende a import\u00e2ncia de solu\u00e7\u00f5es personalizadas. Os nossos <strong>Protectores de cantos met\u00e1licos<\/strong> podem ser personalizadas para corresponder \u00e0s suas necessidades espec\u00edficas, garantindo um ajuste perfeito e uma prote\u00e7\u00e3o \u00f3ptima. Ao comprar diretamente \u00e0 SX, pode aceder a estas op\u00e7\u00f5es personalizadas a um pre\u00e7o acess\u00edvel, sem sacrificar a qualidade.<\/p>\n<h4>Confiado por profissionais em todo o mundo<\/h4>\n<p>A SX \u00e9 um nome de confian\u00e7a entre os profissionais que exigem o melhor para o seu equipamento. Os nossos <strong>Protectores de cantos met\u00e1licos<\/strong> s\u00e3o utilizados por especialistas nos sectores do entretenimento, log\u00edstica e produ\u00e7\u00e3o AV para manter as suas malas seguras. Com um enfoque na durabilidade e na efici\u00eancia de custos, a SX fornece produtos que cumprem os mais elevados padr\u00f5es de desempenho.<\/p>\n<h4>Defesa acess\u00edvel e de alta qualidade<\/h4>\n<p>Proteger o seu valioso equipamento n\u00e3o deve custar muito dinheiro. SX <strong>Protectores de cantos met\u00e1licos<\/strong> oferecem prote\u00e7\u00e3o de alta qualidade a um pre\u00e7o que n\u00e3o sobrecarrega o seu or\u00e7amento. Com as vendas diretas da f\u00e1brica, a SX assegura que recebe produtos duradouros e eficazes sem a margem de lucro, proporcionando um excelente valor para o seu investimento.<\/p>\n<h4>Prote\u00e7\u00e3o duradoura e econ\u00f3mica<\/h4>\n<p>SX <strong>Protetor de cantos met\u00e1lico<\/strong>\u00a0foram concebidos para serem dur\u00e1veis, dando-lhe a tranquilidade de saber que as suas malas est\u00e3o bem protegidas durante o transporte. Estes protectores s\u00e3o uma excelente escolha para quem procura uma prote\u00e7\u00e3o fi\u00e1vel a baixo custo. Com a SX, obt\u00e9m o equil\u00edbrio perfeito entre qualidade, durabilidade e pre\u00e7o acess\u00edvel.<\/p>\n<p>Contactar agora:<span style=\"color: #0000ff;\"><a style=\"color: #0000ff;\" href=\"https:\/\/sxpowercase.com\/contact-us\/\">https:\/\/sxpowercase.com\/<\/a><\/span><\/p>\n<p>Cat\u00e1logo de produtos de hardware\uff1a<span style=\"color: #3366ff;\"><a style=\"color: #3366ff;\" href=\"https:\/\/sxpowercase.com\/wp-content\/uploads\/2024\/07\/\u4e94\u91d1.pdf\">Cat\u00e1logo de acess\u00f3rios de ferragens<\/a><\/span><\/p>","protected":false},"excerpt":{"rendered":"<h3>Protectores de cantos SX Metal: Defesa Premium para o seu equipamento<\/h3>\n<p>Garanta a seguran\u00e7a do seu equipamento durante o transporte com os protectores de cantos met\u00e1licos SX, concebidos para proporcionar uma prote\u00e7\u00e3o de primeira qualidade a pre\u00e7os diretos de f\u00e1brica.<\/p>\n<h3>Prote\u00e7\u00e3o duradoura e resistente<\/h3>\n<p>Fabricados com materiais de alta qualidade, os protectores de cantos met\u00e1licos SX oferecem uma resist\u00eancia excecional contra impactos e desgaste, proporcionando uma defesa fi\u00e1vel e duradoura.<\/p>\n<h3>Personaliz\u00e1vel e f\u00e1cil de instalar<\/h3>\n<p>A SX fornece protectores de canto personaliz\u00e1veis que s\u00e3o f\u00e1ceis de instalar, adaptando-se a v\u00e1rios tipos de caixas e oferecendo uma prote\u00e7\u00e3o acess\u00edvel e de alta qualidade adaptada \u00e0s suas necessidades.<\/p>","protected":false},"featured_media":4095,"comment_status":"open","ping_status":"closed","template":"","meta":[],"product_brand":[],"product_cat":[63],"product_tag":[],"class_list":{"0":"post-4160","1":"product","2":"type-product","3":"status-publish","4":"has-post-thumbnail","6":"product_cat-corners","8":"first","9":"instock","10":"shipping-taxable","11":"product-type-simple"},"yoast_head":"<!-- This site is optimized with the Yoast SEO Premium plugin v27.1 (Yoast SEO v27.2) - https:\/\/yoast.com\/product\/yoast-seo-premium-wordpress\/ -->\n<title>Metal Corner Protectors COC701 - https:\/\/sxflightcase.com \ud83d\udc97<\/title>\n<meta name=\"description\" content=\"Metal corner protectors, factory direct! High-quality, durable protection for case edges. Ideal for safeguarding against impact during transport\" \/>\n<meta name=\"robots\" content=\"index, follow, max-snippet:-1, max-image-preview:large, max-video-preview:-1\" \/>\n<link rel=\"canonical\" href=\"https:\/\/sxflightcase.com\/pt\/produto\/protectores-de-cantos-metalicos-coc701\/\" \/>\n<meta property=\"og:locale\" content=\"pt_PT\" \/>\n<meta property=\"og:type\" content=\"article\" \/>\n<meta property=\"og:title\" content=\"Metal Corner Protectors COC701\" \/>\n<meta property=\"og:description\" content=\"Metal corner protectors, factory direct! High-quality, durable protection for case edges. Ideal for safeguarding against impact during transport\" \/>\n<meta property=\"og:url\" content=\"https:\/\/sxflightcase.com\/pt\/produto\/protectores-de-cantos-metalicos-coc701\/\" \/>\n<meta property=\"og:site_name\" content=\"https:\/\/sxflightcase.com\" \/>\n<meta property=\"article:publisher\" content=\"https:\/\/www.facebook.com\/profile.php?id=61560407257971\" \/>\n<meta property=\"article:modified_time\" content=\"2024-08-21T06:45:29+00:00\" \/>\n<meta property=\"og:image\" content=\"https:\/\/sxflightcase.com\/wp-content\/uploads\/2024\/08\/COC701.jpg\" \/>\n\t<meta property=\"og:image:width\" content=\"520\" \/>\n\t<meta property=\"og:image:height\" content=\"520\" \/>\n\t<meta property=\"og:image:type\" content=\"image\/jpeg\" \/>\n<meta name=\"twitter:card\" content=\"summary_large_image\" \/>\n<meta name=\"twitter:label1\" content=\"Tempo estimado de leitura\" \/>\n\t<meta name=\"twitter:data1\" content=\"3 minutos\" \/>\n<script type=\"application\/ld+json\" class=\"yoast-schema-graph\">{\"@context\":\"https:\/\/schema.org\",\"@graph\":[{\"@type\":\"WebPage\",\"@id\":\"https:\/\/sxflightcase.com\/product\/metal-corner-protectors-coc701\/\",\"url\":\"https:\/\/sxflightcase.com\/product\/metal-corner-protectors-coc701\/\",\"name\":\"Metal Corner Protectors COC701 - https:\/\/sxflightcase.com \ud83d\udc97\",\"isPartOf\":{\"@id\":\"https:\/\/sxflightcase.com\/th\/#website\"},\"primaryImageOfPage\":{\"@id\":\"https:\/\/sxflightcase.com\/product\/metal-corner-protectors-coc701\/#primaryimage\"},\"image\":{\"@id\":\"https:\/\/sxflightcase.com\/product\/metal-corner-protectors-coc701\/#primaryimage\"},\"thumbnailUrl\":\"https:\/\/sxflightcase.com\/wp-content\/uploads\/2024\/08\/COC701.jpg\",\"datePublished\":\"2024-08-21T06:45:28+00:00\",\"dateModified\":\"2024-08-21T06:45:29+00:00\",\"description\":\"Metal corner protectors, factory direct! High-quality, durable protection for case edges. Ideal for safeguarding against impact during transport\",\"breadcrumb\":{\"@id\":\"https:\/\/sxflightcase.com\/product\/metal-corner-protectors-coc701\/#breadcrumb\"},\"inLanguage\":\"pt-PT\",\"potentialAction\":[{\"@type\":\"ReadAction\",\"target\":[\"https:\/\/sxflightcase.com\/product\/metal-corner-protectors-coc701\/\"]}]},{\"@type\":\"ImageObject\",\"inLanguage\":\"pt-PT\",\"@id\":\"https:\/\/sxflightcase.com\/product\/metal-corner-protectors-coc701\/#primaryimage\",\"url\":\"https:\/\/sxflightcase.com\/wp-content\/uploads\/2024\/08\/COC701.jpg\",\"contentUrl\":\"https:\/\/sxflightcase.com\/wp-content\/uploads\/2024\/08\/COC701.jpg\",\"width\":520,\"height\":520,\"caption\":\"Metal Corner Protectors\"},{\"@type\":\"BreadcrumbList\",\"@id\":\"https:\/\/sxflightcase.com\/product\/metal-corner-protectors-coc701\/#breadcrumb\",\"itemListElement\":[{\"@type\":\"ListItem\",\"position\":1,\"name\":\"Home\",\"item\":\"https:\/\/sxflightcase.com\/\"},{\"@type\":\"ListItem\",\"position\":2,\"name\":\"\u0e2a\u0e34\u0e19\u0e04\u0e49\u0e32\",\"item\":\"https:\/\/sxflightcase.com\/th\/shop\/\"},{\"@type\":\"ListItem\",\"position\":3,\"name\":\"Metal Corner Protectors COC701\"}]},{\"@type\":\"WebSite\",\"@id\":\"https:\/\/sxflightcase.com\/th\/#website\",\"url\":\"https:\/\/sxflightcase.com\/th\/\",\"name\":\"sxpowercase.com\",\"description\":\"Flight Case Factory\",\"publisher\":{\"@id\":\"https:\/\/sxflightcase.com\/th\/#organization\"},\"potentialAction\":[{\"@type\":\"SearchAction\",\"target\":{\"@type\":\"EntryPoint\",\"urlTemplate\":\"https:\/\/sxflightcase.com\/th\/?s={search_term_string}\"},\"query-input\":{\"@type\":\"PropertyValueSpecification\",\"valueRequired\":true,\"valueName\":\"search_term_string\"}}],\"inLanguage\":\"pt-PT\"},{\"@type\":\"Organization\",\"@id\":\"https:\/\/sxflightcase.com\/th\/#organization\",\"name\":\"sxpowercase.com\",\"url\":\"https:\/\/sxflightcase.com\/th\/\",\"logo\":{\"@type\":\"ImageObject\",\"inLanguage\":\"pt-PT\",\"@id\":\"https:\/\/sxflightcase.com\/th\/#\/schema\/logo\/image\/\",\"url\":\"https:\/\/sxflightcase.com\/wp-content\/uploads\/2024\/04\/1713919036007.jpg\",\"contentUrl\":\"https:\/\/sxflightcase.com\/wp-content\/uploads\/2024\/04\/1713919036007.jpg\",\"width\":382,\"height\":388,\"caption\":\"sxpowercase.com\"},\"image\":{\"@id\":\"https:\/\/sxflightcase.com\/th\/#\/schema\/logo\/image\/\"},\"sameAs\":[\"https:\/\/www.facebook.com\/profile.php?id=61560407257971\"],\"numberOfEmployees\":{\"@type\":\"QuantitativeValue\",\"minValue\":\"11\",\"maxValue\":\"50\"}}]}<\/script>\n<!-- \/ Yoast SEO Premium plugin. -->","yoast_head_json":{"title":"Metal Corner Protectors COC701 - https:\/\/sxflightcase.com \ud83d\udc97","description":"Protectores de cantos met\u00e1licos, diretos da f\u00e1brica! Prote\u00e7\u00e3o duradoura e de alta qualidade para os cantos da mala. Ideal para prote\u00e7\u00e3o contra impactos durante o transporte","robots":{"index":"index","follow":"follow","max-snippet":"max-snippet:-1","max-image-preview":"max-image-preview:large","max-video-preview":"max-video-preview:-1"},"canonical":"https:\/\/sxflightcase.com\/pt\/produto\/protectores-de-cantos-metalicos-coc701\/","og_locale":"pt_PT","og_type":"article","og_title":"Metal Corner Protectors COC701","og_description":"Metal corner protectors, factory direct! High-quality, durable protection for case edges. Ideal for safeguarding against impact during transport","og_url":"https:\/\/sxflightcase.com\/pt\/produto\/protectores-de-cantos-metalicos-coc701\/","og_site_name":"https:\/\/sxflightcase.com","article_publisher":"https:\/\/www.facebook.com\/profile.php?id=61560407257971","article_modified_time":"2024-08-21T06:45:29+00:00","og_image":[{"width":520,"height":520,"url":"https:\/\/sxflightcase.com\/wp-content\/uploads\/2024\/08\/COC701.jpg","type":"image\/jpeg"}],"twitter_card":"summary_large_image","twitter_misc":{"Tempo estimado de leitura":"3 minutos"},"schema":{"@context":"https:\/\/schema.org","@graph":[{"@type":"WebPage","@id":"https:\/\/sxflightcase.com\/product\/metal-corner-protectors-coc701\/","url":"https:\/\/sxflightcase.com\/product\/metal-corner-protectors-coc701\/","name":"Metal Corner Protectors COC701 - https:\/\/sxflightcase.com \ud83d\udc97","isPartOf":{"@id":"https:\/\/sxflightcase.com\/th\/#website"},"primaryImageOfPage":{"@id":"https:\/\/sxflightcase.com\/product\/metal-corner-protectors-coc701\/#primaryimage"},"image":{"@id":"https:\/\/sxflightcase.com\/product\/metal-corner-protectors-coc701\/#primaryimage"},"thumbnailUrl":"https:\/\/sxflightcase.com\/wp-content\/uploads\/2024\/08\/COC701.jpg","datePublished":"2024-08-21T06:45:28+00:00","dateModified":"2024-08-21T06:45:29+00:00","description":"Protectores de cantos met\u00e1licos, diretos da f\u00e1brica! Prote\u00e7\u00e3o duradoura e de alta qualidade para os cantos da mala. Ideal para prote\u00e7\u00e3o contra impactos durante o transporte","breadcrumb":{"@id":"https:\/\/sxflightcase.com\/product\/metal-corner-protectors-coc701\/#breadcrumb"},"inLanguage":"pt-PT","potentialAction":[{"@type":"ReadAction","target":["https:\/\/sxflightcase.com\/product\/metal-corner-protectors-coc701\/"]}]},{"@type":"ImageObject","inLanguage":"pt-PT","@id":"https:\/\/sxflightcase.com\/product\/metal-corner-protectors-coc701\/#primaryimage","url":"https:\/\/sxflightcase.com\/wp-content\/uploads\/2024\/08\/COC701.jpg","contentUrl":"https:\/\/sxflightcase.com\/wp-content\/uploads\/2024\/08\/COC701.jpg","width":520,"height":520,"caption":"Metal Corner Protectors"},{"@type":"BreadcrumbList","@id":"https:\/\/sxflightcase.com\/product\/metal-corner-protectors-coc701\/#breadcrumb","itemListElement":[{"@type":"ListItem","position":1,"name":"Home","item":"https:\/\/sxflightcase.com\/"},{"@type":"ListItem","position":2,"name":"\u0e2a\u0e34\u0e19\u0e04\u0e49\u0e32","item":"https:\/\/sxflightcase.com\/th\/shop\/"},{"@type":"ListItem","position":3,"name":"Metal Corner Protectors COC701"}]},{"@type":"WebSite","@id":"https:\/\/sxflightcase.com\/th\/#website","url":"https:\/\/sxflightcase.com\/th\/","name":"sxpowercase.com","description":"F\u00e1brica de malas de voo","publisher":{"@id":"https:\/\/sxflightcase.com\/th\/#organization"},"potentialAction":[{"@type":"SearchAction","target":{"@type":"EntryPoint","urlTemplate":"https:\/\/sxflightcase.com\/th\/?s={search_term_string}"},"query-input":{"@type":"PropertyValueSpecification","valueRequired":true,"valueName":"search_term_string"}}],"inLanguage":"pt-PT"},{"@type":"Organization","@id":"https:\/\/sxflightcase.com\/th\/#organization","name":"sxpowercase.com","url":"https:\/\/sxflightcase.com\/th\/","logo":{"@type":"ImageObject","inLanguage":"pt-PT","@id":"https:\/\/sxflightcase.com\/th\/#\/schema\/logo\/image\/","url":"https:\/\/sxflightcase.com\/wp-content\/uploads\/2024\/04\/1713919036007.jpg","contentUrl":"https:\/\/sxflightcase.com\/wp-content\/uploads\/2024\/04\/1713919036007.jpg","width":382,"height":388,"caption":"sxpowercase.com"},"image":{"@id":"https:\/\/sxflightcase.com\/th\/#\/schema\/logo\/image\/"},"sameAs":["https:\/\/www.facebook.com\/profile.php?id=61560407257971"],"numberOfEmployees":{"@type":"QuantitativeValue","minValue":"11","maxValue":"50"}}]}},"_links":{"self":[{"href":"https:\/\/sxflightcase.com\/pt\/wp-json\/wp\/v2\/product\/4160","targetHints":{"allow":["GET"]}}],"collection":[{"href":"https:\/\/sxflightcase.com\/pt\/wp-json\/wp\/v2\/product"}],"about":[{"href":"https:\/\/sxflightcase.com\/pt\/wp-json\/wp\/v2\/types\/product"}],"replies":[{"embeddable":true,"href":"https:\/\/sxflightcase.com\/pt\/wp-json\/wp\/v2\/comments?post=4160"}],"version-history":[{"count":0,"href":"https:\/\/sxflightcase.com\/pt\/wp-json\/wp\/v2\/product\/4160\/revisions"}],"wp:featuredmedia":[{"embeddable":true,"href":"https:\/\/sxflightcase.com\/pt\/wp-json\/wp\/v2\/media\/4095"}],"wp:attachment":[{"href":"https:\/\/sxflightcase.com\/pt\/wp-json\/wp\/v2\/media?parent=4160"}],"wp:term":[{"taxonomy":"product_brand","embeddable":true,"href":"https:\/\/sxflightcase.com\/pt\/wp-json\/wp\/v2\/product_brand?post=4160"},{"taxonomy":"product_cat","embeddable":true,"href":"https:\/\/sxflightcase.com\/pt\/wp-json\/wp\/v2\/product_cat?post=4160"},{"taxonomy":"product_tag","embeddable":true,"href":"https:\/\/sxflightcase.com\/pt\/wp-json\/wp\/v2\/product_tag?post=4160"}],"curies":[{"name":"wp","href":"https:\/\/api.w.org\/{rel}","templated":true}]}}