{"id":4161,"date":"2024-08-21T07:51:36","date_gmt":"2024-08-21T06:51:36","guid":{"rendered":"https:\/\/sxpowercase.com\/?post_type=product&#038;p=4161"},"modified":"2024-08-21T07:51:37","modified_gmt":"2024-08-21T06:51:37","slug":"metal-corner-protectors-cod101","status":"publish","type":"product","link":"https:\/\/sxflightcase.com\/pt\/produto\/protectores-de-cantos-metalicos-cod101\/","title":{"rendered":"Protectores de cantos met\u00e1licos COD101"},"content":{"rendered":"<h3>Prote\u00e7\u00e3o inigual\u00e1vel com protectores de cantos em metal SX<\/h3>\n<h4>Defesa fi\u00e1vel para o seu equipamento<\/h4>\n<p>Quando se trata de proteger o seu valioso equipamento, a SX <span style=\"color: #3366ff;\"><a style=\"color: #3366ff;\" href=\"https:\/\/sxpowercase.com\/product\/metal-corner-protectors-coc701\/\"><strong>Protectores de cantos met\u00e1licos<\/strong><\/a><\/span> oferecem a durabilidade e a fiabilidade de que necessita. Concebidos especificamente para malas de viagem, malas de estrada e outros compartimentos para trabalhos pesados, estes protectores proporcionam um refor\u00e7o essencial nos principais pontos de impacto. Com a SX, n\u00e3o s\u00f3 obt\u00e9m qualidade, como tamb\u00e9m pre\u00e7os diretos de f\u00e1brica que mant\u00eam os custos baixos, garantindo simultaneamente uma prote\u00e7\u00e3o robusta.<\/p>\n<h4>Constru\u00eddo para resistir a condi\u00e7\u00f5es dif\u00edceis<\/h4>\n<p><a href=\"https:\/\/sxpowercase.com\/\" target=\"_blank\" rel=\"noopener\" title=\"SX\" data-wpil-monitor-id=\"682\">SX<\/a> <strong>Protectores de cantos met\u00e1licos<\/strong> s\u00e3o fabricados a partir de materiais de alta qualidade, assegurando que resistem a um manuseamento dif\u00edcil e protegem o seu equipamento atrav\u00e9s de uma utiliza\u00e7\u00e3o constante. Quer seja para passeios profissionais, log\u00edstica ou ambientes industriais, estes protectores mant\u00eam a sua for\u00e7a ao longo do tempo. As vendas diretas da f\u00e1brica significam que recebe prote\u00e7\u00e3o de primeira qualidade a pre\u00e7os competitivos, o que faz com que seja um investimento inteligente para qualquer empresa.<\/p>\n<h4>Aplica\u00e7\u00e3o f\u00e1cil para prote\u00e7\u00e3o imediata<\/h4>\n<p>O processo de instala\u00e7\u00e3o do SX <strong>Protectores de cantos met\u00e1licos<\/strong> \u00e9 simples e f\u00e1cil de utilizar, permitindo-lhe atualizar as suas capas rapidamente. Estes protectores vers\u00e1teis s\u00e3o compat\u00edveis com v\u00e1rios designs de caixas, oferecendo um ajuste fi\u00e1vel em diferentes modelos. Ao comprar diretamente \u00e0 SX, beneficia de produtos de qualidade a pre\u00e7os baixos, sem intermedi\u00e1rios a inflacionar os custos.<\/p>\n<h4>Adaptado \u00e0s suas necessidades espec\u00edficas<\/h4>\n<p>A SX compreende que cada pe\u00e7a de equipamento tem requisitos \u00fanicos. \u00c9 por isso que os nossos <strong>Protectores de cantos met\u00e1licos<\/strong> podem ser personalizados para corresponder \u00e0s especifica\u00e7\u00f5es da sua mala, proporcionando-lhe a prote\u00e7\u00e3o exacta de que necessita. Desfrute da flexibilidade e das poupan\u00e7as dos pre\u00e7os diretos da f\u00e1brica, garantindo que obt\u00e9m solu\u00e7\u00f5es de qualidade superior que se adequam ao seu or\u00e7amento.<\/p>\n<h4>Confian\u00e7a dos l\u00edderes do sector<\/h4>\n<p>Profissionais de todo o mundo confiam na SX <strong>Protectores de cantos met\u00e1licos<\/strong> para manter o seu equipamento seguro. Desde a ind\u00fastria do entretenimento at\u00e9 \u00e0s opera\u00e7\u00f5es de log\u00edstica, os nossos protectores s\u00e3o conhecidos pela sua qualidade e fiabilidade. Oferecendo pre\u00e7os diretos de f\u00e1brica com garantia de qualidade consistente, a SX proporciona uma prote\u00e7\u00e3o fi\u00e1vel que resiste ao teste do tempo.<\/p>\n<h4>Qualidade e acessibilidade combinadas<\/h4>\n<p>SX <strong>Protectores de cantos met\u00e1licos<\/strong> proporcionam uma combina\u00e7\u00e3o perfeita de constru\u00e7\u00e3o de alta qualidade e pre\u00e7os econ\u00f3micos. As vendas diretas da f\u00e1brica significam que n\u00e3o compromete a prote\u00e7\u00e3o, mantendo as despesas sob controlo. Proteja o seu equipamento de forma econ\u00f3mica com as solu\u00e7\u00f5es robustas e duradouras que a SX oferece.<\/p>\n<h4>Investir na durabilidade a longo prazo<\/h4>\n<p>Quando se escolhe SX <strong>Protectores de cantos met\u00e1licos<\/strong>Se n\u00e3o tiver uma prote\u00e7\u00e3o adequada, investe numa solu\u00e7\u00e3o concebida para durar. Oferecendo uma prote\u00e7\u00e3o robusta contra o desgaste, estes protectores ajudam a prolongar a vida \u00fatil das suas malas. As poupan\u00e7as diretas da f\u00e1brica e a qualidade sem compromissos fazem da SX uma escolha de confian\u00e7a para quem procura uma prote\u00e7\u00e3o fi\u00e1vel a um custo razo\u00e1vel.<\/p>\n<p>Contactar agora:<span style=\"color: #0000ff;\"><a style=\"color: #0000ff;\" href=\"https:\/\/sxpowercase.com\/contact-us\/\">https:\/\/sxpowercase.com\/<\/a><\/span><\/p>\n<p>Cat\u00e1logo de produtos de hardware\uff1a<span style=\"color: #3366ff;\"><a style=\"color: #3366ff;\" href=\"https:\/\/sxpowercase.com\/wp-content\/uploads\/2024\/07\/\u4e94\u91d1.pdf\">Cat\u00e1logo de acess\u00f3rios de ferragens<\/a><\/span><\/p>","protected":false},"excerpt":{"rendered":"<h3>Protectores de cantos SX Metal: Defesa Premium para o seu equipamento<\/h3>\n<p>Garanta a seguran\u00e7a do seu equipamento durante o transporte com os protectores de cantos met\u00e1licos SX, concebidos para proporcionar uma prote\u00e7\u00e3o de primeira qualidade a pre\u00e7os diretos de f\u00e1brica.<\/p>\n<h3>Prote\u00e7\u00e3o duradoura e resistente<\/h3>\n<p>Fabricados com materiais de alta qualidade, os protectores de cantos met\u00e1licos SX oferecem uma resist\u00eancia excecional contra impactos e desgaste, proporcionando uma defesa fi\u00e1vel e duradoura.<\/p>\n<h3>Personaliz\u00e1vel e f\u00e1cil de instalar<\/h3>\n<p>A SX fornece protectores de canto personaliz\u00e1veis que s\u00e3o f\u00e1ceis de instalar, adaptando-se a v\u00e1rios tipos de caixas e oferecendo uma prote\u00e7\u00e3o acess\u00edvel e de alta qualidade adaptada \u00e0s suas necessidades.<\/p>","protected":false},"featured_media":4096,"comment_status":"open","ping_status":"closed","template":"","meta":[],"product_brand":[],"product_cat":[63],"product_tag":[],"class_list":{"0":"post-4161","1":"product","2":"type-product","3":"status-publish","4":"has-post-thumbnail","6":"product_cat-corners","8":"first","9":"instock","10":"shipping-taxable","11":"product-type-simple"},"yoast_head":"<!-- This site is optimized with the Yoast SEO Premium plugin v27.1 (Yoast SEO v27.2) - https:\/\/yoast.com\/product\/yoast-seo-premium-wordpress\/ -->\n<title>Metal Corner Protectors COD101 - https:\/\/sxflightcase.com \ud83d\udc97<\/title>\n<meta name=\"description\" content=\"Metal corner protectors, factory direct! High-quality, durable protection for case edges. Ideal for safeguarding against impact during transport\" \/>\n<meta name=\"robots\" content=\"index, follow, max-snippet:-1, max-image-preview:large, max-video-preview:-1\" \/>\n<link rel=\"canonical\" href=\"https:\/\/sxflightcase.com\/pt\/produto\/protectores-de-cantos-metalicos-cod101\/\" \/>\n<meta property=\"og:locale\" content=\"pt_PT\" \/>\n<meta property=\"og:type\" content=\"article\" \/>\n<meta property=\"og:title\" content=\"Metal Corner Protectors COD101\" \/>\n<meta property=\"og:description\" content=\"Metal corner protectors, factory direct! High-quality, durable protection for case edges. Ideal for safeguarding against impact during transport\" \/>\n<meta property=\"og:url\" content=\"https:\/\/sxflightcase.com\/pt\/produto\/protectores-de-cantos-metalicos-cod101\/\" \/>\n<meta property=\"og:site_name\" content=\"https:\/\/sxflightcase.com\" \/>\n<meta property=\"article:publisher\" content=\"https:\/\/www.facebook.com\/profile.php?id=61560407257971\" \/>\n<meta property=\"article:modified_time\" content=\"2024-08-21T06:51:37+00:00\" \/>\n<meta property=\"og:image\" content=\"https:\/\/sxflightcase.com\/wp-content\/uploads\/2024\/08\/COD101.jpg\" \/>\n\t<meta property=\"og:image:width\" content=\"520\" \/>\n\t<meta property=\"og:image:height\" content=\"561\" \/>\n\t<meta property=\"og:image:type\" content=\"image\/jpeg\" \/>\n<meta name=\"twitter:card\" content=\"summary_large_image\" \/>\n<meta name=\"twitter:label1\" content=\"Tempo estimado de leitura\" \/>\n\t<meta name=\"twitter:data1\" content=\"3 minutos\" \/>\n<script type=\"application\/ld+json\" class=\"yoast-schema-graph\">{\"@context\":\"https:\/\/schema.org\",\"@graph\":[{\"@type\":\"WebPage\",\"@id\":\"https:\/\/sxflightcase.com\/product\/metal-corner-protectors-cod101\/\",\"url\":\"https:\/\/sxflightcase.com\/product\/metal-corner-protectors-cod101\/\",\"name\":\"Metal Corner Protectors COD101 - https:\/\/sxflightcase.com \ud83d\udc97\",\"isPartOf\":{\"@id\":\"https:\/\/sxflightcase.com\/th\/#website\"},\"primaryImageOfPage\":{\"@id\":\"https:\/\/sxflightcase.com\/product\/metal-corner-protectors-cod101\/#primaryimage\"},\"image\":{\"@id\":\"https:\/\/sxflightcase.com\/product\/metal-corner-protectors-cod101\/#primaryimage\"},\"thumbnailUrl\":\"https:\/\/sxflightcase.com\/wp-content\/uploads\/2024\/08\/COD101.jpg\",\"datePublished\":\"2024-08-21T06:51:36+00:00\",\"dateModified\":\"2024-08-21T06:51:37+00:00\",\"description\":\"Metal corner protectors, factory direct! High-quality, durable protection for case edges. Ideal for safeguarding against impact during transport\",\"breadcrumb\":{\"@id\":\"https:\/\/sxflightcase.com\/product\/metal-corner-protectors-cod101\/#breadcrumb\"},\"inLanguage\":\"pt-PT\",\"potentialAction\":[{\"@type\":\"ReadAction\",\"target\":[\"https:\/\/sxflightcase.com\/product\/metal-corner-protectors-cod101\/\"]}]},{\"@type\":\"ImageObject\",\"inLanguage\":\"pt-PT\",\"@id\":\"https:\/\/sxflightcase.com\/product\/metal-corner-protectors-cod101\/#primaryimage\",\"url\":\"https:\/\/sxflightcase.com\/wp-content\/uploads\/2024\/08\/COD101.jpg\",\"contentUrl\":\"https:\/\/sxflightcase.com\/wp-content\/uploads\/2024\/08\/COD101.jpg\",\"width\":520,\"height\":561,\"caption\":\"Metal Corner Protectors\"},{\"@type\":\"BreadcrumbList\",\"@id\":\"https:\/\/sxflightcase.com\/product\/metal-corner-protectors-cod101\/#breadcrumb\",\"itemListElement\":[{\"@type\":\"ListItem\",\"position\":1,\"name\":\"Home\",\"item\":\"https:\/\/sxflightcase.com\/\"},{\"@type\":\"ListItem\",\"position\":2,\"name\":\"\u0e2a\u0e34\u0e19\u0e04\u0e49\u0e32\",\"item\":\"https:\/\/sxflightcase.com\/th\/shop\/\"},{\"@type\":\"ListItem\",\"position\":3,\"name\":\"Metal Corner Protectors COD101\"}]},{\"@type\":\"WebSite\",\"@id\":\"https:\/\/sxflightcase.com\/th\/#website\",\"url\":\"https:\/\/sxflightcase.com\/th\/\",\"name\":\"sxpowercase.com\",\"description\":\"Flight Case Factory\",\"publisher\":{\"@id\":\"https:\/\/sxflightcase.com\/th\/#organization\"},\"potentialAction\":[{\"@type\":\"SearchAction\",\"target\":{\"@type\":\"EntryPoint\",\"urlTemplate\":\"https:\/\/sxflightcase.com\/th\/?s={search_term_string}\"},\"query-input\":{\"@type\":\"PropertyValueSpecification\",\"valueRequired\":true,\"valueName\":\"search_term_string\"}}],\"inLanguage\":\"pt-PT\"},{\"@type\":\"Organization\",\"@id\":\"https:\/\/sxflightcase.com\/th\/#organization\",\"name\":\"sxpowercase.com\",\"url\":\"https:\/\/sxflightcase.com\/th\/\",\"logo\":{\"@type\":\"ImageObject\",\"inLanguage\":\"pt-PT\",\"@id\":\"https:\/\/sxflightcase.com\/th\/#\/schema\/logo\/image\/\",\"url\":\"https:\/\/sxflightcase.com\/wp-content\/uploads\/2024\/04\/1713919036007.jpg\",\"contentUrl\":\"https:\/\/sxflightcase.com\/wp-content\/uploads\/2024\/04\/1713919036007.jpg\",\"width\":382,\"height\":388,\"caption\":\"sxpowercase.com\"},\"image\":{\"@id\":\"https:\/\/sxflightcase.com\/th\/#\/schema\/logo\/image\/\"},\"sameAs\":[\"https:\/\/www.facebook.com\/profile.php?id=61560407257971\"],\"numberOfEmployees\":{\"@type\":\"QuantitativeValue\",\"minValue\":\"11\",\"maxValue\":\"50\"}}]}<\/script>\n<!-- \/ Yoast SEO Premium plugin. -->","yoast_head_json":{"title":"Metal Corner Protectors COD101 - https:\/\/sxflightcase.com \ud83d\udc97","description":"Protectores de cantos met\u00e1licos, diretos da f\u00e1brica! Prote\u00e7\u00e3o duradoura e de alta qualidade para os cantos da mala. Ideal para prote\u00e7\u00e3o contra impactos durante o transporte","robots":{"index":"index","follow":"follow","max-snippet":"max-snippet:-1","max-image-preview":"max-image-preview:large","max-video-preview":"max-video-preview:-1"},"canonical":"https:\/\/sxflightcase.com\/pt\/produto\/protectores-de-cantos-metalicos-cod101\/","og_locale":"pt_PT","og_type":"article","og_title":"Metal Corner Protectors COD101","og_description":"Metal corner protectors, factory direct! High-quality, durable protection for case edges. Ideal for safeguarding against impact during transport","og_url":"https:\/\/sxflightcase.com\/pt\/produto\/protectores-de-cantos-metalicos-cod101\/","og_site_name":"https:\/\/sxflightcase.com","article_publisher":"https:\/\/www.facebook.com\/profile.php?id=61560407257971","article_modified_time":"2024-08-21T06:51:37+00:00","og_image":[{"width":520,"height":561,"url":"https:\/\/sxflightcase.com\/wp-content\/uploads\/2024\/08\/COD101.jpg","type":"image\/jpeg"}],"twitter_card":"summary_large_image","twitter_misc":{"Tempo estimado de leitura":"3 minutos"},"schema":{"@context":"https:\/\/schema.org","@graph":[{"@type":"WebPage","@id":"https:\/\/sxflightcase.com\/product\/metal-corner-protectors-cod101\/","url":"https:\/\/sxflightcase.com\/product\/metal-corner-protectors-cod101\/","name":"Metal Corner Protectors COD101 - https:\/\/sxflightcase.com \ud83d\udc97","isPartOf":{"@id":"https:\/\/sxflightcase.com\/th\/#website"},"primaryImageOfPage":{"@id":"https:\/\/sxflightcase.com\/product\/metal-corner-protectors-cod101\/#primaryimage"},"image":{"@id":"https:\/\/sxflightcase.com\/product\/metal-corner-protectors-cod101\/#primaryimage"},"thumbnailUrl":"https:\/\/sxflightcase.com\/wp-content\/uploads\/2024\/08\/COD101.jpg","datePublished":"2024-08-21T06:51:36+00:00","dateModified":"2024-08-21T06:51:37+00:00","description":"Protectores de cantos met\u00e1licos, diretos da f\u00e1brica! Prote\u00e7\u00e3o duradoura e de alta qualidade para os cantos da mala. Ideal para prote\u00e7\u00e3o contra impactos durante o transporte","breadcrumb":{"@id":"https:\/\/sxflightcase.com\/product\/metal-corner-protectors-cod101\/#breadcrumb"},"inLanguage":"pt-PT","potentialAction":[{"@type":"ReadAction","target":["https:\/\/sxflightcase.com\/product\/metal-corner-protectors-cod101\/"]}]},{"@type":"ImageObject","inLanguage":"pt-PT","@id":"https:\/\/sxflightcase.com\/product\/metal-corner-protectors-cod101\/#primaryimage","url":"https:\/\/sxflightcase.com\/wp-content\/uploads\/2024\/08\/COD101.jpg","contentUrl":"https:\/\/sxflightcase.com\/wp-content\/uploads\/2024\/08\/COD101.jpg","width":520,"height":561,"caption":"Metal Corner Protectors"},{"@type":"BreadcrumbList","@id":"https:\/\/sxflightcase.com\/product\/metal-corner-protectors-cod101\/#breadcrumb","itemListElement":[{"@type":"ListItem","position":1,"name":"Home","item":"https:\/\/sxflightcase.com\/"},{"@type":"ListItem","position":2,"name":"\u0e2a\u0e34\u0e19\u0e04\u0e49\u0e32","item":"https:\/\/sxflightcase.com\/th\/shop\/"},{"@type":"ListItem","position":3,"name":"Metal Corner Protectors COD101"}]},{"@type":"WebSite","@id":"https:\/\/sxflightcase.com\/th\/#website","url":"https:\/\/sxflightcase.com\/th\/","name":"sxpowercase.com","description":"F\u00e1brica de malas de voo","publisher":{"@id":"https:\/\/sxflightcase.com\/th\/#organization"},"potentialAction":[{"@type":"SearchAction","target":{"@type":"EntryPoint","urlTemplate":"https:\/\/sxflightcase.com\/th\/?s={search_term_string}"},"query-input":{"@type":"PropertyValueSpecification","valueRequired":true,"valueName":"search_term_string"}}],"inLanguage":"pt-PT"},{"@type":"Organization","@id":"https:\/\/sxflightcase.com\/th\/#organization","name":"sxpowercase.com","url":"https:\/\/sxflightcase.com\/th\/","logo":{"@type":"ImageObject","inLanguage":"pt-PT","@id":"https:\/\/sxflightcase.com\/th\/#\/schema\/logo\/image\/","url":"https:\/\/sxflightcase.com\/wp-content\/uploads\/2024\/04\/1713919036007.jpg","contentUrl":"https:\/\/sxflightcase.com\/wp-content\/uploads\/2024\/04\/1713919036007.jpg","width":382,"height":388,"caption":"sxpowercase.com"},"image":{"@id":"https:\/\/sxflightcase.com\/th\/#\/schema\/logo\/image\/"},"sameAs":["https:\/\/www.facebook.com\/profile.php?id=61560407257971"],"numberOfEmployees":{"@type":"QuantitativeValue","minValue":"11","maxValue":"50"}}]}},"_links":{"self":[{"href":"https:\/\/sxflightcase.com\/pt\/wp-json\/wp\/v2\/product\/4161","targetHints":{"allow":["GET"]}}],"collection":[{"href":"https:\/\/sxflightcase.com\/pt\/wp-json\/wp\/v2\/product"}],"about":[{"href":"https:\/\/sxflightcase.com\/pt\/wp-json\/wp\/v2\/types\/product"}],"replies":[{"embeddable":true,"href":"https:\/\/sxflightcase.com\/pt\/wp-json\/wp\/v2\/comments?post=4161"}],"version-history":[{"count":0,"href":"https:\/\/sxflightcase.com\/pt\/wp-json\/wp\/v2\/product\/4161\/revisions"}],"wp:featuredmedia":[{"embeddable":true,"href":"https:\/\/sxflightcase.com\/pt\/wp-json\/wp\/v2\/media\/4096"}],"wp:attachment":[{"href":"https:\/\/sxflightcase.com\/pt\/wp-json\/wp\/v2\/media?parent=4161"}],"wp:term":[{"taxonomy":"product_brand","embeddable":true,"href":"https:\/\/sxflightcase.com\/pt\/wp-json\/wp\/v2\/product_brand?post=4161"},{"taxonomy":"product_cat","embeddable":true,"href":"https:\/\/sxflightcase.com\/pt\/wp-json\/wp\/v2\/product_cat?post=4161"},{"taxonomy":"product_tag","embeddable":true,"href":"https:\/\/sxflightcase.com\/pt\/wp-json\/wp\/v2\/product_tag?post=4161"}],"curies":[{"name":"wp","href":"https:\/\/api.w.org\/{rel}","templated":true}]}}