{"id":4197,"date":"2024-08-22T07:42:06","date_gmt":"2024-08-22T06:42:06","guid":{"rendered":"https:\/\/sxpowercase.com\/?post_type=product&#038;p=4197"},"modified":"2024-08-22T07:42:07","modified_gmt":"2024-08-22T06:42:07","slug":"road-case-corner-clamp-cla102","status":"publish","type":"product","link":"https:\/\/sxflightcase.com\/pt\/produto\/pinca-de-canto-para-road-case-cla102\/","title":{"rendered":"Bra\u00e7adeira de canto da mala de estrada CLA102"},"content":{"rendered":"<h3>SX Road Case Corner Clamp: Prote\u00e7\u00e3o essencial para o seu equipamento<\/h3>\n<h4>Proteja as suas malas de viagem com confian\u00e7a<\/h4>\n<p>O transporte de equipamento valioso requer uma prote\u00e7\u00e3o robusta. O <span style=\"color: #3366ff;\"><a style=\"color: #3366ff;\" href=\"https:\/\/sxpowercase.com\/product\/road-case-corner-clamp-cla101\/\"><strong>Bra\u00e7adeira de canto da mala de estrada<\/strong><\/a><\/span>\u00a0da SX foram especificamente concebidos para proporcionar essa seguran\u00e7a. Ao refor\u00e7ar firmemente os cantos das suas malas de viagem, estes grampos garantem que o seu equipamento permanece seguro e sem danos durante toda a viagem. <a href=\"https:\/\/sxpowercase.com\/\" target=\"_blank\" rel=\"noopener\" title=\"SX\" data-wpil-monitor-id=\"685\">SX<\/a> combina qualidade fi\u00e1vel com pre\u00e7os diretos de f\u00e1brica, oferecendo hardware de primeira qualidade a um custo mais baixo.<\/p>\n<h4>Design resistente para uma utiliza\u00e7\u00e3o duradoura<\/h4>\n<p>SX <strong>Abra\u00e7adeiras de canto para malas de estrada<\/strong> foram concebidas para suportar as condi\u00e7\u00f5es mais dif\u00edceis. Constru\u00eddas a partir de materiais de elevada resist\u00eancia, estas abra\u00e7adeiras resistem ao desgaste, proporcionando estabilidade a longo prazo para as suas malas de estrada. Quer esteja em digress\u00e3o, em produ\u00e7\u00e3o ou a transportar equipamento pesado, as nossas abra\u00e7adeiras oferecem a durabilidade necess\u00e1ria para manter as suas malas intactas. A SX garante que recebe prote\u00e7\u00e3o de qualidade superior sem o pre\u00e7o elevado, gra\u00e7as ao nosso modelo direto da f\u00e1brica.<\/p>\n<h4>Instala\u00e7\u00e3o simples, ampla compatibilidade<\/h4>\n<p>Instalar o SX <strong>Abra\u00e7adeiras de canto para malas de estrada<\/strong> \u00e9 simples, o que as torna uma adi\u00e7\u00e3o sem complica\u00e7\u00f5es \u00e0s suas malas. Concebidos para se adaptarem a uma variedade de modelos de malas de estrada, estes grampos s\u00e3o vers\u00e1teis e f\u00e1ceis de ajustar \u00e0 sua configura\u00e7\u00e3o espec\u00edfica. As poupan\u00e7as diretas de f\u00e1brica significam que pode atualizar a prote\u00e7\u00e3o da sua mala sem exceder o seu or\u00e7amento, garantindo ao mesmo tempo que as suas malas s\u00e3o refor\u00e7adas de forma segura.<\/p>\n<h4>Solu\u00e7\u00f5es personalizadas para cada aplica\u00e7\u00e3o<\/h4>\n<p>Cada configura\u00e7\u00e3o de mala de estrada \u00e9 \u00fanica e a SX oferece a flexibilidade necess\u00e1ria para satisfazer os seus requisitos espec\u00edficos. Os nossos <strong>Abra\u00e7adeiras de canto para malas de estrada<\/strong> podem ser personalizadas para v\u00e1rios tipos de caixas, garantindo um desempenho \u00f3timo na prote\u00e7\u00e3o do seu equipamento. Com acesso direto aos pre\u00e7os de f\u00e1brica, poupa nos custos e obt\u00e9m exatamente aquilo de que necessita - abra\u00e7adeiras fi\u00e1veis adaptadas \u00e0s suas especifica\u00e7\u00f5es.<\/p>\n<h4>A confian\u00e7a dos profissionais do sector<\/h4>\n<p>A SX tem uma forte reputa\u00e7\u00e3o em sectores como os eventos ao vivo, as digress\u00f5es e a log\u00edstica. A nossa <strong>Abra\u00e7adeiras de canto para malas de estrada<\/strong> s\u00e3o fi\u00e1veis pela sua fiabilidade e desempenho em situa\u00e7\u00f5es exigentes. Quando escolhe a SX, beneficia de pre\u00e7os diretos da f\u00e1brica, o que mant\u00e9m os custos baixos, ao mesmo tempo que mant\u00e9m elevados padr\u00f5es de qualidade e durabilidade. Profissionais de todo o mundo confiam na SX para solu\u00e7\u00f5es de hardware seguras e econ\u00f3micas.<\/p>\n<h4>Qualidade e acessibilidade combinadas<\/h4>\n<p>A SX est\u00e1 empenhada em fornecer valor e qualidade. Os nossos <strong>Abra\u00e7adeiras de canto para malas de estrada<\/strong> s\u00e3o fabricadas de acordo com padr\u00f5es elevados e s\u00e3o oferecidas a pre\u00e7os diretos de f\u00e1brica, garantindo-lhe uma prote\u00e7\u00e3o duradoura e econ\u00f3mica. Investir em ferragens SX significa investir em produtos de longa dura\u00e7\u00e3o que n\u00e3o sobrecarregam o seu or\u00e7amento.<\/p>\n<h4>Prote\u00e7\u00e3o melhorada para qualquer instala\u00e7\u00e3o<\/h4>\n<p>Quando se trata de proteger o seu equipamento, a SX <strong>Abra\u00e7adeiras de canto para malas de estrada<\/strong> oferecem o equil\u00edbrio perfeito entre resist\u00eancia e pre\u00e7o acess\u00edvel. Concebidos para condi\u00e7\u00f5es dif\u00edceis e f\u00e1ceis de instalar, estes grampos proporcionam uma prote\u00e7\u00e3o melhorada para qualquer mala de estrada. Com poupan\u00e7as diretas da f\u00e1brica, pode proteger o seu equipamento sem comprometer a qualidade ou o pre\u00e7o.<\/p>\n<p>Contactar agora:<span style=\"color: #0000ff;\"><a style=\"color: #0000ff;\" href=\"https:\/\/sxpowercase.com\/contact-us\/\">https:\/\/sxpowercase.com\/<\/a><\/span><\/p>\n<p>Cat\u00e1logo de produtos de hardware\uff1a<span style=\"color: #3366ff;\"><a style=\"color: #3366ff;\" href=\"https:\/\/sxpowercase.com\/wp-content\/uploads\/2024\/07\/\u4e94\u91d1.pdf\">Cat\u00e1logo de acess\u00f3rios de ferragens<\/a><\/span><\/p>","protected":false},"excerpt":{"rendered":"<h3>Abra\u00e7adeiras de canto para malas de estrada SX: Suporte seguro e est\u00e1vel<\/h3>\n<p>As abra\u00e7adeiras de canto para malas de estrada SX proporcionam uma prote\u00e7\u00e3o robusta para o seu equipamento durante o transporte. Concebidas para serem resistentes e precisas, estas bra\u00e7adeiras garantem que as suas malas ficam bem presas a pre\u00e7os diretos de f\u00e1brica.<\/p>\n<h3>Constru\u00eddo para durabilidade e utiliza\u00e7\u00e3o intensiva<\/h3>\n<p>Concebidos a partir de materiais dur\u00e1veis, os grampos de canto da mala de viagem SX suportam os rigores das viagens e do manuseamento pesado, oferecendo fiabilidade e prote\u00e7\u00e3o duradouras.<\/p>\n<h3>F\u00e1cil instala\u00e7\u00e3o e solu\u00e7\u00f5es personaliz\u00e1veis<\/h3>\n<p>Os grampos SX s\u00e3o f\u00e1ceis de instalar e adaptam-se a v\u00e1rios designs de malas de estrada. Est\u00e3o dispon\u00edveis op\u00e7\u00f5es personaliz\u00e1veis, assegurando que obt\u00e9m solu\u00e7\u00f5es \u00e0 medida a um pre\u00e7o acess\u00edvel sem comprometer a qualidade.<\/p>","protected":false},"featured_media":4173,"comment_status":"open","ping_status":"closed","template":"","meta":[],"product_brand":[],"product_cat":[64],"product_tag":[],"class_list":{"0":"post-4197","1":"product","2":"type-product","3":"status-publish","4":"has-post-thumbnail","6":"product_cat-clamps","8":"first","9":"instock","10":"shipping-taxable","11":"product-type-simple"},"yoast_head":"<!-- This site is optimized with the Yoast SEO Premium plugin v27.1 (Yoast SEO v27.2) - https:\/\/yoast.com\/product\/yoast-seo-premium-wordpress\/ -->\n<title>Road Case Corner Clamp CLA102 - https:\/\/sxflightcase.com \ud83d\udc97<\/title>\n<meta name=\"description\" content=\"Road case corner clamp, factory direct! High-quality, durable clamps designed for secure assembly and reinforcement of case corners. Ideal for heavy-duty protection during transport.\" \/>\n<meta name=\"robots\" content=\"index, follow, max-snippet:-1, max-image-preview:large, max-video-preview:-1\" \/>\n<link rel=\"canonical\" href=\"https:\/\/sxflightcase.com\/pt\/produto\/pinca-de-canto-para-road-case-cla102\/\" \/>\n<meta property=\"og:locale\" content=\"pt_PT\" \/>\n<meta property=\"og:type\" content=\"article\" \/>\n<meta property=\"og:title\" content=\"Road Case Corner Clamp CLA102\" \/>\n<meta property=\"og:description\" content=\"Road case corner clamp, factory direct! High-quality, durable clamps designed for secure assembly and reinforcement of case corners. Ideal for heavy-duty protection during transport.\" \/>\n<meta property=\"og:url\" content=\"https:\/\/sxflightcase.com\/pt\/produto\/pinca-de-canto-para-road-case-cla102\/\" \/>\n<meta property=\"og:site_name\" content=\"https:\/\/sxflightcase.com\" \/>\n<meta property=\"article:publisher\" content=\"https:\/\/www.facebook.com\/profile.php?id=61560407257971\" \/>\n<meta property=\"article:modified_time\" content=\"2024-08-22T06:42:07+00:00\" \/>\n<meta property=\"og:image\" content=\"https:\/\/sxflightcase.com\/wp-content\/uploads\/2024\/08\/CLA102.jpg\" \/>\n\t<meta property=\"og:image:width\" content=\"520\" \/>\n\t<meta property=\"og:image:height\" content=\"520\" \/>\n\t<meta property=\"og:image:type\" content=\"image\/jpeg\" \/>\n<meta name=\"twitter:card\" content=\"summary_large_image\" \/>\n<meta name=\"twitter:label1\" content=\"Tempo estimado de leitura\" \/>\n\t<meta name=\"twitter:data1\" content=\"3 minutos\" \/>\n<script type=\"application\/ld+json\" class=\"yoast-schema-graph\">{\"@context\":\"https:\/\/schema.org\",\"@graph\":[{\"@type\":\"WebPage\",\"@id\":\"https:\/\/sxflightcase.com\/product\/road-case-corner-clamp-cla102\/\",\"url\":\"https:\/\/sxflightcase.com\/product\/road-case-corner-clamp-cla102\/\",\"name\":\"Road Case Corner Clamp CLA102 - https:\/\/sxflightcase.com \ud83d\udc97\",\"isPartOf\":{\"@id\":\"https:\/\/sxflightcase.com\/th\/#website\"},\"primaryImageOfPage\":{\"@id\":\"https:\/\/sxflightcase.com\/product\/road-case-corner-clamp-cla102\/#primaryimage\"},\"image\":{\"@id\":\"https:\/\/sxflightcase.com\/product\/road-case-corner-clamp-cla102\/#primaryimage\"},\"thumbnailUrl\":\"https:\/\/sxflightcase.com\/wp-content\/uploads\/2024\/08\/CLA102.jpg\",\"datePublished\":\"2024-08-22T06:42:06+00:00\",\"dateModified\":\"2024-08-22T06:42:07+00:00\",\"description\":\"Road case corner clamp, factory direct! High-quality, durable clamps designed for secure assembly and reinforcement of case corners. Ideal for heavy-duty protection during transport.\",\"breadcrumb\":{\"@id\":\"https:\/\/sxflightcase.com\/product\/road-case-corner-clamp-cla102\/#breadcrumb\"},\"inLanguage\":\"pt-PT\",\"potentialAction\":[{\"@type\":\"ReadAction\",\"target\":[\"https:\/\/sxflightcase.com\/product\/road-case-corner-clamp-cla102\/\"]}]},{\"@type\":\"ImageObject\",\"inLanguage\":\"pt-PT\",\"@id\":\"https:\/\/sxflightcase.com\/product\/road-case-corner-clamp-cla102\/#primaryimage\",\"url\":\"https:\/\/sxflightcase.com\/wp-content\/uploads\/2024\/08\/CLA102.jpg\",\"contentUrl\":\"https:\/\/sxflightcase.com\/wp-content\/uploads\/2024\/08\/CLA102.jpg\",\"width\":520,\"height\":520,\"caption\":\"Road Case Corner Clamp\"},{\"@type\":\"BreadcrumbList\",\"@id\":\"https:\/\/sxflightcase.com\/product\/road-case-corner-clamp-cla102\/#breadcrumb\",\"itemListElement\":[{\"@type\":\"ListItem\",\"position\":1,\"name\":\"Home\",\"item\":\"https:\/\/sxflightcase.com\/\"},{\"@type\":\"ListItem\",\"position\":2,\"name\":\"\u0e2a\u0e34\u0e19\u0e04\u0e49\u0e32\",\"item\":\"https:\/\/sxflightcase.com\/th\/shop\/\"},{\"@type\":\"ListItem\",\"position\":3,\"name\":\"Road Case Corner Clamp CLA102\"}]},{\"@type\":\"WebSite\",\"@id\":\"https:\/\/sxflightcase.com\/th\/#website\",\"url\":\"https:\/\/sxflightcase.com\/th\/\",\"name\":\"sxpowercase.com\",\"description\":\"Flight Case Factory\",\"publisher\":{\"@id\":\"https:\/\/sxflightcase.com\/th\/#organization\"},\"potentialAction\":[{\"@type\":\"SearchAction\",\"target\":{\"@type\":\"EntryPoint\",\"urlTemplate\":\"https:\/\/sxflightcase.com\/th\/?s={search_term_string}\"},\"query-input\":{\"@type\":\"PropertyValueSpecification\",\"valueRequired\":true,\"valueName\":\"search_term_string\"}}],\"inLanguage\":\"pt-PT\"},{\"@type\":\"Organization\",\"@id\":\"https:\/\/sxflightcase.com\/th\/#organization\",\"name\":\"sxpowercase.com\",\"url\":\"https:\/\/sxflightcase.com\/th\/\",\"logo\":{\"@type\":\"ImageObject\",\"inLanguage\":\"pt-PT\",\"@id\":\"https:\/\/sxflightcase.com\/th\/#\/schema\/logo\/image\/\",\"url\":\"https:\/\/sxflightcase.com\/wp-content\/uploads\/2024\/04\/1713919036007.jpg\",\"contentUrl\":\"https:\/\/sxflightcase.com\/wp-content\/uploads\/2024\/04\/1713919036007.jpg\",\"width\":382,\"height\":388,\"caption\":\"sxpowercase.com\"},\"image\":{\"@id\":\"https:\/\/sxflightcase.com\/th\/#\/schema\/logo\/image\/\"},\"sameAs\":[\"https:\/\/www.facebook.com\/profile.php?id=61560407257971\"],\"numberOfEmployees\":{\"@type\":\"QuantitativeValue\",\"minValue\":\"11\",\"maxValue\":\"50\"}}]}<\/script>\n<!-- \/ Yoast SEO Premium plugin. -->","yoast_head_json":{"title":"Road Case Corner Clamp CLA102 - https:\/\/sxflightcase.com \ud83d\udc97","description":"Grampo de canto de caixa de estrada, direto da f\u00e1brica! Grampos de alta qualidade e duradouros concebidos para uma montagem segura e refor\u00e7o dos cantos das malas. Ideal para uma prote\u00e7\u00e3o refor\u00e7ada durante o transporte.","robots":{"index":"index","follow":"follow","max-snippet":"max-snippet:-1","max-image-preview":"max-image-preview:large","max-video-preview":"max-video-preview:-1"},"canonical":"https:\/\/sxflightcase.com\/pt\/produto\/pinca-de-canto-para-road-case-cla102\/","og_locale":"pt_PT","og_type":"article","og_title":"Road Case Corner Clamp CLA102","og_description":"Road case corner clamp, factory direct! High-quality, durable clamps designed for secure assembly and reinforcement of case corners. Ideal for heavy-duty protection during transport.","og_url":"https:\/\/sxflightcase.com\/pt\/produto\/pinca-de-canto-para-road-case-cla102\/","og_site_name":"https:\/\/sxflightcase.com","article_publisher":"https:\/\/www.facebook.com\/profile.php?id=61560407257971","article_modified_time":"2024-08-22T06:42:07+00:00","og_image":[{"width":520,"height":520,"url":"https:\/\/sxflightcase.com\/wp-content\/uploads\/2024\/08\/CLA102.jpg","type":"image\/jpeg"}],"twitter_card":"summary_large_image","twitter_misc":{"Tempo estimado de leitura":"3 minutos"},"schema":{"@context":"https:\/\/schema.org","@graph":[{"@type":"WebPage","@id":"https:\/\/sxflightcase.com\/product\/road-case-corner-clamp-cla102\/","url":"https:\/\/sxflightcase.com\/product\/road-case-corner-clamp-cla102\/","name":"Road Case Corner Clamp CLA102 - https:\/\/sxflightcase.com \ud83d\udc97","isPartOf":{"@id":"https:\/\/sxflightcase.com\/th\/#website"},"primaryImageOfPage":{"@id":"https:\/\/sxflightcase.com\/product\/road-case-corner-clamp-cla102\/#primaryimage"},"image":{"@id":"https:\/\/sxflightcase.com\/product\/road-case-corner-clamp-cla102\/#primaryimage"},"thumbnailUrl":"https:\/\/sxflightcase.com\/wp-content\/uploads\/2024\/08\/CLA102.jpg","datePublished":"2024-08-22T06:42:06+00:00","dateModified":"2024-08-22T06:42:07+00:00","description":"Grampo de canto de caixa de estrada, direto da f\u00e1brica! Grampos de alta qualidade e duradouros concebidos para uma montagem segura e refor\u00e7o dos cantos das malas. Ideal para uma prote\u00e7\u00e3o refor\u00e7ada durante o transporte.","breadcrumb":{"@id":"https:\/\/sxflightcase.com\/product\/road-case-corner-clamp-cla102\/#breadcrumb"},"inLanguage":"pt-PT","potentialAction":[{"@type":"ReadAction","target":["https:\/\/sxflightcase.com\/product\/road-case-corner-clamp-cla102\/"]}]},{"@type":"ImageObject","inLanguage":"pt-PT","@id":"https:\/\/sxflightcase.com\/product\/road-case-corner-clamp-cla102\/#primaryimage","url":"https:\/\/sxflightcase.com\/wp-content\/uploads\/2024\/08\/CLA102.jpg","contentUrl":"https:\/\/sxflightcase.com\/wp-content\/uploads\/2024\/08\/CLA102.jpg","width":520,"height":520,"caption":"Road Case Corner Clamp"},{"@type":"BreadcrumbList","@id":"https:\/\/sxflightcase.com\/product\/road-case-corner-clamp-cla102\/#breadcrumb","itemListElement":[{"@type":"ListItem","position":1,"name":"Home","item":"https:\/\/sxflightcase.com\/"},{"@type":"ListItem","position":2,"name":"\u0e2a\u0e34\u0e19\u0e04\u0e49\u0e32","item":"https:\/\/sxflightcase.com\/th\/shop\/"},{"@type":"ListItem","position":3,"name":"Road Case Corner Clamp CLA102"}]},{"@type":"WebSite","@id":"https:\/\/sxflightcase.com\/th\/#website","url":"https:\/\/sxflightcase.com\/th\/","name":"sxpowercase.com","description":"F\u00e1brica de malas de voo","publisher":{"@id":"https:\/\/sxflightcase.com\/th\/#organization"},"potentialAction":[{"@type":"SearchAction","target":{"@type":"EntryPoint","urlTemplate":"https:\/\/sxflightcase.com\/th\/?s={search_term_string}"},"query-input":{"@type":"PropertyValueSpecification","valueRequired":true,"valueName":"search_term_string"}}],"inLanguage":"pt-PT"},{"@type":"Organization","@id":"https:\/\/sxflightcase.com\/th\/#organization","name":"sxpowercase.com","url":"https:\/\/sxflightcase.com\/th\/","logo":{"@type":"ImageObject","inLanguage":"pt-PT","@id":"https:\/\/sxflightcase.com\/th\/#\/schema\/logo\/image\/","url":"https:\/\/sxflightcase.com\/wp-content\/uploads\/2024\/04\/1713919036007.jpg","contentUrl":"https:\/\/sxflightcase.com\/wp-content\/uploads\/2024\/04\/1713919036007.jpg","width":382,"height":388,"caption":"sxpowercase.com"},"image":{"@id":"https:\/\/sxflightcase.com\/th\/#\/schema\/logo\/image\/"},"sameAs":["https:\/\/www.facebook.com\/profile.php?id=61560407257971"],"numberOfEmployees":{"@type":"QuantitativeValue","minValue":"11","maxValue":"50"}}]}},"_links":{"self":[{"href":"https:\/\/sxflightcase.com\/pt\/wp-json\/wp\/v2\/product\/4197","targetHints":{"allow":["GET"]}}],"collection":[{"href":"https:\/\/sxflightcase.com\/pt\/wp-json\/wp\/v2\/product"}],"about":[{"href":"https:\/\/sxflightcase.com\/pt\/wp-json\/wp\/v2\/types\/product"}],"replies":[{"embeddable":true,"href":"https:\/\/sxflightcase.com\/pt\/wp-json\/wp\/v2\/comments?post=4197"}],"version-history":[{"count":0,"href":"https:\/\/sxflightcase.com\/pt\/wp-json\/wp\/v2\/product\/4197\/revisions"}],"wp:featuredmedia":[{"embeddable":true,"href":"https:\/\/sxflightcase.com\/pt\/wp-json\/wp\/v2\/media\/4173"}],"wp:attachment":[{"href":"https:\/\/sxflightcase.com\/pt\/wp-json\/wp\/v2\/media?parent=4197"}],"wp:term":[{"taxonomy":"product_brand","embeddable":true,"href":"https:\/\/sxflightcase.com\/pt\/wp-json\/wp\/v2\/product_brand?post=4197"},{"taxonomy":"product_cat","embeddable":true,"href":"https:\/\/sxflightcase.com\/pt\/wp-json\/wp\/v2\/product_cat?post=4197"},{"taxonomy":"product_tag","embeddable":true,"href":"https:\/\/sxflightcase.com\/pt\/wp-json\/wp\/v2\/product_tag?post=4197"}],"curies":[{"name":"wp","href":"https:\/\/api.w.org\/{rel}","templated":true}]}}