{"id":4199,"date":"2024-08-22T07:51:13","date_gmt":"2024-08-22T06:51:13","guid":{"rendered":"https:\/\/sxpowercase.com\/?post_type=product&#038;p=4199"},"modified":"2024-08-22T07:51:14","modified_gmt":"2024-08-22T06:51:14","slug":"metal-fitting-corner-brace-cla104","status":"publish","type":"product","link":"https:\/\/sxflightcase.com\/pt\/produto\/cinta-metalica-de-canto-cla104\/","title":{"rendered":"Bra\u00e7adeira de canto de encaixe met\u00e1lico CLA104"},"content":{"rendered":"<h3>Cinta de canto SX Metal Fitting: For\u00e7a, estabilidade e poupan\u00e7a combinadas<\/h3>\n<h4>Suporte de canto fi\u00e1vel para cada projeto<\/h4>\n<p>Quando necessita de liga\u00e7\u00f5es fortes e est\u00e1veis, o <span style=\"color: #3366ff;\"><a style=\"color: #3366ff;\" href=\"https:\/\/sxpowercase.com\/product\/metal-fitting-corner-braces-cla103\/\"><strong>Cinta de canto com encaixe met\u00e1lico<\/strong><\/a><\/span> da SX \u00e9 a escolha perfeita. Ideal para fixar cantos em v\u00e1rios projectos, desde arm\u00e1rios a caixas de transporte, esta ferragem oferece um refor\u00e7o fi\u00e1vel onde \u00e9 mais necess\u00e1rio. Ao comprar diretamente \u00e0 SX, beneficia de pre\u00e7os imbat\u00edveis diretos da f\u00e1brica sem comprometer a qualidade.<\/p>\n<h4>Constru\u00eddo para durabilidade<\/h4>\n<p>SX's <strong>Cantos de encaixe met\u00e1lico<\/strong> s\u00e3o fabricados com metal de alta qualidade, garantindo que resistem ao desgaste. A sua constru\u00e7\u00e3o robusta garante um desempenho duradouro, tornando-os ideais para aplica\u00e7\u00f5es exigentes. Quer esteja a trabalhar numa constru\u00e7\u00e3o profissional de grande escala ou num projeto de bricolage, estes suportes proporcionam um apoio fi\u00e1vel, mantendo uma boa rela\u00e7\u00e3o custo-benef\u00edcio.<\/p>\n<h4>Vers\u00e1til e f\u00e1cil de utilizar<\/h4>\n<p>Concebida para ser vers\u00e1til, a <a href=\"https:\/\/sxpowercase.com\/\" target=\"_blank\" rel=\"noopener\" title=\"SX\" data-wpil-monitor-id=\"687\">SX<\/a> <strong>Cinta de canto com encaixe met\u00e1lico<\/strong> podem ser utilizados em in\u00fameras aplica\u00e7\u00f5es. Quer esteja a fixar prateleiras, a refor\u00e7ar mobili\u00e1rio ou a construir caixas, estes suportes oferecem uma integra\u00e7\u00e3o perfeita. S\u00e3o f\u00e1ceis de instalar, poupando-lhe tempo e esfor\u00e7o, ao mesmo tempo que mant\u00eam o seu or\u00e7amento controlado com os pre\u00e7os baixos da SX, diretos da f\u00e1brica.<\/p>\n<h4>Perfeito para projectos personalizados e repara\u00e7\u00f5es<\/h4>\n<p>Para constru\u00e7\u00f5es personalizadas ou repara\u00e7\u00f5es que exijam um suporte de canto adicional, o SX <strong>Cinta de canto com encaixe met\u00e1lico<\/strong> \u00e9 imprescind\u00edvel. O seu design fi\u00e1vel garante que as suas constru\u00e7\u00f5es se mant\u00eam firmes, mesmo sob press\u00e3o. E com o compromisso da SX para com as vendas diretas da f\u00e1brica, obt\u00e9m hardware de alta qualidade a pre\u00e7os dif\u00edceis de bater, proporcionando-lhe desempenho e valor.<\/p>\n<h4>A confian\u00e7a dos especialistas do sector<\/h4>\n<p>Tanto os profissionais como os entusiastas da bricolage confiam na SX para solu\u00e7\u00f5es de hardware acess\u00edveis e duradouras. O <strong>Cinta de canto com encaixe met\u00e1lico<\/strong> \u00e9 um elemento b\u00e1sico em kits de ferramentas em todo o mundo devido \u00e0 sua qualidade consistente e pre\u00e7os competitivos. Com a SX, n\u00e3o s\u00f3 est\u00e1 a investir em hardware fi\u00e1vel, como tamb\u00e9m a beneficiar das nossas poupan\u00e7as diretas da f\u00e1brica, facilitando a manuten\u00e7\u00e3o do or\u00e7amento.<\/p>\n<h4>Op\u00e7\u00f5es personaliz\u00e1veis para necessidades espec\u00edficas<\/h4>\n<p>A SX compreende que cada projeto tem os seus pr\u00f3prios requisitos, e \u00e9 por isso que a nossa <strong>Cantos de encaixe met\u00e1lico<\/strong> podem ser adaptados para satisfazer as suas especifica\u00e7\u00f5es. Quer necessite de tamanhos espec\u00edficos, acabamentos ou carater\u00edsticas adicionais, oferecemos op\u00e7\u00f5es personaliz\u00e1veis sem aumentar os custos. O modelo direto da f\u00e1brica da SX garante que obt\u00e9m exatamente aquilo de que necessita, a um pre\u00e7o excelente.<\/p>\n<h4>Qualidade acess\u00edvel em que pode confiar<\/h4>\n<p>Na SX, orgulhamo-nos de fornecer hardware de topo a pre\u00e7os que fazem sentido. Os nossos <strong>Cantos de encaixe met\u00e1lico<\/strong> combinam durabilidade e acessibilidade, proporcionando-lhe um desempenho fi\u00e1vel sem sobrecarregar o seu or\u00e7amento. Gra\u00e7as \u00e0 nossa abordagem direta da f\u00e1brica, obt\u00e9m sempre o melhor valor pelo seu dinheiro, quer esteja a trabalhar num projeto profissional ou numa tarefa de melhoramento da casa.<\/p>\n<h4>Construir com confian\u00e7a, poupar com SX<\/h4>\n<p>No que diz respeito ao refor\u00e7o dos cantos, o SX <strong>Cinta de canto com encaixe met\u00e1lico<\/strong> oferece a for\u00e7a e a estabilidade em que pode confiar. A sua instala\u00e7\u00e3o simples, design duradouro e aplica\u00e7\u00e3o vers\u00e1til fazem dele um componente essencial para uma vasta gama de projectos. E com os nossos imbat\u00edveis pre\u00e7os diretos da f\u00e1brica, n\u00e3o tem de sacrificar a qualidade para se manter dentro do or\u00e7amento. Escolha a SX para solu\u00e7\u00f5es de hardware que proporcionam fiabilidade e valor, sempre.<\/p>\n<p>Contactar agora:<span style=\"color: #0000ff;\"><a style=\"color: #0000ff;\" href=\"https:\/\/sxpowercase.com\/contact-us\/\">https:\/\/sxpowercase.com\/<\/a><\/span><\/p>\n<p>Cat\u00e1logo de produtos de hardware\uff1a<span style=\"color: #3366ff;\"><a style=\"color: #3366ff;\" href=\"https:\/\/sxpowercase.com\/wp-content\/uploads\/2024\/07\/\u4e94\u91d1.pdf\">Cat\u00e1logo de acess\u00f3rios de ferragens<\/a><\/span><\/p>","protected":false},"excerpt":{"rendered":"<h3>Abra\u00e7adeiras de canto SX Road Case: Prote\u00e7\u00e3o fi\u00e1vel para o seu equipamento<\/h3>\n<p>As abra\u00e7adeiras de canto para malas de viagem SX oferecem um suporte duradouro e uma fixa\u00e7\u00e3o segura para as suas malas de equipamento. Concebidos para profissionais, estes grampos proporcionam uma prote\u00e7\u00e3o robusta durante o transporte, tudo a pre\u00e7os diretos de f\u00e1brica.<\/p>\n<h3>Constru\u00eddo para um desempenho duradouro<\/h3>\n<p>Constru\u00eddos com materiais de alta qualidade, os grampos SX foram concebidos para suportar uma utiliza\u00e7\u00e3o intensiva. Quer seja para eventos ou para fins industriais, estas bra\u00e7adeiras garantem que as suas caixas permanecem intactas e protegidas.<\/p>\n<h3>Abra\u00e7adeiras vers\u00e1teis e f\u00e1ceis de instalar<\/h3>\n<p>As bra\u00e7adeiras de canto para malas de estrada SX s\u00e3o compat\u00edveis com v\u00e1rios designs de malas, oferecendo uma instala\u00e7\u00e3o f\u00e1cil e um ajuste perfeito. Com op\u00e7\u00f5es personaliz\u00e1veis, obt\u00e9m solu\u00e7\u00f5es \u00e0 medida sem comprometer a acessibilidade ou a qualidade.<\/p>","protected":false},"featured_media":4175,"comment_status":"open","ping_status":"closed","template":"","meta":[],"product_brand":[],"product_cat":[64],"product_tag":[],"class_list":{"0":"post-4199","1":"product","2":"type-product","3":"status-publish","4":"has-post-thumbnail","6":"product_cat-clamps","8":"first","9":"instock","10":"shipping-taxable","11":"product-type-simple"},"yoast_head":"<!-- This site is optimized with the Yoast SEO Premium plugin v27.1 (Yoast SEO v27.2) - https:\/\/yoast.com\/product\/yoast-seo-premium-wordpress\/ -->\n<title>Metal Fitting Corner Brace CLA104 - https:\/\/sxflightcase.com \ud83d\udc97<\/title>\n<meta name=\"description\" content=\"Metal fitting corner braces, factory direct! High-quality, durable braces for reinforcing and securing corners in various applications. Ideal for enhancing stability and strength in furniture, cases, and structures.\" \/>\n<meta name=\"robots\" content=\"index, follow, max-snippet:-1, max-image-preview:large, max-video-preview:-1\" \/>\n<link rel=\"canonical\" href=\"https:\/\/sxflightcase.com\/pt\/\u4ea7\u54c1\/\u91d1\u5c5e\u914d\u4ef6\u89d2\u6491-cla104-2\/\" \/>\n<meta property=\"og:locale\" content=\"pt_PT\" \/>\n<meta property=\"og:type\" content=\"article\" \/>\n<meta property=\"og:title\" content=\"Metal Fitting Corner Brace CLA104\" \/>\n<meta property=\"og:description\" content=\"Metal fitting corner braces, factory direct! High-quality, durable braces for reinforcing and securing corners in various applications. Ideal for enhancing stability and strength in furniture, cases, and structures.\" \/>\n<meta property=\"og:url\" content=\"https:\/\/sxflightcase.com\/pt\/\u4ea7\u54c1\/\u91d1\u5c5e\u914d\u4ef6\u89d2\u6491-cla104-2\/\" \/>\n<meta property=\"og:site_name\" content=\"https:\/\/sxflightcase.com\" \/>\n<meta property=\"article:publisher\" content=\"https:\/\/www.facebook.com\/profile.php?id=61560407257971\" \/>\n<meta property=\"article:modified_time\" content=\"2024-08-22T06:51:14+00:00\" \/>\n<meta property=\"og:image\" content=\"https:\/\/sxflightcase.com\/wp-content\/uploads\/2024\/08\/CLA104.jpg\" \/>\n\t<meta property=\"og:image:width\" content=\"700\" \/>\n\t<meta property=\"og:image:height\" content=\"700\" \/>\n\t<meta property=\"og:image:type\" content=\"image\/jpeg\" \/>\n<meta name=\"twitter:card\" content=\"summary_large_image\" \/>\n<meta name=\"twitter:label1\" content=\"Tempo estimado de leitura\" \/>\n\t<meta name=\"twitter:data1\" content=\"3 minutos\" \/>\n<script type=\"application\/ld+json\" class=\"yoast-schema-graph\">{\"@context\":\"https:\/\/schema.org\",\"@graph\":[{\"@type\":\"WebPage\",\"@id\":\"https:\/\/sxflightcase.com\/zh\/\u4ea7\u54c1\/\u91d1\u5c5e\u914d\u4ef6\u89d2\u6491-cla104-2\/\",\"url\":\"https:\/\/sxflightcase.com\/zh\/\u4ea7\u54c1\/\u91d1\u5c5e\u914d\u4ef6\u89d2\u6491-cla104-2\/\",\"name\":\"Metal Fitting Corner Brace CLA104 - https:\/\/sxflightcase.com \ud83d\udc97\",\"isPartOf\":{\"@id\":\"https:\/\/sxflightcase.com\/th\/#website\"},\"primaryImageOfPage\":{\"@id\":\"https:\/\/sxflightcase.com\/zh\/\u4ea7\u54c1\/\u91d1\u5c5e\u914d\u4ef6\u89d2\u6491-cla104-2\/#primaryimage\"},\"image\":{\"@id\":\"https:\/\/sxflightcase.com\/zh\/\u4ea7\u54c1\/\u91d1\u5c5e\u914d\u4ef6\u89d2\u6491-cla104-2\/#primaryimage\"},\"thumbnailUrl\":\"https:\/\/sxflightcase.com\/wp-content\/uploads\/2024\/08\/CLA104.jpg\",\"datePublished\":\"2024-08-22T06:51:13+00:00\",\"dateModified\":\"2024-08-22T06:51:14+00:00\",\"description\":\"Metal fitting corner braces, factory direct! High-quality, durable braces for reinforcing and securing corners in various applications. Ideal for enhancing stability and strength in furniture, cases, and structures.\",\"breadcrumb\":{\"@id\":\"https:\/\/sxflightcase.com\/zh\/\u4ea7\u54c1\/\u91d1\u5c5e\u914d\u4ef6\u89d2\u6491-cla104-2\/#breadcrumb\"},\"inLanguage\":\"pt-PT\",\"potentialAction\":[{\"@type\":\"ReadAction\",\"target\":[\"https:\/\/sxflightcase.com\/zh\/\u4ea7\u54c1\/\u91d1\u5c5e\u914d\u4ef6\u89d2\u6491-cla104-2\/\"]}]},{\"@type\":\"ImageObject\",\"inLanguage\":\"pt-PT\",\"@id\":\"https:\/\/sxflightcase.com\/zh\/\u4ea7\u54c1\/\u91d1\u5c5e\u914d\u4ef6\u89d2\u6491-cla104-2\/#primaryimage\",\"url\":\"https:\/\/sxflightcase.com\/wp-content\/uploads\/2024\/08\/CLA104.jpg\",\"contentUrl\":\"https:\/\/sxflightcase.com\/wp-content\/uploads\/2024\/08\/CLA104.jpg\",\"width\":700,\"height\":700,\"caption\":\"Metal Fitting Corner Brace\"},{\"@type\":\"BreadcrumbList\",\"@id\":\"https:\/\/sxflightcase.com\/zh\/\u4ea7\u54c1\/\u91d1\u5c5e\u914d\u4ef6\u89d2\u6491-cla104-2\/#breadcrumb\",\"itemListElement\":[{\"@type\":\"ListItem\",\"position\":1,\"name\":\"Home\",\"item\":\"https:\/\/sxflightcase.com\/\"},{\"@type\":\"ListItem\",\"position\":2,\"name\":\"\u0e2a\u0e34\u0e19\u0e04\u0e49\u0e32\",\"item\":\"https:\/\/sxflightcase.com\/th\/shop\/\"},{\"@type\":\"ListItem\",\"position\":3,\"name\":\"Metal Fitting Corner Brace CLA104\"}]},{\"@type\":\"WebSite\",\"@id\":\"https:\/\/sxflightcase.com\/th\/#website\",\"url\":\"https:\/\/sxflightcase.com\/th\/\",\"name\":\"sxpowercase.com\",\"description\":\"Flight Case Factory\",\"publisher\":{\"@id\":\"https:\/\/sxflightcase.com\/th\/#organization\"},\"potentialAction\":[{\"@type\":\"SearchAction\",\"target\":{\"@type\":\"EntryPoint\",\"urlTemplate\":\"https:\/\/sxflightcase.com\/th\/?s={search_term_string}\"},\"query-input\":{\"@type\":\"PropertyValueSpecification\",\"valueRequired\":true,\"valueName\":\"search_term_string\"}}],\"inLanguage\":\"pt-PT\"},{\"@type\":\"Organization\",\"@id\":\"https:\/\/sxflightcase.com\/th\/#organization\",\"name\":\"sxpowercase.com\",\"url\":\"https:\/\/sxflightcase.com\/th\/\",\"logo\":{\"@type\":\"ImageObject\",\"inLanguage\":\"pt-PT\",\"@id\":\"https:\/\/sxflightcase.com\/th\/#\/schema\/logo\/image\/\",\"url\":\"https:\/\/sxflightcase.com\/wp-content\/uploads\/2024\/04\/1713919036007.jpg\",\"contentUrl\":\"https:\/\/sxflightcase.com\/wp-content\/uploads\/2024\/04\/1713919036007.jpg\",\"width\":382,\"height\":388,\"caption\":\"sxpowercase.com\"},\"image\":{\"@id\":\"https:\/\/sxflightcase.com\/th\/#\/schema\/logo\/image\/\"},\"sameAs\":[\"https:\/\/www.facebook.com\/profile.php?id=61560407257971\"],\"numberOfEmployees\":{\"@type\":\"QuantitativeValue\",\"minValue\":\"11\",\"maxValue\":\"50\"}}]}<\/script>\n<!-- \/ Yoast SEO Premium plugin. -->","yoast_head_json":{"title":"Metal Fitting Corner Brace CLA104 - https:\/\/sxflightcase.com \ud83d\udc97","description":"Cantoneiras met\u00e1licas de encaixe, diretas da f\u00e1brica! Travessas de alta qualidade e duradouras para refor\u00e7ar e fixar os cantos em v\u00e1rias aplica\u00e7\u00f5es. Ideal para aumentar a estabilidade e a resist\u00eancia de m\u00f3veis, caixas e estruturas.","robots":{"index":"index","follow":"follow","max-snippet":"max-snippet:-1","max-image-preview":"max-image-preview:large","max-video-preview":"max-video-preview:-1"},"canonical":"https:\/\/sxflightcase.com\/pt\/\u4ea7\u54c1\/\u91d1\u5c5e\u914d\u4ef6\u89d2\u6491-cla104-2\/","og_locale":"pt_PT","og_type":"article","og_title":"Metal Fitting Corner Brace CLA104","og_description":"Metal fitting corner braces, factory direct! High-quality, durable braces for reinforcing and securing corners in various applications. Ideal for enhancing stability and strength in furniture, cases, and structures.","og_url":"https:\/\/sxflightcase.com\/pt\/\u4ea7\u54c1\/\u91d1\u5c5e\u914d\u4ef6\u89d2\u6491-cla104-2\/","og_site_name":"https:\/\/sxflightcase.com","article_publisher":"https:\/\/www.facebook.com\/profile.php?id=61560407257971","article_modified_time":"2024-08-22T06:51:14+00:00","og_image":[{"width":700,"height":700,"url":"https:\/\/sxflightcase.com\/wp-content\/uploads\/2024\/08\/CLA104.jpg","type":"image\/jpeg"}],"twitter_card":"summary_large_image","twitter_misc":{"Tempo estimado de leitura":"3 minutos"},"schema":{"@context":"https:\/\/schema.org","@graph":[{"@type":"WebPage","@id":"https:\/\/sxflightcase.com\/zh\/\u4ea7\u54c1\/\u91d1\u5c5e\u914d\u4ef6\u89d2\u6491-cla104-2\/","url":"https:\/\/sxflightcase.com\/zh\/\u4ea7\u54c1\/\u91d1\u5c5e\u914d\u4ef6\u89d2\u6491-cla104-2\/","name":"Metal Fitting Corner Brace CLA104 - https:\/\/sxflightcase.com \ud83d\udc97","isPartOf":{"@id":"https:\/\/sxflightcase.com\/th\/#website"},"primaryImageOfPage":{"@id":"https:\/\/sxflightcase.com\/zh\/\u4ea7\u54c1\/\u91d1\u5c5e\u914d\u4ef6\u89d2\u6491-cla104-2\/#primaryimage"},"image":{"@id":"https:\/\/sxflightcase.com\/zh\/\u4ea7\u54c1\/\u91d1\u5c5e\u914d\u4ef6\u89d2\u6491-cla104-2\/#primaryimage"},"thumbnailUrl":"https:\/\/sxflightcase.com\/wp-content\/uploads\/2024\/08\/CLA104.jpg","datePublished":"2024-08-22T06:51:13+00:00","dateModified":"2024-08-22T06:51:14+00:00","description":"Cantoneiras met\u00e1licas de encaixe, diretas da f\u00e1brica! Travessas de alta qualidade e duradouras para refor\u00e7ar e fixar os cantos em v\u00e1rias aplica\u00e7\u00f5es. Ideal para aumentar a estabilidade e a resist\u00eancia de m\u00f3veis, caixas e estruturas.","breadcrumb":{"@id":"https:\/\/sxflightcase.com\/zh\/\u4ea7\u54c1\/\u91d1\u5c5e\u914d\u4ef6\u89d2\u6491-cla104-2\/#breadcrumb"},"inLanguage":"pt-PT","potentialAction":[{"@type":"ReadAction","target":["https:\/\/sxflightcase.com\/zh\/\u4ea7\u54c1\/\u91d1\u5c5e\u914d\u4ef6\u89d2\u6491-cla104-2\/"]}]},{"@type":"ImageObject","inLanguage":"pt-PT","@id":"https:\/\/sxflightcase.com\/zh\/\u4ea7\u54c1\/\u91d1\u5c5e\u914d\u4ef6\u89d2\u6491-cla104-2\/#primaryimage","url":"https:\/\/sxflightcase.com\/wp-content\/uploads\/2024\/08\/CLA104.jpg","contentUrl":"https:\/\/sxflightcase.com\/wp-content\/uploads\/2024\/08\/CLA104.jpg","width":700,"height":700,"caption":"Metal Fitting Corner Brace"},{"@type":"BreadcrumbList","@id":"https:\/\/sxflightcase.com\/zh\/\u4ea7\u54c1\/\u91d1\u5c5e\u914d\u4ef6\u89d2\u6491-cla104-2\/#breadcrumb","itemListElement":[{"@type":"ListItem","position":1,"name":"Home","item":"https:\/\/sxflightcase.com\/"},{"@type":"ListItem","position":2,"name":"\u0e2a\u0e34\u0e19\u0e04\u0e49\u0e32","item":"https:\/\/sxflightcase.com\/th\/shop\/"},{"@type":"ListItem","position":3,"name":"Metal Fitting Corner Brace CLA104"}]},{"@type":"WebSite","@id":"https:\/\/sxflightcase.com\/th\/#website","url":"https:\/\/sxflightcase.com\/th\/","name":"sxpowercase.com","description":"F\u00e1brica de malas de voo","publisher":{"@id":"https:\/\/sxflightcase.com\/th\/#organization"},"potentialAction":[{"@type":"SearchAction","target":{"@type":"EntryPoint","urlTemplate":"https:\/\/sxflightcase.com\/th\/?s={search_term_string}"},"query-input":{"@type":"PropertyValueSpecification","valueRequired":true,"valueName":"search_term_string"}}],"inLanguage":"pt-PT"},{"@type":"Organization","@id":"https:\/\/sxflightcase.com\/th\/#organization","name":"sxpowercase.com","url":"https:\/\/sxflightcase.com\/th\/","logo":{"@type":"ImageObject","inLanguage":"pt-PT","@id":"https:\/\/sxflightcase.com\/th\/#\/schema\/logo\/image\/","url":"https:\/\/sxflightcase.com\/wp-content\/uploads\/2024\/04\/1713919036007.jpg","contentUrl":"https:\/\/sxflightcase.com\/wp-content\/uploads\/2024\/04\/1713919036007.jpg","width":382,"height":388,"caption":"sxpowercase.com"},"image":{"@id":"https:\/\/sxflightcase.com\/th\/#\/schema\/logo\/image\/"},"sameAs":["https:\/\/www.facebook.com\/profile.php?id=61560407257971"],"numberOfEmployees":{"@type":"QuantitativeValue","minValue":"11","maxValue":"50"}}]}},"_links":{"self":[{"href":"https:\/\/sxflightcase.com\/pt\/wp-json\/wp\/v2\/product\/4199","targetHints":{"allow":["GET"]}}],"collection":[{"href":"https:\/\/sxflightcase.com\/pt\/wp-json\/wp\/v2\/product"}],"about":[{"href":"https:\/\/sxflightcase.com\/pt\/wp-json\/wp\/v2\/types\/product"}],"replies":[{"embeddable":true,"href":"https:\/\/sxflightcase.com\/pt\/wp-json\/wp\/v2\/comments?post=4199"}],"version-history":[{"count":0,"href":"https:\/\/sxflightcase.com\/pt\/wp-json\/wp\/v2\/product\/4199\/revisions"}],"wp:featuredmedia":[{"embeddable":true,"href":"https:\/\/sxflightcase.com\/pt\/wp-json\/wp\/v2\/media\/4175"}],"wp:attachment":[{"href":"https:\/\/sxflightcase.com\/pt\/wp-json\/wp\/v2\/media?parent=4199"}],"wp:term":[{"taxonomy":"product_brand","embeddable":true,"href":"https:\/\/sxflightcase.com\/pt\/wp-json\/wp\/v2\/product_brand?post=4199"},{"taxonomy":"product_cat","embeddable":true,"href":"https:\/\/sxflightcase.com\/pt\/wp-json\/wp\/v2\/product_cat?post=4199"},{"taxonomy":"product_tag","embeddable":true,"href":"https:\/\/sxflightcase.com\/pt\/wp-json\/wp\/v2\/product_tag?post=4199"}],"curies":[{"name":"wp","href":"https:\/\/api.w.org\/{rel}","templated":true}]}}