{"id":4206,"date":"2024-08-23T07:12:40","date_gmt":"2024-08-23T06:12:40","guid":{"rendered":"https:\/\/sxpowercase.com\/?post_type=product&#038;p=4206"},"modified":"2024-08-23T07:12:59","modified_gmt":"2024-08-23T06:12:59","slug":"corner-brackets","status":"publish","type":"product","link":"https:\/\/sxflightcase.com\/pt\/produto\/suportes-de-canto\/","title":{"rendered":"Suportes de canto CLA301"},"content":{"rendered":"<h3>Suportes de canto SX: Suporte de alta qualidade a pre\u00e7os diretos de f\u00e1brica<\/h3>\n<h4>Refor\u00e7ar as suas estruturas com facilidade<\/h4>\n<p>Quando a estabilidade \u00e9 importante, a SX <span style=\"color: #3366ff;\"><a style=\"color: #3366ff;\" href=\"https:\/\/sxpowercase.com\/product\/corner-brackets-cla201\/\"><strong>Suportes de canto<\/strong><\/a><\/span> oferecem a solu\u00e7\u00e3o perfeita para refor\u00e7ar os seus projectos. Estes suportes fi\u00e1veis s\u00e3o fabricados com metal de alta qualidade e concebidos para proporcionar um desempenho duradouro. Ao oferecer pre\u00e7os diretos de f\u00e1brica, a SX garante-lhe hardware de alta qualidade sem custos inflacionados.<\/p>\n<h4>Constru\u00eddo para ser dur\u00e1vel e resistente<\/h4>\n<p><a title=\"SX\" href=\"https:\/\/sxpowercase.com\/\" target=\"_blank\" rel=\"noopener\" data-wpil-monitor-id=\"689\">SX<\/a> <strong>Suportes de canto<\/strong> s\u00e3o feitas para lidar com as exig\u00eancias de aplica\u00e7\u00f5es ligeiras e pesadas. A constru\u00e7\u00e3o robusta proporciona um suporte fi\u00e1vel para uma variedade de tarefas, desde a melhoria da casa at\u00e9 trabalhos industriais de grande escala. Com os nossos pre\u00e7os diretos da f\u00e1brica, recebe hardware de primeira qualidade por uma fra\u00e7\u00e3o do custo de retalho t\u00edpico, tornando mais f\u00e1cil manter-se dentro do or\u00e7amento sem sacrificar a qualidade.<\/p>\n<h4>Instala\u00e7\u00e3o simples para qualquer projeto<\/h4>\n<p>Concebido para uma instala\u00e7\u00e3o f\u00e1cil e r\u00e1pida, o SX <strong>Suportes de canto<\/strong> s\u00e3o ideais para qualquer n\u00edvel de compet\u00eancia, desde principiantes a profissionais experientes. Quer necessite deles para fixar mobili\u00e1rio, construir molduras ou refor\u00e7ar estruturas, estes suportes vers\u00e1teis adaptam-se perfeitamente a v\u00e1rias utiliza\u00e7\u00f5es. O nosso modelo de pre\u00e7os diretos da f\u00e1brica garante a acessibilidade, mantendo ao mesmo tempo padr\u00f5es de qualidade rigorosos.<\/p>\n<h4>Adaptado \u00e0s suas necessidades espec\u00edficas<\/h4>\n<p>A SX compreende que projectos diferentes exigem solu\u00e7\u00f5es diferentes. \u00c9 por isso que os nossos <strong>Suportes de canto<\/strong> s\u00e3o fornecidos com op\u00e7\u00f5es personaliz\u00e1veis para se adaptarem \u00e0s suas necessidades exactas. Quer necessite de dimens\u00f5es, materiais ou acabamentos espec\u00edficos, podemos fornecer solu\u00e7\u00f5es \u00e0 medida, mantendo os custos baixos. A abordagem direta da f\u00e1brica permite-nos passar as poupan\u00e7as diretamente para si, para que obtenha qualidade personalizada sem gastar demasiado.<\/p>\n<h4>Confiado por profissionais e especialistas em bricolage em todo o mundo<\/h4>\n<p>A SX construiu uma reputa\u00e7\u00e3o de fornecer hardware fi\u00e1vel em que os profissionais e os entusiastas da bricolage confiam. Os nossos <strong>Suportes de canto<\/strong> s\u00e3o concebidos para cumprir os mais elevados padr\u00f5es, o que os torna uma escolha popular em v\u00e1rias ind\u00fastrias. Com as poupan\u00e7as diretas da f\u00e1brica, beneficia de produtos duradouros que n\u00e3o sobrecarregam o seu or\u00e7amento, permitindo-lhe concentrar-se na execu\u00e7\u00e3o eficiente dos seus projectos.<\/p>\n<h4>Qualidade garantida, pre\u00e7o optimizado<\/h4>\n<p>Com a SX, n\u00e3o tem de escolher entre qualidade e pre\u00e7o acess\u00edvel. Os nossos <strong>Suportes de canto<\/strong> s\u00e3o submetidos a rigorosos controlos de qualidade para garantir que correspondem \u00e0s suas expectativas. Ao eliminar intermedi\u00e1rios desnecess\u00e1rios e ao distribuir diretamente, fornecemos-lhe hardware de alta qualidade a pre\u00e7os competitivos, tornando-nos um parceiro de confian\u00e7a para projectos grandes e pequenos.<\/p>\n<h4>Perfeito para aplica\u00e7\u00f5es residenciais e comerciais<\/h4>\n<p>SX <strong>Suportes de canto<\/strong> oferecem uma versatilidade inigual\u00e1vel para uma s\u00e9rie de necessidades de constru\u00e7\u00e3o. O seu design robusto garante que tudo o que constr\u00f3i permanece seguro, quer esteja a trabalhar em arm\u00e1rios, prateleiras ou instala\u00e7\u00f5es maiores. Os nossos pre\u00e7os diretos de f\u00e1brica garantem que obt\u00e9m produtos fi\u00e1veis ao melhor valor poss\u00edvel, tornando a SX a sua fonte de solu\u00e7\u00f5es de hardware fi\u00e1veis.<\/p>\n<h4>Escolha a SX para o seu pr\u00f3ximo projeto<\/h4>\n<p>Quando precisa de apoio fi\u00e1vel para as suas constru\u00e7\u00f5es, a SX <strong>Suportes de canto<\/strong> oferecem qualidade, durabilidade e poupan\u00e7a. Os nossos pre\u00e7os diretos de f\u00e1brica e as op\u00e7\u00f5es personaliz\u00e1veis facilitam a procura dos suportes certos para qualquer trabalho, mantendo os custos baixos. Desde os entusiastas da bricolage aos profissionais da ind\u00fastria, a SX \u00e9 a escolha inteligente para hardware de qualidade que cabe no seu or\u00e7amento.<\/p>\n<p>Contactar agora:<span style=\"color: #0000ff;\"><a style=\"color: #0000ff;\" href=\"https:\/\/sxpowercase.com\/contact-us\/\">https:\/\/sxpowercase.com\/<\/a><\/span><\/p>\n<p>Cat\u00e1logo de produtos de hardware\uff1a<span style=\"color: #3366ff;\"><a style=\"color: #3366ff;\" href=\"https:\/\/sxpowercase.com\/wp-content\/uploads\/2024\/07\/\u4e94\u91d1.pdf\">Cat\u00e1logo de acess\u00f3rios de ferragens<\/a><\/span><\/p>","protected":false},"excerpt":{"rendered":"<h3>Suportes de canto SX: Suporte fi\u00e1vel, pre\u00e7o direto da f\u00e1brica<\/h3>\n<p>Os suportes de canto SX proporcionam um refor\u00e7o robusto para qualquer projeto, desde constru\u00e7\u00f5es de bricolage a aplica\u00e7\u00f5es industriais. Fabricados com materiais de elevada resist\u00eancia, proporcionam uma durabilidade duradoura a um pre\u00e7o acess\u00edvel.<\/p>\n<h3>Vers\u00e1til e f\u00e1cil de instalar<\/h3>\n<p>Os suportes de canto SX foram concebidos para uma instala\u00e7\u00e3o r\u00e1pida e simples, o que os torna ideais para uma s\u00e9rie de projectos. Com pre\u00e7os diretos de f\u00e1brica, obt\u00e9m hardware fi\u00e1vel que \u00e9 vers\u00e1til e econ\u00f3mico.<\/p>\n<h3>Solu\u00e7\u00f5es personalizadas para projectos \u00fanicos<\/h3>\n<p>A SX oferece op\u00e7\u00f5es personaliz\u00e1veis para os seus suportes de canto, garantindo que obt\u00e9m o ajuste perfeito para as suas necessidades espec\u00edficas. Obtenha hardware de qualidade adaptado \u00e0s suas necessidades sem gastar muito.<\/p>","protected":false},"featured_media":4177,"comment_status":"open","ping_status":"closed","template":"","meta":[],"product_brand":[],"product_cat":[64],"product_tag":[],"class_list":{"0":"post-4206","1":"product","2":"type-product","3":"status-publish","4":"has-post-thumbnail","6":"product_cat-clamps","8":"first","9":"instock","10":"shipping-taxable","11":"product-type-simple"},"yoast_head":"<!-- This site is optimized with the Yoast SEO Premium plugin v27.1 (Yoast SEO v27.2) - https:\/\/yoast.com\/product\/yoast-seo-premium-wordpress\/ -->\n<title>Corner Brackets CLA301 - https:\/\/sxflightcase.com \ud83d\udc97<\/title>\n<meta name=\"description\" content=\"Corner brackets, factory direct! High-quality, durable brackets for reinforcing and securing corners in furniture, cabinets, and cases. Ideal for added stability and strength in various applications.\" \/>\n<meta name=\"robots\" content=\"index, follow, max-snippet:-1, max-image-preview:large, max-video-preview:-1\" \/>\n<link rel=\"canonical\" href=\"https:\/\/sxflightcase.com\/pt\/produto\/suportes-de-canto\/\" \/>\n<meta property=\"og:locale\" content=\"pt_PT\" \/>\n<meta property=\"og:type\" content=\"article\" \/>\n<meta property=\"og:title\" content=\"Corner Brackets CLA301\" \/>\n<meta property=\"og:description\" content=\"Corner brackets, factory direct! High-quality, durable brackets for reinforcing and securing corners in furniture, cabinets, and cases. Ideal for added stability and strength in various applications.\" \/>\n<meta property=\"og:url\" content=\"https:\/\/sxflightcase.com\/pt\/produto\/suportes-de-canto\/\" \/>\n<meta property=\"og:site_name\" content=\"https:\/\/sxflightcase.com\" \/>\n<meta property=\"article:publisher\" content=\"https:\/\/www.facebook.com\/profile.php?id=61560407257971\" \/>\n<meta property=\"article:modified_time\" content=\"2024-08-23T06:12:59+00:00\" \/>\n<meta property=\"og:image\" content=\"https:\/\/sxflightcase.com\/wp-content\/uploads\/2024\/08\/CLA301.jpg\" \/>\n\t<meta property=\"og:image:width\" content=\"700\" \/>\n\t<meta property=\"og:image:height\" content=\"700\" \/>\n\t<meta property=\"og:image:type\" content=\"image\/jpeg\" \/>\n<meta name=\"twitter:card\" content=\"summary_large_image\" \/>\n<meta name=\"twitter:label1\" content=\"Tempo estimado de leitura\" \/>\n\t<meta name=\"twitter:data1\" content=\"3 minutos\" \/>\n<script type=\"application\/ld+json\" class=\"yoast-schema-graph\">{\"@context\":\"https:\/\/schema.org\",\"@graph\":[{\"@type\":\"WebPage\",\"@id\":\"https:\/\/sxflightcase.com\/product\/corner-brackets\/\",\"url\":\"https:\/\/sxflightcase.com\/product\/corner-brackets\/\",\"name\":\"Corner Brackets CLA301 - https:\/\/sxflightcase.com \ud83d\udc97\",\"isPartOf\":{\"@id\":\"https:\/\/sxflightcase.com\/th\/#website\"},\"primaryImageOfPage\":{\"@id\":\"https:\/\/sxflightcase.com\/product\/corner-brackets\/#primaryimage\"},\"image\":{\"@id\":\"https:\/\/sxflightcase.com\/product\/corner-brackets\/#primaryimage\"},\"thumbnailUrl\":\"https:\/\/sxflightcase.com\/wp-content\/uploads\/2024\/08\/CLA301.jpg\",\"datePublished\":\"2024-08-23T06:12:40+00:00\",\"dateModified\":\"2024-08-23T06:12:59+00:00\",\"description\":\"Corner brackets, factory direct! High-quality, durable brackets for reinforcing and securing corners in furniture, cabinets, and cases. Ideal for added stability and strength in various applications.\",\"breadcrumb\":{\"@id\":\"https:\/\/sxflightcase.com\/product\/corner-brackets\/#breadcrumb\"},\"inLanguage\":\"pt-PT\",\"potentialAction\":[{\"@type\":\"ReadAction\",\"target\":[\"https:\/\/sxflightcase.com\/product\/corner-brackets\/\"]}]},{\"@type\":\"ImageObject\",\"inLanguage\":\"pt-PT\",\"@id\":\"https:\/\/sxflightcase.com\/product\/corner-brackets\/#primaryimage\",\"url\":\"https:\/\/sxflightcase.com\/wp-content\/uploads\/2024\/08\/CLA301.jpg\",\"contentUrl\":\"https:\/\/sxflightcase.com\/wp-content\/uploads\/2024\/08\/CLA301.jpg\",\"width\":700,\"height\":700,\"caption\":\"Corner Brackets\"},{\"@type\":\"BreadcrumbList\",\"@id\":\"https:\/\/sxflightcase.com\/product\/corner-brackets\/#breadcrumb\",\"itemListElement\":[{\"@type\":\"ListItem\",\"position\":1,\"name\":\"Home\",\"item\":\"https:\/\/sxflightcase.com\/\"},{\"@type\":\"ListItem\",\"position\":2,\"name\":\"\u0e2a\u0e34\u0e19\u0e04\u0e49\u0e32\",\"item\":\"https:\/\/sxflightcase.com\/th\/shop\/\"},{\"@type\":\"ListItem\",\"position\":3,\"name\":\"Corner Brackets CLA301\"}]},{\"@type\":\"WebSite\",\"@id\":\"https:\/\/sxflightcase.com\/th\/#website\",\"url\":\"https:\/\/sxflightcase.com\/th\/\",\"name\":\"sxpowercase.com\",\"description\":\"Flight Case Factory\",\"publisher\":{\"@id\":\"https:\/\/sxflightcase.com\/th\/#organization\"},\"potentialAction\":[{\"@type\":\"SearchAction\",\"target\":{\"@type\":\"EntryPoint\",\"urlTemplate\":\"https:\/\/sxflightcase.com\/th\/?s={search_term_string}\"},\"query-input\":{\"@type\":\"PropertyValueSpecification\",\"valueRequired\":true,\"valueName\":\"search_term_string\"}}],\"inLanguage\":\"pt-PT\"},{\"@type\":\"Organization\",\"@id\":\"https:\/\/sxflightcase.com\/th\/#organization\",\"name\":\"sxpowercase.com\",\"url\":\"https:\/\/sxflightcase.com\/th\/\",\"logo\":{\"@type\":\"ImageObject\",\"inLanguage\":\"pt-PT\",\"@id\":\"https:\/\/sxflightcase.com\/th\/#\/schema\/logo\/image\/\",\"url\":\"https:\/\/sxflightcase.com\/wp-content\/uploads\/2024\/04\/1713919036007.jpg\",\"contentUrl\":\"https:\/\/sxflightcase.com\/wp-content\/uploads\/2024\/04\/1713919036007.jpg\",\"width\":382,\"height\":388,\"caption\":\"sxpowercase.com\"},\"image\":{\"@id\":\"https:\/\/sxflightcase.com\/th\/#\/schema\/logo\/image\/\"},\"sameAs\":[\"https:\/\/www.facebook.com\/profile.php?id=61560407257971\"],\"numberOfEmployees\":{\"@type\":\"QuantitativeValue\",\"minValue\":\"11\",\"maxValue\":\"50\"}}]}<\/script>\n<!-- \/ Yoast SEO Premium plugin. -->","yoast_head_json":{"title":"Corner Brackets CLA301 - https:\/\/sxflightcase.com \ud83d\udc97","description":"Suportes de canto, diretos da f\u00e1brica! Suportes de alta qualidade e duradouros para refor\u00e7ar e fixar cantos em mobili\u00e1rio, arm\u00e1rios e caixas. Ideais para maior estabilidade e resist\u00eancia em v\u00e1rias aplica\u00e7\u00f5es.","robots":{"index":"index","follow":"follow","max-snippet":"max-snippet:-1","max-image-preview":"max-image-preview:large","max-video-preview":"max-video-preview:-1"},"canonical":"https:\/\/sxflightcase.com\/pt\/produto\/suportes-de-canto\/","og_locale":"pt_PT","og_type":"article","og_title":"Corner Brackets CLA301","og_description":"Corner brackets, factory direct! High-quality, durable brackets for reinforcing and securing corners in furniture, cabinets, and cases. Ideal for added stability and strength in various applications.","og_url":"https:\/\/sxflightcase.com\/pt\/produto\/suportes-de-canto\/","og_site_name":"https:\/\/sxflightcase.com","article_publisher":"https:\/\/www.facebook.com\/profile.php?id=61560407257971","article_modified_time":"2024-08-23T06:12:59+00:00","og_image":[{"width":700,"height":700,"url":"https:\/\/sxflightcase.com\/wp-content\/uploads\/2024\/08\/CLA301.jpg","type":"image\/jpeg"}],"twitter_card":"summary_large_image","twitter_misc":{"Tempo estimado de leitura":"3 minutos"},"schema":{"@context":"https:\/\/schema.org","@graph":[{"@type":"WebPage","@id":"https:\/\/sxflightcase.com\/product\/corner-brackets\/","url":"https:\/\/sxflightcase.com\/product\/corner-brackets\/","name":"Corner Brackets CLA301 - https:\/\/sxflightcase.com \ud83d\udc97","isPartOf":{"@id":"https:\/\/sxflightcase.com\/th\/#website"},"primaryImageOfPage":{"@id":"https:\/\/sxflightcase.com\/product\/corner-brackets\/#primaryimage"},"image":{"@id":"https:\/\/sxflightcase.com\/product\/corner-brackets\/#primaryimage"},"thumbnailUrl":"https:\/\/sxflightcase.com\/wp-content\/uploads\/2024\/08\/CLA301.jpg","datePublished":"2024-08-23T06:12:40+00:00","dateModified":"2024-08-23T06:12:59+00:00","description":"Suportes de canto, diretos da f\u00e1brica! Suportes de alta qualidade e duradouros para refor\u00e7ar e fixar cantos em mobili\u00e1rio, arm\u00e1rios e caixas. Ideais para maior estabilidade e resist\u00eancia em v\u00e1rias aplica\u00e7\u00f5es.","breadcrumb":{"@id":"https:\/\/sxflightcase.com\/product\/corner-brackets\/#breadcrumb"},"inLanguage":"pt-PT","potentialAction":[{"@type":"ReadAction","target":["https:\/\/sxflightcase.com\/product\/corner-brackets\/"]}]},{"@type":"ImageObject","inLanguage":"pt-PT","@id":"https:\/\/sxflightcase.com\/product\/corner-brackets\/#primaryimage","url":"https:\/\/sxflightcase.com\/wp-content\/uploads\/2024\/08\/CLA301.jpg","contentUrl":"https:\/\/sxflightcase.com\/wp-content\/uploads\/2024\/08\/CLA301.jpg","width":700,"height":700,"caption":"Corner Brackets"},{"@type":"BreadcrumbList","@id":"https:\/\/sxflightcase.com\/product\/corner-brackets\/#breadcrumb","itemListElement":[{"@type":"ListItem","position":1,"name":"Home","item":"https:\/\/sxflightcase.com\/"},{"@type":"ListItem","position":2,"name":"\u0e2a\u0e34\u0e19\u0e04\u0e49\u0e32","item":"https:\/\/sxflightcase.com\/th\/shop\/"},{"@type":"ListItem","position":3,"name":"Corner Brackets CLA301"}]},{"@type":"WebSite","@id":"https:\/\/sxflightcase.com\/th\/#website","url":"https:\/\/sxflightcase.com\/th\/","name":"sxpowercase.com","description":"F\u00e1brica de malas de voo","publisher":{"@id":"https:\/\/sxflightcase.com\/th\/#organization"},"potentialAction":[{"@type":"SearchAction","target":{"@type":"EntryPoint","urlTemplate":"https:\/\/sxflightcase.com\/th\/?s={search_term_string}"},"query-input":{"@type":"PropertyValueSpecification","valueRequired":true,"valueName":"search_term_string"}}],"inLanguage":"pt-PT"},{"@type":"Organization","@id":"https:\/\/sxflightcase.com\/th\/#organization","name":"sxpowercase.com","url":"https:\/\/sxflightcase.com\/th\/","logo":{"@type":"ImageObject","inLanguage":"pt-PT","@id":"https:\/\/sxflightcase.com\/th\/#\/schema\/logo\/image\/","url":"https:\/\/sxflightcase.com\/wp-content\/uploads\/2024\/04\/1713919036007.jpg","contentUrl":"https:\/\/sxflightcase.com\/wp-content\/uploads\/2024\/04\/1713919036007.jpg","width":382,"height":388,"caption":"sxpowercase.com"},"image":{"@id":"https:\/\/sxflightcase.com\/th\/#\/schema\/logo\/image\/"},"sameAs":["https:\/\/www.facebook.com\/profile.php?id=61560407257971"],"numberOfEmployees":{"@type":"QuantitativeValue","minValue":"11","maxValue":"50"}}]}},"_links":{"self":[{"href":"https:\/\/sxflightcase.com\/pt\/wp-json\/wp\/v2\/product\/4206","targetHints":{"allow":["GET"]}}],"collection":[{"href":"https:\/\/sxflightcase.com\/pt\/wp-json\/wp\/v2\/product"}],"about":[{"href":"https:\/\/sxflightcase.com\/pt\/wp-json\/wp\/v2\/types\/product"}],"replies":[{"embeddable":true,"href":"https:\/\/sxflightcase.com\/pt\/wp-json\/wp\/v2\/comments?post=4206"}],"version-history":[{"count":0,"href":"https:\/\/sxflightcase.com\/pt\/wp-json\/wp\/v2\/product\/4206\/revisions"}],"wp:featuredmedia":[{"embeddable":true,"href":"https:\/\/sxflightcase.com\/pt\/wp-json\/wp\/v2\/media\/4177"}],"wp:attachment":[{"href":"https:\/\/sxflightcase.com\/pt\/wp-json\/wp\/v2\/media?parent=4206"}],"wp:term":[{"taxonomy":"product_brand","embeddable":true,"href":"https:\/\/sxflightcase.com\/pt\/wp-json\/wp\/v2\/product_brand?post=4206"},{"taxonomy":"product_cat","embeddable":true,"href":"https:\/\/sxflightcase.com\/pt\/wp-json\/wp\/v2\/product_cat?post=4206"},{"taxonomy":"product_tag","embeddable":true,"href":"https:\/\/sxflightcase.com\/pt\/wp-json\/wp\/v2\/product_tag?post=4206"}],"curies":[{"name":"wp","href":"https:\/\/api.w.org\/{rel}","templated":true}]}}