{"id":4207,"date":"2024-08-23T07:18:45","date_gmt":"2024-08-23T06:18:45","guid":{"rendered":"https:\/\/sxpowercase.com\/?post_type=product&#038;p=4207"},"modified":"2024-08-23T07:18:46","modified_gmt":"2024-08-23T06:18:46","slug":"flight-case-corner-clamp-cla401","status":"publish","type":"product","link":"https:\/\/sxflightcase.com\/pt\/produto\/bracadeira-de-canto-de-caixa-de-voo-cla401\/","title":{"rendered":"Bra\u00e7adeira de canto para mala de transporte CLA401"},"content":{"rendered":"<h3>Bra\u00e7adeira de canto da mala de transporte SX: Hardware seguro e acess\u00edvel para uma prote\u00e7\u00e3o fi\u00e1vel<\/h3>\n<h4>Maior durabilidade para as suas malas de transporte<\/h4>\n<p>Quando se trata de proteger equipamento valioso, a SX's <span style=\"color: #3366ff;\"><a style=\"color: #3366ff;\" href=\"https:\/\/sxpowercase.com\/product\/corner-brackets\/\"><strong>Bra\u00e7adeira de canto para mala de transporte<\/strong><\/a><\/span> \u00e9 uma pe\u00e7a essencial de hardware. Estes grampos foram concebidos para refor\u00e7ar os cantos das malas de viagem, garantindo que o seu equipamento permanece seguro durante o transporte. Com pre\u00e7os diretos de f\u00e1brica, a SX fornece grampos de alta qualidade a pre\u00e7os acess\u00edveis, garantindo que obt\u00e9m hardware de qualidade superior sem pagar demasiado.<\/p>\n<h4>Constru\u00eddo para durar com materiais superiores<\/h4>\n<p><a href=\"https:\/\/sxpowercase.com\/\" target=\"_blank\" rel=\"noopener\" title=\"SX\" data-wpil-monitor-id=\"690\">SX<\/a> <strong>Grampos de canto da mala de transporte<\/strong> s\u00e3o fabricadas em metal robusto e dur\u00e1vel, proporcionando uma resist\u00eancia duradoura para aplica\u00e7\u00f5es exigentes. Estas pin\u00e7as foram concebidas para suportar o desgaste da utiliza\u00e7\u00e3o constante, mantendo a sua integridade estrutural. A abordagem direta da f\u00e1brica permite que a SX ofere\u00e7a pre\u00e7os competitivos sem comprometer a qualidade dos materiais ou da m\u00e3o de obra.<\/p>\n<h4>Instala\u00e7\u00e3o f\u00e1cil e desempenho fi\u00e1vel<\/h4>\n<p>SX <strong>Grampos de canto da mala de transporte<\/strong> foram concebidos para uma instala\u00e7\u00e3o r\u00e1pida e direta, o que os torna ideais para profissionais e entusiastas da bricolage. Os grampos proporcionam um encaixe seguro que garante que os cantos da caixa de transporte s\u00e3o mantidos firmemente no lugar, reduzindo o risco de danos. Ao concentrar-se nas vendas diretas, a SX garante que obt\u00e9m hardware fi\u00e1vel a pre\u00e7os baixos, perfeito para projectos de qualquer escala.<\/p>\n<h4>Qualidade de confian\u00e7a com poupan\u00e7as de f\u00e1brica<\/h4>\n<p>Na SX, a qualidade est\u00e1 no centro de tudo o que fazemos. Os nossos <strong>Grampos de canto da mala de transporte<\/strong> s\u00e3o submetidos a rigorosos controlos de qualidade para garantir que cumprem os mais elevados padr\u00f5es. Ao abastecermo-nos diretamente na nossa f\u00e1brica, transferimos as poupan\u00e7as para os nossos clientes, mantendo um n\u00edvel consistente de excel\u00eancia. Obt\u00e9m hardware fi\u00e1vel e econ\u00f3mico, proporcionando um excelente valor para o seu investimento.<\/p>\n<h4>Aplica\u00e7\u00f5es vers\u00e1teis para todas as malas de transporte<\/h4>\n<p>Quer esteja a construir novas caixas de voo ou a atualizar as existentes, a SX <strong>Grampos de canto da mala de transporte<\/strong> s\u00e3o suficientemente vers\u00e1teis para se adaptarem a v\u00e1rios modelos e tamanhos. As abra\u00e7adeiras oferecem um refor\u00e7o s\u00f3lido para caixas personalizadas e padr\u00e3o, tornando-as uma escolha popular em diferentes sectores. Com pre\u00e7os diretos da f\u00e1brica, pode facilmente equipar as suas caixas com abra\u00e7adeiras de qualidade superior por uma fra\u00e7\u00e3o dos custos t\u00edpicos do mercado.<\/p>\n<h4>Solu\u00e7\u00f5es personalizadas para as suas necessidades exclusivas<\/h4>\n<p>A SX compreende que cada projeto \u00e9 \u00fanico, e \u00e9 por isso que oferecemos op\u00e7\u00f5es personaliz\u00e1veis para os nossos <strong>Grampos de canto da mala de transporte<\/strong>. Quer necessite de dimens\u00f5es, acabamentos ou materiais espec\u00edficos, podemos personalizar os nossos produtos para corresponder aos seus requisitos exactos. O nosso modelo direto da f\u00e1brica mant\u00e9m estas personaliza\u00e7\u00f5es acess\u00edveis, ao mesmo tempo que proporciona a qualidade que espera da SX.<\/p>\n<h4>A promessa da SX: Qualidade e acessibilidade combinadas<\/h4>\n<p>Com a SX, nunca ter\u00e1 de fazer ced\u00eancias entre qualidade e pre\u00e7o. Os nossos <strong>Grampos de canto da mala de transporte<\/strong> proporcionam a combina\u00e7\u00e3o perfeita de resist\u00eancia, durabilidade e pre\u00e7o acess\u00edvel. Gra\u00e7as ao nosso modelo de vendas diretas ao cliente, obt\u00e9m hardware de topo sem os custos adicionais de intermedi\u00e1rios, garantindo que recebe abra\u00e7adeiras de alta qualidade que se adequam \u00e0s suas necessidades e ao seu or\u00e7amento.<\/p>\n<h4>Escolha SX para um hardware de caixa de transporte fi\u00e1vel<\/h4>\n<p>Quando se trata de proteger as suas malas de viagem, a SX's <strong>Grampos de canto da mala de transporte<\/strong> s\u00e3o a escolha ideal. Com uma instala\u00e7\u00e3o f\u00e1cil, uma constru\u00e7\u00e3o duradoura e pre\u00e7os imbat\u00edveis, os nossos grampos merecem a confian\u00e7a tanto de profissionais como de utilizadores de bricolage. Escolha a SX para o seu pr\u00f3ximo projeto e experimente as vantagens de um hardware de qualidade que n\u00e3o custa muito dinheiro.<\/p>\n<p>Contactar agora:<span style=\"color: #0000ff;\"><a style=\"color: #0000ff;\" href=\"https:\/\/sxpowercase.com\/contact-us\/\">https:\/\/sxpowercase.com\/<\/a><\/span><\/p>\n<p>Cat\u00e1logo de produtos de hardware\uff1a<span style=\"color: #3366ff;\"><a style=\"color: #3366ff;\" href=\"https:\/\/sxpowercase.com\/wp-content\/uploads\/2024\/07\/\u4e94\u91d1.pdf\">Cat\u00e1logo de acess\u00f3rios de ferragens<\/a><\/span><\/p>","protected":false},"excerpt":{"rendered":"<h3>Abra\u00e7adeiras de canto para malas de voo SX: Prote\u00e7\u00e3o acess\u00edvel para o seu equipamento<\/h3>\n<p>A SX oferece bra\u00e7adeiras de canto para malas de voo de alta qualidade que proporcionam um refor\u00e7o fi\u00e1vel dos cantos das suas malas de voo. Com pre\u00e7os diretos de f\u00e1brica, obt\u00e9m hardware duradouro concebido para proteger o seu equipamento sem gastar demasiado.<\/p>\n<h3>Constru\u00eddo para durar, f\u00e1cil de instalar<\/h3>\n<p>Fabricados em metal robusto, os grampos de canto da mala de transporte SX garantem uma durabilidade a longo prazo e s\u00e3o r\u00e1pidos de instalar. Quer seja um profissional ou um entusiasta da bricolage, estas bra\u00e7adeiras proporcionam um forte apoio para caixas de transporte seguras e est\u00e1veis.<\/p>\n<h3>Op\u00e7\u00f5es personaliz\u00e1veis a pre\u00e7os de f\u00e1brica<\/h3>\n<p>A SX oferece dimens\u00f5es e acabamentos personaliz\u00e1veis para os nossos grampos de canto para caixas de transporte. Desfrute de hardware de primeira qualidade adaptado \u00e0s suas necessidades a pre\u00e7os imbat\u00edveis, gra\u00e7as ao nosso modelo de venda direta ao cliente.<\/p>","protected":false},"featured_media":4178,"comment_status":"open","ping_status":"closed","template":"","meta":[],"product_brand":[],"product_cat":[64],"product_tag":[],"class_list":{"0":"post-4207","1":"product","2":"type-product","3":"status-publish","4":"has-post-thumbnail","6":"product_cat-clamps","8":"first","9":"instock","10":"shipping-taxable","11":"product-type-simple"},"yoast_head":"<!-- This site is optimized with the Yoast SEO Premium plugin v27.1 (Yoast SEO v27.2) - https:\/\/yoast.com\/product\/yoast-seo-premium-wordpress\/ -->\n<title>Flight Case Corner Clamp CLA401 - https:\/\/sxflightcase.com \ud83d\udc97<\/title>\n<meta name=\"description\" content=\"Flight case corner clamp, factory direct! High-quality, durable clamps designed to reinforce and securely fasten flight case corners. Ideal for ensuring long-lasting protection during transport.\" \/>\n<meta name=\"robots\" content=\"index, follow, max-snippet:-1, max-image-preview:large, max-video-preview:-1\" \/>\n<link rel=\"canonical\" href=\"https:\/\/sxflightcase.com\/pt\/produto\/bracadeira-de-canto-de-caixa-de-voo-cla401\/\" \/>\n<meta property=\"og:locale\" content=\"pt_PT\" \/>\n<meta property=\"og:type\" content=\"article\" \/>\n<meta property=\"og:title\" content=\"Flight Case Corner Clamp CLA401\" \/>\n<meta property=\"og:description\" content=\"Flight case corner clamp, factory direct! High-quality, durable clamps designed to reinforce and securely fasten flight case corners. Ideal for ensuring long-lasting protection during transport.\" \/>\n<meta property=\"og:url\" content=\"https:\/\/sxflightcase.com\/pt\/produto\/bracadeira-de-canto-de-caixa-de-voo-cla401\/\" \/>\n<meta property=\"og:site_name\" content=\"https:\/\/sxflightcase.com\" \/>\n<meta property=\"article:publisher\" content=\"https:\/\/www.facebook.com\/profile.php?id=61560407257971\" \/>\n<meta property=\"article:modified_time\" content=\"2024-08-23T06:18:46+00:00\" \/>\n<meta property=\"og:image\" content=\"https:\/\/sxflightcase.com\/wp-content\/uploads\/2024\/08\/CLA401.jpg\" \/>\n\t<meta property=\"og:image:width\" content=\"700\" \/>\n\t<meta property=\"og:image:height\" content=\"700\" \/>\n\t<meta property=\"og:image:type\" content=\"image\/jpeg\" \/>\n<meta name=\"twitter:card\" content=\"summary_large_image\" \/>\n<meta name=\"twitter:label1\" content=\"Tempo estimado de leitura\" \/>\n\t<meta name=\"twitter:data1\" content=\"4 minutos\" \/>\n<script type=\"application\/ld+json\" class=\"yoast-schema-graph\">{\"@context\":\"https:\/\/schema.org\",\"@graph\":[{\"@type\":\"WebPage\",\"@id\":\"https:\/\/sxflightcase.com\/product\/flight-case-corner-clamp-cla401\/\",\"url\":\"https:\/\/sxflightcase.com\/product\/flight-case-corner-clamp-cla401\/\",\"name\":\"Flight Case Corner Clamp CLA401 - https:\/\/sxflightcase.com \ud83d\udc97\",\"isPartOf\":{\"@id\":\"https:\/\/sxflightcase.com\/th\/#website\"},\"primaryImageOfPage\":{\"@id\":\"https:\/\/sxflightcase.com\/product\/flight-case-corner-clamp-cla401\/#primaryimage\"},\"image\":{\"@id\":\"https:\/\/sxflightcase.com\/product\/flight-case-corner-clamp-cla401\/#primaryimage\"},\"thumbnailUrl\":\"https:\/\/sxflightcase.com\/wp-content\/uploads\/2024\/08\/CLA401.jpg\",\"datePublished\":\"2024-08-23T06:18:45+00:00\",\"dateModified\":\"2024-08-23T06:18:46+00:00\",\"description\":\"Flight case corner clamp, factory direct! High-quality, durable clamps designed to reinforce and securely fasten flight case corners. Ideal for ensuring long-lasting protection during transport.\",\"breadcrumb\":{\"@id\":\"https:\/\/sxflightcase.com\/product\/flight-case-corner-clamp-cla401\/#breadcrumb\"},\"inLanguage\":\"pt-PT\",\"potentialAction\":[{\"@type\":\"ReadAction\",\"target\":[\"https:\/\/sxflightcase.com\/product\/flight-case-corner-clamp-cla401\/\"]}]},{\"@type\":\"ImageObject\",\"inLanguage\":\"pt-PT\",\"@id\":\"https:\/\/sxflightcase.com\/product\/flight-case-corner-clamp-cla401\/#primaryimage\",\"url\":\"https:\/\/sxflightcase.com\/wp-content\/uploads\/2024\/08\/CLA401.jpg\",\"contentUrl\":\"https:\/\/sxflightcase.com\/wp-content\/uploads\/2024\/08\/CLA401.jpg\",\"width\":700,\"height\":700,\"caption\":\"Flight Case Corner Clamp\"},{\"@type\":\"BreadcrumbList\",\"@id\":\"https:\/\/sxflightcase.com\/product\/flight-case-corner-clamp-cla401\/#breadcrumb\",\"itemListElement\":[{\"@type\":\"ListItem\",\"position\":1,\"name\":\"Home\",\"item\":\"https:\/\/sxflightcase.com\/\"},{\"@type\":\"ListItem\",\"position\":2,\"name\":\"\u0e2a\u0e34\u0e19\u0e04\u0e49\u0e32\",\"item\":\"https:\/\/sxflightcase.com\/th\/shop\/\"},{\"@type\":\"ListItem\",\"position\":3,\"name\":\"Flight Case Corner Clamp CLA401\"}]},{\"@type\":\"WebSite\",\"@id\":\"https:\/\/sxflightcase.com\/th\/#website\",\"url\":\"https:\/\/sxflightcase.com\/th\/\",\"name\":\"sxpowercase.com\",\"description\":\"Flight Case Factory\",\"publisher\":{\"@id\":\"https:\/\/sxflightcase.com\/th\/#organization\"},\"potentialAction\":[{\"@type\":\"SearchAction\",\"target\":{\"@type\":\"EntryPoint\",\"urlTemplate\":\"https:\/\/sxflightcase.com\/th\/?s={search_term_string}\"},\"query-input\":{\"@type\":\"PropertyValueSpecification\",\"valueRequired\":true,\"valueName\":\"search_term_string\"}}],\"inLanguage\":\"pt-PT\"},{\"@type\":\"Organization\",\"@id\":\"https:\/\/sxflightcase.com\/th\/#organization\",\"name\":\"sxpowercase.com\",\"url\":\"https:\/\/sxflightcase.com\/th\/\",\"logo\":{\"@type\":\"ImageObject\",\"inLanguage\":\"pt-PT\",\"@id\":\"https:\/\/sxflightcase.com\/th\/#\/schema\/logo\/image\/\",\"url\":\"https:\/\/sxflightcase.com\/wp-content\/uploads\/2024\/04\/1713919036007.jpg\",\"contentUrl\":\"https:\/\/sxflightcase.com\/wp-content\/uploads\/2024\/04\/1713919036007.jpg\",\"width\":382,\"height\":388,\"caption\":\"sxpowercase.com\"},\"image\":{\"@id\":\"https:\/\/sxflightcase.com\/th\/#\/schema\/logo\/image\/\"},\"sameAs\":[\"https:\/\/www.facebook.com\/profile.php?id=61560407257971\"],\"numberOfEmployees\":{\"@type\":\"QuantitativeValue\",\"minValue\":\"11\",\"maxValue\":\"50\"}}]}<\/script>\n<!-- \/ Yoast SEO Premium plugin. -->","yoast_head_json":{"title":"Flight Case Corner Clamp CLA401 - https:\/\/sxflightcase.com \ud83d\udc97","description":"Bra\u00e7adeira de canto de mala de transporte, direta da f\u00e1brica! Grampos de alta qualidade e duradouros, concebidos para refor\u00e7ar e fixar com seguran\u00e7a os cantos das malas de viagem. Ideal para garantir uma prote\u00e7\u00e3o duradoura durante o transporte.","robots":{"index":"index","follow":"follow","max-snippet":"max-snippet:-1","max-image-preview":"max-image-preview:large","max-video-preview":"max-video-preview:-1"},"canonical":"https:\/\/sxflightcase.com\/pt\/produto\/bracadeira-de-canto-de-caixa-de-voo-cla401\/","og_locale":"pt_PT","og_type":"article","og_title":"Flight Case Corner Clamp CLA401","og_description":"Flight case corner clamp, factory direct! High-quality, durable clamps designed to reinforce and securely fasten flight case corners. Ideal for ensuring long-lasting protection during transport.","og_url":"https:\/\/sxflightcase.com\/pt\/produto\/bracadeira-de-canto-de-caixa-de-voo-cla401\/","og_site_name":"https:\/\/sxflightcase.com","article_publisher":"https:\/\/www.facebook.com\/profile.php?id=61560407257971","article_modified_time":"2024-08-23T06:18:46+00:00","og_image":[{"width":700,"height":700,"url":"https:\/\/sxflightcase.com\/wp-content\/uploads\/2024\/08\/CLA401.jpg","type":"image\/jpeg"}],"twitter_card":"summary_large_image","twitter_misc":{"Tempo estimado de leitura":"4 minutos"},"schema":{"@context":"https:\/\/schema.org","@graph":[{"@type":"WebPage","@id":"https:\/\/sxflightcase.com\/product\/flight-case-corner-clamp-cla401\/","url":"https:\/\/sxflightcase.com\/product\/flight-case-corner-clamp-cla401\/","name":"Flight Case Corner Clamp CLA401 - https:\/\/sxflightcase.com \ud83d\udc97","isPartOf":{"@id":"https:\/\/sxflightcase.com\/th\/#website"},"primaryImageOfPage":{"@id":"https:\/\/sxflightcase.com\/product\/flight-case-corner-clamp-cla401\/#primaryimage"},"image":{"@id":"https:\/\/sxflightcase.com\/product\/flight-case-corner-clamp-cla401\/#primaryimage"},"thumbnailUrl":"https:\/\/sxflightcase.com\/wp-content\/uploads\/2024\/08\/CLA401.jpg","datePublished":"2024-08-23T06:18:45+00:00","dateModified":"2024-08-23T06:18:46+00:00","description":"Bra\u00e7adeira de canto de mala de transporte, direta da f\u00e1brica! Grampos de alta qualidade e duradouros, concebidos para refor\u00e7ar e fixar com seguran\u00e7a os cantos das malas de viagem. Ideal para garantir uma prote\u00e7\u00e3o duradoura durante o transporte.","breadcrumb":{"@id":"https:\/\/sxflightcase.com\/product\/flight-case-corner-clamp-cla401\/#breadcrumb"},"inLanguage":"pt-PT","potentialAction":[{"@type":"ReadAction","target":["https:\/\/sxflightcase.com\/product\/flight-case-corner-clamp-cla401\/"]}]},{"@type":"ImageObject","inLanguage":"pt-PT","@id":"https:\/\/sxflightcase.com\/product\/flight-case-corner-clamp-cla401\/#primaryimage","url":"https:\/\/sxflightcase.com\/wp-content\/uploads\/2024\/08\/CLA401.jpg","contentUrl":"https:\/\/sxflightcase.com\/wp-content\/uploads\/2024\/08\/CLA401.jpg","width":700,"height":700,"caption":"Flight Case Corner Clamp"},{"@type":"BreadcrumbList","@id":"https:\/\/sxflightcase.com\/product\/flight-case-corner-clamp-cla401\/#breadcrumb","itemListElement":[{"@type":"ListItem","position":1,"name":"Home","item":"https:\/\/sxflightcase.com\/"},{"@type":"ListItem","position":2,"name":"\u0e2a\u0e34\u0e19\u0e04\u0e49\u0e32","item":"https:\/\/sxflightcase.com\/th\/shop\/"},{"@type":"ListItem","position":3,"name":"Flight Case Corner Clamp CLA401"}]},{"@type":"WebSite","@id":"https:\/\/sxflightcase.com\/th\/#website","url":"https:\/\/sxflightcase.com\/th\/","name":"sxpowercase.com","description":"F\u00e1brica de malas de voo","publisher":{"@id":"https:\/\/sxflightcase.com\/th\/#organization"},"potentialAction":[{"@type":"SearchAction","target":{"@type":"EntryPoint","urlTemplate":"https:\/\/sxflightcase.com\/th\/?s={search_term_string}"},"query-input":{"@type":"PropertyValueSpecification","valueRequired":true,"valueName":"search_term_string"}}],"inLanguage":"pt-PT"},{"@type":"Organization","@id":"https:\/\/sxflightcase.com\/th\/#organization","name":"sxpowercase.com","url":"https:\/\/sxflightcase.com\/th\/","logo":{"@type":"ImageObject","inLanguage":"pt-PT","@id":"https:\/\/sxflightcase.com\/th\/#\/schema\/logo\/image\/","url":"https:\/\/sxflightcase.com\/wp-content\/uploads\/2024\/04\/1713919036007.jpg","contentUrl":"https:\/\/sxflightcase.com\/wp-content\/uploads\/2024\/04\/1713919036007.jpg","width":382,"height":388,"caption":"sxpowercase.com"},"image":{"@id":"https:\/\/sxflightcase.com\/th\/#\/schema\/logo\/image\/"},"sameAs":["https:\/\/www.facebook.com\/profile.php?id=61560407257971"],"numberOfEmployees":{"@type":"QuantitativeValue","minValue":"11","maxValue":"50"}}]}},"_links":{"self":[{"href":"https:\/\/sxflightcase.com\/pt\/wp-json\/wp\/v2\/product\/4207","targetHints":{"allow":["GET"]}}],"collection":[{"href":"https:\/\/sxflightcase.com\/pt\/wp-json\/wp\/v2\/product"}],"about":[{"href":"https:\/\/sxflightcase.com\/pt\/wp-json\/wp\/v2\/types\/product"}],"replies":[{"embeddable":true,"href":"https:\/\/sxflightcase.com\/pt\/wp-json\/wp\/v2\/comments?post=4207"}],"version-history":[{"count":0,"href":"https:\/\/sxflightcase.com\/pt\/wp-json\/wp\/v2\/product\/4207\/revisions"}],"wp:featuredmedia":[{"embeddable":true,"href":"https:\/\/sxflightcase.com\/pt\/wp-json\/wp\/v2\/media\/4178"}],"wp:attachment":[{"href":"https:\/\/sxflightcase.com\/pt\/wp-json\/wp\/v2\/media?parent=4207"}],"wp:term":[{"taxonomy":"product_brand","embeddable":true,"href":"https:\/\/sxflightcase.com\/pt\/wp-json\/wp\/v2\/product_brand?post=4207"},{"taxonomy":"product_cat","embeddable":true,"href":"https:\/\/sxflightcase.com\/pt\/wp-json\/wp\/v2\/product_cat?post=4207"},{"taxonomy":"product_tag","embeddable":true,"href":"https:\/\/sxflightcase.com\/pt\/wp-json\/wp\/v2\/product_tag?post=4207"}],"curies":[{"name":"wp","href":"https:\/\/api.w.org\/{rel}","templated":true}]}}