{"id":4208,"date":"2024-08-23T07:20:31","date_gmt":"2024-08-23T06:20:31","guid":{"rendered":"https:\/\/sxpowercase.com\/?post_type=product&#038;p=4208"},"modified":"2024-08-23T07:20:32","modified_gmt":"2024-08-23T06:20:32","slug":"flight-case-corner-clamp-cla501","status":"publish","type":"product","link":"https:\/\/sxflightcase.com\/pt\/produto\/bracadeira-de-canto-de-caixa-de-voo-cla501\/","title":{"rendered":"Bra\u00e7adeira de canto para mala de transporte CLA501"},"content":{"rendered":"<h3>Bra\u00e7adeira de canto para mala de voo SX: Hardware de alta qualidade a pre\u00e7os acess\u00edveis<\/h3>\n<h4>Refor\u00e7ar as suas malas de viagem com bra\u00e7adeiras fi\u00e1veis<\/h4>\n<p>Para aqueles que necessitam de uma prote\u00e7\u00e3o duradoura para o seu equipamento, a SX's <span style=\"color: #3366ff;\"><a style=\"color: #3366ff;\" href=\"https:\/\/sxpowercase.com\/product\/flight-case-corner-clamp-cla401\/\"><strong>Bra\u00e7adeira de canto para mala de transporte<\/strong><\/a><\/span> \u00e9 um componente crucial. Concebidos para aumentar a estabilidade e a seguran\u00e7a, estes grampos s\u00e3o perfeitos para refor\u00e7ar os cantos das suas malas de viagem. Com os nossos pre\u00e7os diretos da f\u00e1brica, a SX garante que recebe hardware de topo a pre\u00e7os competitivos, oferecendo um excelente valor sem sacrificar a qualidade.<\/p>\n<h4>Constru\u00e7\u00e3o dur\u00e1vel em que pode confiar<\/h4>\n<p><a href=\"https:\/\/sxpowercase.com\/\" target=\"_blank\" rel=\"noopener\" title=\"SX\" data-wpil-monitor-id=\"691\">SX<\/a> <strong>Grampos de canto da mala de transporte<\/strong> s\u00e3o constru\u00eddas com materiais met\u00e1licos resistentes, concebidos para suportar as condi\u00e7\u00f5es mais dif\u00edceis. Estas pin\u00e7as proporcionam uma prote\u00e7\u00e3o superior, garantindo que o seu equipamento permanece seguro durante o transporte. Ao fabricar diretamente e ao eliminar intermedi\u00e1rios desnecess\u00e1rios, a SX consegue fornecer estes produtos de alta qualidade a pre\u00e7os que se enquadram em qualquer or\u00e7amento.<\/p>\n<h4>Instala\u00e7\u00e3o r\u00e1pida e prote\u00e7\u00e3o m\u00e1xima<\/h4>\n<p>A conce\u00e7\u00e3o do SX's <strong>Bra\u00e7adeira de canto para mala de transporte<\/strong> permite uma instala\u00e7\u00e3o f\u00e1cil e r\u00e1pida. Quer seja um construtor profissional ou esteja a realizar um projeto de bricolage, estes grampos oferecem um ajuste perfeito que fixa os cantos da mala de transporte no lugar. Esta estabilidade minimiza o risco de danos, tornando-os uma escolha essencial para quem procura proteger o seu valioso equipamento. Com as poupan\u00e7as diretas de f\u00e1brica da SX, pode proteger as suas malas a um pre\u00e7o acess\u00edvel.<\/p>\n<h4>Garantia de qualidade em cada compra<\/h4>\n<p>Na SX, damos grande import\u00e2ncia ao fornecimento de produtos de alta qualidade. Os nossos <strong>Grampos de canto da mala de transporte<\/strong> passam por rigorosos processos de controlo de qualidade para garantir que cumprem as normas da ind\u00fastria. Ao gerir a produ\u00e7\u00e3o e a distribui\u00e7\u00e3o internamente, a SX oferece hardware fi\u00e1vel a pre\u00e7os mais baixos, mantendo a qualidade em que os profissionais confiam.<\/p>\n<h4>Hardware vers\u00e1til para v\u00e1rios designs de caixas<\/h4>\n<p>SX's <strong>Grampos de canto da mala de transporte<\/strong> s\u00e3o vers\u00e1teis e adapt\u00e1veis a diferentes configura\u00e7\u00f5es de caixas. Quer esteja a construir uma nova caixa ou a refor\u00e7ar uma j\u00e1 existente, estes grampos proporcionam um suporte de canto fi\u00e1vel em v\u00e1rios tamanhos de caixas. O nosso compromisso com as vendas diretas da f\u00e1brica permite-lhe desfrutar de hardware de qualidade superior a pre\u00e7os acess\u00edveis, facilitando a conclus\u00e3o dos seus projectos dentro do or\u00e7amento.<\/p>\n<h4>Solu\u00e7\u00f5es personaliz\u00e1veis para requisitos \u00fanicos<\/h4>\n<p>A SX oferece op\u00e7\u00f5es de personaliza\u00e7\u00e3o para os nossos <strong>Grampos de canto da mala de transporte<\/strong> para satisfazer as necessidades espec\u00edficas do projeto. Quer necessite de materiais, acabamentos ou dimens\u00f5es especiais, podemos ajustar os nossos produtos em conformidade. O nosso modelo direto da f\u00e1brica garante que mesmo as abra\u00e7adeiras personalizadas est\u00e3o dispon\u00edveis a pre\u00e7os competitivos, proporcionando-lhe solu\u00e7\u00f5es personalizadas sem custos inflacionados.<\/p>\n<h4>SX: Combinar qualidade e pre\u00e7o acess\u00edvel<\/h4>\n<p>A SX dedica-se a oferecer hardware de alta qualidade a pre\u00e7os baixos. Os nossos <strong>Grampos de canto da mala de transporte<\/strong> s\u00e3o um excelente exemplo de como proporcionamos durabilidade, fiabilidade e acessibilidade num \u00fanico pacote. Ao controlar o processo de produ\u00e7\u00e3o e ao cortar custos desnecess\u00e1rios, fornecemos aos clientes abra\u00e7adeiras fortes e fi\u00e1veis que proporcionam um excelente valor.<\/p>\n<h4>Proteja as suas malas com o SX Flight Case Hardware<\/h4>\n<p>Quando se trata de refor\u00e7ar as suas caixas de transporte, confie na SX's <strong>Grampos de canto da mala de transporte<\/strong>. Com uma instala\u00e7\u00e3o simples, uma constru\u00e7\u00e3o duradoura e pre\u00e7os competitivos, as nossas pin\u00e7as s\u00e3o a escolha perfeita tanto para profissionais como para amadores. Escolha a SX para o seu pr\u00f3ximo projeto e experimente a qualidade e as poupan\u00e7as que s\u00f3 os produtos diretos da f\u00e1brica podem proporcionar.<\/p>\n<p>Contactar agora:<span style=\"color: #0000ff;\"><a style=\"color: #0000ff;\" href=\"https:\/\/sxpowercase.com\/contact-us\/\">https:\/\/sxpowercase.com\/<\/a><\/span><\/p>\n<p>Cat\u00e1logo de produtos de hardware\uff1a<span style=\"color: #3366ff;\"><a style=\"color: #3366ff;\" href=\"https:\/\/sxpowercase.com\/wp-content\/uploads\/2024\/07\/\u4e94\u91d1.pdf\">Cat\u00e1logo de acess\u00f3rios de ferragens<\/a><\/span><\/p>","protected":false},"excerpt":{"rendered":"<h3>Abra\u00e7adeiras de canto para malas de voo SX: Prote\u00e7\u00e3o acess\u00edvel para o seu equipamento<\/h3>\n<p>A SX oferece bra\u00e7adeiras de canto para malas de voo de alta qualidade que proporcionam um refor\u00e7o fi\u00e1vel dos cantos das suas malas de voo. Com pre\u00e7os diretos de f\u00e1brica, obt\u00e9m hardware duradouro concebido para proteger o seu equipamento sem gastar demasiado.<\/p>\n<h3>Constru\u00eddo para durar, f\u00e1cil de instalar<\/h3>\n<p>Fabricados em metal robusto, os grampos de canto da mala de transporte SX garantem uma durabilidade a longo prazo e s\u00e3o r\u00e1pidos de instalar. Quer seja um profissional ou um entusiasta da bricolage, estas bra\u00e7adeiras proporcionam um forte apoio para caixas de transporte seguras e est\u00e1veis.<\/p>\n<h3>Op\u00e7\u00f5es personaliz\u00e1veis a pre\u00e7os de f\u00e1brica<\/h3>\n<p>A SX oferece dimens\u00f5es e acabamentos personaliz\u00e1veis para os nossos grampos de canto para caixas de transporte. Desfrute de hardware de primeira qualidade adaptado \u00e0s suas necessidades a pre\u00e7os imbat\u00edveis, gra\u00e7as ao nosso modelo de venda direta ao cliente.<\/p>","protected":false},"featured_media":4179,"comment_status":"open","ping_status":"closed","template":"","meta":[],"product_brand":[],"product_cat":[64],"product_tag":[],"class_list":{"0":"post-4208","1":"product","2":"type-product","3":"status-publish","4":"has-post-thumbnail","6":"product_cat-clamps","8":"first","9":"instock","10":"shipping-taxable","11":"product-type-simple"},"yoast_head":"<!-- This site is optimized with the Yoast SEO Premium plugin v27.1 (Yoast SEO v27.2) - https:\/\/yoast.com\/product\/yoast-seo-premium-wordpress\/ -->\n<title>Flight Case Corner Clamp CLA501 - https:\/\/sxflightcase.com \ud83d\udc97<\/title>\n<meta name=\"description\" content=\"Flight case corner clamp, factory direct! High-quality, durable clamps designed to reinforce and securely fasten flight case corners. Ideal for ensuring long-lasting protection during transport.\" \/>\n<meta name=\"robots\" content=\"index, follow, max-snippet:-1, max-image-preview:large, max-video-preview:-1\" \/>\n<link rel=\"canonical\" href=\"https:\/\/sxflightcase.com\/pt\/produto\/bracadeira-de-canto-de-caixa-de-voo-cla501\/\" \/>\n<meta property=\"og:locale\" content=\"pt_PT\" \/>\n<meta property=\"og:type\" content=\"article\" \/>\n<meta property=\"og:title\" content=\"Flight Case Corner Clamp CLA501\" \/>\n<meta property=\"og:description\" content=\"Flight case corner clamp, factory direct! High-quality, durable clamps designed to reinforce and securely fasten flight case corners. Ideal for ensuring long-lasting protection during transport.\" \/>\n<meta property=\"og:url\" content=\"https:\/\/sxflightcase.com\/pt\/produto\/bracadeira-de-canto-de-caixa-de-voo-cla501\/\" \/>\n<meta property=\"og:site_name\" content=\"https:\/\/sxflightcase.com\" \/>\n<meta property=\"article:publisher\" content=\"https:\/\/www.facebook.com\/profile.php?id=61560407257971\" \/>\n<meta property=\"article:modified_time\" content=\"2024-08-23T06:20:32+00:00\" \/>\n<meta property=\"og:image\" content=\"https:\/\/sxflightcase.com\/wp-content\/uploads\/2024\/08\/CLA501.jpg\" \/>\n\t<meta property=\"og:image:width\" content=\"700\" \/>\n\t<meta property=\"og:image:height\" content=\"700\" \/>\n\t<meta property=\"og:image:type\" content=\"image\/jpeg\" \/>\n<meta name=\"twitter:card\" content=\"summary_large_image\" \/>\n<meta name=\"twitter:label1\" content=\"Tempo estimado de leitura\" \/>\n\t<meta name=\"twitter:data1\" content=\"3 minutos\" \/>\n<script type=\"application\/ld+json\" class=\"yoast-schema-graph\">{\"@context\":\"https:\/\/schema.org\",\"@graph\":[{\"@type\":\"WebPage\",\"@id\":\"https:\/\/sxflightcase.com\/product\/flight-case-corner-clamp-cla501\/\",\"url\":\"https:\/\/sxflightcase.com\/product\/flight-case-corner-clamp-cla501\/\",\"name\":\"Flight Case Corner Clamp CLA501 - https:\/\/sxflightcase.com \ud83d\udc97\",\"isPartOf\":{\"@id\":\"https:\/\/sxflightcase.com\/th\/#website\"},\"primaryImageOfPage\":{\"@id\":\"https:\/\/sxflightcase.com\/product\/flight-case-corner-clamp-cla501\/#primaryimage\"},\"image\":{\"@id\":\"https:\/\/sxflightcase.com\/product\/flight-case-corner-clamp-cla501\/#primaryimage\"},\"thumbnailUrl\":\"https:\/\/sxflightcase.com\/wp-content\/uploads\/2024\/08\/CLA501.jpg\",\"datePublished\":\"2024-08-23T06:20:31+00:00\",\"dateModified\":\"2024-08-23T06:20:32+00:00\",\"description\":\"Flight case corner clamp, factory direct! High-quality, durable clamps designed to reinforce and securely fasten flight case corners. Ideal for ensuring long-lasting protection during transport.\",\"breadcrumb\":{\"@id\":\"https:\/\/sxflightcase.com\/product\/flight-case-corner-clamp-cla501\/#breadcrumb\"},\"inLanguage\":\"pt-PT\",\"potentialAction\":[{\"@type\":\"ReadAction\",\"target\":[\"https:\/\/sxflightcase.com\/product\/flight-case-corner-clamp-cla501\/\"]}]},{\"@type\":\"ImageObject\",\"inLanguage\":\"pt-PT\",\"@id\":\"https:\/\/sxflightcase.com\/product\/flight-case-corner-clamp-cla501\/#primaryimage\",\"url\":\"https:\/\/sxflightcase.com\/wp-content\/uploads\/2024\/08\/CLA501.jpg\",\"contentUrl\":\"https:\/\/sxflightcase.com\/wp-content\/uploads\/2024\/08\/CLA501.jpg\",\"width\":700,\"height\":700,\"caption\":\"Flight Case Corner Clamp\"},{\"@type\":\"BreadcrumbList\",\"@id\":\"https:\/\/sxflightcase.com\/product\/flight-case-corner-clamp-cla501\/#breadcrumb\",\"itemListElement\":[{\"@type\":\"ListItem\",\"position\":1,\"name\":\"Home\",\"item\":\"https:\/\/sxflightcase.com\/\"},{\"@type\":\"ListItem\",\"position\":2,\"name\":\"\u0e2a\u0e34\u0e19\u0e04\u0e49\u0e32\",\"item\":\"https:\/\/sxflightcase.com\/th\/shop\/\"},{\"@type\":\"ListItem\",\"position\":3,\"name\":\"Flight Case Corner Clamp CLA501\"}]},{\"@type\":\"WebSite\",\"@id\":\"https:\/\/sxflightcase.com\/th\/#website\",\"url\":\"https:\/\/sxflightcase.com\/th\/\",\"name\":\"sxpowercase.com\",\"description\":\"Flight Case Factory\",\"publisher\":{\"@id\":\"https:\/\/sxflightcase.com\/th\/#organization\"},\"potentialAction\":[{\"@type\":\"SearchAction\",\"target\":{\"@type\":\"EntryPoint\",\"urlTemplate\":\"https:\/\/sxflightcase.com\/th\/?s={search_term_string}\"},\"query-input\":{\"@type\":\"PropertyValueSpecification\",\"valueRequired\":true,\"valueName\":\"search_term_string\"}}],\"inLanguage\":\"pt-PT\"},{\"@type\":\"Organization\",\"@id\":\"https:\/\/sxflightcase.com\/th\/#organization\",\"name\":\"sxpowercase.com\",\"url\":\"https:\/\/sxflightcase.com\/th\/\",\"logo\":{\"@type\":\"ImageObject\",\"inLanguage\":\"pt-PT\",\"@id\":\"https:\/\/sxflightcase.com\/th\/#\/schema\/logo\/image\/\",\"url\":\"https:\/\/sxflightcase.com\/wp-content\/uploads\/2024\/04\/1713919036007.jpg\",\"contentUrl\":\"https:\/\/sxflightcase.com\/wp-content\/uploads\/2024\/04\/1713919036007.jpg\",\"width\":382,\"height\":388,\"caption\":\"sxpowercase.com\"},\"image\":{\"@id\":\"https:\/\/sxflightcase.com\/th\/#\/schema\/logo\/image\/\"},\"sameAs\":[\"https:\/\/www.facebook.com\/profile.php?id=61560407257971\"],\"numberOfEmployees\":{\"@type\":\"QuantitativeValue\",\"minValue\":\"11\",\"maxValue\":\"50\"}}]}<\/script>\n<!-- \/ Yoast SEO Premium plugin. -->","yoast_head_json":{"title":"Flight Case Corner Clamp CLA501 - https:\/\/sxflightcase.com \ud83d\udc97","description":"Bra\u00e7adeira de canto de mala de transporte, direta da f\u00e1brica! Grampos de alta qualidade e duradouros, concebidos para refor\u00e7ar e fixar com seguran\u00e7a os cantos das malas de viagem. Ideal para garantir uma prote\u00e7\u00e3o duradoura durante o transporte.","robots":{"index":"index","follow":"follow","max-snippet":"max-snippet:-1","max-image-preview":"max-image-preview:large","max-video-preview":"max-video-preview:-1"},"canonical":"https:\/\/sxflightcase.com\/pt\/produto\/bracadeira-de-canto-de-caixa-de-voo-cla501\/","og_locale":"pt_PT","og_type":"article","og_title":"Flight Case Corner Clamp CLA501","og_description":"Flight case corner clamp, factory direct! High-quality, durable clamps designed to reinforce and securely fasten flight case corners. Ideal for ensuring long-lasting protection during transport.","og_url":"https:\/\/sxflightcase.com\/pt\/produto\/bracadeira-de-canto-de-caixa-de-voo-cla501\/","og_site_name":"https:\/\/sxflightcase.com","article_publisher":"https:\/\/www.facebook.com\/profile.php?id=61560407257971","article_modified_time":"2024-08-23T06:20:32+00:00","og_image":[{"width":700,"height":700,"url":"https:\/\/sxflightcase.com\/wp-content\/uploads\/2024\/08\/CLA501.jpg","type":"image\/jpeg"}],"twitter_card":"summary_large_image","twitter_misc":{"Tempo estimado de leitura":"3 minutos"},"schema":{"@context":"https:\/\/schema.org","@graph":[{"@type":"WebPage","@id":"https:\/\/sxflightcase.com\/product\/flight-case-corner-clamp-cla501\/","url":"https:\/\/sxflightcase.com\/product\/flight-case-corner-clamp-cla501\/","name":"Flight Case Corner Clamp CLA501 - https:\/\/sxflightcase.com \ud83d\udc97","isPartOf":{"@id":"https:\/\/sxflightcase.com\/th\/#website"},"primaryImageOfPage":{"@id":"https:\/\/sxflightcase.com\/product\/flight-case-corner-clamp-cla501\/#primaryimage"},"image":{"@id":"https:\/\/sxflightcase.com\/product\/flight-case-corner-clamp-cla501\/#primaryimage"},"thumbnailUrl":"https:\/\/sxflightcase.com\/wp-content\/uploads\/2024\/08\/CLA501.jpg","datePublished":"2024-08-23T06:20:31+00:00","dateModified":"2024-08-23T06:20:32+00:00","description":"Bra\u00e7adeira de canto de mala de transporte, direta da f\u00e1brica! Grampos de alta qualidade e duradouros, concebidos para refor\u00e7ar e fixar com seguran\u00e7a os cantos das malas de viagem. Ideal para garantir uma prote\u00e7\u00e3o duradoura durante o transporte.","breadcrumb":{"@id":"https:\/\/sxflightcase.com\/product\/flight-case-corner-clamp-cla501\/#breadcrumb"},"inLanguage":"pt-PT","potentialAction":[{"@type":"ReadAction","target":["https:\/\/sxflightcase.com\/product\/flight-case-corner-clamp-cla501\/"]}]},{"@type":"ImageObject","inLanguage":"pt-PT","@id":"https:\/\/sxflightcase.com\/product\/flight-case-corner-clamp-cla501\/#primaryimage","url":"https:\/\/sxflightcase.com\/wp-content\/uploads\/2024\/08\/CLA501.jpg","contentUrl":"https:\/\/sxflightcase.com\/wp-content\/uploads\/2024\/08\/CLA501.jpg","width":700,"height":700,"caption":"Flight Case Corner Clamp"},{"@type":"BreadcrumbList","@id":"https:\/\/sxflightcase.com\/product\/flight-case-corner-clamp-cla501\/#breadcrumb","itemListElement":[{"@type":"ListItem","position":1,"name":"Home","item":"https:\/\/sxflightcase.com\/"},{"@type":"ListItem","position":2,"name":"\u0e2a\u0e34\u0e19\u0e04\u0e49\u0e32","item":"https:\/\/sxflightcase.com\/th\/shop\/"},{"@type":"ListItem","position":3,"name":"Flight Case Corner Clamp CLA501"}]},{"@type":"WebSite","@id":"https:\/\/sxflightcase.com\/th\/#website","url":"https:\/\/sxflightcase.com\/th\/","name":"sxpowercase.com","description":"F\u00e1brica de malas de voo","publisher":{"@id":"https:\/\/sxflightcase.com\/th\/#organization"},"potentialAction":[{"@type":"SearchAction","target":{"@type":"EntryPoint","urlTemplate":"https:\/\/sxflightcase.com\/th\/?s={search_term_string}"},"query-input":{"@type":"PropertyValueSpecification","valueRequired":true,"valueName":"search_term_string"}}],"inLanguage":"pt-PT"},{"@type":"Organization","@id":"https:\/\/sxflightcase.com\/th\/#organization","name":"sxpowercase.com","url":"https:\/\/sxflightcase.com\/th\/","logo":{"@type":"ImageObject","inLanguage":"pt-PT","@id":"https:\/\/sxflightcase.com\/th\/#\/schema\/logo\/image\/","url":"https:\/\/sxflightcase.com\/wp-content\/uploads\/2024\/04\/1713919036007.jpg","contentUrl":"https:\/\/sxflightcase.com\/wp-content\/uploads\/2024\/04\/1713919036007.jpg","width":382,"height":388,"caption":"sxpowercase.com"},"image":{"@id":"https:\/\/sxflightcase.com\/th\/#\/schema\/logo\/image\/"},"sameAs":["https:\/\/www.facebook.com\/profile.php?id=61560407257971"],"numberOfEmployees":{"@type":"QuantitativeValue","minValue":"11","maxValue":"50"}}]}},"_links":{"self":[{"href":"https:\/\/sxflightcase.com\/pt\/wp-json\/wp\/v2\/product\/4208","targetHints":{"allow":["GET"]}}],"collection":[{"href":"https:\/\/sxflightcase.com\/pt\/wp-json\/wp\/v2\/product"}],"about":[{"href":"https:\/\/sxflightcase.com\/pt\/wp-json\/wp\/v2\/types\/product"}],"replies":[{"embeddable":true,"href":"https:\/\/sxflightcase.com\/pt\/wp-json\/wp\/v2\/comments?post=4208"}],"version-history":[{"count":0,"href":"https:\/\/sxflightcase.com\/pt\/wp-json\/wp\/v2\/product\/4208\/revisions"}],"wp:featuredmedia":[{"embeddable":true,"href":"https:\/\/sxflightcase.com\/pt\/wp-json\/wp\/v2\/media\/4179"}],"wp:attachment":[{"href":"https:\/\/sxflightcase.com\/pt\/wp-json\/wp\/v2\/media?parent=4208"}],"wp:term":[{"taxonomy":"product_brand","embeddable":true,"href":"https:\/\/sxflightcase.com\/pt\/wp-json\/wp\/v2\/product_brand?post=4208"},{"taxonomy":"product_cat","embeddable":true,"href":"https:\/\/sxflightcase.com\/pt\/wp-json\/wp\/v2\/product_cat?post=4208"},{"taxonomy":"product_tag","embeddable":true,"href":"https:\/\/sxflightcase.com\/pt\/wp-json\/wp\/v2\/product_tag?post=4208"}],"curies":[{"name":"wp","href":"https:\/\/api.w.org\/{rel}","templated":true}]}}