{"id":4211,"date":"2024-08-24T07:59:50","date_gmt":"2024-08-24T06:59:50","guid":{"rendered":"https:\/\/sxpowercase.com\/?post_type=product&#038;p=4211"},"modified":"2024-08-24T07:59:51","modified_gmt":"2024-08-24T06:59:51","slug":"metal-corner-brace-cla502","status":"publish","type":"product","link":"https:\/\/sxflightcase.com\/pt\/produto\/cinta-metalica-para-cantos-cla502\/","title":{"rendered":"Cinta met\u00e1lica para cantos CLA502"},"content":{"rendered":"<h3>Cinta de canto met\u00e1lica SX de alta qualidade: Suporte duradouro a pre\u00e7os acess\u00edveis<\/h3>\n<h4>Cantos de confian\u00e7a para uma maior estabilidade<\/h4>\n<p>Quando se trata de fortalecer e refor\u00e7ar v\u00e1rias constru\u00e7\u00f5es, o <span style=\"color: #3366ff;\"><a style=\"color: #3366ff;\" href=\"https:\/\/sxpowercase.com\/product\/flight-case-corner-clamp-cla501\/\"><strong>Cinta met\u00e1lica para cantos<\/strong><\/a><\/span> da SX \u00e9 um componente essencial. Quer se trate de arm\u00e1rios, caixas ou mobili\u00e1rio, os nossos suportes s\u00e3o concebidos para proporcionar o m\u00e1ximo apoio a um custo reduzido. Ao oferecer vendas diretas da f\u00e1brica, a SX oferece pre\u00e7os imbat\u00edveis sem comprometer a qualidade, garantindo que obt\u00e9m o melhor valor para a sua compra.<\/p>\n<h4>Constru\u00eddo para a for\u00e7a e a longevidade<\/h4>\n<p><a href=\"https:\/\/sxpowercase.com\/\" target=\"_blank\" rel=\"noopener\" title=\"SX\" data-wpil-monitor-id=\"692\">SX<\/a> <strong>Cantos de metal<\/strong> s\u00e3o fabricados a partir de materiais met\u00e1licos duradouros, concebidos para suportar cargas pesadas e ambientes dif\u00edceis. Os nossos produtos s\u00e3o submetidos a rigorosos controlos de qualidade para garantir que cumprem os elevados padr\u00f5es da ind\u00fastria. Gra\u00e7as \u00e0 nossa distribui\u00e7\u00e3o direta da f\u00e1brica, podemos manter um controlo rigoroso da produ\u00e7\u00e3o, mantendo os custos baixos, o que lhe permite beneficiar de uma qualidade de topo e de pre\u00e7os acess\u00edveis.<\/p>\n<h4>Instala\u00e7\u00e3o simples e aplica\u00e7\u00f5es vers\u00e1teis<\/h4>\n<p>Instala\u00e7\u00e3o de SX's <strong>Cinta met\u00e1lica para cantos<\/strong> \u00e9 r\u00e1pido e f\u00e1cil, tornando-o adequado tanto para construtores profissionais como para entusiastas da bricolage. Estes suportes s\u00e3o vers\u00e1teis, proporcionando um apoio fi\u00e1vel para diferentes projectos, desde a fixa\u00e7\u00e3o de arm\u00e1rios ao refor\u00e7o de caixas de transporte. Com o compromisso da SX de praticar pre\u00e7os acess\u00edveis, pode concluir os seus projectos de forma eficiente sem gastar demasiado.<\/p>\n<h4>Qualidade garantida em cada compra<\/h4>\n<p>Na SX, orgulhamo-nos de fornecer produtos em que os nossos clientes podem confiar. Os nossos <strong>Cantos de metal<\/strong> s\u00e3o fabricados sob rigorosas medidas de controlo de qualidade, garantindo um desempenho consistente em todas as pe\u00e7as. Ao gerir diretamente o fabrico e a distribui\u00e7\u00e3o, a SX mant\u00e9m os pre\u00e7os baixos, ao mesmo tempo que mant\u00e9m os elevados padr\u00f5es que os nossos clientes esperam.<\/p>\n<h4>Solu\u00e7\u00f5es \u00e0 medida para necessidades \u00fanicas<\/h4>\n<p>A SX compreende que cada projeto \u00e9 \u00fanico. Oferecemos op\u00e7\u00f5es de personaliza\u00e7\u00e3o para os nossos <strong>Cantos de metal<\/strong>permitindo-lhe escolher o tamanho, o material ou o acabamento que melhor se adapta \u00e0s suas necessidades. Apesar de oferecer solu\u00e7\u00f5es personaliz\u00e1veis, o nosso modelo direto da f\u00e1brica garante que continua a beneficiar de pre\u00e7os competitivos, mesmo para encomendas especializadas.<\/p>\n<h4>Hardware com valor acrescentado da SX<\/h4>\n<p>A SX est\u00e1 empenhada em fornecer hardware de qualidade a pre\u00e7os baixos. Ao eliminar os intermedi\u00e1rios, podemos oferecer aos nossos clientes <strong>Cantos de metal<\/strong> diretamente da f\u00e1brica, transferindo poupan\u00e7as significativas para os nossos clientes. Quer esteja a gerir projectos de grande escala ou pequenas tarefas de bricolage, pode contar com a SX para obter hardware econ\u00f3mico e fi\u00e1vel.<\/p>\n<h4>Escolha a SX para as suas necessidades de cintas de canto<\/h4>\n<p>Quando se trata de proteger e refor\u00e7ar os seus projectos, confie na SX's <strong>Cinta met\u00e1lica para cantos<\/strong>. Combinando durabilidade, facilidade de instala\u00e7\u00e3o e pre\u00e7o acess\u00edvel diretamente da f\u00e1brica, estes suportes oferecem uma combina\u00e7\u00e3o perfeita de qualidade e valor. Para obter um suporte vers\u00e1til que n\u00e3o custa muito dinheiro, n\u00e3o procure mais do que a SX, a sua marca de refer\u00eancia para solu\u00e7\u00f5es de hardware fi\u00e1veis.<\/p>\n<p>Contactar agora:<span style=\"color: #0000ff;\"><a style=\"color: #0000ff;\" href=\"https:\/\/sxpowercase.com\/contact-us\/\">https:\/\/sxpowercase.com\/<\/a><\/span><\/p>\n<p>Cat\u00e1logo de produtos de hardware\uff1a<span style=\"color: #3366ff;\"><a style=\"color: #3366ff;\" href=\"https:\/\/sxpowercase.com\/wp-content\/uploads\/2024\/07\/\u4e94\u91d1.pdf\">Cat\u00e1logo de acess\u00f3rios de ferragens<\/a><\/span><\/p>","protected":false},"excerpt":{"rendered":"<h3>Suporte de canto em metal SX: Suporte acess\u00edvel e de alta qualidade<\/h3>\n<p>Reforce as suas constru\u00e7\u00f5es com a cinta de canto met\u00e1lica da SX. Ideais para arm\u00e1rios, caixas e mobili\u00e1rio, estas cintas proporcionam uma resist\u00eancia fi\u00e1vel a pre\u00e7os de f\u00e1brica, oferecendo um valor imbat\u00edvel sem comprometer a qualidade.<\/p>\n<h3>Dur\u00e1vel e feito para durar<\/h3>\n<p>Fabricados em metal robusto, os suportes de canto met\u00e1licos SX s\u00e3o concebidos para suportar cargas pesadas e condi\u00e7\u00f5es dif\u00edceis. Com rigorosos controlos de qualidade e vendas diretas da f\u00e1brica, obt\u00e9m-se um desempenho duradouro a pre\u00e7os acess\u00edveis.<\/p>\n<h3>F\u00e1cil de instalar, vers\u00e1til para qualquer projeto<\/h3>\n<p>Os suportes de canto met\u00e1licos SX s\u00e3o r\u00e1pidos de instalar e adequados para v\u00e1rias aplica\u00e7\u00f5es. Quer seja um profissional ou um entusiasta da bricolage, estes suportes vers\u00e1teis oferecem um apoio fi\u00e1vel para diferentes necessidades de constru\u00e7\u00e3o, mantendo os custos baixos.<\/p>","protected":false},"featured_media":4180,"comment_status":"open","ping_status":"closed","template":"","meta":[],"product_brand":[],"product_cat":[64],"product_tag":[],"class_list":{"0":"post-4211","1":"product","2":"type-product","3":"status-publish","4":"has-post-thumbnail","6":"product_cat-clamps","8":"first","9":"instock","10":"shipping-taxable","11":"product-type-simple"},"yoast_head":"<!-- This site is optimized with the Yoast SEO Premium plugin v27.1 (Yoast SEO v27.2) - https:\/\/yoast.com\/product\/yoast-seo-premium-wordpress\/ -->\n<title>Metal Corner Brace CLA502 - https:\/\/sxflightcase.com \ud83d\udc97<\/title>\n<meta name=\"description\" content=\"Metal corner brace, factory direct! High-quality, durable braces for reinforcing and securing corners in furniture, cases, and structures. Perfect for added stability and strength in various applications.\" \/>\n<meta name=\"robots\" content=\"index, follow, max-snippet:-1, max-image-preview:large, max-video-preview:-1\" \/>\n<link rel=\"canonical\" href=\"https:\/\/sxflightcase.com\/pt\/produto\/cinta-metalica-para-cantos-cla502\/\" \/>\n<meta property=\"og:locale\" content=\"pt_PT\" \/>\n<meta property=\"og:type\" content=\"article\" \/>\n<meta property=\"og:title\" content=\"Metal Corner Brace CLA502\" \/>\n<meta property=\"og:description\" content=\"Metal corner brace, factory direct! High-quality, durable braces for reinforcing and securing corners in furniture, cases, and structures. Perfect for added stability and strength in various applications.\" \/>\n<meta property=\"og:url\" content=\"https:\/\/sxflightcase.com\/pt\/produto\/cinta-metalica-para-cantos-cla502\/\" \/>\n<meta property=\"og:site_name\" content=\"https:\/\/sxflightcase.com\" \/>\n<meta property=\"article:publisher\" content=\"https:\/\/www.facebook.com\/profile.php?id=61560407257971\" \/>\n<meta property=\"article:modified_time\" content=\"2024-08-24T06:59:51+00:00\" \/>\n<meta property=\"og:image\" content=\"https:\/\/sxflightcase.com\/wp-content\/uploads\/2024\/08\/CLA502.jpg\" \/>\n\t<meta property=\"og:image:width\" content=\"700\" \/>\n\t<meta property=\"og:image:height\" content=\"700\" \/>\n\t<meta property=\"og:image:type\" content=\"image\/jpeg\" \/>\n<meta name=\"twitter:card\" content=\"summary_large_image\" \/>\n<meta name=\"twitter:label1\" content=\"Tempo estimado de leitura\" \/>\n\t<meta name=\"twitter:data1\" content=\"3 minutos\" \/>\n<script type=\"application\/ld+json\" class=\"yoast-schema-graph\">{\"@context\":\"https:\/\/schema.org\",\"@graph\":[{\"@type\":\"WebPage\",\"@id\":\"https:\/\/sxflightcase.com\/product\/metal-corner-brace-cla502\/\",\"url\":\"https:\/\/sxflightcase.com\/product\/metal-corner-brace-cla502\/\",\"name\":\"Metal Corner Brace CLA502 - https:\/\/sxflightcase.com \ud83d\udc97\",\"isPartOf\":{\"@id\":\"https:\/\/sxflightcase.com\/th\/#website\"},\"primaryImageOfPage\":{\"@id\":\"https:\/\/sxflightcase.com\/product\/metal-corner-brace-cla502\/#primaryimage\"},\"image\":{\"@id\":\"https:\/\/sxflightcase.com\/product\/metal-corner-brace-cla502\/#primaryimage\"},\"thumbnailUrl\":\"https:\/\/sxflightcase.com\/wp-content\/uploads\/2024\/08\/CLA502.jpg\",\"datePublished\":\"2024-08-24T06:59:50+00:00\",\"dateModified\":\"2024-08-24T06:59:51+00:00\",\"description\":\"Metal corner brace, factory direct! High-quality, durable braces for reinforcing and securing corners in furniture, cases, and structures. Perfect for added stability and strength in various applications.\",\"breadcrumb\":{\"@id\":\"https:\/\/sxflightcase.com\/product\/metal-corner-brace-cla502\/#breadcrumb\"},\"inLanguage\":\"pt-PT\",\"potentialAction\":[{\"@type\":\"ReadAction\",\"target\":[\"https:\/\/sxflightcase.com\/product\/metal-corner-brace-cla502\/\"]}]},{\"@type\":\"ImageObject\",\"inLanguage\":\"pt-PT\",\"@id\":\"https:\/\/sxflightcase.com\/product\/metal-corner-brace-cla502\/#primaryimage\",\"url\":\"https:\/\/sxflightcase.com\/wp-content\/uploads\/2024\/08\/CLA502.jpg\",\"contentUrl\":\"https:\/\/sxflightcase.com\/wp-content\/uploads\/2024\/08\/CLA502.jpg\",\"width\":700,\"height\":700,\"caption\":\"Metal Corner Brace\"},{\"@type\":\"BreadcrumbList\",\"@id\":\"https:\/\/sxflightcase.com\/product\/metal-corner-brace-cla502\/#breadcrumb\",\"itemListElement\":[{\"@type\":\"ListItem\",\"position\":1,\"name\":\"Home\",\"item\":\"https:\/\/sxflightcase.com\/\"},{\"@type\":\"ListItem\",\"position\":2,\"name\":\"\u0e2a\u0e34\u0e19\u0e04\u0e49\u0e32\",\"item\":\"https:\/\/sxflightcase.com\/th\/shop\/\"},{\"@type\":\"ListItem\",\"position\":3,\"name\":\"Metal Corner Brace CLA502\"}]},{\"@type\":\"WebSite\",\"@id\":\"https:\/\/sxflightcase.com\/th\/#website\",\"url\":\"https:\/\/sxflightcase.com\/th\/\",\"name\":\"sxpowercase.com\",\"description\":\"Flight Case Factory\",\"publisher\":{\"@id\":\"https:\/\/sxflightcase.com\/th\/#organization\"},\"potentialAction\":[{\"@type\":\"SearchAction\",\"target\":{\"@type\":\"EntryPoint\",\"urlTemplate\":\"https:\/\/sxflightcase.com\/th\/?s={search_term_string}\"},\"query-input\":{\"@type\":\"PropertyValueSpecification\",\"valueRequired\":true,\"valueName\":\"search_term_string\"}}],\"inLanguage\":\"pt-PT\"},{\"@type\":\"Organization\",\"@id\":\"https:\/\/sxflightcase.com\/th\/#organization\",\"name\":\"sxpowercase.com\",\"url\":\"https:\/\/sxflightcase.com\/th\/\",\"logo\":{\"@type\":\"ImageObject\",\"inLanguage\":\"pt-PT\",\"@id\":\"https:\/\/sxflightcase.com\/th\/#\/schema\/logo\/image\/\",\"url\":\"https:\/\/sxflightcase.com\/wp-content\/uploads\/2024\/04\/1713919036007.jpg\",\"contentUrl\":\"https:\/\/sxflightcase.com\/wp-content\/uploads\/2024\/04\/1713919036007.jpg\",\"width\":382,\"height\":388,\"caption\":\"sxpowercase.com\"},\"image\":{\"@id\":\"https:\/\/sxflightcase.com\/th\/#\/schema\/logo\/image\/\"},\"sameAs\":[\"https:\/\/www.facebook.com\/profile.php?id=61560407257971\"],\"numberOfEmployees\":{\"@type\":\"QuantitativeValue\",\"minValue\":\"11\",\"maxValue\":\"50\"}}]}<\/script>\n<!-- \/ Yoast SEO Premium plugin. -->","yoast_head_json":{"title":"Metal Corner Brace CLA502 - https:\/\/sxflightcase.com \ud83d\udc97","description":"Cinta met\u00e1lica para cantos, direta da f\u00e1brica! Cintas de alta qualidade e duradouras para refor\u00e7ar e fixar cantos em mobili\u00e1rio, caixas e estruturas. Perfeitas para aumentar a estabilidade e a resist\u00eancia em v\u00e1rias aplica\u00e7\u00f5es.","robots":{"index":"index","follow":"follow","max-snippet":"max-snippet:-1","max-image-preview":"max-image-preview:large","max-video-preview":"max-video-preview:-1"},"canonical":"https:\/\/sxflightcase.com\/pt\/produto\/cinta-metalica-para-cantos-cla502\/","og_locale":"pt_PT","og_type":"article","og_title":"Metal Corner Brace CLA502","og_description":"Metal corner brace, factory direct! High-quality, durable braces for reinforcing and securing corners in furniture, cases, and structures. Perfect for added stability and strength in various applications.","og_url":"https:\/\/sxflightcase.com\/pt\/produto\/cinta-metalica-para-cantos-cla502\/","og_site_name":"https:\/\/sxflightcase.com","article_publisher":"https:\/\/www.facebook.com\/profile.php?id=61560407257971","article_modified_time":"2024-08-24T06:59:51+00:00","og_image":[{"width":700,"height":700,"url":"https:\/\/sxflightcase.com\/wp-content\/uploads\/2024\/08\/CLA502.jpg","type":"image\/jpeg"}],"twitter_card":"summary_large_image","twitter_misc":{"Tempo estimado de leitura":"3 minutos"},"schema":{"@context":"https:\/\/schema.org","@graph":[{"@type":"WebPage","@id":"https:\/\/sxflightcase.com\/product\/metal-corner-brace-cla502\/","url":"https:\/\/sxflightcase.com\/product\/metal-corner-brace-cla502\/","name":"Metal Corner Brace CLA502 - https:\/\/sxflightcase.com \ud83d\udc97","isPartOf":{"@id":"https:\/\/sxflightcase.com\/th\/#website"},"primaryImageOfPage":{"@id":"https:\/\/sxflightcase.com\/product\/metal-corner-brace-cla502\/#primaryimage"},"image":{"@id":"https:\/\/sxflightcase.com\/product\/metal-corner-brace-cla502\/#primaryimage"},"thumbnailUrl":"https:\/\/sxflightcase.com\/wp-content\/uploads\/2024\/08\/CLA502.jpg","datePublished":"2024-08-24T06:59:50+00:00","dateModified":"2024-08-24T06:59:51+00:00","description":"Cinta met\u00e1lica para cantos, direta da f\u00e1brica! Cintas de alta qualidade e duradouras para refor\u00e7ar e fixar cantos em mobili\u00e1rio, caixas e estruturas. Perfeitas para aumentar a estabilidade e a resist\u00eancia em v\u00e1rias aplica\u00e7\u00f5es.","breadcrumb":{"@id":"https:\/\/sxflightcase.com\/product\/metal-corner-brace-cla502\/#breadcrumb"},"inLanguage":"pt-PT","potentialAction":[{"@type":"ReadAction","target":["https:\/\/sxflightcase.com\/product\/metal-corner-brace-cla502\/"]}]},{"@type":"ImageObject","inLanguage":"pt-PT","@id":"https:\/\/sxflightcase.com\/product\/metal-corner-brace-cla502\/#primaryimage","url":"https:\/\/sxflightcase.com\/wp-content\/uploads\/2024\/08\/CLA502.jpg","contentUrl":"https:\/\/sxflightcase.com\/wp-content\/uploads\/2024\/08\/CLA502.jpg","width":700,"height":700,"caption":"Metal Corner Brace"},{"@type":"BreadcrumbList","@id":"https:\/\/sxflightcase.com\/product\/metal-corner-brace-cla502\/#breadcrumb","itemListElement":[{"@type":"ListItem","position":1,"name":"Home","item":"https:\/\/sxflightcase.com\/"},{"@type":"ListItem","position":2,"name":"\u0e2a\u0e34\u0e19\u0e04\u0e49\u0e32","item":"https:\/\/sxflightcase.com\/th\/shop\/"},{"@type":"ListItem","position":3,"name":"Metal Corner Brace CLA502"}]},{"@type":"WebSite","@id":"https:\/\/sxflightcase.com\/th\/#website","url":"https:\/\/sxflightcase.com\/th\/","name":"sxpowercase.com","description":"F\u00e1brica de malas de voo","publisher":{"@id":"https:\/\/sxflightcase.com\/th\/#organization"},"potentialAction":[{"@type":"SearchAction","target":{"@type":"EntryPoint","urlTemplate":"https:\/\/sxflightcase.com\/th\/?s={search_term_string}"},"query-input":{"@type":"PropertyValueSpecification","valueRequired":true,"valueName":"search_term_string"}}],"inLanguage":"pt-PT"},{"@type":"Organization","@id":"https:\/\/sxflightcase.com\/th\/#organization","name":"sxpowercase.com","url":"https:\/\/sxflightcase.com\/th\/","logo":{"@type":"ImageObject","inLanguage":"pt-PT","@id":"https:\/\/sxflightcase.com\/th\/#\/schema\/logo\/image\/","url":"https:\/\/sxflightcase.com\/wp-content\/uploads\/2024\/04\/1713919036007.jpg","contentUrl":"https:\/\/sxflightcase.com\/wp-content\/uploads\/2024\/04\/1713919036007.jpg","width":382,"height":388,"caption":"sxpowercase.com"},"image":{"@id":"https:\/\/sxflightcase.com\/th\/#\/schema\/logo\/image\/"},"sameAs":["https:\/\/www.facebook.com\/profile.php?id=61560407257971"],"numberOfEmployees":{"@type":"QuantitativeValue","minValue":"11","maxValue":"50"}}]}},"_links":{"self":[{"href":"https:\/\/sxflightcase.com\/pt\/wp-json\/wp\/v2\/product\/4211","targetHints":{"allow":["GET"]}}],"collection":[{"href":"https:\/\/sxflightcase.com\/pt\/wp-json\/wp\/v2\/product"}],"about":[{"href":"https:\/\/sxflightcase.com\/pt\/wp-json\/wp\/v2\/types\/product"}],"replies":[{"embeddable":true,"href":"https:\/\/sxflightcase.com\/pt\/wp-json\/wp\/v2\/comments?post=4211"}],"version-history":[{"count":0,"href":"https:\/\/sxflightcase.com\/pt\/wp-json\/wp\/v2\/product\/4211\/revisions"}],"wp:featuredmedia":[{"embeddable":true,"href":"https:\/\/sxflightcase.com\/pt\/wp-json\/wp\/v2\/media\/4180"}],"wp:attachment":[{"href":"https:\/\/sxflightcase.com\/pt\/wp-json\/wp\/v2\/media?parent=4211"}],"wp:term":[{"taxonomy":"product_brand","embeddable":true,"href":"https:\/\/sxflightcase.com\/pt\/wp-json\/wp\/v2\/product_brand?post=4211"},{"taxonomy":"product_cat","embeddable":true,"href":"https:\/\/sxflightcase.com\/pt\/wp-json\/wp\/v2\/product_cat?post=4211"},{"taxonomy":"product_tag","embeddable":true,"href":"https:\/\/sxflightcase.com\/pt\/wp-json\/wp\/v2\/product_tag?post=4211"}],"curies":[{"name":"wp","href":"https:\/\/api.w.org\/{rel}","templated":true}]}}