{"id":4221,"date":"2024-08-26T08:28:53","date_gmt":"2024-08-26T07:28:53","guid":{"rendered":"https:\/\/sxpowercase.com\/?post_type=product&#038;p=4221"},"modified":"2024-08-26T08:28:54","modified_gmt":"2024-08-26T07:28:54","slug":"flight-case-corner-brace-cla802","status":"publish","type":"product","link":"https:\/\/sxflightcase.com\/pt\/produto\/suporte-de-canto-da-caixa-de-voo-cla802\/","title":{"rendered":"Bra\u00e7adeira de canto para mala de transporte CLA802"},"content":{"rendered":"<h3>Suporte de canto da mala de transporte SX: Aumente a durabilidade sem gastar muito<\/h3>\n<h4>Prote\u00e7\u00e3o superior com o suporte de canto da mala de transporte SX<\/h4>\n<p>Quando se trata de proteger o seu valioso equipamento, \u00e9 essencial ter um hardware de caixa fi\u00e1vel. A SX fornece <span style=\"color: #3366ff;\"><a style=\"color: #3366ff;\" href=\"https:\/\/sxpowercase.com\/product\/flight-case-corner-brace-cla801\/\"><strong>Bra\u00e7adeira de canto da mala de transporte<\/strong><\/a><\/span>\u00a0que oferecem maior durabilidade e prote\u00e7\u00e3o para o seu equipamento. Concebidos tanto para profissionais como para construtores de bricolage, estes suportes ajudam a refor\u00e7ar a integridade estrutural das suas caixas, mantendo os custos baixos.<\/p>\n<h4>Concebida para um desempenho em trabalhos pesados<\/h4>\n<p>SX's <strong>Bra\u00e7adeiras de canto da mala de transporte<\/strong> s\u00e3o constru\u00eddos a partir de materiais met\u00e1licos robustos, garantindo que suportam o desgaste de uma utiliza\u00e7\u00e3o frequente. Estes suportes de canto protegem as suas malas contra danos por impacto, mantendo o seu equipamento seguro durante o transporte. Com um enfoque na garantia de qualidade, <a href=\"https:\/\/sxpowercase.com\/\" target=\"_blank\" rel=\"noopener\" title=\"SX\" data-wpil-monitor-id=\"699\">SX<\/a> oferece solu\u00e7\u00f5es de hardware duradouras que funcionam em qualquer ambiente.<\/p>\n<h4>Pre\u00e7os diretos de f\u00e1brica para maiores poupan\u00e7as<\/h4>\n<p>Na SX, acreditamos em oferecer produtos de alta qualidade sem o pre\u00e7o elevado. Ao abastecermo-nos diretamente na nossa f\u00e1brica, mantemos os custos baixos e transferimos as poupan\u00e7as para si. Os nossos <strong>Bra\u00e7adeiras de canto da mala de transporte<\/strong> fornecem uma solu\u00e7\u00e3o econ\u00f3mica para quem pretende durabilidade e qualidade sem gastar demasiado. Os pre\u00e7os diretos da f\u00e1brica garantem que obt\u00e9m mais valor pelo seu dinheiro.<\/p>\n<h4>F\u00e1cil instala\u00e7\u00e3o e ajuste vers\u00e1til<\/h4>\n<p>O <strong>Bra\u00e7adeiras de canto da mala de transporte<\/strong> Os suportes de canto da SX foram concebidos para uma instala\u00e7\u00e3o r\u00e1pida e f\u00e1cil, tornando-os ideais para v\u00e1rios designs de caixas. Quer esteja a atualizar caixas existentes ou a montar novas caixas, os nossos suportes de canto encaixam na perfei\u00e7\u00e3o, proporcionando a estabilidade de que necessita. A versatilidade do nosso hardware garante a compatibilidade com v\u00e1rias configura\u00e7\u00f5es, satisfazendo os diferentes requisitos do projeto.<\/p>\n<h4>Op\u00e7\u00f5es de personaliza\u00e7\u00e3o adaptadas \u00e0s suas necessidades<\/h4>\n<p>Na SX, a personaliza\u00e7\u00e3o \u00e9 fundamental. Oferecemos uma gama de op\u00e7\u00f5es para os nossos <strong>Bra\u00e7adeiras de canto da mala de transporte<\/strong>permitindo-lhe escolher as especifica\u00e7\u00f5es que melhor se adaptam aos seus casos. Desde diferentes tamanhos a acabamentos e materiais, adaptamos os nossos produtos \u00e0s suas prefer\u00eancias exactas, mantendo pre\u00e7os competitivos. As solu\u00e7\u00f5es personalizadas n\u00e3o t\u00eam de ser dispendiosas com a SX.<\/p>\n<h4>SX: O seu parceiro de confian\u00e7a para hardware de caixas<\/h4>\n<p>A SX est\u00e1 empenhada em fornecer hardware fi\u00e1vel e rent\u00e1vel para caixas de voo. Os nossos <strong>Bra\u00e7adeiras de canto da mala de transporte<\/strong> s\u00e3o fabricados com aten\u00e7\u00e3o aos pormenores, garantindo uma prote\u00e7\u00e3o e um desempenho \u00f3ptimos. Quando escolhe a SX, est\u00e1 a selecionar uma marca conhecida pela garantia de qualidade, acessibilidade e satisfa\u00e7\u00e3o do cliente.<\/p>\n<h4>Proteja o seu equipamento com os suportes de canto da mala de transporte SX<\/h4>\n<p>Ao construir ou reparar uma caixa de transporte, cada componente desempenha um papel vital para garantir a seguran\u00e7a do seu equipamento. Os <strong>Bra\u00e7adeiras de canto da mala de transporte<\/strong> adicionam o refor\u00e7o extra necess\u00e1rio para manter as suas malas nas melhores condi\u00e7\u00f5es. Com uma combina\u00e7\u00e3o de pre\u00e7o acess\u00edvel, qualidade e facilidade de utiliza\u00e7\u00e3o, a SX oferece a solu\u00e7\u00e3o perfeita para quem procura melhorar a sua mala de viagem com hardware dur\u00e1vel e fi\u00e1vel.<\/p>\n<p>Contactar agora:<span style=\"color: #0000ff;\"><a style=\"color: #0000ff;\" href=\"https:\/\/sxpowercase.com\/contact-us\/\">https:\/\/sxpowercase.com\/<\/a><\/span><\/p>\n<p>Cat\u00e1logo de produtos de hardware\uff1a<span style=\"color: #3366ff;\"><a style=\"color: #3366ff;\" href=\"https:\/\/sxpowercase.com\/wp-content\/uploads\/2024\/07\/\u4e94\u91d1.pdf\">Cat\u00e1logo de acess\u00f3rios de ferragens<\/a><\/span><\/p>","protected":false},"excerpt":{"rendered":"<h3>Suporte de canto para mala de voo SX: Prote\u00e7\u00e3o refor\u00e7ada a pre\u00e7os acess\u00edveis<\/h3>\n<p>A SX oferece suportes de canto met\u00e1licos de alta qualidade para refor\u00e7ar as suas caixas para transporte frequente. As vendas diretas da f\u00e1brica garantem hardware duradouro a pre\u00e7os acess\u00edveis.<\/p>\n<h3>Barras de canto SX dur\u00e1veis e f\u00e1ceis de instalar<\/h3>\n<p>Os suportes de canto SX adaptam-se a v\u00e1rios designs de caixas e s\u00e3o f\u00e1ceis de instalar, proporcionando uma maior estabilidade. Quer esteja a atualizar caixas antigas ou a construir novas caixas, o SX \u00e9 uma escolha de confian\u00e7a.<\/p>\n<h3>Solu\u00e7\u00f5es personaliz\u00e1veis para satisfazer as suas necessidades espec\u00edficas<\/h3>\n<p>A SX oferece op\u00e7\u00f5es de personaliza\u00e7\u00e3o de tamanho e material, mantendo o pre\u00e7o direto da f\u00e1brica, fornecendo hardware rent\u00e1vel adaptado \u00e0s suas necessidades exclusivas.<\/p>","protected":false},"featured_media":4187,"comment_status":"open","ping_status":"closed","template":"","meta":[],"product_brand":[],"product_cat":[64],"product_tag":[],"class_list":{"0":"post-4221","1":"product","2":"type-product","3":"status-publish","4":"has-post-thumbnail","6":"product_cat-clamps","8":"first","9":"instock","10":"shipping-taxable","11":"product-type-simple"},"yoast_head":"<!-- This site is optimized with the Yoast SEO Premium plugin v27.1 (Yoast SEO v27.2) - https:\/\/yoast.com\/product\/yoast-seo-premium-wordpress\/ -->\n<title>Flight Case Corner Brace CLA802 - https:\/\/sxflightcase.com \ud83d\udc97<\/title>\n<meta name=\"description\" content=\"Flight case corner brace, factory direct! Durable, high-quality braces designed to reinforce and secure flight case corners. Ideal for ensuring stability and long-lasting protection during transport.\" \/>\n<meta name=\"robots\" content=\"index, follow, max-snippet:-1, max-image-preview:large, max-video-preview:-1\" \/>\n<link rel=\"canonical\" href=\"https:\/\/sxflightcase.com\/pt\/produto\/suporte-de-canto-da-caixa-de-voo-cla802\/\" \/>\n<meta property=\"og:locale\" content=\"pt_PT\" \/>\n<meta property=\"og:type\" content=\"article\" \/>\n<meta property=\"og:title\" content=\"Flight Case Corner Brace CLA802\" \/>\n<meta property=\"og:description\" content=\"Flight case corner brace, factory direct! Durable, high-quality braces designed to reinforce and secure flight case corners. Ideal for ensuring stability and long-lasting protection during transport.\" \/>\n<meta property=\"og:url\" content=\"https:\/\/sxflightcase.com\/pt\/produto\/suporte-de-canto-da-caixa-de-voo-cla802\/\" \/>\n<meta property=\"og:site_name\" content=\"https:\/\/sxflightcase.com\" \/>\n<meta property=\"article:publisher\" content=\"https:\/\/www.facebook.com\/profile.php?id=61560407257971\" \/>\n<meta property=\"article:modified_time\" content=\"2024-08-26T07:28:54+00:00\" \/>\n<meta property=\"og:image\" content=\"https:\/\/sxflightcase.com\/wp-content\/uploads\/2024\/08\/CLA802.jpg\" \/>\n\t<meta property=\"og:image:width\" content=\"700\" \/>\n\t<meta property=\"og:image:height\" content=\"700\" \/>\n\t<meta property=\"og:image:type\" content=\"image\/jpeg\" \/>\n<meta name=\"twitter:card\" content=\"summary_large_image\" \/>\n<meta name=\"twitter:label1\" content=\"Tempo estimado de leitura\" \/>\n\t<meta name=\"twitter:data1\" content=\"3 minutos\" \/>\n<script type=\"application\/ld+json\" class=\"yoast-schema-graph\">{\"@context\":\"https:\/\/schema.org\",\"@graph\":[{\"@type\":\"WebPage\",\"@id\":\"https:\/\/sxflightcase.com\/product\/flight-case-corner-brace-cla802\/\",\"url\":\"https:\/\/sxflightcase.com\/product\/flight-case-corner-brace-cla802\/\",\"name\":\"Flight Case Corner Brace CLA802 - https:\/\/sxflightcase.com \ud83d\udc97\",\"isPartOf\":{\"@id\":\"https:\/\/sxflightcase.com\/th\/#website\"},\"primaryImageOfPage\":{\"@id\":\"https:\/\/sxflightcase.com\/product\/flight-case-corner-brace-cla802\/#primaryimage\"},\"image\":{\"@id\":\"https:\/\/sxflightcase.com\/product\/flight-case-corner-brace-cla802\/#primaryimage\"},\"thumbnailUrl\":\"https:\/\/sxflightcase.com\/wp-content\/uploads\/2024\/08\/CLA802.jpg\",\"datePublished\":\"2024-08-26T07:28:53+00:00\",\"dateModified\":\"2024-08-26T07:28:54+00:00\",\"description\":\"Flight case corner brace, factory direct! Durable, high-quality braces designed to reinforce and secure flight case corners. Ideal for ensuring stability and long-lasting protection during transport.\",\"breadcrumb\":{\"@id\":\"https:\/\/sxflightcase.com\/product\/flight-case-corner-brace-cla802\/#breadcrumb\"},\"inLanguage\":\"pt-PT\",\"potentialAction\":[{\"@type\":\"ReadAction\",\"target\":[\"https:\/\/sxflightcase.com\/product\/flight-case-corner-brace-cla802\/\"]}]},{\"@type\":\"ImageObject\",\"inLanguage\":\"pt-PT\",\"@id\":\"https:\/\/sxflightcase.com\/product\/flight-case-corner-brace-cla802\/#primaryimage\",\"url\":\"https:\/\/sxflightcase.com\/wp-content\/uploads\/2024\/08\/CLA802.jpg\",\"contentUrl\":\"https:\/\/sxflightcase.com\/wp-content\/uploads\/2024\/08\/CLA802.jpg\",\"width\":700,\"height\":700,\"caption\":\"Flight Case Corner Brace\"},{\"@type\":\"BreadcrumbList\",\"@id\":\"https:\/\/sxflightcase.com\/product\/flight-case-corner-brace-cla802\/#breadcrumb\",\"itemListElement\":[{\"@type\":\"ListItem\",\"position\":1,\"name\":\"Home\",\"item\":\"https:\/\/sxflightcase.com\/\"},{\"@type\":\"ListItem\",\"position\":2,\"name\":\"\u0e2a\u0e34\u0e19\u0e04\u0e49\u0e32\",\"item\":\"https:\/\/sxflightcase.com\/th\/shop\/\"},{\"@type\":\"ListItem\",\"position\":3,\"name\":\"Flight Case Corner Brace CLA802\"}]},{\"@type\":\"WebSite\",\"@id\":\"https:\/\/sxflightcase.com\/th\/#website\",\"url\":\"https:\/\/sxflightcase.com\/th\/\",\"name\":\"sxpowercase.com\",\"description\":\"Flight Case Factory\",\"publisher\":{\"@id\":\"https:\/\/sxflightcase.com\/th\/#organization\"},\"potentialAction\":[{\"@type\":\"SearchAction\",\"target\":{\"@type\":\"EntryPoint\",\"urlTemplate\":\"https:\/\/sxflightcase.com\/th\/?s={search_term_string}\"},\"query-input\":{\"@type\":\"PropertyValueSpecification\",\"valueRequired\":true,\"valueName\":\"search_term_string\"}}],\"inLanguage\":\"pt-PT\"},{\"@type\":\"Organization\",\"@id\":\"https:\/\/sxflightcase.com\/th\/#organization\",\"name\":\"sxpowercase.com\",\"url\":\"https:\/\/sxflightcase.com\/th\/\",\"logo\":{\"@type\":\"ImageObject\",\"inLanguage\":\"pt-PT\",\"@id\":\"https:\/\/sxflightcase.com\/th\/#\/schema\/logo\/image\/\",\"url\":\"https:\/\/sxflightcase.com\/wp-content\/uploads\/2024\/04\/1713919036007.jpg\",\"contentUrl\":\"https:\/\/sxflightcase.com\/wp-content\/uploads\/2024\/04\/1713919036007.jpg\",\"width\":382,\"height\":388,\"caption\":\"sxpowercase.com\"},\"image\":{\"@id\":\"https:\/\/sxflightcase.com\/th\/#\/schema\/logo\/image\/\"},\"sameAs\":[\"https:\/\/www.facebook.com\/profile.php?id=61560407257971\"],\"numberOfEmployees\":{\"@type\":\"QuantitativeValue\",\"minValue\":\"11\",\"maxValue\":\"50\"}}]}<\/script>\n<!-- \/ Yoast SEO Premium plugin. -->","yoast_head_json":{"title":"Flight Case Corner Brace CLA802 - https:\/\/sxflightcase.com \ud83d\udc97","description":"Suporte para cantos de malas de avi\u00e3o, direto da f\u00e1brica! Bra\u00e7adeiras dur\u00e1veis e de alta qualidade, concebidas para refor\u00e7ar e fixar os cantos das malas de viagem. Ideais para garantir estabilidade e prote\u00e7\u00e3o duradoura durante o transporte.","robots":{"index":"index","follow":"follow","max-snippet":"max-snippet:-1","max-image-preview":"max-image-preview:large","max-video-preview":"max-video-preview:-1"},"canonical":"https:\/\/sxflightcase.com\/pt\/produto\/suporte-de-canto-da-caixa-de-voo-cla802\/","og_locale":"pt_PT","og_type":"article","og_title":"Flight Case Corner Brace CLA802","og_description":"Flight case corner brace, factory direct! Durable, high-quality braces designed to reinforce and secure flight case corners. Ideal for ensuring stability and long-lasting protection during transport.","og_url":"https:\/\/sxflightcase.com\/pt\/produto\/suporte-de-canto-da-caixa-de-voo-cla802\/","og_site_name":"https:\/\/sxflightcase.com","article_publisher":"https:\/\/www.facebook.com\/profile.php?id=61560407257971","article_modified_time":"2024-08-26T07:28:54+00:00","og_image":[{"width":700,"height":700,"url":"https:\/\/sxflightcase.com\/wp-content\/uploads\/2024\/08\/CLA802.jpg","type":"image\/jpeg"}],"twitter_card":"summary_large_image","twitter_misc":{"Tempo estimado de leitura":"3 minutos"},"schema":{"@context":"https:\/\/schema.org","@graph":[{"@type":"WebPage","@id":"https:\/\/sxflightcase.com\/product\/flight-case-corner-brace-cla802\/","url":"https:\/\/sxflightcase.com\/product\/flight-case-corner-brace-cla802\/","name":"Flight Case Corner Brace CLA802 - https:\/\/sxflightcase.com \ud83d\udc97","isPartOf":{"@id":"https:\/\/sxflightcase.com\/th\/#website"},"primaryImageOfPage":{"@id":"https:\/\/sxflightcase.com\/product\/flight-case-corner-brace-cla802\/#primaryimage"},"image":{"@id":"https:\/\/sxflightcase.com\/product\/flight-case-corner-brace-cla802\/#primaryimage"},"thumbnailUrl":"https:\/\/sxflightcase.com\/wp-content\/uploads\/2024\/08\/CLA802.jpg","datePublished":"2024-08-26T07:28:53+00:00","dateModified":"2024-08-26T07:28:54+00:00","description":"Suporte para cantos de malas de avi\u00e3o, direto da f\u00e1brica! Bra\u00e7adeiras dur\u00e1veis e de alta qualidade, concebidas para refor\u00e7ar e fixar os cantos das malas de viagem. Ideais para garantir estabilidade e prote\u00e7\u00e3o duradoura durante o transporte.","breadcrumb":{"@id":"https:\/\/sxflightcase.com\/product\/flight-case-corner-brace-cla802\/#breadcrumb"},"inLanguage":"pt-PT","potentialAction":[{"@type":"ReadAction","target":["https:\/\/sxflightcase.com\/product\/flight-case-corner-brace-cla802\/"]}]},{"@type":"ImageObject","inLanguage":"pt-PT","@id":"https:\/\/sxflightcase.com\/product\/flight-case-corner-brace-cla802\/#primaryimage","url":"https:\/\/sxflightcase.com\/wp-content\/uploads\/2024\/08\/CLA802.jpg","contentUrl":"https:\/\/sxflightcase.com\/wp-content\/uploads\/2024\/08\/CLA802.jpg","width":700,"height":700,"caption":"Flight Case Corner Brace"},{"@type":"BreadcrumbList","@id":"https:\/\/sxflightcase.com\/product\/flight-case-corner-brace-cla802\/#breadcrumb","itemListElement":[{"@type":"ListItem","position":1,"name":"Home","item":"https:\/\/sxflightcase.com\/"},{"@type":"ListItem","position":2,"name":"\u0e2a\u0e34\u0e19\u0e04\u0e49\u0e32","item":"https:\/\/sxflightcase.com\/th\/shop\/"},{"@type":"ListItem","position":3,"name":"Flight Case Corner Brace CLA802"}]},{"@type":"WebSite","@id":"https:\/\/sxflightcase.com\/th\/#website","url":"https:\/\/sxflightcase.com\/th\/","name":"sxpowercase.com","description":"F\u00e1brica de malas de voo","publisher":{"@id":"https:\/\/sxflightcase.com\/th\/#organization"},"potentialAction":[{"@type":"SearchAction","target":{"@type":"EntryPoint","urlTemplate":"https:\/\/sxflightcase.com\/th\/?s={search_term_string}"},"query-input":{"@type":"PropertyValueSpecification","valueRequired":true,"valueName":"search_term_string"}}],"inLanguage":"pt-PT"},{"@type":"Organization","@id":"https:\/\/sxflightcase.com\/th\/#organization","name":"sxpowercase.com","url":"https:\/\/sxflightcase.com\/th\/","logo":{"@type":"ImageObject","inLanguage":"pt-PT","@id":"https:\/\/sxflightcase.com\/th\/#\/schema\/logo\/image\/","url":"https:\/\/sxflightcase.com\/wp-content\/uploads\/2024\/04\/1713919036007.jpg","contentUrl":"https:\/\/sxflightcase.com\/wp-content\/uploads\/2024\/04\/1713919036007.jpg","width":382,"height":388,"caption":"sxpowercase.com"},"image":{"@id":"https:\/\/sxflightcase.com\/th\/#\/schema\/logo\/image\/"},"sameAs":["https:\/\/www.facebook.com\/profile.php?id=61560407257971"],"numberOfEmployees":{"@type":"QuantitativeValue","minValue":"11","maxValue":"50"}}]}},"_links":{"self":[{"href":"https:\/\/sxflightcase.com\/pt\/wp-json\/wp\/v2\/product\/4221","targetHints":{"allow":["GET"]}}],"collection":[{"href":"https:\/\/sxflightcase.com\/pt\/wp-json\/wp\/v2\/product"}],"about":[{"href":"https:\/\/sxflightcase.com\/pt\/wp-json\/wp\/v2\/types\/product"}],"replies":[{"embeddable":true,"href":"https:\/\/sxflightcase.com\/pt\/wp-json\/wp\/v2\/comments?post=4221"}],"version-history":[{"count":0,"href":"https:\/\/sxflightcase.com\/pt\/wp-json\/wp\/v2\/product\/4221\/revisions"}],"wp:featuredmedia":[{"embeddable":true,"href":"https:\/\/sxflightcase.com\/pt\/wp-json\/wp\/v2\/media\/4187"}],"wp:attachment":[{"href":"https:\/\/sxflightcase.com\/pt\/wp-json\/wp\/v2\/media?parent=4221"}],"wp:term":[{"taxonomy":"product_brand","embeddable":true,"href":"https:\/\/sxflightcase.com\/pt\/wp-json\/wp\/v2\/product_brand?post=4221"},{"taxonomy":"product_cat","embeddable":true,"href":"https:\/\/sxflightcase.com\/pt\/wp-json\/wp\/v2\/product_cat?post=4221"},{"taxonomy":"product_tag","embeddable":true,"href":"https:\/\/sxflightcase.com\/pt\/wp-json\/wp\/v2\/product_tag?post=4221"}],"curies":[{"name":"wp","href":"https:\/\/api.w.org\/{rel}","templated":true}]}}