{"id":4224,"date":"2024-08-27T03:45:20","date_gmt":"2024-08-27T02:45:20","guid":{"rendered":"https:\/\/sxpowercase.com\/?post_type=product&#038;p=4224"},"modified":"2024-08-27T03:45:21","modified_gmt":"2024-08-27T02:45:21","slug":"road-case-corner-brace-cla803","status":"publish","type":"product","link":"https:\/\/sxflightcase.com\/pt\/produto\/cinta-de-canto-da-mala-de-estrada-cla803\/","title":{"rendered":"Bra\u00e7adeira de canto da mala de estrada CLA803"},"content":{"rendered":"<h3>Prote\u00e7\u00e3o fi\u00e1vel com a cinta de canto SX Road Case<\/h3>\n<p>Quando se constroem ou reparam caixas de transporte rodovi\u00e1rio, a durabilidade e a resist\u00eancia s\u00e3o essenciais. A SX oferece <span style=\"color: #3366ff;\"><a style=\"color: #3366ff;\" href=\"https:\/\/sxpowercase.com\/product\/flight-case-corner-brace-cla802\/\"><strong>Cinta de canto da mala de estrada<\/strong><\/a><\/span>\u00a0Concebidas para proporcionar uma prote\u00e7\u00e3o \u00f3ptima ao seu equipamento. Estes suportes de canto acrescentam estabilidade \u00e0s suas malas, assegurando que podem suportar os rigores do transporte frequente. <a href=\"https:\/\/sxpowercase.com\/\" target=\"_blank\" rel=\"noopener\" title=\"SX\" data-wpil-monitor-id=\"700\">SX<\/a> combinam materiais de primeira qualidade com pre\u00e7os diretos de f\u00e1brica, proporcionando uma excelente rela\u00e7\u00e3o qualidade\/pre\u00e7o.<\/p>\n<h3>Constru\u00eddo para durar com materiais resistentes<\/h3>\n<p>A SX compreende que as caixas de transporte rodovi\u00e1rio t\u00eam de ser suficientemente fortes para suportar as exig\u00eancias da estrada. Os nossos <strong>Cinta de canto da mala de estrada<\/strong>\u00a0s\u00e3o fabricadas em metal resistente, garantindo um desempenho duradouro e uma prote\u00e7\u00e3o melhorada para as suas malas. A constru\u00e7\u00e3o robusta oferece um refor\u00e7o adicional, protegendo contra impactos, quedas e desgaste durante as viagens. Com a SX, pode confiar que a qualidade nunca \u00e9 comprometida, mesmo com os nossos pre\u00e7os competitivos.<\/p>\n<h3>Qualidade acess\u00edvel de f\u00e1brica direta<\/h3>\n<p>Na SX, acreditamos que a qualidade deve ser acess\u00edvel. Ao adquirirmos os nossos produtos diretamente da f\u00e1brica, eliminamos custos desnecess\u00e1rios, oferecendo <strong>Cinta de canto da mala de estrada<\/strong>\u00a0a pre\u00e7os imbat\u00edveis. Esta abordagem direta da f\u00e1brica garante que recebe hardware dur\u00e1vel e fi\u00e1vel sem pagar mais. A garantia de qualidade \u00e9 a nossa prioridade e mantemos padr\u00f5es rigorosos, ao mesmo tempo que mantemos os pre\u00e7os baixos.<\/p>\n<h3>Instala\u00e7\u00e3o f\u00e1cil para qualquer projeto<\/h3>\n<p>SX's <strong>Cantos da mala de viagem<\/strong> s\u00e3o concebidos para uma instala\u00e7\u00e3o simples, quer esteja a construir uma nova mala ou a refor\u00e7ar uma mala existente. O design vers\u00e1til garante a compatibilidade com v\u00e1rias configura\u00e7\u00f5es de caixas de estrada, permitindo-lhe aumentar a durabilidade da sua caixa com o m\u00ednimo esfor\u00e7o. Esta flexibilidade faz com que os nossos suportes de canto sejam ideais tanto para os construtores profissionais como para os que fazem bricolage.<\/p>\n<h3>Op\u00e7\u00f5es personaliz\u00e1veis para satisfazer as suas necessidades<\/h3>\n<p>Reconhecemos que cada projeto \u00e9 \u00fanico, e \u00e9 por isso que a SX oferece op\u00e7\u00f5es personaliz\u00e1veis para os nossos <strong>Cantos da mala de viagem<\/strong>. Desde diferentes tamanhos e acabamentos a solu\u00e7\u00f5es \u00e0 medida para designs de caixas espec\u00edficos, a SX tem a variedade de que necessita a pre\u00e7os acess\u00edveis. O nosso objetivo \u00e9 fornecer personaliza\u00e7\u00e3o sem comprometer a qualidade ou aumentar os custos.<\/p>\n<h3>Confiado por profissionais em todo o mundo<\/h3>\n<p>A SX construiu uma reputa\u00e7\u00e3o de fornecer solu\u00e7\u00f5es de hardware fi\u00e1veis e diretas da f\u00e1brica para a ind\u00fastria de malas de estrada. A nossa <strong>Cantos da mala de viagem<\/strong> t\u00eam a confian\u00e7a de profissionais que valorizam tanto a qualidade como a acessibilidade. Quer esteja a montar caixas para utiliza\u00e7\u00e3o intensiva ou para prote\u00e7\u00e3o di\u00e1ria, a SX fornece a solu\u00e7\u00e3o certa para as suas necessidades de hardware.<\/p>\n<h3>Refor\u00e7ar os seus casos de estrada com SX<\/h3>\n<p>Quando se trata de proteger o seu valioso equipamento, todos os componentes s\u00e3o importantes. Os <strong>Cantos da mala de viagem<\/strong> oferecem o apoio extra necess\u00e1rio para manter as suas malas intactas durante o transporte. Com um enfoque no pre\u00e7o direto da f\u00e1brica, na alta qualidade e em designs f\u00e1ceis de utilizar, a SX \u00e9 a sua marca de refer\u00eancia para hardware de malas de estrada fi\u00e1vel e econ\u00f3mico. Proteja o seu investimento escolhendo a SX para o seu pr\u00f3ximo projeto.<\/p>\n<p>Contactar agora:<span style=\"color: #0000ff;\"><a style=\"color: #0000ff;\" href=\"https:\/\/sxpowercase.com\/contact-us\/\">https:\/\/sxpowercase.com\/<\/a><\/span><\/p>\n<p>Cat\u00e1logo de produtos de hardware\uff1a<span style=\"color: #3366ff;\"><a style=\"color: #3366ff;\" href=\"https:\/\/sxpowercase.com\/wp-content\/uploads\/2024\/07\/\u4e94\u91d1.pdf\">Cat\u00e1logo de acess\u00f3rios de ferragens<\/a><\/span><\/p>","protected":false},"excerpt":{"rendered":"<h3>Suporte de canto da mala de estrada SX: Prote\u00e7\u00e3o dur\u00e1vel e acess\u00edvel<\/h3>\n<p>A SX oferece suportes de canto para trabalhos pesados que proporcionam uma estabilidade fi\u00e1vel para malas de estrada. Constru\u00eddos em metal resistente, estes suportes garantem um desempenho duradouro a pre\u00e7os diretos de f\u00e1brica.<\/p>\n<h3>Reforce as suas caixas com os suportes de canto SX<\/h3>\n<p>Os suportes de canto SX foram concebidos para uma instala\u00e7\u00e3o f\u00e1cil e s\u00e3o ideais para profissionais e projectos de bricolage. Acrescentam prote\u00e7\u00e3o e resist\u00eancia extra \u00e0s malas de estrada, protegendo-as contra o desgaste.<\/p>\n<h3>Hardware personaliz\u00e1vel e econ\u00f3mico da SX<\/h3>\n<p>A SX oferece op\u00e7\u00f5es personaliz\u00e1veis para as cantoneiras de caixas de estrada, satisfazendo as necessidades \u00fanicas do projeto e mantendo a acessibilidade. Com a confian\u00e7a dos profissionais, a SX combina qualidade e valor em cada produto.<\/p>","protected":false},"featured_media":4188,"comment_status":"open","ping_status":"closed","template":"","meta":[],"product_brand":[],"product_cat":[64],"product_tag":[],"class_list":{"0":"post-4224","1":"product","2":"type-product","3":"status-publish","4":"has-post-thumbnail","6":"product_cat-clamps","8":"first","9":"instock","10":"shipping-taxable","11":"product-type-simple"},"yoast_head":"<!-- This site is optimized with the Yoast SEO Premium plugin v27.1 (Yoast SEO v27.2) - https:\/\/yoast.com\/product\/yoast-seo-premium-wordpress\/ -->\n<title>Road Case Corner Brace CLA803 - https:\/\/sxflightcase.com \ud83d\udc97<\/title>\n<meta name=\"description\" content=\"Road case corner brace, factory direct! High-quality, durable braces designed to reinforce and secure road case corners. Ideal for added stability and protection during heavy-duty transport.\" \/>\n<meta name=\"robots\" content=\"index, follow, max-snippet:-1, max-image-preview:large, max-video-preview:-1\" \/>\n<link rel=\"canonical\" href=\"https:\/\/sxflightcase.com\/pt\/produto\/cinta-de-canto-da-mala-de-estrada-cla803\/\" \/>\n<meta property=\"og:locale\" content=\"pt_PT\" \/>\n<meta property=\"og:type\" content=\"article\" \/>\n<meta property=\"og:title\" content=\"Road Case Corner Brace CLA803\" \/>\n<meta property=\"og:description\" content=\"Road case corner brace, factory direct! High-quality, durable braces designed to reinforce and secure road case corners. Ideal for added stability and protection during heavy-duty transport.\" \/>\n<meta property=\"og:url\" content=\"https:\/\/sxflightcase.com\/pt\/produto\/cinta-de-canto-da-mala-de-estrada-cla803\/\" \/>\n<meta property=\"og:site_name\" content=\"https:\/\/sxflightcase.com\" \/>\n<meta property=\"article:publisher\" content=\"https:\/\/www.facebook.com\/profile.php?id=61560407257971\" \/>\n<meta property=\"article:modified_time\" content=\"2024-08-27T02:45:21+00:00\" \/>\n<meta property=\"og:image\" content=\"https:\/\/sxflightcase.com\/wp-content\/uploads\/2024\/08\/CLA803.jpg\" \/>\n\t<meta property=\"og:image:width\" content=\"700\" \/>\n\t<meta property=\"og:image:height\" content=\"700\" \/>\n\t<meta property=\"og:image:type\" content=\"image\/jpeg\" \/>\n<meta name=\"twitter:card\" content=\"summary_large_image\" \/>\n<meta name=\"twitter:label1\" content=\"Tempo estimado de leitura\" \/>\n\t<meta name=\"twitter:data1\" content=\"3 minutos\" \/>\n<script type=\"application\/ld+json\" class=\"yoast-schema-graph\">{\"@context\":\"https:\/\/schema.org\",\"@graph\":[{\"@type\":\"WebPage\",\"@id\":\"https:\/\/sxflightcase.com\/product\/road-case-corner-brace-cla803\/\",\"url\":\"https:\/\/sxflightcase.com\/product\/road-case-corner-brace-cla803\/\",\"name\":\"Road Case Corner Brace CLA803 - https:\/\/sxflightcase.com \ud83d\udc97\",\"isPartOf\":{\"@id\":\"https:\/\/sxflightcase.com\/th\/#website\"},\"primaryImageOfPage\":{\"@id\":\"https:\/\/sxflightcase.com\/product\/road-case-corner-brace-cla803\/#primaryimage\"},\"image\":{\"@id\":\"https:\/\/sxflightcase.com\/product\/road-case-corner-brace-cla803\/#primaryimage\"},\"thumbnailUrl\":\"https:\/\/sxflightcase.com\/wp-content\/uploads\/2024\/08\/CLA803.jpg\",\"datePublished\":\"2024-08-27T02:45:20+00:00\",\"dateModified\":\"2024-08-27T02:45:21+00:00\",\"description\":\"Road case corner brace, factory direct! High-quality, durable braces designed to reinforce and secure road case corners. Ideal for added stability and protection during heavy-duty transport.\",\"breadcrumb\":{\"@id\":\"https:\/\/sxflightcase.com\/product\/road-case-corner-brace-cla803\/#breadcrumb\"},\"inLanguage\":\"pt-PT\",\"potentialAction\":[{\"@type\":\"ReadAction\",\"target\":[\"https:\/\/sxflightcase.com\/product\/road-case-corner-brace-cla803\/\"]}]},{\"@type\":\"ImageObject\",\"inLanguage\":\"pt-PT\",\"@id\":\"https:\/\/sxflightcase.com\/product\/road-case-corner-brace-cla803\/#primaryimage\",\"url\":\"https:\/\/sxflightcase.com\/wp-content\/uploads\/2024\/08\/CLA803.jpg\",\"contentUrl\":\"https:\/\/sxflightcase.com\/wp-content\/uploads\/2024\/08\/CLA803.jpg\",\"width\":700,\"height\":700,\"caption\":\"Road Case Corner Brace\"},{\"@type\":\"BreadcrumbList\",\"@id\":\"https:\/\/sxflightcase.com\/product\/road-case-corner-brace-cla803\/#breadcrumb\",\"itemListElement\":[{\"@type\":\"ListItem\",\"position\":1,\"name\":\"Home\",\"item\":\"https:\/\/sxflightcase.com\/\"},{\"@type\":\"ListItem\",\"position\":2,\"name\":\"\u0e2a\u0e34\u0e19\u0e04\u0e49\u0e32\",\"item\":\"https:\/\/sxflightcase.com\/th\/shop\/\"},{\"@type\":\"ListItem\",\"position\":3,\"name\":\"Road Case Corner Brace CLA803\"}]},{\"@type\":\"WebSite\",\"@id\":\"https:\/\/sxflightcase.com\/th\/#website\",\"url\":\"https:\/\/sxflightcase.com\/th\/\",\"name\":\"sxpowercase.com\",\"description\":\"Flight Case Factory\",\"publisher\":{\"@id\":\"https:\/\/sxflightcase.com\/th\/#organization\"},\"potentialAction\":[{\"@type\":\"SearchAction\",\"target\":{\"@type\":\"EntryPoint\",\"urlTemplate\":\"https:\/\/sxflightcase.com\/th\/?s={search_term_string}\"},\"query-input\":{\"@type\":\"PropertyValueSpecification\",\"valueRequired\":true,\"valueName\":\"search_term_string\"}}],\"inLanguage\":\"pt-PT\"},{\"@type\":\"Organization\",\"@id\":\"https:\/\/sxflightcase.com\/th\/#organization\",\"name\":\"sxpowercase.com\",\"url\":\"https:\/\/sxflightcase.com\/th\/\",\"logo\":{\"@type\":\"ImageObject\",\"inLanguage\":\"pt-PT\",\"@id\":\"https:\/\/sxflightcase.com\/th\/#\/schema\/logo\/image\/\",\"url\":\"https:\/\/sxflightcase.com\/wp-content\/uploads\/2024\/04\/1713919036007.jpg\",\"contentUrl\":\"https:\/\/sxflightcase.com\/wp-content\/uploads\/2024\/04\/1713919036007.jpg\",\"width\":382,\"height\":388,\"caption\":\"sxpowercase.com\"},\"image\":{\"@id\":\"https:\/\/sxflightcase.com\/th\/#\/schema\/logo\/image\/\"},\"sameAs\":[\"https:\/\/www.facebook.com\/profile.php?id=61560407257971\"],\"numberOfEmployees\":{\"@type\":\"QuantitativeValue\",\"minValue\":\"11\",\"maxValue\":\"50\"}}]}<\/script>\n<!-- \/ Yoast SEO Premium plugin. -->","yoast_head_json":{"title":"Road Case Corner Brace CLA803 - https:\/\/sxflightcase.com \ud83d\udc97","description":"Suporte de canto para road case, direto da f\u00e1brica! Bra\u00e7adeiras de alta qualidade e duradouras, concebidas para refor\u00e7ar e fixar os cantos das malas de viagem. Ideal para maior estabilidade e prote\u00e7\u00e3o durante o transporte de cargas pesadas.","robots":{"index":"index","follow":"follow","max-snippet":"max-snippet:-1","max-image-preview":"max-image-preview:large","max-video-preview":"max-video-preview:-1"},"canonical":"https:\/\/sxflightcase.com\/pt\/produto\/cinta-de-canto-da-mala-de-estrada-cla803\/","og_locale":"pt_PT","og_type":"article","og_title":"Road Case Corner Brace CLA803","og_description":"Road case corner brace, factory direct! High-quality, durable braces designed to reinforce and secure road case corners. Ideal for added stability and protection during heavy-duty transport.","og_url":"https:\/\/sxflightcase.com\/pt\/produto\/cinta-de-canto-da-mala-de-estrada-cla803\/","og_site_name":"https:\/\/sxflightcase.com","article_publisher":"https:\/\/www.facebook.com\/profile.php?id=61560407257971","article_modified_time":"2024-08-27T02:45:21+00:00","og_image":[{"width":700,"height":700,"url":"https:\/\/sxflightcase.com\/wp-content\/uploads\/2024\/08\/CLA803.jpg","type":"image\/jpeg"}],"twitter_card":"summary_large_image","twitter_misc":{"Tempo estimado de leitura":"3 minutos"},"schema":{"@context":"https:\/\/schema.org","@graph":[{"@type":"WebPage","@id":"https:\/\/sxflightcase.com\/product\/road-case-corner-brace-cla803\/","url":"https:\/\/sxflightcase.com\/product\/road-case-corner-brace-cla803\/","name":"Road Case Corner Brace CLA803 - https:\/\/sxflightcase.com \ud83d\udc97","isPartOf":{"@id":"https:\/\/sxflightcase.com\/th\/#website"},"primaryImageOfPage":{"@id":"https:\/\/sxflightcase.com\/product\/road-case-corner-brace-cla803\/#primaryimage"},"image":{"@id":"https:\/\/sxflightcase.com\/product\/road-case-corner-brace-cla803\/#primaryimage"},"thumbnailUrl":"https:\/\/sxflightcase.com\/wp-content\/uploads\/2024\/08\/CLA803.jpg","datePublished":"2024-08-27T02:45:20+00:00","dateModified":"2024-08-27T02:45:21+00:00","description":"Suporte de canto para road case, direto da f\u00e1brica! Bra\u00e7adeiras de alta qualidade e duradouras, concebidas para refor\u00e7ar e fixar os cantos das malas de viagem. Ideal para maior estabilidade e prote\u00e7\u00e3o durante o transporte de cargas pesadas.","breadcrumb":{"@id":"https:\/\/sxflightcase.com\/product\/road-case-corner-brace-cla803\/#breadcrumb"},"inLanguage":"pt-PT","potentialAction":[{"@type":"ReadAction","target":["https:\/\/sxflightcase.com\/product\/road-case-corner-brace-cla803\/"]}]},{"@type":"ImageObject","inLanguage":"pt-PT","@id":"https:\/\/sxflightcase.com\/product\/road-case-corner-brace-cla803\/#primaryimage","url":"https:\/\/sxflightcase.com\/wp-content\/uploads\/2024\/08\/CLA803.jpg","contentUrl":"https:\/\/sxflightcase.com\/wp-content\/uploads\/2024\/08\/CLA803.jpg","width":700,"height":700,"caption":"Road Case Corner Brace"},{"@type":"BreadcrumbList","@id":"https:\/\/sxflightcase.com\/product\/road-case-corner-brace-cla803\/#breadcrumb","itemListElement":[{"@type":"ListItem","position":1,"name":"Home","item":"https:\/\/sxflightcase.com\/"},{"@type":"ListItem","position":2,"name":"\u0e2a\u0e34\u0e19\u0e04\u0e49\u0e32","item":"https:\/\/sxflightcase.com\/th\/shop\/"},{"@type":"ListItem","position":3,"name":"Road Case Corner Brace CLA803"}]},{"@type":"WebSite","@id":"https:\/\/sxflightcase.com\/th\/#website","url":"https:\/\/sxflightcase.com\/th\/","name":"sxpowercase.com","description":"F\u00e1brica de malas de voo","publisher":{"@id":"https:\/\/sxflightcase.com\/th\/#organization"},"potentialAction":[{"@type":"SearchAction","target":{"@type":"EntryPoint","urlTemplate":"https:\/\/sxflightcase.com\/th\/?s={search_term_string}"},"query-input":{"@type":"PropertyValueSpecification","valueRequired":true,"valueName":"search_term_string"}}],"inLanguage":"pt-PT"},{"@type":"Organization","@id":"https:\/\/sxflightcase.com\/th\/#organization","name":"sxpowercase.com","url":"https:\/\/sxflightcase.com\/th\/","logo":{"@type":"ImageObject","inLanguage":"pt-PT","@id":"https:\/\/sxflightcase.com\/th\/#\/schema\/logo\/image\/","url":"https:\/\/sxflightcase.com\/wp-content\/uploads\/2024\/04\/1713919036007.jpg","contentUrl":"https:\/\/sxflightcase.com\/wp-content\/uploads\/2024\/04\/1713919036007.jpg","width":382,"height":388,"caption":"sxpowercase.com"},"image":{"@id":"https:\/\/sxflightcase.com\/th\/#\/schema\/logo\/image\/"},"sameAs":["https:\/\/www.facebook.com\/profile.php?id=61560407257971"],"numberOfEmployees":{"@type":"QuantitativeValue","minValue":"11","maxValue":"50"}}]}},"_links":{"self":[{"href":"https:\/\/sxflightcase.com\/pt\/wp-json\/wp\/v2\/product\/4224","targetHints":{"allow":["GET"]}}],"collection":[{"href":"https:\/\/sxflightcase.com\/pt\/wp-json\/wp\/v2\/product"}],"about":[{"href":"https:\/\/sxflightcase.com\/pt\/wp-json\/wp\/v2\/types\/product"}],"replies":[{"embeddable":true,"href":"https:\/\/sxflightcase.com\/pt\/wp-json\/wp\/v2\/comments?post=4224"}],"version-history":[{"count":0,"href":"https:\/\/sxflightcase.com\/pt\/wp-json\/wp\/v2\/product\/4224\/revisions"}],"wp:featuredmedia":[{"embeddable":true,"href":"https:\/\/sxflightcase.com\/pt\/wp-json\/wp\/v2\/media\/4188"}],"wp:attachment":[{"href":"https:\/\/sxflightcase.com\/pt\/wp-json\/wp\/v2\/media?parent=4224"}],"wp:term":[{"taxonomy":"product_brand","embeddable":true,"href":"https:\/\/sxflightcase.com\/pt\/wp-json\/wp\/v2\/product_brand?post=4224"},{"taxonomy":"product_cat","embeddable":true,"href":"https:\/\/sxflightcase.com\/pt\/wp-json\/wp\/v2\/product_cat?post=4224"},{"taxonomy":"product_tag","embeddable":true,"href":"https:\/\/sxflightcase.com\/pt\/wp-json\/wp\/v2\/product_tag?post=4224"}],"curies":[{"name":"wp","href":"https:\/\/api.w.org\/{rel}","templated":true}]}}