{"id":4225,"date":"2024-08-27T03:50:31","date_gmt":"2024-08-27T02:50:31","guid":{"rendered":"https:\/\/sxpowercase.com\/?post_type=product&#038;p=4225"},"modified":"2024-08-27T03:50:32","modified_gmt":"2024-08-27T02:50:32","slug":"road-case-corner-brace-cla804","status":"publish","type":"product","link":"https:\/\/sxflightcase.com\/pt\/produto\/bracadeira-de-canto-da-mala-de-estrada-cla804\/","title":{"rendered":"Bra\u00e7adeira de canto da mala de estrada CLA804"},"content":{"rendered":"<h3>Suporte de canto dur\u00e1vel para malas de estrada da SX<\/h3>\n<p>Quando se trata de proteger o seu equipamento durante o transporte, todos os pormenores s\u00e3o importantes. O SX's <span style=\"color: #3366ff;\"><a style=\"color: #3366ff;\" href=\"https:\/\/sxpowercase.com\/product\/road-case-corner-brace-cla803\/\"><strong>Cinta de canto da mala de estrada<\/strong><\/a><\/span>\u00a0foram concebidos para oferecer maior prote\u00e7\u00e3o e estabilidade \u00e0s suas malas. Estes suportes foram concebidos para resistir a movimentos constantes, garantindo que o seu equipamento permanece seguro mesmo em condi\u00e7\u00f5es dif\u00edceis. Com <a href=\"https:\/\/sxpowercase.com\/\" target=\"_blank\" rel=\"noopener\" title=\"SX\" data-wpil-monitor-id=\"701\">SX<\/a>A qualidade superior a pre\u00e7os diretos de f\u00e1brica faz com que os nossos produtos sejam fi\u00e1veis e acess\u00edveis.<\/p>\n<h3>Constru\u00e7\u00e3o robusta para m\u00e1xima durabilidade<\/h3>\n<p>O nosso <strong>Cantos da mala de viagem<\/strong> s\u00e3o fabricadas em metal de alta qualidade, garantindo o refor\u00e7o robusto necess\u00e1rio para uma utiliza\u00e7\u00e3o exigente. A constru\u00e7\u00e3o s\u00f3lida ajuda a evitar danos provocados por impactos, riscos e desgaste geral, prolongando a vida \u00fatil das suas caixas. Com a SX, n\u00e3o obt\u00e9m apenas produtos duradouros; obt\u00e9m-nos a pre\u00e7os que fazem sentido, gra\u00e7as ao nosso modelo de fornecimento direto da f\u00e1brica.<\/p>\n<h3>Solu\u00e7\u00f5es rent\u00e1veis com garantia de qualidade<\/h3>\n<p>Na SX, acreditamos em oferecer produtos de alta qualidade sem o pre\u00e7o elevado. A nossa abordagem direta da f\u00e1brica elimina os intermedi\u00e1rios, permitindo-nos oferecer <strong>Cinta de canto da mala de estrada<\/strong>\u00a0a pre\u00e7os excecionalmente baixos sem sacrificar a qualidade. Isto garante que as suas caixas recebem uma prote\u00e7\u00e3o de topo sem ultrapassar o seu or\u00e7amento, tornando a SX uma escolha rent\u00e1vel para qualquer projeto.<\/p>\n<h3>Vers\u00e1til e f\u00e1cil de instalar<\/h3>\n<p>SX's <strong>Cantos da mala de viagem<\/strong> s\u00e3o concebidos para uma f\u00e1cil integra\u00e7\u00e3o em v\u00e1rios designs de caixas. Quer esteja a construir uma nova caixa ou a refor\u00e7ar uma j\u00e1 existente, os nossos suportes s\u00e3o simples de instalar, poupando-lhe tempo e esfor\u00e7o. A flexibilidade dos nossos produtos torna-os adequados para uma vasta gama de aplica\u00e7\u00f5es, desde caixas de n\u00edvel profissional a projectos personalizados de bricolage.<\/p>\n<h3>Op\u00e7\u00f5es personaliz\u00e1veis para corresponder \u00e0s suas necessidades<\/h3>\n<p>Compreendemos que projectos diferentes requerem solu\u00e7\u00f5es diferentes. \u00c9 por isso que a SX oferece op\u00e7\u00f5es personaliz\u00e1veis para os nossos <strong>Cantos da mala de viagem<\/strong>A nossa gama de op\u00e7\u00f5es garante que pode encontrar exatamente o que precisa, mantendo a qualidade e o pre\u00e7o acess\u00edveis pelos quais a SX \u00e9 conhecida. A nossa gama de op\u00e7\u00f5es garante que pode encontrar exatamente o que precisa, mantendo a qualidade e a acessibilidade pelas quais a SX \u00e9 conhecida.<\/p>\n<h3>A confian\u00e7a dos profissionais do sector<\/h3>\n<p>Profissionais de todo o mundo confiam na SX para as suas necessidades de hardware de malas de estrada. Os nossos <strong>Cantos da mala de viagem<\/strong> s\u00e3o concebidas para proporcionar fiabilidade a longo prazo, o que as torna a escolha ideal para quem precisa de hardware fi\u00e1vel. Quer esteja a proteger instrumentos delicados, equipamento audiovisual ou outro equipamento valioso, a SX garante que as suas malas est\u00e3o prontas para a estrada.<\/p>\n<h3>Escolha SX para uma prote\u00e7\u00e3o imbat\u00edvel<\/h3>\n<p>Quando se trata de proteger o seu investimento, confie na SX's <strong>Cantos da mala de viagem<\/strong>. Com o objetivo de fornecer produtos de alta qualidade a pre\u00e7os diretos de f\u00e1brica, proporcionamos o equil\u00edbrio certo entre durabilidade e acessibilidade. Proteja o seu equipamento com confian\u00e7a e deixe que a SX seja o seu parceiro em hardware fi\u00e1vel para malas de estrada.<\/p>\n<p>escolhendo a SX para o seu pr\u00f3ximo projeto.<\/p>\n<p>Contactar agora:<span style=\"color: #0000ff;\"><a style=\"color: #0000ff;\" href=\"https:\/\/sxpowercase.com\/contact-us\/\">https:\/\/sxpowercase.com\/<\/a><\/span><\/p>\n<p>Cat\u00e1logo de produtos de hardware\uff1a<span style=\"color: #3366ff;\"><a style=\"color: #3366ff;\" href=\"https:\/\/sxpowercase.com\/wp-content\/uploads\/2024\/07\/\u4e94\u91d1.pdf\">Cat\u00e1logo de acess\u00f3rios de ferragens<\/a><\/span><\/p>","protected":false},"excerpt":{"rendered":"<h3>Suporte de canto da mala de estrada SX: Prote\u00e7\u00e3o dur\u00e1vel e acess\u00edvel<\/h3>\n<p>A SX oferece suportes de canto para trabalhos pesados que proporcionam uma estabilidade fi\u00e1vel para malas de estrada. Constru\u00eddos em metal resistente, estes suportes garantem um desempenho duradouro a pre\u00e7os diretos de f\u00e1brica.<\/p>\n<h3>Reforce as suas caixas com os suportes de canto SX<\/h3>\n<p>Os suportes de canto SX foram concebidos para uma instala\u00e7\u00e3o f\u00e1cil e s\u00e3o ideais para profissionais e projectos de bricolage. Acrescentam prote\u00e7\u00e3o e resist\u00eancia extra \u00e0s malas de estrada, protegendo-as contra o desgaste.<\/p>\n<h3>Hardware personaliz\u00e1vel e econ\u00f3mico da SX<\/h3>\n<p>A SX oferece op\u00e7\u00f5es personaliz\u00e1veis para as cantoneiras de caixas de estrada, satisfazendo as necessidades \u00fanicas do projeto e mantendo a acessibilidade. Com a confian\u00e7a dos profissionais, a SX combina qualidade e valor em cada produto.<\/p>","protected":false},"featured_media":4189,"comment_status":"open","ping_status":"closed","template":"","meta":[],"product_brand":[],"product_cat":[64],"product_tag":[],"class_list":{"0":"post-4225","1":"product","2":"type-product","3":"status-publish","4":"has-post-thumbnail","6":"product_cat-clamps","8":"first","9":"instock","10":"shipping-taxable","11":"product-type-simple"},"yoast_head":"<!-- This site is optimized with the Yoast SEO Premium plugin v27.1 (Yoast SEO v27.2) - https:\/\/yoast.com\/product\/yoast-seo-premium-wordpress\/ -->\n<title>Road Case Corner Brace CLA804 - https:\/\/sxflightcase.com \ud83d\udc97<\/title>\n<meta name=\"description\" content=\"Road case corner brace, factory direct! High-quality, durable braces designed to reinforce and secure road case corners. Ideal for added stability and protection during heavy-duty transport.\" \/>\n<meta name=\"robots\" content=\"index, follow, max-snippet:-1, max-image-preview:large, max-video-preview:-1\" \/>\n<link rel=\"canonical\" href=\"https:\/\/sxflightcase.com\/pt\/produto\/bracadeira-de-canto-da-mala-de-estrada-cla804\/\" \/>\n<meta property=\"og:locale\" content=\"pt_PT\" \/>\n<meta property=\"og:type\" content=\"article\" \/>\n<meta property=\"og:title\" content=\"Road Case Corner Brace CLA804\" \/>\n<meta property=\"og:description\" content=\"Road case corner brace, factory direct! High-quality, durable braces designed to reinforce and secure road case corners. Ideal for added stability and protection during heavy-duty transport.\" \/>\n<meta property=\"og:url\" content=\"https:\/\/sxflightcase.com\/pt\/produto\/bracadeira-de-canto-da-mala-de-estrada-cla804\/\" \/>\n<meta property=\"og:site_name\" content=\"https:\/\/sxflightcase.com\" \/>\n<meta property=\"article:publisher\" content=\"https:\/\/www.facebook.com\/profile.php?id=61560407257971\" \/>\n<meta property=\"article:modified_time\" content=\"2024-08-27T02:50:32+00:00\" \/>\n<meta property=\"og:image\" content=\"https:\/\/sxflightcase.com\/wp-content\/uploads\/2024\/08\/CLA804.jpg\" \/>\n\t<meta property=\"og:image:width\" content=\"700\" \/>\n\t<meta property=\"og:image:height\" content=\"700\" \/>\n\t<meta property=\"og:image:type\" content=\"image\/jpeg\" \/>\n<meta name=\"twitter:card\" content=\"summary_large_image\" \/>\n<meta name=\"twitter:label1\" content=\"Tempo estimado de leitura\" \/>\n\t<meta name=\"twitter:data1\" content=\"3 minutos\" \/>\n<script type=\"application\/ld+json\" class=\"yoast-schema-graph\">{\"@context\":\"https:\/\/schema.org\",\"@graph\":[{\"@type\":\"WebPage\",\"@id\":\"https:\/\/sxflightcase.com\/product\/road-case-corner-brace-cla804\/\",\"url\":\"https:\/\/sxflightcase.com\/product\/road-case-corner-brace-cla804\/\",\"name\":\"Road Case Corner Brace CLA804 - https:\/\/sxflightcase.com \ud83d\udc97\",\"isPartOf\":{\"@id\":\"https:\/\/sxflightcase.com\/th\/#website\"},\"primaryImageOfPage\":{\"@id\":\"https:\/\/sxflightcase.com\/product\/road-case-corner-brace-cla804\/#primaryimage\"},\"image\":{\"@id\":\"https:\/\/sxflightcase.com\/product\/road-case-corner-brace-cla804\/#primaryimage\"},\"thumbnailUrl\":\"https:\/\/sxflightcase.com\/wp-content\/uploads\/2024\/08\/CLA804.jpg\",\"datePublished\":\"2024-08-27T02:50:31+00:00\",\"dateModified\":\"2024-08-27T02:50:32+00:00\",\"description\":\"Road case corner brace, factory direct! High-quality, durable braces designed to reinforce and secure road case corners. Ideal for added stability and protection during heavy-duty transport.\",\"breadcrumb\":{\"@id\":\"https:\/\/sxflightcase.com\/product\/road-case-corner-brace-cla804\/#breadcrumb\"},\"inLanguage\":\"pt-PT\",\"potentialAction\":[{\"@type\":\"ReadAction\",\"target\":[\"https:\/\/sxflightcase.com\/product\/road-case-corner-brace-cla804\/\"]}]},{\"@type\":\"ImageObject\",\"inLanguage\":\"pt-PT\",\"@id\":\"https:\/\/sxflightcase.com\/product\/road-case-corner-brace-cla804\/#primaryimage\",\"url\":\"https:\/\/sxflightcase.com\/wp-content\/uploads\/2024\/08\/CLA804.jpg\",\"contentUrl\":\"https:\/\/sxflightcase.com\/wp-content\/uploads\/2024\/08\/CLA804.jpg\",\"width\":700,\"height\":700,\"caption\":\"Road Case Corner Brace\"},{\"@type\":\"BreadcrumbList\",\"@id\":\"https:\/\/sxflightcase.com\/product\/road-case-corner-brace-cla804\/#breadcrumb\",\"itemListElement\":[{\"@type\":\"ListItem\",\"position\":1,\"name\":\"Home\",\"item\":\"https:\/\/sxflightcase.com\/\"},{\"@type\":\"ListItem\",\"position\":2,\"name\":\"\u0e2a\u0e34\u0e19\u0e04\u0e49\u0e32\",\"item\":\"https:\/\/sxflightcase.com\/th\/shop\/\"},{\"@type\":\"ListItem\",\"position\":3,\"name\":\"Road Case Corner Brace CLA804\"}]},{\"@type\":\"WebSite\",\"@id\":\"https:\/\/sxflightcase.com\/th\/#website\",\"url\":\"https:\/\/sxflightcase.com\/th\/\",\"name\":\"sxpowercase.com\",\"description\":\"Flight Case Factory\",\"publisher\":{\"@id\":\"https:\/\/sxflightcase.com\/th\/#organization\"},\"potentialAction\":[{\"@type\":\"SearchAction\",\"target\":{\"@type\":\"EntryPoint\",\"urlTemplate\":\"https:\/\/sxflightcase.com\/th\/?s={search_term_string}\"},\"query-input\":{\"@type\":\"PropertyValueSpecification\",\"valueRequired\":true,\"valueName\":\"search_term_string\"}}],\"inLanguage\":\"pt-PT\"},{\"@type\":\"Organization\",\"@id\":\"https:\/\/sxflightcase.com\/th\/#organization\",\"name\":\"sxpowercase.com\",\"url\":\"https:\/\/sxflightcase.com\/th\/\",\"logo\":{\"@type\":\"ImageObject\",\"inLanguage\":\"pt-PT\",\"@id\":\"https:\/\/sxflightcase.com\/th\/#\/schema\/logo\/image\/\",\"url\":\"https:\/\/sxflightcase.com\/wp-content\/uploads\/2024\/04\/1713919036007.jpg\",\"contentUrl\":\"https:\/\/sxflightcase.com\/wp-content\/uploads\/2024\/04\/1713919036007.jpg\",\"width\":382,\"height\":388,\"caption\":\"sxpowercase.com\"},\"image\":{\"@id\":\"https:\/\/sxflightcase.com\/th\/#\/schema\/logo\/image\/\"},\"sameAs\":[\"https:\/\/www.facebook.com\/profile.php?id=61560407257971\"],\"numberOfEmployees\":{\"@type\":\"QuantitativeValue\",\"minValue\":\"11\",\"maxValue\":\"50\"}}]}<\/script>\n<!-- \/ Yoast SEO Premium plugin. -->","yoast_head_json":{"title":"Road Case Corner Brace CLA804 - https:\/\/sxflightcase.com \ud83d\udc97","description":"Suporte de canto para road case, direto da f\u00e1brica! Bra\u00e7adeiras de alta qualidade e duradouras, concebidas para refor\u00e7ar e fixar os cantos das malas de viagem. Ideal para maior estabilidade e prote\u00e7\u00e3o durante o transporte de cargas pesadas.","robots":{"index":"index","follow":"follow","max-snippet":"max-snippet:-1","max-image-preview":"max-image-preview:large","max-video-preview":"max-video-preview:-1"},"canonical":"https:\/\/sxflightcase.com\/pt\/produto\/bracadeira-de-canto-da-mala-de-estrada-cla804\/","og_locale":"pt_PT","og_type":"article","og_title":"Road Case Corner Brace CLA804","og_description":"Road case corner brace, factory direct! High-quality, durable braces designed to reinforce and secure road case corners. Ideal for added stability and protection during heavy-duty transport.","og_url":"https:\/\/sxflightcase.com\/pt\/produto\/bracadeira-de-canto-da-mala-de-estrada-cla804\/","og_site_name":"https:\/\/sxflightcase.com","article_publisher":"https:\/\/www.facebook.com\/profile.php?id=61560407257971","article_modified_time":"2024-08-27T02:50:32+00:00","og_image":[{"width":700,"height":700,"url":"https:\/\/sxflightcase.com\/wp-content\/uploads\/2024\/08\/CLA804.jpg","type":"image\/jpeg"}],"twitter_card":"summary_large_image","twitter_misc":{"Tempo estimado de leitura":"3 minutos"},"schema":{"@context":"https:\/\/schema.org","@graph":[{"@type":"WebPage","@id":"https:\/\/sxflightcase.com\/product\/road-case-corner-brace-cla804\/","url":"https:\/\/sxflightcase.com\/product\/road-case-corner-brace-cla804\/","name":"Road Case Corner Brace CLA804 - https:\/\/sxflightcase.com \ud83d\udc97","isPartOf":{"@id":"https:\/\/sxflightcase.com\/th\/#website"},"primaryImageOfPage":{"@id":"https:\/\/sxflightcase.com\/product\/road-case-corner-brace-cla804\/#primaryimage"},"image":{"@id":"https:\/\/sxflightcase.com\/product\/road-case-corner-brace-cla804\/#primaryimage"},"thumbnailUrl":"https:\/\/sxflightcase.com\/wp-content\/uploads\/2024\/08\/CLA804.jpg","datePublished":"2024-08-27T02:50:31+00:00","dateModified":"2024-08-27T02:50:32+00:00","description":"Suporte de canto para road case, direto da f\u00e1brica! Bra\u00e7adeiras de alta qualidade e duradouras, concebidas para refor\u00e7ar e fixar os cantos das malas de viagem. Ideal para maior estabilidade e prote\u00e7\u00e3o durante o transporte de cargas pesadas.","breadcrumb":{"@id":"https:\/\/sxflightcase.com\/product\/road-case-corner-brace-cla804\/#breadcrumb"},"inLanguage":"pt-PT","potentialAction":[{"@type":"ReadAction","target":["https:\/\/sxflightcase.com\/product\/road-case-corner-brace-cla804\/"]}]},{"@type":"ImageObject","inLanguage":"pt-PT","@id":"https:\/\/sxflightcase.com\/product\/road-case-corner-brace-cla804\/#primaryimage","url":"https:\/\/sxflightcase.com\/wp-content\/uploads\/2024\/08\/CLA804.jpg","contentUrl":"https:\/\/sxflightcase.com\/wp-content\/uploads\/2024\/08\/CLA804.jpg","width":700,"height":700,"caption":"Road Case Corner Brace"},{"@type":"BreadcrumbList","@id":"https:\/\/sxflightcase.com\/product\/road-case-corner-brace-cla804\/#breadcrumb","itemListElement":[{"@type":"ListItem","position":1,"name":"Home","item":"https:\/\/sxflightcase.com\/"},{"@type":"ListItem","position":2,"name":"\u0e2a\u0e34\u0e19\u0e04\u0e49\u0e32","item":"https:\/\/sxflightcase.com\/th\/shop\/"},{"@type":"ListItem","position":3,"name":"Road Case Corner Brace CLA804"}]},{"@type":"WebSite","@id":"https:\/\/sxflightcase.com\/th\/#website","url":"https:\/\/sxflightcase.com\/th\/","name":"sxpowercase.com","description":"F\u00e1brica de malas de voo","publisher":{"@id":"https:\/\/sxflightcase.com\/th\/#organization"},"potentialAction":[{"@type":"SearchAction","target":{"@type":"EntryPoint","urlTemplate":"https:\/\/sxflightcase.com\/th\/?s={search_term_string}"},"query-input":{"@type":"PropertyValueSpecification","valueRequired":true,"valueName":"search_term_string"}}],"inLanguage":"pt-PT"},{"@type":"Organization","@id":"https:\/\/sxflightcase.com\/th\/#organization","name":"sxpowercase.com","url":"https:\/\/sxflightcase.com\/th\/","logo":{"@type":"ImageObject","inLanguage":"pt-PT","@id":"https:\/\/sxflightcase.com\/th\/#\/schema\/logo\/image\/","url":"https:\/\/sxflightcase.com\/wp-content\/uploads\/2024\/04\/1713919036007.jpg","contentUrl":"https:\/\/sxflightcase.com\/wp-content\/uploads\/2024\/04\/1713919036007.jpg","width":382,"height":388,"caption":"sxpowercase.com"},"image":{"@id":"https:\/\/sxflightcase.com\/th\/#\/schema\/logo\/image\/"},"sameAs":["https:\/\/www.facebook.com\/profile.php?id=61560407257971"],"numberOfEmployees":{"@type":"QuantitativeValue","minValue":"11","maxValue":"50"}}]}},"_links":{"self":[{"href":"https:\/\/sxflightcase.com\/pt\/wp-json\/wp\/v2\/product\/4225","targetHints":{"allow":["GET"]}}],"collection":[{"href":"https:\/\/sxflightcase.com\/pt\/wp-json\/wp\/v2\/product"}],"about":[{"href":"https:\/\/sxflightcase.com\/pt\/wp-json\/wp\/v2\/types\/product"}],"replies":[{"embeddable":true,"href":"https:\/\/sxflightcase.com\/pt\/wp-json\/wp\/v2\/comments?post=4225"}],"version-history":[{"count":0,"href":"https:\/\/sxflightcase.com\/pt\/wp-json\/wp\/v2\/product\/4225\/revisions"}],"wp:featuredmedia":[{"embeddable":true,"href":"https:\/\/sxflightcase.com\/pt\/wp-json\/wp\/v2\/media\/4189"}],"wp:attachment":[{"href":"https:\/\/sxflightcase.com\/pt\/wp-json\/wp\/v2\/media?parent=4225"}],"wp:term":[{"taxonomy":"product_brand","embeddable":true,"href":"https:\/\/sxflightcase.com\/pt\/wp-json\/wp\/v2\/product_brand?post=4225"},{"taxonomy":"product_cat","embeddable":true,"href":"https:\/\/sxflightcase.com\/pt\/wp-json\/wp\/v2\/product_cat?post=4225"},{"taxonomy":"product_tag","embeddable":true,"href":"https:\/\/sxflightcase.com\/pt\/wp-json\/wp\/v2\/product_tag?post=4225"}],"curies":[{"name":"wp","href":"https:\/\/api.w.org\/{rel}","templated":true}]}}