{"id":4226,"date":"2024-08-27T03:54:31","date_gmt":"2024-08-27T02:54:31","guid":{"rendered":"https:\/\/sxpowercase.com\/?post_type=product&#038;p=4226"},"modified":"2024-08-27T03:54:32","modified_gmt":"2024-08-27T02:54:32","slug":"flight-case-brace-clb101","status":"publish","type":"product","link":"https:\/\/sxflightcase.com\/pt\/produto\/suporte-da-mala-de-voo-clb101\/","title":{"rendered":"Bra\u00e7adeira para mala de transporte CLB101"},"content":{"rendered":"<h3>Suporte de mala de voo de alta qualidade da SX<\/h3>\n<p>Ao construir ou atualizar as suas caixas de transporte, \u00e9 essencial um refor\u00e7o forte. A SX oferece um refor\u00e7o <span style=\"color: #3366ff;\"><a style=\"color: #3366ff;\" href=\"https:\/\/sxpowercase.com\/product\/road-case-corner-brace-cla804\/\"><strong>Bra\u00e7adeira da mala de transporte<\/strong><\/a><\/span> concebidos para proporcionar um apoio fi\u00e1vel e uma durabilidade extra. Quer necessite de proteger equipamento delicado ou de suportar uma utiliza\u00e7\u00e3o intensa, os nossos suportes s\u00e3o concebidos para proporcionar um desempenho de topo. Com <a href=\"https:\/\/sxpowercase.com\/\" target=\"_blank\" rel=\"noopener\" title=\"SX\" data-wpil-monitor-id=\"702\">SX<\/a>A sua empresa beneficia de pre\u00e7os diretos de f\u00e1brica, garantindo uma prote\u00e7\u00e3o de qualidade a um custo acess\u00edvel.<\/p>\n<h3>Constru\u00eddo para a for\u00e7a e a longevidade<\/h3>\n<p>O nosso <strong>Bra\u00e7adeira da mala de transporte<\/strong> \u00e9 fabricado em metal de alta resist\u00eancia, concebido para refor\u00e7ar eficazmente a estrutura da sua mala. Esta constru\u00e7\u00e3o robusta ajuda a evitar dobras, danos e outros problemas comuns durante o transporte. Com a SX, obt\u00e9m hardware de qualidade constru\u00eddo para durar, mantendo os pre\u00e7os baixos atrav\u00e9s do nosso modelo direto da f\u00e1brica. Desfrute das vantagens de produtos superiores sem o pre\u00e7o elevado.<\/p>\n<h3>Prote\u00e7\u00e3o fi\u00e1vel a pre\u00e7os diretos de f\u00e1brica<\/h3>\n<p>Na SX, concentramo-nos em fornecer produtos de alta qualidade que cumpram o seu or\u00e7amento. Os nossos <strong>Bra\u00e7adeira da mala de transporte<\/strong> oferece a for\u00e7a e a estabilidade de que necessita por uma fra\u00e7\u00e3o do custo. Ao eliminar os intermedi\u00e1rios, garantimos que os nossos clientes recebem solu\u00e7\u00f5es de baixo custo sem comprometer a qualidade. Confie na SX para obter hardware duradouro que proporciona uma prote\u00e7\u00e3o fi\u00e1vel, tudo a pre\u00e7os competitivos.<\/p>\n<h3>Instala\u00e7\u00e3o f\u00e1cil e design vers\u00e1til<\/h3>\n<p>SX's <strong>Bra\u00e7adeira da mala de transporte<\/strong> foi concebido para uma instala\u00e7\u00e3o r\u00e1pida e sem complica\u00e7\u00f5es. Quer esteja a montar uma nova caixa ou a atualizar uma existente, o nosso suporte adapta-se perfeitamente a v\u00e1rios designs. O design vers\u00e1til garante que funciona bem com diferentes tipos de malas, proporcionando o refor\u00e7o necess\u00e1rio para manter o seu equipamento seguro. Com a SX, poupa tempo e esfor\u00e7o e obt\u00e9m um produto fi\u00e1vel que se adapta \u00e0s suas necessidades.<\/p>\n<h3>Personaliza\u00e7\u00e3o para as suas necessidades espec\u00edficas<\/h3>\n<p>Na SX, compreendemos que cada projeto \u00e9 \u00fanico. \u00c9 por isso que oferecemos op\u00e7\u00f5es personaliz\u00e1veis para os nossos <strong>Bra\u00e7adeira da mala de transporte<\/strong>. Pode escolher entre diferentes tamanhos, acabamentos e designs para corresponder \u00e0s suas necessidades espec\u00edficas. Quer necessite de suportes para trabalhos pesados ou de uma op\u00e7\u00e3o mais leve, a SX fornece solu\u00e7\u00f5es \u00e0 medida que se alinham com os objectivos do seu projeto.<\/p>\n<h3>Confiado por profissionais em todo o mundo<\/h3>\n<p>Profissionais de v\u00e1rios sectores confiam na SX para as suas necessidades de hardware de caixas de transporte. Os nossos <strong>Bra\u00e7adeira da mala de transporte<\/strong> foi concebido para suportar os rigores de viagens frequentes e utiliza\u00e7\u00e3o intensa, o que o torna uma escolha de topo para quem d\u00e1 prioridade \u00e0 durabilidade e ao desempenho. Quer se trate de equipamento audiovisual, instrumentos musicais ou outro equipamento valioso, a SX oferece a prote\u00e7\u00e3o em que pode confiar.<\/p>\n<h3>Escolha SX para um hardware de caixa de transporte fi\u00e1vel<\/h3>\n<p>Quando se trata de garantir o seu investimento, a SX's <strong>Bra\u00e7adeira da mala de transporte<\/strong> \u00e9 a escolha ideal. Com um enfoque no pre\u00e7o direto da f\u00e1brica, garantia de qualidade e durabilidade, fornecemos hardware em que pode confiar. Proteja o seu equipamento com confian\u00e7a e desfrute da tranquilidade de saber que as suas caixas est\u00e3o refor\u00e7adas com as solu\u00e7\u00f5es fi\u00e1veis da SX.<\/p>\n<p>Contactar agora:<span style=\"color: #0000ff;\"><a style=\"color: #0000ff;\" href=\"https:\/\/sxpowercase.com\/contact-us\/\">https:\/\/sxpowercase.com\/<\/a><\/span><\/p>\n<p>Cat\u00e1logo de produtos de hardware\uff1a<span style=\"color: #3366ff;\"><a style=\"color: #3366ff;\" href=\"https:\/\/sxpowercase.com\/wp-content\/uploads\/2024\/07\/\u4e94\u91d1.pdf\">Cat\u00e1logo de acess\u00f3rios de ferragens<\/a><\/span><\/p>","protected":false},"excerpt":{"rendered":"<h3>Suporte de mala de voo SX: Prote\u00e7\u00e3o duradoura a pre\u00e7os diretos de f\u00e1brica<\/h3>\n<p>Reforce as suas malas de viagem com os suportes met\u00e1licos de alta resist\u00eancia da SX, concebidos para um suporte duradouro e um desempenho fi\u00e1vel. Desfrute de uma prote\u00e7\u00e3o de qualidade sem gastar demasiado.<\/p>\n<h3>Reforce as suas malas com o suporte para malas de voo SX<\/h3>\n<p>A SX oferece suportes robustos para malas de viagem que evitam dobras e danos durante o transporte. F\u00e1ceis de instalar e vers\u00e1teis, adaptam-se perfeitamente a v\u00e1rios designs de caixas.<\/p>\n<h3>Suportes de mala de voo personaliz\u00e1veis e acess\u00edveis da SX<\/h3>\n<p>Escolha entre op\u00e7\u00f5es adaptadas \u00e0s suas necessidades espec\u00edficas. A SX fornece solu\u00e7\u00f5es econ\u00f3micas e diretas da f\u00e1brica, nas quais os profissionais de todo o mundo confiam pela sua durabilidade e desempenho.<\/p>","protected":false},"featured_media":4190,"comment_status":"open","ping_status":"closed","template":"","meta":[],"product_brand":[],"product_cat":[64],"product_tag":[],"class_list":{"0":"post-4226","1":"product","2":"type-product","3":"status-publish","4":"has-post-thumbnail","6":"product_cat-clamps","8":"first","9":"instock","10":"shipping-taxable","11":"product-type-simple"},"yoast_head":"<!-- This site is optimized with the Yoast SEO Premium plugin v27.1 (Yoast SEO v27.2) - https:\/\/yoast.com\/product\/yoast-seo-premium-wordpress\/ -->\n<title>Flight Case Brace CLB101 - https:\/\/sxflightcase.com \ud83d\udc97<\/title>\n<meta name=\"description\" content=\"Flight case brace, factory direct! High-quality, durable braces designed to reinforce and secure flight case panels and corners. Perfect for ensuring stability and long-lasting protection.\" \/>\n<meta name=\"robots\" content=\"index, follow, max-snippet:-1, max-image-preview:large, max-video-preview:-1\" \/>\n<link rel=\"canonical\" href=\"https:\/\/sxflightcase.com\/pt\/produto\/suporte-da-mala-de-voo-clb101\/\" \/>\n<meta property=\"og:locale\" content=\"pt_PT\" \/>\n<meta property=\"og:type\" content=\"article\" \/>\n<meta property=\"og:title\" content=\"Flight Case Brace CLB101\" \/>\n<meta property=\"og:description\" content=\"Flight case brace, factory direct! High-quality, durable braces designed to reinforce and secure flight case panels and corners. Perfect for ensuring stability and long-lasting protection.\" \/>\n<meta property=\"og:url\" content=\"https:\/\/sxflightcase.com\/pt\/produto\/suporte-da-mala-de-voo-clb101\/\" \/>\n<meta property=\"og:site_name\" content=\"https:\/\/sxflightcase.com\" \/>\n<meta property=\"article:publisher\" content=\"https:\/\/www.facebook.com\/profile.php?id=61560407257971\" \/>\n<meta property=\"article:modified_time\" content=\"2024-08-27T02:54:32+00:00\" \/>\n<meta property=\"og:image\" content=\"https:\/\/sxflightcase.com\/wp-content\/uploads\/2024\/08\/CLB101.jpg\" \/>\n\t<meta property=\"og:image:width\" content=\"520\" \/>\n\t<meta property=\"og:image:height\" content=\"520\" \/>\n\t<meta property=\"og:image:type\" content=\"image\/jpeg\" \/>\n<meta name=\"twitter:card\" content=\"summary_large_image\" \/>\n<meta name=\"twitter:label1\" content=\"Tempo estimado de leitura\" \/>\n\t<meta name=\"twitter:data1\" content=\"3 minutos\" \/>\n<script type=\"application\/ld+json\" class=\"yoast-schema-graph\">{\"@context\":\"https:\/\/schema.org\",\"@graph\":[{\"@type\":\"WebPage\",\"@id\":\"https:\/\/sxflightcase.com\/product\/flight-case-brace-clb101\/\",\"url\":\"https:\/\/sxflightcase.com\/product\/flight-case-brace-clb101\/\",\"name\":\"Flight Case Brace CLB101 - https:\/\/sxflightcase.com \ud83d\udc97\",\"isPartOf\":{\"@id\":\"https:\/\/sxflightcase.com\/th\/#website\"},\"primaryImageOfPage\":{\"@id\":\"https:\/\/sxflightcase.com\/product\/flight-case-brace-clb101\/#primaryimage\"},\"image\":{\"@id\":\"https:\/\/sxflightcase.com\/product\/flight-case-brace-clb101\/#primaryimage\"},\"thumbnailUrl\":\"https:\/\/sxflightcase.com\/wp-content\/uploads\/2024\/08\/CLB101.jpg\",\"datePublished\":\"2024-08-27T02:54:31+00:00\",\"dateModified\":\"2024-08-27T02:54:32+00:00\",\"description\":\"Flight case brace, factory direct! High-quality, durable braces designed to reinforce and secure flight case panels and corners. Perfect for ensuring stability and long-lasting protection.\",\"breadcrumb\":{\"@id\":\"https:\/\/sxflightcase.com\/product\/flight-case-brace-clb101\/#breadcrumb\"},\"inLanguage\":\"pt-PT\",\"potentialAction\":[{\"@type\":\"ReadAction\",\"target\":[\"https:\/\/sxflightcase.com\/product\/flight-case-brace-clb101\/\"]}]},{\"@type\":\"ImageObject\",\"inLanguage\":\"pt-PT\",\"@id\":\"https:\/\/sxflightcase.com\/product\/flight-case-brace-clb101\/#primaryimage\",\"url\":\"https:\/\/sxflightcase.com\/wp-content\/uploads\/2024\/08\/CLB101.jpg\",\"contentUrl\":\"https:\/\/sxflightcase.com\/wp-content\/uploads\/2024\/08\/CLB101.jpg\",\"width\":520,\"height\":520,\"caption\":\"Flight Case Brace\"},{\"@type\":\"BreadcrumbList\",\"@id\":\"https:\/\/sxflightcase.com\/product\/flight-case-brace-clb101\/#breadcrumb\",\"itemListElement\":[{\"@type\":\"ListItem\",\"position\":1,\"name\":\"Home\",\"item\":\"https:\/\/sxflightcase.com\/\"},{\"@type\":\"ListItem\",\"position\":2,\"name\":\"\u0e2a\u0e34\u0e19\u0e04\u0e49\u0e32\",\"item\":\"https:\/\/sxflightcase.com\/th\/shop\/\"},{\"@type\":\"ListItem\",\"position\":3,\"name\":\"Flight Case Brace CLB101\"}]},{\"@type\":\"WebSite\",\"@id\":\"https:\/\/sxflightcase.com\/th\/#website\",\"url\":\"https:\/\/sxflightcase.com\/th\/\",\"name\":\"sxpowercase.com\",\"description\":\"Flight Case Factory\",\"publisher\":{\"@id\":\"https:\/\/sxflightcase.com\/th\/#organization\"},\"potentialAction\":[{\"@type\":\"SearchAction\",\"target\":{\"@type\":\"EntryPoint\",\"urlTemplate\":\"https:\/\/sxflightcase.com\/th\/?s={search_term_string}\"},\"query-input\":{\"@type\":\"PropertyValueSpecification\",\"valueRequired\":true,\"valueName\":\"search_term_string\"}}],\"inLanguage\":\"pt-PT\"},{\"@type\":\"Organization\",\"@id\":\"https:\/\/sxflightcase.com\/th\/#organization\",\"name\":\"sxpowercase.com\",\"url\":\"https:\/\/sxflightcase.com\/th\/\",\"logo\":{\"@type\":\"ImageObject\",\"inLanguage\":\"pt-PT\",\"@id\":\"https:\/\/sxflightcase.com\/th\/#\/schema\/logo\/image\/\",\"url\":\"https:\/\/sxflightcase.com\/wp-content\/uploads\/2024\/04\/1713919036007.jpg\",\"contentUrl\":\"https:\/\/sxflightcase.com\/wp-content\/uploads\/2024\/04\/1713919036007.jpg\",\"width\":382,\"height\":388,\"caption\":\"sxpowercase.com\"},\"image\":{\"@id\":\"https:\/\/sxflightcase.com\/th\/#\/schema\/logo\/image\/\"},\"sameAs\":[\"https:\/\/www.facebook.com\/profile.php?id=61560407257971\"],\"numberOfEmployees\":{\"@type\":\"QuantitativeValue\",\"minValue\":\"11\",\"maxValue\":\"50\"}}]}<\/script>\n<!-- \/ Yoast SEO Premium plugin. -->","yoast_head_json":{"title":"Flight Case Brace CLB101 - https:\/\/sxflightcase.com \ud83d\udc97","description":"Suporte de mala de viagem, direto da f\u00e1brica! Bra\u00e7adeiras de alta qualidade e duradouras, concebidas para refor\u00e7ar e fixar os pain\u00e9is e os cantos das malas de viagem. Perfeitas para garantir estabilidade e prote\u00e7\u00e3o duradoura.","robots":{"index":"index","follow":"follow","max-snippet":"max-snippet:-1","max-image-preview":"max-image-preview:large","max-video-preview":"max-video-preview:-1"},"canonical":"https:\/\/sxflightcase.com\/pt\/produto\/suporte-da-mala-de-voo-clb101\/","og_locale":"pt_PT","og_type":"article","og_title":"Flight Case Brace CLB101","og_description":"Flight case brace, factory direct! High-quality, durable braces designed to reinforce and secure flight case panels and corners. Perfect for ensuring stability and long-lasting protection.","og_url":"https:\/\/sxflightcase.com\/pt\/produto\/suporte-da-mala-de-voo-clb101\/","og_site_name":"https:\/\/sxflightcase.com","article_publisher":"https:\/\/www.facebook.com\/profile.php?id=61560407257971","article_modified_time":"2024-08-27T02:54:32+00:00","og_image":[{"width":520,"height":520,"url":"https:\/\/sxflightcase.com\/wp-content\/uploads\/2024\/08\/CLB101.jpg","type":"image\/jpeg"}],"twitter_card":"summary_large_image","twitter_misc":{"Tempo estimado de leitura":"3 minutos"},"schema":{"@context":"https:\/\/schema.org","@graph":[{"@type":"WebPage","@id":"https:\/\/sxflightcase.com\/product\/flight-case-brace-clb101\/","url":"https:\/\/sxflightcase.com\/product\/flight-case-brace-clb101\/","name":"Flight Case Brace CLB101 - https:\/\/sxflightcase.com \ud83d\udc97","isPartOf":{"@id":"https:\/\/sxflightcase.com\/th\/#website"},"primaryImageOfPage":{"@id":"https:\/\/sxflightcase.com\/product\/flight-case-brace-clb101\/#primaryimage"},"image":{"@id":"https:\/\/sxflightcase.com\/product\/flight-case-brace-clb101\/#primaryimage"},"thumbnailUrl":"https:\/\/sxflightcase.com\/wp-content\/uploads\/2024\/08\/CLB101.jpg","datePublished":"2024-08-27T02:54:31+00:00","dateModified":"2024-08-27T02:54:32+00:00","description":"Suporte de mala de viagem, direto da f\u00e1brica! Bra\u00e7adeiras de alta qualidade e duradouras, concebidas para refor\u00e7ar e fixar os pain\u00e9is e os cantos das malas de viagem. Perfeitas para garantir estabilidade e prote\u00e7\u00e3o duradoura.","breadcrumb":{"@id":"https:\/\/sxflightcase.com\/product\/flight-case-brace-clb101\/#breadcrumb"},"inLanguage":"pt-PT","potentialAction":[{"@type":"ReadAction","target":["https:\/\/sxflightcase.com\/product\/flight-case-brace-clb101\/"]}]},{"@type":"ImageObject","inLanguage":"pt-PT","@id":"https:\/\/sxflightcase.com\/product\/flight-case-brace-clb101\/#primaryimage","url":"https:\/\/sxflightcase.com\/wp-content\/uploads\/2024\/08\/CLB101.jpg","contentUrl":"https:\/\/sxflightcase.com\/wp-content\/uploads\/2024\/08\/CLB101.jpg","width":520,"height":520,"caption":"Flight Case Brace"},{"@type":"BreadcrumbList","@id":"https:\/\/sxflightcase.com\/product\/flight-case-brace-clb101\/#breadcrumb","itemListElement":[{"@type":"ListItem","position":1,"name":"Home","item":"https:\/\/sxflightcase.com\/"},{"@type":"ListItem","position":2,"name":"\u0e2a\u0e34\u0e19\u0e04\u0e49\u0e32","item":"https:\/\/sxflightcase.com\/th\/shop\/"},{"@type":"ListItem","position":3,"name":"Flight Case Brace CLB101"}]},{"@type":"WebSite","@id":"https:\/\/sxflightcase.com\/th\/#website","url":"https:\/\/sxflightcase.com\/th\/","name":"sxpowercase.com","description":"F\u00e1brica de malas de voo","publisher":{"@id":"https:\/\/sxflightcase.com\/th\/#organization"},"potentialAction":[{"@type":"SearchAction","target":{"@type":"EntryPoint","urlTemplate":"https:\/\/sxflightcase.com\/th\/?s={search_term_string}"},"query-input":{"@type":"PropertyValueSpecification","valueRequired":true,"valueName":"search_term_string"}}],"inLanguage":"pt-PT"},{"@type":"Organization","@id":"https:\/\/sxflightcase.com\/th\/#organization","name":"sxpowercase.com","url":"https:\/\/sxflightcase.com\/th\/","logo":{"@type":"ImageObject","inLanguage":"pt-PT","@id":"https:\/\/sxflightcase.com\/th\/#\/schema\/logo\/image\/","url":"https:\/\/sxflightcase.com\/wp-content\/uploads\/2024\/04\/1713919036007.jpg","contentUrl":"https:\/\/sxflightcase.com\/wp-content\/uploads\/2024\/04\/1713919036007.jpg","width":382,"height":388,"caption":"sxpowercase.com"},"image":{"@id":"https:\/\/sxflightcase.com\/th\/#\/schema\/logo\/image\/"},"sameAs":["https:\/\/www.facebook.com\/profile.php?id=61560407257971"],"numberOfEmployees":{"@type":"QuantitativeValue","minValue":"11","maxValue":"50"}}]}},"_links":{"self":[{"href":"https:\/\/sxflightcase.com\/pt\/wp-json\/wp\/v2\/product\/4226","targetHints":{"allow":["GET"]}}],"collection":[{"href":"https:\/\/sxflightcase.com\/pt\/wp-json\/wp\/v2\/product"}],"about":[{"href":"https:\/\/sxflightcase.com\/pt\/wp-json\/wp\/v2\/types\/product"}],"replies":[{"embeddable":true,"href":"https:\/\/sxflightcase.com\/pt\/wp-json\/wp\/v2\/comments?post=4226"}],"version-history":[{"count":0,"href":"https:\/\/sxflightcase.com\/pt\/wp-json\/wp\/v2\/product\/4226\/revisions"}],"wp:featuredmedia":[{"embeddable":true,"href":"https:\/\/sxflightcase.com\/pt\/wp-json\/wp\/v2\/media\/4190"}],"wp:attachment":[{"href":"https:\/\/sxflightcase.com\/pt\/wp-json\/wp\/v2\/media?parent=4226"}],"wp:term":[{"taxonomy":"product_brand","embeddable":true,"href":"https:\/\/sxflightcase.com\/pt\/wp-json\/wp\/v2\/product_brand?post=4226"},{"taxonomy":"product_cat","embeddable":true,"href":"https:\/\/sxflightcase.com\/pt\/wp-json\/wp\/v2\/product_cat?post=4226"},{"taxonomy":"product_tag","embeddable":true,"href":"https:\/\/sxflightcase.com\/pt\/wp-json\/wp\/v2\/product_tag?post=4226"}],"curies":[{"name":"wp","href":"https:\/\/api.w.org\/{rel}","templated":true}]}}